{"id":16220,"date":"2025-01-10T09:47:29","date_gmt":"2025-01-10T09:47:29","guid":{"rendered":"https:\/\/anivet.lt\/elparduotuve\/?post_type=product&#038;p=16220"},"modified":"2026-04-09T15:46:54","modified_gmt":"2026-04-09T15:46:54","slug":"wepharm-webiotic-zarnyno-veiklai-30tab","status":"publish","type":"product","link":"https:\/\/anivet.lt\/elparduotuve\/produktas\/wepharm-webiotic-zarnyno-veiklai-30tab\/","title":{"rendered":"Wepharm WeBiotic \u017earnyno veiklai 30tab."},"content":{"rendered":"<p><span style=\"font-weight: 400;\">Tablet\u0117s yra pa\u0161aro papildas, skirtas palaikyti normali\u0105 vir\u0161kinimo funkcij\u0105 \u0161unims ir kat\u0117ms. Sud\u0117tyje esantys probiotikai, prebiotikai ir vitaminai padeda subalansuoti \u017earnyno mikroflor\u0105, pagerina vir\u0161kinim\u0105 ir palaiko bendr\u0105 augintinio sveikat\u0105.<\/span><\/p>\n<ul>\n<li style=\"font-weight: 400;\" aria-level=\"1\"><span style=\"font-weight: 400;\">\u017darnyno mikrofloros stabilizavimas: Enterococcus faecium probiotikai palaiko ger\u0173j\u0173 bakterij\u0173 balans\u0105, ma\u017eindami vir\u0161kinimo sutrikimus.<\/span><\/li>\n<li style=\"font-weight: 400;\" aria-level=\"1\"><span style=\"font-weight: 400;\">Prebiotikai: Fruktooligosacharidai (FOS) skatina nauding\u0173 bakterij\u0173 augim\u0105, prisideda prie sveiko \u017earnyno veiklos.<\/span><\/li>\n<li style=\"font-weight: 400;\" aria-level=\"1\"><span style=\"font-weight: 400;\">Vitamin\u0173 kompleksas: Vitaminai B1, B2 ir B6 gerina med\u017eiag\u0173 apykait\u0105 ir palaiko nerv\u0173 bei vir\u0161kinimo sistem\u0173 sveikat\u0105.<\/span><\/li>\n<li style=\"font-weight: 400;\" aria-level=\"1\"><span style=\"font-weight: 400;\">Detoksikacija: Bentonitas padeda suri\u0161ti ir pa\u0161alinti toksinus i\u0161 \u017earnyno, palaikydamas jo \u0161var\u0105.<\/span><\/li>\n<li style=\"font-weight: 400;\" aria-level=\"1\"><span style=\"font-weight: 400;\">Paprastas naudojimas: Tablet\u0117s yra lengvai dozuojamos ir tinkamos kasdieniam vartojimui.<\/span><\/li>\n<\/ul>\n<p><span style=\"font-weight: 400;\">Patikimas sprendimas \u0161unims ir kat\u0117ms, turintiems \u017earnyno problem\u0173 ar siekiant u\u017etikrinti sveik\u0105 vir\u0161kinimo funkcij\u0105. \u0160is papildas padeda palaikyti augintinio gerov\u0119 ir u\u017ekirsti keli\u0105 vir\u0161kinimo sutrikimams.<\/span><\/p>\n","protected":false},"excerpt":{"rendered":"<p>Tablet\u0117s yra pa\u0161aro papildas, skirtas palaikyti normali\u0105 vir\u0161kinimo funkcij\u0105 \u0161unims ir kat\u0117ms. Sud\u0117tyje esantys probiotikai, prebiotikai ir vitaminai padeda subalansuoti<\/p>\n","protected":false},"featured_media":16221,"template":"","meta":[],"product_brand":[],"product_cat":[101,102,113,124],"product_tag":[],"class_list":{"0":"post-16220","1":"product","2":"type-product","3":"status-publish","4":"has-post-thumbnail","6":"product_cat-sunims","7":"product_cat-katems","8":"product_cat-vitaminai-ir-papildai","9":"product_cat-vitaminai-ir-papildai-katems","10":"pa_prekinis-zenklas-wepharm","12":"first","13":"instock","14":"taxable","15":"shipping-taxable","16":"purchasable","17":"product-type-simple"},"yoast_head":"<!-- This site is optimized with the Yoast SEO Premium plugin v27.1 (Yoast SEO v27.3) - https:\/\/yoast.com\/product\/yoast-seo-premium-wordpress\/ -->\n<title>Wepharm WeBiotic \u017earnyno veiklai 30tab. - anivet.lt<\/title>\n<meta name=\"description\" content=\"Tablet\u0117s yra pa\u0161aro papildas, skirtas palaikyti normali\u0105 vir\u0161kinimo funkcij\u0105 \u0161unims ir kat\u0117ms. Sud\u0117tyje esantys probiotikai, prebiotikai ir vitaminai\" \/>\n<meta name=\"robots\" content=\"index, follow, max-snippet:-1, max-image-preview:large, max-video-preview:-1\" \/>\n<link rel=\"canonical\" href=\"https:\/\/anivet.lt\/elparduotuve\/produktas\/wepharm-webiotic-zarnyno-veiklai-30tab\/\" \/>\n<meta property=\"og:locale\" content=\"lt_LT\" \/>\n<meta property=\"og:type\" content=\"article\" \/>\n<meta property=\"og:title\" content=\"Wepharm WeBiotic \u017earnyno veiklai 30tab.\" \/>\n<meta property=\"og:description\" content=\"Tablet\u0117s yra pa\u0161aro papildas, skirtas palaikyti normali\u0105 vir\u0161kinimo funkcij\u0105 \u0161unims ir kat\u0117ms. Sud\u0117tyje esantys probiotikai, prebiotikai ir vitaminai\" \/>\n<meta property=\"og:url\" content=\"https:\/\/anivet.lt\/elparduotuve\/produktas\/wepharm-webiotic-zarnyno-veiklai-30tab\/\" \/>\n<meta property=\"og:site_name\" content=\"anivet.lt\" \/>\n<meta property=\"article:modified_time\" content=\"2026-04-09T15:46:54+00:00\" \/>\n<meta property=\"og:image\" content=\"https:\/\/anivet.lt\/elparduotuve\/wp-content\/uploads\/2025\/01\/49.-Wepharm-WeBiotic-zarnyno-veiklai-30-tab.jpeg\" \/>\n\t<meta property=\"og:image:width\" content=\"950\" \/>\n\t<meta property=\"og:image:height\" content=\"870\" \/>\n\t<meta property=\"og:image:type\" content=\"image\/jpeg\" \/>\n<meta name=\"twitter:card\" content=\"summary_large_image\" \/>\n<meta name=\"twitter:label1\" content=\"Est. reading time\" \/>\n\t<meta name=\"twitter:data1\" content=\"1 minut\u0117\" \/>\n<script type=\"application\/ld+json\" class=\"yoast-schema-graph\">{\"@context\":\"https:\\\/\\\/schema.org\",\"@graph\":[{\"@type\":\"WebPage\",\"@id\":\"https:\\\/\\\/anivet.lt\\\/elparduotuve\\\/produktas\\\/wepharm-webiotic-zarnyno-veiklai-30tab\\\/\",\"url\":\"https:\\\/\\\/anivet.lt\\\/elparduotuve\\\/produktas\\\/wepharm-webiotic-zarnyno-veiklai-30tab\\\/\",\"name\":\"Wepharm WeBiotic \u017earnyno veiklai 30tab. - anivet.lt\",\"isPartOf\":{\"@id\":\"https:\\\/\\\/anivet.lt\\\/elparduotuve\\\/#website\"},\"primaryImageOfPage\":{\"@id\":\"https:\\\/\\\/anivet.lt\\\/elparduotuve\\\/produktas\\\/wepharm-webiotic-zarnyno-veiklai-30tab\\\/#primaryimage\"},\"image\":{\"@id\":\"https:\\\/\\\/anivet.lt\\\/elparduotuve\\\/produktas\\\/wepharm-webiotic-zarnyno-veiklai-30tab\\\/#primaryimage\"},\"thumbnailUrl\":\"https:\\\/\\\/anivet.lt\\\/elparduotuve\\\/wp-content\\\/uploads\\\/2025\\\/01\\\/49.-Wepharm-WeBiotic-zarnyno-veiklai-30-tab.jpeg\",\"datePublished\":\"2025-01-10T09:47:29+00:00\",\"dateModified\":\"2026-04-09T15:46:54+00:00\",\"description\":\"Tablet\u0117s yra pa\u0161aro papildas, skirtas palaikyti normali\u0105 vir\u0161kinimo funkcij\u0105 \u0161unims ir kat\u0117ms. Sud\u0117tyje esantys probiotikai, prebiotikai ir vitaminai\",\"breadcrumb\":{\"@id\":\"https:\\\/\\\/anivet.lt\\\/elparduotuve\\\/produktas\\\/wepharm-webiotic-zarnyno-veiklai-30tab\\\/#breadcrumb\"},\"inLanguage\":\"lt-LT\",\"potentialAction\":[{\"@type\":\"ReadAction\",\"target\":[\"https:\\\/\\\/anivet.lt\\\/elparduotuve\\\/produktas\\\/wepharm-webiotic-zarnyno-veiklai-30tab\\\/\"]}]},{\"@type\":\"ImageObject\",\"inLanguage\":\"lt-LT\",\"@id\":\"https:\\\/\\\/anivet.lt\\\/elparduotuve\\\/produktas\\\/wepharm-webiotic-zarnyno-veiklai-30tab\\\/#primaryimage\",\"url\":\"https:\\\/\\\/anivet.lt\\\/elparduotuve\\\/wp-content\\\/uploads\\\/2025\\\/01\\\/49.-Wepharm-WeBiotic-zarnyno-veiklai-30-tab.jpeg\",\"contentUrl\":\"https:\\\/\\\/anivet.lt\\\/elparduotuve\\\/wp-content\\\/uploads\\\/2025\\\/01\\\/49.-Wepharm-WeBiotic-zarnyno-veiklai-30-tab.jpeg\",\"width\":950,\"height\":870,\"caption\":\"Wepharm WeBiotic \u017earnyno veiklai 30tab.\"},{\"@type\":\"BreadcrumbList\",\"@id\":\"https:\\\/\\\/anivet.lt\\\/elparduotuve\\\/produktas\\\/wepharm-webiotic-zarnyno-veiklai-30tab\\\/#breadcrumb\",\"itemListElement\":[{\"@type\":\"ListItem\",\"position\":1,\"name\":\"Home\",\"item\":\"https:\\\/\\\/anivet.lt\\\/elparduotuve\\\/\"},{\"@type\":\"ListItem\",\"position\":2,\"name\":\"Produktai\",\"item\":\"https:\\\/\\\/anivet.lt\\\/elparduotuve\\\/produktai\\\/\"},{\"@type\":\"ListItem\",\"position\":3,\"name\":\"Wepharm WeBiotic \u017earnyno veiklai 30tab.\"}]},{\"@type\":\"WebSite\",\"@id\":\"https:\\\/\\\/anivet.lt\\\/elparduotuve\\\/#website\",\"url\":\"https:\\\/\\\/anivet.lt\\\/elparduotuve\\\/\",\"name\":\"anivet.lt\",\"description\":\"Viskas J\u016bs\u0173 \u0161uns, kat\u0117s prie\u017ei\u016brai\",\"publisher\":{\"@id\":\"https:\\\/\\\/anivet.lt\\\/elparduotuve\\\/#organization\"},\"alternateName\":\"Viskas J\u016bs\u0173 \u0161uns, kat\u0117s prie\u017ei\u016brai\",\"potentialAction\":[{\"@type\":\"SearchAction\",\"target\":{\"@type\":\"EntryPoint\",\"urlTemplate\":\"https:\\\/\\\/anivet.lt\\\/elparduotuve\\\/?s={search_term_string}\"},\"query-input\":{\"@type\":\"PropertyValueSpecification\",\"valueRequired\":true,\"valueName\":\"search_term_string\"}}],\"inLanguage\":\"lt-LT\"},{\"@type\":\"Organization\",\"@id\":\"https:\\\/\\\/anivet.lt\\\/elparduotuve\\\/#organization\",\"name\":\"Viskas J\u016bs\u0173 \u0161uns, kat\u0117s prie\u017ei\u016brai\",\"url\":\"https:\\\/\\\/anivet.lt\\\/elparduotuve\\\/\",\"logo\":{\"@type\":\"ImageObject\",\"inLanguage\":\"lt-LT\",\"@id\":\"https:\\\/\\\/anivet.lt\\\/elparduotuve\\\/#\\\/schema\\\/logo\\\/image\\\/\",\"url\":\"https:\\\/\\\/anivet.lt\\\/elparduotuve\\\/wp-content\\\/uploads\\\/2023\\\/06\\\/logo2.jpg\",\"contentUrl\":\"https:\\\/\\\/anivet.lt\\\/elparduotuve\\\/wp-content\\\/uploads\\\/2023\\\/06\\\/logo2.jpg\",\"width\":655,\"height\":194,\"caption\":\"Viskas J\u016bs\u0173 \u0161uns, kat\u0117s prie\u017ei\u016brai\"},\"image\":{\"@id\":\"https:\\\/\\\/anivet.lt\\\/elparduotuve\\\/#\\\/schema\\\/logo\\\/image\\\/\"}}]}<\/script>\n<!-- \/ Yoast SEO Premium plugin. -->","yoast_head_json":{"title":"Wepharm WeBiotic \u017earnyno veiklai 30tab. - anivet.lt","description":"Tablet\u0117s yra pa\u0161aro papildas, skirtas palaikyti normali\u0105 vir\u0161kinimo funkcij\u0105 \u0161unims ir kat\u0117ms. Sud\u0117tyje esantys probiotikai, prebiotikai ir vitaminai","robots":{"index":"index","follow":"follow","max-snippet":"max-snippet:-1","max-image-preview":"max-image-preview:large","max-video-preview":"max-video-preview:-1"},"canonical":"https:\/\/anivet.lt\/elparduotuve\/produktas\/wepharm-webiotic-zarnyno-veiklai-30tab\/","og_locale":"lt_LT","og_type":"article","og_title":"Wepharm WeBiotic \u017earnyno veiklai 30tab.","og_description":"Tablet\u0117s yra pa\u0161aro papildas, skirtas palaikyti normali\u0105 vir\u0161kinimo funkcij\u0105 \u0161unims ir kat\u0117ms. Sud\u0117tyje esantys probiotikai, prebiotikai ir vitaminai","og_url":"https:\/\/anivet.lt\/elparduotuve\/produktas\/wepharm-webiotic-zarnyno-veiklai-30tab\/","og_site_name":"anivet.lt","article_modified_time":"2026-04-09T15:46:54+00:00","og_image":[{"width":950,"height":870,"url":"https:\/\/anivet.lt\/elparduotuve\/wp-content\/uploads\/2025\/01\/49.-Wepharm-WeBiotic-zarnyno-veiklai-30-tab.jpeg","type":"image\/jpeg"}],"twitter_card":"summary_large_image","twitter_misc":{"Est. reading time":"1 minut\u0117"},"schema":{"@context":"https:\/\/schema.org","@graph":[{"@type":"WebPage","@id":"https:\/\/anivet.lt\/elparduotuve\/produktas\/wepharm-webiotic-zarnyno-veiklai-30tab\/","url":"https:\/\/anivet.lt\/elparduotuve\/produktas\/wepharm-webiotic-zarnyno-veiklai-30tab\/","name":"Wepharm WeBiotic \u017earnyno veiklai 30tab. - anivet.lt","isPartOf":{"@id":"https:\/\/anivet.lt\/elparduotuve\/#website"},"primaryImageOfPage":{"@id":"https:\/\/anivet.lt\/elparduotuve\/produktas\/wepharm-webiotic-zarnyno-veiklai-30tab\/#primaryimage"},"image":{"@id":"https:\/\/anivet.lt\/elparduotuve\/produktas\/wepharm-webiotic-zarnyno-veiklai-30tab\/#primaryimage"},"thumbnailUrl":"https:\/\/anivet.lt\/elparduotuve\/wp-content\/uploads\/2025\/01\/49.-Wepharm-WeBiotic-zarnyno-veiklai-30-tab.jpeg","datePublished":"2025-01-10T09:47:29+00:00","dateModified":"2026-04-09T15:46:54+00:00","description":"Tablet\u0117s yra pa\u0161aro papildas, skirtas palaikyti normali\u0105 vir\u0161kinimo funkcij\u0105 \u0161unims ir kat\u0117ms. Sud\u0117tyje esantys probiotikai, prebiotikai ir vitaminai","breadcrumb":{"@id":"https:\/\/anivet.lt\/elparduotuve\/produktas\/wepharm-webiotic-zarnyno-veiklai-30tab\/#breadcrumb"},"inLanguage":"lt-LT","potentialAction":[{"@type":"ReadAction","target":["https:\/\/anivet.lt\/elparduotuve\/produktas\/wepharm-webiotic-zarnyno-veiklai-30tab\/"]}]},{"@type":"ImageObject","inLanguage":"lt-LT","@id":"https:\/\/anivet.lt\/elparduotuve\/produktas\/wepharm-webiotic-zarnyno-veiklai-30tab\/#primaryimage","url":"https:\/\/anivet.lt\/elparduotuve\/wp-content\/uploads\/2025\/01\/49.-Wepharm-WeBiotic-zarnyno-veiklai-30-tab.jpeg","contentUrl":"https:\/\/anivet.lt\/elparduotuve\/wp-content\/uploads\/2025\/01\/49.-Wepharm-WeBiotic-zarnyno-veiklai-30-tab.jpeg","width":950,"height":870,"caption":"Wepharm WeBiotic \u017earnyno veiklai 30tab."},{"@type":"BreadcrumbList","@id":"https:\/\/anivet.lt\/elparduotuve\/produktas\/wepharm-webiotic-zarnyno-veiklai-30tab\/#breadcrumb","itemListElement":[{"@type":"ListItem","position":1,"name":"Home","item":"https:\/\/anivet.lt\/elparduotuve\/"},{"@type":"ListItem","position":2,"name":"Produktai","item":"https:\/\/anivet.lt\/elparduotuve\/produktai\/"},{"@type":"ListItem","position":3,"name":"Wepharm WeBiotic \u017earnyno veiklai 30tab."}]},{"@type":"WebSite","@id":"https:\/\/anivet.lt\/elparduotuve\/#website","url":"https:\/\/anivet.lt\/elparduotuve\/","name":"anivet.lt","description":"Viskas J\u016bs\u0173 \u0161uns, kat\u0117s prie\u017ei\u016brai","publisher":{"@id":"https:\/\/anivet.lt\/elparduotuve\/#organization"},"alternateName":"Viskas J\u016bs\u0173 \u0161uns, kat\u0117s prie\u017ei\u016brai","potentialAction":[{"@type":"SearchAction","target":{"@type":"EntryPoint","urlTemplate":"https:\/\/anivet.lt\/elparduotuve\/?s={search_term_string}"},"query-input":{"@type":"PropertyValueSpecification","valueRequired":true,"valueName":"search_term_string"}}],"inLanguage":"lt-LT"},{"@type":"Organization","@id":"https:\/\/anivet.lt\/elparduotuve\/#organization","name":"Viskas J\u016bs\u0173 \u0161uns, kat\u0117s prie\u017ei\u016brai","url":"https:\/\/anivet.lt\/elparduotuve\/","logo":{"@type":"ImageObject","inLanguage":"lt-LT","@id":"https:\/\/anivet.lt\/elparduotuve\/#\/schema\/logo\/image\/","url":"https:\/\/anivet.lt\/elparduotuve\/wp-content\/uploads\/2023\/06\/logo2.jpg","contentUrl":"https:\/\/anivet.lt\/elparduotuve\/wp-content\/uploads\/2023\/06\/logo2.jpg","width":655,"height":194,"caption":"Viskas J\u016bs\u0173 \u0161uns, kat\u0117s prie\u017ei\u016brai"},"image":{"@id":"https:\/\/anivet.lt\/elparduotuve\/#\/schema\/logo\/image\/"}}]}},"_links":{"self":[{"href":"https:\/\/anivet.lt\/elparduotuve\/wp-json\/wp\/v2\/product\/16220","targetHints":{"allow":["GET"]}}],"collection":[{"href":"https:\/\/anivet.lt\/elparduotuve\/wp-json\/wp\/v2\/product"}],"about":[{"href":"https:\/\/anivet.lt\/elparduotuve\/wp-json\/wp\/v2\/types\/product"}],"wp:featuredmedia":[{"embeddable":true,"href":"https:\/\/anivet.lt\/elparduotuve\/wp-json\/wp\/v2\/media\/16221"}],"wp:attachment":[{"href":"https:\/\/anivet.lt\/elparduotuve\/wp-json\/wp\/v2\/media?parent=16220"}],"wp:term":[{"taxonomy":"product_brand","embeddable":true,"href":"https:\/\/anivet.lt\/elparduotuve\/wp-json\/wp\/v2\/product_brand?post=16220"},{"taxonomy":"product_cat","embeddable":true,"href":"https:\/\/anivet.lt\/elparduotuve\/wp-json\/wp\/v2\/product_cat?post=16220"},{"taxonomy":"product_tag","embeddable":true,"href":"https:\/\/anivet.lt\/elparduotuve\/wp-json\/wp\/v2\/product_tag?post=16220"}],"curies":[{"name":"wp","href":"https:\/\/api.w.org\/{rel}","templated":true}]}}