{"id":16249,"date":"2025-01-10T11:08:24","date_gmt":"2025-01-10T11:08:24","guid":{"rendered":"https:\/\/anivet.lt\/elparduotuve\/?post_type=product&#038;p=16249"},"modified":"2025-05-27T13:35:15","modified_gmt":"2025-05-27T13:35:15","slug":"wepharm-wevit-tasty-imunitetui-100gr","status":"publish","type":"product","link":"https:\/\/anivet.lt\/elparduotuve\/produktas\/wepharm-wevit-tasty-imunitetui-100gr\/","title":{"rendered":"Wepharm WeVit Tasty imunitetui 100gr."},"content":{"rendered":"<p><span style=\"font-weight: 400;\">Didelio kaloringumo pa\u0161aro papildas, skirtas stiprinti imunin\u0119 sistem\u0105 ir papildyti organizm\u0105 b\u016btinomis maistin\u0117mis med\u017eiagomis. \u0160i skani pasta tinka augintiniams, kurie ne\u0117da pakankamai, sveiksta po ligos ar operacijos, arba kai reikia skatinti apetit\u0105 ir svorio augim\u0105.<\/span><\/p>\n<ul>\n<li style=\"font-weight: 400;\" aria-level=\"1\"><span style=\"font-weight: 400;\">Maistini\u0173 med\u017eiag\u0173 balansas: Auk\u0161tos kokyb\u0117s vitamin\u0173 ir mineral\u0173 kompleksas apr\u016bpina organizm\u0105 reikalingais elementais, u\u017etikrinan\u010diais gyv\u016bno sveikat\u0105.<\/span><\/li>\n<li style=\"font-weight: 400;\" aria-level=\"1\"><span style=\"font-weight: 400;\">Energijos \u0161altinis: Didelis riebal\u0173 kiekis suteikia energijos augintiniams, kuriems reikia papildomos paramos.<\/span><\/li>\n<li style=\"font-weight: 400;\" aria-level=\"1\"><span style=\"font-weight: 400;\">Imuniteto stiprinimas: Vitaminai A, C, D3 ir E kartu su cinku ir seleno mikroelementais skatina imunin\u0117s sistemos veikl\u0105.<\/span><\/li>\n<li style=\"font-weight: 400;\" aria-level=\"1\"><span style=\"font-weight: 400;\">Pagerintas apetitas: Salyklo ekstraktas ir menki\u0173 kepen\u0117li\u0173 aliejus padeda skatinti apetit\u0105, prisideda prie svorio priaugimo.<\/span><\/li>\n<li style=\"font-weight: 400;\" aria-level=\"1\"><span style=\"font-weight: 400;\">Lengvas vartojimas: Skysta ir lengvai vir\u0161kinama pasta yra patogi naudoti ir priimtina daugumai gyv\u016bn\u0173.<\/span><\/li>\n<\/ul>\n<p><span style=\"font-weight: 400;\">Puikus sprendimas palaikyti j\u016bs\u0173 augintinio sveikat\u0105 sud\u0117tingesniais laikotarpiais. \u0160is papildas u\u017etikrina gyvybi\u0161kai svarbi\u0173 maistini\u0173 med\u017eiag\u0173 ir energijos tiekim\u0105, skatindamas gyv\u016bno atsigavim\u0105 ir bendr\u0105 gerov\u0119.<\/span><\/p>\n","protected":false},"excerpt":{"rendered":"<p>Didelio kaloringumo pa\u0161aro papildas, skirtas stiprinti imunin\u0119 sistem\u0105 ir papildyti organizm\u0105 b\u016btinomis maistin\u0117mis med\u017eiagomis. \u0160i skani pasta tinka augintiniams, kurie<\/p>\n","protected":false},"featured_media":16250,"template":"","meta":[],"product_brand":[],"product_cat":[101,102,113,124],"product_tag":[],"class_list":{"0":"post-16249","1":"product","2":"type-product","3":"status-publish","4":"has-post-thumbnail","6":"product_cat-sunims","7":"product_cat-katems","8":"product_cat-vitaminai-ir-papildai","9":"product_cat-vitaminai-ir-papildai-katems","10":"pa_prekinis-zenklas-wepharm","12":"first","13":"instock","14":"taxable","15":"shipping-taxable","16":"purchasable","17":"product-type-simple"},"yoast_head":"<!-- This site is optimized with the Yoast SEO Premium plugin v27.1 (Yoast SEO v27.3) - https:\/\/yoast.com\/product\/yoast-seo-premium-wordpress\/ -->\n<title>Wepharm WeVit Tasty imunitetui 100gr. - anivet.lt<\/title>\n<meta name=\"description\" content=\"Didelio kaloringumo pa\u0161aro papildas, skirtas stiprinti imunin\u0119 sistem\u0105 ir papildyti organizm\u0105 b\u016btinomis maistin\u0117mis med\u017eiagomis. \u0160i skani pasta tinka\" \/>\n<meta name=\"robots\" content=\"index, follow, max-snippet:-1, max-image-preview:large, max-video-preview:-1\" \/>\n<link rel=\"canonical\" href=\"https:\/\/anivet.lt\/elparduotuve\/produktas\/wepharm-wevit-tasty-imunitetui-100gr\/\" \/>\n<meta property=\"og:locale\" content=\"lt_LT\" \/>\n<meta property=\"og:type\" content=\"article\" \/>\n<meta property=\"og:title\" content=\"Wepharm WeVit Tasty imunitetui 100gr.\" \/>\n<meta property=\"og:description\" content=\"Didelio kaloringumo pa\u0161aro papildas, skirtas stiprinti imunin\u0119 sistem\u0105 ir papildyti organizm\u0105 b\u016btinomis maistin\u0117mis med\u017eiagomis. \u0160i skani pasta tinka\" \/>\n<meta property=\"og:url\" content=\"https:\/\/anivet.lt\/elparduotuve\/produktas\/wepharm-wevit-tasty-imunitetui-100gr\/\" \/>\n<meta property=\"og:site_name\" content=\"anivet.lt\" \/>\n<meta property=\"article:modified_time\" content=\"2025-05-27T13:35:15+00:00\" \/>\n<meta property=\"og:image\" content=\"https:\/\/anivet.lt\/elparduotuve\/wp-content\/uploads\/2025\/01\/61.-Wepharm-WeVit-Tasty-imunitetui-100gr.jpeg\" \/>\n\t<meta property=\"og:image:width\" content=\"950\" \/>\n\t<meta property=\"og:image:height\" content=\"870\" \/>\n\t<meta property=\"og:image:type\" content=\"image\/jpeg\" \/>\n<meta name=\"twitter:card\" content=\"summary_large_image\" \/>\n<meta name=\"twitter:label1\" content=\"Est. reading time\" \/>\n\t<meta name=\"twitter:data1\" content=\"1 minut\u0117\" \/>\n<script type=\"application\/ld+json\" class=\"yoast-schema-graph\">{\"@context\":\"https:\\\/\\\/schema.org\",\"@graph\":[{\"@type\":\"WebPage\",\"@id\":\"https:\\\/\\\/anivet.lt\\\/elparduotuve\\\/produktas\\\/wepharm-wevit-tasty-imunitetui-100gr\\\/\",\"url\":\"https:\\\/\\\/anivet.lt\\\/elparduotuve\\\/produktas\\\/wepharm-wevit-tasty-imunitetui-100gr\\\/\",\"name\":\"Wepharm WeVit Tasty imunitetui 100gr. - anivet.lt\",\"isPartOf\":{\"@id\":\"https:\\\/\\\/anivet.lt\\\/elparduotuve\\\/#website\"},\"primaryImageOfPage\":{\"@id\":\"https:\\\/\\\/anivet.lt\\\/elparduotuve\\\/produktas\\\/wepharm-wevit-tasty-imunitetui-100gr\\\/#primaryimage\"},\"image\":{\"@id\":\"https:\\\/\\\/anivet.lt\\\/elparduotuve\\\/produktas\\\/wepharm-wevit-tasty-imunitetui-100gr\\\/#primaryimage\"},\"thumbnailUrl\":\"https:\\\/\\\/anivet.lt\\\/elparduotuve\\\/wp-content\\\/uploads\\\/2025\\\/01\\\/61.-Wepharm-WeVit-Tasty-imunitetui-100gr.jpeg\",\"datePublished\":\"2025-01-10T11:08:24+00:00\",\"dateModified\":\"2025-05-27T13:35:15+00:00\",\"description\":\"Didelio kaloringumo pa\u0161aro papildas, skirtas stiprinti imunin\u0119 sistem\u0105 ir papildyti organizm\u0105 b\u016btinomis maistin\u0117mis med\u017eiagomis. \u0160i skani pasta tinka\",\"breadcrumb\":{\"@id\":\"https:\\\/\\\/anivet.lt\\\/elparduotuve\\\/produktas\\\/wepharm-wevit-tasty-imunitetui-100gr\\\/#breadcrumb\"},\"inLanguage\":\"lt-LT\",\"potentialAction\":[{\"@type\":\"ReadAction\",\"target\":[\"https:\\\/\\\/anivet.lt\\\/elparduotuve\\\/produktas\\\/wepharm-wevit-tasty-imunitetui-100gr\\\/\"]}]},{\"@type\":\"ImageObject\",\"inLanguage\":\"lt-LT\",\"@id\":\"https:\\\/\\\/anivet.lt\\\/elparduotuve\\\/produktas\\\/wepharm-wevit-tasty-imunitetui-100gr\\\/#primaryimage\",\"url\":\"https:\\\/\\\/anivet.lt\\\/elparduotuve\\\/wp-content\\\/uploads\\\/2025\\\/01\\\/61.-Wepharm-WeVit-Tasty-imunitetui-100gr.jpeg\",\"contentUrl\":\"https:\\\/\\\/anivet.lt\\\/elparduotuve\\\/wp-content\\\/uploads\\\/2025\\\/01\\\/61.-Wepharm-WeVit-Tasty-imunitetui-100gr.jpeg\",\"width\":950,\"height\":870,\"caption\":\"Wepharm WeVit Tasty imunitetui 100gr.\"},{\"@type\":\"BreadcrumbList\",\"@id\":\"https:\\\/\\\/anivet.lt\\\/elparduotuve\\\/produktas\\\/wepharm-wevit-tasty-imunitetui-100gr\\\/#breadcrumb\",\"itemListElement\":[{\"@type\":\"ListItem\",\"position\":1,\"name\":\"Home\",\"item\":\"https:\\\/\\\/anivet.lt\\\/elparduotuve\\\/\"},{\"@type\":\"ListItem\",\"position\":2,\"name\":\"Produktai\",\"item\":\"https:\\\/\\\/anivet.lt\\\/elparduotuve\\\/produktai\\\/\"},{\"@type\":\"ListItem\",\"position\":3,\"name\":\"Wepharm WeVit Tasty imunitetui 100gr.\"}]},{\"@type\":\"WebSite\",\"@id\":\"https:\\\/\\\/anivet.lt\\\/elparduotuve\\\/#website\",\"url\":\"https:\\\/\\\/anivet.lt\\\/elparduotuve\\\/\",\"name\":\"anivet.lt\",\"description\":\"Viskas J\u016bs\u0173 \u0161uns, kat\u0117s prie\u017ei\u016brai\",\"publisher\":{\"@id\":\"https:\\\/\\\/anivet.lt\\\/elparduotuve\\\/#organization\"},\"alternateName\":\"Viskas J\u016bs\u0173 \u0161uns, kat\u0117s prie\u017ei\u016brai\",\"potentialAction\":[{\"@type\":\"SearchAction\",\"target\":{\"@type\":\"EntryPoint\",\"urlTemplate\":\"https:\\\/\\\/anivet.lt\\\/elparduotuve\\\/?s={search_term_string}\"},\"query-input\":{\"@type\":\"PropertyValueSpecification\",\"valueRequired\":true,\"valueName\":\"search_term_string\"}}],\"inLanguage\":\"lt-LT\"},{\"@type\":\"Organization\",\"@id\":\"https:\\\/\\\/anivet.lt\\\/elparduotuve\\\/#organization\",\"name\":\"Viskas J\u016bs\u0173 \u0161uns, kat\u0117s prie\u017ei\u016brai\",\"url\":\"https:\\\/\\\/anivet.lt\\\/elparduotuve\\\/\",\"logo\":{\"@type\":\"ImageObject\",\"inLanguage\":\"lt-LT\",\"@id\":\"https:\\\/\\\/anivet.lt\\\/elparduotuve\\\/#\\\/schema\\\/logo\\\/image\\\/\",\"url\":\"https:\\\/\\\/anivet.lt\\\/elparduotuve\\\/wp-content\\\/uploads\\\/2023\\\/06\\\/logo2.jpg\",\"contentUrl\":\"https:\\\/\\\/anivet.lt\\\/elparduotuve\\\/wp-content\\\/uploads\\\/2023\\\/06\\\/logo2.jpg\",\"width\":655,\"height\":194,\"caption\":\"Viskas J\u016bs\u0173 \u0161uns, kat\u0117s prie\u017ei\u016brai\"},\"image\":{\"@id\":\"https:\\\/\\\/anivet.lt\\\/elparduotuve\\\/#\\\/schema\\\/logo\\\/image\\\/\"}}]}<\/script>\n<!-- \/ Yoast SEO Premium plugin. -->","yoast_head_json":{"title":"Wepharm WeVit Tasty imunitetui 100gr. - anivet.lt","description":"Didelio kaloringumo pa\u0161aro papildas, skirtas stiprinti imunin\u0119 sistem\u0105 ir papildyti organizm\u0105 b\u016btinomis maistin\u0117mis med\u017eiagomis. \u0160i skani pasta tinka","robots":{"index":"index","follow":"follow","max-snippet":"max-snippet:-1","max-image-preview":"max-image-preview:large","max-video-preview":"max-video-preview:-1"},"canonical":"https:\/\/anivet.lt\/elparduotuve\/produktas\/wepharm-wevit-tasty-imunitetui-100gr\/","og_locale":"lt_LT","og_type":"article","og_title":"Wepharm WeVit Tasty imunitetui 100gr.","og_description":"Didelio kaloringumo pa\u0161aro papildas, skirtas stiprinti imunin\u0119 sistem\u0105 ir papildyti organizm\u0105 b\u016btinomis maistin\u0117mis med\u017eiagomis. \u0160i skani pasta tinka","og_url":"https:\/\/anivet.lt\/elparduotuve\/produktas\/wepharm-wevit-tasty-imunitetui-100gr\/","og_site_name":"anivet.lt","article_modified_time":"2025-05-27T13:35:15+00:00","og_image":[{"width":950,"height":870,"url":"https:\/\/anivet.lt\/elparduotuve\/wp-content\/uploads\/2025\/01\/61.-Wepharm-WeVit-Tasty-imunitetui-100gr.jpeg","type":"image\/jpeg"}],"twitter_card":"summary_large_image","twitter_misc":{"Est. reading time":"1 minut\u0117"},"schema":{"@context":"https:\/\/schema.org","@graph":[{"@type":"WebPage","@id":"https:\/\/anivet.lt\/elparduotuve\/produktas\/wepharm-wevit-tasty-imunitetui-100gr\/","url":"https:\/\/anivet.lt\/elparduotuve\/produktas\/wepharm-wevit-tasty-imunitetui-100gr\/","name":"Wepharm WeVit Tasty imunitetui 100gr. - anivet.lt","isPartOf":{"@id":"https:\/\/anivet.lt\/elparduotuve\/#website"},"primaryImageOfPage":{"@id":"https:\/\/anivet.lt\/elparduotuve\/produktas\/wepharm-wevit-tasty-imunitetui-100gr\/#primaryimage"},"image":{"@id":"https:\/\/anivet.lt\/elparduotuve\/produktas\/wepharm-wevit-tasty-imunitetui-100gr\/#primaryimage"},"thumbnailUrl":"https:\/\/anivet.lt\/elparduotuve\/wp-content\/uploads\/2025\/01\/61.-Wepharm-WeVit-Tasty-imunitetui-100gr.jpeg","datePublished":"2025-01-10T11:08:24+00:00","dateModified":"2025-05-27T13:35:15+00:00","description":"Didelio kaloringumo pa\u0161aro papildas, skirtas stiprinti imunin\u0119 sistem\u0105 ir papildyti organizm\u0105 b\u016btinomis maistin\u0117mis med\u017eiagomis. \u0160i skani pasta tinka","breadcrumb":{"@id":"https:\/\/anivet.lt\/elparduotuve\/produktas\/wepharm-wevit-tasty-imunitetui-100gr\/#breadcrumb"},"inLanguage":"lt-LT","potentialAction":[{"@type":"ReadAction","target":["https:\/\/anivet.lt\/elparduotuve\/produktas\/wepharm-wevit-tasty-imunitetui-100gr\/"]}]},{"@type":"ImageObject","inLanguage":"lt-LT","@id":"https:\/\/anivet.lt\/elparduotuve\/produktas\/wepharm-wevit-tasty-imunitetui-100gr\/#primaryimage","url":"https:\/\/anivet.lt\/elparduotuve\/wp-content\/uploads\/2025\/01\/61.-Wepharm-WeVit-Tasty-imunitetui-100gr.jpeg","contentUrl":"https:\/\/anivet.lt\/elparduotuve\/wp-content\/uploads\/2025\/01\/61.-Wepharm-WeVit-Tasty-imunitetui-100gr.jpeg","width":950,"height":870,"caption":"Wepharm WeVit Tasty imunitetui 100gr."},{"@type":"BreadcrumbList","@id":"https:\/\/anivet.lt\/elparduotuve\/produktas\/wepharm-wevit-tasty-imunitetui-100gr\/#breadcrumb","itemListElement":[{"@type":"ListItem","position":1,"name":"Home","item":"https:\/\/anivet.lt\/elparduotuve\/"},{"@type":"ListItem","position":2,"name":"Produktai","item":"https:\/\/anivet.lt\/elparduotuve\/produktai\/"},{"@type":"ListItem","position":3,"name":"Wepharm WeVit Tasty imunitetui 100gr."}]},{"@type":"WebSite","@id":"https:\/\/anivet.lt\/elparduotuve\/#website","url":"https:\/\/anivet.lt\/elparduotuve\/","name":"anivet.lt","description":"Viskas J\u016bs\u0173 \u0161uns, kat\u0117s prie\u017ei\u016brai","publisher":{"@id":"https:\/\/anivet.lt\/elparduotuve\/#organization"},"alternateName":"Viskas J\u016bs\u0173 \u0161uns, kat\u0117s prie\u017ei\u016brai","potentialAction":[{"@type":"SearchAction","target":{"@type":"EntryPoint","urlTemplate":"https:\/\/anivet.lt\/elparduotuve\/?s={search_term_string}"},"query-input":{"@type":"PropertyValueSpecification","valueRequired":true,"valueName":"search_term_string"}}],"inLanguage":"lt-LT"},{"@type":"Organization","@id":"https:\/\/anivet.lt\/elparduotuve\/#organization","name":"Viskas J\u016bs\u0173 \u0161uns, kat\u0117s prie\u017ei\u016brai","url":"https:\/\/anivet.lt\/elparduotuve\/","logo":{"@type":"ImageObject","inLanguage":"lt-LT","@id":"https:\/\/anivet.lt\/elparduotuve\/#\/schema\/logo\/image\/","url":"https:\/\/anivet.lt\/elparduotuve\/wp-content\/uploads\/2023\/06\/logo2.jpg","contentUrl":"https:\/\/anivet.lt\/elparduotuve\/wp-content\/uploads\/2023\/06\/logo2.jpg","width":655,"height":194,"caption":"Viskas J\u016bs\u0173 \u0161uns, kat\u0117s prie\u017ei\u016brai"},"image":{"@id":"https:\/\/anivet.lt\/elparduotuve\/#\/schema\/logo\/image\/"}}]}},"_links":{"self":[{"href":"https:\/\/anivet.lt\/elparduotuve\/wp-json\/wp\/v2\/product\/16249","targetHints":{"allow":["GET"]}}],"collection":[{"href":"https:\/\/anivet.lt\/elparduotuve\/wp-json\/wp\/v2\/product"}],"about":[{"href":"https:\/\/anivet.lt\/elparduotuve\/wp-json\/wp\/v2\/types\/product"}],"wp:featuredmedia":[{"embeddable":true,"href":"https:\/\/anivet.lt\/elparduotuve\/wp-json\/wp\/v2\/media\/16250"}],"wp:attachment":[{"href":"https:\/\/anivet.lt\/elparduotuve\/wp-json\/wp\/v2\/media?parent=16249"}],"wp:term":[{"taxonomy":"product_brand","embeddable":true,"href":"https:\/\/anivet.lt\/elparduotuve\/wp-json\/wp\/v2\/product_brand?post=16249"},{"taxonomy":"product_cat","embeddable":true,"href":"https:\/\/anivet.lt\/elparduotuve\/wp-json\/wp\/v2\/product_cat?post=16249"},{"taxonomy":"product_tag","embeddable":true,"href":"https:\/\/anivet.lt\/elparduotuve\/wp-json\/wp\/v2\/product_tag?post=16249"}],"curies":[{"name":"wp","href":"https:\/\/api.w.org\/{rel}","templated":true}]}}