{"id":16317,"date":"2025-01-15T04:47:13","date_gmt":"2025-01-15T04:47:13","guid":{"rendered":"https:\/\/anivet.lt\/elparduotuve\/?post_type=product&#038;p=16317"},"modified":"2025-08-07T06:34:37","modified_gmt":"2025-08-07T06:34:37","slug":"hills-prescription-diet-canine-c-d-multicare-370-g-konservuotas-pasaras-sunims-slapimo-sistemos-prieziurai","status":"publish","type":"product","link":"https:\/\/anivet.lt\/elparduotuve\/produktas\/hills-prescription-diet-canine-c-d-multicare-370-g-konservuotas-pasaras-sunims-slapimo-sistemos-prieziurai\/","title":{"rendered":"Hill\u2019s Prescription Diet\u00ae Canine c\/d Multicare 370 g konservuotas pa\u0161aras \u0161unims  \u0161lapimo sistemos prie\u017ei\u016brai"},"content":{"rendered":"<p>\u0160is gardus pa\u0161aras su vi\u0161tiena padeda tirpdyti struvitinius akmenis, ma\u017eina j\u0173 susidarymo rizik\u0105 bei stiprina \u0161uns \u0161lapimo sistemos sveikat\u0105. Tai idealus pasirinkimas \u0161unims, turintiems \u0161lapimo tak\u0173 problem\u0173.<\/p>\n<ul>\n<li>Tirpina struvitinius akmenis: Pa\u0161aro sud\u0117tis efektyviai padeda tirpdyti esamus akmenis \u0161lapimo p\u016bsl\u0117je.<\/li>\n<li>Akmen\u0173 susidarymo prevencija: Suma\u017eina tiek struvitini\u0173, tiek kalcio oksalato akmen\u0173 susidarymo rizik\u0105.<\/li>\n<li>Subalansuoti mineralai: Pritaikytas kalcio, natrio ir kalio citrato kiekis padeda palaikyti \u0161lapimo sistemos sveikat\u0105.<\/li>\n<li>Omega-3 riebal\u0173 r\u016bg\u0161tys: Papildytas \u017euv\u0173 taukais, kurie ma\u017eina u\u017edegim\u0105 ir stiprina \u0161lapimo p\u016bsl\u0117s b\u016bkl\u0119.<\/li>\n<li>S+OXSHIELD sistema: Sukurta siekiant i\u0161laikyti optimali\u0105 \u0161lapimo sistemos b\u016bkl\u0119 bei ma\u017einti kristal\u0173 susidarymo rizik\u0105.<\/li>\n<\/ul>\n<p>\u201eHill\u2019s Prescription Diet c\/d Multicare\u201d konservuotas pa\u0161aras \u2013 tai puikus sprendimas \u0161unims, turintiems \u0161lapimo sistemos sutrikim\u0173. \u0160is skanus ir maistingas pa\u0161aras pad\u0117s j\u016bs\u0173 augintiniui jaustis geriau ir gyventi pilnavert\u012f gyvenim\u0105. Rekomenduojama naudoti nuolat, pasitarus su veterinaru.<\/p>\n","protected":false},"excerpt":{"rendered":"<p>\u0160is gardus pa\u0161aras su vi\u0161tiena padeda tirpdyti struvitinius akmenis, ma\u017eina j\u0173 susidarymo rizik\u0105 bei stiprina \u0161uns \u0161lapimo sistemos sveikat\u0105. Tai<\/p>\n","protected":false},"featured_media":16318,"template":"","meta":[],"product_brand":[],"product_cat":[101,103,107,333],"product_tag":[],"class_list":{"0":"post-16317","1":"product","2":"type-product","3":"status-publish","4":"has-post-thumbnail","6":"product_cat-sunims","7":"product_cat-sunu-maistas","8":"product_cat-veterinarine-dieta","9":"product_cat-hills-sunu-maistas","10":"pa_prekinis-zenklas-hills","12":"first","13":"outofstock","14":"taxable","15":"shipping-taxable","16":"purchasable","17":"product-type-simple"},"yoast_head":"<!-- This site is optimized with the Yoast SEO Premium plugin v27.1 (Yoast SEO v27.3) - https:\/\/yoast.com\/product\/yoast-seo-premium-wordpress\/ -->\n<title>Hill\u2019s Prescription Diet\u00ae Canine c\/d Multicare 370 g konservuotas pa\u0161aras \u0161unims \u0161lapimo sistemos prie\u017ei\u016brai - anivet.lt<\/title>\n<meta name=\"description\" content=\"\u0160is gardus pa\u0161aras su vi\u0161tiena padeda tirpdyti struvitinius akmenis, ma\u017eina j\u0173 susidarymo rizik\u0105 bei stiprina \u0161uns \u0161lapimo sistemos sveikat\u0105. Tai idealus\" \/>\n<meta name=\"robots\" content=\"index, follow, max-snippet:-1, max-image-preview:large, max-video-preview:-1\" \/>\n<link rel=\"canonical\" href=\"https:\/\/anivet.lt\/elparduotuve\/produktas\/hills-prescription-diet-canine-c-d-multicare-370-g-konservuotas-pasaras-sunims-slapimo-sistemos-prieziurai\/\" \/>\n<meta property=\"og:locale\" content=\"lt_LT\" \/>\n<meta property=\"og:type\" content=\"article\" \/>\n<meta property=\"og:title\" content=\"Hill\u2019s Prescription Diet\u00ae Canine c\/d Multicare 370 g konservuotas pa\u0161aras \u0161unims \u0161lapimo sistemos prie\u017ei\u016brai\" \/>\n<meta property=\"og:description\" content=\"\u0160is gardus pa\u0161aras su vi\u0161tiena padeda tirpdyti struvitinius akmenis, ma\u017eina j\u0173 susidarymo rizik\u0105 bei stiprina \u0161uns \u0161lapimo sistemos sveikat\u0105. Tai idealus\" \/>\n<meta property=\"og:url\" content=\"https:\/\/anivet.lt\/elparduotuve\/produktas\/hills-prescription-diet-canine-c-d-multicare-370-g-konservuotas-pasaras-sunims-slapimo-sistemos-prieziurai\/\" \/>\n<meta property=\"og:site_name\" content=\"anivet.lt\" \/>\n<meta property=\"article:modified_time\" content=\"2025-08-07T06:34:37+00:00\" \/>\n<meta property=\"og:image\" content=\"https:\/\/anivet.lt\/elparduotuve\/wp-content\/uploads\/2025\/01\/28-Hills-Prescription-Diet\u00ae-Canine-cd-Multicare-konservuotas-pasaras-sunims-slapimo-sistemos-prieziurai.jpg\" \/>\n\t<meta property=\"og:image:width\" content=\"768\" \/>\n\t<meta property=\"og:image:height\" content=\"768\" \/>\n\t<meta property=\"og:image:type\" content=\"image\/jpeg\" \/>\n<meta name=\"twitter:card\" content=\"summary_large_image\" \/>\n<meta name=\"twitter:label1\" content=\"Est. reading time\" \/>\n\t<meta name=\"twitter:data1\" content=\"1 minut\u0117\" \/>\n<script type=\"application\/ld+json\" class=\"yoast-schema-graph\">{\"@context\":\"https:\\\/\\\/schema.org\",\"@graph\":[{\"@type\":\"WebPage\",\"@id\":\"https:\\\/\\\/anivet.lt\\\/elparduotuve\\\/produktas\\\/hills-prescription-diet-canine-c-d-multicare-370-g-konservuotas-pasaras-sunims-slapimo-sistemos-prieziurai\\\/\",\"url\":\"https:\\\/\\\/anivet.lt\\\/elparduotuve\\\/produktas\\\/hills-prescription-diet-canine-c-d-multicare-370-g-konservuotas-pasaras-sunims-slapimo-sistemos-prieziurai\\\/\",\"name\":\"Hill\u2019s Prescription Diet\u00ae Canine c\\\/d Multicare 370 g konservuotas pa\u0161aras \u0161unims \u0161lapimo sistemos prie\u017ei\u016brai - anivet.lt\",\"isPartOf\":{\"@id\":\"https:\\\/\\\/anivet.lt\\\/elparduotuve\\\/#website\"},\"primaryImageOfPage\":{\"@id\":\"https:\\\/\\\/anivet.lt\\\/elparduotuve\\\/produktas\\\/hills-prescription-diet-canine-c-d-multicare-370-g-konservuotas-pasaras-sunims-slapimo-sistemos-prieziurai\\\/#primaryimage\"},\"image\":{\"@id\":\"https:\\\/\\\/anivet.lt\\\/elparduotuve\\\/produktas\\\/hills-prescription-diet-canine-c-d-multicare-370-g-konservuotas-pasaras-sunims-slapimo-sistemos-prieziurai\\\/#primaryimage\"},\"thumbnailUrl\":\"https:\\\/\\\/anivet.lt\\\/elparduotuve\\\/wp-content\\\/uploads\\\/2025\\\/01\\\/28-Hills-Prescription-Diet\u00ae-Canine-cd-Multicare-konservuotas-pasaras-sunims-slapimo-sistemos-prieziurai.jpg\",\"datePublished\":\"2025-01-15T04:47:13+00:00\",\"dateModified\":\"2025-08-07T06:34:37+00:00\",\"description\":\"\u0160is gardus pa\u0161aras su vi\u0161tiena padeda tirpdyti struvitinius akmenis, ma\u017eina j\u0173 susidarymo rizik\u0105 bei stiprina \u0161uns \u0161lapimo sistemos sveikat\u0105. Tai idealus\",\"breadcrumb\":{\"@id\":\"https:\\\/\\\/anivet.lt\\\/elparduotuve\\\/produktas\\\/hills-prescription-diet-canine-c-d-multicare-370-g-konservuotas-pasaras-sunims-slapimo-sistemos-prieziurai\\\/#breadcrumb\"},\"inLanguage\":\"lt-LT\",\"potentialAction\":[{\"@type\":\"ReadAction\",\"target\":[\"https:\\\/\\\/anivet.lt\\\/elparduotuve\\\/produktas\\\/hills-prescription-diet-canine-c-d-multicare-370-g-konservuotas-pasaras-sunims-slapimo-sistemos-prieziurai\\\/\"]}]},{\"@type\":\"ImageObject\",\"inLanguage\":\"lt-LT\",\"@id\":\"https:\\\/\\\/anivet.lt\\\/elparduotuve\\\/produktas\\\/hills-prescription-diet-canine-c-d-multicare-370-g-konservuotas-pasaras-sunims-slapimo-sistemos-prieziurai\\\/#primaryimage\",\"url\":\"https:\\\/\\\/anivet.lt\\\/elparduotuve\\\/wp-content\\\/uploads\\\/2025\\\/01\\\/28-Hills-Prescription-Diet\u00ae-Canine-cd-Multicare-konservuotas-pasaras-sunims-slapimo-sistemos-prieziurai.jpg\",\"contentUrl\":\"https:\\\/\\\/anivet.lt\\\/elparduotuve\\\/wp-content\\\/uploads\\\/2025\\\/01\\\/28-Hills-Prescription-Diet\u00ae-Canine-cd-Multicare-konservuotas-pasaras-sunims-slapimo-sistemos-prieziurai.jpg\",\"width\":768,\"height\":768,\"caption\":\"Hill\u2019s Prescription Diet\u00ae Canine c\\\/d Multicare 370 g konservuotas pa\u0161aras \u0161unims \u0161lapimo sistemos prie\u017ei\u016brai\"},{\"@type\":\"BreadcrumbList\",\"@id\":\"https:\\\/\\\/anivet.lt\\\/elparduotuve\\\/produktas\\\/hills-prescription-diet-canine-c-d-multicare-370-g-konservuotas-pasaras-sunims-slapimo-sistemos-prieziurai\\\/#breadcrumb\",\"itemListElement\":[{\"@type\":\"ListItem\",\"position\":1,\"name\":\"Home\",\"item\":\"https:\\\/\\\/anivet.lt\\\/elparduotuve\\\/\"},{\"@type\":\"ListItem\",\"position\":2,\"name\":\"Produktai\",\"item\":\"https:\\\/\\\/anivet.lt\\\/elparduotuve\\\/produktai\\\/\"},{\"@type\":\"ListItem\",\"position\":3,\"name\":\"Hill\u2019s Prescription Diet\u00ae Canine c\\\/d Multicare 370 g konservuotas pa\u0161aras \u0161unims \u0161lapimo sistemos prie\u017ei\u016brai\"}]},{\"@type\":\"WebSite\",\"@id\":\"https:\\\/\\\/anivet.lt\\\/elparduotuve\\\/#website\",\"url\":\"https:\\\/\\\/anivet.lt\\\/elparduotuve\\\/\",\"name\":\"anivet.lt\",\"description\":\"Viskas J\u016bs\u0173 \u0161uns, kat\u0117s prie\u017ei\u016brai\",\"publisher\":{\"@id\":\"https:\\\/\\\/anivet.lt\\\/elparduotuve\\\/#organization\"},\"alternateName\":\"Viskas J\u016bs\u0173 \u0161uns, kat\u0117s prie\u017ei\u016brai\",\"potentialAction\":[{\"@type\":\"SearchAction\",\"target\":{\"@type\":\"EntryPoint\",\"urlTemplate\":\"https:\\\/\\\/anivet.lt\\\/elparduotuve\\\/?s={search_term_string}\"},\"query-input\":{\"@type\":\"PropertyValueSpecification\",\"valueRequired\":true,\"valueName\":\"search_term_string\"}}],\"inLanguage\":\"lt-LT\"},{\"@type\":\"Organization\",\"@id\":\"https:\\\/\\\/anivet.lt\\\/elparduotuve\\\/#organization\",\"name\":\"Viskas J\u016bs\u0173 \u0161uns, kat\u0117s prie\u017ei\u016brai\",\"url\":\"https:\\\/\\\/anivet.lt\\\/elparduotuve\\\/\",\"logo\":{\"@type\":\"ImageObject\",\"inLanguage\":\"lt-LT\",\"@id\":\"https:\\\/\\\/anivet.lt\\\/elparduotuve\\\/#\\\/schema\\\/logo\\\/image\\\/\",\"url\":\"https:\\\/\\\/anivet.lt\\\/elparduotuve\\\/wp-content\\\/uploads\\\/2023\\\/06\\\/logo2.jpg\",\"contentUrl\":\"https:\\\/\\\/anivet.lt\\\/elparduotuve\\\/wp-content\\\/uploads\\\/2023\\\/06\\\/logo2.jpg\",\"width\":655,\"height\":194,\"caption\":\"Viskas J\u016bs\u0173 \u0161uns, kat\u0117s prie\u017ei\u016brai\"},\"image\":{\"@id\":\"https:\\\/\\\/anivet.lt\\\/elparduotuve\\\/#\\\/schema\\\/logo\\\/image\\\/\"}}]}<\/script>\n<!-- \/ Yoast SEO Premium plugin. -->","yoast_head_json":{"title":"Hill\u2019s Prescription Diet\u00ae Canine c\/d Multicare 370 g konservuotas pa\u0161aras \u0161unims \u0161lapimo sistemos prie\u017ei\u016brai - anivet.lt","description":"\u0160is gardus pa\u0161aras su vi\u0161tiena padeda tirpdyti struvitinius akmenis, ma\u017eina j\u0173 susidarymo rizik\u0105 bei stiprina \u0161uns \u0161lapimo sistemos sveikat\u0105. Tai idealus","robots":{"index":"index","follow":"follow","max-snippet":"max-snippet:-1","max-image-preview":"max-image-preview:large","max-video-preview":"max-video-preview:-1"},"canonical":"https:\/\/anivet.lt\/elparduotuve\/produktas\/hills-prescription-diet-canine-c-d-multicare-370-g-konservuotas-pasaras-sunims-slapimo-sistemos-prieziurai\/","og_locale":"lt_LT","og_type":"article","og_title":"Hill\u2019s Prescription Diet\u00ae Canine c\/d Multicare 370 g konservuotas pa\u0161aras \u0161unims \u0161lapimo sistemos prie\u017ei\u016brai","og_description":"\u0160is gardus pa\u0161aras su vi\u0161tiena padeda tirpdyti struvitinius akmenis, ma\u017eina j\u0173 susidarymo rizik\u0105 bei stiprina \u0161uns \u0161lapimo sistemos sveikat\u0105. Tai idealus","og_url":"https:\/\/anivet.lt\/elparduotuve\/produktas\/hills-prescription-diet-canine-c-d-multicare-370-g-konservuotas-pasaras-sunims-slapimo-sistemos-prieziurai\/","og_site_name":"anivet.lt","article_modified_time":"2025-08-07T06:34:37+00:00","og_image":[{"width":768,"height":768,"url":"https:\/\/anivet.lt\/elparduotuve\/wp-content\/uploads\/2025\/01\/28-Hills-Prescription-Diet\u00ae-Canine-cd-Multicare-konservuotas-pasaras-sunims-slapimo-sistemos-prieziurai.jpg","type":"image\/jpeg"}],"twitter_card":"summary_large_image","twitter_misc":{"Est. reading time":"1 minut\u0117"},"schema":{"@context":"https:\/\/schema.org","@graph":[{"@type":"WebPage","@id":"https:\/\/anivet.lt\/elparduotuve\/produktas\/hills-prescription-diet-canine-c-d-multicare-370-g-konservuotas-pasaras-sunims-slapimo-sistemos-prieziurai\/","url":"https:\/\/anivet.lt\/elparduotuve\/produktas\/hills-prescription-diet-canine-c-d-multicare-370-g-konservuotas-pasaras-sunims-slapimo-sistemos-prieziurai\/","name":"Hill\u2019s Prescription Diet\u00ae Canine c\/d Multicare 370 g konservuotas pa\u0161aras \u0161unims \u0161lapimo sistemos prie\u017ei\u016brai - anivet.lt","isPartOf":{"@id":"https:\/\/anivet.lt\/elparduotuve\/#website"},"primaryImageOfPage":{"@id":"https:\/\/anivet.lt\/elparduotuve\/produktas\/hills-prescription-diet-canine-c-d-multicare-370-g-konservuotas-pasaras-sunims-slapimo-sistemos-prieziurai\/#primaryimage"},"image":{"@id":"https:\/\/anivet.lt\/elparduotuve\/produktas\/hills-prescription-diet-canine-c-d-multicare-370-g-konservuotas-pasaras-sunims-slapimo-sistemos-prieziurai\/#primaryimage"},"thumbnailUrl":"https:\/\/anivet.lt\/elparduotuve\/wp-content\/uploads\/2025\/01\/28-Hills-Prescription-Diet\u00ae-Canine-cd-Multicare-konservuotas-pasaras-sunims-slapimo-sistemos-prieziurai.jpg","datePublished":"2025-01-15T04:47:13+00:00","dateModified":"2025-08-07T06:34:37+00:00","description":"\u0160is gardus pa\u0161aras su vi\u0161tiena padeda tirpdyti struvitinius akmenis, ma\u017eina j\u0173 susidarymo rizik\u0105 bei stiprina \u0161uns \u0161lapimo sistemos sveikat\u0105. Tai idealus","breadcrumb":{"@id":"https:\/\/anivet.lt\/elparduotuve\/produktas\/hills-prescription-diet-canine-c-d-multicare-370-g-konservuotas-pasaras-sunims-slapimo-sistemos-prieziurai\/#breadcrumb"},"inLanguage":"lt-LT","potentialAction":[{"@type":"ReadAction","target":["https:\/\/anivet.lt\/elparduotuve\/produktas\/hills-prescription-diet-canine-c-d-multicare-370-g-konservuotas-pasaras-sunims-slapimo-sistemos-prieziurai\/"]}]},{"@type":"ImageObject","inLanguage":"lt-LT","@id":"https:\/\/anivet.lt\/elparduotuve\/produktas\/hills-prescription-diet-canine-c-d-multicare-370-g-konservuotas-pasaras-sunims-slapimo-sistemos-prieziurai\/#primaryimage","url":"https:\/\/anivet.lt\/elparduotuve\/wp-content\/uploads\/2025\/01\/28-Hills-Prescription-Diet\u00ae-Canine-cd-Multicare-konservuotas-pasaras-sunims-slapimo-sistemos-prieziurai.jpg","contentUrl":"https:\/\/anivet.lt\/elparduotuve\/wp-content\/uploads\/2025\/01\/28-Hills-Prescription-Diet\u00ae-Canine-cd-Multicare-konservuotas-pasaras-sunims-slapimo-sistemos-prieziurai.jpg","width":768,"height":768,"caption":"Hill\u2019s Prescription Diet\u00ae Canine c\/d Multicare 370 g konservuotas pa\u0161aras \u0161unims \u0161lapimo sistemos prie\u017ei\u016brai"},{"@type":"BreadcrumbList","@id":"https:\/\/anivet.lt\/elparduotuve\/produktas\/hills-prescription-diet-canine-c-d-multicare-370-g-konservuotas-pasaras-sunims-slapimo-sistemos-prieziurai\/#breadcrumb","itemListElement":[{"@type":"ListItem","position":1,"name":"Home","item":"https:\/\/anivet.lt\/elparduotuve\/"},{"@type":"ListItem","position":2,"name":"Produktai","item":"https:\/\/anivet.lt\/elparduotuve\/produktai\/"},{"@type":"ListItem","position":3,"name":"Hill\u2019s Prescription Diet\u00ae Canine c\/d Multicare 370 g konservuotas pa\u0161aras \u0161unims \u0161lapimo sistemos prie\u017ei\u016brai"}]},{"@type":"WebSite","@id":"https:\/\/anivet.lt\/elparduotuve\/#website","url":"https:\/\/anivet.lt\/elparduotuve\/","name":"anivet.lt","description":"Viskas J\u016bs\u0173 \u0161uns, kat\u0117s prie\u017ei\u016brai","publisher":{"@id":"https:\/\/anivet.lt\/elparduotuve\/#organization"},"alternateName":"Viskas J\u016bs\u0173 \u0161uns, kat\u0117s prie\u017ei\u016brai","potentialAction":[{"@type":"SearchAction","target":{"@type":"EntryPoint","urlTemplate":"https:\/\/anivet.lt\/elparduotuve\/?s={search_term_string}"},"query-input":{"@type":"PropertyValueSpecification","valueRequired":true,"valueName":"search_term_string"}}],"inLanguage":"lt-LT"},{"@type":"Organization","@id":"https:\/\/anivet.lt\/elparduotuve\/#organization","name":"Viskas J\u016bs\u0173 \u0161uns, kat\u0117s prie\u017ei\u016brai","url":"https:\/\/anivet.lt\/elparduotuve\/","logo":{"@type":"ImageObject","inLanguage":"lt-LT","@id":"https:\/\/anivet.lt\/elparduotuve\/#\/schema\/logo\/image\/","url":"https:\/\/anivet.lt\/elparduotuve\/wp-content\/uploads\/2023\/06\/logo2.jpg","contentUrl":"https:\/\/anivet.lt\/elparduotuve\/wp-content\/uploads\/2023\/06\/logo2.jpg","width":655,"height":194,"caption":"Viskas J\u016bs\u0173 \u0161uns, kat\u0117s prie\u017ei\u016brai"},"image":{"@id":"https:\/\/anivet.lt\/elparduotuve\/#\/schema\/logo\/image\/"}}]}},"_links":{"self":[{"href":"https:\/\/anivet.lt\/elparduotuve\/wp-json\/wp\/v2\/product\/16317","targetHints":{"allow":["GET"]}}],"collection":[{"href":"https:\/\/anivet.lt\/elparduotuve\/wp-json\/wp\/v2\/product"}],"about":[{"href":"https:\/\/anivet.lt\/elparduotuve\/wp-json\/wp\/v2\/types\/product"}],"wp:featuredmedia":[{"embeddable":true,"href":"https:\/\/anivet.lt\/elparduotuve\/wp-json\/wp\/v2\/media\/16318"}],"wp:attachment":[{"href":"https:\/\/anivet.lt\/elparduotuve\/wp-json\/wp\/v2\/media?parent=16317"}],"wp:term":[{"taxonomy":"product_brand","embeddable":true,"href":"https:\/\/anivet.lt\/elparduotuve\/wp-json\/wp\/v2\/product_brand?post=16317"},{"taxonomy":"product_cat","embeddable":true,"href":"https:\/\/anivet.lt\/elparduotuve\/wp-json\/wp\/v2\/product_cat?post=16317"},{"taxonomy":"product_tag","embeddable":true,"href":"https:\/\/anivet.lt\/elparduotuve\/wp-json\/wp\/v2\/product_tag?post=16317"}],"curies":[{"name":"wp","href":"https:\/\/api.w.org\/{rel}","templated":true}]}}