{"id":16319,"date":"2025-01-15T05:03:16","date_gmt":"2025-01-15T05:03:16","guid":{"rendered":"https:\/\/anivet.lt\/elparduotuve\/?post_type=product&#038;p=16319"},"modified":"2025-09-16T08:24:47","modified_gmt":"2025-09-16T08:24:47","slug":"hills-prescription-diet-canine-k-d-350g-inkstu-prieziurai","status":"publish","type":"product","link":"https:\/\/anivet.lt\/elparduotuve\/produktas\/hills-prescription-diet-canine-k-d-350g-inkstu-prieziurai\/","title":{"rendered":"Hill\u2019s Prescription Diet\u00ae Canine k\/d 350g inkst\u0173 prie\u017ei\u016brai"},"content":{"rendered":"<p>\u0160is visavertis dietinis maistas padeda valdyti l\u0117tin\u012f ir laikin\u0105 inkst\u0173 nepakankamum\u0105 bei gerina augintinio gyvenimo kokyb\u0119. Specialiai subalansuota sud\u0117tis ma\u017eina inkst\u0173 apkrov\u0105 ir sul\u0117tina ligos progresavim\u0105.<\/p>\n<ul>\n<li>Ma\u017eas fosforo ir natrio kiekis: Padeda apsaugoti inkst\u0173 funkcij\u0105 ir suma\u017einti j\u0173 apkrov\u0105.<\/li>\n<li>\u201eActivBiome+ Kidney Defense\u201c technologija: Maitina \u017earnyno mikrobiom\u0105, prisidedant prie geresn\u0117s vir\u0161kinimo ir inkst\u0173 sveikatos.<\/li>\n<li>Gardus skonis ir tekst\u016bra: Tinka net i\u0161rankiems augintiniams, skatinant reguliar\u0173 maisto vartojim\u0105.<\/li>\n<li>Raumen\u0173 mas\u0117s palaikymas: Didelis nepakei\u010diam\u0173j\u0173 aminor\u016bg\u0161\u010di\u0173 ir L-karnitino kiekis palaiko raumen\u0173 audin\u012f.<\/li>\n<li>S+OXSHIELD sistema: Ma\u017eina \u0161lapimo sistemos kristal\u0173, toki\u0173 kaip struvitai ir kalcio oksalatai, susidarymo rizik\u0105.<\/li>\n<\/ul>\n<p>\u201eHill\u2019s Prescription Diet k\/d\u201d \u2013 tai efektyvus ir gardus sprendimas j\u016bs\u0173 \u0161uns inkst\u0173 sveikatos palaikymui. Reguliariai naudojant \u0161\u012f pa\u0161ar\u0105, galima pagerinti augintinio savijaut\u0105 ir prailginti jo gyvenimo trukm\u0119. Pasitarkite su veterinaru d\u0117l nuolatinio \u0161io pa\u0161aro naudojimo.<\/p>\n","protected":false},"excerpt":{"rendered":"<p>\u0160is visavertis dietinis maistas padeda valdyti l\u0117tin\u012f ir laikin\u0105 inkst\u0173 nepakankamum\u0105 bei gerina augintinio gyvenimo kokyb\u0119. Specialiai subalansuota sud\u0117tis ma\u017eina<\/p>\n","protected":false},"featured_media":16320,"template":"","meta":[],"product_brand":[],"product_cat":[101,103,107,333],"product_tag":[],"class_list":{"0":"post-16319","1":"product","2":"type-product","3":"status-publish","4":"has-post-thumbnail","6":"product_cat-sunims","7":"product_cat-sunu-maistas","8":"product_cat-veterinarine-dieta","9":"product_cat-hills-sunu-maistas","10":"pa_prekinis-zenklas-hills","12":"first","13":"outofstock","14":"taxable","15":"shipping-taxable","16":"purchasable","17":"product-type-simple"},"yoast_head":"<!-- This site is optimized with the Yoast SEO Premium plugin v27.1 (Yoast SEO v27.5) - https:\/\/yoast.com\/product\/yoast-seo-premium-wordpress\/ -->\n<title>Hill\u2019s Prescription Diet\u00ae Canine k\/d 350g inkst\u0173 prie\u017ei\u016brai - anivet.lt<\/title>\n<meta name=\"description\" content=\"\u0160is visavertis dietinis maistas padeda valdyti l\u0117tin\u012f ir laikin\u0105 inkst\u0173 nepakankamum\u0105 bei gerina augintinio gyvenimo kokyb\u0119. Specialiai subalansuota\" \/>\n<meta name=\"robots\" content=\"index, follow, max-snippet:-1, max-image-preview:large, max-video-preview:-1\" \/>\n<link rel=\"canonical\" href=\"https:\/\/anivet.lt\/elparduotuve\/produktas\/hills-prescription-diet-canine-k-d-350g-inkstu-prieziurai\/\" \/>\n<meta property=\"og:locale\" content=\"lt_LT\" \/>\n<meta property=\"og:type\" content=\"article\" \/>\n<meta property=\"og:title\" content=\"Hill\u2019s Prescription Diet\u00ae Canine k\/d 350g inkst\u0173 prie\u017ei\u016brai\" \/>\n<meta property=\"og:description\" content=\"\u0160is visavertis dietinis maistas padeda valdyti l\u0117tin\u012f ir laikin\u0105 inkst\u0173 nepakankamum\u0105 bei gerina augintinio gyvenimo kokyb\u0119. Specialiai subalansuota\" \/>\n<meta property=\"og:url\" content=\"https:\/\/anivet.lt\/elparduotuve\/produktas\/hills-prescription-diet-canine-k-d-350g-inkstu-prieziurai\/\" \/>\n<meta property=\"og:site_name\" content=\"anivet.lt\" \/>\n<meta property=\"article:modified_time\" content=\"2025-09-16T08:24:47+00:00\" \/>\n<meta property=\"og:image\" content=\"https:\/\/anivet.lt\/elparduotuve\/wp-content\/uploads\/2025\/01\/29-Hills-Prescription-Diet\u00ae-Canine-kd-350g-inkstu-prieziurai.jpg\" \/>\n\t<meta property=\"og:image:width\" content=\"768\" \/>\n\t<meta property=\"og:image:height\" content=\"768\" \/>\n\t<meta property=\"og:image:type\" content=\"image\/jpeg\" \/>\n<meta name=\"twitter:card\" content=\"summary_large_image\" \/>\n<meta name=\"twitter:label1\" content=\"Est. reading time\" \/>\n\t<meta name=\"twitter:data1\" content=\"1 minut\u0117\" \/>\n<script type=\"application\/ld+json\" class=\"yoast-schema-graph\">{\"@context\":\"https:\\\/\\\/schema.org\",\"@graph\":[{\"@type\":\"WebPage\",\"@id\":\"https:\\\/\\\/anivet.lt\\\/elparduotuve\\\/produktas\\\/hills-prescription-diet-canine-k-d-350g-inkstu-prieziurai\\\/\",\"url\":\"https:\\\/\\\/anivet.lt\\\/elparduotuve\\\/produktas\\\/hills-prescription-diet-canine-k-d-350g-inkstu-prieziurai\\\/\",\"name\":\"Hill\u2019s Prescription Diet\u00ae Canine k\\\/d 350g inkst\u0173 prie\u017ei\u016brai - anivet.lt\",\"isPartOf\":{\"@id\":\"https:\\\/\\\/anivet.lt\\\/elparduotuve\\\/#website\"},\"primaryImageOfPage\":{\"@id\":\"https:\\\/\\\/anivet.lt\\\/elparduotuve\\\/produktas\\\/hills-prescription-diet-canine-k-d-350g-inkstu-prieziurai\\\/#primaryimage\"},\"image\":{\"@id\":\"https:\\\/\\\/anivet.lt\\\/elparduotuve\\\/produktas\\\/hills-prescription-diet-canine-k-d-350g-inkstu-prieziurai\\\/#primaryimage\"},\"thumbnailUrl\":\"https:\\\/\\\/anivet.lt\\\/elparduotuve\\\/wp-content\\\/uploads\\\/2025\\\/01\\\/29-Hills-Prescription-Diet\u00ae-Canine-kd-350g-inkstu-prieziurai.jpg\",\"datePublished\":\"2025-01-15T05:03:16+00:00\",\"dateModified\":\"2025-09-16T08:24:47+00:00\",\"description\":\"\u0160is visavertis dietinis maistas padeda valdyti l\u0117tin\u012f ir laikin\u0105 inkst\u0173 nepakankamum\u0105 bei gerina augintinio gyvenimo kokyb\u0119. Specialiai subalansuota\",\"breadcrumb\":{\"@id\":\"https:\\\/\\\/anivet.lt\\\/elparduotuve\\\/produktas\\\/hills-prescription-diet-canine-k-d-350g-inkstu-prieziurai\\\/#breadcrumb\"},\"inLanguage\":\"lt-LT\",\"potentialAction\":[{\"@type\":\"ReadAction\",\"target\":[\"https:\\\/\\\/anivet.lt\\\/elparduotuve\\\/produktas\\\/hills-prescription-diet-canine-k-d-350g-inkstu-prieziurai\\\/\"]}]},{\"@type\":\"ImageObject\",\"inLanguage\":\"lt-LT\",\"@id\":\"https:\\\/\\\/anivet.lt\\\/elparduotuve\\\/produktas\\\/hills-prescription-diet-canine-k-d-350g-inkstu-prieziurai\\\/#primaryimage\",\"url\":\"https:\\\/\\\/anivet.lt\\\/elparduotuve\\\/wp-content\\\/uploads\\\/2025\\\/01\\\/29-Hills-Prescription-Diet\u00ae-Canine-kd-350g-inkstu-prieziurai.jpg\",\"contentUrl\":\"https:\\\/\\\/anivet.lt\\\/elparduotuve\\\/wp-content\\\/uploads\\\/2025\\\/01\\\/29-Hills-Prescription-Diet\u00ae-Canine-kd-350g-inkstu-prieziurai.jpg\",\"width\":768,\"height\":768,\"caption\":\"Hill\u2019s Prescription Diet\u00ae Canine k\\\/d 350g inkst\u0173 prie\u017ei\u016brai\"},{\"@type\":\"BreadcrumbList\",\"@id\":\"https:\\\/\\\/anivet.lt\\\/elparduotuve\\\/produktas\\\/hills-prescription-diet-canine-k-d-350g-inkstu-prieziurai\\\/#breadcrumb\",\"itemListElement\":[{\"@type\":\"ListItem\",\"position\":1,\"name\":\"Home\",\"item\":\"https:\\\/\\\/anivet.lt\\\/elparduotuve\\\/\"},{\"@type\":\"ListItem\",\"position\":2,\"name\":\"Produktai\",\"item\":\"https:\\\/\\\/anivet.lt\\\/elparduotuve\\\/produktai\\\/\"},{\"@type\":\"ListItem\",\"position\":3,\"name\":\"Hill\u2019s Prescription Diet\u00ae Canine k\\\/d 350g inkst\u0173 prie\u017ei\u016brai\"}]},{\"@type\":\"WebSite\",\"@id\":\"https:\\\/\\\/anivet.lt\\\/elparduotuve\\\/#website\",\"url\":\"https:\\\/\\\/anivet.lt\\\/elparduotuve\\\/\",\"name\":\"anivet.lt\",\"description\":\"Viskas J\u016bs\u0173 \u0161uns, kat\u0117s prie\u017ei\u016brai\",\"publisher\":{\"@id\":\"https:\\\/\\\/anivet.lt\\\/elparduotuve\\\/#organization\"},\"alternateName\":\"Viskas J\u016bs\u0173 \u0161uns, kat\u0117s prie\u017ei\u016brai\",\"potentialAction\":[{\"@type\":\"SearchAction\",\"target\":{\"@type\":\"EntryPoint\",\"urlTemplate\":\"https:\\\/\\\/anivet.lt\\\/elparduotuve\\\/?s={search_term_string}\"},\"query-input\":{\"@type\":\"PropertyValueSpecification\",\"valueRequired\":true,\"valueName\":\"search_term_string\"}}],\"inLanguage\":\"lt-LT\"},{\"@type\":\"Organization\",\"@id\":\"https:\\\/\\\/anivet.lt\\\/elparduotuve\\\/#organization\",\"name\":\"Viskas J\u016bs\u0173 \u0161uns, kat\u0117s prie\u017ei\u016brai\",\"url\":\"https:\\\/\\\/anivet.lt\\\/elparduotuve\\\/\",\"logo\":{\"@type\":\"ImageObject\",\"inLanguage\":\"lt-LT\",\"@id\":\"https:\\\/\\\/anivet.lt\\\/elparduotuve\\\/#\\\/schema\\\/logo\\\/image\\\/\",\"url\":\"https:\\\/\\\/anivet.lt\\\/elparduotuve\\\/wp-content\\\/uploads\\\/2023\\\/06\\\/logo2.jpg\",\"contentUrl\":\"https:\\\/\\\/anivet.lt\\\/elparduotuve\\\/wp-content\\\/uploads\\\/2023\\\/06\\\/logo2.jpg\",\"width\":655,\"height\":194,\"caption\":\"Viskas J\u016bs\u0173 \u0161uns, kat\u0117s prie\u017ei\u016brai\"},\"image\":{\"@id\":\"https:\\\/\\\/anivet.lt\\\/elparduotuve\\\/#\\\/schema\\\/logo\\\/image\\\/\"}}]}<\/script>\n<!-- \/ Yoast SEO Premium plugin. -->","yoast_head_json":{"title":"Hill\u2019s Prescription Diet\u00ae Canine k\/d 350g inkst\u0173 prie\u017ei\u016brai - anivet.lt","description":"\u0160is visavertis dietinis maistas padeda valdyti l\u0117tin\u012f ir laikin\u0105 inkst\u0173 nepakankamum\u0105 bei gerina augintinio gyvenimo kokyb\u0119. Specialiai subalansuota","robots":{"index":"index","follow":"follow","max-snippet":"max-snippet:-1","max-image-preview":"max-image-preview:large","max-video-preview":"max-video-preview:-1"},"canonical":"https:\/\/anivet.lt\/elparduotuve\/produktas\/hills-prescription-diet-canine-k-d-350g-inkstu-prieziurai\/","og_locale":"lt_LT","og_type":"article","og_title":"Hill\u2019s Prescription Diet\u00ae Canine k\/d 350g inkst\u0173 prie\u017ei\u016brai","og_description":"\u0160is visavertis dietinis maistas padeda valdyti l\u0117tin\u012f ir laikin\u0105 inkst\u0173 nepakankamum\u0105 bei gerina augintinio gyvenimo kokyb\u0119. Specialiai subalansuota","og_url":"https:\/\/anivet.lt\/elparduotuve\/produktas\/hills-prescription-diet-canine-k-d-350g-inkstu-prieziurai\/","og_site_name":"anivet.lt","article_modified_time":"2025-09-16T08:24:47+00:00","og_image":[{"width":768,"height":768,"url":"https:\/\/anivet.lt\/elparduotuve\/wp-content\/uploads\/2025\/01\/29-Hills-Prescription-Diet\u00ae-Canine-kd-350g-inkstu-prieziurai.jpg","type":"image\/jpeg"}],"twitter_card":"summary_large_image","twitter_misc":{"Est. reading time":"1 minut\u0117"},"schema":{"@context":"https:\/\/schema.org","@graph":[{"@type":"WebPage","@id":"https:\/\/anivet.lt\/elparduotuve\/produktas\/hills-prescription-diet-canine-k-d-350g-inkstu-prieziurai\/","url":"https:\/\/anivet.lt\/elparduotuve\/produktas\/hills-prescription-diet-canine-k-d-350g-inkstu-prieziurai\/","name":"Hill\u2019s Prescription Diet\u00ae Canine k\/d 350g inkst\u0173 prie\u017ei\u016brai - anivet.lt","isPartOf":{"@id":"https:\/\/anivet.lt\/elparduotuve\/#website"},"primaryImageOfPage":{"@id":"https:\/\/anivet.lt\/elparduotuve\/produktas\/hills-prescription-diet-canine-k-d-350g-inkstu-prieziurai\/#primaryimage"},"image":{"@id":"https:\/\/anivet.lt\/elparduotuve\/produktas\/hills-prescription-diet-canine-k-d-350g-inkstu-prieziurai\/#primaryimage"},"thumbnailUrl":"https:\/\/anivet.lt\/elparduotuve\/wp-content\/uploads\/2025\/01\/29-Hills-Prescription-Diet\u00ae-Canine-kd-350g-inkstu-prieziurai.jpg","datePublished":"2025-01-15T05:03:16+00:00","dateModified":"2025-09-16T08:24:47+00:00","description":"\u0160is visavertis dietinis maistas padeda valdyti l\u0117tin\u012f ir laikin\u0105 inkst\u0173 nepakankamum\u0105 bei gerina augintinio gyvenimo kokyb\u0119. Specialiai subalansuota","breadcrumb":{"@id":"https:\/\/anivet.lt\/elparduotuve\/produktas\/hills-prescription-diet-canine-k-d-350g-inkstu-prieziurai\/#breadcrumb"},"inLanguage":"lt-LT","potentialAction":[{"@type":"ReadAction","target":["https:\/\/anivet.lt\/elparduotuve\/produktas\/hills-prescription-diet-canine-k-d-350g-inkstu-prieziurai\/"]}]},{"@type":"ImageObject","inLanguage":"lt-LT","@id":"https:\/\/anivet.lt\/elparduotuve\/produktas\/hills-prescription-diet-canine-k-d-350g-inkstu-prieziurai\/#primaryimage","url":"https:\/\/anivet.lt\/elparduotuve\/wp-content\/uploads\/2025\/01\/29-Hills-Prescription-Diet\u00ae-Canine-kd-350g-inkstu-prieziurai.jpg","contentUrl":"https:\/\/anivet.lt\/elparduotuve\/wp-content\/uploads\/2025\/01\/29-Hills-Prescription-Diet\u00ae-Canine-kd-350g-inkstu-prieziurai.jpg","width":768,"height":768,"caption":"Hill\u2019s Prescription Diet\u00ae Canine k\/d 350g inkst\u0173 prie\u017ei\u016brai"},{"@type":"BreadcrumbList","@id":"https:\/\/anivet.lt\/elparduotuve\/produktas\/hills-prescription-diet-canine-k-d-350g-inkstu-prieziurai\/#breadcrumb","itemListElement":[{"@type":"ListItem","position":1,"name":"Home","item":"https:\/\/anivet.lt\/elparduotuve\/"},{"@type":"ListItem","position":2,"name":"Produktai","item":"https:\/\/anivet.lt\/elparduotuve\/produktai\/"},{"@type":"ListItem","position":3,"name":"Hill\u2019s Prescription Diet\u00ae Canine k\/d 350g inkst\u0173 prie\u017ei\u016brai"}]},{"@type":"WebSite","@id":"https:\/\/anivet.lt\/elparduotuve\/#website","url":"https:\/\/anivet.lt\/elparduotuve\/","name":"anivet.lt","description":"Viskas J\u016bs\u0173 \u0161uns, kat\u0117s prie\u017ei\u016brai","publisher":{"@id":"https:\/\/anivet.lt\/elparduotuve\/#organization"},"alternateName":"Viskas J\u016bs\u0173 \u0161uns, kat\u0117s prie\u017ei\u016brai","potentialAction":[{"@type":"SearchAction","target":{"@type":"EntryPoint","urlTemplate":"https:\/\/anivet.lt\/elparduotuve\/?s={search_term_string}"},"query-input":{"@type":"PropertyValueSpecification","valueRequired":true,"valueName":"search_term_string"}}],"inLanguage":"lt-LT"},{"@type":"Organization","@id":"https:\/\/anivet.lt\/elparduotuve\/#organization","name":"Viskas J\u016bs\u0173 \u0161uns, kat\u0117s prie\u017ei\u016brai","url":"https:\/\/anivet.lt\/elparduotuve\/","logo":{"@type":"ImageObject","inLanguage":"lt-LT","@id":"https:\/\/anivet.lt\/elparduotuve\/#\/schema\/logo\/image\/","url":"https:\/\/anivet.lt\/elparduotuve\/wp-content\/uploads\/2023\/06\/logo2.jpg","contentUrl":"https:\/\/anivet.lt\/elparduotuve\/wp-content\/uploads\/2023\/06\/logo2.jpg","width":655,"height":194,"caption":"Viskas J\u016bs\u0173 \u0161uns, kat\u0117s prie\u017ei\u016brai"},"image":{"@id":"https:\/\/anivet.lt\/elparduotuve\/#\/schema\/logo\/image\/"}}]}},"_links":{"self":[{"href":"https:\/\/anivet.lt\/elparduotuve\/wp-json\/wp\/v2\/product\/16319","targetHints":{"allow":["GET"]}}],"collection":[{"href":"https:\/\/anivet.lt\/elparduotuve\/wp-json\/wp\/v2\/product"}],"about":[{"href":"https:\/\/anivet.lt\/elparduotuve\/wp-json\/wp\/v2\/types\/product"}],"wp:featuredmedia":[{"embeddable":true,"href":"https:\/\/anivet.lt\/elparduotuve\/wp-json\/wp\/v2\/media\/16320"}],"wp:attachment":[{"href":"https:\/\/anivet.lt\/elparduotuve\/wp-json\/wp\/v2\/media?parent=16319"}],"wp:term":[{"taxonomy":"product_brand","embeddable":true,"href":"https:\/\/anivet.lt\/elparduotuve\/wp-json\/wp\/v2\/product_brand?post=16319"},{"taxonomy":"product_cat","embeddable":true,"href":"https:\/\/anivet.lt\/elparduotuve\/wp-json\/wp\/v2\/product_cat?post=16319"},{"taxonomy":"product_tag","embeddable":true,"href":"https:\/\/anivet.lt\/elparduotuve\/wp-json\/wp\/v2\/product_tag?post=16319"}],"curies":[{"name":"wp","href":"https:\/\/api.w.org\/{rel}","templated":true}]}}