{"id":16323,"date":"2025-01-15T05:22:38","date_gmt":"2025-01-15T05:22:38","guid":{"rendered":"https:\/\/anivet.lt\/elparduotuve\/?post_type=product&#038;p=16323"},"modified":"2025-05-27T13:35:25","modified_gmt":"2025-05-27T13:35:25","slug":"hills-prescription-diet-canine-feline-a-d-200-g-issekusiems-gyvunams","status":"publish","type":"product","link":"https:\/\/anivet.lt\/elparduotuve\/produktas\/hills-prescription-diet-canine-feline-a-d-200-g-issekusiems-gyvunams\/","title":{"rendered":"Hill\u2019s Prescription Diet\u00ae Canine\/Feline a\/d 200 g i\u0161sekusiems gyv\u016bnams"},"content":{"rendered":"<p>\u0160is palaikomasis pa\u0161aras padeda augintiniams atsigauti po operacij\u0173, traum\u0173 ar sunki\u0173 lig\u0173. Sukurtas siekiant u\u017etikrinti tinkam\u0105 mityb\u0105 ir suteikti energijos greitesniam gijimui.<\/p>\n<ul>\n<li>Didelis energijos tankis: Papildo organizm\u0105 reikalingomis kalorijomis, kad augintinis atsigaut\u0173 grei\u010diau.<\/li>\n<li>Lengvai vir\u0161kinamos sudedamosios dalys: Auk\u0161tos kokyb\u0117s baltymai ir riebalai padeda palaikyti organizmo atsinaujinimo procesus.<\/li>\n<li>Lankst\u016bs \u0161\u0117rimo b\u016bdai: Mink\u0161ta, vienalyt\u0117 tekst\u016bra leid\u017eia \u0161erti i\u0161 duben\u0117lio, \u0161auk\u0161tu, \u0161virk\u0161tu ar per vamzdel\u012f.<\/li>\n<li>Klinikiniais tyrimais patvirtinti antioksidantai: Stiprina imunitet\u0105 ir skatina organizmo atsparum\u0105 ligoms.<\/li>\n<li>Skatina apetit\u0105: Itin gardus skonis vilioja \u0117sti net ir silpnesnius augintinius.<\/li>\n<\/ul>\n<p>\u201eHill\u2019s Prescription Diet a\/d\u201d \u2013 tai idealus sprendimas trumpalaikiam ar papildomam \u0161\u0117rimui, kai augintiniui reikalingas ypatingas d\u0117mesys ir pagalba sveikstant. Rekomenduojama pasitarti su veterinaru d\u0117l pa\u0161aro tinkamumo ir naudojimo trukm\u0117s, u\u017etikrinant geriausi\u0105 augintinio prie\u017ei\u016br\u0105.<\/p>\n","protected":false},"excerpt":{"rendered":"<p>\u0160is palaikomasis pa\u0161aras padeda augintiniams atsigauti po operacij\u0173, traum\u0173 ar sunki\u0173 lig\u0173. Sukurtas siekiant u\u017etikrinti tinkam\u0105 mityb\u0105 ir suteikti energijos<\/p>\n","protected":false},"featured_media":16324,"template":"","meta":[],"product_brand":[],"product_cat":[101,103,114,102,107,118,441,333],"product_tag":[],"class_list":{"0":"post-16323","1":"product","2":"type-product","3":"status-publish","4":"has-post-thumbnail","6":"product_cat-sunims","7":"product_cat-sunu-maistas","8":"product_cat-kaciu-maistas","9":"product_cat-katems","10":"product_cat-veterinarine-dieta","11":"product_cat-veterinarinis-maistas-katems","12":"product_cat-hills-kaciu-maistas","13":"product_cat-hills-sunu-maistas","14":"pa_prekinis-zenklas-hills","16":"first","17":"instock","18":"taxable","19":"shipping-taxable","20":"purchasable","21":"product-type-simple"},"yoast_head":"<!-- This site is optimized with the Yoast SEO Premium plugin v27.1 (Yoast SEO v27.5) - https:\/\/yoast.com\/product\/yoast-seo-premium-wordpress\/ -->\n<title>Hill\u2019s Prescription Diet\u00ae Canine\/Feline a\/d 200 g i\u0161sekusiems gyv\u016bnams - anivet.lt<\/title>\n<meta name=\"description\" content=\"\u0160is palaikomasis pa\u0161aras padeda augintiniams atsigauti po operacij\u0173, traum\u0173 ar sunki\u0173 lig\u0173. Sukurtas siekiant u\u017etikrinti tinkam\u0105 mityb\u0105 ir suteikti\" \/>\n<meta name=\"robots\" content=\"index, follow, max-snippet:-1, max-image-preview:large, max-video-preview:-1\" \/>\n<link rel=\"canonical\" href=\"https:\/\/anivet.lt\/elparduotuve\/produktas\/hills-prescription-diet-canine-feline-a-d-200-g-issekusiems-gyvunams\/\" \/>\n<meta property=\"og:locale\" content=\"lt_LT\" \/>\n<meta property=\"og:type\" content=\"article\" \/>\n<meta property=\"og:title\" content=\"Hill\u2019s Prescription Diet\u00ae Canine\/Feline a\/d 200 g i\u0161sekusiems gyv\u016bnams\" \/>\n<meta property=\"og:description\" content=\"\u0160is palaikomasis pa\u0161aras padeda augintiniams atsigauti po operacij\u0173, traum\u0173 ar sunki\u0173 lig\u0173. Sukurtas siekiant u\u017etikrinti tinkam\u0105 mityb\u0105 ir suteikti\" \/>\n<meta property=\"og:url\" content=\"https:\/\/anivet.lt\/elparduotuve\/produktas\/hills-prescription-diet-canine-feline-a-d-200-g-issekusiems-gyvunams\/\" \/>\n<meta property=\"og:site_name\" content=\"anivet.lt\" \/>\n<meta property=\"article:modified_time\" content=\"2025-05-27T13:35:25+00:00\" \/>\n<meta property=\"og:image\" content=\"https:\/\/anivet.lt\/elparduotuve\/wp-content\/uploads\/2025\/01\/31-Hills-Prescription-Diet\u00ae-Canine-Feline-ad-200-g-issekusiems-gyvunams.jpg\" \/>\n\t<meta property=\"og:image:width\" content=\"768\" \/>\n\t<meta property=\"og:image:height\" content=\"768\" \/>\n\t<meta property=\"og:image:type\" content=\"image\/jpeg\" \/>\n<meta name=\"twitter:card\" content=\"summary_large_image\" \/>\n<meta name=\"twitter:label1\" content=\"Est. reading time\" \/>\n\t<meta name=\"twitter:data1\" content=\"1 minut\u0117\" \/>\n<script type=\"application\/ld+json\" class=\"yoast-schema-graph\">{\"@context\":\"https:\\\/\\\/schema.org\",\"@graph\":[{\"@type\":\"WebPage\",\"@id\":\"https:\\\/\\\/anivet.lt\\\/elparduotuve\\\/produktas\\\/hills-prescription-diet-canine-feline-a-d-200-g-issekusiems-gyvunams\\\/\",\"url\":\"https:\\\/\\\/anivet.lt\\\/elparduotuve\\\/produktas\\\/hills-prescription-diet-canine-feline-a-d-200-g-issekusiems-gyvunams\\\/\",\"name\":\"Hill\u2019s Prescription Diet\u00ae Canine\\\/Feline a\\\/d 200 g i\u0161sekusiems gyv\u016bnams - anivet.lt\",\"isPartOf\":{\"@id\":\"https:\\\/\\\/anivet.lt\\\/elparduotuve\\\/#website\"},\"primaryImageOfPage\":{\"@id\":\"https:\\\/\\\/anivet.lt\\\/elparduotuve\\\/produktas\\\/hills-prescription-diet-canine-feline-a-d-200-g-issekusiems-gyvunams\\\/#primaryimage\"},\"image\":{\"@id\":\"https:\\\/\\\/anivet.lt\\\/elparduotuve\\\/produktas\\\/hills-prescription-diet-canine-feline-a-d-200-g-issekusiems-gyvunams\\\/#primaryimage\"},\"thumbnailUrl\":\"https:\\\/\\\/anivet.lt\\\/elparduotuve\\\/wp-content\\\/uploads\\\/2025\\\/01\\\/31-Hills-Prescription-Diet\u00ae-Canine-Feline-ad-200-g-issekusiems-gyvunams.jpg\",\"datePublished\":\"2025-01-15T05:22:38+00:00\",\"dateModified\":\"2025-05-27T13:35:25+00:00\",\"description\":\"\u0160is palaikomasis pa\u0161aras padeda augintiniams atsigauti po operacij\u0173, traum\u0173 ar sunki\u0173 lig\u0173. Sukurtas siekiant u\u017etikrinti tinkam\u0105 mityb\u0105 ir suteikti\",\"breadcrumb\":{\"@id\":\"https:\\\/\\\/anivet.lt\\\/elparduotuve\\\/produktas\\\/hills-prescription-diet-canine-feline-a-d-200-g-issekusiems-gyvunams\\\/#breadcrumb\"},\"inLanguage\":\"lt-LT\",\"potentialAction\":[{\"@type\":\"ReadAction\",\"target\":[\"https:\\\/\\\/anivet.lt\\\/elparduotuve\\\/produktas\\\/hills-prescription-diet-canine-feline-a-d-200-g-issekusiems-gyvunams\\\/\"]}]},{\"@type\":\"ImageObject\",\"inLanguage\":\"lt-LT\",\"@id\":\"https:\\\/\\\/anivet.lt\\\/elparduotuve\\\/produktas\\\/hills-prescription-diet-canine-feline-a-d-200-g-issekusiems-gyvunams\\\/#primaryimage\",\"url\":\"https:\\\/\\\/anivet.lt\\\/elparduotuve\\\/wp-content\\\/uploads\\\/2025\\\/01\\\/31-Hills-Prescription-Diet\u00ae-Canine-Feline-ad-200-g-issekusiems-gyvunams.jpg\",\"contentUrl\":\"https:\\\/\\\/anivet.lt\\\/elparduotuve\\\/wp-content\\\/uploads\\\/2025\\\/01\\\/31-Hills-Prescription-Diet\u00ae-Canine-Feline-ad-200-g-issekusiems-gyvunams.jpg\",\"width\":768,\"height\":768,\"caption\":\"Hill\u2019s Prescription Diet\u00ae Canine\\\/Feline a\\\/d 200 g i\u0161sekusiems gyv\u016bnams\"},{\"@type\":\"BreadcrumbList\",\"@id\":\"https:\\\/\\\/anivet.lt\\\/elparduotuve\\\/produktas\\\/hills-prescription-diet-canine-feline-a-d-200-g-issekusiems-gyvunams\\\/#breadcrumb\",\"itemListElement\":[{\"@type\":\"ListItem\",\"position\":1,\"name\":\"Home\",\"item\":\"https:\\\/\\\/anivet.lt\\\/elparduotuve\\\/\"},{\"@type\":\"ListItem\",\"position\":2,\"name\":\"Produktai\",\"item\":\"https:\\\/\\\/anivet.lt\\\/elparduotuve\\\/produktai\\\/\"},{\"@type\":\"ListItem\",\"position\":3,\"name\":\"Hill\u2019s Prescription Diet\u00ae Canine\\\/Feline a\\\/d 200 g i\u0161sekusiems gyv\u016bnams\"}]},{\"@type\":\"WebSite\",\"@id\":\"https:\\\/\\\/anivet.lt\\\/elparduotuve\\\/#website\",\"url\":\"https:\\\/\\\/anivet.lt\\\/elparduotuve\\\/\",\"name\":\"anivet.lt\",\"description\":\"Viskas J\u016bs\u0173 \u0161uns, kat\u0117s prie\u017ei\u016brai\",\"publisher\":{\"@id\":\"https:\\\/\\\/anivet.lt\\\/elparduotuve\\\/#organization\"},\"alternateName\":\"Viskas J\u016bs\u0173 \u0161uns, kat\u0117s prie\u017ei\u016brai\",\"potentialAction\":[{\"@type\":\"SearchAction\",\"target\":{\"@type\":\"EntryPoint\",\"urlTemplate\":\"https:\\\/\\\/anivet.lt\\\/elparduotuve\\\/?s={search_term_string}\"},\"query-input\":{\"@type\":\"PropertyValueSpecification\",\"valueRequired\":true,\"valueName\":\"search_term_string\"}}],\"inLanguage\":\"lt-LT\"},{\"@type\":\"Organization\",\"@id\":\"https:\\\/\\\/anivet.lt\\\/elparduotuve\\\/#organization\",\"name\":\"Viskas J\u016bs\u0173 \u0161uns, kat\u0117s prie\u017ei\u016brai\",\"url\":\"https:\\\/\\\/anivet.lt\\\/elparduotuve\\\/\",\"logo\":{\"@type\":\"ImageObject\",\"inLanguage\":\"lt-LT\",\"@id\":\"https:\\\/\\\/anivet.lt\\\/elparduotuve\\\/#\\\/schema\\\/logo\\\/image\\\/\",\"url\":\"https:\\\/\\\/anivet.lt\\\/elparduotuve\\\/wp-content\\\/uploads\\\/2023\\\/06\\\/logo2.jpg\",\"contentUrl\":\"https:\\\/\\\/anivet.lt\\\/elparduotuve\\\/wp-content\\\/uploads\\\/2023\\\/06\\\/logo2.jpg\",\"width\":655,\"height\":194,\"caption\":\"Viskas J\u016bs\u0173 \u0161uns, kat\u0117s prie\u017ei\u016brai\"},\"image\":{\"@id\":\"https:\\\/\\\/anivet.lt\\\/elparduotuve\\\/#\\\/schema\\\/logo\\\/image\\\/\"}}]}<\/script>\n<!-- \/ Yoast SEO Premium plugin. -->","yoast_head_json":{"title":"Hill\u2019s Prescription Diet\u00ae Canine\/Feline a\/d 200 g i\u0161sekusiems gyv\u016bnams - anivet.lt","description":"\u0160is palaikomasis pa\u0161aras padeda augintiniams atsigauti po operacij\u0173, traum\u0173 ar sunki\u0173 lig\u0173. Sukurtas siekiant u\u017etikrinti tinkam\u0105 mityb\u0105 ir suteikti","robots":{"index":"index","follow":"follow","max-snippet":"max-snippet:-1","max-image-preview":"max-image-preview:large","max-video-preview":"max-video-preview:-1"},"canonical":"https:\/\/anivet.lt\/elparduotuve\/produktas\/hills-prescription-diet-canine-feline-a-d-200-g-issekusiems-gyvunams\/","og_locale":"lt_LT","og_type":"article","og_title":"Hill\u2019s Prescription Diet\u00ae Canine\/Feline a\/d 200 g i\u0161sekusiems gyv\u016bnams","og_description":"\u0160is palaikomasis pa\u0161aras padeda augintiniams atsigauti po operacij\u0173, traum\u0173 ar sunki\u0173 lig\u0173. Sukurtas siekiant u\u017etikrinti tinkam\u0105 mityb\u0105 ir suteikti","og_url":"https:\/\/anivet.lt\/elparduotuve\/produktas\/hills-prescription-diet-canine-feline-a-d-200-g-issekusiems-gyvunams\/","og_site_name":"anivet.lt","article_modified_time":"2025-05-27T13:35:25+00:00","og_image":[{"width":768,"height":768,"url":"https:\/\/anivet.lt\/elparduotuve\/wp-content\/uploads\/2025\/01\/31-Hills-Prescription-Diet\u00ae-Canine-Feline-ad-200-g-issekusiems-gyvunams.jpg","type":"image\/jpeg"}],"twitter_card":"summary_large_image","twitter_misc":{"Est. reading time":"1 minut\u0117"},"schema":{"@context":"https:\/\/schema.org","@graph":[{"@type":"WebPage","@id":"https:\/\/anivet.lt\/elparduotuve\/produktas\/hills-prescription-diet-canine-feline-a-d-200-g-issekusiems-gyvunams\/","url":"https:\/\/anivet.lt\/elparduotuve\/produktas\/hills-prescription-diet-canine-feline-a-d-200-g-issekusiems-gyvunams\/","name":"Hill\u2019s Prescription Diet\u00ae Canine\/Feline a\/d 200 g i\u0161sekusiems gyv\u016bnams - anivet.lt","isPartOf":{"@id":"https:\/\/anivet.lt\/elparduotuve\/#website"},"primaryImageOfPage":{"@id":"https:\/\/anivet.lt\/elparduotuve\/produktas\/hills-prescription-diet-canine-feline-a-d-200-g-issekusiems-gyvunams\/#primaryimage"},"image":{"@id":"https:\/\/anivet.lt\/elparduotuve\/produktas\/hills-prescription-diet-canine-feline-a-d-200-g-issekusiems-gyvunams\/#primaryimage"},"thumbnailUrl":"https:\/\/anivet.lt\/elparduotuve\/wp-content\/uploads\/2025\/01\/31-Hills-Prescription-Diet\u00ae-Canine-Feline-ad-200-g-issekusiems-gyvunams.jpg","datePublished":"2025-01-15T05:22:38+00:00","dateModified":"2025-05-27T13:35:25+00:00","description":"\u0160is palaikomasis pa\u0161aras padeda augintiniams atsigauti po operacij\u0173, traum\u0173 ar sunki\u0173 lig\u0173. Sukurtas siekiant u\u017etikrinti tinkam\u0105 mityb\u0105 ir suteikti","breadcrumb":{"@id":"https:\/\/anivet.lt\/elparduotuve\/produktas\/hills-prescription-diet-canine-feline-a-d-200-g-issekusiems-gyvunams\/#breadcrumb"},"inLanguage":"lt-LT","potentialAction":[{"@type":"ReadAction","target":["https:\/\/anivet.lt\/elparduotuve\/produktas\/hills-prescription-diet-canine-feline-a-d-200-g-issekusiems-gyvunams\/"]}]},{"@type":"ImageObject","inLanguage":"lt-LT","@id":"https:\/\/anivet.lt\/elparduotuve\/produktas\/hills-prescription-diet-canine-feline-a-d-200-g-issekusiems-gyvunams\/#primaryimage","url":"https:\/\/anivet.lt\/elparduotuve\/wp-content\/uploads\/2025\/01\/31-Hills-Prescription-Diet\u00ae-Canine-Feline-ad-200-g-issekusiems-gyvunams.jpg","contentUrl":"https:\/\/anivet.lt\/elparduotuve\/wp-content\/uploads\/2025\/01\/31-Hills-Prescription-Diet\u00ae-Canine-Feline-ad-200-g-issekusiems-gyvunams.jpg","width":768,"height":768,"caption":"Hill\u2019s Prescription Diet\u00ae Canine\/Feline a\/d 200 g i\u0161sekusiems gyv\u016bnams"},{"@type":"BreadcrumbList","@id":"https:\/\/anivet.lt\/elparduotuve\/produktas\/hills-prescription-diet-canine-feline-a-d-200-g-issekusiems-gyvunams\/#breadcrumb","itemListElement":[{"@type":"ListItem","position":1,"name":"Home","item":"https:\/\/anivet.lt\/elparduotuve\/"},{"@type":"ListItem","position":2,"name":"Produktai","item":"https:\/\/anivet.lt\/elparduotuve\/produktai\/"},{"@type":"ListItem","position":3,"name":"Hill\u2019s Prescription Diet\u00ae Canine\/Feline a\/d 200 g i\u0161sekusiems gyv\u016bnams"}]},{"@type":"WebSite","@id":"https:\/\/anivet.lt\/elparduotuve\/#website","url":"https:\/\/anivet.lt\/elparduotuve\/","name":"anivet.lt","description":"Viskas J\u016bs\u0173 \u0161uns, kat\u0117s prie\u017ei\u016brai","publisher":{"@id":"https:\/\/anivet.lt\/elparduotuve\/#organization"},"alternateName":"Viskas J\u016bs\u0173 \u0161uns, kat\u0117s prie\u017ei\u016brai","potentialAction":[{"@type":"SearchAction","target":{"@type":"EntryPoint","urlTemplate":"https:\/\/anivet.lt\/elparduotuve\/?s={search_term_string}"},"query-input":{"@type":"PropertyValueSpecification","valueRequired":true,"valueName":"search_term_string"}}],"inLanguage":"lt-LT"},{"@type":"Organization","@id":"https:\/\/anivet.lt\/elparduotuve\/#organization","name":"Viskas J\u016bs\u0173 \u0161uns, kat\u0117s prie\u017ei\u016brai","url":"https:\/\/anivet.lt\/elparduotuve\/","logo":{"@type":"ImageObject","inLanguage":"lt-LT","@id":"https:\/\/anivet.lt\/elparduotuve\/#\/schema\/logo\/image\/","url":"https:\/\/anivet.lt\/elparduotuve\/wp-content\/uploads\/2023\/06\/logo2.jpg","contentUrl":"https:\/\/anivet.lt\/elparduotuve\/wp-content\/uploads\/2023\/06\/logo2.jpg","width":655,"height":194,"caption":"Viskas J\u016bs\u0173 \u0161uns, kat\u0117s prie\u017ei\u016brai"},"image":{"@id":"https:\/\/anivet.lt\/elparduotuve\/#\/schema\/logo\/image\/"}}]}},"_links":{"self":[{"href":"https:\/\/anivet.lt\/elparduotuve\/wp-json\/wp\/v2\/product\/16323","targetHints":{"allow":["GET"]}}],"collection":[{"href":"https:\/\/anivet.lt\/elparduotuve\/wp-json\/wp\/v2\/product"}],"about":[{"href":"https:\/\/anivet.lt\/elparduotuve\/wp-json\/wp\/v2\/types\/product"}],"wp:featuredmedia":[{"embeddable":true,"href":"https:\/\/anivet.lt\/elparduotuve\/wp-json\/wp\/v2\/media\/16324"}],"wp:attachment":[{"href":"https:\/\/anivet.lt\/elparduotuve\/wp-json\/wp\/v2\/media?parent=16323"}],"wp:term":[{"taxonomy":"product_brand","embeddable":true,"href":"https:\/\/anivet.lt\/elparduotuve\/wp-json\/wp\/v2\/product_brand?post=16323"},{"taxonomy":"product_cat","embeddable":true,"href":"https:\/\/anivet.lt\/elparduotuve\/wp-json\/wp\/v2\/product_cat?post=16323"},{"taxonomy":"product_tag","embeddable":true,"href":"https:\/\/anivet.lt\/elparduotuve\/wp-json\/wp\/v2\/product_tag?post=16323"}],"curies":[{"name":"wp","href":"https:\/\/api.w.org\/{rel}","templated":true}]}}