{"id":16325,"date":"2025-01-15T05:30:55","date_gmt":"2025-01-15T05:30:55","guid":{"rendered":"https:\/\/anivet.lt\/elparduotuve\/?post_type=product&#038;p=16325"},"modified":"2025-05-27T13:35:26","modified_gmt":"2025-05-27T13:35:26","slug":"hills-prescription-diet-canine-l-d-370g-kepenu-veiklai","status":"publish","type":"product","link":"https:\/\/anivet.lt\/elparduotuve\/produktas\/hills-prescription-diet-canine-l-d-370g-kepenu-veiklai\/","title":{"rendered":"Hill\u2019s Prescription Diet\u00ae Canine l\/d 370g kepen\u0173 veiklai"},"content":{"rendered":"<p>\u0160is specializuotas pa\u0161aras sukurtas siekiant pagerinti kepen\u0173 funkcij\u0105, apsaugoti kepen\u0173 audinius ir palaikyti j\u016bs\u0173 augintinio gyvybingum\u0105. Jis u\u017etikrina, kad \u0161uns mityba atitikt\u0173 specifinius poreikius esant kepen\u0173 ligoms.<\/p>\n<ul>\n<li>Lengvai vir\u0161kinami baltymai: Subalansuotas baltym\u0173 kiekis ma\u017eina kepen\u0173 apkrov\u0105 ir skatina j\u0173 atsistatym\u0105.<\/li>\n<li>Ma\u017eesnis vario kiekis: Suma\u017eina vario kaupim\u0105si kepenyse, apsaugodamas nuo su tuo susijusi\u0173 pa\u017eeidim\u0173.<\/li>\n<li>Klinikiniais tyrimais patvirtinti antioksidantai: Padeda stiprinti imunin\u0119 sistem\u0105 ir apsaugoti kepen\u0173 l\u0105steles.<\/li>\n<li>Palaiko maistini\u0173 med\u017eiag\u0173 balans\u0105: I\u0161vengiama su kepen\u0173 ligomis susijusio maistini\u0173 med\u017eiag\u0173 tr\u016bkumo ar pertekliaus.<\/li>\n<li>S+OXSHIELD sistema: Ma\u017eina \u0161lapimo sistemos kristal\u0173, toki\u0173 kaip struvitai ir kalcio oksalatai, susidarymo rizik\u0105.<\/li>\n<\/ul>\n<p>\u201eHill\u2019s Prescription Diet l\/d\u201d \u2013 tai efektyvi pagalba j\u016bs\u0173 \u0161uns kepen\u0173 sveikatai. \u0160is gardus ir lengvai vir\u0161kinamas pa\u0161aras padeda palaikyti kepen\u0173 funkcijas, skatindamas sveikim\u0105 ir ilgalaik\u0119 gerov\u0119. Rekomenduojama pasitarti su veterinaru d\u0117l pa\u0161aro tinkamumo ir naudojimo trukm\u0117s.<\/p>\n","protected":false},"excerpt":{"rendered":"<p>\u0160is specializuotas pa\u0161aras sukurtas siekiant pagerinti kepen\u0173 funkcij\u0105, apsaugoti kepen\u0173 audinius ir palaikyti j\u016bs\u0173 augintinio gyvybingum\u0105. Jis u\u017etikrina, kad \u0161uns<\/p>\n","protected":false},"featured_media":16326,"template":"","meta":[],"product_brand":[],"product_cat":[101,103,107,333],"product_tag":[],"class_list":{"0":"post-16325","1":"product","2":"type-product","3":"status-publish","4":"has-post-thumbnail","6":"product_cat-sunims","7":"product_cat-sunu-maistas","8":"product_cat-veterinarine-dieta","9":"product_cat-hills-sunu-maistas","10":"pa_prekinis-zenklas-hills","12":"first","13":"instock","14":"taxable","15":"shipping-taxable","16":"purchasable","17":"product-type-simple"},"yoast_head":"<!-- This site is optimized with the Yoast SEO Premium plugin v27.1 (Yoast SEO v27.5) - https:\/\/yoast.com\/product\/yoast-seo-premium-wordpress\/ -->\n<title>Hill\u2019s Prescription Diet\u00ae Canine l\/d 370g kepen\u0173 veiklai - anivet.lt<\/title>\n<meta name=\"description\" content=\"\u0160is specializuotas pa\u0161aras sukurtas siekiant pagerinti kepen\u0173 funkcij\u0105, apsaugoti kepen\u0173 audinius ir palaikyti j\u016bs\u0173 augintinio gyvybingum\u0105. Jis u\u017etikrina,\" \/>\n<meta name=\"robots\" content=\"index, follow, max-snippet:-1, max-image-preview:large, max-video-preview:-1\" \/>\n<link rel=\"canonical\" href=\"https:\/\/anivet.lt\/elparduotuve\/produktas\/hills-prescription-diet-canine-l-d-370g-kepenu-veiklai\/\" \/>\n<meta property=\"og:locale\" content=\"lt_LT\" \/>\n<meta property=\"og:type\" content=\"article\" \/>\n<meta property=\"og:title\" content=\"Hill\u2019s Prescription Diet\u00ae Canine l\/d 370g kepen\u0173 veiklai\" \/>\n<meta property=\"og:description\" content=\"\u0160is specializuotas pa\u0161aras sukurtas siekiant pagerinti kepen\u0173 funkcij\u0105, apsaugoti kepen\u0173 audinius ir palaikyti j\u016bs\u0173 augintinio gyvybingum\u0105. Jis u\u017etikrina,\" \/>\n<meta property=\"og:url\" content=\"https:\/\/anivet.lt\/elparduotuve\/produktas\/hills-prescription-diet-canine-l-d-370g-kepenu-veiklai\/\" \/>\n<meta property=\"og:site_name\" content=\"anivet.lt\" \/>\n<meta property=\"article:modified_time\" content=\"2025-05-27T13:35:26+00:00\" \/>\n<meta property=\"og:image\" content=\"https:\/\/anivet.lt\/elparduotuve\/wp-content\/uploads\/2025\/01\/32-Hills-Prescription-Diet\u00ae-Canine-ld-370g-kepenu-veiklai.jpg\" \/>\n\t<meta property=\"og:image:width\" content=\"768\" \/>\n\t<meta property=\"og:image:height\" content=\"768\" \/>\n\t<meta property=\"og:image:type\" content=\"image\/jpeg\" \/>\n<meta name=\"twitter:card\" content=\"summary_large_image\" \/>\n<meta name=\"twitter:label1\" content=\"Est. reading time\" \/>\n\t<meta name=\"twitter:data1\" content=\"1 minut\u0117\" \/>\n<script type=\"application\/ld+json\" class=\"yoast-schema-graph\">{\"@context\":\"https:\\\/\\\/schema.org\",\"@graph\":[{\"@type\":\"WebPage\",\"@id\":\"https:\\\/\\\/anivet.lt\\\/elparduotuve\\\/produktas\\\/hills-prescription-diet-canine-l-d-370g-kepenu-veiklai\\\/\",\"url\":\"https:\\\/\\\/anivet.lt\\\/elparduotuve\\\/produktas\\\/hills-prescription-diet-canine-l-d-370g-kepenu-veiklai\\\/\",\"name\":\"Hill\u2019s Prescription Diet\u00ae Canine l\\\/d 370g kepen\u0173 veiklai - anivet.lt\",\"isPartOf\":{\"@id\":\"https:\\\/\\\/anivet.lt\\\/elparduotuve\\\/#website\"},\"primaryImageOfPage\":{\"@id\":\"https:\\\/\\\/anivet.lt\\\/elparduotuve\\\/produktas\\\/hills-prescription-diet-canine-l-d-370g-kepenu-veiklai\\\/#primaryimage\"},\"image\":{\"@id\":\"https:\\\/\\\/anivet.lt\\\/elparduotuve\\\/produktas\\\/hills-prescription-diet-canine-l-d-370g-kepenu-veiklai\\\/#primaryimage\"},\"thumbnailUrl\":\"https:\\\/\\\/anivet.lt\\\/elparduotuve\\\/wp-content\\\/uploads\\\/2025\\\/01\\\/32-Hills-Prescription-Diet\u00ae-Canine-ld-370g-kepenu-veiklai.jpg\",\"datePublished\":\"2025-01-15T05:30:55+00:00\",\"dateModified\":\"2025-05-27T13:35:26+00:00\",\"description\":\"\u0160is specializuotas pa\u0161aras sukurtas siekiant pagerinti kepen\u0173 funkcij\u0105, apsaugoti kepen\u0173 audinius ir palaikyti j\u016bs\u0173 augintinio gyvybingum\u0105. Jis u\u017etikrina,\",\"breadcrumb\":{\"@id\":\"https:\\\/\\\/anivet.lt\\\/elparduotuve\\\/produktas\\\/hills-prescription-diet-canine-l-d-370g-kepenu-veiklai\\\/#breadcrumb\"},\"inLanguage\":\"lt-LT\",\"potentialAction\":[{\"@type\":\"ReadAction\",\"target\":[\"https:\\\/\\\/anivet.lt\\\/elparduotuve\\\/produktas\\\/hills-prescription-diet-canine-l-d-370g-kepenu-veiklai\\\/\"]}]},{\"@type\":\"ImageObject\",\"inLanguage\":\"lt-LT\",\"@id\":\"https:\\\/\\\/anivet.lt\\\/elparduotuve\\\/produktas\\\/hills-prescription-diet-canine-l-d-370g-kepenu-veiklai\\\/#primaryimage\",\"url\":\"https:\\\/\\\/anivet.lt\\\/elparduotuve\\\/wp-content\\\/uploads\\\/2025\\\/01\\\/32-Hills-Prescription-Diet\u00ae-Canine-ld-370g-kepenu-veiklai.jpg\",\"contentUrl\":\"https:\\\/\\\/anivet.lt\\\/elparduotuve\\\/wp-content\\\/uploads\\\/2025\\\/01\\\/32-Hills-Prescription-Diet\u00ae-Canine-ld-370g-kepenu-veiklai.jpg\",\"width\":768,\"height\":768,\"caption\":\"Hill\u2019s Prescription Diet\u00ae Canine l\\\/d 370g kepen\u0173 veiklai\"},{\"@type\":\"BreadcrumbList\",\"@id\":\"https:\\\/\\\/anivet.lt\\\/elparduotuve\\\/produktas\\\/hills-prescription-diet-canine-l-d-370g-kepenu-veiklai\\\/#breadcrumb\",\"itemListElement\":[{\"@type\":\"ListItem\",\"position\":1,\"name\":\"Home\",\"item\":\"https:\\\/\\\/anivet.lt\\\/elparduotuve\\\/\"},{\"@type\":\"ListItem\",\"position\":2,\"name\":\"Produktai\",\"item\":\"https:\\\/\\\/anivet.lt\\\/elparduotuve\\\/produktai\\\/\"},{\"@type\":\"ListItem\",\"position\":3,\"name\":\"Hill\u2019s Prescription Diet\u00ae Canine l\\\/d 370g kepen\u0173 veiklai\"}]},{\"@type\":\"WebSite\",\"@id\":\"https:\\\/\\\/anivet.lt\\\/elparduotuve\\\/#website\",\"url\":\"https:\\\/\\\/anivet.lt\\\/elparduotuve\\\/\",\"name\":\"anivet.lt\",\"description\":\"Viskas J\u016bs\u0173 \u0161uns, kat\u0117s prie\u017ei\u016brai\",\"publisher\":{\"@id\":\"https:\\\/\\\/anivet.lt\\\/elparduotuve\\\/#organization\"},\"alternateName\":\"Viskas J\u016bs\u0173 \u0161uns, kat\u0117s prie\u017ei\u016brai\",\"potentialAction\":[{\"@type\":\"SearchAction\",\"target\":{\"@type\":\"EntryPoint\",\"urlTemplate\":\"https:\\\/\\\/anivet.lt\\\/elparduotuve\\\/?s={search_term_string}\"},\"query-input\":{\"@type\":\"PropertyValueSpecification\",\"valueRequired\":true,\"valueName\":\"search_term_string\"}}],\"inLanguage\":\"lt-LT\"},{\"@type\":\"Organization\",\"@id\":\"https:\\\/\\\/anivet.lt\\\/elparduotuve\\\/#organization\",\"name\":\"Viskas J\u016bs\u0173 \u0161uns, kat\u0117s prie\u017ei\u016brai\",\"url\":\"https:\\\/\\\/anivet.lt\\\/elparduotuve\\\/\",\"logo\":{\"@type\":\"ImageObject\",\"inLanguage\":\"lt-LT\",\"@id\":\"https:\\\/\\\/anivet.lt\\\/elparduotuve\\\/#\\\/schema\\\/logo\\\/image\\\/\",\"url\":\"https:\\\/\\\/anivet.lt\\\/elparduotuve\\\/wp-content\\\/uploads\\\/2023\\\/06\\\/logo2.jpg\",\"contentUrl\":\"https:\\\/\\\/anivet.lt\\\/elparduotuve\\\/wp-content\\\/uploads\\\/2023\\\/06\\\/logo2.jpg\",\"width\":655,\"height\":194,\"caption\":\"Viskas J\u016bs\u0173 \u0161uns, kat\u0117s prie\u017ei\u016brai\"},\"image\":{\"@id\":\"https:\\\/\\\/anivet.lt\\\/elparduotuve\\\/#\\\/schema\\\/logo\\\/image\\\/\"}}]}<\/script>\n<!-- \/ Yoast SEO Premium plugin. -->","yoast_head_json":{"title":"Hill\u2019s Prescription Diet\u00ae Canine l\/d 370g kepen\u0173 veiklai - anivet.lt","description":"\u0160is specializuotas pa\u0161aras sukurtas siekiant pagerinti kepen\u0173 funkcij\u0105, apsaugoti kepen\u0173 audinius ir palaikyti j\u016bs\u0173 augintinio gyvybingum\u0105. Jis u\u017etikrina,","robots":{"index":"index","follow":"follow","max-snippet":"max-snippet:-1","max-image-preview":"max-image-preview:large","max-video-preview":"max-video-preview:-1"},"canonical":"https:\/\/anivet.lt\/elparduotuve\/produktas\/hills-prescription-diet-canine-l-d-370g-kepenu-veiklai\/","og_locale":"lt_LT","og_type":"article","og_title":"Hill\u2019s Prescription Diet\u00ae Canine l\/d 370g kepen\u0173 veiklai","og_description":"\u0160is specializuotas pa\u0161aras sukurtas siekiant pagerinti kepen\u0173 funkcij\u0105, apsaugoti kepen\u0173 audinius ir palaikyti j\u016bs\u0173 augintinio gyvybingum\u0105. Jis u\u017etikrina,","og_url":"https:\/\/anivet.lt\/elparduotuve\/produktas\/hills-prescription-diet-canine-l-d-370g-kepenu-veiklai\/","og_site_name":"anivet.lt","article_modified_time":"2025-05-27T13:35:26+00:00","og_image":[{"width":768,"height":768,"url":"https:\/\/anivet.lt\/elparduotuve\/wp-content\/uploads\/2025\/01\/32-Hills-Prescription-Diet\u00ae-Canine-ld-370g-kepenu-veiklai.jpg","type":"image\/jpeg"}],"twitter_card":"summary_large_image","twitter_misc":{"Est. reading time":"1 minut\u0117"},"schema":{"@context":"https:\/\/schema.org","@graph":[{"@type":"WebPage","@id":"https:\/\/anivet.lt\/elparduotuve\/produktas\/hills-prescription-diet-canine-l-d-370g-kepenu-veiklai\/","url":"https:\/\/anivet.lt\/elparduotuve\/produktas\/hills-prescription-diet-canine-l-d-370g-kepenu-veiklai\/","name":"Hill\u2019s Prescription Diet\u00ae Canine l\/d 370g kepen\u0173 veiklai - anivet.lt","isPartOf":{"@id":"https:\/\/anivet.lt\/elparduotuve\/#website"},"primaryImageOfPage":{"@id":"https:\/\/anivet.lt\/elparduotuve\/produktas\/hills-prescription-diet-canine-l-d-370g-kepenu-veiklai\/#primaryimage"},"image":{"@id":"https:\/\/anivet.lt\/elparduotuve\/produktas\/hills-prescription-diet-canine-l-d-370g-kepenu-veiklai\/#primaryimage"},"thumbnailUrl":"https:\/\/anivet.lt\/elparduotuve\/wp-content\/uploads\/2025\/01\/32-Hills-Prescription-Diet\u00ae-Canine-ld-370g-kepenu-veiklai.jpg","datePublished":"2025-01-15T05:30:55+00:00","dateModified":"2025-05-27T13:35:26+00:00","description":"\u0160is specializuotas pa\u0161aras sukurtas siekiant pagerinti kepen\u0173 funkcij\u0105, apsaugoti kepen\u0173 audinius ir palaikyti j\u016bs\u0173 augintinio gyvybingum\u0105. Jis u\u017etikrina,","breadcrumb":{"@id":"https:\/\/anivet.lt\/elparduotuve\/produktas\/hills-prescription-diet-canine-l-d-370g-kepenu-veiklai\/#breadcrumb"},"inLanguage":"lt-LT","potentialAction":[{"@type":"ReadAction","target":["https:\/\/anivet.lt\/elparduotuve\/produktas\/hills-prescription-diet-canine-l-d-370g-kepenu-veiklai\/"]}]},{"@type":"ImageObject","inLanguage":"lt-LT","@id":"https:\/\/anivet.lt\/elparduotuve\/produktas\/hills-prescription-diet-canine-l-d-370g-kepenu-veiklai\/#primaryimage","url":"https:\/\/anivet.lt\/elparduotuve\/wp-content\/uploads\/2025\/01\/32-Hills-Prescription-Diet\u00ae-Canine-ld-370g-kepenu-veiklai.jpg","contentUrl":"https:\/\/anivet.lt\/elparduotuve\/wp-content\/uploads\/2025\/01\/32-Hills-Prescription-Diet\u00ae-Canine-ld-370g-kepenu-veiklai.jpg","width":768,"height":768,"caption":"Hill\u2019s Prescription Diet\u00ae Canine l\/d 370g kepen\u0173 veiklai"},{"@type":"BreadcrumbList","@id":"https:\/\/anivet.lt\/elparduotuve\/produktas\/hills-prescription-diet-canine-l-d-370g-kepenu-veiklai\/#breadcrumb","itemListElement":[{"@type":"ListItem","position":1,"name":"Home","item":"https:\/\/anivet.lt\/elparduotuve\/"},{"@type":"ListItem","position":2,"name":"Produktai","item":"https:\/\/anivet.lt\/elparduotuve\/produktai\/"},{"@type":"ListItem","position":3,"name":"Hill\u2019s Prescription Diet\u00ae Canine l\/d 370g kepen\u0173 veiklai"}]},{"@type":"WebSite","@id":"https:\/\/anivet.lt\/elparduotuve\/#website","url":"https:\/\/anivet.lt\/elparduotuve\/","name":"anivet.lt","description":"Viskas J\u016bs\u0173 \u0161uns, kat\u0117s prie\u017ei\u016brai","publisher":{"@id":"https:\/\/anivet.lt\/elparduotuve\/#organization"},"alternateName":"Viskas J\u016bs\u0173 \u0161uns, kat\u0117s prie\u017ei\u016brai","potentialAction":[{"@type":"SearchAction","target":{"@type":"EntryPoint","urlTemplate":"https:\/\/anivet.lt\/elparduotuve\/?s={search_term_string}"},"query-input":{"@type":"PropertyValueSpecification","valueRequired":true,"valueName":"search_term_string"}}],"inLanguage":"lt-LT"},{"@type":"Organization","@id":"https:\/\/anivet.lt\/elparduotuve\/#organization","name":"Viskas J\u016bs\u0173 \u0161uns, kat\u0117s prie\u017ei\u016brai","url":"https:\/\/anivet.lt\/elparduotuve\/","logo":{"@type":"ImageObject","inLanguage":"lt-LT","@id":"https:\/\/anivet.lt\/elparduotuve\/#\/schema\/logo\/image\/","url":"https:\/\/anivet.lt\/elparduotuve\/wp-content\/uploads\/2023\/06\/logo2.jpg","contentUrl":"https:\/\/anivet.lt\/elparduotuve\/wp-content\/uploads\/2023\/06\/logo2.jpg","width":655,"height":194,"caption":"Viskas J\u016bs\u0173 \u0161uns, kat\u0117s prie\u017ei\u016brai"},"image":{"@id":"https:\/\/anivet.lt\/elparduotuve\/#\/schema\/logo\/image\/"}}]}},"_links":{"self":[{"href":"https:\/\/anivet.lt\/elparduotuve\/wp-json\/wp\/v2\/product\/16325","targetHints":{"allow":["GET"]}}],"collection":[{"href":"https:\/\/anivet.lt\/elparduotuve\/wp-json\/wp\/v2\/product"}],"about":[{"href":"https:\/\/anivet.lt\/elparduotuve\/wp-json\/wp\/v2\/types\/product"}],"wp:featuredmedia":[{"embeddable":true,"href":"https:\/\/anivet.lt\/elparduotuve\/wp-json\/wp\/v2\/media\/16326"}],"wp:attachment":[{"href":"https:\/\/anivet.lt\/elparduotuve\/wp-json\/wp\/v2\/media?parent=16325"}],"wp:term":[{"taxonomy":"product_brand","embeddable":true,"href":"https:\/\/anivet.lt\/elparduotuve\/wp-json\/wp\/v2\/product_brand?post=16325"},{"taxonomy":"product_cat","embeddable":true,"href":"https:\/\/anivet.lt\/elparduotuve\/wp-json\/wp\/v2\/product_cat?post=16325"},{"taxonomy":"product_tag","embeddable":true,"href":"https:\/\/anivet.lt\/elparduotuve\/wp-json\/wp\/v2\/product_tag?post=16325"}],"curies":[{"name":"wp","href":"https:\/\/api.w.org\/{rel}","templated":true}]}}