{"id":16327,"date":"2025-01-15T05:55:40","date_gmt":"2025-01-15T05:55:40","guid":{"rendered":"https:\/\/anivet.lt\/elparduotuve\/?post_type=product&#038;p=16327"},"modified":"2025-05-27T13:35:27","modified_gmt":"2025-05-27T13:35:27","slug":"hills-prescription-diet-canine-gastrointestinal-biome-354g-virskinimo-sistemai","status":"publish","type":"product","link":"https:\/\/anivet.lt\/elparduotuve\/produktas\/hills-prescription-diet-canine-gastrointestinal-biome-354g-virskinimo-sistemai\/","title":{"rendered":"Hill\u2019s Prescription Diet\u00ae Canine Gastrointestinal Biome 354g vir\u0161kinimo sistemai"},"content":{"rendered":"<p>\u0160is visavertis dietinis pa\u0161aras padeda suma\u017einti \u017earnyno absorbcijos sutrikimus, kompensuoja vir\u0161kinimo problemas ir palaiko sveik\u0105 tu\u0161tinim\u0105si. Gardus tro\u0161kinys su vi\u0161tiena ir morkomis puikiai tinka augintiniams, turintiems vir\u0161kinimo sutrikim\u0173.<\/p>\n<ul>\n<li>Greitas poveikis: Klini\u0161kai \u012frodyta, kad pa\u0161aras padeda i\u0161spr\u0119sti viduriavimo problemas per 24 valandas.<\/li>\n<li>ActivBiome+ technologija: Maitina \u0161uns mikrobiom\u0105, skatindama nauding\u0173 postbiotik\u0173 gamyb\u0105.<\/li>\n<li>Lengvai vir\u0161kinami ingredientai: Vi\u0161tiena, kiaulienos kepenys ir ry\u017ei\u0173 krakmolas u\u017etikrina optimal\u0173 maistini\u0173 med\u017eiag\u0173 \u012fsisavinim\u0105.<\/li>\n<li>Padidintas elektrolit\u0173 kiekis: Papildo organizm\u0105 ir padeda atkurti \u017earnyno funkcij\u0105.<\/li>\n<li>Puikus skonis: Gard\u016bs m\u0117sos ir dar\u017eovi\u0173 gabal\u0117liai pada\u017ee skatina apetit\u0105.<\/li>\n<\/ul>\n<p>\u201eHill\u2019s Prescription Diet Gastrointestinal Biome\u201d tro\u0161kinys \u2013 tai gardus ir efektyvus sprendimas \u0161uns vir\u0161kinimo problemoms. \u0160is pa\u0161aras u\u017etikrina greit\u0105 palengv\u0117jim\u0105 ir ilgalaik\u012f vir\u0161kinimo sveikatos palaikym\u0105. Rekomenduojama naudoti pasitarus su veterinaru d\u0117l \u0161io pa\u0161aro tinkamumo j\u016bs\u0173 augintiniui.<\/p>\n","protected":false},"excerpt":{"rendered":"<p>\u0160is visavertis dietinis pa\u0161aras padeda suma\u017einti \u017earnyno absorbcijos sutrikimus, kompensuoja vir\u0161kinimo problemas ir palaiko sveik\u0105 tu\u0161tinim\u0105si. Gardus tro\u0161kinys su vi\u0161tiena<\/p>\n","protected":false},"featured_media":16328,"template":"","meta":[],"product_brand":[],"product_cat":[101,103,107,333],"product_tag":[],"class_list":{"0":"post-16327","1":"product","2":"type-product","3":"status-publish","4":"has-post-thumbnail","6":"product_cat-sunims","7":"product_cat-sunu-maistas","8":"product_cat-veterinarine-dieta","9":"product_cat-hills-sunu-maistas","10":"pa_prekinis-zenklas-hills","12":"first","13":"instock","14":"taxable","15":"shipping-taxable","16":"purchasable","17":"product-type-simple"},"yoast_head":"<!-- This site is optimized with the Yoast SEO Premium plugin v27.1 (Yoast SEO v27.5) - https:\/\/yoast.com\/product\/yoast-seo-premium-wordpress\/ -->\n<title>Hill\u2019s Prescription Diet\u00ae Canine Gastrointestinal Biome 354g vir\u0161kinimo sistemai - anivet.lt<\/title>\n<meta name=\"description\" content=\"\u0160is visavertis dietinis pa\u0161aras padeda suma\u017einti \u017earnyno absorbcijos sutrikimus, kompensuoja vir\u0161kinimo problemas ir palaiko sveik\u0105 tu\u0161tinim\u0105si. Gardus\" \/>\n<meta name=\"robots\" content=\"index, follow, max-snippet:-1, max-image-preview:large, max-video-preview:-1\" \/>\n<link rel=\"canonical\" href=\"https:\/\/anivet.lt\/elparduotuve\/produktas\/hills-prescription-diet-canine-gastrointestinal-biome-354g-virskinimo-sistemai\/\" \/>\n<meta property=\"og:locale\" content=\"lt_LT\" \/>\n<meta property=\"og:type\" content=\"article\" \/>\n<meta property=\"og:title\" content=\"Hill\u2019s Prescription Diet\u00ae Canine Gastrointestinal Biome 354g vir\u0161kinimo sistemai\" \/>\n<meta property=\"og:description\" content=\"\u0160is visavertis dietinis pa\u0161aras padeda suma\u017einti \u017earnyno absorbcijos sutrikimus, kompensuoja vir\u0161kinimo problemas ir palaiko sveik\u0105 tu\u0161tinim\u0105si. Gardus\" \/>\n<meta property=\"og:url\" content=\"https:\/\/anivet.lt\/elparduotuve\/produktas\/hills-prescription-diet-canine-gastrointestinal-biome-354g-virskinimo-sistemai\/\" \/>\n<meta property=\"og:site_name\" content=\"anivet.lt\" \/>\n<meta property=\"article:modified_time\" content=\"2025-05-27T13:35:27+00:00\" \/>\n<meta property=\"og:image\" content=\"https:\/\/anivet.lt\/elparduotuve\/wp-content\/uploads\/2025\/01\/33-Hills-Prescription-Diet\u00ae-Canine-Gastrointestinal-Biome-virskinimo-sistemai.jpg\" \/>\n\t<meta property=\"og:image:width\" content=\"768\" \/>\n\t<meta property=\"og:image:height\" content=\"768\" \/>\n\t<meta property=\"og:image:type\" content=\"image\/jpeg\" \/>\n<meta name=\"twitter:card\" content=\"summary_large_image\" \/>\n<meta name=\"twitter:label1\" content=\"Est. reading time\" \/>\n\t<meta name=\"twitter:data1\" content=\"1 minut\u0117\" \/>\n<script type=\"application\/ld+json\" class=\"yoast-schema-graph\">{\"@context\":\"https:\\\/\\\/schema.org\",\"@graph\":[{\"@type\":\"WebPage\",\"@id\":\"https:\\\/\\\/anivet.lt\\\/elparduotuve\\\/produktas\\\/hills-prescription-diet-canine-gastrointestinal-biome-354g-virskinimo-sistemai\\\/\",\"url\":\"https:\\\/\\\/anivet.lt\\\/elparduotuve\\\/produktas\\\/hills-prescription-diet-canine-gastrointestinal-biome-354g-virskinimo-sistemai\\\/\",\"name\":\"Hill\u2019s Prescription Diet\u00ae Canine Gastrointestinal Biome 354g vir\u0161kinimo sistemai - anivet.lt\",\"isPartOf\":{\"@id\":\"https:\\\/\\\/anivet.lt\\\/elparduotuve\\\/#website\"},\"primaryImageOfPage\":{\"@id\":\"https:\\\/\\\/anivet.lt\\\/elparduotuve\\\/produktas\\\/hills-prescription-diet-canine-gastrointestinal-biome-354g-virskinimo-sistemai\\\/#primaryimage\"},\"image\":{\"@id\":\"https:\\\/\\\/anivet.lt\\\/elparduotuve\\\/produktas\\\/hills-prescription-diet-canine-gastrointestinal-biome-354g-virskinimo-sistemai\\\/#primaryimage\"},\"thumbnailUrl\":\"https:\\\/\\\/anivet.lt\\\/elparduotuve\\\/wp-content\\\/uploads\\\/2025\\\/01\\\/33-Hills-Prescription-Diet\u00ae-Canine-Gastrointestinal-Biome-virskinimo-sistemai.jpg\",\"datePublished\":\"2025-01-15T05:55:40+00:00\",\"dateModified\":\"2025-05-27T13:35:27+00:00\",\"description\":\"\u0160is visavertis dietinis pa\u0161aras padeda suma\u017einti \u017earnyno absorbcijos sutrikimus, kompensuoja vir\u0161kinimo problemas ir palaiko sveik\u0105 tu\u0161tinim\u0105si. Gardus\",\"breadcrumb\":{\"@id\":\"https:\\\/\\\/anivet.lt\\\/elparduotuve\\\/produktas\\\/hills-prescription-diet-canine-gastrointestinal-biome-354g-virskinimo-sistemai\\\/#breadcrumb\"},\"inLanguage\":\"lt-LT\",\"potentialAction\":[{\"@type\":\"ReadAction\",\"target\":[\"https:\\\/\\\/anivet.lt\\\/elparduotuve\\\/produktas\\\/hills-prescription-diet-canine-gastrointestinal-biome-354g-virskinimo-sistemai\\\/\"]}]},{\"@type\":\"ImageObject\",\"inLanguage\":\"lt-LT\",\"@id\":\"https:\\\/\\\/anivet.lt\\\/elparduotuve\\\/produktas\\\/hills-prescription-diet-canine-gastrointestinal-biome-354g-virskinimo-sistemai\\\/#primaryimage\",\"url\":\"https:\\\/\\\/anivet.lt\\\/elparduotuve\\\/wp-content\\\/uploads\\\/2025\\\/01\\\/33-Hills-Prescription-Diet\u00ae-Canine-Gastrointestinal-Biome-virskinimo-sistemai.jpg\",\"contentUrl\":\"https:\\\/\\\/anivet.lt\\\/elparduotuve\\\/wp-content\\\/uploads\\\/2025\\\/01\\\/33-Hills-Prescription-Diet\u00ae-Canine-Gastrointestinal-Biome-virskinimo-sistemai.jpg\",\"width\":768,\"height\":768,\"caption\":\"Hill\u2019s Prescription Diet\u00ae Canine Gastrointestinal Biome 354g vir\u0161kinimo sistemai\"},{\"@type\":\"BreadcrumbList\",\"@id\":\"https:\\\/\\\/anivet.lt\\\/elparduotuve\\\/produktas\\\/hills-prescription-diet-canine-gastrointestinal-biome-354g-virskinimo-sistemai\\\/#breadcrumb\",\"itemListElement\":[{\"@type\":\"ListItem\",\"position\":1,\"name\":\"Home\",\"item\":\"https:\\\/\\\/anivet.lt\\\/elparduotuve\\\/\"},{\"@type\":\"ListItem\",\"position\":2,\"name\":\"Produktai\",\"item\":\"https:\\\/\\\/anivet.lt\\\/elparduotuve\\\/produktai\\\/\"},{\"@type\":\"ListItem\",\"position\":3,\"name\":\"Hill\u2019s Prescription Diet\u00ae Canine Gastrointestinal Biome 354g vir\u0161kinimo sistemai\"}]},{\"@type\":\"WebSite\",\"@id\":\"https:\\\/\\\/anivet.lt\\\/elparduotuve\\\/#website\",\"url\":\"https:\\\/\\\/anivet.lt\\\/elparduotuve\\\/\",\"name\":\"anivet.lt\",\"description\":\"Viskas J\u016bs\u0173 \u0161uns, kat\u0117s prie\u017ei\u016brai\",\"publisher\":{\"@id\":\"https:\\\/\\\/anivet.lt\\\/elparduotuve\\\/#organization\"},\"alternateName\":\"Viskas J\u016bs\u0173 \u0161uns, kat\u0117s prie\u017ei\u016brai\",\"potentialAction\":[{\"@type\":\"SearchAction\",\"target\":{\"@type\":\"EntryPoint\",\"urlTemplate\":\"https:\\\/\\\/anivet.lt\\\/elparduotuve\\\/?s={search_term_string}\"},\"query-input\":{\"@type\":\"PropertyValueSpecification\",\"valueRequired\":true,\"valueName\":\"search_term_string\"}}],\"inLanguage\":\"lt-LT\"},{\"@type\":\"Organization\",\"@id\":\"https:\\\/\\\/anivet.lt\\\/elparduotuve\\\/#organization\",\"name\":\"Viskas J\u016bs\u0173 \u0161uns, kat\u0117s prie\u017ei\u016brai\",\"url\":\"https:\\\/\\\/anivet.lt\\\/elparduotuve\\\/\",\"logo\":{\"@type\":\"ImageObject\",\"inLanguage\":\"lt-LT\",\"@id\":\"https:\\\/\\\/anivet.lt\\\/elparduotuve\\\/#\\\/schema\\\/logo\\\/image\\\/\",\"url\":\"https:\\\/\\\/anivet.lt\\\/elparduotuve\\\/wp-content\\\/uploads\\\/2023\\\/06\\\/logo2.jpg\",\"contentUrl\":\"https:\\\/\\\/anivet.lt\\\/elparduotuve\\\/wp-content\\\/uploads\\\/2023\\\/06\\\/logo2.jpg\",\"width\":655,\"height\":194,\"caption\":\"Viskas J\u016bs\u0173 \u0161uns, kat\u0117s prie\u017ei\u016brai\"},\"image\":{\"@id\":\"https:\\\/\\\/anivet.lt\\\/elparduotuve\\\/#\\\/schema\\\/logo\\\/image\\\/\"}}]}<\/script>\n<!-- \/ Yoast SEO Premium plugin. -->","yoast_head_json":{"title":"Hill\u2019s Prescription Diet\u00ae Canine Gastrointestinal Biome 354g vir\u0161kinimo sistemai - anivet.lt","description":"\u0160is visavertis dietinis pa\u0161aras padeda suma\u017einti \u017earnyno absorbcijos sutrikimus, kompensuoja vir\u0161kinimo problemas ir palaiko sveik\u0105 tu\u0161tinim\u0105si. Gardus","robots":{"index":"index","follow":"follow","max-snippet":"max-snippet:-1","max-image-preview":"max-image-preview:large","max-video-preview":"max-video-preview:-1"},"canonical":"https:\/\/anivet.lt\/elparduotuve\/produktas\/hills-prescription-diet-canine-gastrointestinal-biome-354g-virskinimo-sistemai\/","og_locale":"lt_LT","og_type":"article","og_title":"Hill\u2019s Prescription Diet\u00ae Canine Gastrointestinal Biome 354g vir\u0161kinimo sistemai","og_description":"\u0160is visavertis dietinis pa\u0161aras padeda suma\u017einti \u017earnyno absorbcijos sutrikimus, kompensuoja vir\u0161kinimo problemas ir palaiko sveik\u0105 tu\u0161tinim\u0105si. Gardus","og_url":"https:\/\/anivet.lt\/elparduotuve\/produktas\/hills-prescription-diet-canine-gastrointestinal-biome-354g-virskinimo-sistemai\/","og_site_name":"anivet.lt","article_modified_time":"2025-05-27T13:35:27+00:00","og_image":[{"width":768,"height":768,"url":"https:\/\/anivet.lt\/elparduotuve\/wp-content\/uploads\/2025\/01\/33-Hills-Prescription-Diet\u00ae-Canine-Gastrointestinal-Biome-virskinimo-sistemai.jpg","type":"image\/jpeg"}],"twitter_card":"summary_large_image","twitter_misc":{"Est. reading time":"1 minut\u0117"},"schema":{"@context":"https:\/\/schema.org","@graph":[{"@type":"WebPage","@id":"https:\/\/anivet.lt\/elparduotuve\/produktas\/hills-prescription-diet-canine-gastrointestinal-biome-354g-virskinimo-sistemai\/","url":"https:\/\/anivet.lt\/elparduotuve\/produktas\/hills-prescription-diet-canine-gastrointestinal-biome-354g-virskinimo-sistemai\/","name":"Hill\u2019s Prescription Diet\u00ae Canine Gastrointestinal Biome 354g vir\u0161kinimo sistemai - anivet.lt","isPartOf":{"@id":"https:\/\/anivet.lt\/elparduotuve\/#website"},"primaryImageOfPage":{"@id":"https:\/\/anivet.lt\/elparduotuve\/produktas\/hills-prescription-diet-canine-gastrointestinal-biome-354g-virskinimo-sistemai\/#primaryimage"},"image":{"@id":"https:\/\/anivet.lt\/elparduotuve\/produktas\/hills-prescription-diet-canine-gastrointestinal-biome-354g-virskinimo-sistemai\/#primaryimage"},"thumbnailUrl":"https:\/\/anivet.lt\/elparduotuve\/wp-content\/uploads\/2025\/01\/33-Hills-Prescription-Diet\u00ae-Canine-Gastrointestinal-Biome-virskinimo-sistemai.jpg","datePublished":"2025-01-15T05:55:40+00:00","dateModified":"2025-05-27T13:35:27+00:00","description":"\u0160is visavertis dietinis pa\u0161aras padeda suma\u017einti \u017earnyno absorbcijos sutrikimus, kompensuoja vir\u0161kinimo problemas ir palaiko sveik\u0105 tu\u0161tinim\u0105si. Gardus","breadcrumb":{"@id":"https:\/\/anivet.lt\/elparduotuve\/produktas\/hills-prescription-diet-canine-gastrointestinal-biome-354g-virskinimo-sistemai\/#breadcrumb"},"inLanguage":"lt-LT","potentialAction":[{"@type":"ReadAction","target":["https:\/\/anivet.lt\/elparduotuve\/produktas\/hills-prescription-diet-canine-gastrointestinal-biome-354g-virskinimo-sistemai\/"]}]},{"@type":"ImageObject","inLanguage":"lt-LT","@id":"https:\/\/anivet.lt\/elparduotuve\/produktas\/hills-prescription-diet-canine-gastrointestinal-biome-354g-virskinimo-sistemai\/#primaryimage","url":"https:\/\/anivet.lt\/elparduotuve\/wp-content\/uploads\/2025\/01\/33-Hills-Prescription-Diet\u00ae-Canine-Gastrointestinal-Biome-virskinimo-sistemai.jpg","contentUrl":"https:\/\/anivet.lt\/elparduotuve\/wp-content\/uploads\/2025\/01\/33-Hills-Prescription-Diet\u00ae-Canine-Gastrointestinal-Biome-virskinimo-sistemai.jpg","width":768,"height":768,"caption":"Hill\u2019s Prescription Diet\u00ae Canine Gastrointestinal Biome 354g vir\u0161kinimo sistemai"},{"@type":"BreadcrumbList","@id":"https:\/\/anivet.lt\/elparduotuve\/produktas\/hills-prescription-diet-canine-gastrointestinal-biome-354g-virskinimo-sistemai\/#breadcrumb","itemListElement":[{"@type":"ListItem","position":1,"name":"Home","item":"https:\/\/anivet.lt\/elparduotuve\/"},{"@type":"ListItem","position":2,"name":"Produktai","item":"https:\/\/anivet.lt\/elparduotuve\/produktai\/"},{"@type":"ListItem","position":3,"name":"Hill\u2019s Prescription Diet\u00ae Canine Gastrointestinal Biome 354g vir\u0161kinimo sistemai"}]},{"@type":"WebSite","@id":"https:\/\/anivet.lt\/elparduotuve\/#website","url":"https:\/\/anivet.lt\/elparduotuve\/","name":"anivet.lt","description":"Viskas J\u016bs\u0173 \u0161uns, kat\u0117s prie\u017ei\u016brai","publisher":{"@id":"https:\/\/anivet.lt\/elparduotuve\/#organization"},"alternateName":"Viskas J\u016bs\u0173 \u0161uns, kat\u0117s prie\u017ei\u016brai","potentialAction":[{"@type":"SearchAction","target":{"@type":"EntryPoint","urlTemplate":"https:\/\/anivet.lt\/elparduotuve\/?s={search_term_string}"},"query-input":{"@type":"PropertyValueSpecification","valueRequired":true,"valueName":"search_term_string"}}],"inLanguage":"lt-LT"},{"@type":"Organization","@id":"https:\/\/anivet.lt\/elparduotuve\/#organization","name":"Viskas J\u016bs\u0173 \u0161uns, kat\u0117s prie\u017ei\u016brai","url":"https:\/\/anivet.lt\/elparduotuve\/","logo":{"@type":"ImageObject","inLanguage":"lt-LT","@id":"https:\/\/anivet.lt\/elparduotuve\/#\/schema\/logo\/image\/","url":"https:\/\/anivet.lt\/elparduotuve\/wp-content\/uploads\/2023\/06\/logo2.jpg","contentUrl":"https:\/\/anivet.lt\/elparduotuve\/wp-content\/uploads\/2023\/06\/logo2.jpg","width":655,"height":194,"caption":"Viskas J\u016bs\u0173 \u0161uns, kat\u0117s prie\u017ei\u016brai"},"image":{"@id":"https:\/\/anivet.lt\/elparduotuve\/#\/schema\/logo\/image\/"}}]}},"_links":{"self":[{"href":"https:\/\/anivet.lt\/elparduotuve\/wp-json\/wp\/v2\/product\/16327","targetHints":{"allow":["GET"]}}],"collection":[{"href":"https:\/\/anivet.lt\/elparduotuve\/wp-json\/wp\/v2\/product"}],"about":[{"href":"https:\/\/anivet.lt\/elparduotuve\/wp-json\/wp\/v2\/types\/product"}],"wp:featuredmedia":[{"embeddable":true,"href":"https:\/\/anivet.lt\/elparduotuve\/wp-json\/wp\/v2\/media\/16328"}],"wp:attachment":[{"href":"https:\/\/anivet.lt\/elparduotuve\/wp-json\/wp\/v2\/media?parent=16327"}],"wp:term":[{"taxonomy":"product_brand","embeddable":true,"href":"https:\/\/anivet.lt\/elparduotuve\/wp-json\/wp\/v2\/product_brand?post=16327"},{"taxonomy":"product_cat","embeddable":true,"href":"https:\/\/anivet.lt\/elparduotuve\/wp-json\/wp\/v2\/product_cat?post=16327"},{"taxonomy":"product_tag","embeddable":true,"href":"https:\/\/anivet.lt\/elparduotuve\/wp-json\/wp\/v2\/product_tag?post=16327"}],"curies":[{"name":"wp","href":"https:\/\/api.w.org\/{rel}","templated":true}]}}