{"id":16331,"date":"2025-01-15T06:09:36","date_gmt":"2025-01-15T06:09:36","guid":{"rendered":"https:\/\/anivet.lt\/elparduotuve\/?post_type=product&#038;p=16331"},"modified":"2025-05-27T13:35:29","modified_gmt":"2025-05-27T13:35:29","slug":"hills-prescription-diet-canine-derm-complete-370g-odos-problemoms","status":"publish","type":"product","link":"https:\/\/anivet.lt\/elparduotuve\/produktas\/hills-prescription-diet-canine-derm-complete-370g-odos-problemoms\/","title":{"rendered":"Hill\u2019s Prescription Diet\u00ae Canine Derm Complete 370g  odos problemoms"},"content":{"rendered":"<p>\u0160is specializuotas pa\u0161aras padeda ma\u017einti \u0161un\u0173 jautrum\u0105 aplinkos veiksniams ir alergij\u0105 pa\u0161arui, apr\u016bpindamas organizm\u0105 visomis reikalingomis maistin\u0117mis med\u017eiagomis.<\/p>\n<ul>\n<li>Alergij\u0173 valdymas: Vienas gyv\u016bnini\u0173 baltym\u0173 \u0161altinis ir minimalus sudedam\u0173j\u0173 dali\u0173 kiekis padeda suma\u017einti nepageidaujamas reakcijas \u012f pa\u0161ar\u0105.<\/li>\n<li>\u201eHistaguard Complex\u201c: Firminis biologi\u0161kai aktyvi\u0173 med\u017eiag\u0173 ir fitonutrient\u0173 mi\u0161inys stiprina imunin\u0117s sistemos atsak\u0105 \u012f alergenus.<\/li>\n<li>Odos barjero stiprinimas: Didelis nepakei\u010diam\u0173j\u0173 riebal\u0173 r\u016bg\u0161\u010di\u0173 kiekis skatina odos gijim\u0105 ir saugo nuo aplinkos dirgikli\u0173.<\/li>\n<li>Simptom\u0173 ma\u017einimas: Ma\u017eina nie\u017e\u0117jim\u0105, draskym\u0105si ir kitus alergijos simptomus, skatindamas komfort\u0105.<\/li>\n<li>S+OXSHIELD sistema: Padeda palaikyti \u0161lapimo sistemos sveikat\u0105 ir suma\u017eina kristal\u0173 susidarymo rizik\u0105.<\/li>\n<\/ul>\n<p>\u201eHill\u2019s Prescription Diet Derm Complete\u201d \u2013 tai efektyvus ir gardus sprendimas \u0161uns odos problemoms spr\u0119sti. Rekomenduojama ilgalaikiam naudojimui, u\u017etikrinant geresn\u0119 gyvenimo kokyb\u0119. Prie\u0161 naudojant pasitarkite su veterinaru d\u0117l pa\u0161aro tinkamumo j\u016bs\u0173 augintiniui.<\/p>\n","protected":false},"excerpt":{"rendered":"<p>\u0160is specializuotas pa\u0161aras padeda ma\u017einti \u0161un\u0173 jautrum\u0105 aplinkos veiksniams ir alergij\u0105 pa\u0161arui, apr\u016bpindamas organizm\u0105 visomis reikalingomis maistin\u0117mis med\u017eiagomis. Alergij\u0173 valdymas:<\/p>\n","protected":false},"featured_media":16332,"template":"","meta":[],"product_brand":[],"product_cat":[101,103,107,333],"product_tag":[],"class_list":{"0":"post-16331","1":"product","2":"type-product","3":"status-publish","4":"has-post-thumbnail","6":"product_cat-sunims","7":"product_cat-sunu-maistas","8":"product_cat-veterinarine-dieta","9":"product_cat-hills-sunu-maistas","10":"pa_prekinis-zenklas-hills","12":"first","13":"instock","14":"taxable","15":"shipping-taxable","16":"purchasable","17":"product-type-simple"},"yoast_head":"<!-- This site is optimized with the Yoast SEO Premium plugin v27.1 (Yoast SEO v27.5) - https:\/\/yoast.com\/product\/yoast-seo-premium-wordpress\/ -->\n<title>Hill\u2019s Prescription Diet\u00ae Canine Derm Complete 370g odos problemoms - anivet.lt<\/title>\n<meta name=\"description\" content=\"\u0160is specializuotas pa\u0161aras padeda ma\u017einti \u0161un\u0173 jautrum\u0105 aplinkos veiksniams ir alergij\u0105 pa\u0161arui, apr\u016bpindamas organizm\u0105 visomis reikalingomis maistin\u0117mis\" \/>\n<meta name=\"robots\" content=\"index, follow, max-snippet:-1, max-image-preview:large, max-video-preview:-1\" \/>\n<link rel=\"canonical\" href=\"https:\/\/anivet.lt\/elparduotuve\/produktas\/hills-prescription-diet-canine-derm-complete-370g-odos-problemoms\/\" \/>\n<meta property=\"og:locale\" content=\"lt_LT\" \/>\n<meta property=\"og:type\" content=\"article\" \/>\n<meta property=\"og:title\" content=\"Hill\u2019s Prescription Diet\u00ae Canine Derm Complete 370g odos problemoms\" \/>\n<meta property=\"og:description\" content=\"\u0160is specializuotas pa\u0161aras padeda ma\u017einti \u0161un\u0173 jautrum\u0105 aplinkos veiksniams ir alergij\u0105 pa\u0161arui, apr\u016bpindamas organizm\u0105 visomis reikalingomis maistin\u0117mis\" \/>\n<meta property=\"og:url\" content=\"https:\/\/anivet.lt\/elparduotuve\/produktas\/hills-prescription-diet-canine-derm-complete-370g-odos-problemoms\/\" \/>\n<meta property=\"og:site_name\" content=\"anivet.lt\" \/>\n<meta property=\"article:modified_time\" content=\"2025-05-27T13:35:29+00:00\" \/>\n<meta property=\"og:image\" content=\"https:\/\/anivet.lt\/elparduotuve\/wp-content\/uploads\/2025\/01\/35-Hills-Prescription-Diet\u00ae-Canine-Derm-Complete-370g-odos-problemoms.jpg\" \/>\n\t<meta property=\"og:image:width\" content=\"768\" \/>\n\t<meta property=\"og:image:height\" content=\"768\" \/>\n\t<meta property=\"og:image:type\" content=\"image\/jpeg\" \/>\n<meta name=\"twitter:card\" content=\"summary_large_image\" \/>\n<meta name=\"twitter:label1\" content=\"Est. reading time\" \/>\n\t<meta name=\"twitter:data1\" content=\"1 minut\u0117\" \/>\n<script type=\"application\/ld+json\" class=\"yoast-schema-graph\">{\"@context\":\"https:\\\/\\\/schema.org\",\"@graph\":[{\"@type\":\"WebPage\",\"@id\":\"https:\\\/\\\/anivet.lt\\\/elparduotuve\\\/produktas\\\/hills-prescription-diet-canine-derm-complete-370g-odos-problemoms\\\/\",\"url\":\"https:\\\/\\\/anivet.lt\\\/elparduotuve\\\/produktas\\\/hills-prescription-diet-canine-derm-complete-370g-odos-problemoms\\\/\",\"name\":\"Hill\u2019s Prescription Diet\u00ae Canine Derm Complete 370g odos problemoms - anivet.lt\",\"isPartOf\":{\"@id\":\"https:\\\/\\\/anivet.lt\\\/elparduotuve\\\/#website\"},\"primaryImageOfPage\":{\"@id\":\"https:\\\/\\\/anivet.lt\\\/elparduotuve\\\/produktas\\\/hills-prescription-diet-canine-derm-complete-370g-odos-problemoms\\\/#primaryimage\"},\"image\":{\"@id\":\"https:\\\/\\\/anivet.lt\\\/elparduotuve\\\/produktas\\\/hills-prescription-diet-canine-derm-complete-370g-odos-problemoms\\\/#primaryimage\"},\"thumbnailUrl\":\"https:\\\/\\\/anivet.lt\\\/elparduotuve\\\/wp-content\\\/uploads\\\/2025\\\/01\\\/35-Hills-Prescription-Diet\u00ae-Canine-Derm-Complete-370g-odos-problemoms.jpg\",\"datePublished\":\"2025-01-15T06:09:36+00:00\",\"dateModified\":\"2025-05-27T13:35:29+00:00\",\"description\":\"\u0160is specializuotas pa\u0161aras padeda ma\u017einti \u0161un\u0173 jautrum\u0105 aplinkos veiksniams ir alergij\u0105 pa\u0161arui, apr\u016bpindamas organizm\u0105 visomis reikalingomis maistin\u0117mis\",\"breadcrumb\":{\"@id\":\"https:\\\/\\\/anivet.lt\\\/elparduotuve\\\/produktas\\\/hills-prescription-diet-canine-derm-complete-370g-odos-problemoms\\\/#breadcrumb\"},\"inLanguage\":\"lt-LT\",\"potentialAction\":[{\"@type\":\"ReadAction\",\"target\":[\"https:\\\/\\\/anivet.lt\\\/elparduotuve\\\/produktas\\\/hills-prescription-diet-canine-derm-complete-370g-odos-problemoms\\\/\"]}]},{\"@type\":\"ImageObject\",\"inLanguage\":\"lt-LT\",\"@id\":\"https:\\\/\\\/anivet.lt\\\/elparduotuve\\\/produktas\\\/hills-prescription-diet-canine-derm-complete-370g-odos-problemoms\\\/#primaryimage\",\"url\":\"https:\\\/\\\/anivet.lt\\\/elparduotuve\\\/wp-content\\\/uploads\\\/2025\\\/01\\\/35-Hills-Prescription-Diet\u00ae-Canine-Derm-Complete-370g-odos-problemoms.jpg\",\"contentUrl\":\"https:\\\/\\\/anivet.lt\\\/elparduotuve\\\/wp-content\\\/uploads\\\/2025\\\/01\\\/35-Hills-Prescription-Diet\u00ae-Canine-Derm-Complete-370g-odos-problemoms.jpg\",\"width\":768,\"height\":768,\"caption\":\"Hill\u2019s Prescription Diet\u00ae Canine Derm Complete 370g odos problemoms\"},{\"@type\":\"BreadcrumbList\",\"@id\":\"https:\\\/\\\/anivet.lt\\\/elparduotuve\\\/produktas\\\/hills-prescription-diet-canine-derm-complete-370g-odos-problemoms\\\/#breadcrumb\",\"itemListElement\":[{\"@type\":\"ListItem\",\"position\":1,\"name\":\"Home\",\"item\":\"https:\\\/\\\/anivet.lt\\\/elparduotuve\\\/\"},{\"@type\":\"ListItem\",\"position\":2,\"name\":\"Produktai\",\"item\":\"https:\\\/\\\/anivet.lt\\\/elparduotuve\\\/produktai\\\/\"},{\"@type\":\"ListItem\",\"position\":3,\"name\":\"Hill\u2019s Prescription Diet\u00ae Canine Derm Complete 370g odos problemoms\"}]},{\"@type\":\"WebSite\",\"@id\":\"https:\\\/\\\/anivet.lt\\\/elparduotuve\\\/#website\",\"url\":\"https:\\\/\\\/anivet.lt\\\/elparduotuve\\\/\",\"name\":\"anivet.lt\",\"description\":\"Viskas J\u016bs\u0173 \u0161uns, kat\u0117s prie\u017ei\u016brai\",\"publisher\":{\"@id\":\"https:\\\/\\\/anivet.lt\\\/elparduotuve\\\/#organization\"},\"alternateName\":\"Viskas J\u016bs\u0173 \u0161uns, kat\u0117s prie\u017ei\u016brai\",\"potentialAction\":[{\"@type\":\"SearchAction\",\"target\":{\"@type\":\"EntryPoint\",\"urlTemplate\":\"https:\\\/\\\/anivet.lt\\\/elparduotuve\\\/?s={search_term_string}\"},\"query-input\":{\"@type\":\"PropertyValueSpecification\",\"valueRequired\":true,\"valueName\":\"search_term_string\"}}],\"inLanguage\":\"lt-LT\"},{\"@type\":\"Organization\",\"@id\":\"https:\\\/\\\/anivet.lt\\\/elparduotuve\\\/#organization\",\"name\":\"Viskas J\u016bs\u0173 \u0161uns, kat\u0117s prie\u017ei\u016brai\",\"url\":\"https:\\\/\\\/anivet.lt\\\/elparduotuve\\\/\",\"logo\":{\"@type\":\"ImageObject\",\"inLanguage\":\"lt-LT\",\"@id\":\"https:\\\/\\\/anivet.lt\\\/elparduotuve\\\/#\\\/schema\\\/logo\\\/image\\\/\",\"url\":\"https:\\\/\\\/anivet.lt\\\/elparduotuve\\\/wp-content\\\/uploads\\\/2023\\\/06\\\/logo2.jpg\",\"contentUrl\":\"https:\\\/\\\/anivet.lt\\\/elparduotuve\\\/wp-content\\\/uploads\\\/2023\\\/06\\\/logo2.jpg\",\"width\":655,\"height\":194,\"caption\":\"Viskas J\u016bs\u0173 \u0161uns, kat\u0117s prie\u017ei\u016brai\"},\"image\":{\"@id\":\"https:\\\/\\\/anivet.lt\\\/elparduotuve\\\/#\\\/schema\\\/logo\\\/image\\\/\"}}]}<\/script>\n<!-- \/ Yoast SEO Premium plugin. -->","yoast_head_json":{"title":"Hill\u2019s Prescription Diet\u00ae Canine Derm Complete 370g odos problemoms - anivet.lt","description":"\u0160is specializuotas pa\u0161aras padeda ma\u017einti \u0161un\u0173 jautrum\u0105 aplinkos veiksniams ir alergij\u0105 pa\u0161arui, apr\u016bpindamas organizm\u0105 visomis reikalingomis maistin\u0117mis","robots":{"index":"index","follow":"follow","max-snippet":"max-snippet:-1","max-image-preview":"max-image-preview:large","max-video-preview":"max-video-preview:-1"},"canonical":"https:\/\/anivet.lt\/elparduotuve\/produktas\/hills-prescription-diet-canine-derm-complete-370g-odos-problemoms\/","og_locale":"lt_LT","og_type":"article","og_title":"Hill\u2019s Prescription Diet\u00ae Canine Derm Complete 370g odos problemoms","og_description":"\u0160is specializuotas pa\u0161aras padeda ma\u017einti \u0161un\u0173 jautrum\u0105 aplinkos veiksniams ir alergij\u0105 pa\u0161arui, apr\u016bpindamas organizm\u0105 visomis reikalingomis maistin\u0117mis","og_url":"https:\/\/anivet.lt\/elparduotuve\/produktas\/hills-prescription-diet-canine-derm-complete-370g-odos-problemoms\/","og_site_name":"anivet.lt","article_modified_time":"2025-05-27T13:35:29+00:00","og_image":[{"width":768,"height":768,"url":"https:\/\/anivet.lt\/elparduotuve\/wp-content\/uploads\/2025\/01\/35-Hills-Prescription-Diet\u00ae-Canine-Derm-Complete-370g-odos-problemoms.jpg","type":"image\/jpeg"}],"twitter_card":"summary_large_image","twitter_misc":{"Est. reading time":"1 minut\u0117"},"schema":{"@context":"https:\/\/schema.org","@graph":[{"@type":"WebPage","@id":"https:\/\/anivet.lt\/elparduotuve\/produktas\/hills-prescription-diet-canine-derm-complete-370g-odos-problemoms\/","url":"https:\/\/anivet.lt\/elparduotuve\/produktas\/hills-prescription-diet-canine-derm-complete-370g-odos-problemoms\/","name":"Hill\u2019s Prescription Diet\u00ae Canine Derm Complete 370g odos problemoms - anivet.lt","isPartOf":{"@id":"https:\/\/anivet.lt\/elparduotuve\/#website"},"primaryImageOfPage":{"@id":"https:\/\/anivet.lt\/elparduotuve\/produktas\/hills-prescription-diet-canine-derm-complete-370g-odos-problemoms\/#primaryimage"},"image":{"@id":"https:\/\/anivet.lt\/elparduotuve\/produktas\/hills-prescription-diet-canine-derm-complete-370g-odos-problemoms\/#primaryimage"},"thumbnailUrl":"https:\/\/anivet.lt\/elparduotuve\/wp-content\/uploads\/2025\/01\/35-Hills-Prescription-Diet\u00ae-Canine-Derm-Complete-370g-odos-problemoms.jpg","datePublished":"2025-01-15T06:09:36+00:00","dateModified":"2025-05-27T13:35:29+00:00","description":"\u0160is specializuotas pa\u0161aras padeda ma\u017einti \u0161un\u0173 jautrum\u0105 aplinkos veiksniams ir alergij\u0105 pa\u0161arui, apr\u016bpindamas organizm\u0105 visomis reikalingomis maistin\u0117mis","breadcrumb":{"@id":"https:\/\/anivet.lt\/elparduotuve\/produktas\/hills-prescription-diet-canine-derm-complete-370g-odos-problemoms\/#breadcrumb"},"inLanguage":"lt-LT","potentialAction":[{"@type":"ReadAction","target":["https:\/\/anivet.lt\/elparduotuve\/produktas\/hills-prescription-diet-canine-derm-complete-370g-odos-problemoms\/"]}]},{"@type":"ImageObject","inLanguage":"lt-LT","@id":"https:\/\/anivet.lt\/elparduotuve\/produktas\/hills-prescription-diet-canine-derm-complete-370g-odos-problemoms\/#primaryimage","url":"https:\/\/anivet.lt\/elparduotuve\/wp-content\/uploads\/2025\/01\/35-Hills-Prescription-Diet\u00ae-Canine-Derm-Complete-370g-odos-problemoms.jpg","contentUrl":"https:\/\/anivet.lt\/elparduotuve\/wp-content\/uploads\/2025\/01\/35-Hills-Prescription-Diet\u00ae-Canine-Derm-Complete-370g-odos-problemoms.jpg","width":768,"height":768,"caption":"Hill\u2019s Prescription Diet\u00ae Canine Derm Complete 370g odos problemoms"},{"@type":"BreadcrumbList","@id":"https:\/\/anivet.lt\/elparduotuve\/produktas\/hills-prescription-diet-canine-derm-complete-370g-odos-problemoms\/#breadcrumb","itemListElement":[{"@type":"ListItem","position":1,"name":"Home","item":"https:\/\/anivet.lt\/elparduotuve\/"},{"@type":"ListItem","position":2,"name":"Produktai","item":"https:\/\/anivet.lt\/elparduotuve\/produktai\/"},{"@type":"ListItem","position":3,"name":"Hill\u2019s Prescription Diet\u00ae Canine Derm Complete 370g odos problemoms"}]},{"@type":"WebSite","@id":"https:\/\/anivet.lt\/elparduotuve\/#website","url":"https:\/\/anivet.lt\/elparduotuve\/","name":"anivet.lt","description":"Viskas J\u016bs\u0173 \u0161uns, kat\u0117s prie\u017ei\u016brai","publisher":{"@id":"https:\/\/anivet.lt\/elparduotuve\/#organization"},"alternateName":"Viskas J\u016bs\u0173 \u0161uns, kat\u0117s prie\u017ei\u016brai","potentialAction":[{"@type":"SearchAction","target":{"@type":"EntryPoint","urlTemplate":"https:\/\/anivet.lt\/elparduotuve\/?s={search_term_string}"},"query-input":{"@type":"PropertyValueSpecification","valueRequired":true,"valueName":"search_term_string"}}],"inLanguage":"lt-LT"},{"@type":"Organization","@id":"https:\/\/anivet.lt\/elparduotuve\/#organization","name":"Viskas J\u016bs\u0173 \u0161uns, kat\u0117s prie\u017ei\u016brai","url":"https:\/\/anivet.lt\/elparduotuve\/","logo":{"@type":"ImageObject","inLanguage":"lt-LT","@id":"https:\/\/anivet.lt\/elparduotuve\/#\/schema\/logo\/image\/","url":"https:\/\/anivet.lt\/elparduotuve\/wp-content\/uploads\/2023\/06\/logo2.jpg","contentUrl":"https:\/\/anivet.lt\/elparduotuve\/wp-content\/uploads\/2023\/06\/logo2.jpg","width":655,"height":194,"caption":"Viskas J\u016bs\u0173 \u0161uns, kat\u0117s prie\u017ei\u016brai"},"image":{"@id":"https:\/\/anivet.lt\/elparduotuve\/#\/schema\/logo\/image\/"}}]}},"_links":{"self":[{"href":"https:\/\/anivet.lt\/elparduotuve\/wp-json\/wp\/v2\/product\/16331","targetHints":{"allow":["GET"]}}],"collection":[{"href":"https:\/\/anivet.lt\/elparduotuve\/wp-json\/wp\/v2\/product"}],"about":[{"href":"https:\/\/anivet.lt\/elparduotuve\/wp-json\/wp\/v2\/types\/product"}],"wp:featuredmedia":[{"embeddable":true,"href":"https:\/\/anivet.lt\/elparduotuve\/wp-json\/wp\/v2\/media\/16332"}],"wp:attachment":[{"href":"https:\/\/anivet.lt\/elparduotuve\/wp-json\/wp\/v2\/media?parent=16331"}],"wp:term":[{"taxonomy":"product_brand","embeddable":true,"href":"https:\/\/anivet.lt\/elparduotuve\/wp-json\/wp\/v2\/product_brand?post=16331"},{"taxonomy":"product_cat","embeddable":true,"href":"https:\/\/anivet.lt\/elparduotuve\/wp-json\/wp\/v2\/product_cat?post=16331"},{"taxonomy":"product_tag","embeddable":true,"href":"https:\/\/anivet.lt\/elparduotuve\/wp-json\/wp\/v2\/product_tag?post=16331"}],"curies":[{"name":"wp","href":"https:\/\/api.w.org\/{rel}","templated":true}]}}