{"id":16333,"date":"2025-01-15T06:15:27","date_gmt":"2025-01-15T06:15:27","guid":{"rendered":"https:\/\/anivet.lt\/elparduotuve\/?post_type=product&#038;p=16333"},"modified":"2025-05-27T13:35:29","modified_gmt":"2025-05-27T13:35:29","slug":"hills-prescription-diet-canine-k-d-inkstu-prieziurai","status":"publish","type":"product","link":"https:\/\/anivet.lt\/elparduotuve\/produktas\/hills-prescription-diet-canine-k-d-inkstu-prieziurai\/","title":{"rendered":"Hill\u2019s Prescription Diet\u00ae Canine k\/d inkst\u0173 prie\u017ei\u016brai"},"content":{"rendered":"<p>Konservuotas pa\u0161aras \u0161unims, skirtas inkst\u0173 sveikatai palaikyti. \u0160is dietinis maistas yra specialiai sukurtas pad\u0117ti suma\u017einti inkst\u0173 apkrov\u0105 ir palaikyti j\u0173 funkcij\u0105, u\u017etikrinant augintinio gerov\u0119 ir gyvenimo kokyb\u0119.<\/p>\n<ul>\n<li>Ma\u017eas fosforo ir natrio kiekis: Padeda suma\u017einti inkst\u0173 apkrov\u0105 ir apsaugoti j\u0173 funkcij\u0105.<\/li>\n<li>\u201eActivBiome+ Kidney Defense\u201c technologija: Maitina \u017earnyno mikrobiom\u0105, prisidedant prie bendros sveikatos ir geresnio vir\u0161kinimo.<\/li>\n<li>Didelis aminor\u016bg\u0161\u010di\u0173 ir L-karnitino kiekis: Palaiko raumen\u0173 mas\u0117s palaikym\u0105 ir organizmo stiprinim\u0105.<\/li>\n<li>Omega-3 riebal\u0173 r\u016bg\u0161tys: I\u0161 \u017euv\u0173 tauk\u0173 skatina inkst\u0173 sveikim\u0105 ir ma\u017eina u\u017edegim\u0105.<\/li>\n<li>Gardus skonis: Sukurtas taip, kad patikt\u0173 net i\u0161rankiausiems \u0161unims.<\/li>\n<\/ul>\n<p>\u201eHill\u2019s Prescription Diet k\/d\u201d \u2013 tai gardus ir efektyvus pa\u0161aras, padedantis u\u017etikrinti j\u016bs\u0173 \u0161uns inkst\u0173 sveikat\u0105 ir geresn\u0119 savijaut\u0105. Nuolat naudojant \u0161\u012f pa\u0161ar\u0105, galima pagerinti augintinio gyvenimo kokyb\u0119 ir prailginti jo trukm\u0119. Pasitarkite su veterinaru d\u0117l \u0161io pa\u0161aro tinkamumo j\u016bs\u0173 augintiniui.<\/p>\n","protected":false},"excerpt":{"rendered":"<p>Konservuotas pa\u0161aras \u0161unims, skirtas inkst\u0173 sveikatai palaikyti. \u0160is dietinis maistas yra specialiai sukurtas pad\u0117ti suma\u017einti inkst\u0173 apkrov\u0105 ir palaikyti j\u0173<\/p>\n","protected":false},"featured_media":16334,"template":"","meta":[],"product_brand":[],"product_cat":[101,103,107,333],"product_tag":[],"class_list":{"0":"post-16333","1":"product","2":"type-product","3":"status-publish","4":"has-post-thumbnail","6":"product_cat-sunims","7":"product_cat-sunu-maistas","8":"product_cat-veterinarine-dieta","9":"product_cat-hills-sunu-maistas","10":"pa_prekinis-zenklas-hills","12":"first","13":"instock","14":"taxable","15":"shipping-taxable","16":"purchasable","17":"product-type-simple"},"yoast_head":"<!-- This site is optimized with the Yoast SEO Premium plugin v27.1 (Yoast SEO v27.5) - https:\/\/yoast.com\/product\/yoast-seo-premium-wordpress\/ -->\n<title>Hill\u2019s Prescription Diet\u00ae Canine k\/d inkst\u0173 prie\u017ei\u016brai - anivet.lt<\/title>\n<meta name=\"description\" content=\"Konservuotas pa\u0161aras \u0161unims, skirtas inkst\u0173 sveikatai palaikyti. \u0160is dietinis maistas yra specialiai sukurtas pad\u0117ti suma\u017einti inkst\u0173 apkrov\u0105 ir palaikyti\" \/>\n<meta name=\"robots\" content=\"index, follow, max-snippet:-1, max-image-preview:large, max-video-preview:-1\" \/>\n<link rel=\"canonical\" href=\"https:\/\/anivet.lt\/elparduotuve\/produktas\/hills-prescription-diet-canine-k-d-inkstu-prieziurai\/\" \/>\n<meta property=\"og:locale\" content=\"lt_LT\" \/>\n<meta property=\"og:type\" content=\"article\" \/>\n<meta property=\"og:title\" content=\"Hill\u2019s Prescription Diet\u00ae Canine k\/d inkst\u0173 prie\u017ei\u016brai\" \/>\n<meta property=\"og:description\" content=\"Konservuotas pa\u0161aras \u0161unims, skirtas inkst\u0173 sveikatai palaikyti. \u0160is dietinis maistas yra specialiai sukurtas pad\u0117ti suma\u017einti inkst\u0173 apkrov\u0105 ir palaikyti\" \/>\n<meta property=\"og:url\" content=\"https:\/\/anivet.lt\/elparduotuve\/produktas\/hills-prescription-diet-canine-k-d-inkstu-prieziurai\/\" \/>\n<meta property=\"og:site_name\" content=\"anivet.lt\" \/>\n<meta property=\"article:modified_time\" content=\"2025-05-27T13:35:29+00:00\" \/>\n<meta property=\"og:image\" content=\"https:\/\/anivet.lt\/elparduotuve\/wp-content\/uploads\/2025\/01\/36-Hills-Prescription-Diet\u00ae-Canine-kd-inkstu-prieziurai.jpg\" \/>\n\t<meta property=\"og:image:width\" content=\"768\" \/>\n\t<meta property=\"og:image:height\" content=\"768\" \/>\n\t<meta property=\"og:image:type\" content=\"image\/jpeg\" \/>\n<meta name=\"twitter:card\" content=\"summary_large_image\" \/>\n<meta name=\"twitter:label1\" content=\"Est. reading time\" \/>\n\t<meta name=\"twitter:data1\" content=\"1 minut\u0117\" \/>\n<script type=\"application\/ld+json\" class=\"yoast-schema-graph\">{\"@context\":\"https:\\\/\\\/schema.org\",\"@graph\":[{\"@type\":\"WebPage\",\"@id\":\"https:\\\/\\\/anivet.lt\\\/elparduotuve\\\/produktas\\\/hills-prescription-diet-canine-k-d-inkstu-prieziurai\\\/\",\"url\":\"https:\\\/\\\/anivet.lt\\\/elparduotuve\\\/produktas\\\/hills-prescription-diet-canine-k-d-inkstu-prieziurai\\\/\",\"name\":\"Hill\u2019s Prescription Diet\u00ae Canine k\\\/d inkst\u0173 prie\u017ei\u016brai - anivet.lt\",\"isPartOf\":{\"@id\":\"https:\\\/\\\/anivet.lt\\\/elparduotuve\\\/#website\"},\"primaryImageOfPage\":{\"@id\":\"https:\\\/\\\/anivet.lt\\\/elparduotuve\\\/produktas\\\/hills-prescription-diet-canine-k-d-inkstu-prieziurai\\\/#primaryimage\"},\"image\":{\"@id\":\"https:\\\/\\\/anivet.lt\\\/elparduotuve\\\/produktas\\\/hills-prescription-diet-canine-k-d-inkstu-prieziurai\\\/#primaryimage\"},\"thumbnailUrl\":\"https:\\\/\\\/anivet.lt\\\/elparduotuve\\\/wp-content\\\/uploads\\\/2025\\\/01\\\/36-Hills-Prescription-Diet\u00ae-Canine-kd-inkstu-prieziurai.jpg\",\"datePublished\":\"2025-01-15T06:15:27+00:00\",\"dateModified\":\"2025-05-27T13:35:29+00:00\",\"description\":\"Konservuotas pa\u0161aras \u0161unims, skirtas inkst\u0173 sveikatai palaikyti. \u0160is dietinis maistas yra specialiai sukurtas pad\u0117ti suma\u017einti inkst\u0173 apkrov\u0105 ir palaikyti\",\"breadcrumb\":{\"@id\":\"https:\\\/\\\/anivet.lt\\\/elparduotuve\\\/produktas\\\/hills-prescription-diet-canine-k-d-inkstu-prieziurai\\\/#breadcrumb\"},\"inLanguage\":\"lt-LT\",\"potentialAction\":[{\"@type\":\"ReadAction\",\"target\":[\"https:\\\/\\\/anivet.lt\\\/elparduotuve\\\/produktas\\\/hills-prescription-diet-canine-k-d-inkstu-prieziurai\\\/\"]}]},{\"@type\":\"ImageObject\",\"inLanguage\":\"lt-LT\",\"@id\":\"https:\\\/\\\/anivet.lt\\\/elparduotuve\\\/produktas\\\/hills-prescription-diet-canine-k-d-inkstu-prieziurai\\\/#primaryimage\",\"url\":\"https:\\\/\\\/anivet.lt\\\/elparduotuve\\\/wp-content\\\/uploads\\\/2025\\\/01\\\/36-Hills-Prescription-Diet\u00ae-Canine-kd-inkstu-prieziurai.jpg\",\"contentUrl\":\"https:\\\/\\\/anivet.lt\\\/elparduotuve\\\/wp-content\\\/uploads\\\/2025\\\/01\\\/36-Hills-Prescription-Diet\u00ae-Canine-kd-inkstu-prieziurai.jpg\",\"width\":768,\"height\":768,\"caption\":\"Hill\u2019s Prescription Diet\u00ae Canine k\\\/d inkst\u0173 prie\u017ei\u016brai\"},{\"@type\":\"BreadcrumbList\",\"@id\":\"https:\\\/\\\/anivet.lt\\\/elparduotuve\\\/produktas\\\/hills-prescription-diet-canine-k-d-inkstu-prieziurai\\\/#breadcrumb\",\"itemListElement\":[{\"@type\":\"ListItem\",\"position\":1,\"name\":\"Home\",\"item\":\"https:\\\/\\\/anivet.lt\\\/elparduotuve\\\/\"},{\"@type\":\"ListItem\",\"position\":2,\"name\":\"Produktai\",\"item\":\"https:\\\/\\\/anivet.lt\\\/elparduotuve\\\/produktai\\\/\"},{\"@type\":\"ListItem\",\"position\":3,\"name\":\"Hill\u2019s Prescription Diet\u00ae Canine k\\\/d inkst\u0173 prie\u017ei\u016brai\"}]},{\"@type\":\"WebSite\",\"@id\":\"https:\\\/\\\/anivet.lt\\\/elparduotuve\\\/#website\",\"url\":\"https:\\\/\\\/anivet.lt\\\/elparduotuve\\\/\",\"name\":\"anivet.lt\",\"description\":\"Viskas J\u016bs\u0173 \u0161uns, kat\u0117s prie\u017ei\u016brai\",\"publisher\":{\"@id\":\"https:\\\/\\\/anivet.lt\\\/elparduotuve\\\/#organization\"},\"alternateName\":\"Viskas J\u016bs\u0173 \u0161uns, kat\u0117s prie\u017ei\u016brai\",\"potentialAction\":[{\"@type\":\"SearchAction\",\"target\":{\"@type\":\"EntryPoint\",\"urlTemplate\":\"https:\\\/\\\/anivet.lt\\\/elparduotuve\\\/?s={search_term_string}\"},\"query-input\":{\"@type\":\"PropertyValueSpecification\",\"valueRequired\":true,\"valueName\":\"search_term_string\"}}],\"inLanguage\":\"lt-LT\"},{\"@type\":\"Organization\",\"@id\":\"https:\\\/\\\/anivet.lt\\\/elparduotuve\\\/#organization\",\"name\":\"Viskas J\u016bs\u0173 \u0161uns, kat\u0117s prie\u017ei\u016brai\",\"url\":\"https:\\\/\\\/anivet.lt\\\/elparduotuve\\\/\",\"logo\":{\"@type\":\"ImageObject\",\"inLanguage\":\"lt-LT\",\"@id\":\"https:\\\/\\\/anivet.lt\\\/elparduotuve\\\/#\\\/schema\\\/logo\\\/image\\\/\",\"url\":\"https:\\\/\\\/anivet.lt\\\/elparduotuve\\\/wp-content\\\/uploads\\\/2023\\\/06\\\/logo2.jpg\",\"contentUrl\":\"https:\\\/\\\/anivet.lt\\\/elparduotuve\\\/wp-content\\\/uploads\\\/2023\\\/06\\\/logo2.jpg\",\"width\":655,\"height\":194,\"caption\":\"Viskas J\u016bs\u0173 \u0161uns, kat\u0117s prie\u017ei\u016brai\"},\"image\":{\"@id\":\"https:\\\/\\\/anivet.lt\\\/elparduotuve\\\/#\\\/schema\\\/logo\\\/image\\\/\"}}]}<\/script>\n<!-- \/ Yoast SEO Premium plugin. -->","yoast_head_json":{"title":"Hill\u2019s Prescription Diet\u00ae Canine k\/d inkst\u0173 prie\u017ei\u016brai - anivet.lt","description":"Konservuotas pa\u0161aras \u0161unims, skirtas inkst\u0173 sveikatai palaikyti. \u0160is dietinis maistas yra specialiai sukurtas pad\u0117ti suma\u017einti inkst\u0173 apkrov\u0105 ir palaikyti","robots":{"index":"index","follow":"follow","max-snippet":"max-snippet:-1","max-image-preview":"max-image-preview:large","max-video-preview":"max-video-preview:-1"},"canonical":"https:\/\/anivet.lt\/elparduotuve\/produktas\/hills-prescription-diet-canine-k-d-inkstu-prieziurai\/","og_locale":"lt_LT","og_type":"article","og_title":"Hill\u2019s Prescription Diet\u00ae Canine k\/d inkst\u0173 prie\u017ei\u016brai","og_description":"Konservuotas pa\u0161aras \u0161unims, skirtas inkst\u0173 sveikatai palaikyti. \u0160is dietinis maistas yra specialiai sukurtas pad\u0117ti suma\u017einti inkst\u0173 apkrov\u0105 ir palaikyti","og_url":"https:\/\/anivet.lt\/elparduotuve\/produktas\/hills-prescription-diet-canine-k-d-inkstu-prieziurai\/","og_site_name":"anivet.lt","article_modified_time":"2025-05-27T13:35:29+00:00","og_image":[{"width":768,"height":768,"url":"https:\/\/anivet.lt\/elparduotuve\/wp-content\/uploads\/2025\/01\/36-Hills-Prescription-Diet\u00ae-Canine-kd-inkstu-prieziurai.jpg","type":"image\/jpeg"}],"twitter_card":"summary_large_image","twitter_misc":{"Est. reading time":"1 minut\u0117"},"schema":{"@context":"https:\/\/schema.org","@graph":[{"@type":"WebPage","@id":"https:\/\/anivet.lt\/elparduotuve\/produktas\/hills-prescription-diet-canine-k-d-inkstu-prieziurai\/","url":"https:\/\/anivet.lt\/elparduotuve\/produktas\/hills-prescription-diet-canine-k-d-inkstu-prieziurai\/","name":"Hill\u2019s Prescription Diet\u00ae Canine k\/d inkst\u0173 prie\u017ei\u016brai - anivet.lt","isPartOf":{"@id":"https:\/\/anivet.lt\/elparduotuve\/#website"},"primaryImageOfPage":{"@id":"https:\/\/anivet.lt\/elparduotuve\/produktas\/hills-prescription-diet-canine-k-d-inkstu-prieziurai\/#primaryimage"},"image":{"@id":"https:\/\/anivet.lt\/elparduotuve\/produktas\/hills-prescription-diet-canine-k-d-inkstu-prieziurai\/#primaryimage"},"thumbnailUrl":"https:\/\/anivet.lt\/elparduotuve\/wp-content\/uploads\/2025\/01\/36-Hills-Prescription-Diet\u00ae-Canine-kd-inkstu-prieziurai.jpg","datePublished":"2025-01-15T06:15:27+00:00","dateModified":"2025-05-27T13:35:29+00:00","description":"Konservuotas pa\u0161aras \u0161unims, skirtas inkst\u0173 sveikatai palaikyti. \u0160is dietinis maistas yra specialiai sukurtas pad\u0117ti suma\u017einti inkst\u0173 apkrov\u0105 ir palaikyti","breadcrumb":{"@id":"https:\/\/anivet.lt\/elparduotuve\/produktas\/hills-prescription-diet-canine-k-d-inkstu-prieziurai\/#breadcrumb"},"inLanguage":"lt-LT","potentialAction":[{"@type":"ReadAction","target":["https:\/\/anivet.lt\/elparduotuve\/produktas\/hills-prescription-diet-canine-k-d-inkstu-prieziurai\/"]}]},{"@type":"ImageObject","inLanguage":"lt-LT","@id":"https:\/\/anivet.lt\/elparduotuve\/produktas\/hills-prescription-diet-canine-k-d-inkstu-prieziurai\/#primaryimage","url":"https:\/\/anivet.lt\/elparduotuve\/wp-content\/uploads\/2025\/01\/36-Hills-Prescription-Diet\u00ae-Canine-kd-inkstu-prieziurai.jpg","contentUrl":"https:\/\/anivet.lt\/elparduotuve\/wp-content\/uploads\/2025\/01\/36-Hills-Prescription-Diet\u00ae-Canine-kd-inkstu-prieziurai.jpg","width":768,"height":768,"caption":"Hill\u2019s Prescription Diet\u00ae Canine k\/d inkst\u0173 prie\u017ei\u016brai"},{"@type":"BreadcrumbList","@id":"https:\/\/anivet.lt\/elparduotuve\/produktas\/hills-prescription-diet-canine-k-d-inkstu-prieziurai\/#breadcrumb","itemListElement":[{"@type":"ListItem","position":1,"name":"Home","item":"https:\/\/anivet.lt\/elparduotuve\/"},{"@type":"ListItem","position":2,"name":"Produktai","item":"https:\/\/anivet.lt\/elparduotuve\/produktai\/"},{"@type":"ListItem","position":3,"name":"Hill\u2019s Prescription Diet\u00ae Canine k\/d inkst\u0173 prie\u017ei\u016brai"}]},{"@type":"WebSite","@id":"https:\/\/anivet.lt\/elparduotuve\/#website","url":"https:\/\/anivet.lt\/elparduotuve\/","name":"anivet.lt","description":"Viskas J\u016bs\u0173 \u0161uns, kat\u0117s prie\u017ei\u016brai","publisher":{"@id":"https:\/\/anivet.lt\/elparduotuve\/#organization"},"alternateName":"Viskas J\u016bs\u0173 \u0161uns, kat\u0117s prie\u017ei\u016brai","potentialAction":[{"@type":"SearchAction","target":{"@type":"EntryPoint","urlTemplate":"https:\/\/anivet.lt\/elparduotuve\/?s={search_term_string}"},"query-input":{"@type":"PropertyValueSpecification","valueRequired":true,"valueName":"search_term_string"}}],"inLanguage":"lt-LT"},{"@type":"Organization","@id":"https:\/\/anivet.lt\/elparduotuve\/#organization","name":"Viskas J\u016bs\u0173 \u0161uns, kat\u0117s prie\u017ei\u016brai","url":"https:\/\/anivet.lt\/elparduotuve\/","logo":{"@type":"ImageObject","inLanguage":"lt-LT","@id":"https:\/\/anivet.lt\/elparduotuve\/#\/schema\/logo\/image\/","url":"https:\/\/anivet.lt\/elparduotuve\/wp-content\/uploads\/2023\/06\/logo2.jpg","contentUrl":"https:\/\/anivet.lt\/elparduotuve\/wp-content\/uploads\/2023\/06\/logo2.jpg","width":655,"height":194,"caption":"Viskas J\u016bs\u0173 \u0161uns, kat\u0117s prie\u017ei\u016brai"},"image":{"@id":"https:\/\/anivet.lt\/elparduotuve\/#\/schema\/logo\/image\/"}}]}},"_links":{"self":[{"href":"https:\/\/anivet.lt\/elparduotuve\/wp-json\/wp\/v2\/product\/16333","targetHints":{"allow":["GET"]}}],"collection":[{"href":"https:\/\/anivet.lt\/elparduotuve\/wp-json\/wp\/v2\/product"}],"about":[{"href":"https:\/\/anivet.lt\/elparduotuve\/wp-json\/wp\/v2\/types\/product"}],"wp:featuredmedia":[{"embeddable":true,"href":"https:\/\/anivet.lt\/elparduotuve\/wp-json\/wp\/v2\/media\/16334"}],"wp:attachment":[{"href":"https:\/\/anivet.lt\/elparduotuve\/wp-json\/wp\/v2\/media?parent=16333"}],"wp:term":[{"taxonomy":"product_brand","embeddable":true,"href":"https:\/\/anivet.lt\/elparduotuve\/wp-json\/wp\/v2\/product_brand?post=16333"},{"taxonomy":"product_cat","embeddable":true,"href":"https:\/\/anivet.lt\/elparduotuve\/wp-json\/wp\/v2\/product_cat?post=16333"},{"taxonomy":"product_tag","embeddable":true,"href":"https:\/\/anivet.lt\/elparduotuve\/wp-json\/wp\/v2\/product_tag?post=16333"}],"curies":[{"name":"wp","href":"https:\/\/api.w.org\/{rel}","templated":true}]}}