{"id":16337,"date":"2025-01-15T06:26:27","date_gmt":"2025-01-15T06:26:27","guid":{"rendered":"https:\/\/anivet.lt\/elparduotuve\/?post_type=product&#038;p=16337"},"modified":"2026-01-15T10:40:41","modified_gmt":"2026-01-15T10:40:41","slug":"hills-prescription-diet-canine-z-d-370g-alergijoms-ir-netoleravimui","status":"publish","type":"product","link":"https:\/\/anivet.lt\/elparduotuve\/produktas\/hills-prescription-diet-canine-z-d-370g-alergijoms-ir-netoleravimui\/","title":{"rendered":"Hill\u2019s Prescription Diet\u00ae Canine z\/d  370g alergijoms ir netoleravimui"},"content":{"rendered":"<p>Konservuotas pa\u0161aras \u0161unims alergijoms ir maisto netoleravimui valdyti. \u0160is klini\u0161kai patvirtintas pa\u0161aras padeda suma\u017einti odos ir vir\u0161kinimo trakto sudirginim\u0105, sukelt\u0105 alergij\u0173 ar maisto netoleravimo, u\u017etikrindamas subalansuot\u0105 ir hipoalergin\u0119 mityb\u0105.<\/p>\n<ul>\n<li>Hipoalergin\u0117 sud\u0117tis: Hidrolizuoti gyv\u016bnin\u0117s kilm\u0117s baltymai ir i\u0161grynintas kukur\u016bz\u0173 krakmolas suma\u017eina alergini\u0173 reakcij\u0173 rizik\u0105.<\/li>\n<li>Odos ir kailio gerinimas: Klini\u0161kai patvirtinta, kad odos ir kailio b\u016bkl\u0117 pager\u0117ja per 30 dien\u0173.<\/li>\n<li>Vir\u0161kinimo palaikymas: Padeda formuoti kokybi\u0161kas i\u0161matas ir palaiko sveik\u0105 vir\u0161kinimo sistem\u0105.<\/li>\n<li>Ma\u017eina alergijos simptomus: Efektyviai ma\u017eina odos nie\u017eul\u012f, kailio problemas ir aus\u0173 sudirginim\u0105.<\/li>\n<li>Puikus skonis: Skatina augintinio apetit\u0105 ir u\u017etikrina kasdien\u012f mitybos balans\u0105.<\/li>\n<\/ul>\n<p>\u201eHill\u2019s Prescription Diet z\/d\u201d \u2013 tai veiksmingas sprendimas \u0161unims, ken\u010diantiems nuo alergij\u0173 ar maisto netoleravimo. \u0160is gardus pa\u0161aras u\u017etikrina j\u016bs\u0173 augintinio komfort\u0105 ir geresn\u0119 gyvenimo kokyb\u0119. Prie\u0161 naudodami pa\u0161ar\u0105, pasitarkite su veterinaru d\u0117l tinkamumo ir \u0161\u0117rimo rekomendacij\u0173.<\/p>\n","protected":false},"excerpt":{"rendered":"<p>Konservuotas pa\u0161aras \u0161unims alergijoms ir maisto netoleravimui valdyti. \u0160is klini\u0161kai patvirtintas pa\u0161aras padeda suma\u017einti odos ir vir\u0161kinimo trakto sudirginim\u0105, sukelt\u0105<\/p>\n","protected":false},"featured_media":16338,"template":"","meta":[],"product_brand":[],"product_cat":[101,103,107,333],"product_tag":[],"class_list":{"0":"post-16337","1":"product","2":"type-product","3":"status-publish","4":"has-post-thumbnail","6":"product_cat-sunims","7":"product_cat-sunu-maistas","8":"product_cat-veterinarine-dieta","9":"product_cat-hills-sunu-maistas","10":"pa_prekinis-zenklas-hills","12":"first","13":"outofstock","14":"taxable","15":"shipping-taxable","16":"purchasable","17":"product-type-simple"},"yoast_head":"<!-- This site is optimized with the Yoast SEO Premium plugin v27.1 (Yoast SEO v27.3) - https:\/\/yoast.com\/product\/yoast-seo-premium-wordpress\/ -->\n<title>Hill\u2019s Prescription Diet\u00ae Canine z\/d 370g alergijoms ir netoleravimui - anivet.lt<\/title>\n<meta name=\"description\" content=\"Konservuotas pa\u0161aras \u0161unims alergijoms ir maisto netoleravimui valdyti. \u0160is klini\u0161kai patvirtintas pa\u0161aras padeda suma\u017einti odos ir vir\u0161kinimo trakto\" \/>\n<meta name=\"robots\" content=\"index, follow, max-snippet:-1, max-image-preview:large, max-video-preview:-1\" \/>\n<link rel=\"canonical\" href=\"https:\/\/anivet.lt\/elparduotuve\/produktas\/hills-prescription-diet-canine-z-d-370g-alergijoms-ir-netoleravimui\/\" \/>\n<meta property=\"og:locale\" content=\"lt_LT\" \/>\n<meta property=\"og:type\" content=\"article\" \/>\n<meta property=\"og:title\" content=\"Hill\u2019s Prescription Diet\u00ae Canine z\/d 370g alergijoms ir netoleravimui\" \/>\n<meta property=\"og:description\" content=\"Konservuotas pa\u0161aras \u0161unims alergijoms ir maisto netoleravimui valdyti. \u0160is klini\u0161kai patvirtintas pa\u0161aras padeda suma\u017einti odos ir vir\u0161kinimo trakto\" \/>\n<meta property=\"og:url\" content=\"https:\/\/anivet.lt\/elparduotuve\/produktas\/hills-prescription-diet-canine-z-d-370g-alergijoms-ir-netoleravimui\/\" \/>\n<meta property=\"og:site_name\" content=\"anivet.lt\" \/>\n<meta property=\"article:modified_time\" content=\"2026-01-15T10:40:41+00:00\" \/>\n<meta property=\"og:image\" content=\"https:\/\/anivet.lt\/elparduotuve\/wp-content\/uploads\/2025\/01\/38-Hills-Prescription-Diet\u00ae-Canine-zd-alergijoms-ir-netoleravimui.jpg\" \/>\n\t<meta property=\"og:image:width\" content=\"768\" \/>\n\t<meta property=\"og:image:height\" content=\"768\" \/>\n\t<meta property=\"og:image:type\" content=\"image\/jpeg\" \/>\n<meta name=\"twitter:card\" content=\"summary_large_image\" \/>\n<meta name=\"twitter:label1\" content=\"Est. reading time\" \/>\n\t<meta name=\"twitter:data1\" content=\"1 minut\u0117\" \/>\n<script type=\"application\/ld+json\" class=\"yoast-schema-graph\">{\"@context\":\"https:\\\/\\\/schema.org\",\"@graph\":[{\"@type\":\"WebPage\",\"@id\":\"https:\\\/\\\/anivet.lt\\\/elparduotuve\\\/produktas\\\/hills-prescription-diet-canine-z-d-370g-alergijoms-ir-netoleravimui\\\/\",\"url\":\"https:\\\/\\\/anivet.lt\\\/elparduotuve\\\/produktas\\\/hills-prescription-diet-canine-z-d-370g-alergijoms-ir-netoleravimui\\\/\",\"name\":\"Hill\u2019s Prescription Diet\u00ae Canine z\\\/d 370g alergijoms ir netoleravimui - anivet.lt\",\"isPartOf\":{\"@id\":\"https:\\\/\\\/anivet.lt\\\/elparduotuve\\\/#website\"},\"primaryImageOfPage\":{\"@id\":\"https:\\\/\\\/anivet.lt\\\/elparduotuve\\\/produktas\\\/hills-prescription-diet-canine-z-d-370g-alergijoms-ir-netoleravimui\\\/#primaryimage\"},\"image\":{\"@id\":\"https:\\\/\\\/anivet.lt\\\/elparduotuve\\\/produktas\\\/hills-prescription-diet-canine-z-d-370g-alergijoms-ir-netoleravimui\\\/#primaryimage\"},\"thumbnailUrl\":\"https:\\\/\\\/anivet.lt\\\/elparduotuve\\\/wp-content\\\/uploads\\\/2025\\\/01\\\/38-Hills-Prescription-Diet\u00ae-Canine-zd-alergijoms-ir-netoleravimui.jpg\",\"datePublished\":\"2025-01-15T06:26:27+00:00\",\"dateModified\":\"2026-01-15T10:40:41+00:00\",\"description\":\"Konservuotas pa\u0161aras \u0161unims alergijoms ir maisto netoleravimui valdyti. \u0160is klini\u0161kai patvirtintas pa\u0161aras padeda suma\u017einti odos ir vir\u0161kinimo trakto\",\"breadcrumb\":{\"@id\":\"https:\\\/\\\/anivet.lt\\\/elparduotuve\\\/produktas\\\/hills-prescription-diet-canine-z-d-370g-alergijoms-ir-netoleravimui\\\/#breadcrumb\"},\"inLanguage\":\"lt-LT\",\"potentialAction\":[{\"@type\":\"ReadAction\",\"target\":[\"https:\\\/\\\/anivet.lt\\\/elparduotuve\\\/produktas\\\/hills-prescription-diet-canine-z-d-370g-alergijoms-ir-netoleravimui\\\/\"]}]},{\"@type\":\"ImageObject\",\"inLanguage\":\"lt-LT\",\"@id\":\"https:\\\/\\\/anivet.lt\\\/elparduotuve\\\/produktas\\\/hills-prescription-diet-canine-z-d-370g-alergijoms-ir-netoleravimui\\\/#primaryimage\",\"url\":\"https:\\\/\\\/anivet.lt\\\/elparduotuve\\\/wp-content\\\/uploads\\\/2025\\\/01\\\/38-Hills-Prescription-Diet\u00ae-Canine-zd-alergijoms-ir-netoleravimui.jpg\",\"contentUrl\":\"https:\\\/\\\/anivet.lt\\\/elparduotuve\\\/wp-content\\\/uploads\\\/2025\\\/01\\\/38-Hills-Prescription-Diet\u00ae-Canine-zd-alergijoms-ir-netoleravimui.jpg\",\"width\":768,\"height\":768,\"caption\":\"Hill\u2019s Prescription Diet\u00ae Canine z\\\/d 370g alergijoms ir netoleravimui\"},{\"@type\":\"BreadcrumbList\",\"@id\":\"https:\\\/\\\/anivet.lt\\\/elparduotuve\\\/produktas\\\/hills-prescription-diet-canine-z-d-370g-alergijoms-ir-netoleravimui\\\/#breadcrumb\",\"itemListElement\":[{\"@type\":\"ListItem\",\"position\":1,\"name\":\"Home\",\"item\":\"https:\\\/\\\/anivet.lt\\\/elparduotuve\\\/\"},{\"@type\":\"ListItem\",\"position\":2,\"name\":\"Produktai\",\"item\":\"https:\\\/\\\/anivet.lt\\\/elparduotuve\\\/produktai\\\/\"},{\"@type\":\"ListItem\",\"position\":3,\"name\":\"Hill\u2019s Prescription Diet\u00ae Canine z\\\/d 370g alergijoms ir netoleravimui\"}]},{\"@type\":\"WebSite\",\"@id\":\"https:\\\/\\\/anivet.lt\\\/elparduotuve\\\/#website\",\"url\":\"https:\\\/\\\/anivet.lt\\\/elparduotuve\\\/\",\"name\":\"anivet.lt\",\"description\":\"Viskas J\u016bs\u0173 \u0161uns, kat\u0117s prie\u017ei\u016brai\",\"publisher\":{\"@id\":\"https:\\\/\\\/anivet.lt\\\/elparduotuve\\\/#organization\"},\"alternateName\":\"Viskas J\u016bs\u0173 \u0161uns, kat\u0117s prie\u017ei\u016brai\",\"potentialAction\":[{\"@type\":\"SearchAction\",\"target\":{\"@type\":\"EntryPoint\",\"urlTemplate\":\"https:\\\/\\\/anivet.lt\\\/elparduotuve\\\/?s={search_term_string}\"},\"query-input\":{\"@type\":\"PropertyValueSpecification\",\"valueRequired\":true,\"valueName\":\"search_term_string\"}}],\"inLanguage\":\"lt-LT\"},{\"@type\":\"Organization\",\"@id\":\"https:\\\/\\\/anivet.lt\\\/elparduotuve\\\/#organization\",\"name\":\"Viskas J\u016bs\u0173 \u0161uns, kat\u0117s prie\u017ei\u016brai\",\"url\":\"https:\\\/\\\/anivet.lt\\\/elparduotuve\\\/\",\"logo\":{\"@type\":\"ImageObject\",\"inLanguage\":\"lt-LT\",\"@id\":\"https:\\\/\\\/anivet.lt\\\/elparduotuve\\\/#\\\/schema\\\/logo\\\/image\\\/\",\"url\":\"https:\\\/\\\/anivet.lt\\\/elparduotuve\\\/wp-content\\\/uploads\\\/2023\\\/06\\\/logo2.jpg\",\"contentUrl\":\"https:\\\/\\\/anivet.lt\\\/elparduotuve\\\/wp-content\\\/uploads\\\/2023\\\/06\\\/logo2.jpg\",\"width\":655,\"height\":194,\"caption\":\"Viskas J\u016bs\u0173 \u0161uns, kat\u0117s prie\u017ei\u016brai\"},\"image\":{\"@id\":\"https:\\\/\\\/anivet.lt\\\/elparduotuve\\\/#\\\/schema\\\/logo\\\/image\\\/\"}}]}<\/script>\n<!-- \/ Yoast SEO Premium plugin. -->","yoast_head_json":{"title":"Hill\u2019s Prescription Diet\u00ae Canine z\/d 370g alergijoms ir netoleravimui - anivet.lt","description":"Konservuotas pa\u0161aras \u0161unims alergijoms ir maisto netoleravimui valdyti. \u0160is klini\u0161kai patvirtintas pa\u0161aras padeda suma\u017einti odos ir vir\u0161kinimo trakto","robots":{"index":"index","follow":"follow","max-snippet":"max-snippet:-1","max-image-preview":"max-image-preview:large","max-video-preview":"max-video-preview:-1"},"canonical":"https:\/\/anivet.lt\/elparduotuve\/produktas\/hills-prescription-diet-canine-z-d-370g-alergijoms-ir-netoleravimui\/","og_locale":"lt_LT","og_type":"article","og_title":"Hill\u2019s Prescription Diet\u00ae Canine z\/d 370g alergijoms ir netoleravimui","og_description":"Konservuotas pa\u0161aras \u0161unims alergijoms ir maisto netoleravimui valdyti. \u0160is klini\u0161kai patvirtintas pa\u0161aras padeda suma\u017einti odos ir vir\u0161kinimo trakto","og_url":"https:\/\/anivet.lt\/elparduotuve\/produktas\/hills-prescription-diet-canine-z-d-370g-alergijoms-ir-netoleravimui\/","og_site_name":"anivet.lt","article_modified_time":"2026-01-15T10:40:41+00:00","og_image":[{"width":768,"height":768,"url":"https:\/\/anivet.lt\/elparduotuve\/wp-content\/uploads\/2025\/01\/38-Hills-Prescription-Diet\u00ae-Canine-zd-alergijoms-ir-netoleravimui.jpg","type":"image\/jpeg"}],"twitter_card":"summary_large_image","twitter_misc":{"Est. reading time":"1 minut\u0117"},"schema":{"@context":"https:\/\/schema.org","@graph":[{"@type":"WebPage","@id":"https:\/\/anivet.lt\/elparduotuve\/produktas\/hills-prescription-diet-canine-z-d-370g-alergijoms-ir-netoleravimui\/","url":"https:\/\/anivet.lt\/elparduotuve\/produktas\/hills-prescription-diet-canine-z-d-370g-alergijoms-ir-netoleravimui\/","name":"Hill\u2019s Prescription Diet\u00ae Canine z\/d 370g alergijoms ir netoleravimui - anivet.lt","isPartOf":{"@id":"https:\/\/anivet.lt\/elparduotuve\/#website"},"primaryImageOfPage":{"@id":"https:\/\/anivet.lt\/elparduotuve\/produktas\/hills-prescription-diet-canine-z-d-370g-alergijoms-ir-netoleravimui\/#primaryimage"},"image":{"@id":"https:\/\/anivet.lt\/elparduotuve\/produktas\/hills-prescription-diet-canine-z-d-370g-alergijoms-ir-netoleravimui\/#primaryimage"},"thumbnailUrl":"https:\/\/anivet.lt\/elparduotuve\/wp-content\/uploads\/2025\/01\/38-Hills-Prescription-Diet\u00ae-Canine-zd-alergijoms-ir-netoleravimui.jpg","datePublished":"2025-01-15T06:26:27+00:00","dateModified":"2026-01-15T10:40:41+00:00","description":"Konservuotas pa\u0161aras \u0161unims alergijoms ir maisto netoleravimui valdyti. \u0160is klini\u0161kai patvirtintas pa\u0161aras padeda suma\u017einti odos ir vir\u0161kinimo trakto","breadcrumb":{"@id":"https:\/\/anivet.lt\/elparduotuve\/produktas\/hills-prescription-diet-canine-z-d-370g-alergijoms-ir-netoleravimui\/#breadcrumb"},"inLanguage":"lt-LT","potentialAction":[{"@type":"ReadAction","target":["https:\/\/anivet.lt\/elparduotuve\/produktas\/hills-prescription-diet-canine-z-d-370g-alergijoms-ir-netoleravimui\/"]}]},{"@type":"ImageObject","inLanguage":"lt-LT","@id":"https:\/\/anivet.lt\/elparduotuve\/produktas\/hills-prescription-diet-canine-z-d-370g-alergijoms-ir-netoleravimui\/#primaryimage","url":"https:\/\/anivet.lt\/elparduotuve\/wp-content\/uploads\/2025\/01\/38-Hills-Prescription-Diet\u00ae-Canine-zd-alergijoms-ir-netoleravimui.jpg","contentUrl":"https:\/\/anivet.lt\/elparduotuve\/wp-content\/uploads\/2025\/01\/38-Hills-Prescription-Diet\u00ae-Canine-zd-alergijoms-ir-netoleravimui.jpg","width":768,"height":768,"caption":"Hill\u2019s Prescription Diet\u00ae Canine z\/d 370g alergijoms ir netoleravimui"},{"@type":"BreadcrumbList","@id":"https:\/\/anivet.lt\/elparduotuve\/produktas\/hills-prescription-diet-canine-z-d-370g-alergijoms-ir-netoleravimui\/#breadcrumb","itemListElement":[{"@type":"ListItem","position":1,"name":"Home","item":"https:\/\/anivet.lt\/elparduotuve\/"},{"@type":"ListItem","position":2,"name":"Produktai","item":"https:\/\/anivet.lt\/elparduotuve\/produktai\/"},{"@type":"ListItem","position":3,"name":"Hill\u2019s Prescription Diet\u00ae Canine z\/d 370g alergijoms ir netoleravimui"}]},{"@type":"WebSite","@id":"https:\/\/anivet.lt\/elparduotuve\/#website","url":"https:\/\/anivet.lt\/elparduotuve\/","name":"anivet.lt","description":"Viskas J\u016bs\u0173 \u0161uns, kat\u0117s prie\u017ei\u016brai","publisher":{"@id":"https:\/\/anivet.lt\/elparduotuve\/#organization"},"alternateName":"Viskas J\u016bs\u0173 \u0161uns, kat\u0117s prie\u017ei\u016brai","potentialAction":[{"@type":"SearchAction","target":{"@type":"EntryPoint","urlTemplate":"https:\/\/anivet.lt\/elparduotuve\/?s={search_term_string}"},"query-input":{"@type":"PropertyValueSpecification","valueRequired":true,"valueName":"search_term_string"}}],"inLanguage":"lt-LT"},{"@type":"Organization","@id":"https:\/\/anivet.lt\/elparduotuve\/#organization","name":"Viskas J\u016bs\u0173 \u0161uns, kat\u0117s prie\u017ei\u016brai","url":"https:\/\/anivet.lt\/elparduotuve\/","logo":{"@type":"ImageObject","inLanguage":"lt-LT","@id":"https:\/\/anivet.lt\/elparduotuve\/#\/schema\/logo\/image\/","url":"https:\/\/anivet.lt\/elparduotuve\/wp-content\/uploads\/2023\/06\/logo2.jpg","contentUrl":"https:\/\/anivet.lt\/elparduotuve\/wp-content\/uploads\/2023\/06\/logo2.jpg","width":655,"height":194,"caption":"Viskas J\u016bs\u0173 \u0161uns, kat\u0117s prie\u017ei\u016brai"},"image":{"@id":"https:\/\/anivet.lt\/elparduotuve\/#\/schema\/logo\/image\/"}}]}},"_links":{"self":[{"href":"https:\/\/anivet.lt\/elparduotuve\/wp-json\/wp\/v2\/product\/16337","targetHints":{"allow":["GET"]}}],"collection":[{"href":"https:\/\/anivet.lt\/elparduotuve\/wp-json\/wp\/v2\/product"}],"about":[{"href":"https:\/\/anivet.lt\/elparduotuve\/wp-json\/wp\/v2\/types\/product"}],"wp:featuredmedia":[{"embeddable":true,"href":"https:\/\/anivet.lt\/elparduotuve\/wp-json\/wp\/v2\/media\/16338"}],"wp:attachment":[{"href":"https:\/\/anivet.lt\/elparduotuve\/wp-json\/wp\/v2\/media?parent=16337"}],"wp:term":[{"taxonomy":"product_brand","embeddable":true,"href":"https:\/\/anivet.lt\/elparduotuve\/wp-json\/wp\/v2\/product_brand?post=16337"},{"taxonomy":"product_cat","embeddable":true,"href":"https:\/\/anivet.lt\/elparduotuve\/wp-json\/wp\/v2\/product_cat?post=16337"},{"taxonomy":"product_tag","embeddable":true,"href":"https:\/\/anivet.lt\/elparduotuve\/wp-json\/wp\/v2\/product_tag?post=16337"}],"curies":[{"name":"wp","href":"https:\/\/api.w.org\/{rel}","templated":true}]}}