{"id":16339,"date":"2025-01-15T06:39:49","date_gmt":"2025-01-15T06:39:49","guid":{"rendered":"https:\/\/anivet.lt\/elparduotuve\/?post_type=product&#038;p=16339"},"modified":"2025-09-16T08:23:53","modified_gmt":"2025-09-16T08:23:53","slug":"hills-prescription-diet-canine-i-d-troskinys-virskinimo-sistemai","status":"publish","type":"product","link":"https:\/\/anivet.lt\/elparduotuve\/produktas\/hills-prescription-diet-canine-i-d-troskinys-virskinimo-sistemai\/","title":{"rendered":"Hill\u2019s Prescription Diet\u00ae Canine i\/d tro\u0161kinys \u2013 vir\u0161kinimo sistemai"},"content":{"rendered":"<p>Tro\u0161kinys vir\u0161kinimo sistemos sveikatai. \u0160is lengvai vir\u0161kinamas pa\u0161aras yra gardus sprendimas, padedantis spr\u0119sti vir\u0161kinimo trakto problemas ir palaikyti bendr\u0105 \u0161uns sveikat\u0105. Jo veiksmingumas patvirtintas klinikiniais tyrimais.<\/p>\n<ul>\n<li>Lengvai vir\u0161kinama formul\u0117: Padeda lengvai \u012fsisavinti maistines med\u017eiagas ir greitai atkurti energijos atsargas.<\/li>\n<li>Praturtintas prebiotin\u0117mis skaidulomis: Skatina nauding\u0173 \u017earnyno bakterij\u0173 veikl\u0105 ir gerina \u017earnyno mikrobiom\u0105.<\/li>\n<li>Elektrolitai ir B grup\u0117s vitaminai: Papildo prarastas maistines med\u017eiagas, palaikydami augintinio organizmo funkcijas.<\/li>\n<li>Antioksidant\u0173 kompleksas: Klini\u0161kai \u012frodyta, kad stiprina imunin\u0119 sistem\u0105 ir prisideda prie bendros sveikatos.<\/li>\n<li>Pagerina i\u0161mat\u0173 kokyb\u0119: Padeda normalizuoti vir\u0161kinimo sistem\u0105 ir u\u017etikrina sveik\u0105 tu\u0161tinim\u0105si.<\/li>\n<\/ul>\n<p>\u201eHill\u2019s Prescription Diet i\/d\u201d tro\u0161kinys \u2013 tai ne tik gardus, bet ir subalansuotas pa\u0161aras, kuris padeda j\u016bs\u0173 augintiniui grei\u010diau atsigauti po vir\u0161kinimo sutrikim\u0173. \u0160is produktas tinka tiek suaugusiems \u0161unims, tiek \u0161uniukams, tod\u0117l tai puikus pasirinkimas ilgam naudojimui. Pasitarkite su veterinaru d\u0117l tinkamiausio \u0161\u0117rimo plano.<\/p>\n","protected":false},"excerpt":{"rendered":"<p>Tro\u0161kinys vir\u0161kinimo sistemos sveikatai. \u0160is lengvai vir\u0161kinamas pa\u0161aras yra gardus sprendimas, padedantis spr\u0119sti vir\u0161kinimo trakto problemas ir palaikyti bendr\u0105 \u0161uns<\/p>\n","protected":false},"featured_media":16340,"template":"","meta":[],"product_brand":[],"product_cat":[101,103,107,333],"product_tag":[],"class_list":{"0":"post-16339","1":"product","2":"type-product","3":"status-publish","4":"has-post-thumbnail","6":"product_cat-sunims","7":"product_cat-sunu-maistas","8":"product_cat-veterinarine-dieta","9":"product_cat-hills-sunu-maistas","10":"pa_prekinis-zenklas-hills","12":"first","13":"instock","14":"taxable","15":"shipping-taxable","16":"purchasable","17":"product-type-variable"},"yoast_head":"<!-- This site is optimized with the Yoast SEO Premium plugin v27.1 (Yoast SEO v27.3) - https:\/\/yoast.com\/product\/yoast-seo-premium-wordpress\/ -->\n<title>Hill\u2019s Prescription Diet\u00ae Canine i\/d tro\u0161kinys \u2013 vir\u0161kinimo sistemai - anivet.lt<\/title>\n<meta name=\"description\" content=\"Tro\u0161kinys vir\u0161kinimo sistemos sveikatai. \u0160is lengvai vir\u0161kinamas pa\u0161aras yra gardus sprendimas, padedantis spr\u0119sti vir\u0161kinimo trakto problemas ir\" \/>\n<meta name=\"robots\" content=\"index, follow, max-snippet:-1, max-image-preview:large, max-video-preview:-1\" \/>\n<link rel=\"canonical\" href=\"https:\/\/anivet.lt\/elparduotuve\/produktas\/hills-prescription-diet-canine-i-d-troskinys-virskinimo-sistemai\/\" \/>\n<meta property=\"og:locale\" content=\"lt_LT\" \/>\n<meta property=\"og:type\" content=\"article\" \/>\n<meta property=\"og:title\" content=\"Hill\u2019s Prescription Diet\u00ae Canine i\/d tro\u0161kinys \u2013 vir\u0161kinimo sistemai\" \/>\n<meta property=\"og:description\" content=\"Tro\u0161kinys vir\u0161kinimo sistemos sveikatai. \u0160is lengvai vir\u0161kinamas pa\u0161aras yra gardus sprendimas, padedantis spr\u0119sti vir\u0161kinimo trakto problemas ir\" \/>\n<meta property=\"og:url\" content=\"https:\/\/anivet.lt\/elparduotuve\/produktas\/hills-prescription-diet-canine-i-d-troskinys-virskinimo-sistemai\/\" \/>\n<meta property=\"og:site_name\" content=\"anivet.lt\" \/>\n<meta property=\"article:modified_time\" content=\"2025-09-16T08:23:53+00:00\" \/>\n<meta property=\"og:image\" content=\"https:\/\/anivet.lt\/elparduotuve\/wp-content\/uploads\/2025\/01\/39-1-Hills-Prescription-Diet\u00ae-Canine-id-troskinys-virskinimo-sistemai-156-354g.jpg\" \/>\n\t<meta property=\"og:image:width\" content=\"768\" \/>\n\t<meta property=\"og:image:height\" content=\"768\" \/>\n\t<meta property=\"og:image:type\" content=\"image\/jpeg\" \/>\n<meta name=\"twitter:card\" content=\"summary_large_image\" \/>\n<meta name=\"twitter:label1\" content=\"Est. reading time\" \/>\n\t<meta name=\"twitter:data1\" content=\"1 minut\u0117\" \/>\n<script type=\"application\/ld+json\" class=\"yoast-schema-graph\">{\"@context\":\"https:\\\/\\\/schema.org\",\"@graph\":[{\"@type\":\"WebPage\",\"@id\":\"https:\\\/\\\/anivet.lt\\\/elparduotuve\\\/produktas\\\/hills-prescription-diet-canine-i-d-troskinys-virskinimo-sistemai\\\/\",\"url\":\"https:\\\/\\\/anivet.lt\\\/elparduotuve\\\/produktas\\\/hills-prescription-diet-canine-i-d-troskinys-virskinimo-sistemai\\\/\",\"name\":\"Hill\u2019s Prescription Diet\u00ae Canine i\\\/d tro\u0161kinys \u2013 vir\u0161kinimo sistemai - anivet.lt\",\"isPartOf\":{\"@id\":\"https:\\\/\\\/anivet.lt\\\/elparduotuve\\\/#website\"},\"primaryImageOfPage\":{\"@id\":\"https:\\\/\\\/anivet.lt\\\/elparduotuve\\\/produktas\\\/hills-prescription-diet-canine-i-d-troskinys-virskinimo-sistemai\\\/#primaryimage\"},\"image\":{\"@id\":\"https:\\\/\\\/anivet.lt\\\/elparduotuve\\\/produktas\\\/hills-prescription-diet-canine-i-d-troskinys-virskinimo-sistemai\\\/#primaryimage\"},\"thumbnailUrl\":\"https:\\\/\\\/anivet.lt\\\/elparduotuve\\\/wp-content\\\/uploads\\\/2025\\\/01\\\/39-1-Hills-Prescription-Diet\u00ae-Canine-id-troskinys-virskinimo-sistemai-156-354g.jpg\",\"datePublished\":\"2025-01-15T06:39:49+00:00\",\"dateModified\":\"2025-09-16T08:23:53+00:00\",\"description\":\"Tro\u0161kinys vir\u0161kinimo sistemos sveikatai. \u0160is lengvai vir\u0161kinamas pa\u0161aras yra gardus sprendimas, padedantis spr\u0119sti vir\u0161kinimo trakto problemas ir\",\"breadcrumb\":{\"@id\":\"https:\\\/\\\/anivet.lt\\\/elparduotuve\\\/produktas\\\/hills-prescription-diet-canine-i-d-troskinys-virskinimo-sistemai\\\/#breadcrumb\"},\"inLanguage\":\"lt-LT\",\"potentialAction\":[{\"@type\":\"ReadAction\",\"target\":[\"https:\\\/\\\/anivet.lt\\\/elparduotuve\\\/produktas\\\/hills-prescription-diet-canine-i-d-troskinys-virskinimo-sistemai\\\/\"]}]},{\"@type\":\"ImageObject\",\"inLanguage\":\"lt-LT\",\"@id\":\"https:\\\/\\\/anivet.lt\\\/elparduotuve\\\/produktas\\\/hills-prescription-diet-canine-i-d-troskinys-virskinimo-sistemai\\\/#primaryimage\",\"url\":\"https:\\\/\\\/anivet.lt\\\/elparduotuve\\\/wp-content\\\/uploads\\\/2025\\\/01\\\/39-1-Hills-Prescription-Diet\u00ae-Canine-id-troskinys-virskinimo-sistemai-156-354g.jpg\",\"contentUrl\":\"https:\\\/\\\/anivet.lt\\\/elparduotuve\\\/wp-content\\\/uploads\\\/2025\\\/01\\\/39-1-Hills-Prescription-Diet\u00ae-Canine-id-troskinys-virskinimo-sistemai-156-354g.jpg\",\"width\":768,\"height\":768,\"caption\":\"Hill\u2019s Prescription Diet\u00ae Canine i\\\/d tro\u0161kinys \u2013 vir\u0161kinimo sistemai\"},{\"@type\":\"BreadcrumbList\",\"@id\":\"https:\\\/\\\/anivet.lt\\\/elparduotuve\\\/produktas\\\/hills-prescription-diet-canine-i-d-troskinys-virskinimo-sistemai\\\/#breadcrumb\",\"itemListElement\":[{\"@type\":\"ListItem\",\"position\":1,\"name\":\"Home\",\"item\":\"https:\\\/\\\/anivet.lt\\\/elparduotuve\\\/\"},{\"@type\":\"ListItem\",\"position\":2,\"name\":\"Produktai\",\"item\":\"https:\\\/\\\/anivet.lt\\\/elparduotuve\\\/produktai\\\/\"},{\"@type\":\"ListItem\",\"position\":3,\"name\":\"Hill\u2019s Prescription Diet\u00ae Canine i\\\/d tro\u0161kinys \u2013 vir\u0161kinimo sistemai\"}]},{\"@type\":\"WebSite\",\"@id\":\"https:\\\/\\\/anivet.lt\\\/elparduotuve\\\/#website\",\"url\":\"https:\\\/\\\/anivet.lt\\\/elparduotuve\\\/\",\"name\":\"anivet.lt\",\"description\":\"Viskas J\u016bs\u0173 \u0161uns, kat\u0117s prie\u017ei\u016brai\",\"publisher\":{\"@id\":\"https:\\\/\\\/anivet.lt\\\/elparduotuve\\\/#organization\"},\"alternateName\":\"Viskas J\u016bs\u0173 \u0161uns, kat\u0117s prie\u017ei\u016brai\",\"potentialAction\":[{\"@type\":\"SearchAction\",\"target\":{\"@type\":\"EntryPoint\",\"urlTemplate\":\"https:\\\/\\\/anivet.lt\\\/elparduotuve\\\/?s={search_term_string}\"},\"query-input\":{\"@type\":\"PropertyValueSpecification\",\"valueRequired\":true,\"valueName\":\"search_term_string\"}}],\"inLanguage\":\"lt-LT\"},{\"@type\":\"Organization\",\"@id\":\"https:\\\/\\\/anivet.lt\\\/elparduotuve\\\/#organization\",\"name\":\"Viskas J\u016bs\u0173 \u0161uns, kat\u0117s prie\u017ei\u016brai\",\"url\":\"https:\\\/\\\/anivet.lt\\\/elparduotuve\\\/\",\"logo\":{\"@type\":\"ImageObject\",\"inLanguage\":\"lt-LT\",\"@id\":\"https:\\\/\\\/anivet.lt\\\/elparduotuve\\\/#\\\/schema\\\/logo\\\/image\\\/\",\"url\":\"https:\\\/\\\/anivet.lt\\\/elparduotuve\\\/wp-content\\\/uploads\\\/2023\\\/06\\\/logo2.jpg\",\"contentUrl\":\"https:\\\/\\\/anivet.lt\\\/elparduotuve\\\/wp-content\\\/uploads\\\/2023\\\/06\\\/logo2.jpg\",\"width\":655,\"height\":194,\"caption\":\"Viskas J\u016bs\u0173 \u0161uns, kat\u0117s prie\u017ei\u016brai\"},\"image\":{\"@id\":\"https:\\\/\\\/anivet.lt\\\/elparduotuve\\\/#\\\/schema\\\/logo\\\/image\\\/\"}}]}<\/script>\n<!-- \/ Yoast SEO Premium plugin. -->","yoast_head_json":{"title":"Hill\u2019s Prescription Diet\u00ae Canine i\/d tro\u0161kinys \u2013 vir\u0161kinimo sistemai - anivet.lt","description":"Tro\u0161kinys vir\u0161kinimo sistemos sveikatai. \u0160is lengvai vir\u0161kinamas pa\u0161aras yra gardus sprendimas, padedantis spr\u0119sti vir\u0161kinimo trakto problemas ir","robots":{"index":"index","follow":"follow","max-snippet":"max-snippet:-1","max-image-preview":"max-image-preview:large","max-video-preview":"max-video-preview:-1"},"canonical":"https:\/\/anivet.lt\/elparduotuve\/produktas\/hills-prescription-diet-canine-i-d-troskinys-virskinimo-sistemai\/","og_locale":"lt_LT","og_type":"article","og_title":"Hill\u2019s Prescription Diet\u00ae Canine i\/d tro\u0161kinys \u2013 vir\u0161kinimo sistemai","og_description":"Tro\u0161kinys vir\u0161kinimo sistemos sveikatai. \u0160is lengvai vir\u0161kinamas pa\u0161aras yra gardus sprendimas, padedantis spr\u0119sti vir\u0161kinimo trakto problemas ir","og_url":"https:\/\/anivet.lt\/elparduotuve\/produktas\/hills-prescription-diet-canine-i-d-troskinys-virskinimo-sistemai\/","og_site_name":"anivet.lt","article_modified_time":"2025-09-16T08:23:53+00:00","og_image":[{"width":768,"height":768,"url":"https:\/\/anivet.lt\/elparduotuve\/wp-content\/uploads\/2025\/01\/39-1-Hills-Prescription-Diet\u00ae-Canine-id-troskinys-virskinimo-sistemai-156-354g.jpg","type":"image\/jpeg"}],"twitter_card":"summary_large_image","twitter_misc":{"Est. reading time":"1 minut\u0117"},"schema":{"@context":"https:\/\/schema.org","@graph":[{"@type":"WebPage","@id":"https:\/\/anivet.lt\/elparduotuve\/produktas\/hills-prescription-diet-canine-i-d-troskinys-virskinimo-sistemai\/","url":"https:\/\/anivet.lt\/elparduotuve\/produktas\/hills-prescription-diet-canine-i-d-troskinys-virskinimo-sistemai\/","name":"Hill\u2019s Prescription Diet\u00ae Canine i\/d tro\u0161kinys \u2013 vir\u0161kinimo sistemai - anivet.lt","isPartOf":{"@id":"https:\/\/anivet.lt\/elparduotuve\/#website"},"primaryImageOfPage":{"@id":"https:\/\/anivet.lt\/elparduotuve\/produktas\/hills-prescription-diet-canine-i-d-troskinys-virskinimo-sistemai\/#primaryimage"},"image":{"@id":"https:\/\/anivet.lt\/elparduotuve\/produktas\/hills-prescription-diet-canine-i-d-troskinys-virskinimo-sistemai\/#primaryimage"},"thumbnailUrl":"https:\/\/anivet.lt\/elparduotuve\/wp-content\/uploads\/2025\/01\/39-1-Hills-Prescription-Diet\u00ae-Canine-id-troskinys-virskinimo-sistemai-156-354g.jpg","datePublished":"2025-01-15T06:39:49+00:00","dateModified":"2025-09-16T08:23:53+00:00","description":"Tro\u0161kinys vir\u0161kinimo sistemos sveikatai. \u0160is lengvai vir\u0161kinamas pa\u0161aras yra gardus sprendimas, padedantis spr\u0119sti vir\u0161kinimo trakto problemas ir","breadcrumb":{"@id":"https:\/\/anivet.lt\/elparduotuve\/produktas\/hills-prescription-diet-canine-i-d-troskinys-virskinimo-sistemai\/#breadcrumb"},"inLanguage":"lt-LT","potentialAction":[{"@type":"ReadAction","target":["https:\/\/anivet.lt\/elparduotuve\/produktas\/hills-prescription-diet-canine-i-d-troskinys-virskinimo-sistemai\/"]}]},{"@type":"ImageObject","inLanguage":"lt-LT","@id":"https:\/\/anivet.lt\/elparduotuve\/produktas\/hills-prescription-diet-canine-i-d-troskinys-virskinimo-sistemai\/#primaryimage","url":"https:\/\/anivet.lt\/elparduotuve\/wp-content\/uploads\/2025\/01\/39-1-Hills-Prescription-Diet\u00ae-Canine-id-troskinys-virskinimo-sistemai-156-354g.jpg","contentUrl":"https:\/\/anivet.lt\/elparduotuve\/wp-content\/uploads\/2025\/01\/39-1-Hills-Prescription-Diet\u00ae-Canine-id-troskinys-virskinimo-sistemai-156-354g.jpg","width":768,"height":768,"caption":"Hill\u2019s Prescription Diet\u00ae Canine i\/d tro\u0161kinys \u2013 vir\u0161kinimo sistemai"},{"@type":"BreadcrumbList","@id":"https:\/\/anivet.lt\/elparduotuve\/produktas\/hills-prescription-diet-canine-i-d-troskinys-virskinimo-sistemai\/#breadcrumb","itemListElement":[{"@type":"ListItem","position":1,"name":"Home","item":"https:\/\/anivet.lt\/elparduotuve\/"},{"@type":"ListItem","position":2,"name":"Produktai","item":"https:\/\/anivet.lt\/elparduotuve\/produktai\/"},{"@type":"ListItem","position":3,"name":"Hill\u2019s Prescription Diet\u00ae Canine i\/d tro\u0161kinys \u2013 vir\u0161kinimo sistemai"}]},{"@type":"WebSite","@id":"https:\/\/anivet.lt\/elparduotuve\/#website","url":"https:\/\/anivet.lt\/elparduotuve\/","name":"anivet.lt","description":"Viskas J\u016bs\u0173 \u0161uns, kat\u0117s prie\u017ei\u016brai","publisher":{"@id":"https:\/\/anivet.lt\/elparduotuve\/#organization"},"alternateName":"Viskas J\u016bs\u0173 \u0161uns, kat\u0117s prie\u017ei\u016brai","potentialAction":[{"@type":"SearchAction","target":{"@type":"EntryPoint","urlTemplate":"https:\/\/anivet.lt\/elparduotuve\/?s={search_term_string}"},"query-input":{"@type":"PropertyValueSpecification","valueRequired":true,"valueName":"search_term_string"}}],"inLanguage":"lt-LT"},{"@type":"Organization","@id":"https:\/\/anivet.lt\/elparduotuve\/#organization","name":"Viskas J\u016bs\u0173 \u0161uns, kat\u0117s prie\u017ei\u016brai","url":"https:\/\/anivet.lt\/elparduotuve\/","logo":{"@type":"ImageObject","inLanguage":"lt-LT","@id":"https:\/\/anivet.lt\/elparduotuve\/#\/schema\/logo\/image\/","url":"https:\/\/anivet.lt\/elparduotuve\/wp-content\/uploads\/2023\/06\/logo2.jpg","contentUrl":"https:\/\/anivet.lt\/elparduotuve\/wp-content\/uploads\/2023\/06\/logo2.jpg","width":655,"height":194,"caption":"Viskas J\u016bs\u0173 \u0161uns, kat\u0117s prie\u017ei\u016brai"},"image":{"@id":"https:\/\/anivet.lt\/elparduotuve\/#\/schema\/logo\/image\/"}}]}},"_links":{"self":[{"href":"https:\/\/anivet.lt\/elparduotuve\/wp-json\/wp\/v2\/product\/16339","targetHints":{"allow":["GET"]}}],"collection":[{"href":"https:\/\/anivet.lt\/elparduotuve\/wp-json\/wp\/v2\/product"}],"about":[{"href":"https:\/\/anivet.lt\/elparduotuve\/wp-json\/wp\/v2\/types\/product"}],"wp:featuredmedia":[{"embeddable":true,"href":"https:\/\/anivet.lt\/elparduotuve\/wp-json\/wp\/v2\/media\/16340"}],"wp:attachment":[{"href":"https:\/\/anivet.lt\/elparduotuve\/wp-json\/wp\/v2\/media?parent=16339"}],"wp:term":[{"taxonomy":"product_brand","embeddable":true,"href":"https:\/\/anivet.lt\/elparduotuve\/wp-json\/wp\/v2\/product_brand?post=16339"},{"taxonomy":"product_cat","embeddable":true,"href":"https:\/\/anivet.lt\/elparduotuve\/wp-json\/wp\/v2\/product_cat?post=16339"},{"taxonomy":"product_tag","embeddable":true,"href":"https:\/\/anivet.lt\/elparduotuve\/wp-json\/wp\/v2\/product_tag?post=16339"}],"curies":[{"name":"wp","href":"https:\/\/api.w.org\/{rel}","templated":true}]}}