{"id":16569,"date":"2025-02-09T12:29:20","date_gmt":"2025-02-09T12:29:20","guid":{"rendered":"https:\/\/anivet.lt\/elparduotuve\/?post_type=product&#038;p=16569"},"modified":"2025-05-27T13:35:51","modified_gmt":"2025-05-27T13:35:51","slug":"hills-prescription-diet-i-d-guliasas-virskinimo-sistemai-12x85g","status":"publish","type":"product","link":"https:\/\/anivet.lt\/elparduotuve\/produktas\/hills-prescription-diet-i-d-guliasas-virskinimo-sistemai-12x85g\/","title":{"rendered":"Hills Prescription Diet\u00ae  i\/d gulia\u0161as vir\u0161kinimo sistemai  12x85g."},"content":{"rendered":"<p>\u201eHill&#8217;s Prescription Diet i\/d\u201c \u2013 tai lengvai vir\u0161kinamas konservuotas pa\u0161aras, sukurtas palaikyti sveik\u0105 vir\u0161kinimo sistem\u0105 ir pad\u0117ti greitai \u012fsisavinti maistines med\u017eiagas. Subalansuota sud\u0117tis padeda suma\u017einti vir\u0161kinimo sutrikimus ir atkurti prarastas organizmo med\u017eiagas.<\/p>\n<ul>\n<li><strong>Lengvai vir\u0161kinami ingredientai:<\/strong> U\u017etikrina skland\u0173 maistini\u0173 med\u017eiag\u0173 \u012fsisavinim\u0105 ir ma\u017eina vir\u0161kinimo sistemos apkrov\u0105.<\/li>\n<li><strong>ActivBiome+ technologija:<\/strong> Specialus prebiotik\u0173 mi\u0161inys maitina \u017earnyno mikrobiom\u0105, skatina ger\u0173j\u0173 bakterij\u0173 veikl\u0105 ir gerina i\u0161mat\u0173 kokyb\u0119.<\/li>\n<li><strong>Elektrolitai ir B grup\u0117s vitaminai:<\/strong> Padeda atkurti organizmo prarastas med\u017eiagas ir palaikyti ger\u0105 vir\u0161kinimo funkcij\u0105.<\/li>\n<li><strong>Omega-3 ir omega-6 riebal\u0173 r\u016bg\u0161tys:<\/strong> Stiprina imunin\u0119 sistem\u0105, palaiko sveik\u0105 od\u0105 ir kail\u012f.<\/li>\n<li><strong>Antioksidantai:<\/strong> Palaiko organizmo atsparum\u0105 ir padeda grei\u010diau atsistatyti po vir\u0161kinimo sutrikim\u0173.<\/li>\n<li><strong>S+OXSHIELD sistema:<\/strong> Sukurta siekiant suma\u017einti struvitini\u0173 ir kalcio oksalato akmen\u0173 susidarymo rizik\u0105, palaikant \u0161lapimo tak\u0173 sveikat\u0105.<\/li>\n<\/ul>\n<p>\u0160is visavertis konservuotas pa\u0161aras su mink\u0161ta gulia\u0161o tekst\u016bra yra ne tik maistingas, bet ir itin gardus, tod\u0117l j\u012f noriai \u0117da tiek ka\u010diukai, tiek suaugusios kat\u0117s, kurioms reikalinga speciali vir\u0161kinim\u0105 palaikanti dieta.<\/p>\n","protected":false},"excerpt":{"rendered":"<p>\u201eHill&#8217;s Prescription Diet i\/d\u201c \u2013 tai lengvai vir\u0161kinamas konservuotas pa\u0161aras, sukurtas palaikyti sveik\u0105 vir\u0161kinimo sistem\u0105 ir pad\u0117ti greitai \u012fsisavinti maistines<\/p>\n","protected":false},"featured_media":16570,"template":"","meta":[],"product_brand":[],"product_cat":[114,102,118,441],"product_tag":[],"class_list":{"0":"post-16569","1":"product","2":"type-product","3":"status-publish","4":"has-post-thumbnail","6":"product_cat-kaciu-maistas","7":"product_cat-katems","8":"product_cat-veterinarinis-maistas-katems","9":"product_cat-hills-kaciu-maistas","10":"pa_prekinis-zenklas-hills","12":"first","13":"instock","14":"taxable","15":"shipping-taxable","16":"purchasable","17":"product-type-simple"},"yoast_head":"<!-- This site is optimized with the Yoast SEO Premium plugin v27.1 (Yoast SEO v27.5) - https:\/\/yoast.com\/product\/yoast-seo-premium-wordpress\/ -->\n<title>Hills Prescription Diet\u00ae i\/d gulia\u0161as vir\u0161kinimo sistemai 12x85g. - anivet.lt<\/title>\n<meta name=\"description\" content=\"\u201eHill&#039;s Prescription Diet i\/d\u201c \u2013 tai lengvai vir\u0161kinamas konservuotas pa\u0161aras, sukurtas palaikyti sveik\u0105 vir\u0161kinimo sistem\u0105 ir pad\u0117ti greitai \u012fsisavinti\" \/>\n<meta name=\"robots\" content=\"index, follow, max-snippet:-1, max-image-preview:large, max-video-preview:-1\" \/>\n<link rel=\"canonical\" href=\"https:\/\/anivet.lt\/elparduotuve\/produktas\/hills-prescription-diet-i-d-guliasas-virskinimo-sistemai-12x85g\/\" \/>\n<meta property=\"og:locale\" content=\"lt_LT\" \/>\n<meta property=\"og:type\" content=\"article\" \/>\n<meta property=\"og:title\" content=\"Hills Prescription Diet\u00ae i\/d gulia\u0161as vir\u0161kinimo sistemai 12x85g.\" \/>\n<meta property=\"og:description\" content=\"\u201eHill&#039;s Prescription Diet i\/d\u201c \u2013 tai lengvai vir\u0161kinamas konservuotas pa\u0161aras, sukurtas palaikyti sveik\u0105 vir\u0161kinimo sistem\u0105 ir pad\u0117ti greitai \u012fsisavinti\" \/>\n<meta property=\"og:url\" content=\"https:\/\/anivet.lt\/elparduotuve\/produktas\/hills-prescription-diet-i-d-guliasas-virskinimo-sistemai-12x85g\/\" \/>\n<meta property=\"og:site_name\" content=\"anivet.lt\" \/>\n<meta property=\"article:modified_time\" content=\"2025-05-27T13:35:51+00:00\" \/>\n<meta property=\"og:image\" content=\"https:\/\/anivet.lt\/elparduotuve\/wp-content\/uploads\/2025\/02\/10-Hills-Prescription-Diet\u00ae-id-12x85g-guliasas-virskinimo-sistemai.jpg\" \/>\n\t<meta property=\"og:image:width\" content=\"768\" \/>\n\t<meta property=\"og:image:height\" content=\"768\" \/>\n\t<meta property=\"og:image:type\" content=\"image\/jpeg\" \/>\n<meta name=\"twitter:card\" content=\"summary_large_image\" \/>\n<meta name=\"twitter:label1\" content=\"Est. reading time\" \/>\n\t<meta name=\"twitter:data1\" content=\"1 minut\u0117\" \/>\n<script type=\"application\/ld+json\" class=\"yoast-schema-graph\">{\"@context\":\"https:\\\/\\\/schema.org\",\"@graph\":[{\"@type\":\"WebPage\",\"@id\":\"https:\\\/\\\/anivet.lt\\\/elparduotuve\\\/produktas\\\/hills-prescription-diet-i-d-guliasas-virskinimo-sistemai-12x85g\\\/\",\"url\":\"https:\\\/\\\/anivet.lt\\\/elparduotuve\\\/produktas\\\/hills-prescription-diet-i-d-guliasas-virskinimo-sistemai-12x85g\\\/\",\"name\":\"Hills Prescription Diet\u00ae i\\\/d gulia\u0161as vir\u0161kinimo sistemai 12x85g. - anivet.lt\",\"isPartOf\":{\"@id\":\"https:\\\/\\\/anivet.lt\\\/elparduotuve\\\/#website\"},\"primaryImageOfPage\":{\"@id\":\"https:\\\/\\\/anivet.lt\\\/elparduotuve\\\/produktas\\\/hills-prescription-diet-i-d-guliasas-virskinimo-sistemai-12x85g\\\/#primaryimage\"},\"image\":{\"@id\":\"https:\\\/\\\/anivet.lt\\\/elparduotuve\\\/produktas\\\/hills-prescription-diet-i-d-guliasas-virskinimo-sistemai-12x85g\\\/#primaryimage\"},\"thumbnailUrl\":\"https:\\\/\\\/anivet.lt\\\/elparduotuve\\\/wp-content\\\/uploads\\\/2025\\\/02\\\/10-Hills-Prescription-Diet\u00ae-id-12x85g-guliasas-virskinimo-sistemai.jpg\",\"datePublished\":\"2025-02-09T12:29:20+00:00\",\"dateModified\":\"2025-05-27T13:35:51+00:00\",\"description\":\"\u201eHill's Prescription Diet i\\\/d\u201c \u2013 tai lengvai vir\u0161kinamas konservuotas pa\u0161aras, sukurtas palaikyti sveik\u0105 vir\u0161kinimo sistem\u0105 ir pad\u0117ti greitai \u012fsisavinti\",\"breadcrumb\":{\"@id\":\"https:\\\/\\\/anivet.lt\\\/elparduotuve\\\/produktas\\\/hills-prescription-diet-i-d-guliasas-virskinimo-sistemai-12x85g\\\/#breadcrumb\"},\"inLanguage\":\"lt-LT\",\"potentialAction\":[{\"@type\":\"ReadAction\",\"target\":[\"https:\\\/\\\/anivet.lt\\\/elparduotuve\\\/produktas\\\/hills-prescription-diet-i-d-guliasas-virskinimo-sistemai-12x85g\\\/\"]}]},{\"@type\":\"ImageObject\",\"inLanguage\":\"lt-LT\",\"@id\":\"https:\\\/\\\/anivet.lt\\\/elparduotuve\\\/produktas\\\/hills-prescription-diet-i-d-guliasas-virskinimo-sistemai-12x85g\\\/#primaryimage\",\"url\":\"https:\\\/\\\/anivet.lt\\\/elparduotuve\\\/wp-content\\\/uploads\\\/2025\\\/02\\\/10-Hills-Prescription-Diet\u00ae-id-12x85g-guliasas-virskinimo-sistemai.jpg\",\"contentUrl\":\"https:\\\/\\\/anivet.lt\\\/elparduotuve\\\/wp-content\\\/uploads\\\/2025\\\/02\\\/10-Hills-Prescription-Diet\u00ae-id-12x85g-guliasas-virskinimo-sistemai.jpg\",\"width\":768,\"height\":768,\"caption\":\"Hills Prescription Diet\u00ae i\\\/d gulia\u0161as vir\u0161kinimo sistemai 12x85g.\"},{\"@type\":\"BreadcrumbList\",\"@id\":\"https:\\\/\\\/anivet.lt\\\/elparduotuve\\\/produktas\\\/hills-prescription-diet-i-d-guliasas-virskinimo-sistemai-12x85g\\\/#breadcrumb\",\"itemListElement\":[{\"@type\":\"ListItem\",\"position\":1,\"name\":\"Home\",\"item\":\"https:\\\/\\\/anivet.lt\\\/elparduotuve\\\/\"},{\"@type\":\"ListItem\",\"position\":2,\"name\":\"Produktai\",\"item\":\"https:\\\/\\\/anivet.lt\\\/elparduotuve\\\/produktai\\\/\"},{\"@type\":\"ListItem\",\"position\":3,\"name\":\"Hills Prescription Diet\u00ae i\\\/d gulia\u0161as vir\u0161kinimo sistemai 12x85g.\"}]},{\"@type\":\"WebSite\",\"@id\":\"https:\\\/\\\/anivet.lt\\\/elparduotuve\\\/#website\",\"url\":\"https:\\\/\\\/anivet.lt\\\/elparduotuve\\\/\",\"name\":\"anivet.lt\",\"description\":\"Viskas J\u016bs\u0173 \u0161uns, kat\u0117s prie\u017ei\u016brai\",\"publisher\":{\"@id\":\"https:\\\/\\\/anivet.lt\\\/elparduotuve\\\/#organization\"},\"alternateName\":\"Viskas J\u016bs\u0173 \u0161uns, kat\u0117s prie\u017ei\u016brai\",\"potentialAction\":[{\"@type\":\"SearchAction\",\"target\":{\"@type\":\"EntryPoint\",\"urlTemplate\":\"https:\\\/\\\/anivet.lt\\\/elparduotuve\\\/?s={search_term_string}\"},\"query-input\":{\"@type\":\"PropertyValueSpecification\",\"valueRequired\":true,\"valueName\":\"search_term_string\"}}],\"inLanguage\":\"lt-LT\"},{\"@type\":\"Organization\",\"@id\":\"https:\\\/\\\/anivet.lt\\\/elparduotuve\\\/#organization\",\"name\":\"Viskas J\u016bs\u0173 \u0161uns, kat\u0117s prie\u017ei\u016brai\",\"url\":\"https:\\\/\\\/anivet.lt\\\/elparduotuve\\\/\",\"logo\":{\"@type\":\"ImageObject\",\"inLanguage\":\"lt-LT\",\"@id\":\"https:\\\/\\\/anivet.lt\\\/elparduotuve\\\/#\\\/schema\\\/logo\\\/image\\\/\",\"url\":\"https:\\\/\\\/anivet.lt\\\/elparduotuve\\\/wp-content\\\/uploads\\\/2023\\\/06\\\/logo2.jpg\",\"contentUrl\":\"https:\\\/\\\/anivet.lt\\\/elparduotuve\\\/wp-content\\\/uploads\\\/2023\\\/06\\\/logo2.jpg\",\"width\":655,\"height\":194,\"caption\":\"Viskas J\u016bs\u0173 \u0161uns, kat\u0117s prie\u017ei\u016brai\"},\"image\":{\"@id\":\"https:\\\/\\\/anivet.lt\\\/elparduotuve\\\/#\\\/schema\\\/logo\\\/image\\\/\"}}]}<\/script>\n<!-- \/ Yoast SEO Premium plugin. -->","yoast_head_json":{"title":"Hills Prescription Diet\u00ae i\/d gulia\u0161as vir\u0161kinimo sistemai 12x85g. - anivet.lt","description":"\u201eHill's Prescription Diet i\/d\u201c \u2013 tai lengvai vir\u0161kinamas konservuotas pa\u0161aras, sukurtas palaikyti sveik\u0105 vir\u0161kinimo sistem\u0105 ir pad\u0117ti greitai \u012fsisavinti","robots":{"index":"index","follow":"follow","max-snippet":"max-snippet:-1","max-image-preview":"max-image-preview:large","max-video-preview":"max-video-preview:-1"},"canonical":"https:\/\/anivet.lt\/elparduotuve\/produktas\/hills-prescription-diet-i-d-guliasas-virskinimo-sistemai-12x85g\/","og_locale":"lt_LT","og_type":"article","og_title":"Hills Prescription Diet\u00ae i\/d gulia\u0161as vir\u0161kinimo sistemai 12x85g.","og_description":"\u201eHill's Prescription Diet i\/d\u201c \u2013 tai lengvai vir\u0161kinamas konservuotas pa\u0161aras, sukurtas palaikyti sveik\u0105 vir\u0161kinimo sistem\u0105 ir pad\u0117ti greitai \u012fsisavinti","og_url":"https:\/\/anivet.lt\/elparduotuve\/produktas\/hills-prescription-diet-i-d-guliasas-virskinimo-sistemai-12x85g\/","og_site_name":"anivet.lt","article_modified_time":"2025-05-27T13:35:51+00:00","og_image":[{"width":768,"height":768,"url":"https:\/\/anivet.lt\/elparduotuve\/wp-content\/uploads\/2025\/02\/10-Hills-Prescription-Diet\u00ae-id-12x85g-guliasas-virskinimo-sistemai.jpg","type":"image\/jpeg"}],"twitter_card":"summary_large_image","twitter_misc":{"Est. reading time":"1 minut\u0117"},"schema":{"@context":"https:\/\/schema.org","@graph":[{"@type":"WebPage","@id":"https:\/\/anivet.lt\/elparduotuve\/produktas\/hills-prescription-diet-i-d-guliasas-virskinimo-sistemai-12x85g\/","url":"https:\/\/anivet.lt\/elparduotuve\/produktas\/hills-prescription-diet-i-d-guliasas-virskinimo-sistemai-12x85g\/","name":"Hills Prescription Diet\u00ae i\/d gulia\u0161as vir\u0161kinimo sistemai 12x85g. - anivet.lt","isPartOf":{"@id":"https:\/\/anivet.lt\/elparduotuve\/#website"},"primaryImageOfPage":{"@id":"https:\/\/anivet.lt\/elparduotuve\/produktas\/hills-prescription-diet-i-d-guliasas-virskinimo-sistemai-12x85g\/#primaryimage"},"image":{"@id":"https:\/\/anivet.lt\/elparduotuve\/produktas\/hills-prescription-diet-i-d-guliasas-virskinimo-sistemai-12x85g\/#primaryimage"},"thumbnailUrl":"https:\/\/anivet.lt\/elparduotuve\/wp-content\/uploads\/2025\/02\/10-Hills-Prescription-Diet\u00ae-id-12x85g-guliasas-virskinimo-sistemai.jpg","datePublished":"2025-02-09T12:29:20+00:00","dateModified":"2025-05-27T13:35:51+00:00","description":"\u201eHill's Prescription Diet i\/d\u201c \u2013 tai lengvai vir\u0161kinamas konservuotas pa\u0161aras, sukurtas palaikyti sveik\u0105 vir\u0161kinimo sistem\u0105 ir pad\u0117ti greitai \u012fsisavinti","breadcrumb":{"@id":"https:\/\/anivet.lt\/elparduotuve\/produktas\/hills-prescription-diet-i-d-guliasas-virskinimo-sistemai-12x85g\/#breadcrumb"},"inLanguage":"lt-LT","potentialAction":[{"@type":"ReadAction","target":["https:\/\/anivet.lt\/elparduotuve\/produktas\/hills-prescription-diet-i-d-guliasas-virskinimo-sistemai-12x85g\/"]}]},{"@type":"ImageObject","inLanguage":"lt-LT","@id":"https:\/\/anivet.lt\/elparduotuve\/produktas\/hills-prescription-diet-i-d-guliasas-virskinimo-sistemai-12x85g\/#primaryimage","url":"https:\/\/anivet.lt\/elparduotuve\/wp-content\/uploads\/2025\/02\/10-Hills-Prescription-Diet\u00ae-id-12x85g-guliasas-virskinimo-sistemai.jpg","contentUrl":"https:\/\/anivet.lt\/elparduotuve\/wp-content\/uploads\/2025\/02\/10-Hills-Prescription-Diet\u00ae-id-12x85g-guliasas-virskinimo-sistemai.jpg","width":768,"height":768,"caption":"Hills Prescription Diet\u00ae i\/d gulia\u0161as vir\u0161kinimo sistemai 12x85g."},{"@type":"BreadcrumbList","@id":"https:\/\/anivet.lt\/elparduotuve\/produktas\/hills-prescription-diet-i-d-guliasas-virskinimo-sistemai-12x85g\/#breadcrumb","itemListElement":[{"@type":"ListItem","position":1,"name":"Home","item":"https:\/\/anivet.lt\/elparduotuve\/"},{"@type":"ListItem","position":2,"name":"Produktai","item":"https:\/\/anivet.lt\/elparduotuve\/produktai\/"},{"@type":"ListItem","position":3,"name":"Hills Prescription Diet\u00ae i\/d gulia\u0161as vir\u0161kinimo sistemai 12x85g."}]},{"@type":"WebSite","@id":"https:\/\/anivet.lt\/elparduotuve\/#website","url":"https:\/\/anivet.lt\/elparduotuve\/","name":"anivet.lt","description":"Viskas J\u016bs\u0173 \u0161uns, kat\u0117s prie\u017ei\u016brai","publisher":{"@id":"https:\/\/anivet.lt\/elparduotuve\/#organization"},"alternateName":"Viskas J\u016bs\u0173 \u0161uns, kat\u0117s prie\u017ei\u016brai","potentialAction":[{"@type":"SearchAction","target":{"@type":"EntryPoint","urlTemplate":"https:\/\/anivet.lt\/elparduotuve\/?s={search_term_string}"},"query-input":{"@type":"PropertyValueSpecification","valueRequired":true,"valueName":"search_term_string"}}],"inLanguage":"lt-LT"},{"@type":"Organization","@id":"https:\/\/anivet.lt\/elparduotuve\/#organization","name":"Viskas J\u016bs\u0173 \u0161uns, kat\u0117s prie\u017ei\u016brai","url":"https:\/\/anivet.lt\/elparduotuve\/","logo":{"@type":"ImageObject","inLanguage":"lt-LT","@id":"https:\/\/anivet.lt\/elparduotuve\/#\/schema\/logo\/image\/","url":"https:\/\/anivet.lt\/elparduotuve\/wp-content\/uploads\/2023\/06\/logo2.jpg","contentUrl":"https:\/\/anivet.lt\/elparduotuve\/wp-content\/uploads\/2023\/06\/logo2.jpg","width":655,"height":194,"caption":"Viskas J\u016bs\u0173 \u0161uns, kat\u0117s prie\u017ei\u016brai"},"image":{"@id":"https:\/\/anivet.lt\/elparduotuve\/#\/schema\/logo\/image\/"}}]}},"_links":{"self":[{"href":"https:\/\/anivet.lt\/elparduotuve\/wp-json\/wp\/v2\/product\/16569","targetHints":{"allow":["GET"]}}],"collection":[{"href":"https:\/\/anivet.lt\/elparduotuve\/wp-json\/wp\/v2\/product"}],"about":[{"href":"https:\/\/anivet.lt\/elparduotuve\/wp-json\/wp\/v2\/types\/product"}],"wp:featuredmedia":[{"embeddable":true,"href":"https:\/\/anivet.lt\/elparduotuve\/wp-json\/wp\/v2\/media\/16570"}],"wp:attachment":[{"href":"https:\/\/anivet.lt\/elparduotuve\/wp-json\/wp\/v2\/media?parent=16569"}],"wp:term":[{"taxonomy":"product_brand","embeddable":true,"href":"https:\/\/anivet.lt\/elparduotuve\/wp-json\/wp\/v2\/product_brand?post=16569"},{"taxonomy":"product_cat","embeddable":true,"href":"https:\/\/anivet.lt\/elparduotuve\/wp-json\/wp\/v2\/product_cat?post=16569"},{"taxonomy":"product_tag","embeddable":true,"href":"https:\/\/anivet.lt\/elparduotuve\/wp-json\/wp\/v2\/product_tag?post=16569"}],"curies":[{"name":"wp","href":"https:\/\/api.w.org\/{rel}","templated":true}]}}