{"id":16573,"date":"2025-02-09T12:42:04","date_gmt":"2025-02-09T12:42:04","guid":{"rendered":"https:\/\/anivet.lt\/elparduotuve\/?post_type=product&#038;p=16573"},"modified":"2025-05-27T13:35:52","modified_gmt":"2025-05-27T13:35:52","slug":"hills-prescription-diet-metabolic-svorio-reguliavimui-12x85g","status":"publish","type":"product","link":"https:\/\/anivet.lt\/elparduotuve\/produktas\/hills-prescription-diet-metabolic-svorio-reguliavimui-12x85g\/","title":{"rendered":"Hills Prescription Diet\u00ae  Metabolic svorio reguliavimui  12x85g."},"content":{"rendered":"<p>Svorio kontrol\u0117 yra esmin\u0117 kat\u0117s sveikatos dalis, ypa\u010d jei ji linkusi priaugti svorio. \u201eHill&#8217;s Prescription Diet Metabolic\u201c yra specialiai sukurtas pa\u0161aras, kuris nat\u016braliai reguliuoja kat\u0117s energijos apykait\u0105, padeda numesti svor\u012f ir i\u0161laikyti j\u012f optimal\u0173 be grie\u017eto porcij\u0173 ribojimo.<\/p>\n<ul>\n<li><strong>Nat\u016braliai reguliuoja energijos apykait\u0105:<\/strong> Skatina efektyv\u0173 riebal\u0173 deginim\u0105 ir padeda kontroliuoti svor\u012f.<\/li>\n<li><strong>Unikalus skaidul\u0173 mi\u0161inys:<\/strong> U\u017etikrina ilgalaik\u012f sotumo jausm\u0105, padeda i\u0161vengti persivalgymo.<\/li>\n<li><strong>Padeda palaikyti aktyvum\u0105:<\/strong> Suteikia reikiamos energijos \u017eaidimams ir kasdienei veiklai.<\/li>\n<li><strong>88 % katin\u0173 numet\u0117 svorio per 2 m\u0117nesius:<\/strong> Klini\u0161kai \u012frodyta, kad veiksmingai ma\u017eina antsvor\u012f namuose laikomiems augintiniams.<\/li>\n<li><strong>Svoris ma\u017e\u0117ja be vargo:<\/strong> Suteikia sotumo jausm\u0105, tod\u0117l nereikia drasti\u0161kai ma\u017einti pa\u0161aro porcij\u0173.<\/li>\n<li><strong>S+OXSHIELD sistema:<\/strong> Sukurta palaikyti \u0161lapimo sistemos sveikat\u0105 ir suma\u017einti struvitini\u0173 bei kalcio oksalato akmen\u0173 susidarymo rizik\u0105.<\/li>\n<\/ul>\n<p>\u0160is subalansuotas konservuotas pa\u0161aras u\u017etikrina visas reikiamas maistines med\u017eiagas, tod\u0117l gali b\u016bti naudojamas ilgalaikiam \u0161\u0117rimui. Puikus pasirinkimas kat\u0117ms, kurioms reikia numesti arba i\u0161laikyti optimal\u0173 svor\u012f.<\/p>\n","protected":false},"excerpt":{"rendered":"<p>Svorio kontrol\u0117 yra esmin\u0117 kat\u0117s sveikatos dalis, ypa\u010d jei ji linkusi priaugti svorio. \u201eHill&#8217;s Prescription Diet Metabolic\u201c yra specialiai sukurtas<\/p>\n","protected":false},"featured_media":16574,"template":"","meta":[],"product_brand":[],"product_cat":[114,102,118,441],"product_tag":[],"class_list":{"0":"post-16573","1":"product","2":"type-product","3":"status-publish","4":"has-post-thumbnail","6":"product_cat-kaciu-maistas","7":"product_cat-katems","8":"product_cat-veterinarinis-maistas-katems","9":"product_cat-hills-kaciu-maistas","10":"pa_prekinis-zenklas-hills","12":"first","13":"outofstock","14":"taxable","15":"shipping-taxable","16":"purchasable","17":"product-type-simple"},"yoast_head":"<!-- This site is optimized with the Yoast SEO Premium plugin v27.1 (Yoast SEO v27.5) - https:\/\/yoast.com\/product\/yoast-seo-premium-wordpress\/ -->\n<title>Hills Prescription Diet\u00ae Metabolic svorio reguliavimui 12x85g. - anivet.lt<\/title>\n<meta name=\"description\" content=\"Svorio kontrol\u0117 yra esmin\u0117 kat\u0117s sveikatos dalis, ypa\u010d jei ji linkusi priaugti svorio. \u201eHill&#039;s Prescription Diet Metabolic\u201c yra specialiai sukurtas\" \/>\n<meta name=\"robots\" content=\"index, follow, max-snippet:-1, max-image-preview:large, max-video-preview:-1\" \/>\n<link rel=\"canonical\" href=\"https:\/\/anivet.lt\/elparduotuve\/produktas\/hills-prescription-diet-metabolic-svorio-reguliavimui-12x85g\/\" \/>\n<meta property=\"og:locale\" content=\"lt_LT\" \/>\n<meta property=\"og:type\" content=\"article\" \/>\n<meta property=\"og:title\" content=\"Hills Prescription Diet\u00ae Metabolic svorio reguliavimui 12x85g.\" \/>\n<meta property=\"og:description\" content=\"Svorio kontrol\u0117 yra esmin\u0117 kat\u0117s sveikatos dalis, ypa\u010d jei ji linkusi priaugti svorio. \u201eHill&#039;s Prescription Diet Metabolic\u201c yra specialiai sukurtas\" \/>\n<meta property=\"og:url\" content=\"https:\/\/anivet.lt\/elparduotuve\/produktas\/hills-prescription-diet-metabolic-svorio-reguliavimui-12x85g\/\" \/>\n<meta property=\"og:site_name\" content=\"anivet.lt\" \/>\n<meta property=\"article:modified_time\" content=\"2025-05-27T13:35:52+00:00\" \/>\n<meta property=\"og:image\" content=\"https:\/\/anivet.lt\/elparduotuve\/wp-content\/uploads\/2025\/02\/12-Hills-Prescription-Diet\u00ae-Metabolic-12x85g-svorio-reguliavimui.jpg\" \/>\n\t<meta property=\"og:image:width\" content=\"768\" \/>\n\t<meta property=\"og:image:height\" content=\"768\" \/>\n\t<meta property=\"og:image:type\" content=\"image\/jpeg\" \/>\n<meta name=\"twitter:card\" content=\"summary_large_image\" \/>\n<meta name=\"twitter:label1\" content=\"Est. reading time\" \/>\n\t<meta name=\"twitter:data1\" content=\"1 minut\u0117\" \/>\n<script type=\"application\/ld+json\" class=\"yoast-schema-graph\">{\"@context\":\"https:\\\/\\\/schema.org\",\"@graph\":[{\"@type\":\"WebPage\",\"@id\":\"https:\\\/\\\/anivet.lt\\\/elparduotuve\\\/produktas\\\/hills-prescription-diet-metabolic-svorio-reguliavimui-12x85g\\\/\",\"url\":\"https:\\\/\\\/anivet.lt\\\/elparduotuve\\\/produktas\\\/hills-prescription-diet-metabolic-svorio-reguliavimui-12x85g\\\/\",\"name\":\"Hills Prescription Diet\u00ae Metabolic svorio reguliavimui 12x85g. - anivet.lt\",\"isPartOf\":{\"@id\":\"https:\\\/\\\/anivet.lt\\\/elparduotuve\\\/#website\"},\"primaryImageOfPage\":{\"@id\":\"https:\\\/\\\/anivet.lt\\\/elparduotuve\\\/produktas\\\/hills-prescription-diet-metabolic-svorio-reguliavimui-12x85g\\\/#primaryimage\"},\"image\":{\"@id\":\"https:\\\/\\\/anivet.lt\\\/elparduotuve\\\/produktas\\\/hills-prescription-diet-metabolic-svorio-reguliavimui-12x85g\\\/#primaryimage\"},\"thumbnailUrl\":\"https:\\\/\\\/anivet.lt\\\/elparduotuve\\\/wp-content\\\/uploads\\\/2025\\\/02\\\/12-Hills-Prescription-Diet\u00ae-Metabolic-12x85g-svorio-reguliavimui.jpg\",\"datePublished\":\"2025-02-09T12:42:04+00:00\",\"dateModified\":\"2025-05-27T13:35:52+00:00\",\"description\":\"Svorio kontrol\u0117 yra esmin\u0117 kat\u0117s sveikatos dalis, ypa\u010d jei ji linkusi priaugti svorio. \u201eHill's Prescription Diet Metabolic\u201c yra specialiai sukurtas\",\"breadcrumb\":{\"@id\":\"https:\\\/\\\/anivet.lt\\\/elparduotuve\\\/produktas\\\/hills-prescription-diet-metabolic-svorio-reguliavimui-12x85g\\\/#breadcrumb\"},\"inLanguage\":\"lt-LT\",\"potentialAction\":[{\"@type\":\"ReadAction\",\"target\":[\"https:\\\/\\\/anivet.lt\\\/elparduotuve\\\/produktas\\\/hills-prescription-diet-metabolic-svorio-reguliavimui-12x85g\\\/\"]}]},{\"@type\":\"ImageObject\",\"inLanguage\":\"lt-LT\",\"@id\":\"https:\\\/\\\/anivet.lt\\\/elparduotuve\\\/produktas\\\/hills-prescription-diet-metabolic-svorio-reguliavimui-12x85g\\\/#primaryimage\",\"url\":\"https:\\\/\\\/anivet.lt\\\/elparduotuve\\\/wp-content\\\/uploads\\\/2025\\\/02\\\/12-Hills-Prescription-Diet\u00ae-Metabolic-12x85g-svorio-reguliavimui.jpg\",\"contentUrl\":\"https:\\\/\\\/anivet.lt\\\/elparduotuve\\\/wp-content\\\/uploads\\\/2025\\\/02\\\/12-Hills-Prescription-Diet\u00ae-Metabolic-12x85g-svorio-reguliavimui.jpg\",\"width\":768,\"height\":768,\"caption\":\"Hills Prescription Diet\u00ae Metabolic svorio reguliavimui 12x85g.\"},{\"@type\":\"BreadcrumbList\",\"@id\":\"https:\\\/\\\/anivet.lt\\\/elparduotuve\\\/produktas\\\/hills-prescription-diet-metabolic-svorio-reguliavimui-12x85g\\\/#breadcrumb\",\"itemListElement\":[{\"@type\":\"ListItem\",\"position\":1,\"name\":\"Home\",\"item\":\"https:\\\/\\\/anivet.lt\\\/elparduotuve\\\/\"},{\"@type\":\"ListItem\",\"position\":2,\"name\":\"Produktai\",\"item\":\"https:\\\/\\\/anivet.lt\\\/elparduotuve\\\/produktai\\\/\"},{\"@type\":\"ListItem\",\"position\":3,\"name\":\"Hills Prescription Diet\u00ae Metabolic svorio reguliavimui 12x85g.\"}]},{\"@type\":\"WebSite\",\"@id\":\"https:\\\/\\\/anivet.lt\\\/elparduotuve\\\/#website\",\"url\":\"https:\\\/\\\/anivet.lt\\\/elparduotuve\\\/\",\"name\":\"anivet.lt\",\"description\":\"Viskas J\u016bs\u0173 \u0161uns, kat\u0117s prie\u017ei\u016brai\",\"publisher\":{\"@id\":\"https:\\\/\\\/anivet.lt\\\/elparduotuve\\\/#organization\"},\"alternateName\":\"Viskas J\u016bs\u0173 \u0161uns, kat\u0117s prie\u017ei\u016brai\",\"potentialAction\":[{\"@type\":\"SearchAction\",\"target\":{\"@type\":\"EntryPoint\",\"urlTemplate\":\"https:\\\/\\\/anivet.lt\\\/elparduotuve\\\/?s={search_term_string}\"},\"query-input\":{\"@type\":\"PropertyValueSpecification\",\"valueRequired\":true,\"valueName\":\"search_term_string\"}}],\"inLanguage\":\"lt-LT\"},{\"@type\":\"Organization\",\"@id\":\"https:\\\/\\\/anivet.lt\\\/elparduotuve\\\/#organization\",\"name\":\"Viskas J\u016bs\u0173 \u0161uns, kat\u0117s prie\u017ei\u016brai\",\"url\":\"https:\\\/\\\/anivet.lt\\\/elparduotuve\\\/\",\"logo\":{\"@type\":\"ImageObject\",\"inLanguage\":\"lt-LT\",\"@id\":\"https:\\\/\\\/anivet.lt\\\/elparduotuve\\\/#\\\/schema\\\/logo\\\/image\\\/\",\"url\":\"https:\\\/\\\/anivet.lt\\\/elparduotuve\\\/wp-content\\\/uploads\\\/2023\\\/06\\\/logo2.jpg\",\"contentUrl\":\"https:\\\/\\\/anivet.lt\\\/elparduotuve\\\/wp-content\\\/uploads\\\/2023\\\/06\\\/logo2.jpg\",\"width\":655,\"height\":194,\"caption\":\"Viskas J\u016bs\u0173 \u0161uns, kat\u0117s prie\u017ei\u016brai\"},\"image\":{\"@id\":\"https:\\\/\\\/anivet.lt\\\/elparduotuve\\\/#\\\/schema\\\/logo\\\/image\\\/\"}}]}<\/script>\n<!-- \/ Yoast SEO Premium plugin. -->","yoast_head_json":{"title":"Hills Prescription Diet\u00ae Metabolic svorio reguliavimui 12x85g. - anivet.lt","description":"Svorio kontrol\u0117 yra esmin\u0117 kat\u0117s sveikatos dalis, ypa\u010d jei ji linkusi priaugti svorio. \u201eHill's Prescription Diet Metabolic\u201c yra specialiai sukurtas","robots":{"index":"index","follow":"follow","max-snippet":"max-snippet:-1","max-image-preview":"max-image-preview:large","max-video-preview":"max-video-preview:-1"},"canonical":"https:\/\/anivet.lt\/elparduotuve\/produktas\/hills-prescription-diet-metabolic-svorio-reguliavimui-12x85g\/","og_locale":"lt_LT","og_type":"article","og_title":"Hills Prescription Diet\u00ae Metabolic svorio reguliavimui 12x85g.","og_description":"Svorio kontrol\u0117 yra esmin\u0117 kat\u0117s sveikatos dalis, ypa\u010d jei ji linkusi priaugti svorio. \u201eHill's Prescription Diet Metabolic\u201c yra specialiai sukurtas","og_url":"https:\/\/anivet.lt\/elparduotuve\/produktas\/hills-prescription-diet-metabolic-svorio-reguliavimui-12x85g\/","og_site_name":"anivet.lt","article_modified_time":"2025-05-27T13:35:52+00:00","og_image":[{"width":768,"height":768,"url":"https:\/\/anivet.lt\/elparduotuve\/wp-content\/uploads\/2025\/02\/12-Hills-Prescription-Diet\u00ae-Metabolic-12x85g-svorio-reguliavimui.jpg","type":"image\/jpeg"}],"twitter_card":"summary_large_image","twitter_misc":{"Est. reading time":"1 minut\u0117"},"schema":{"@context":"https:\/\/schema.org","@graph":[{"@type":"WebPage","@id":"https:\/\/anivet.lt\/elparduotuve\/produktas\/hills-prescription-diet-metabolic-svorio-reguliavimui-12x85g\/","url":"https:\/\/anivet.lt\/elparduotuve\/produktas\/hills-prescription-diet-metabolic-svorio-reguliavimui-12x85g\/","name":"Hills Prescription Diet\u00ae Metabolic svorio reguliavimui 12x85g. - anivet.lt","isPartOf":{"@id":"https:\/\/anivet.lt\/elparduotuve\/#website"},"primaryImageOfPage":{"@id":"https:\/\/anivet.lt\/elparduotuve\/produktas\/hills-prescription-diet-metabolic-svorio-reguliavimui-12x85g\/#primaryimage"},"image":{"@id":"https:\/\/anivet.lt\/elparduotuve\/produktas\/hills-prescription-diet-metabolic-svorio-reguliavimui-12x85g\/#primaryimage"},"thumbnailUrl":"https:\/\/anivet.lt\/elparduotuve\/wp-content\/uploads\/2025\/02\/12-Hills-Prescription-Diet\u00ae-Metabolic-12x85g-svorio-reguliavimui.jpg","datePublished":"2025-02-09T12:42:04+00:00","dateModified":"2025-05-27T13:35:52+00:00","description":"Svorio kontrol\u0117 yra esmin\u0117 kat\u0117s sveikatos dalis, ypa\u010d jei ji linkusi priaugti svorio. \u201eHill's Prescription Diet Metabolic\u201c yra specialiai sukurtas","breadcrumb":{"@id":"https:\/\/anivet.lt\/elparduotuve\/produktas\/hills-prescription-diet-metabolic-svorio-reguliavimui-12x85g\/#breadcrumb"},"inLanguage":"lt-LT","potentialAction":[{"@type":"ReadAction","target":["https:\/\/anivet.lt\/elparduotuve\/produktas\/hills-prescription-diet-metabolic-svorio-reguliavimui-12x85g\/"]}]},{"@type":"ImageObject","inLanguage":"lt-LT","@id":"https:\/\/anivet.lt\/elparduotuve\/produktas\/hills-prescription-diet-metabolic-svorio-reguliavimui-12x85g\/#primaryimage","url":"https:\/\/anivet.lt\/elparduotuve\/wp-content\/uploads\/2025\/02\/12-Hills-Prescription-Diet\u00ae-Metabolic-12x85g-svorio-reguliavimui.jpg","contentUrl":"https:\/\/anivet.lt\/elparduotuve\/wp-content\/uploads\/2025\/02\/12-Hills-Prescription-Diet\u00ae-Metabolic-12x85g-svorio-reguliavimui.jpg","width":768,"height":768,"caption":"Hills Prescription Diet\u00ae Metabolic svorio reguliavimui 12x85g."},{"@type":"BreadcrumbList","@id":"https:\/\/anivet.lt\/elparduotuve\/produktas\/hills-prescription-diet-metabolic-svorio-reguliavimui-12x85g\/#breadcrumb","itemListElement":[{"@type":"ListItem","position":1,"name":"Home","item":"https:\/\/anivet.lt\/elparduotuve\/"},{"@type":"ListItem","position":2,"name":"Produktai","item":"https:\/\/anivet.lt\/elparduotuve\/produktai\/"},{"@type":"ListItem","position":3,"name":"Hills Prescription Diet\u00ae Metabolic svorio reguliavimui 12x85g."}]},{"@type":"WebSite","@id":"https:\/\/anivet.lt\/elparduotuve\/#website","url":"https:\/\/anivet.lt\/elparduotuve\/","name":"anivet.lt","description":"Viskas J\u016bs\u0173 \u0161uns, kat\u0117s prie\u017ei\u016brai","publisher":{"@id":"https:\/\/anivet.lt\/elparduotuve\/#organization"},"alternateName":"Viskas J\u016bs\u0173 \u0161uns, kat\u0117s prie\u017ei\u016brai","potentialAction":[{"@type":"SearchAction","target":{"@type":"EntryPoint","urlTemplate":"https:\/\/anivet.lt\/elparduotuve\/?s={search_term_string}"},"query-input":{"@type":"PropertyValueSpecification","valueRequired":true,"valueName":"search_term_string"}}],"inLanguage":"lt-LT"},{"@type":"Organization","@id":"https:\/\/anivet.lt\/elparduotuve\/#organization","name":"Viskas J\u016bs\u0173 \u0161uns, kat\u0117s prie\u017ei\u016brai","url":"https:\/\/anivet.lt\/elparduotuve\/","logo":{"@type":"ImageObject","inLanguage":"lt-LT","@id":"https:\/\/anivet.lt\/elparduotuve\/#\/schema\/logo\/image\/","url":"https:\/\/anivet.lt\/elparduotuve\/wp-content\/uploads\/2023\/06\/logo2.jpg","contentUrl":"https:\/\/anivet.lt\/elparduotuve\/wp-content\/uploads\/2023\/06\/logo2.jpg","width":655,"height":194,"caption":"Viskas J\u016bs\u0173 \u0161uns, kat\u0117s prie\u017ei\u016brai"},"image":{"@id":"https:\/\/anivet.lt\/elparduotuve\/#\/schema\/logo\/image\/"}}]}},"_links":{"self":[{"href":"https:\/\/anivet.lt\/elparduotuve\/wp-json\/wp\/v2\/product\/16573","targetHints":{"allow":["GET"]}}],"collection":[{"href":"https:\/\/anivet.lt\/elparduotuve\/wp-json\/wp\/v2\/product"}],"about":[{"href":"https:\/\/anivet.lt\/elparduotuve\/wp-json\/wp\/v2\/types\/product"}],"wp:featuredmedia":[{"embeddable":true,"href":"https:\/\/anivet.lt\/elparduotuve\/wp-json\/wp\/v2\/media\/16574"}],"wp:attachment":[{"href":"https:\/\/anivet.lt\/elparduotuve\/wp-json\/wp\/v2\/media?parent=16573"}],"wp:term":[{"taxonomy":"product_brand","embeddable":true,"href":"https:\/\/anivet.lt\/elparduotuve\/wp-json\/wp\/v2\/product_brand?post=16573"},{"taxonomy":"product_cat","embeddable":true,"href":"https:\/\/anivet.lt\/elparduotuve\/wp-json\/wp\/v2\/product_cat?post=16573"},{"taxonomy":"product_tag","embeddable":true,"href":"https:\/\/anivet.lt\/elparduotuve\/wp-json\/wp\/v2\/product_tag?post=16573"}],"curies":[{"name":"wp","href":"https:\/\/api.w.org\/{rel}","templated":true}]}}