{"id":16577,"date":"2025-02-09T12:54:02","date_gmt":"2025-02-09T12:54:02","guid":{"rendered":"https:\/\/anivet.lt\/elparduotuve\/?post_type=product&#038;p=16577"},"modified":"2025-05-27T13:35:54","modified_gmt":"2025-05-27T13:35:54","slug":"hills-prescription-diet-c-d-multicare-stress-su-vistiena-slapimo-sistemai-12x85g","status":"publish","type":"product","link":"https:\/\/anivet.lt\/elparduotuve\/produktas\/hills-prescription-diet-c-d-multicare-stress-su-vistiena-slapimo-sistemai-12x85g\/","title":{"rendered":"Hills Prescription Diet\u00ae  c\/d Multicare stress (su vi\u0161tiena) \u0161lapimo sistemai 12x85g."},"content":{"rendered":"<p>Kasdien\u0117 aplinka ir net ma\u017ei poky\u010diai gali sukelti stres\u0105 kat\u0117ms, o tai gali tur\u0117ti \u012ftakos j\u0173 \u0161lapimo sistemos sveikatai. Subalansuota mityba gali pad\u0117ti palaikyti optimali\u0105 b\u016bkl\u0119 ir suma\u017einti nepageidaujamus simptomus. \u201eHill&#8217;s Prescription Diet c\/d Multicare Stress\u201c yra specialiai sukurtas pa\u0161aras, skirtas palaikyti \u0161lapimo tak\u0173 sveikat\u0105 ir suma\u017einti stres\u0105, kuris gali prisid\u0117ti prie \u0161lapimo sistemos problem\u0173.<\/p>\n<ul>\n<li><strong>L-triptofanas ir pieno baltym\u0173 hidrolizatas:<\/strong> Padeda suma\u017einti stres\u0105 ir jo poveik\u012f organizmui.<\/li>\n<li><strong>Subalansuotas mineral\u0173 kiekis:<\/strong> Optimizuotas kalcio ir natrio kiekis bei prid\u0117tas kalio citratas palaiko tinkam\u0105 \u0161lapimo pH lyg\u012f.<\/li>\n<li><strong>Struvitini\u0173 akmen\u0173 i\u0161tirpinimas:<\/strong> Klini\u0161kai \u012frodyta, kad padeda i\u0161tirpinti struvitinius akmenis vos per 7 dienas (vidutini\u0161kai \u2013 per 27 dienas).<\/li>\n<li><strong>Ilgalaik\u0117 apsauga:<\/strong> Reguliarus \u0161\u0117rimas ma\u017eina struvitini\u0173 ir kalcio oksalato akmen\u0173 susidarymo rizik\u0105.<\/li>\n<li><strong>S+OXSHIELD sistema:<\/strong> Sukurta palaikyti \u0161lapimo sistemos sveikat\u0105 ir suma\u017einti kristal\u0173 susidarymo tikimyb\u0119.<\/li>\n<\/ul>\n<p>\u0160is visavertis konservuotas pa\u0161aras su vi\u0161tiena yra ne tik subalansuotos sud\u0117ties, bet ir puikaus skonio, tod\u0117l kat\u0117s j\u012f mielai \u0117da. Tinka ilgalaikiam \u0161\u0117rimui siekiant palaikyti optimali\u0105 \u0161lapimo sistemos b\u016bkl\u0119.<\/p>\n","protected":false},"excerpt":{"rendered":"<p>Kasdien\u0117 aplinka ir net ma\u017ei poky\u010diai gali sukelti stres\u0105 kat\u0117ms, o tai gali tur\u0117ti \u012ftakos j\u0173 \u0161lapimo sistemos sveikatai. Subalansuota<\/p>\n","protected":false},"featured_media":16578,"template":"","meta":[],"product_brand":[],"product_cat":[114,102,118,441],"product_tag":[],"class_list":{"0":"post-16577","1":"product","2":"type-product","3":"status-publish","4":"has-post-thumbnail","6":"product_cat-kaciu-maistas","7":"product_cat-katems","8":"product_cat-veterinarinis-maistas-katems","9":"product_cat-hills-kaciu-maistas","10":"pa_prekinis-zenklas-hills","12":"first","13":"outofstock","14":"taxable","15":"shipping-taxable","16":"purchasable","17":"product-type-simple"},"yoast_head":"<!-- This site is optimized with the Yoast SEO Premium plugin v27.1 (Yoast SEO v27.5) - https:\/\/yoast.com\/product\/yoast-seo-premium-wordpress\/ -->\n<title>Hills Prescription Diet\u00ae c\/d Multicare stress (su vi\u0161tiena) \u0161lapimo sistemai 12x85g. - anivet.lt<\/title>\n<meta name=\"description\" content=\"Kasdien\u0117 aplinka ir net ma\u017ei poky\u010diai gali sukelti stres\u0105 kat\u0117ms, o tai gali tur\u0117ti \u012ftakos j\u0173 \u0161lapimo sistemos sveikatai. Subalansuota mityba gali pad\u0117ti\" \/>\n<meta name=\"robots\" content=\"index, follow, max-snippet:-1, max-image-preview:large, max-video-preview:-1\" \/>\n<link rel=\"canonical\" href=\"https:\/\/anivet.lt\/elparduotuve\/produktas\/hills-prescription-diet-c-d-multicare-stress-su-vistiena-slapimo-sistemai-12x85g\/\" \/>\n<meta property=\"og:locale\" content=\"lt_LT\" \/>\n<meta property=\"og:type\" content=\"article\" \/>\n<meta property=\"og:title\" content=\"Hills Prescription Diet\u00ae c\/d Multicare stress (su vi\u0161tiena) \u0161lapimo sistemai 12x85g.\" \/>\n<meta property=\"og:description\" content=\"Kasdien\u0117 aplinka ir net ma\u017ei poky\u010diai gali sukelti stres\u0105 kat\u0117ms, o tai gali tur\u0117ti \u012ftakos j\u0173 \u0161lapimo sistemos sveikatai. Subalansuota mityba gali pad\u0117ti\" \/>\n<meta property=\"og:url\" content=\"https:\/\/anivet.lt\/elparduotuve\/produktas\/hills-prescription-diet-c-d-multicare-stress-su-vistiena-slapimo-sistemai-12x85g\/\" \/>\n<meta property=\"og:site_name\" content=\"anivet.lt\" \/>\n<meta property=\"article:modified_time\" content=\"2025-05-27T13:35:54+00:00\" \/>\n<meta property=\"og:image\" content=\"https:\/\/anivet.lt\/elparduotuve\/wp-content\/uploads\/2025\/02\/14-Hills-Prescription-Diet\u00ae-cd-Multicare-stress12x85g-_su-vistiena_-slapimo-sistemai.jpg\" \/>\n\t<meta property=\"og:image:width\" content=\"768\" \/>\n\t<meta property=\"og:image:height\" content=\"768\" \/>\n\t<meta property=\"og:image:type\" content=\"image\/jpeg\" \/>\n<meta name=\"twitter:card\" content=\"summary_large_image\" \/>\n<meta name=\"twitter:label1\" content=\"Est. reading time\" \/>\n\t<meta name=\"twitter:data1\" content=\"2 minut\u0117s\" \/>\n<script type=\"application\/ld+json\" class=\"yoast-schema-graph\">{\"@context\":\"https:\\\/\\\/schema.org\",\"@graph\":[{\"@type\":\"WebPage\",\"@id\":\"https:\\\/\\\/anivet.lt\\\/elparduotuve\\\/produktas\\\/hills-prescription-diet-c-d-multicare-stress-su-vistiena-slapimo-sistemai-12x85g\\\/\",\"url\":\"https:\\\/\\\/anivet.lt\\\/elparduotuve\\\/produktas\\\/hills-prescription-diet-c-d-multicare-stress-su-vistiena-slapimo-sistemai-12x85g\\\/\",\"name\":\"Hills Prescription Diet\u00ae c\\\/d Multicare stress (su vi\u0161tiena) \u0161lapimo sistemai 12x85g. - anivet.lt\",\"isPartOf\":{\"@id\":\"https:\\\/\\\/anivet.lt\\\/elparduotuve\\\/#website\"},\"primaryImageOfPage\":{\"@id\":\"https:\\\/\\\/anivet.lt\\\/elparduotuve\\\/produktas\\\/hills-prescription-diet-c-d-multicare-stress-su-vistiena-slapimo-sistemai-12x85g\\\/#primaryimage\"},\"image\":{\"@id\":\"https:\\\/\\\/anivet.lt\\\/elparduotuve\\\/produktas\\\/hills-prescription-diet-c-d-multicare-stress-su-vistiena-slapimo-sistemai-12x85g\\\/#primaryimage\"},\"thumbnailUrl\":\"https:\\\/\\\/anivet.lt\\\/elparduotuve\\\/wp-content\\\/uploads\\\/2025\\\/02\\\/14-Hills-Prescription-Diet\u00ae-cd-Multicare-stress12x85g-_su-vistiena_-slapimo-sistemai.jpg\",\"datePublished\":\"2025-02-09T12:54:02+00:00\",\"dateModified\":\"2025-05-27T13:35:54+00:00\",\"description\":\"Kasdien\u0117 aplinka ir net ma\u017ei poky\u010diai gali sukelti stres\u0105 kat\u0117ms, o tai gali tur\u0117ti \u012ftakos j\u0173 \u0161lapimo sistemos sveikatai. Subalansuota mityba gali pad\u0117ti\",\"breadcrumb\":{\"@id\":\"https:\\\/\\\/anivet.lt\\\/elparduotuve\\\/produktas\\\/hills-prescription-diet-c-d-multicare-stress-su-vistiena-slapimo-sistemai-12x85g\\\/#breadcrumb\"},\"inLanguage\":\"lt-LT\",\"potentialAction\":[{\"@type\":\"ReadAction\",\"target\":[\"https:\\\/\\\/anivet.lt\\\/elparduotuve\\\/produktas\\\/hills-prescription-diet-c-d-multicare-stress-su-vistiena-slapimo-sistemai-12x85g\\\/\"]}]},{\"@type\":\"ImageObject\",\"inLanguage\":\"lt-LT\",\"@id\":\"https:\\\/\\\/anivet.lt\\\/elparduotuve\\\/produktas\\\/hills-prescription-diet-c-d-multicare-stress-su-vistiena-slapimo-sistemai-12x85g\\\/#primaryimage\",\"url\":\"https:\\\/\\\/anivet.lt\\\/elparduotuve\\\/wp-content\\\/uploads\\\/2025\\\/02\\\/14-Hills-Prescription-Diet\u00ae-cd-Multicare-stress12x85g-_su-vistiena_-slapimo-sistemai.jpg\",\"contentUrl\":\"https:\\\/\\\/anivet.lt\\\/elparduotuve\\\/wp-content\\\/uploads\\\/2025\\\/02\\\/14-Hills-Prescription-Diet\u00ae-cd-Multicare-stress12x85g-_su-vistiena_-slapimo-sistemai.jpg\",\"width\":768,\"height\":768,\"caption\":\"Hills Prescription Diet\u00ae c\\\/d Multicare stress (su vi\u0161tiena) \u0161lapimo sistemai 12x85g.\"},{\"@type\":\"BreadcrumbList\",\"@id\":\"https:\\\/\\\/anivet.lt\\\/elparduotuve\\\/produktas\\\/hills-prescription-diet-c-d-multicare-stress-su-vistiena-slapimo-sistemai-12x85g\\\/#breadcrumb\",\"itemListElement\":[{\"@type\":\"ListItem\",\"position\":1,\"name\":\"Home\",\"item\":\"https:\\\/\\\/anivet.lt\\\/elparduotuve\\\/\"},{\"@type\":\"ListItem\",\"position\":2,\"name\":\"Produktai\",\"item\":\"https:\\\/\\\/anivet.lt\\\/elparduotuve\\\/produktai\\\/\"},{\"@type\":\"ListItem\",\"position\":3,\"name\":\"Hills Prescription Diet\u00ae c\\\/d Multicare stress (su vi\u0161tiena) \u0161lapimo sistemai 12x85g.\"}]},{\"@type\":\"WebSite\",\"@id\":\"https:\\\/\\\/anivet.lt\\\/elparduotuve\\\/#website\",\"url\":\"https:\\\/\\\/anivet.lt\\\/elparduotuve\\\/\",\"name\":\"anivet.lt\",\"description\":\"Viskas J\u016bs\u0173 \u0161uns, kat\u0117s prie\u017ei\u016brai\",\"publisher\":{\"@id\":\"https:\\\/\\\/anivet.lt\\\/elparduotuve\\\/#organization\"},\"alternateName\":\"Viskas J\u016bs\u0173 \u0161uns, kat\u0117s prie\u017ei\u016brai\",\"potentialAction\":[{\"@type\":\"SearchAction\",\"target\":{\"@type\":\"EntryPoint\",\"urlTemplate\":\"https:\\\/\\\/anivet.lt\\\/elparduotuve\\\/?s={search_term_string}\"},\"query-input\":{\"@type\":\"PropertyValueSpecification\",\"valueRequired\":true,\"valueName\":\"search_term_string\"}}],\"inLanguage\":\"lt-LT\"},{\"@type\":\"Organization\",\"@id\":\"https:\\\/\\\/anivet.lt\\\/elparduotuve\\\/#organization\",\"name\":\"Viskas J\u016bs\u0173 \u0161uns, kat\u0117s prie\u017ei\u016brai\",\"url\":\"https:\\\/\\\/anivet.lt\\\/elparduotuve\\\/\",\"logo\":{\"@type\":\"ImageObject\",\"inLanguage\":\"lt-LT\",\"@id\":\"https:\\\/\\\/anivet.lt\\\/elparduotuve\\\/#\\\/schema\\\/logo\\\/image\\\/\",\"url\":\"https:\\\/\\\/anivet.lt\\\/elparduotuve\\\/wp-content\\\/uploads\\\/2023\\\/06\\\/logo2.jpg\",\"contentUrl\":\"https:\\\/\\\/anivet.lt\\\/elparduotuve\\\/wp-content\\\/uploads\\\/2023\\\/06\\\/logo2.jpg\",\"width\":655,\"height\":194,\"caption\":\"Viskas J\u016bs\u0173 \u0161uns, kat\u0117s prie\u017ei\u016brai\"},\"image\":{\"@id\":\"https:\\\/\\\/anivet.lt\\\/elparduotuve\\\/#\\\/schema\\\/logo\\\/image\\\/\"}}]}<\/script>\n<!-- \/ Yoast SEO Premium plugin. -->","yoast_head_json":{"title":"Hills Prescription Diet\u00ae c\/d Multicare stress (su vi\u0161tiena) \u0161lapimo sistemai 12x85g. - anivet.lt","description":"Kasdien\u0117 aplinka ir net ma\u017ei poky\u010diai gali sukelti stres\u0105 kat\u0117ms, o tai gali tur\u0117ti \u012ftakos j\u0173 \u0161lapimo sistemos sveikatai. Subalansuota mityba gali pad\u0117ti","robots":{"index":"index","follow":"follow","max-snippet":"max-snippet:-1","max-image-preview":"max-image-preview:large","max-video-preview":"max-video-preview:-1"},"canonical":"https:\/\/anivet.lt\/elparduotuve\/produktas\/hills-prescription-diet-c-d-multicare-stress-su-vistiena-slapimo-sistemai-12x85g\/","og_locale":"lt_LT","og_type":"article","og_title":"Hills Prescription Diet\u00ae c\/d Multicare stress (su vi\u0161tiena) \u0161lapimo sistemai 12x85g.","og_description":"Kasdien\u0117 aplinka ir net ma\u017ei poky\u010diai gali sukelti stres\u0105 kat\u0117ms, o tai gali tur\u0117ti \u012ftakos j\u0173 \u0161lapimo sistemos sveikatai. Subalansuota mityba gali pad\u0117ti","og_url":"https:\/\/anivet.lt\/elparduotuve\/produktas\/hills-prescription-diet-c-d-multicare-stress-su-vistiena-slapimo-sistemai-12x85g\/","og_site_name":"anivet.lt","article_modified_time":"2025-05-27T13:35:54+00:00","og_image":[{"width":768,"height":768,"url":"https:\/\/anivet.lt\/elparduotuve\/wp-content\/uploads\/2025\/02\/14-Hills-Prescription-Diet\u00ae-cd-Multicare-stress12x85g-_su-vistiena_-slapimo-sistemai.jpg","type":"image\/jpeg"}],"twitter_card":"summary_large_image","twitter_misc":{"Est. reading time":"2 minut\u0117s"},"schema":{"@context":"https:\/\/schema.org","@graph":[{"@type":"WebPage","@id":"https:\/\/anivet.lt\/elparduotuve\/produktas\/hills-prescription-diet-c-d-multicare-stress-su-vistiena-slapimo-sistemai-12x85g\/","url":"https:\/\/anivet.lt\/elparduotuve\/produktas\/hills-prescription-diet-c-d-multicare-stress-su-vistiena-slapimo-sistemai-12x85g\/","name":"Hills Prescription Diet\u00ae c\/d Multicare stress (su vi\u0161tiena) \u0161lapimo sistemai 12x85g. - anivet.lt","isPartOf":{"@id":"https:\/\/anivet.lt\/elparduotuve\/#website"},"primaryImageOfPage":{"@id":"https:\/\/anivet.lt\/elparduotuve\/produktas\/hills-prescription-diet-c-d-multicare-stress-su-vistiena-slapimo-sistemai-12x85g\/#primaryimage"},"image":{"@id":"https:\/\/anivet.lt\/elparduotuve\/produktas\/hills-prescription-diet-c-d-multicare-stress-su-vistiena-slapimo-sistemai-12x85g\/#primaryimage"},"thumbnailUrl":"https:\/\/anivet.lt\/elparduotuve\/wp-content\/uploads\/2025\/02\/14-Hills-Prescription-Diet\u00ae-cd-Multicare-stress12x85g-_su-vistiena_-slapimo-sistemai.jpg","datePublished":"2025-02-09T12:54:02+00:00","dateModified":"2025-05-27T13:35:54+00:00","description":"Kasdien\u0117 aplinka ir net ma\u017ei poky\u010diai gali sukelti stres\u0105 kat\u0117ms, o tai gali tur\u0117ti \u012ftakos j\u0173 \u0161lapimo sistemos sveikatai. Subalansuota mityba gali pad\u0117ti","breadcrumb":{"@id":"https:\/\/anivet.lt\/elparduotuve\/produktas\/hills-prescription-diet-c-d-multicare-stress-su-vistiena-slapimo-sistemai-12x85g\/#breadcrumb"},"inLanguage":"lt-LT","potentialAction":[{"@type":"ReadAction","target":["https:\/\/anivet.lt\/elparduotuve\/produktas\/hills-prescription-diet-c-d-multicare-stress-su-vistiena-slapimo-sistemai-12x85g\/"]}]},{"@type":"ImageObject","inLanguage":"lt-LT","@id":"https:\/\/anivet.lt\/elparduotuve\/produktas\/hills-prescription-diet-c-d-multicare-stress-su-vistiena-slapimo-sistemai-12x85g\/#primaryimage","url":"https:\/\/anivet.lt\/elparduotuve\/wp-content\/uploads\/2025\/02\/14-Hills-Prescription-Diet\u00ae-cd-Multicare-stress12x85g-_su-vistiena_-slapimo-sistemai.jpg","contentUrl":"https:\/\/anivet.lt\/elparduotuve\/wp-content\/uploads\/2025\/02\/14-Hills-Prescription-Diet\u00ae-cd-Multicare-stress12x85g-_su-vistiena_-slapimo-sistemai.jpg","width":768,"height":768,"caption":"Hills Prescription Diet\u00ae c\/d Multicare stress (su vi\u0161tiena) \u0161lapimo sistemai 12x85g."},{"@type":"BreadcrumbList","@id":"https:\/\/anivet.lt\/elparduotuve\/produktas\/hills-prescription-diet-c-d-multicare-stress-su-vistiena-slapimo-sistemai-12x85g\/#breadcrumb","itemListElement":[{"@type":"ListItem","position":1,"name":"Home","item":"https:\/\/anivet.lt\/elparduotuve\/"},{"@type":"ListItem","position":2,"name":"Produktai","item":"https:\/\/anivet.lt\/elparduotuve\/produktai\/"},{"@type":"ListItem","position":3,"name":"Hills Prescription Diet\u00ae c\/d Multicare stress (su vi\u0161tiena) \u0161lapimo sistemai 12x85g."}]},{"@type":"WebSite","@id":"https:\/\/anivet.lt\/elparduotuve\/#website","url":"https:\/\/anivet.lt\/elparduotuve\/","name":"anivet.lt","description":"Viskas J\u016bs\u0173 \u0161uns, kat\u0117s prie\u017ei\u016brai","publisher":{"@id":"https:\/\/anivet.lt\/elparduotuve\/#organization"},"alternateName":"Viskas J\u016bs\u0173 \u0161uns, kat\u0117s prie\u017ei\u016brai","potentialAction":[{"@type":"SearchAction","target":{"@type":"EntryPoint","urlTemplate":"https:\/\/anivet.lt\/elparduotuve\/?s={search_term_string}"},"query-input":{"@type":"PropertyValueSpecification","valueRequired":true,"valueName":"search_term_string"}}],"inLanguage":"lt-LT"},{"@type":"Organization","@id":"https:\/\/anivet.lt\/elparduotuve\/#organization","name":"Viskas J\u016bs\u0173 \u0161uns, kat\u0117s prie\u017ei\u016brai","url":"https:\/\/anivet.lt\/elparduotuve\/","logo":{"@type":"ImageObject","inLanguage":"lt-LT","@id":"https:\/\/anivet.lt\/elparduotuve\/#\/schema\/logo\/image\/","url":"https:\/\/anivet.lt\/elparduotuve\/wp-content\/uploads\/2023\/06\/logo2.jpg","contentUrl":"https:\/\/anivet.lt\/elparduotuve\/wp-content\/uploads\/2023\/06\/logo2.jpg","width":655,"height":194,"caption":"Viskas J\u016bs\u0173 \u0161uns, kat\u0117s prie\u017ei\u016brai"},"image":{"@id":"https:\/\/anivet.lt\/elparduotuve\/#\/schema\/logo\/image\/"}}]}},"_links":{"self":[{"href":"https:\/\/anivet.lt\/elparduotuve\/wp-json\/wp\/v2\/product\/16577","targetHints":{"allow":["GET"]}}],"collection":[{"href":"https:\/\/anivet.lt\/elparduotuve\/wp-json\/wp\/v2\/product"}],"about":[{"href":"https:\/\/anivet.lt\/elparduotuve\/wp-json\/wp\/v2\/types\/product"}],"wp:featuredmedia":[{"embeddable":true,"href":"https:\/\/anivet.lt\/elparduotuve\/wp-json\/wp\/v2\/media\/16578"}],"wp:attachment":[{"href":"https:\/\/anivet.lt\/elparduotuve\/wp-json\/wp\/v2\/media?parent=16577"}],"wp:term":[{"taxonomy":"product_brand","embeddable":true,"href":"https:\/\/anivet.lt\/elparduotuve\/wp-json\/wp\/v2\/product_brand?post=16577"},{"taxonomy":"product_cat","embeddable":true,"href":"https:\/\/anivet.lt\/elparduotuve\/wp-json\/wp\/v2\/product_cat?post=16577"},{"taxonomy":"product_tag","embeddable":true,"href":"https:\/\/anivet.lt\/elparduotuve\/wp-json\/wp\/v2\/product_tag?post=16577"}],"curies":[{"name":"wp","href":"https:\/\/api.w.org\/{rel}","templated":true}]}}