{"id":16581,"date":"2025-02-09T13:04:16","date_gmt":"2025-02-09T13:04:16","guid":{"rendered":"https:\/\/anivet.lt\/elparduotuve\/?post_type=product&#038;p=16581"},"modified":"2026-04-01T04:44:08","modified_gmt":"2026-04-01T04:44:08","slug":"hills-prescription-diet-gastrointestinal-biome-troskinys-virskinimo-sistemai-82g","status":"publish","type":"product","link":"https:\/\/anivet.lt\/elparduotuve\/produktas\/hills-prescription-diet-gastrointestinal-biome-troskinys-virskinimo-sistemai-82g\/","title":{"rendered":"Hills Prescription Diet\u00ae  Gastrointestinal Biome tro\u0161kinys vir\u0161kinimo sistemai 82g."},"content":{"rendered":"<p>Vir\u0161kinimo problemos gali tur\u0117ti didel\u0119 \u012ftak\u0105 kat\u0117s savijautai ir gyvenimo kokybei. Tinkama mityba gali pad\u0117ti palaikyti \u017earnyno sveikat\u0105 ir suma\u017einti pasikartojan\u010di\u0173 sutrikim\u0173 rizik\u0105. \u201eHill&#8217;s Prescription Diet Gastrointestinal Biome\u201c su pa\u017eangia ActivBiome+ technologija yra sukurtas palaikyti reguliar\u0173 ir sveik\u0105 tu\u0161tinim\u0105si bei skatinti ger\u0173j\u0173 bakterij\u0173 augim\u0105.<\/p>\n<ul>\n<li>ActivBiome+ technologija: Skatina \u017earnyno mikrobiom\u0105 ir palaiko nat\u016brali\u0105 vir\u0161kinimo sistemos pusiausvyr\u0105.<\/li>\n<li>Unikalus prebiotini\u0173 skaidul\u0173 mi\u0161inys: Padeda palaikyti optimal\u0173 vir\u0161kinim\u0105 ir skatina ger\u0173j\u0173 bakterij\u0173 veikl\u0105.<\/li>\n<li>Postbiotik\u0173 stimuliacija: Palaiko nauding\u0173 \u017earnyno bakterij\u0173 gamyb\u0105 ir prisideda prie sveiko vir\u0161kinimo.<\/li>\n<\/ul>\n<p>Klini\u0161kai \u012frodyta, kad \u0161is pa\u0161aras skatina reguliar\u0173 ir sveik\u0105 tu\u0161tinim\u0105si jau per 24 valandas bei padeda suma\u017einti vir\u0161kinimo sutrikim\u0173 pasikartojimo rizik\u0105. Tai subalansuota ir veiksminga mityba kat\u0117ms, kurioms reikalinga papildoma pagalba palaikant vir\u0161kinimo sistemos sveikat\u0105.<\/p>\n","protected":false},"excerpt":{"rendered":"<p>Vir\u0161kinimo problemos gali tur\u0117ti didel\u0119 \u012ftak\u0105 kat\u0117s savijautai ir gyvenimo kokybei. Tinkama mityba gali pad\u0117ti palaikyti \u017earnyno sveikat\u0105 ir suma\u017einti<\/p>\n","protected":false},"featured_media":16582,"template":"","meta":[],"product_brand":[],"product_cat":[114,102,118,441],"product_tag":[],"class_list":{"0":"post-16581","1":"product","2":"type-product","3":"status-publish","4":"has-post-thumbnail","6":"product_cat-kaciu-maistas","7":"product_cat-katems","8":"product_cat-veterinarinis-maistas-katems","9":"product_cat-hills-kaciu-maistas","10":"pa_prekinis-zenklas-hills","12":"first","13":"instock","14":"taxable","15":"shipping-taxable","16":"purchasable","17":"product-type-simple"},"yoast_head":"<!-- This site is optimized with the Yoast SEO Premium plugin v27.1 (Yoast SEO v27.5) - https:\/\/yoast.com\/product\/yoast-seo-premium-wordpress\/ -->\n<title>Hills Prescription Diet\u00ae Gastrointestinal Biome tro\u0161kinys vir\u0161kinimo sistemai 82g. - anivet.lt<\/title>\n<meta name=\"description\" content=\"Vir\u0161kinimo problemos gali tur\u0117ti didel\u0119 \u012ftak\u0105 kat\u0117s savijautai ir gyvenimo kokybei. Tinkama mityba gali pad\u0117ti palaikyti \u017earnyno sveikat\u0105 ir suma\u017einti\" \/>\n<meta name=\"robots\" content=\"index, follow, max-snippet:-1, max-image-preview:large, max-video-preview:-1\" \/>\n<link rel=\"canonical\" href=\"https:\/\/anivet.lt\/elparduotuve\/produktas\/hills-prescription-diet-gastrointestinal-biome-troskinys-virskinimo-sistemai-82g\/\" \/>\n<meta property=\"og:locale\" content=\"lt_LT\" \/>\n<meta property=\"og:type\" content=\"article\" \/>\n<meta property=\"og:title\" content=\"Hills Prescription Diet\u00ae Gastrointestinal Biome tro\u0161kinys vir\u0161kinimo sistemai 82g.\" \/>\n<meta property=\"og:description\" content=\"Vir\u0161kinimo problemos gali tur\u0117ti didel\u0119 \u012ftak\u0105 kat\u0117s savijautai ir gyvenimo kokybei. Tinkama mityba gali pad\u0117ti palaikyti \u017earnyno sveikat\u0105 ir suma\u017einti\" \/>\n<meta property=\"og:url\" content=\"https:\/\/anivet.lt\/elparduotuve\/produktas\/hills-prescription-diet-gastrointestinal-biome-troskinys-virskinimo-sistemai-82g\/\" \/>\n<meta property=\"og:site_name\" content=\"anivet.lt\" \/>\n<meta property=\"article:modified_time\" content=\"2026-04-01T04:44:08+00:00\" \/>\n<meta property=\"og:image\" content=\"https:\/\/anivet.lt\/elparduotuve\/wp-content\/uploads\/2025\/02\/16-Hills-Prescription-Diet\u00ae-Gastrointestinal-Biome-82g-troskinys-virskinimo-sistemai.jpg\" \/>\n\t<meta property=\"og:image:width\" content=\"768\" \/>\n\t<meta property=\"og:image:height\" content=\"768\" \/>\n\t<meta property=\"og:image:type\" content=\"image\/jpeg\" \/>\n<meta name=\"twitter:card\" content=\"summary_large_image\" \/>\n<meta name=\"twitter:label1\" content=\"Est. reading time\" \/>\n\t<meta name=\"twitter:data1\" content=\"1 minut\u0117\" \/>\n<script type=\"application\/ld+json\" class=\"yoast-schema-graph\">{\"@context\":\"https:\\\/\\\/schema.org\",\"@graph\":[{\"@type\":\"WebPage\",\"@id\":\"https:\\\/\\\/anivet.lt\\\/elparduotuve\\\/produktas\\\/hills-prescription-diet-gastrointestinal-biome-troskinys-virskinimo-sistemai-82g\\\/\",\"url\":\"https:\\\/\\\/anivet.lt\\\/elparduotuve\\\/produktas\\\/hills-prescription-diet-gastrointestinal-biome-troskinys-virskinimo-sistemai-82g\\\/\",\"name\":\"Hills Prescription Diet\u00ae Gastrointestinal Biome tro\u0161kinys vir\u0161kinimo sistemai 82g. - anivet.lt\",\"isPartOf\":{\"@id\":\"https:\\\/\\\/anivet.lt\\\/elparduotuve\\\/#website\"},\"primaryImageOfPage\":{\"@id\":\"https:\\\/\\\/anivet.lt\\\/elparduotuve\\\/produktas\\\/hills-prescription-diet-gastrointestinal-biome-troskinys-virskinimo-sistemai-82g\\\/#primaryimage\"},\"image\":{\"@id\":\"https:\\\/\\\/anivet.lt\\\/elparduotuve\\\/produktas\\\/hills-prescription-diet-gastrointestinal-biome-troskinys-virskinimo-sistemai-82g\\\/#primaryimage\"},\"thumbnailUrl\":\"https:\\\/\\\/anivet.lt\\\/elparduotuve\\\/wp-content\\\/uploads\\\/2025\\\/02\\\/16-Hills-Prescription-Diet\u00ae-Gastrointestinal-Biome-82g-troskinys-virskinimo-sistemai.jpg\",\"datePublished\":\"2025-02-09T13:04:16+00:00\",\"dateModified\":\"2026-04-01T04:44:08+00:00\",\"description\":\"Vir\u0161kinimo problemos gali tur\u0117ti didel\u0119 \u012ftak\u0105 kat\u0117s savijautai ir gyvenimo kokybei. Tinkama mityba gali pad\u0117ti palaikyti \u017earnyno sveikat\u0105 ir suma\u017einti\",\"breadcrumb\":{\"@id\":\"https:\\\/\\\/anivet.lt\\\/elparduotuve\\\/produktas\\\/hills-prescription-diet-gastrointestinal-biome-troskinys-virskinimo-sistemai-82g\\\/#breadcrumb\"},\"inLanguage\":\"lt-LT\",\"potentialAction\":[{\"@type\":\"ReadAction\",\"target\":[\"https:\\\/\\\/anivet.lt\\\/elparduotuve\\\/produktas\\\/hills-prescription-diet-gastrointestinal-biome-troskinys-virskinimo-sistemai-82g\\\/\"]}]},{\"@type\":\"ImageObject\",\"inLanguage\":\"lt-LT\",\"@id\":\"https:\\\/\\\/anivet.lt\\\/elparduotuve\\\/produktas\\\/hills-prescription-diet-gastrointestinal-biome-troskinys-virskinimo-sistemai-82g\\\/#primaryimage\",\"url\":\"https:\\\/\\\/anivet.lt\\\/elparduotuve\\\/wp-content\\\/uploads\\\/2025\\\/02\\\/16-Hills-Prescription-Diet\u00ae-Gastrointestinal-Biome-82g-troskinys-virskinimo-sistemai.jpg\",\"contentUrl\":\"https:\\\/\\\/anivet.lt\\\/elparduotuve\\\/wp-content\\\/uploads\\\/2025\\\/02\\\/16-Hills-Prescription-Diet\u00ae-Gastrointestinal-Biome-82g-troskinys-virskinimo-sistemai.jpg\",\"width\":768,\"height\":768,\"caption\":\"Hills Prescription Diet\u00ae Gastrointestinal Biome tro\u0161kinys vir\u0161kinimo sistemai 82g.\"},{\"@type\":\"BreadcrumbList\",\"@id\":\"https:\\\/\\\/anivet.lt\\\/elparduotuve\\\/produktas\\\/hills-prescription-diet-gastrointestinal-biome-troskinys-virskinimo-sistemai-82g\\\/#breadcrumb\",\"itemListElement\":[{\"@type\":\"ListItem\",\"position\":1,\"name\":\"Home\",\"item\":\"https:\\\/\\\/anivet.lt\\\/elparduotuve\\\/\"},{\"@type\":\"ListItem\",\"position\":2,\"name\":\"Produktai\",\"item\":\"https:\\\/\\\/anivet.lt\\\/elparduotuve\\\/produktai\\\/\"},{\"@type\":\"ListItem\",\"position\":3,\"name\":\"Hills Prescription Diet\u00ae Gastrointestinal Biome tro\u0161kinys vir\u0161kinimo sistemai 82g.\"}]},{\"@type\":\"WebSite\",\"@id\":\"https:\\\/\\\/anivet.lt\\\/elparduotuve\\\/#website\",\"url\":\"https:\\\/\\\/anivet.lt\\\/elparduotuve\\\/\",\"name\":\"anivet.lt\",\"description\":\"Viskas J\u016bs\u0173 \u0161uns, kat\u0117s prie\u017ei\u016brai\",\"publisher\":{\"@id\":\"https:\\\/\\\/anivet.lt\\\/elparduotuve\\\/#organization\"},\"alternateName\":\"Viskas J\u016bs\u0173 \u0161uns, kat\u0117s prie\u017ei\u016brai\",\"potentialAction\":[{\"@type\":\"SearchAction\",\"target\":{\"@type\":\"EntryPoint\",\"urlTemplate\":\"https:\\\/\\\/anivet.lt\\\/elparduotuve\\\/?s={search_term_string}\"},\"query-input\":{\"@type\":\"PropertyValueSpecification\",\"valueRequired\":true,\"valueName\":\"search_term_string\"}}],\"inLanguage\":\"lt-LT\"},{\"@type\":\"Organization\",\"@id\":\"https:\\\/\\\/anivet.lt\\\/elparduotuve\\\/#organization\",\"name\":\"Viskas J\u016bs\u0173 \u0161uns, kat\u0117s prie\u017ei\u016brai\",\"url\":\"https:\\\/\\\/anivet.lt\\\/elparduotuve\\\/\",\"logo\":{\"@type\":\"ImageObject\",\"inLanguage\":\"lt-LT\",\"@id\":\"https:\\\/\\\/anivet.lt\\\/elparduotuve\\\/#\\\/schema\\\/logo\\\/image\\\/\",\"url\":\"https:\\\/\\\/anivet.lt\\\/elparduotuve\\\/wp-content\\\/uploads\\\/2023\\\/06\\\/logo2.jpg\",\"contentUrl\":\"https:\\\/\\\/anivet.lt\\\/elparduotuve\\\/wp-content\\\/uploads\\\/2023\\\/06\\\/logo2.jpg\",\"width\":655,\"height\":194,\"caption\":\"Viskas J\u016bs\u0173 \u0161uns, kat\u0117s prie\u017ei\u016brai\"},\"image\":{\"@id\":\"https:\\\/\\\/anivet.lt\\\/elparduotuve\\\/#\\\/schema\\\/logo\\\/image\\\/\"}}]}<\/script>\n<!-- \/ Yoast SEO Premium plugin. -->","yoast_head_json":{"title":"Hills Prescription Diet\u00ae Gastrointestinal Biome tro\u0161kinys vir\u0161kinimo sistemai 82g. - anivet.lt","description":"Vir\u0161kinimo problemos gali tur\u0117ti didel\u0119 \u012ftak\u0105 kat\u0117s savijautai ir gyvenimo kokybei. Tinkama mityba gali pad\u0117ti palaikyti \u017earnyno sveikat\u0105 ir suma\u017einti","robots":{"index":"index","follow":"follow","max-snippet":"max-snippet:-1","max-image-preview":"max-image-preview:large","max-video-preview":"max-video-preview:-1"},"canonical":"https:\/\/anivet.lt\/elparduotuve\/produktas\/hills-prescription-diet-gastrointestinal-biome-troskinys-virskinimo-sistemai-82g\/","og_locale":"lt_LT","og_type":"article","og_title":"Hills Prescription Diet\u00ae Gastrointestinal Biome tro\u0161kinys vir\u0161kinimo sistemai 82g.","og_description":"Vir\u0161kinimo problemos gali tur\u0117ti didel\u0119 \u012ftak\u0105 kat\u0117s savijautai ir gyvenimo kokybei. Tinkama mityba gali pad\u0117ti palaikyti \u017earnyno sveikat\u0105 ir suma\u017einti","og_url":"https:\/\/anivet.lt\/elparduotuve\/produktas\/hills-prescription-diet-gastrointestinal-biome-troskinys-virskinimo-sistemai-82g\/","og_site_name":"anivet.lt","article_modified_time":"2026-04-01T04:44:08+00:00","og_image":[{"width":768,"height":768,"url":"https:\/\/anivet.lt\/elparduotuve\/wp-content\/uploads\/2025\/02\/16-Hills-Prescription-Diet\u00ae-Gastrointestinal-Biome-82g-troskinys-virskinimo-sistemai.jpg","type":"image\/jpeg"}],"twitter_card":"summary_large_image","twitter_misc":{"Est. reading time":"1 minut\u0117"},"schema":{"@context":"https:\/\/schema.org","@graph":[{"@type":"WebPage","@id":"https:\/\/anivet.lt\/elparduotuve\/produktas\/hills-prescription-diet-gastrointestinal-biome-troskinys-virskinimo-sistemai-82g\/","url":"https:\/\/anivet.lt\/elparduotuve\/produktas\/hills-prescription-diet-gastrointestinal-biome-troskinys-virskinimo-sistemai-82g\/","name":"Hills Prescription Diet\u00ae Gastrointestinal Biome tro\u0161kinys vir\u0161kinimo sistemai 82g. - anivet.lt","isPartOf":{"@id":"https:\/\/anivet.lt\/elparduotuve\/#website"},"primaryImageOfPage":{"@id":"https:\/\/anivet.lt\/elparduotuve\/produktas\/hills-prescription-diet-gastrointestinal-biome-troskinys-virskinimo-sistemai-82g\/#primaryimage"},"image":{"@id":"https:\/\/anivet.lt\/elparduotuve\/produktas\/hills-prescription-diet-gastrointestinal-biome-troskinys-virskinimo-sistemai-82g\/#primaryimage"},"thumbnailUrl":"https:\/\/anivet.lt\/elparduotuve\/wp-content\/uploads\/2025\/02\/16-Hills-Prescription-Diet\u00ae-Gastrointestinal-Biome-82g-troskinys-virskinimo-sistemai.jpg","datePublished":"2025-02-09T13:04:16+00:00","dateModified":"2026-04-01T04:44:08+00:00","description":"Vir\u0161kinimo problemos gali tur\u0117ti didel\u0119 \u012ftak\u0105 kat\u0117s savijautai ir gyvenimo kokybei. Tinkama mityba gali pad\u0117ti palaikyti \u017earnyno sveikat\u0105 ir suma\u017einti","breadcrumb":{"@id":"https:\/\/anivet.lt\/elparduotuve\/produktas\/hills-prescription-diet-gastrointestinal-biome-troskinys-virskinimo-sistemai-82g\/#breadcrumb"},"inLanguage":"lt-LT","potentialAction":[{"@type":"ReadAction","target":["https:\/\/anivet.lt\/elparduotuve\/produktas\/hills-prescription-diet-gastrointestinal-biome-troskinys-virskinimo-sistemai-82g\/"]}]},{"@type":"ImageObject","inLanguage":"lt-LT","@id":"https:\/\/anivet.lt\/elparduotuve\/produktas\/hills-prescription-diet-gastrointestinal-biome-troskinys-virskinimo-sistemai-82g\/#primaryimage","url":"https:\/\/anivet.lt\/elparduotuve\/wp-content\/uploads\/2025\/02\/16-Hills-Prescription-Diet\u00ae-Gastrointestinal-Biome-82g-troskinys-virskinimo-sistemai.jpg","contentUrl":"https:\/\/anivet.lt\/elparduotuve\/wp-content\/uploads\/2025\/02\/16-Hills-Prescription-Diet\u00ae-Gastrointestinal-Biome-82g-troskinys-virskinimo-sistemai.jpg","width":768,"height":768,"caption":"Hills Prescription Diet\u00ae Gastrointestinal Biome tro\u0161kinys vir\u0161kinimo sistemai 82g."},{"@type":"BreadcrumbList","@id":"https:\/\/anivet.lt\/elparduotuve\/produktas\/hills-prescription-diet-gastrointestinal-biome-troskinys-virskinimo-sistemai-82g\/#breadcrumb","itemListElement":[{"@type":"ListItem","position":1,"name":"Home","item":"https:\/\/anivet.lt\/elparduotuve\/"},{"@type":"ListItem","position":2,"name":"Produktai","item":"https:\/\/anivet.lt\/elparduotuve\/produktai\/"},{"@type":"ListItem","position":3,"name":"Hills Prescription Diet\u00ae Gastrointestinal Biome tro\u0161kinys vir\u0161kinimo sistemai 82g."}]},{"@type":"WebSite","@id":"https:\/\/anivet.lt\/elparduotuve\/#website","url":"https:\/\/anivet.lt\/elparduotuve\/","name":"anivet.lt","description":"Viskas J\u016bs\u0173 \u0161uns, kat\u0117s prie\u017ei\u016brai","publisher":{"@id":"https:\/\/anivet.lt\/elparduotuve\/#organization"},"alternateName":"Viskas J\u016bs\u0173 \u0161uns, kat\u0117s prie\u017ei\u016brai","potentialAction":[{"@type":"SearchAction","target":{"@type":"EntryPoint","urlTemplate":"https:\/\/anivet.lt\/elparduotuve\/?s={search_term_string}"},"query-input":{"@type":"PropertyValueSpecification","valueRequired":true,"valueName":"search_term_string"}}],"inLanguage":"lt-LT"},{"@type":"Organization","@id":"https:\/\/anivet.lt\/elparduotuve\/#organization","name":"Viskas J\u016bs\u0173 \u0161uns, kat\u0117s prie\u017ei\u016brai","url":"https:\/\/anivet.lt\/elparduotuve\/","logo":{"@type":"ImageObject","inLanguage":"lt-LT","@id":"https:\/\/anivet.lt\/elparduotuve\/#\/schema\/logo\/image\/","url":"https:\/\/anivet.lt\/elparduotuve\/wp-content\/uploads\/2023\/06\/logo2.jpg","contentUrl":"https:\/\/anivet.lt\/elparduotuve\/wp-content\/uploads\/2023\/06\/logo2.jpg","width":655,"height":194,"caption":"Viskas J\u016bs\u0173 \u0161uns, kat\u0117s prie\u017ei\u016brai"},"image":{"@id":"https:\/\/anivet.lt\/elparduotuve\/#\/schema\/logo\/image\/"}}]}},"_links":{"self":[{"href":"https:\/\/anivet.lt\/elparduotuve\/wp-json\/wp\/v2\/product\/16581","targetHints":{"allow":["GET"]}}],"collection":[{"href":"https:\/\/anivet.lt\/elparduotuve\/wp-json\/wp\/v2\/product"}],"about":[{"href":"https:\/\/anivet.lt\/elparduotuve\/wp-json\/wp\/v2\/types\/product"}],"wp:featuredmedia":[{"embeddable":true,"href":"https:\/\/anivet.lt\/elparduotuve\/wp-json\/wp\/v2\/media\/16582"}],"wp:attachment":[{"href":"https:\/\/anivet.lt\/elparduotuve\/wp-json\/wp\/v2\/media?parent=16581"}],"wp:term":[{"taxonomy":"product_brand","embeddable":true,"href":"https:\/\/anivet.lt\/elparduotuve\/wp-json\/wp\/v2\/product_brand?post=16581"},{"taxonomy":"product_cat","embeddable":true,"href":"https:\/\/anivet.lt\/elparduotuve\/wp-json\/wp\/v2\/product_cat?post=16581"},{"taxonomy":"product_tag","embeddable":true,"href":"https:\/\/anivet.lt\/elparduotuve\/wp-json\/wp\/v2\/product_tag?post=16581"}],"curies":[{"name":"wp","href":"https:\/\/api.w.org\/{rel}","templated":true}]}}