{"id":16627,"date":"2025-02-14T12:47:46","date_gmt":"2025-02-14T12:47:46","guid":{"rendered":"https:\/\/anivet.lt\/elparduotuve\/?post_type=product&#038;p=16627"},"modified":"2025-05-27T13:35:56","modified_gmt":"2025-05-27T13:35:56","slug":"vetexpert-repair-sampunas-250ml-plaukus-atkuriantis","status":"publish","type":"product","link":"https:\/\/anivet.lt\/elparduotuve\/produktas\/vetexpert-repair-sampunas-250ml-plaukus-atkuriantis\/","title":{"rendered":"VetExpert Repair \u0161amp\u016bnas 250ml plaukus atkuriantis"},"content":{"rendered":"<p>Repair Shampoo sud\u0117tyje yra kondicionuojan\u010di\u0173 ingredient\u0173, kurie pagreitina regeneracij\u0105 ir pagerina odos bei kailio b\u016bkl\u0119. Atkuriamosios sudedamosios dalys stiprina plauko strukt\u016br\u0105 ir u\u017ekerta keli\u0105 plauk\u0173 slinkimui. D\u0117l to plaukai tampa blizgantys ir glotn\u016bs.<\/p>\n<ul>\n<li>Alantoinas &#8211; biologi\u0161kai aktyvi med\u017eiaga, pasi\u017eyminti raminamuoju ir regeneruojamuoju poveikiu. Turi dr\u0117kinam\u0105j\u012f poveik\u012f odai.<\/li>\n<li>Pantenolis &#8211; dr\u0117kinamoji med\u017eiaga, atliekanti svarb\u0173 vaidmen\u012f odos regeneracijai, skatinanti \u017eaizd\u0173 gijim\u0105 ir raminanti sudirgim\u0105. Kailis ir (arba) plaukai tampa blizgantys ir lengvai \u0161ukuojami.<\/li>\n<li>Arklio uosio ekstraktas &#8211; jame gausu silicio, \u017einomas d\u0117l savo savybi\u0173 stiprinti kail\u012f ir u\u017ekirsti keli\u0105 plauk\u0173 slinkimui.<\/li>\n<li>Keratinas &#8211; statybinis baltymas, esantis epidermyje ir plaukuose. Dr\u0117kina, gerina odos ir kailio b\u016bkl\u0119.<\/li>\n<\/ul>\n","protected":false},"excerpt":{"rendered":"<p>Atkuriamasis \u0161amp\u016bnas \u0161unims ir kat\u0117ms, kurio sud\u0117tyje yra \u0161velni\u0173 valom\u0173j\u0173 med\u017eiag\u0173, nedirginan\u010di\u0173 jautrios odos. Vis\u0173 pirma, \u0161amp\u016bnas pasi\u017eymi atkuriamuoju poveikiu kailiui. Jo naudojimas turi kondicionuojam\u0105j\u012f poveik\u012f plaukams.<\/p>\n","protected":false},"featured_media":16628,"template":"","meta":[],"product_brand":[],"product_cat":[101,109,120,102,108,119],"product_tag":[],"class_list":{"0":"post-16627","1":"product","2":"type-product","3":"status-publish","4":"has-post-thumbnail","6":"product_cat-sunims","7":"product_cat-sampunai-ir-kosmetika","8":"product_cat-sampunai-ir-kosmetika-prieziuros-priemones-katems","9":"product_cat-katems","10":"product_cat-prieziuros-priemones","11":"product_cat-prieziuros-priemones-katems","12":"pa_prekinis-zenklas-vetexpert","14":"first","15":"instock","16":"taxable","17":"shipping-taxable","18":"purchasable","19":"product-type-simple"},"yoast_head":"<!-- This site is optimized with the Yoast SEO Premium plugin v27.1 (Yoast SEO v27.5) - https:\/\/yoast.com\/product\/yoast-seo-premium-wordpress\/ -->\n<title>VetExpert Repair \u0161amp\u016bnas 250ml plaukus atkuriantis - anivet.lt<\/title>\n<meta name=\"description\" content=\"Atkuriamasis \u0161amp\u016bnas \u0161unims ir kat\u0117ms, kurio sud\u0117tyje yra \u0161velni\u0173 valom\u0173j\u0173 med\u017eiag\u0173, nedirginan\u010di\u0173 jautrios odos. Vis\u0173 pirma, \u0161amp\u016bnas pasi\u017eymi atkuriamuoju poveikiu kailiui. Jo naudojimas turi kondicionuojam\u0105j\u012f poveik\u012f plaukams.\" \/>\n<meta name=\"robots\" content=\"index, follow, max-snippet:-1, max-image-preview:large, max-video-preview:-1\" \/>\n<link rel=\"canonical\" href=\"https:\/\/anivet.lt\/elparduotuve\/produktas\/vetexpert-repair-sampunas-250ml-plaukus-atkuriantis\/\" \/>\n<meta property=\"og:locale\" content=\"lt_LT\" \/>\n<meta property=\"og:type\" content=\"article\" \/>\n<meta property=\"og:title\" content=\"VetExpert Repair \u0161amp\u016bnas 250ml plaukus atkuriantis\" \/>\n<meta property=\"og:description\" content=\"Atkuriamasis \u0161amp\u016bnas \u0161unims ir kat\u0117ms, kurio sud\u0117tyje yra \u0161velni\u0173 valom\u0173j\u0173 med\u017eiag\u0173, nedirginan\u010di\u0173 jautrios odos. Vis\u0173 pirma, \u0161amp\u016bnas pasi\u017eymi atkuriamuoju poveikiu kailiui. Jo naudojimas turi kondicionuojam\u0105j\u012f poveik\u012f plaukams.\" \/>\n<meta property=\"og:url\" content=\"https:\/\/anivet.lt\/elparduotuve\/produktas\/vetexpert-repair-sampunas-250ml-plaukus-atkuriantis\/\" \/>\n<meta property=\"og:site_name\" content=\"anivet.lt\" \/>\n<meta property=\"article:modified_time\" content=\"2025-05-27T13:35:56+00:00\" \/>\n<meta property=\"og:image\" content=\"https:\/\/anivet.lt\/elparduotuve\/wp-content\/uploads\/2025\/02\/VetExpert-REPAIR-250ml.jpg\" \/>\n\t<meta property=\"og:image:width\" content=\"1000\" \/>\n\t<meta property=\"og:image:height\" content=\"1414\" \/>\n\t<meta property=\"og:image:type\" content=\"image\/jpeg\" \/>\n<meta name=\"twitter:card\" content=\"summary_large_image\" \/>\n<meta name=\"twitter:label1\" content=\"Est. reading time\" \/>\n\t<meta name=\"twitter:data1\" content=\"1 minut\u0117\" \/>\n<script type=\"application\/ld+json\" class=\"yoast-schema-graph\">{\"@context\":\"https:\\\/\\\/schema.org\",\"@graph\":[{\"@type\":\"WebPage\",\"@id\":\"https:\\\/\\\/anivet.lt\\\/elparduotuve\\\/produktas\\\/vetexpert-repair-sampunas-250ml-plaukus-atkuriantis\\\/\",\"url\":\"https:\\\/\\\/anivet.lt\\\/elparduotuve\\\/produktas\\\/vetexpert-repair-sampunas-250ml-plaukus-atkuriantis\\\/\",\"name\":\"VetExpert Repair \u0161amp\u016bnas 250ml plaukus atkuriantis - anivet.lt\",\"isPartOf\":{\"@id\":\"https:\\\/\\\/anivet.lt\\\/elparduotuve\\\/#website\"},\"primaryImageOfPage\":{\"@id\":\"https:\\\/\\\/anivet.lt\\\/elparduotuve\\\/produktas\\\/vetexpert-repair-sampunas-250ml-plaukus-atkuriantis\\\/#primaryimage\"},\"image\":{\"@id\":\"https:\\\/\\\/anivet.lt\\\/elparduotuve\\\/produktas\\\/vetexpert-repair-sampunas-250ml-plaukus-atkuriantis\\\/#primaryimage\"},\"thumbnailUrl\":\"https:\\\/\\\/anivet.lt\\\/elparduotuve\\\/wp-content\\\/uploads\\\/2025\\\/02\\\/VetExpert-REPAIR-250ml.jpg\",\"datePublished\":\"2025-02-14T12:47:46+00:00\",\"dateModified\":\"2025-05-27T13:35:56+00:00\",\"description\":\"Atkuriamasis \u0161amp\u016bnas \u0161unims ir kat\u0117ms, kurio sud\u0117tyje yra \u0161velni\u0173 valom\u0173j\u0173 med\u017eiag\u0173, nedirginan\u010di\u0173 jautrios odos. Vis\u0173 pirma, \u0161amp\u016bnas pasi\u017eymi atkuriamuoju poveikiu kailiui. Jo naudojimas turi kondicionuojam\u0105j\u012f poveik\u012f plaukams.\",\"breadcrumb\":{\"@id\":\"https:\\\/\\\/anivet.lt\\\/elparduotuve\\\/produktas\\\/vetexpert-repair-sampunas-250ml-plaukus-atkuriantis\\\/#breadcrumb\"},\"inLanguage\":\"lt-LT\",\"potentialAction\":[{\"@type\":\"ReadAction\",\"target\":[\"https:\\\/\\\/anivet.lt\\\/elparduotuve\\\/produktas\\\/vetexpert-repair-sampunas-250ml-plaukus-atkuriantis\\\/\"]}]},{\"@type\":\"ImageObject\",\"inLanguage\":\"lt-LT\",\"@id\":\"https:\\\/\\\/anivet.lt\\\/elparduotuve\\\/produktas\\\/vetexpert-repair-sampunas-250ml-plaukus-atkuriantis\\\/#primaryimage\",\"url\":\"https:\\\/\\\/anivet.lt\\\/elparduotuve\\\/wp-content\\\/uploads\\\/2025\\\/02\\\/VetExpert-REPAIR-250ml.jpg\",\"contentUrl\":\"https:\\\/\\\/anivet.lt\\\/elparduotuve\\\/wp-content\\\/uploads\\\/2025\\\/02\\\/VetExpert-REPAIR-250ml.jpg\",\"width\":1000,\"height\":1414,\"caption\":\"VetExpert Repair \u0161amp\u016bnas 250ml plaukus atkuriantis\"},{\"@type\":\"BreadcrumbList\",\"@id\":\"https:\\\/\\\/anivet.lt\\\/elparduotuve\\\/produktas\\\/vetexpert-repair-sampunas-250ml-plaukus-atkuriantis\\\/#breadcrumb\",\"itemListElement\":[{\"@type\":\"ListItem\",\"position\":1,\"name\":\"Home\",\"item\":\"https:\\\/\\\/anivet.lt\\\/elparduotuve\\\/\"},{\"@type\":\"ListItem\",\"position\":2,\"name\":\"Produktai\",\"item\":\"https:\\\/\\\/anivet.lt\\\/elparduotuve\\\/produktai\\\/\"},{\"@type\":\"ListItem\",\"position\":3,\"name\":\"VetExpert Repair \u0161amp\u016bnas 250ml plaukus atkuriantis\"}]},{\"@type\":\"WebSite\",\"@id\":\"https:\\\/\\\/anivet.lt\\\/elparduotuve\\\/#website\",\"url\":\"https:\\\/\\\/anivet.lt\\\/elparduotuve\\\/\",\"name\":\"anivet.lt\",\"description\":\"Viskas J\u016bs\u0173 \u0161uns, kat\u0117s prie\u017ei\u016brai\",\"publisher\":{\"@id\":\"https:\\\/\\\/anivet.lt\\\/elparduotuve\\\/#organization\"},\"alternateName\":\"Viskas J\u016bs\u0173 \u0161uns, kat\u0117s prie\u017ei\u016brai\",\"potentialAction\":[{\"@type\":\"SearchAction\",\"target\":{\"@type\":\"EntryPoint\",\"urlTemplate\":\"https:\\\/\\\/anivet.lt\\\/elparduotuve\\\/?s={search_term_string}\"},\"query-input\":{\"@type\":\"PropertyValueSpecification\",\"valueRequired\":true,\"valueName\":\"search_term_string\"}}],\"inLanguage\":\"lt-LT\"},{\"@type\":\"Organization\",\"@id\":\"https:\\\/\\\/anivet.lt\\\/elparduotuve\\\/#organization\",\"name\":\"Viskas J\u016bs\u0173 \u0161uns, kat\u0117s prie\u017ei\u016brai\",\"url\":\"https:\\\/\\\/anivet.lt\\\/elparduotuve\\\/\",\"logo\":{\"@type\":\"ImageObject\",\"inLanguage\":\"lt-LT\",\"@id\":\"https:\\\/\\\/anivet.lt\\\/elparduotuve\\\/#\\\/schema\\\/logo\\\/image\\\/\",\"url\":\"https:\\\/\\\/anivet.lt\\\/elparduotuve\\\/wp-content\\\/uploads\\\/2023\\\/06\\\/logo2.jpg\",\"contentUrl\":\"https:\\\/\\\/anivet.lt\\\/elparduotuve\\\/wp-content\\\/uploads\\\/2023\\\/06\\\/logo2.jpg\",\"width\":655,\"height\":194,\"caption\":\"Viskas J\u016bs\u0173 \u0161uns, kat\u0117s prie\u017ei\u016brai\"},\"image\":{\"@id\":\"https:\\\/\\\/anivet.lt\\\/elparduotuve\\\/#\\\/schema\\\/logo\\\/image\\\/\"}}]}<\/script>\n<!-- \/ Yoast SEO Premium plugin. -->","yoast_head_json":{"title":"VetExpert Repair \u0161amp\u016bnas 250ml plaukus atkuriantis - anivet.lt","description":"Atkuriamasis \u0161amp\u016bnas \u0161unims ir kat\u0117ms, kurio sud\u0117tyje yra \u0161velni\u0173 valom\u0173j\u0173 med\u017eiag\u0173, nedirginan\u010di\u0173 jautrios odos. Vis\u0173 pirma, \u0161amp\u016bnas pasi\u017eymi atkuriamuoju poveikiu kailiui. Jo naudojimas turi kondicionuojam\u0105j\u012f poveik\u012f plaukams.","robots":{"index":"index","follow":"follow","max-snippet":"max-snippet:-1","max-image-preview":"max-image-preview:large","max-video-preview":"max-video-preview:-1"},"canonical":"https:\/\/anivet.lt\/elparduotuve\/produktas\/vetexpert-repair-sampunas-250ml-plaukus-atkuriantis\/","og_locale":"lt_LT","og_type":"article","og_title":"VetExpert Repair \u0161amp\u016bnas 250ml plaukus atkuriantis","og_description":"Atkuriamasis \u0161amp\u016bnas \u0161unims ir kat\u0117ms, kurio sud\u0117tyje yra \u0161velni\u0173 valom\u0173j\u0173 med\u017eiag\u0173, nedirginan\u010di\u0173 jautrios odos. Vis\u0173 pirma, \u0161amp\u016bnas pasi\u017eymi atkuriamuoju poveikiu kailiui. Jo naudojimas turi kondicionuojam\u0105j\u012f poveik\u012f plaukams.","og_url":"https:\/\/anivet.lt\/elparduotuve\/produktas\/vetexpert-repair-sampunas-250ml-plaukus-atkuriantis\/","og_site_name":"anivet.lt","article_modified_time":"2025-05-27T13:35:56+00:00","og_image":[{"width":1000,"height":1414,"url":"https:\/\/anivet.lt\/elparduotuve\/wp-content\/uploads\/2025\/02\/VetExpert-REPAIR-250ml.jpg","type":"image\/jpeg"}],"twitter_card":"summary_large_image","twitter_misc":{"Est. reading time":"1 minut\u0117"},"schema":{"@context":"https:\/\/schema.org","@graph":[{"@type":"WebPage","@id":"https:\/\/anivet.lt\/elparduotuve\/produktas\/vetexpert-repair-sampunas-250ml-plaukus-atkuriantis\/","url":"https:\/\/anivet.lt\/elparduotuve\/produktas\/vetexpert-repair-sampunas-250ml-plaukus-atkuriantis\/","name":"VetExpert Repair \u0161amp\u016bnas 250ml plaukus atkuriantis - anivet.lt","isPartOf":{"@id":"https:\/\/anivet.lt\/elparduotuve\/#website"},"primaryImageOfPage":{"@id":"https:\/\/anivet.lt\/elparduotuve\/produktas\/vetexpert-repair-sampunas-250ml-plaukus-atkuriantis\/#primaryimage"},"image":{"@id":"https:\/\/anivet.lt\/elparduotuve\/produktas\/vetexpert-repair-sampunas-250ml-plaukus-atkuriantis\/#primaryimage"},"thumbnailUrl":"https:\/\/anivet.lt\/elparduotuve\/wp-content\/uploads\/2025\/02\/VetExpert-REPAIR-250ml.jpg","datePublished":"2025-02-14T12:47:46+00:00","dateModified":"2025-05-27T13:35:56+00:00","description":"Atkuriamasis \u0161amp\u016bnas \u0161unims ir kat\u0117ms, kurio sud\u0117tyje yra \u0161velni\u0173 valom\u0173j\u0173 med\u017eiag\u0173, nedirginan\u010di\u0173 jautrios odos. Vis\u0173 pirma, \u0161amp\u016bnas pasi\u017eymi atkuriamuoju poveikiu kailiui. Jo naudojimas turi kondicionuojam\u0105j\u012f poveik\u012f plaukams.","breadcrumb":{"@id":"https:\/\/anivet.lt\/elparduotuve\/produktas\/vetexpert-repair-sampunas-250ml-plaukus-atkuriantis\/#breadcrumb"},"inLanguage":"lt-LT","potentialAction":[{"@type":"ReadAction","target":["https:\/\/anivet.lt\/elparduotuve\/produktas\/vetexpert-repair-sampunas-250ml-plaukus-atkuriantis\/"]}]},{"@type":"ImageObject","inLanguage":"lt-LT","@id":"https:\/\/anivet.lt\/elparduotuve\/produktas\/vetexpert-repair-sampunas-250ml-plaukus-atkuriantis\/#primaryimage","url":"https:\/\/anivet.lt\/elparduotuve\/wp-content\/uploads\/2025\/02\/VetExpert-REPAIR-250ml.jpg","contentUrl":"https:\/\/anivet.lt\/elparduotuve\/wp-content\/uploads\/2025\/02\/VetExpert-REPAIR-250ml.jpg","width":1000,"height":1414,"caption":"VetExpert Repair \u0161amp\u016bnas 250ml plaukus atkuriantis"},{"@type":"BreadcrumbList","@id":"https:\/\/anivet.lt\/elparduotuve\/produktas\/vetexpert-repair-sampunas-250ml-plaukus-atkuriantis\/#breadcrumb","itemListElement":[{"@type":"ListItem","position":1,"name":"Home","item":"https:\/\/anivet.lt\/elparduotuve\/"},{"@type":"ListItem","position":2,"name":"Produktai","item":"https:\/\/anivet.lt\/elparduotuve\/produktai\/"},{"@type":"ListItem","position":3,"name":"VetExpert Repair \u0161amp\u016bnas 250ml plaukus atkuriantis"}]},{"@type":"WebSite","@id":"https:\/\/anivet.lt\/elparduotuve\/#website","url":"https:\/\/anivet.lt\/elparduotuve\/","name":"anivet.lt","description":"Viskas J\u016bs\u0173 \u0161uns, kat\u0117s prie\u017ei\u016brai","publisher":{"@id":"https:\/\/anivet.lt\/elparduotuve\/#organization"},"alternateName":"Viskas J\u016bs\u0173 \u0161uns, kat\u0117s prie\u017ei\u016brai","potentialAction":[{"@type":"SearchAction","target":{"@type":"EntryPoint","urlTemplate":"https:\/\/anivet.lt\/elparduotuve\/?s={search_term_string}"},"query-input":{"@type":"PropertyValueSpecification","valueRequired":true,"valueName":"search_term_string"}}],"inLanguage":"lt-LT"},{"@type":"Organization","@id":"https:\/\/anivet.lt\/elparduotuve\/#organization","name":"Viskas J\u016bs\u0173 \u0161uns, kat\u0117s prie\u017ei\u016brai","url":"https:\/\/anivet.lt\/elparduotuve\/","logo":{"@type":"ImageObject","inLanguage":"lt-LT","@id":"https:\/\/anivet.lt\/elparduotuve\/#\/schema\/logo\/image\/","url":"https:\/\/anivet.lt\/elparduotuve\/wp-content\/uploads\/2023\/06\/logo2.jpg","contentUrl":"https:\/\/anivet.lt\/elparduotuve\/wp-content\/uploads\/2023\/06\/logo2.jpg","width":655,"height":194,"caption":"Viskas J\u016bs\u0173 \u0161uns, kat\u0117s prie\u017ei\u016brai"},"image":{"@id":"https:\/\/anivet.lt\/elparduotuve\/#\/schema\/logo\/image\/"}}]}},"_links":{"self":[{"href":"https:\/\/anivet.lt\/elparduotuve\/wp-json\/wp\/v2\/product\/16627","targetHints":{"allow":["GET"]}}],"collection":[{"href":"https:\/\/anivet.lt\/elparduotuve\/wp-json\/wp\/v2\/product"}],"about":[{"href":"https:\/\/anivet.lt\/elparduotuve\/wp-json\/wp\/v2\/types\/product"}],"wp:featuredmedia":[{"embeddable":true,"href":"https:\/\/anivet.lt\/elparduotuve\/wp-json\/wp\/v2\/media\/16628"}],"wp:attachment":[{"href":"https:\/\/anivet.lt\/elparduotuve\/wp-json\/wp\/v2\/media?parent=16627"}],"wp:term":[{"taxonomy":"product_brand","embeddable":true,"href":"https:\/\/anivet.lt\/elparduotuve\/wp-json\/wp\/v2\/product_brand?post=16627"},{"taxonomy":"product_cat","embeddable":true,"href":"https:\/\/anivet.lt\/elparduotuve\/wp-json\/wp\/v2\/product_cat?post=16627"},{"taxonomy":"product_tag","embeddable":true,"href":"https:\/\/anivet.lt\/elparduotuve\/wp-json\/wp\/v2\/product_tag?post=16627"}],"curies":[{"name":"wp","href":"https:\/\/api.w.org\/{rel}","templated":true}]}}