{"id":16629,"date":"2025-02-14T12:55:49","date_gmt":"2025-02-14T12:55:49","guid":{"rendered":"https:\/\/anivet.lt\/elparduotuve\/?post_type=product&#038;p=16629"},"modified":"2025-05-27T13:35:57","modified_gmt":"2025-05-27T13:35:57","slug":"vetexpert-sampunas-hypoalergenic-250ml-turintiems-jautria-oda","status":"publish","type":"product","link":"https:\/\/anivet.lt\/elparduotuve\/produktas\/vetexpert-sampunas-hypoalergenic-250ml-turintiems-jautria-oda\/","title":{"rendered":"VetExpert \u0161amp\u016bnas HYPOALERGENIC 250ml turintiems jautri\u0105 od\u0105"},"content":{"rendered":"<p>Sud\u0117tyje yra \u0161velni\u0173 valom\u0173j\u0173 med\u017eiag\u0173 ir mink\u0161tikli\u0173, kurio pagrind\u0105 sudaro nat\u016bral\u016bs ingredientais. Sud\u0117tyje n\u0117ra silikon\u0173 ir dirbtini\u0173 kvapikli\u0173, pritaikytas \u0161un\u0173 ir ka\u010di\u0173 odos poreikiams, kad j\u0105 puosel\u0117t\u0173 ir nedirgint\u0173. Hipoalerginio \u0161amp\u016bno sud\u0117tyje yra labai \u0161velni\u0173 pavir\u0161inio aktyvumo med\u017eiag\u0173 ir mink\u0161tinam\u0173j\u0173 med\u017eiag\u0173, taip pat ir dr\u0117kinam\u0173j\u0173.<\/p>\n<ul>\n<li>Avi\u017e\u0173 branduoli\u0173 ekstraktas &#8211; mink\u0161tiklis, pasi\u017eymintis raminamuoju ir od\u0105 puosel\u0117jan\u010diu poveikiu.<\/li>\n<li>Alantoinas &#8211; biologi\u0161kai aktyvi med\u017eiaga, pasi\u017eyminti raminamuoju ir regeneruojamuoju poveikiu, skatina l\u0105steli\u0173 dalijim\u0105si ir augim\u0105. Turi dr\u0117kinam\u0105j\u012f poveik\u012f odai.<\/li>\n<li>Pantenolis &#8211; dr\u0117kinamoji med\u017eiaga, atliekanti svarb\u0173 vaidmen\u012f odos regeneracijai, skatinanti \u017eaizd\u0173 gijim\u0105 ir raminanti sudirgim\u0105.<\/li>\n<li>Lanolinas &#8211; mink\u0161tiklis, turintis apsaugin\u012f ir sutepam\u0105j\u012f poveik\u012f odai.<\/li>\n<li>Emolientai &#8211; med\u017eiagos, kurios sutepa, mink\u0161tina ir \u0161velnina od\u0105. Netiesiogiai dr\u0117kina ribodami vandens netekim\u0105 nuo odos pavir\u0161iaus.<\/li>\n<\/ul>\n","protected":false},"excerpt":{"rendered":"<p>Dermokosmetinis \u0161amp\u016bnas su avi\u017e\u0173 branduoli\u0173 ekstraktu, skirtas \u0161unims ir kat\u0117ms, kuri\u0173 oda jautri, linkusi dirginti, \u012fjautrinti, i\u0161saus\u0117ti arba netoleruoja kit\u0173 \u0161amp\u016bn\u0173. Galima naudoti \u0161uniukams ir ka\u010diukams.<\/p>\n","protected":false},"featured_media":16630,"template":"","meta":[],"product_brand":[],"product_cat":[101,109,120,102,108,119],"product_tag":[],"class_list":{"0":"post-16629","1":"product","2":"type-product","3":"status-publish","4":"has-post-thumbnail","6":"product_cat-sunims","7":"product_cat-sampunai-ir-kosmetika","8":"product_cat-sampunai-ir-kosmetika-prieziuros-priemones-katems","9":"product_cat-katems","10":"product_cat-prieziuros-priemones","11":"product_cat-prieziuros-priemones-katems","12":"pa_prekinis-zenklas-vetexpert","14":"first","15":"instock","16":"taxable","17":"shipping-taxable","18":"purchasable","19":"product-type-simple"},"yoast_head":"<!-- This site is optimized with the Yoast SEO Premium plugin v27.1 (Yoast SEO v27.5) - https:\/\/yoast.com\/product\/yoast-seo-premium-wordpress\/ -->\n<title>VetExpert \u0161amp\u016bnas HYPOALERGENIC 250ml turintiems jautri\u0105 od\u0105 - anivet.lt<\/title>\n<meta name=\"description\" content=\"Dermokosmetinis \u0161amp\u016bnas su avi\u017e\u0173 branduoli\u0173 ekstraktu, skirtas \u0161unims ir kat\u0117ms, kuri\u0173 oda jautri, linkusi dirginti, \u012fjautrinti, i\u0161saus\u0117ti arba netoleruoja kit\u0173 \u0161amp\u016bn\u0173. Galima naudoti \u0161uniukams ir ka\u010diukams.\" \/>\n<meta name=\"robots\" content=\"index, follow, max-snippet:-1, max-image-preview:large, max-video-preview:-1\" \/>\n<link rel=\"canonical\" href=\"https:\/\/anivet.lt\/elparduotuve\/produktas\/vetexpert-sampunas-hypoalergenic-250ml-turintiems-jautria-oda\/\" \/>\n<meta property=\"og:locale\" content=\"lt_LT\" \/>\n<meta property=\"og:type\" content=\"article\" \/>\n<meta property=\"og:title\" content=\"VetExpert \u0161amp\u016bnas HYPOALERGENIC 250ml turintiems jautri\u0105 od\u0105\" \/>\n<meta property=\"og:description\" content=\"Dermokosmetinis \u0161amp\u016bnas su avi\u017e\u0173 branduoli\u0173 ekstraktu, skirtas \u0161unims ir kat\u0117ms, kuri\u0173 oda jautri, linkusi dirginti, \u012fjautrinti, i\u0161saus\u0117ti arba netoleruoja kit\u0173 \u0161amp\u016bn\u0173. Galima naudoti \u0161uniukams ir ka\u010diukams.\" \/>\n<meta property=\"og:url\" content=\"https:\/\/anivet.lt\/elparduotuve\/produktas\/vetexpert-sampunas-hypoalergenic-250ml-turintiems-jautria-oda\/\" \/>\n<meta property=\"og:site_name\" content=\"anivet.lt\" \/>\n<meta property=\"article:modified_time\" content=\"2025-05-27T13:35:57+00:00\" \/>\n<meta property=\"og:image\" content=\"https:\/\/anivet.lt\/elparduotuve\/wp-content\/uploads\/2025\/02\/VetExpert-HYPOALERGENIC-250ml.jpg\" \/>\n\t<meta property=\"og:image:width\" content=\"1000\" \/>\n\t<meta property=\"og:image:height\" content=\"1414\" \/>\n\t<meta property=\"og:image:type\" content=\"image\/jpeg\" \/>\n<meta name=\"twitter:card\" content=\"summary_large_image\" \/>\n<meta name=\"twitter:label1\" content=\"Est. reading time\" \/>\n\t<meta name=\"twitter:data1\" content=\"1 minut\u0117\" \/>\n<script type=\"application\/ld+json\" class=\"yoast-schema-graph\">{\"@context\":\"https:\\\/\\\/schema.org\",\"@graph\":[{\"@type\":\"WebPage\",\"@id\":\"https:\\\/\\\/anivet.lt\\\/elparduotuve\\\/produktas\\\/vetexpert-sampunas-hypoalergenic-250ml-turintiems-jautria-oda\\\/\",\"url\":\"https:\\\/\\\/anivet.lt\\\/elparduotuve\\\/produktas\\\/vetexpert-sampunas-hypoalergenic-250ml-turintiems-jautria-oda\\\/\",\"name\":\"VetExpert \u0161amp\u016bnas HYPOALERGENIC 250ml turintiems jautri\u0105 od\u0105 - anivet.lt\",\"isPartOf\":{\"@id\":\"https:\\\/\\\/anivet.lt\\\/elparduotuve\\\/#website\"},\"primaryImageOfPage\":{\"@id\":\"https:\\\/\\\/anivet.lt\\\/elparduotuve\\\/produktas\\\/vetexpert-sampunas-hypoalergenic-250ml-turintiems-jautria-oda\\\/#primaryimage\"},\"image\":{\"@id\":\"https:\\\/\\\/anivet.lt\\\/elparduotuve\\\/produktas\\\/vetexpert-sampunas-hypoalergenic-250ml-turintiems-jautria-oda\\\/#primaryimage\"},\"thumbnailUrl\":\"https:\\\/\\\/anivet.lt\\\/elparduotuve\\\/wp-content\\\/uploads\\\/2025\\\/02\\\/VetExpert-HYPOALERGENIC-250ml.jpg\",\"datePublished\":\"2025-02-14T12:55:49+00:00\",\"dateModified\":\"2025-05-27T13:35:57+00:00\",\"description\":\"Dermokosmetinis \u0161amp\u016bnas su avi\u017e\u0173 branduoli\u0173 ekstraktu, skirtas \u0161unims ir kat\u0117ms, kuri\u0173 oda jautri, linkusi dirginti, \u012fjautrinti, i\u0161saus\u0117ti arba netoleruoja kit\u0173 \u0161amp\u016bn\u0173. Galima naudoti \u0161uniukams ir ka\u010diukams.\",\"breadcrumb\":{\"@id\":\"https:\\\/\\\/anivet.lt\\\/elparduotuve\\\/produktas\\\/vetexpert-sampunas-hypoalergenic-250ml-turintiems-jautria-oda\\\/#breadcrumb\"},\"inLanguage\":\"lt-LT\",\"potentialAction\":[{\"@type\":\"ReadAction\",\"target\":[\"https:\\\/\\\/anivet.lt\\\/elparduotuve\\\/produktas\\\/vetexpert-sampunas-hypoalergenic-250ml-turintiems-jautria-oda\\\/\"]}]},{\"@type\":\"ImageObject\",\"inLanguage\":\"lt-LT\",\"@id\":\"https:\\\/\\\/anivet.lt\\\/elparduotuve\\\/produktas\\\/vetexpert-sampunas-hypoalergenic-250ml-turintiems-jautria-oda\\\/#primaryimage\",\"url\":\"https:\\\/\\\/anivet.lt\\\/elparduotuve\\\/wp-content\\\/uploads\\\/2025\\\/02\\\/VetExpert-HYPOALERGENIC-250ml.jpg\",\"contentUrl\":\"https:\\\/\\\/anivet.lt\\\/elparduotuve\\\/wp-content\\\/uploads\\\/2025\\\/02\\\/VetExpert-HYPOALERGENIC-250ml.jpg\",\"width\":1000,\"height\":1414,\"caption\":\"VetExpert \u0161amp\u016bnas HYPOALERGENIC 250ml turintiems jautri\u0105 od\u0105\"},{\"@type\":\"BreadcrumbList\",\"@id\":\"https:\\\/\\\/anivet.lt\\\/elparduotuve\\\/produktas\\\/vetexpert-sampunas-hypoalergenic-250ml-turintiems-jautria-oda\\\/#breadcrumb\",\"itemListElement\":[{\"@type\":\"ListItem\",\"position\":1,\"name\":\"Home\",\"item\":\"https:\\\/\\\/anivet.lt\\\/elparduotuve\\\/\"},{\"@type\":\"ListItem\",\"position\":2,\"name\":\"Produktai\",\"item\":\"https:\\\/\\\/anivet.lt\\\/elparduotuve\\\/produktai\\\/\"},{\"@type\":\"ListItem\",\"position\":3,\"name\":\"VetExpert \u0161amp\u016bnas HYPOALERGENIC 250ml turintiems jautri\u0105 od\u0105\"}]},{\"@type\":\"WebSite\",\"@id\":\"https:\\\/\\\/anivet.lt\\\/elparduotuve\\\/#website\",\"url\":\"https:\\\/\\\/anivet.lt\\\/elparduotuve\\\/\",\"name\":\"anivet.lt\",\"description\":\"Viskas J\u016bs\u0173 \u0161uns, kat\u0117s prie\u017ei\u016brai\",\"publisher\":{\"@id\":\"https:\\\/\\\/anivet.lt\\\/elparduotuve\\\/#organization\"},\"alternateName\":\"Viskas J\u016bs\u0173 \u0161uns, kat\u0117s prie\u017ei\u016brai\",\"potentialAction\":[{\"@type\":\"SearchAction\",\"target\":{\"@type\":\"EntryPoint\",\"urlTemplate\":\"https:\\\/\\\/anivet.lt\\\/elparduotuve\\\/?s={search_term_string}\"},\"query-input\":{\"@type\":\"PropertyValueSpecification\",\"valueRequired\":true,\"valueName\":\"search_term_string\"}}],\"inLanguage\":\"lt-LT\"},{\"@type\":\"Organization\",\"@id\":\"https:\\\/\\\/anivet.lt\\\/elparduotuve\\\/#organization\",\"name\":\"Viskas J\u016bs\u0173 \u0161uns, kat\u0117s prie\u017ei\u016brai\",\"url\":\"https:\\\/\\\/anivet.lt\\\/elparduotuve\\\/\",\"logo\":{\"@type\":\"ImageObject\",\"inLanguage\":\"lt-LT\",\"@id\":\"https:\\\/\\\/anivet.lt\\\/elparduotuve\\\/#\\\/schema\\\/logo\\\/image\\\/\",\"url\":\"https:\\\/\\\/anivet.lt\\\/elparduotuve\\\/wp-content\\\/uploads\\\/2023\\\/06\\\/logo2.jpg\",\"contentUrl\":\"https:\\\/\\\/anivet.lt\\\/elparduotuve\\\/wp-content\\\/uploads\\\/2023\\\/06\\\/logo2.jpg\",\"width\":655,\"height\":194,\"caption\":\"Viskas J\u016bs\u0173 \u0161uns, kat\u0117s prie\u017ei\u016brai\"},\"image\":{\"@id\":\"https:\\\/\\\/anivet.lt\\\/elparduotuve\\\/#\\\/schema\\\/logo\\\/image\\\/\"}}]}<\/script>\n<!-- \/ Yoast SEO Premium plugin. -->","yoast_head_json":{"title":"VetExpert \u0161amp\u016bnas HYPOALERGENIC 250ml turintiems jautri\u0105 od\u0105 - anivet.lt","description":"Dermokosmetinis \u0161amp\u016bnas su avi\u017e\u0173 branduoli\u0173 ekstraktu, skirtas \u0161unims ir kat\u0117ms, kuri\u0173 oda jautri, linkusi dirginti, \u012fjautrinti, i\u0161saus\u0117ti arba netoleruoja kit\u0173 \u0161amp\u016bn\u0173. Galima naudoti \u0161uniukams ir ka\u010diukams.","robots":{"index":"index","follow":"follow","max-snippet":"max-snippet:-1","max-image-preview":"max-image-preview:large","max-video-preview":"max-video-preview:-1"},"canonical":"https:\/\/anivet.lt\/elparduotuve\/produktas\/vetexpert-sampunas-hypoalergenic-250ml-turintiems-jautria-oda\/","og_locale":"lt_LT","og_type":"article","og_title":"VetExpert \u0161amp\u016bnas HYPOALERGENIC 250ml turintiems jautri\u0105 od\u0105","og_description":"Dermokosmetinis \u0161amp\u016bnas su avi\u017e\u0173 branduoli\u0173 ekstraktu, skirtas \u0161unims ir kat\u0117ms, kuri\u0173 oda jautri, linkusi dirginti, \u012fjautrinti, i\u0161saus\u0117ti arba netoleruoja kit\u0173 \u0161amp\u016bn\u0173. Galima naudoti \u0161uniukams ir ka\u010diukams.","og_url":"https:\/\/anivet.lt\/elparduotuve\/produktas\/vetexpert-sampunas-hypoalergenic-250ml-turintiems-jautria-oda\/","og_site_name":"anivet.lt","article_modified_time":"2025-05-27T13:35:57+00:00","og_image":[{"width":1000,"height":1414,"url":"https:\/\/anivet.lt\/elparduotuve\/wp-content\/uploads\/2025\/02\/VetExpert-HYPOALERGENIC-250ml.jpg","type":"image\/jpeg"}],"twitter_card":"summary_large_image","twitter_misc":{"Est. reading time":"1 minut\u0117"},"schema":{"@context":"https:\/\/schema.org","@graph":[{"@type":"WebPage","@id":"https:\/\/anivet.lt\/elparduotuve\/produktas\/vetexpert-sampunas-hypoalergenic-250ml-turintiems-jautria-oda\/","url":"https:\/\/anivet.lt\/elparduotuve\/produktas\/vetexpert-sampunas-hypoalergenic-250ml-turintiems-jautria-oda\/","name":"VetExpert \u0161amp\u016bnas HYPOALERGENIC 250ml turintiems jautri\u0105 od\u0105 - anivet.lt","isPartOf":{"@id":"https:\/\/anivet.lt\/elparduotuve\/#website"},"primaryImageOfPage":{"@id":"https:\/\/anivet.lt\/elparduotuve\/produktas\/vetexpert-sampunas-hypoalergenic-250ml-turintiems-jautria-oda\/#primaryimage"},"image":{"@id":"https:\/\/anivet.lt\/elparduotuve\/produktas\/vetexpert-sampunas-hypoalergenic-250ml-turintiems-jautria-oda\/#primaryimage"},"thumbnailUrl":"https:\/\/anivet.lt\/elparduotuve\/wp-content\/uploads\/2025\/02\/VetExpert-HYPOALERGENIC-250ml.jpg","datePublished":"2025-02-14T12:55:49+00:00","dateModified":"2025-05-27T13:35:57+00:00","description":"Dermokosmetinis \u0161amp\u016bnas su avi\u017e\u0173 branduoli\u0173 ekstraktu, skirtas \u0161unims ir kat\u0117ms, kuri\u0173 oda jautri, linkusi dirginti, \u012fjautrinti, i\u0161saus\u0117ti arba netoleruoja kit\u0173 \u0161amp\u016bn\u0173. Galima naudoti \u0161uniukams ir ka\u010diukams.","breadcrumb":{"@id":"https:\/\/anivet.lt\/elparduotuve\/produktas\/vetexpert-sampunas-hypoalergenic-250ml-turintiems-jautria-oda\/#breadcrumb"},"inLanguage":"lt-LT","potentialAction":[{"@type":"ReadAction","target":["https:\/\/anivet.lt\/elparduotuve\/produktas\/vetexpert-sampunas-hypoalergenic-250ml-turintiems-jautria-oda\/"]}]},{"@type":"ImageObject","inLanguage":"lt-LT","@id":"https:\/\/anivet.lt\/elparduotuve\/produktas\/vetexpert-sampunas-hypoalergenic-250ml-turintiems-jautria-oda\/#primaryimage","url":"https:\/\/anivet.lt\/elparduotuve\/wp-content\/uploads\/2025\/02\/VetExpert-HYPOALERGENIC-250ml.jpg","contentUrl":"https:\/\/anivet.lt\/elparduotuve\/wp-content\/uploads\/2025\/02\/VetExpert-HYPOALERGENIC-250ml.jpg","width":1000,"height":1414,"caption":"VetExpert \u0161amp\u016bnas HYPOALERGENIC 250ml turintiems jautri\u0105 od\u0105"},{"@type":"BreadcrumbList","@id":"https:\/\/anivet.lt\/elparduotuve\/produktas\/vetexpert-sampunas-hypoalergenic-250ml-turintiems-jautria-oda\/#breadcrumb","itemListElement":[{"@type":"ListItem","position":1,"name":"Home","item":"https:\/\/anivet.lt\/elparduotuve\/"},{"@type":"ListItem","position":2,"name":"Produktai","item":"https:\/\/anivet.lt\/elparduotuve\/produktai\/"},{"@type":"ListItem","position":3,"name":"VetExpert \u0161amp\u016bnas HYPOALERGENIC 250ml turintiems jautri\u0105 od\u0105"}]},{"@type":"WebSite","@id":"https:\/\/anivet.lt\/elparduotuve\/#website","url":"https:\/\/anivet.lt\/elparduotuve\/","name":"anivet.lt","description":"Viskas J\u016bs\u0173 \u0161uns, kat\u0117s prie\u017ei\u016brai","publisher":{"@id":"https:\/\/anivet.lt\/elparduotuve\/#organization"},"alternateName":"Viskas J\u016bs\u0173 \u0161uns, kat\u0117s prie\u017ei\u016brai","potentialAction":[{"@type":"SearchAction","target":{"@type":"EntryPoint","urlTemplate":"https:\/\/anivet.lt\/elparduotuve\/?s={search_term_string}"},"query-input":{"@type":"PropertyValueSpecification","valueRequired":true,"valueName":"search_term_string"}}],"inLanguage":"lt-LT"},{"@type":"Organization","@id":"https:\/\/anivet.lt\/elparduotuve\/#organization","name":"Viskas J\u016bs\u0173 \u0161uns, kat\u0117s prie\u017ei\u016brai","url":"https:\/\/anivet.lt\/elparduotuve\/","logo":{"@type":"ImageObject","inLanguage":"lt-LT","@id":"https:\/\/anivet.lt\/elparduotuve\/#\/schema\/logo\/image\/","url":"https:\/\/anivet.lt\/elparduotuve\/wp-content\/uploads\/2023\/06\/logo2.jpg","contentUrl":"https:\/\/anivet.lt\/elparduotuve\/wp-content\/uploads\/2023\/06\/logo2.jpg","width":655,"height":194,"caption":"Viskas J\u016bs\u0173 \u0161uns, kat\u0117s prie\u017ei\u016brai"},"image":{"@id":"https:\/\/anivet.lt\/elparduotuve\/#\/schema\/logo\/image\/"}}]}},"_links":{"self":[{"href":"https:\/\/anivet.lt\/elparduotuve\/wp-json\/wp\/v2\/product\/16629","targetHints":{"allow":["GET"]}}],"collection":[{"href":"https:\/\/anivet.lt\/elparduotuve\/wp-json\/wp\/v2\/product"}],"about":[{"href":"https:\/\/anivet.lt\/elparduotuve\/wp-json\/wp\/v2\/types\/product"}],"wp:featuredmedia":[{"embeddable":true,"href":"https:\/\/anivet.lt\/elparduotuve\/wp-json\/wp\/v2\/media\/16630"}],"wp:attachment":[{"href":"https:\/\/anivet.lt\/elparduotuve\/wp-json\/wp\/v2\/media?parent=16629"}],"wp:term":[{"taxonomy":"product_brand","embeddable":true,"href":"https:\/\/anivet.lt\/elparduotuve\/wp-json\/wp\/v2\/product_brand?post=16629"},{"taxonomy":"product_cat","embeddable":true,"href":"https:\/\/anivet.lt\/elparduotuve\/wp-json\/wp\/v2\/product_cat?post=16629"},{"taxonomy":"product_tag","embeddable":true,"href":"https:\/\/anivet.lt\/elparduotuve\/wp-json\/wp\/v2\/product_tag?post=16629"}],"curies":[{"name":"wp","href":"https:\/\/api.w.org\/{rel}","templated":true}]}}