{"id":16631,"date":"2025-02-14T13:05:33","date_gmt":"2025-02-14T13:05:33","guid":{"rendered":"https:\/\/anivet.lt\/elparduotuve\/?post_type=product&#038;p=16631"},"modified":"2025-06-02T11:48:27","modified_gmt":"2025-06-02T11:48:27","slug":"vetexpert-sampunas-beauty-care-250ml","status":"publish","type":"product","link":"https:\/\/anivet.lt\/elparduotuve\/produktas\/vetexpert-sampunas-beauty-care-250ml\/","title":{"rendered":"VetExpert \u0161amp\u016bnas BEAUTY &#038; CARE 250ml"},"content":{"rendered":"<p>BEAUTY &amp; CARE \u0161amp\u016bnas gyv\u016bnams, turintiems jautri\u0105 od\u0105, linkusi\u0105 \u012f dirginim\u0105, alergijas, odos i\u0161saus\u0117jim\u0105. Taip pat rekomenduojamas, kai netoleruojami kiti \u0161amp\u016bnai. \u0160\u012f \u0161amp\u016bn\u0105 galima naudoti ir gyv\u016bnams augimo laikotarpiu. \u0160amp\u016bno sud\u0117tyje yra labai \u0161velniai veikian\u010di\u0173 aktyvi\u0173j\u0173 pavir\u0161iaus med\u017eiag\u0173 ir emolient\u0173, taip pat nema\u017eai kit\u0173 od\u0105 mink\u0161tinan\u010di\u0173 ir dr\u0117kinan\u010di\u0173 komponent\u0173. Tai padidina odos elastingum\u0105 ir apsaugo nuo per didelio i\u0161saus\u0117jimo. Alantoinas turi keratolitin\u012f ir regeneruojant\u012f poveik\u012f bei paspartina savaiminio valymosi proces\u0105, pa\u0161alindamas negyvas epidermio l\u0105steles. Pantenolis pagreitina regeneracij\u0105 ir skatina pa\u017eeistos odos gijim\u0105.<\/p>\n","protected":false},"excerpt":{"rendered":"<p>\u0160amp\u016bnas jautri\u0105 od\u0105 turintiems gyv\u016bnams, linkusiems \u012f odos dirginim\u0105, alergijas, esant sausai odai ar kit\u0173 \u0161amp\u016bn\u0173 netolerancijai.<\/p>\n","protected":false},"featured_media":16632,"template":"","meta":[],"product_brand":[],"product_cat":[101,109,120,102,108,119],"product_tag":[],"class_list":{"0":"post-16631","1":"product","2":"type-product","3":"status-publish","4":"has-post-thumbnail","6":"product_cat-sunims","7":"product_cat-sampunai-ir-kosmetika","8":"product_cat-sampunai-ir-kosmetika-prieziuros-priemones-katems","9":"product_cat-katems","10":"product_cat-prieziuros-priemones","11":"product_cat-prieziuros-priemones-katems","12":"pa_prekinis-zenklas-vetexpert","14":"first","15":"instock","16":"taxable","17":"shipping-taxable","18":"purchasable","19":"product-type-simple"},"yoast_head":"<!-- This site is optimized with the Yoast SEO Premium plugin v27.1 (Yoast SEO v27.5) - https:\/\/yoast.com\/product\/yoast-seo-premium-wordpress\/ -->\n<title>VetExpert \u0161amp\u016bnas BEAUTY &amp; CARE 250ml - anivet.lt<\/title>\n<meta name=\"description\" content=\"\u0160amp\u016bnas jautri\u0105 od\u0105 turintiems gyv\u016bnams, linkusiems \u012f odos dirginim\u0105, alergijas, esant sausai odai ar kit\u0173 \u0161amp\u016bn\u0173 netolerancijai.\" \/>\n<meta name=\"robots\" content=\"index, follow, max-snippet:-1, max-image-preview:large, max-video-preview:-1\" \/>\n<link rel=\"canonical\" href=\"https:\/\/anivet.lt\/elparduotuve\/produktas\/vetexpert-sampunas-beauty-care-250ml\/\" \/>\n<meta property=\"og:locale\" content=\"lt_LT\" \/>\n<meta property=\"og:type\" content=\"article\" \/>\n<meta property=\"og:title\" content=\"VetExpert \u0161amp\u016bnas BEAUTY &amp; CARE 250ml\" \/>\n<meta property=\"og:description\" content=\"\u0160amp\u016bnas jautri\u0105 od\u0105 turintiems gyv\u016bnams, linkusiems \u012f odos dirginim\u0105, alergijas, esant sausai odai ar kit\u0173 \u0161amp\u016bn\u0173 netolerancijai.\" \/>\n<meta property=\"og:url\" content=\"https:\/\/anivet.lt\/elparduotuve\/produktas\/vetexpert-sampunas-beauty-care-250ml\/\" \/>\n<meta property=\"og:site_name\" content=\"anivet.lt\" \/>\n<meta property=\"article:modified_time\" content=\"2025-06-02T11:48:27+00:00\" \/>\n<meta property=\"og:image\" content=\"https:\/\/anivet.lt\/elparduotuve\/wp-content\/uploads\/2025\/02\/VetExpert-BEAUTY-CARE-250ml.jpg\" \/>\n\t<meta property=\"og:image:width\" content=\"1000\" \/>\n\t<meta property=\"og:image:height\" content=\"1414\" \/>\n\t<meta property=\"og:image:type\" content=\"image\/jpeg\" \/>\n<meta name=\"twitter:card\" content=\"summary_large_image\" \/>\n<meta name=\"twitter:label1\" content=\"Est. reading time\" \/>\n\t<meta name=\"twitter:data1\" content=\"1 minut\u0117\" \/>\n<script type=\"application\/ld+json\" class=\"yoast-schema-graph\">{\"@context\":\"https:\\\/\\\/schema.org\",\"@graph\":[{\"@type\":\"WebPage\",\"@id\":\"https:\\\/\\\/anivet.lt\\\/elparduotuve\\\/produktas\\\/vetexpert-sampunas-beauty-care-250ml\\\/\",\"url\":\"https:\\\/\\\/anivet.lt\\\/elparduotuve\\\/produktas\\\/vetexpert-sampunas-beauty-care-250ml\\\/\",\"name\":\"VetExpert \u0161amp\u016bnas BEAUTY & CARE 250ml - anivet.lt\",\"isPartOf\":{\"@id\":\"https:\\\/\\\/anivet.lt\\\/elparduotuve\\\/#website\"},\"primaryImageOfPage\":{\"@id\":\"https:\\\/\\\/anivet.lt\\\/elparduotuve\\\/produktas\\\/vetexpert-sampunas-beauty-care-250ml\\\/#primaryimage\"},\"image\":{\"@id\":\"https:\\\/\\\/anivet.lt\\\/elparduotuve\\\/produktas\\\/vetexpert-sampunas-beauty-care-250ml\\\/#primaryimage\"},\"thumbnailUrl\":\"https:\\\/\\\/anivet.lt\\\/elparduotuve\\\/wp-content\\\/uploads\\\/2025\\\/02\\\/VetExpert-BEAUTY-CARE-250ml.jpg\",\"datePublished\":\"2025-02-14T13:05:33+00:00\",\"dateModified\":\"2025-06-02T11:48:27+00:00\",\"description\":\"\u0160amp\u016bnas jautri\u0105 od\u0105 turintiems gyv\u016bnams, linkusiems \u012f odos dirginim\u0105, alergijas, esant sausai odai ar kit\u0173 \u0161amp\u016bn\u0173 netolerancijai.\",\"breadcrumb\":{\"@id\":\"https:\\\/\\\/anivet.lt\\\/elparduotuve\\\/produktas\\\/vetexpert-sampunas-beauty-care-250ml\\\/#breadcrumb\"},\"inLanguage\":\"lt-LT\",\"potentialAction\":[{\"@type\":\"ReadAction\",\"target\":[\"https:\\\/\\\/anivet.lt\\\/elparduotuve\\\/produktas\\\/vetexpert-sampunas-beauty-care-250ml\\\/\"]}]},{\"@type\":\"ImageObject\",\"inLanguage\":\"lt-LT\",\"@id\":\"https:\\\/\\\/anivet.lt\\\/elparduotuve\\\/produktas\\\/vetexpert-sampunas-beauty-care-250ml\\\/#primaryimage\",\"url\":\"https:\\\/\\\/anivet.lt\\\/elparduotuve\\\/wp-content\\\/uploads\\\/2025\\\/02\\\/VetExpert-BEAUTY-CARE-250ml.jpg\",\"contentUrl\":\"https:\\\/\\\/anivet.lt\\\/elparduotuve\\\/wp-content\\\/uploads\\\/2025\\\/02\\\/VetExpert-BEAUTY-CARE-250ml.jpg\",\"width\":1000,\"height\":1414,\"caption\":\"VetExpert \u0161amp\u016bnas BEAUTY & CARE 250ml\"},{\"@type\":\"BreadcrumbList\",\"@id\":\"https:\\\/\\\/anivet.lt\\\/elparduotuve\\\/produktas\\\/vetexpert-sampunas-beauty-care-250ml\\\/#breadcrumb\",\"itemListElement\":[{\"@type\":\"ListItem\",\"position\":1,\"name\":\"Home\",\"item\":\"https:\\\/\\\/anivet.lt\\\/elparduotuve\\\/\"},{\"@type\":\"ListItem\",\"position\":2,\"name\":\"Produktai\",\"item\":\"https:\\\/\\\/anivet.lt\\\/elparduotuve\\\/produktai\\\/\"},{\"@type\":\"ListItem\",\"position\":3,\"name\":\"VetExpert \u0161amp\u016bnas BEAUTY &#038; CARE 250ml\"}]},{\"@type\":\"WebSite\",\"@id\":\"https:\\\/\\\/anivet.lt\\\/elparduotuve\\\/#website\",\"url\":\"https:\\\/\\\/anivet.lt\\\/elparduotuve\\\/\",\"name\":\"anivet.lt\",\"description\":\"Viskas J\u016bs\u0173 \u0161uns, kat\u0117s prie\u017ei\u016brai\",\"publisher\":{\"@id\":\"https:\\\/\\\/anivet.lt\\\/elparduotuve\\\/#organization\"},\"alternateName\":\"Viskas J\u016bs\u0173 \u0161uns, kat\u0117s prie\u017ei\u016brai\",\"potentialAction\":[{\"@type\":\"SearchAction\",\"target\":{\"@type\":\"EntryPoint\",\"urlTemplate\":\"https:\\\/\\\/anivet.lt\\\/elparduotuve\\\/?s={search_term_string}\"},\"query-input\":{\"@type\":\"PropertyValueSpecification\",\"valueRequired\":true,\"valueName\":\"search_term_string\"}}],\"inLanguage\":\"lt-LT\"},{\"@type\":\"Organization\",\"@id\":\"https:\\\/\\\/anivet.lt\\\/elparduotuve\\\/#organization\",\"name\":\"Viskas J\u016bs\u0173 \u0161uns, kat\u0117s prie\u017ei\u016brai\",\"url\":\"https:\\\/\\\/anivet.lt\\\/elparduotuve\\\/\",\"logo\":{\"@type\":\"ImageObject\",\"inLanguage\":\"lt-LT\",\"@id\":\"https:\\\/\\\/anivet.lt\\\/elparduotuve\\\/#\\\/schema\\\/logo\\\/image\\\/\",\"url\":\"https:\\\/\\\/anivet.lt\\\/elparduotuve\\\/wp-content\\\/uploads\\\/2023\\\/06\\\/logo2.jpg\",\"contentUrl\":\"https:\\\/\\\/anivet.lt\\\/elparduotuve\\\/wp-content\\\/uploads\\\/2023\\\/06\\\/logo2.jpg\",\"width\":655,\"height\":194,\"caption\":\"Viskas J\u016bs\u0173 \u0161uns, kat\u0117s prie\u017ei\u016brai\"},\"image\":{\"@id\":\"https:\\\/\\\/anivet.lt\\\/elparduotuve\\\/#\\\/schema\\\/logo\\\/image\\\/\"}}]}<\/script>\n<!-- \/ Yoast SEO Premium plugin. -->","yoast_head_json":{"title":"VetExpert \u0161amp\u016bnas BEAUTY & CARE 250ml - anivet.lt","description":"\u0160amp\u016bnas jautri\u0105 od\u0105 turintiems gyv\u016bnams, linkusiems \u012f odos dirginim\u0105, alergijas, esant sausai odai ar kit\u0173 \u0161amp\u016bn\u0173 netolerancijai.","robots":{"index":"index","follow":"follow","max-snippet":"max-snippet:-1","max-image-preview":"max-image-preview:large","max-video-preview":"max-video-preview:-1"},"canonical":"https:\/\/anivet.lt\/elparduotuve\/produktas\/vetexpert-sampunas-beauty-care-250ml\/","og_locale":"lt_LT","og_type":"article","og_title":"VetExpert \u0161amp\u016bnas BEAUTY & CARE 250ml","og_description":"\u0160amp\u016bnas jautri\u0105 od\u0105 turintiems gyv\u016bnams, linkusiems \u012f odos dirginim\u0105, alergijas, esant sausai odai ar kit\u0173 \u0161amp\u016bn\u0173 netolerancijai.","og_url":"https:\/\/anivet.lt\/elparduotuve\/produktas\/vetexpert-sampunas-beauty-care-250ml\/","og_site_name":"anivet.lt","article_modified_time":"2025-06-02T11:48:27+00:00","og_image":[{"width":1000,"height":1414,"url":"https:\/\/anivet.lt\/elparduotuve\/wp-content\/uploads\/2025\/02\/VetExpert-BEAUTY-CARE-250ml.jpg","type":"image\/jpeg"}],"twitter_card":"summary_large_image","twitter_misc":{"Est. reading time":"1 minut\u0117"},"schema":{"@context":"https:\/\/schema.org","@graph":[{"@type":"WebPage","@id":"https:\/\/anivet.lt\/elparduotuve\/produktas\/vetexpert-sampunas-beauty-care-250ml\/","url":"https:\/\/anivet.lt\/elparduotuve\/produktas\/vetexpert-sampunas-beauty-care-250ml\/","name":"VetExpert \u0161amp\u016bnas BEAUTY & CARE 250ml - anivet.lt","isPartOf":{"@id":"https:\/\/anivet.lt\/elparduotuve\/#website"},"primaryImageOfPage":{"@id":"https:\/\/anivet.lt\/elparduotuve\/produktas\/vetexpert-sampunas-beauty-care-250ml\/#primaryimage"},"image":{"@id":"https:\/\/anivet.lt\/elparduotuve\/produktas\/vetexpert-sampunas-beauty-care-250ml\/#primaryimage"},"thumbnailUrl":"https:\/\/anivet.lt\/elparduotuve\/wp-content\/uploads\/2025\/02\/VetExpert-BEAUTY-CARE-250ml.jpg","datePublished":"2025-02-14T13:05:33+00:00","dateModified":"2025-06-02T11:48:27+00:00","description":"\u0160amp\u016bnas jautri\u0105 od\u0105 turintiems gyv\u016bnams, linkusiems \u012f odos dirginim\u0105, alergijas, esant sausai odai ar kit\u0173 \u0161amp\u016bn\u0173 netolerancijai.","breadcrumb":{"@id":"https:\/\/anivet.lt\/elparduotuve\/produktas\/vetexpert-sampunas-beauty-care-250ml\/#breadcrumb"},"inLanguage":"lt-LT","potentialAction":[{"@type":"ReadAction","target":["https:\/\/anivet.lt\/elparduotuve\/produktas\/vetexpert-sampunas-beauty-care-250ml\/"]}]},{"@type":"ImageObject","inLanguage":"lt-LT","@id":"https:\/\/anivet.lt\/elparduotuve\/produktas\/vetexpert-sampunas-beauty-care-250ml\/#primaryimage","url":"https:\/\/anivet.lt\/elparduotuve\/wp-content\/uploads\/2025\/02\/VetExpert-BEAUTY-CARE-250ml.jpg","contentUrl":"https:\/\/anivet.lt\/elparduotuve\/wp-content\/uploads\/2025\/02\/VetExpert-BEAUTY-CARE-250ml.jpg","width":1000,"height":1414,"caption":"VetExpert \u0161amp\u016bnas BEAUTY & CARE 250ml"},{"@type":"BreadcrumbList","@id":"https:\/\/anivet.lt\/elparduotuve\/produktas\/vetexpert-sampunas-beauty-care-250ml\/#breadcrumb","itemListElement":[{"@type":"ListItem","position":1,"name":"Home","item":"https:\/\/anivet.lt\/elparduotuve\/"},{"@type":"ListItem","position":2,"name":"Produktai","item":"https:\/\/anivet.lt\/elparduotuve\/produktai\/"},{"@type":"ListItem","position":3,"name":"VetExpert \u0161amp\u016bnas BEAUTY &#038; CARE 250ml"}]},{"@type":"WebSite","@id":"https:\/\/anivet.lt\/elparduotuve\/#website","url":"https:\/\/anivet.lt\/elparduotuve\/","name":"anivet.lt","description":"Viskas J\u016bs\u0173 \u0161uns, kat\u0117s prie\u017ei\u016brai","publisher":{"@id":"https:\/\/anivet.lt\/elparduotuve\/#organization"},"alternateName":"Viskas J\u016bs\u0173 \u0161uns, kat\u0117s prie\u017ei\u016brai","potentialAction":[{"@type":"SearchAction","target":{"@type":"EntryPoint","urlTemplate":"https:\/\/anivet.lt\/elparduotuve\/?s={search_term_string}"},"query-input":{"@type":"PropertyValueSpecification","valueRequired":true,"valueName":"search_term_string"}}],"inLanguage":"lt-LT"},{"@type":"Organization","@id":"https:\/\/anivet.lt\/elparduotuve\/#organization","name":"Viskas J\u016bs\u0173 \u0161uns, kat\u0117s prie\u017ei\u016brai","url":"https:\/\/anivet.lt\/elparduotuve\/","logo":{"@type":"ImageObject","inLanguage":"lt-LT","@id":"https:\/\/anivet.lt\/elparduotuve\/#\/schema\/logo\/image\/","url":"https:\/\/anivet.lt\/elparduotuve\/wp-content\/uploads\/2023\/06\/logo2.jpg","contentUrl":"https:\/\/anivet.lt\/elparduotuve\/wp-content\/uploads\/2023\/06\/logo2.jpg","width":655,"height":194,"caption":"Viskas J\u016bs\u0173 \u0161uns, kat\u0117s prie\u017ei\u016brai"},"image":{"@id":"https:\/\/anivet.lt\/elparduotuve\/#\/schema\/logo\/image\/"}}]}},"_links":{"self":[{"href":"https:\/\/anivet.lt\/elparduotuve\/wp-json\/wp\/v2\/product\/16631","targetHints":{"allow":["GET"]}}],"collection":[{"href":"https:\/\/anivet.lt\/elparduotuve\/wp-json\/wp\/v2\/product"}],"about":[{"href":"https:\/\/anivet.lt\/elparduotuve\/wp-json\/wp\/v2\/types\/product"}],"wp:featuredmedia":[{"embeddable":true,"href":"https:\/\/anivet.lt\/elparduotuve\/wp-json\/wp\/v2\/media\/16632"}],"wp:attachment":[{"href":"https:\/\/anivet.lt\/elparduotuve\/wp-json\/wp\/v2\/media?parent=16631"}],"wp:term":[{"taxonomy":"product_brand","embeddable":true,"href":"https:\/\/anivet.lt\/elparduotuve\/wp-json\/wp\/v2\/product_brand?post=16631"},{"taxonomy":"product_cat","embeddable":true,"href":"https:\/\/anivet.lt\/elparduotuve\/wp-json\/wp\/v2\/product_cat?post=16631"},{"taxonomy":"product_tag","embeddable":true,"href":"https:\/\/anivet.lt\/elparduotuve\/wp-json\/wp\/v2\/product_tag?post=16631"}],"curies":[{"name":"wp","href":"https:\/\/api.w.org\/{rel}","templated":true}]}}