{"id":16637,"date":"2025-02-14T13:32:20","date_gmt":"2025-02-14T13:32:20","guid":{"rendered":"https:\/\/anivet.lt\/elparduotuve\/?post_type=product&#038;p=16637"},"modified":"2026-05-06T15:01:46","modified_gmt":"2026-05-06T15:01:46","slug":"vetexpert-sampunas-white-250ml-baltam-kailiui","status":"publish","type":"product","link":"https:\/\/anivet.lt\/elparduotuve\/produktas\/vetexpert-sampunas-white-250ml-baltam-kailiui\/","title":{"rendered":"VetExpert \u0161amp\u016bnas WHITE 250ml baltam kailiui"},"content":{"rendered":"<p>\u201eWhite Shampoo\u201c \u0161amp\u016bno sud\u0117tis buvo specialiai sukurta \u0161velniai ir jautriai balt\u0173 veisli\u0173 \u0161un\u0173 ir ka\u010di\u0173 odai. Sud\u0117tyje yra raminan\u010di\u0173 savybi\u0173 turin\u010di\u0173 ingredient\u0173, kurie palaiko epidermio regeneracij\u0105, tuo pa\u010diu kruop\u0161\u010diai nuplauna ir pagerina kailio b\u016bkl\u0119. \u0160amp\u016bnas pagerina spalv\u0105, \u0161velniai \u0161viesina ir palengvina atsiskyrim\u0105.<\/p>\n<ul>\n<li>Alantoinas \u2013 biologi\u0161kai aktyvi med\u017eiaga, kuri turi raminam\u0105j\u012f poveik\u012f ir palaiko regeneracij\u0105. Jis dr\u0117kina ir kondicionuoja od\u0105.<\/li>\n<li>Pantenolis \u2013 dr\u0117kinanti med\u017eiaga, kuri atlieka svarb\u0173 vaidmen\u012f odos regeneracijoje, palaiko \u017eaizd\u0173 gijim\u0105 ir ramina sudirginim\u0105. Padaro kail\u012f \/ plaukus blizgius ir lengvai i\u0161\u0161ukuojamus.<\/li>\n<li>Perl\u0173 hidrolizatas \u2013 pagerina kailio b\u016bkl\u0119 ir suteikia blizgesio.<\/li>\n<li>\u0160ilko hidrolizatas \u2013 gr\u0105\u017eina plaukams blizges\u012f, tod\u0117l jie tampa mink\u0161ti ir \u017evilgantys. Veikia antistati\u0161kai.<\/li>\n<li>Glicerinas \u2013 stipriai dr\u0117kinanti med\u017eiaga, prasiskverbianti \u012f ragin\u012f sluoksn\u012f. Tai pagerina odos elastingum\u0105 ir plauk\u0173 b\u016bkl\u0119. Palengvina atsiskyrim\u0105.<\/li>\n<li>Lanolinas \u2013 mink\u0161tiklis, apsaugantis ir dr\u0117kinantis od\u0105.<\/li>\n<\/ul>\n","protected":false},"excerpt":{"rendered":"<p>Specialus \u0161amp\u016bnas \u0161unims ir kat\u0117ms turintiems balta kail\u012f, kuri\u0173 oda reikalauja ypatingos, subtilios prie\u017ei\u016bros.<\/p>\n","protected":false},"featured_media":16638,"template":"","meta":[],"product_brand":[],"product_cat":[101,109,120,102,108,119],"product_tag":[],"class_list":{"0":"post-16637","1":"product","2":"type-product","3":"status-publish","4":"has-post-thumbnail","6":"product_cat-sunims","7":"product_cat-sampunai-ir-kosmetika","8":"product_cat-sampunai-ir-kosmetika-prieziuros-priemones-katems","9":"product_cat-katems","10":"product_cat-prieziuros-priemones","11":"product_cat-prieziuros-priemones-katems","12":"pa_prekinis-zenklas-vetexpert","14":"first","15":"instock","16":"taxable","17":"shipping-taxable","18":"purchasable","19":"product-type-simple"},"yoast_head":"<!-- This site is optimized with the Yoast SEO Premium plugin v27.1 (Yoast SEO v27.5) - https:\/\/yoast.com\/product\/yoast-seo-premium-wordpress\/ -->\n<title>VetExpert \u0161amp\u016bnas WHITE 250ml baltam kailiui - anivet.lt<\/title>\n<meta name=\"description\" content=\"Specialus \u0161amp\u016bnas \u0161unims ir kat\u0117ms turintiems balta kail\u012f, kuri\u0173 oda reikalauja ypatingos, subtilios prie\u017ei\u016bros.\" \/>\n<meta name=\"robots\" content=\"index, follow, max-snippet:-1, max-image-preview:large, max-video-preview:-1\" \/>\n<link rel=\"canonical\" href=\"https:\/\/anivet.lt\/elparduotuve\/produktas\/vetexpert-sampunas-white-250ml-baltam-kailiui\/\" \/>\n<meta property=\"og:locale\" content=\"lt_LT\" \/>\n<meta property=\"og:type\" content=\"article\" \/>\n<meta property=\"og:title\" content=\"VetExpert \u0161amp\u016bnas WHITE 250ml baltam kailiui\" \/>\n<meta property=\"og:description\" content=\"Specialus \u0161amp\u016bnas \u0161unims ir kat\u0117ms turintiems balta kail\u012f, kuri\u0173 oda reikalauja ypatingos, subtilios prie\u017ei\u016bros.\" \/>\n<meta property=\"og:url\" content=\"https:\/\/anivet.lt\/elparduotuve\/produktas\/vetexpert-sampunas-white-250ml-baltam-kailiui\/\" \/>\n<meta property=\"og:site_name\" content=\"anivet.lt\" \/>\n<meta property=\"article:modified_time\" content=\"2026-05-06T15:01:46+00:00\" \/>\n<meta property=\"og:image\" content=\"https:\/\/anivet.lt\/elparduotuve\/wp-content\/uploads\/2025\/02\/VetExpert-WHITE-250ml.jpg\" \/>\n\t<meta property=\"og:image:width\" content=\"1000\" \/>\n\t<meta property=\"og:image:height\" content=\"1414\" \/>\n\t<meta property=\"og:image:type\" content=\"image\/jpeg\" \/>\n<meta name=\"twitter:card\" content=\"summary_large_image\" \/>\n<meta name=\"twitter:label1\" content=\"Est. reading time\" \/>\n\t<meta name=\"twitter:data1\" content=\"1 minut\u0117\" \/>\n<script type=\"application\/ld+json\" class=\"yoast-schema-graph\">{\"@context\":\"https:\\\/\\\/schema.org\",\"@graph\":[{\"@type\":\"WebPage\",\"@id\":\"https:\\\/\\\/anivet.lt\\\/elparduotuve\\\/produktas\\\/vetexpert-sampunas-white-250ml-baltam-kailiui\\\/\",\"url\":\"https:\\\/\\\/anivet.lt\\\/elparduotuve\\\/produktas\\\/vetexpert-sampunas-white-250ml-baltam-kailiui\\\/\",\"name\":\"VetExpert \u0161amp\u016bnas WHITE 250ml baltam kailiui - anivet.lt\",\"isPartOf\":{\"@id\":\"https:\\\/\\\/anivet.lt\\\/elparduotuve\\\/#website\"},\"primaryImageOfPage\":{\"@id\":\"https:\\\/\\\/anivet.lt\\\/elparduotuve\\\/produktas\\\/vetexpert-sampunas-white-250ml-baltam-kailiui\\\/#primaryimage\"},\"image\":{\"@id\":\"https:\\\/\\\/anivet.lt\\\/elparduotuve\\\/produktas\\\/vetexpert-sampunas-white-250ml-baltam-kailiui\\\/#primaryimage\"},\"thumbnailUrl\":\"https:\\\/\\\/anivet.lt\\\/elparduotuve\\\/wp-content\\\/uploads\\\/2025\\\/02\\\/VetExpert-WHITE-250ml.jpg\",\"datePublished\":\"2025-02-14T13:32:20+00:00\",\"dateModified\":\"2026-05-06T15:01:46+00:00\",\"description\":\"Specialus \u0161amp\u016bnas \u0161unims ir kat\u0117ms turintiems balta kail\u012f, kuri\u0173 oda reikalauja ypatingos, subtilios prie\u017ei\u016bros.\",\"breadcrumb\":{\"@id\":\"https:\\\/\\\/anivet.lt\\\/elparduotuve\\\/produktas\\\/vetexpert-sampunas-white-250ml-baltam-kailiui\\\/#breadcrumb\"},\"inLanguage\":\"lt-LT\",\"potentialAction\":[{\"@type\":\"ReadAction\",\"target\":[\"https:\\\/\\\/anivet.lt\\\/elparduotuve\\\/produktas\\\/vetexpert-sampunas-white-250ml-baltam-kailiui\\\/\"]}]},{\"@type\":\"ImageObject\",\"inLanguage\":\"lt-LT\",\"@id\":\"https:\\\/\\\/anivet.lt\\\/elparduotuve\\\/produktas\\\/vetexpert-sampunas-white-250ml-baltam-kailiui\\\/#primaryimage\",\"url\":\"https:\\\/\\\/anivet.lt\\\/elparduotuve\\\/wp-content\\\/uploads\\\/2025\\\/02\\\/VetExpert-WHITE-250ml.jpg\",\"contentUrl\":\"https:\\\/\\\/anivet.lt\\\/elparduotuve\\\/wp-content\\\/uploads\\\/2025\\\/02\\\/VetExpert-WHITE-250ml.jpg\",\"width\":1000,\"height\":1414,\"caption\":\"VetExpert \u0161amp\u016bnas WHITE 250ml baltam kailiui\"},{\"@type\":\"BreadcrumbList\",\"@id\":\"https:\\\/\\\/anivet.lt\\\/elparduotuve\\\/produktas\\\/vetexpert-sampunas-white-250ml-baltam-kailiui\\\/#breadcrumb\",\"itemListElement\":[{\"@type\":\"ListItem\",\"position\":1,\"name\":\"Home\",\"item\":\"https:\\\/\\\/anivet.lt\\\/elparduotuve\\\/\"},{\"@type\":\"ListItem\",\"position\":2,\"name\":\"Produktai\",\"item\":\"https:\\\/\\\/anivet.lt\\\/elparduotuve\\\/produktai\\\/\"},{\"@type\":\"ListItem\",\"position\":3,\"name\":\"VetExpert \u0161amp\u016bnas WHITE 250ml baltam kailiui\"}]},{\"@type\":\"WebSite\",\"@id\":\"https:\\\/\\\/anivet.lt\\\/elparduotuve\\\/#website\",\"url\":\"https:\\\/\\\/anivet.lt\\\/elparduotuve\\\/\",\"name\":\"anivet.lt\",\"description\":\"Viskas J\u016bs\u0173 \u0161uns, kat\u0117s prie\u017ei\u016brai\",\"publisher\":{\"@id\":\"https:\\\/\\\/anivet.lt\\\/elparduotuve\\\/#organization\"},\"alternateName\":\"Viskas J\u016bs\u0173 \u0161uns, kat\u0117s prie\u017ei\u016brai\",\"potentialAction\":[{\"@type\":\"SearchAction\",\"target\":{\"@type\":\"EntryPoint\",\"urlTemplate\":\"https:\\\/\\\/anivet.lt\\\/elparduotuve\\\/?s={search_term_string}\"},\"query-input\":{\"@type\":\"PropertyValueSpecification\",\"valueRequired\":true,\"valueName\":\"search_term_string\"}}],\"inLanguage\":\"lt-LT\"},{\"@type\":\"Organization\",\"@id\":\"https:\\\/\\\/anivet.lt\\\/elparduotuve\\\/#organization\",\"name\":\"Viskas J\u016bs\u0173 \u0161uns, kat\u0117s prie\u017ei\u016brai\",\"url\":\"https:\\\/\\\/anivet.lt\\\/elparduotuve\\\/\",\"logo\":{\"@type\":\"ImageObject\",\"inLanguage\":\"lt-LT\",\"@id\":\"https:\\\/\\\/anivet.lt\\\/elparduotuve\\\/#\\\/schema\\\/logo\\\/image\\\/\",\"url\":\"https:\\\/\\\/anivet.lt\\\/elparduotuve\\\/wp-content\\\/uploads\\\/2023\\\/06\\\/logo2.jpg\",\"contentUrl\":\"https:\\\/\\\/anivet.lt\\\/elparduotuve\\\/wp-content\\\/uploads\\\/2023\\\/06\\\/logo2.jpg\",\"width\":655,\"height\":194,\"caption\":\"Viskas J\u016bs\u0173 \u0161uns, kat\u0117s prie\u017ei\u016brai\"},\"image\":{\"@id\":\"https:\\\/\\\/anivet.lt\\\/elparduotuve\\\/#\\\/schema\\\/logo\\\/image\\\/\"}}]}<\/script>\n<!-- \/ Yoast SEO Premium plugin. -->","yoast_head_json":{"title":"VetExpert \u0161amp\u016bnas WHITE 250ml baltam kailiui - anivet.lt","description":"Specialus \u0161amp\u016bnas \u0161unims ir kat\u0117ms turintiems balta kail\u012f, kuri\u0173 oda reikalauja ypatingos, subtilios prie\u017ei\u016bros.","robots":{"index":"index","follow":"follow","max-snippet":"max-snippet:-1","max-image-preview":"max-image-preview:large","max-video-preview":"max-video-preview:-1"},"canonical":"https:\/\/anivet.lt\/elparduotuve\/produktas\/vetexpert-sampunas-white-250ml-baltam-kailiui\/","og_locale":"lt_LT","og_type":"article","og_title":"VetExpert \u0161amp\u016bnas WHITE 250ml baltam kailiui","og_description":"Specialus \u0161amp\u016bnas \u0161unims ir kat\u0117ms turintiems balta kail\u012f, kuri\u0173 oda reikalauja ypatingos, subtilios prie\u017ei\u016bros.","og_url":"https:\/\/anivet.lt\/elparduotuve\/produktas\/vetexpert-sampunas-white-250ml-baltam-kailiui\/","og_site_name":"anivet.lt","article_modified_time":"2026-05-06T15:01:46+00:00","og_image":[{"width":1000,"height":1414,"url":"https:\/\/anivet.lt\/elparduotuve\/wp-content\/uploads\/2025\/02\/VetExpert-WHITE-250ml.jpg","type":"image\/jpeg"}],"twitter_card":"summary_large_image","twitter_misc":{"Est. reading time":"1 minut\u0117"},"schema":{"@context":"https:\/\/schema.org","@graph":[{"@type":"WebPage","@id":"https:\/\/anivet.lt\/elparduotuve\/produktas\/vetexpert-sampunas-white-250ml-baltam-kailiui\/","url":"https:\/\/anivet.lt\/elparduotuve\/produktas\/vetexpert-sampunas-white-250ml-baltam-kailiui\/","name":"VetExpert \u0161amp\u016bnas WHITE 250ml baltam kailiui - anivet.lt","isPartOf":{"@id":"https:\/\/anivet.lt\/elparduotuve\/#website"},"primaryImageOfPage":{"@id":"https:\/\/anivet.lt\/elparduotuve\/produktas\/vetexpert-sampunas-white-250ml-baltam-kailiui\/#primaryimage"},"image":{"@id":"https:\/\/anivet.lt\/elparduotuve\/produktas\/vetexpert-sampunas-white-250ml-baltam-kailiui\/#primaryimage"},"thumbnailUrl":"https:\/\/anivet.lt\/elparduotuve\/wp-content\/uploads\/2025\/02\/VetExpert-WHITE-250ml.jpg","datePublished":"2025-02-14T13:32:20+00:00","dateModified":"2026-05-06T15:01:46+00:00","description":"Specialus \u0161amp\u016bnas \u0161unims ir kat\u0117ms turintiems balta kail\u012f, kuri\u0173 oda reikalauja ypatingos, subtilios prie\u017ei\u016bros.","breadcrumb":{"@id":"https:\/\/anivet.lt\/elparduotuve\/produktas\/vetexpert-sampunas-white-250ml-baltam-kailiui\/#breadcrumb"},"inLanguage":"lt-LT","potentialAction":[{"@type":"ReadAction","target":["https:\/\/anivet.lt\/elparduotuve\/produktas\/vetexpert-sampunas-white-250ml-baltam-kailiui\/"]}]},{"@type":"ImageObject","inLanguage":"lt-LT","@id":"https:\/\/anivet.lt\/elparduotuve\/produktas\/vetexpert-sampunas-white-250ml-baltam-kailiui\/#primaryimage","url":"https:\/\/anivet.lt\/elparduotuve\/wp-content\/uploads\/2025\/02\/VetExpert-WHITE-250ml.jpg","contentUrl":"https:\/\/anivet.lt\/elparduotuve\/wp-content\/uploads\/2025\/02\/VetExpert-WHITE-250ml.jpg","width":1000,"height":1414,"caption":"VetExpert \u0161amp\u016bnas WHITE 250ml baltam kailiui"},{"@type":"BreadcrumbList","@id":"https:\/\/anivet.lt\/elparduotuve\/produktas\/vetexpert-sampunas-white-250ml-baltam-kailiui\/#breadcrumb","itemListElement":[{"@type":"ListItem","position":1,"name":"Home","item":"https:\/\/anivet.lt\/elparduotuve\/"},{"@type":"ListItem","position":2,"name":"Produktai","item":"https:\/\/anivet.lt\/elparduotuve\/produktai\/"},{"@type":"ListItem","position":3,"name":"VetExpert \u0161amp\u016bnas WHITE 250ml baltam kailiui"}]},{"@type":"WebSite","@id":"https:\/\/anivet.lt\/elparduotuve\/#website","url":"https:\/\/anivet.lt\/elparduotuve\/","name":"anivet.lt","description":"Viskas J\u016bs\u0173 \u0161uns, kat\u0117s prie\u017ei\u016brai","publisher":{"@id":"https:\/\/anivet.lt\/elparduotuve\/#organization"},"alternateName":"Viskas J\u016bs\u0173 \u0161uns, kat\u0117s prie\u017ei\u016brai","potentialAction":[{"@type":"SearchAction","target":{"@type":"EntryPoint","urlTemplate":"https:\/\/anivet.lt\/elparduotuve\/?s={search_term_string}"},"query-input":{"@type":"PropertyValueSpecification","valueRequired":true,"valueName":"search_term_string"}}],"inLanguage":"lt-LT"},{"@type":"Organization","@id":"https:\/\/anivet.lt\/elparduotuve\/#organization","name":"Viskas J\u016bs\u0173 \u0161uns, kat\u0117s prie\u017ei\u016brai","url":"https:\/\/anivet.lt\/elparduotuve\/","logo":{"@type":"ImageObject","inLanguage":"lt-LT","@id":"https:\/\/anivet.lt\/elparduotuve\/#\/schema\/logo\/image\/","url":"https:\/\/anivet.lt\/elparduotuve\/wp-content\/uploads\/2023\/06\/logo2.jpg","contentUrl":"https:\/\/anivet.lt\/elparduotuve\/wp-content\/uploads\/2023\/06\/logo2.jpg","width":655,"height":194,"caption":"Viskas J\u016bs\u0173 \u0161uns, kat\u0117s prie\u017ei\u016brai"},"image":{"@id":"https:\/\/anivet.lt\/elparduotuve\/#\/schema\/logo\/image\/"}}]}},"_links":{"self":[{"href":"https:\/\/anivet.lt\/elparduotuve\/wp-json\/wp\/v2\/product\/16637","targetHints":{"allow":["GET"]}}],"collection":[{"href":"https:\/\/anivet.lt\/elparduotuve\/wp-json\/wp\/v2\/product"}],"about":[{"href":"https:\/\/anivet.lt\/elparduotuve\/wp-json\/wp\/v2\/types\/product"}],"wp:featuredmedia":[{"embeddable":true,"href":"https:\/\/anivet.lt\/elparduotuve\/wp-json\/wp\/v2\/media\/16638"}],"wp:attachment":[{"href":"https:\/\/anivet.lt\/elparduotuve\/wp-json\/wp\/v2\/media?parent=16637"}],"wp:term":[{"taxonomy":"product_brand","embeddable":true,"href":"https:\/\/anivet.lt\/elparduotuve\/wp-json\/wp\/v2\/product_brand?post=16637"},{"taxonomy":"product_cat","embeddable":true,"href":"https:\/\/anivet.lt\/elparduotuve\/wp-json\/wp\/v2\/product_cat?post=16637"},{"taxonomy":"product_tag","embeddable":true,"href":"https:\/\/anivet.lt\/elparduotuve\/wp-json\/wp\/v2\/product_tag?post=16637"}],"curies":[{"name":"wp","href":"https:\/\/api.w.org\/{rel}","templated":true}]}}