{"id":16642,"date":"2025-02-14T14:38:29","date_gmt":"2025-02-14T14:38:29","guid":{"rendered":"https:\/\/anivet.lt\/elparduotuve\/?post_type=product&#038;p=16642"},"modified":"2026-02-23T20:43:30","modified_gmt":"2026-02-23T20:43:30","slug":"16642","status":"publish","type":"product","link":"https:\/\/anivet.lt\/elparduotuve\/produktas\/16642\/","title":{"rendered":"VetExpert \u0161amp\u016bnas HAIR LOSS short hair 250ml slinkimo ma\u017einimui"},"content":{"rendered":"<p>Pagrindin\u0117s savyb\u0117s:<\/p>\n<ul>\n<li>Skirtas trumpaplaukiams augintiniams: \u0160amp\u016bnas puikiai tinka tiek kat\u0117ms, tiek \u0161unims su trumpu kailiu.<\/li>\n<li>Plauk\u0173 slinkimo ma\u017einimas: Reguliarus naudojimas gali pad\u0117ti suma\u017einti plauk\u0173 slinkim\u0105 ir skatinti plauk\u0173 augim\u0105.<\/li>\n<li>\u0160velni formul\u0117: Sud\u0117tyje n\u0117ra agresyvi\u0173 chemikal\u0173, tod\u0117l \u0161amp\u016bnas tinka net ir jautriai augintinio odai.<\/li>\n<li>Vitaminai ir maistin\u0117s med\u017eiagos: R\u016bpinasi odos ir plauk\u0173 b\u016bkle, padeda i\u0161laikyti nat\u016bral\u0173 plauk\u0173 blizges\u012f ir sveik\u0105 i\u0161vaizd\u0105.<\/li>\n<\/ul>\n","protected":false},"excerpt":{"rendered":"<p>VetExpert HAIR LOSS \u0161amp\u016bnas yra specialiai sukurtas kat\u0117ms ir \u0161unims, turintiems trumpus plaukus, siekiant pad\u0117ti kovoti su plauk\u0173 slinkimu ir skatinti sveik\u0105 kail\u012f. Suformuluotas naudojant pa\u017eangius ingredientus, \u0161is \u0161amp\u016bnas padeda sustiprinti plaukus, pagerina j\u0173 strukt\u016br\u0105 ir apsaugo nuo pa\u017eeidim\u0173.<\/p>\n","protected":false},"featured_media":16643,"template":"","meta":[],"product_brand":[],"product_cat":[101,109,120,102,108,119],"product_tag":[],"class_list":{"0":"post-16642","1":"product","2":"type-product","3":"status-publish","4":"has-post-thumbnail","6":"product_cat-sunims","7":"product_cat-sampunai-ir-kosmetika","8":"product_cat-sampunai-ir-kosmetika-prieziuros-priemones-katems","9":"product_cat-katems","10":"product_cat-prieziuros-priemones","11":"product_cat-prieziuros-priemones-katems","12":"pa_prekinis-zenklas-vetexpert","14":"first","15":"outofstock","16":"taxable","17":"shipping-taxable","18":"purchasable","19":"product-type-simple"},"yoast_head":"<!-- This site is optimized with the Yoast SEO Premium plugin v27.1 (Yoast SEO v27.5) - https:\/\/yoast.com\/product\/yoast-seo-premium-wordpress\/ -->\n<title>VetExpert \u0161amp\u016bnas HAIR LOSS short hair 250ml slinkimo ma\u017einimui - anivet.lt<\/title>\n<meta name=\"description\" content=\"VetExpert HAIR LOSS \u0161amp\u016bnas yra specialiai sukurtas kat\u0117ms ir \u0161unims, turintiems trumpus plaukus, siekiant pad\u0117ti kovoti su plauk\u0173 slinkimu ir skatinti sveik\u0105 kail\u012f. Suformuluotas naudojant pa\u017eangius ingredientus, \u0161is \u0161amp\u016bnas padeda sustiprinti plaukus, pagerina j\u0173 strukt\u016br\u0105 ir apsaugo nuo pa\u017eeidim\u0173.\" \/>\n<meta name=\"robots\" content=\"index, follow, max-snippet:-1, max-image-preview:large, max-video-preview:-1\" \/>\n<link rel=\"canonical\" href=\"https:\/\/anivet.lt\/elparduotuve\/produktas\/16642\/\" \/>\n<meta property=\"og:locale\" content=\"lt_LT\" \/>\n<meta property=\"og:type\" content=\"article\" \/>\n<meta property=\"og:title\" content=\"VetExpert \u0161amp\u016bnas HAIR LOSS short hair 250ml slinkimo ma\u017einimui\" \/>\n<meta property=\"og:description\" content=\"VetExpert HAIR LOSS \u0161amp\u016bnas yra specialiai sukurtas kat\u0117ms ir \u0161unims, turintiems trumpus plaukus, siekiant pad\u0117ti kovoti su plauk\u0173 slinkimu ir skatinti sveik\u0105 kail\u012f. Suformuluotas naudojant pa\u017eangius ingredientus, \u0161is \u0161amp\u016bnas padeda sustiprinti plaukus, pagerina j\u0173 strukt\u016br\u0105 ir apsaugo nuo pa\u017eeidim\u0173.\" \/>\n<meta property=\"og:url\" content=\"https:\/\/anivet.lt\/elparduotuve\/produktas\/16642\/\" \/>\n<meta property=\"og:site_name\" content=\"anivet.lt\" \/>\n<meta property=\"article:modified_time\" content=\"2026-02-23T20:43:30+00:00\" \/>\n<meta property=\"og:image\" content=\"https:\/\/anivet.lt\/elparduotuve\/wp-content\/uploads\/2025\/02\/VetExpert-HAIR-LOSS-CONTROL-SHORT.jpg\" \/>\n\t<meta property=\"og:image:width\" content=\"1086\" \/>\n\t<meta property=\"og:image:height\" content=\"1536\" \/>\n\t<meta property=\"og:image:type\" content=\"image\/jpeg\" \/>\n<meta name=\"twitter:card\" content=\"summary_large_image\" \/>\n<meta name=\"twitter:label1\" content=\"Est. reading time\" \/>\n\t<meta name=\"twitter:data1\" content=\"1 minut\u0117\" \/>\n<script type=\"application\/ld+json\" class=\"yoast-schema-graph\">{\"@context\":\"https:\\\/\\\/schema.org\",\"@graph\":[{\"@type\":\"WebPage\",\"@id\":\"https:\\\/\\\/anivet.lt\\\/elparduotuve\\\/produktas\\\/16642\\\/\",\"url\":\"https:\\\/\\\/anivet.lt\\\/elparduotuve\\\/produktas\\\/16642\\\/\",\"name\":\"VetExpert \u0161amp\u016bnas HAIR LOSS short hair 250ml slinkimo ma\u017einimui - anivet.lt\",\"isPartOf\":{\"@id\":\"https:\\\/\\\/anivet.lt\\\/elparduotuve\\\/#website\"},\"primaryImageOfPage\":{\"@id\":\"https:\\\/\\\/anivet.lt\\\/elparduotuve\\\/produktas\\\/16642\\\/#primaryimage\"},\"image\":{\"@id\":\"https:\\\/\\\/anivet.lt\\\/elparduotuve\\\/produktas\\\/16642\\\/#primaryimage\"},\"thumbnailUrl\":\"https:\\\/\\\/anivet.lt\\\/elparduotuve\\\/wp-content\\\/uploads\\\/2025\\\/02\\\/VetExpert-HAIR-LOSS-CONTROL-SHORT.jpg\",\"datePublished\":\"2025-02-14T14:38:29+00:00\",\"dateModified\":\"2026-02-23T20:43:30+00:00\",\"description\":\"VetExpert HAIR LOSS \u0161amp\u016bnas yra specialiai sukurtas kat\u0117ms ir \u0161unims, turintiems trumpus plaukus, siekiant pad\u0117ti kovoti su plauk\u0173 slinkimu ir skatinti sveik\u0105 kail\u012f. Suformuluotas naudojant pa\u017eangius ingredientus, \u0161is \u0161amp\u016bnas padeda sustiprinti plaukus, pagerina j\u0173 strukt\u016br\u0105 ir apsaugo nuo pa\u017eeidim\u0173.\",\"breadcrumb\":{\"@id\":\"https:\\\/\\\/anivet.lt\\\/elparduotuve\\\/produktas\\\/16642\\\/#breadcrumb\"},\"inLanguage\":\"lt-LT\",\"potentialAction\":[{\"@type\":\"ReadAction\",\"target\":[\"https:\\\/\\\/anivet.lt\\\/elparduotuve\\\/produktas\\\/16642\\\/\"]}]},{\"@type\":\"ImageObject\",\"inLanguage\":\"lt-LT\",\"@id\":\"https:\\\/\\\/anivet.lt\\\/elparduotuve\\\/produktas\\\/16642\\\/#primaryimage\",\"url\":\"https:\\\/\\\/anivet.lt\\\/elparduotuve\\\/wp-content\\\/uploads\\\/2025\\\/02\\\/VetExpert-HAIR-LOSS-CONTROL-SHORT.jpg\",\"contentUrl\":\"https:\\\/\\\/anivet.lt\\\/elparduotuve\\\/wp-content\\\/uploads\\\/2025\\\/02\\\/VetExpert-HAIR-LOSS-CONTROL-SHORT.jpg\",\"width\":1086,\"height\":1536,\"caption\":\"VetExpert \u0161amp\u016bnas HAIR LOSS short hair 250ml slinkimo ma\u017einimui\"},{\"@type\":\"BreadcrumbList\",\"@id\":\"https:\\\/\\\/anivet.lt\\\/elparduotuve\\\/produktas\\\/16642\\\/#breadcrumb\",\"itemListElement\":[{\"@type\":\"ListItem\",\"position\":1,\"name\":\"Home\",\"item\":\"https:\\\/\\\/anivet.lt\\\/elparduotuve\\\/\"},{\"@type\":\"ListItem\",\"position\":2,\"name\":\"Produktai\",\"item\":\"https:\\\/\\\/anivet.lt\\\/elparduotuve\\\/produktai\\\/\"},{\"@type\":\"ListItem\",\"position\":3,\"name\":\"VetExpert \u0161amp\u016bnas HAIR LOSS short hair 250ml slinkimo ma\u017einimui\"}]},{\"@type\":\"WebSite\",\"@id\":\"https:\\\/\\\/anivet.lt\\\/elparduotuve\\\/#website\",\"url\":\"https:\\\/\\\/anivet.lt\\\/elparduotuve\\\/\",\"name\":\"anivet.lt\",\"description\":\"Viskas J\u016bs\u0173 \u0161uns, kat\u0117s prie\u017ei\u016brai\",\"publisher\":{\"@id\":\"https:\\\/\\\/anivet.lt\\\/elparduotuve\\\/#organization\"},\"alternateName\":\"Viskas J\u016bs\u0173 \u0161uns, kat\u0117s prie\u017ei\u016brai\",\"potentialAction\":[{\"@type\":\"SearchAction\",\"target\":{\"@type\":\"EntryPoint\",\"urlTemplate\":\"https:\\\/\\\/anivet.lt\\\/elparduotuve\\\/?s={search_term_string}\"},\"query-input\":{\"@type\":\"PropertyValueSpecification\",\"valueRequired\":true,\"valueName\":\"search_term_string\"}}],\"inLanguage\":\"lt-LT\"},{\"@type\":\"Organization\",\"@id\":\"https:\\\/\\\/anivet.lt\\\/elparduotuve\\\/#organization\",\"name\":\"Viskas J\u016bs\u0173 \u0161uns, kat\u0117s prie\u017ei\u016brai\",\"url\":\"https:\\\/\\\/anivet.lt\\\/elparduotuve\\\/\",\"logo\":{\"@type\":\"ImageObject\",\"inLanguage\":\"lt-LT\",\"@id\":\"https:\\\/\\\/anivet.lt\\\/elparduotuve\\\/#\\\/schema\\\/logo\\\/image\\\/\",\"url\":\"https:\\\/\\\/anivet.lt\\\/elparduotuve\\\/wp-content\\\/uploads\\\/2023\\\/06\\\/logo2.jpg\",\"contentUrl\":\"https:\\\/\\\/anivet.lt\\\/elparduotuve\\\/wp-content\\\/uploads\\\/2023\\\/06\\\/logo2.jpg\",\"width\":655,\"height\":194,\"caption\":\"Viskas J\u016bs\u0173 \u0161uns, kat\u0117s prie\u017ei\u016brai\"},\"image\":{\"@id\":\"https:\\\/\\\/anivet.lt\\\/elparduotuve\\\/#\\\/schema\\\/logo\\\/image\\\/\"}}]}<\/script>\n<!-- \/ Yoast SEO Premium plugin. -->","yoast_head_json":{"title":"VetExpert \u0161amp\u016bnas HAIR LOSS short hair 250ml slinkimo ma\u017einimui - anivet.lt","description":"VetExpert HAIR LOSS \u0161amp\u016bnas yra specialiai sukurtas kat\u0117ms ir \u0161unims, turintiems trumpus plaukus, siekiant pad\u0117ti kovoti su plauk\u0173 slinkimu ir skatinti sveik\u0105 kail\u012f. Suformuluotas naudojant pa\u017eangius ingredientus, \u0161is \u0161amp\u016bnas padeda sustiprinti plaukus, pagerina j\u0173 strukt\u016br\u0105 ir apsaugo nuo pa\u017eeidim\u0173.","robots":{"index":"index","follow":"follow","max-snippet":"max-snippet:-1","max-image-preview":"max-image-preview:large","max-video-preview":"max-video-preview:-1"},"canonical":"https:\/\/anivet.lt\/elparduotuve\/produktas\/16642\/","og_locale":"lt_LT","og_type":"article","og_title":"VetExpert \u0161amp\u016bnas HAIR LOSS short hair 250ml slinkimo ma\u017einimui","og_description":"VetExpert HAIR LOSS \u0161amp\u016bnas yra specialiai sukurtas kat\u0117ms ir \u0161unims, turintiems trumpus plaukus, siekiant pad\u0117ti kovoti su plauk\u0173 slinkimu ir skatinti sveik\u0105 kail\u012f. Suformuluotas naudojant pa\u017eangius ingredientus, \u0161is \u0161amp\u016bnas padeda sustiprinti plaukus, pagerina j\u0173 strukt\u016br\u0105 ir apsaugo nuo pa\u017eeidim\u0173.","og_url":"https:\/\/anivet.lt\/elparduotuve\/produktas\/16642\/","og_site_name":"anivet.lt","article_modified_time":"2026-02-23T20:43:30+00:00","og_image":[{"width":1086,"height":1536,"url":"https:\/\/anivet.lt\/elparduotuve\/wp-content\/uploads\/2025\/02\/VetExpert-HAIR-LOSS-CONTROL-SHORT.jpg","type":"image\/jpeg"}],"twitter_card":"summary_large_image","twitter_misc":{"Est. reading time":"1 minut\u0117"},"schema":{"@context":"https:\/\/schema.org","@graph":[{"@type":"WebPage","@id":"https:\/\/anivet.lt\/elparduotuve\/produktas\/16642\/","url":"https:\/\/anivet.lt\/elparduotuve\/produktas\/16642\/","name":"VetExpert \u0161amp\u016bnas HAIR LOSS short hair 250ml slinkimo ma\u017einimui - anivet.lt","isPartOf":{"@id":"https:\/\/anivet.lt\/elparduotuve\/#website"},"primaryImageOfPage":{"@id":"https:\/\/anivet.lt\/elparduotuve\/produktas\/16642\/#primaryimage"},"image":{"@id":"https:\/\/anivet.lt\/elparduotuve\/produktas\/16642\/#primaryimage"},"thumbnailUrl":"https:\/\/anivet.lt\/elparduotuve\/wp-content\/uploads\/2025\/02\/VetExpert-HAIR-LOSS-CONTROL-SHORT.jpg","datePublished":"2025-02-14T14:38:29+00:00","dateModified":"2026-02-23T20:43:30+00:00","description":"VetExpert HAIR LOSS \u0161amp\u016bnas yra specialiai sukurtas kat\u0117ms ir \u0161unims, turintiems trumpus plaukus, siekiant pad\u0117ti kovoti su plauk\u0173 slinkimu ir skatinti sveik\u0105 kail\u012f. Suformuluotas naudojant pa\u017eangius ingredientus, \u0161is \u0161amp\u016bnas padeda sustiprinti plaukus, pagerina j\u0173 strukt\u016br\u0105 ir apsaugo nuo pa\u017eeidim\u0173.","breadcrumb":{"@id":"https:\/\/anivet.lt\/elparduotuve\/produktas\/16642\/#breadcrumb"},"inLanguage":"lt-LT","potentialAction":[{"@type":"ReadAction","target":["https:\/\/anivet.lt\/elparduotuve\/produktas\/16642\/"]}]},{"@type":"ImageObject","inLanguage":"lt-LT","@id":"https:\/\/anivet.lt\/elparduotuve\/produktas\/16642\/#primaryimage","url":"https:\/\/anivet.lt\/elparduotuve\/wp-content\/uploads\/2025\/02\/VetExpert-HAIR-LOSS-CONTROL-SHORT.jpg","contentUrl":"https:\/\/anivet.lt\/elparduotuve\/wp-content\/uploads\/2025\/02\/VetExpert-HAIR-LOSS-CONTROL-SHORT.jpg","width":1086,"height":1536,"caption":"VetExpert \u0161amp\u016bnas HAIR LOSS short hair 250ml slinkimo ma\u017einimui"},{"@type":"BreadcrumbList","@id":"https:\/\/anivet.lt\/elparduotuve\/produktas\/16642\/#breadcrumb","itemListElement":[{"@type":"ListItem","position":1,"name":"Home","item":"https:\/\/anivet.lt\/elparduotuve\/"},{"@type":"ListItem","position":2,"name":"Produktai","item":"https:\/\/anivet.lt\/elparduotuve\/produktai\/"},{"@type":"ListItem","position":3,"name":"VetExpert \u0161amp\u016bnas HAIR LOSS short hair 250ml slinkimo ma\u017einimui"}]},{"@type":"WebSite","@id":"https:\/\/anivet.lt\/elparduotuve\/#website","url":"https:\/\/anivet.lt\/elparduotuve\/","name":"anivet.lt","description":"Viskas J\u016bs\u0173 \u0161uns, kat\u0117s prie\u017ei\u016brai","publisher":{"@id":"https:\/\/anivet.lt\/elparduotuve\/#organization"},"alternateName":"Viskas J\u016bs\u0173 \u0161uns, kat\u0117s prie\u017ei\u016brai","potentialAction":[{"@type":"SearchAction","target":{"@type":"EntryPoint","urlTemplate":"https:\/\/anivet.lt\/elparduotuve\/?s={search_term_string}"},"query-input":{"@type":"PropertyValueSpecification","valueRequired":true,"valueName":"search_term_string"}}],"inLanguage":"lt-LT"},{"@type":"Organization","@id":"https:\/\/anivet.lt\/elparduotuve\/#organization","name":"Viskas J\u016bs\u0173 \u0161uns, kat\u0117s prie\u017ei\u016brai","url":"https:\/\/anivet.lt\/elparduotuve\/","logo":{"@type":"ImageObject","inLanguage":"lt-LT","@id":"https:\/\/anivet.lt\/elparduotuve\/#\/schema\/logo\/image\/","url":"https:\/\/anivet.lt\/elparduotuve\/wp-content\/uploads\/2023\/06\/logo2.jpg","contentUrl":"https:\/\/anivet.lt\/elparduotuve\/wp-content\/uploads\/2023\/06\/logo2.jpg","width":655,"height":194,"caption":"Viskas J\u016bs\u0173 \u0161uns, kat\u0117s prie\u017ei\u016brai"},"image":{"@id":"https:\/\/anivet.lt\/elparduotuve\/#\/schema\/logo\/image\/"}}]}},"_links":{"self":[{"href":"https:\/\/anivet.lt\/elparduotuve\/wp-json\/wp\/v2\/product\/16642","targetHints":{"allow":["GET"]}}],"collection":[{"href":"https:\/\/anivet.lt\/elparduotuve\/wp-json\/wp\/v2\/product"}],"about":[{"href":"https:\/\/anivet.lt\/elparduotuve\/wp-json\/wp\/v2\/types\/product"}],"wp:featuredmedia":[{"embeddable":true,"href":"https:\/\/anivet.lt\/elparduotuve\/wp-json\/wp\/v2\/media\/16643"}],"wp:attachment":[{"href":"https:\/\/anivet.lt\/elparduotuve\/wp-json\/wp\/v2\/media?parent=16642"}],"wp:term":[{"taxonomy":"product_brand","embeddable":true,"href":"https:\/\/anivet.lt\/elparduotuve\/wp-json\/wp\/v2\/product_brand?post=16642"},{"taxonomy":"product_cat","embeddable":true,"href":"https:\/\/anivet.lt\/elparduotuve\/wp-json\/wp\/v2\/product_cat?post=16642"},{"taxonomy":"product_tag","embeddable":true,"href":"https:\/\/anivet.lt\/elparduotuve\/wp-json\/wp\/v2\/product_tag?post=16642"}],"curies":[{"name":"wp","href":"https:\/\/api.w.org\/{rel}","templated":true}]}}