{"id":16706,"date":"2025-02-18T11:04:41","date_gmt":"2025-02-18T11:04:41","guid":{"rendered":"https:\/\/anivet.lt\/elparduotuve\/?post_type=product&#038;p=16706"},"modified":"2025-05-27T13:36:21","modified_gmt":"2025-05-27T13:36:21","slug":"wepharm-wemalt-tasty-katems-n30","status":"publish","type":"product","link":"https:\/\/anivet.lt\/elparduotuve\/produktas\/wepharm-wemalt-tasty-katems-n30\/","title":{"rendered":"Wepharm WeMalt TASTY kat\u0117ms N30"},"content":{"rendered":"<p>WeMalt Tasty \u2013 pa\u0161aro papildas kat\u0117ms ir ka\u010diukams skirtas kontroliuoti plauk\u0173 kamuoliuk\u0173 susidarym\u0105.<\/p>\n","protected":false},"excerpt":{"rendered":"<p>Kai kat\u0117s ir ka\u010diukai lai\u017eo savo kail\u012f, plaukai gali kauptis skrandyje plauk\u0173 kamuoliuk\u0173 pavidalu.<\/p>\n","protected":false},"featured_media":16707,"template":"","meta":[],"product_brand":[],"product_cat":[102,124],"product_tag":[],"class_list":{"0":"post-16706","1":"product","2":"type-product","3":"status-publish","4":"has-post-thumbnail","6":"product_cat-katems","7":"product_cat-vitaminai-ir-papildai-katems","8":"pa_prekinis-zenklas-wepharm","10":"first","11":"instock","12":"taxable","13":"shipping-taxable","14":"purchasable","15":"product-type-simple"},"yoast_head":"<!-- This site is optimized with the Yoast SEO Premium plugin v27.1 (Yoast SEO v27.3) - https:\/\/yoast.com\/product\/yoast-seo-premium-wordpress\/ -->\n<title>Wepharm WeMalt TASTY kat\u0117ms N30 - anivet.lt<\/title>\n<meta name=\"description\" content=\"Kai kat\u0117s ir ka\u010diukai lai\u017eo savo kail\u012f, plaukai gali kauptis skrandyje plauk\u0173 kamuoliuk\u0173 pavidalu.\" \/>\n<meta name=\"robots\" content=\"index, follow, max-snippet:-1, max-image-preview:large, max-video-preview:-1\" \/>\n<link rel=\"canonical\" href=\"https:\/\/anivet.lt\/elparduotuve\/produktas\/wepharm-wemalt-tasty-katems-n30\/\" \/>\n<meta property=\"og:locale\" content=\"lt_LT\" \/>\n<meta property=\"og:type\" content=\"article\" \/>\n<meta property=\"og:title\" content=\"Wepharm WeMalt TASTY kat\u0117ms N30\" \/>\n<meta property=\"og:description\" content=\"Kai kat\u0117s ir ka\u010diukai lai\u017eo savo kail\u012f, plaukai gali kauptis skrandyje plauk\u0173 kamuoliuk\u0173 pavidalu.\" \/>\n<meta property=\"og:url\" content=\"https:\/\/anivet.lt\/elparduotuve\/produktas\/wepharm-wemalt-tasty-katems-n30\/\" \/>\n<meta property=\"og:site_name\" content=\"anivet.lt\" \/>\n<meta property=\"article:modified_time\" content=\"2025-05-27T13:36:21+00:00\" \/>\n<meta property=\"og:image\" content=\"https:\/\/anivet.lt\/elparduotuve\/wp-content\/uploads\/2025\/02\/2.-Wepharm-WeMalt-TASTY-N30.jpg\" \/>\n\t<meta property=\"og:image:width\" content=\"700\" \/>\n\t<meta property=\"og:image:height\" content=\"700\" \/>\n\t<meta property=\"og:image:type\" content=\"image\/jpeg\" \/>\n<meta name=\"twitter:card\" content=\"summary_large_image\" \/>\n<meta name=\"twitter:label1\" content=\"Est. reading time\" \/>\n\t<meta name=\"twitter:data1\" content=\"1 minut\u0117\" \/>\n<script type=\"application\/ld+json\" class=\"yoast-schema-graph\">{\"@context\":\"https:\\\/\\\/schema.org\",\"@graph\":[{\"@type\":\"WebPage\",\"@id\":\"https:\\\/\\\/anivet.lt\\\/elparduotuve\\\/produktas\\\/wepharm-wemalt-tasty-katems-n30\\\/\",\"url\":\"https:\\\/\\\/anivet.lt\\\/elparduotuve\\\/produktas\\\/wepharm-wemalt-tasty-katems-n30\\\/\",\"name\":\"Wepharm WeMalt TASTY kat\u0117ms N30 - anivet.lt\",\"isPartOf\":{\"@id\":\"https:\\\/\\\/anivet.lt\\\/elparduotuve\\\/#website\"},\"primaryImageOfPage\":{\"@id\":\"https:\\\/\\\/anivet.lt\\\/elparduotuve\\\/produktas\\\/wepharm-wemalt-tasty-katems-n30\\\/#primaryimage\"},\"image\":{\"@id\":\"https:\\\/\\\/anivet.lt\\\/elparduotuve\\\/produktas\\\/wepharm-wemalt-tasty-katems-n30\\\/#primaryimage\"},\"thumbnailUrl\":\"https:\\\/\\\/anivet.lt\\\/elparduotuve\\\/wp-content\\\/uploads\\\/2025\\\/02\\\/2.-Wepharm-WeMalt-TASTY-N30.jpg\",\"datePublished\":\"2025-02-18T11:04:41+00:00\",\"dateModified\":\"2025-05-27T13:36:21+00:00\",\"description\":\"Kai kat\u0117s ir ka\u010diukai lai\u017eo savo kail\u012f, plaukai gali kauptis skrandyje plauk\u0173 kamuoliuk\u0173 pavidalu.\",\"breadcrumb\":{\"@id\":\"https:\\\/\\\/anivet.lt\\\/elparduotuve\\\/produktas\\\/wepharm-wemalt-tasty-katems-n30\\\/#breadcrumb\"},\"inLanguage\":\"lt-LT\",\"potentialAction\":[{\"@type\":\"ReadAction\",\"target\":[\"https:\\\/\\\/anivet.lt\\\/elparduotuve\\\/produktas\\\/wepharm-wemalt-tasty-katems-n30\\\/\"]}]},{\"@type\":\"ImageObject\",\"inLanguage\":\"lt-LT\",\"@id\":\"https:\\\/\\\/anivet.lt\\\/elparduotuve\\\/produktas\\\/wepharm-wemalt-tasty-katems-n30\\\/#primaryimage\",\"url\":\"https:\\\/\\\/anivet.lt\\\/elparduotuve\\\/wp-content\\\/uploads\\\/2025\\\/02\\\/2.-Wepharm-WeMalt-TASTY-N30.jpg\",\"contentUrl\":\"https:\\\/\\\/anivet.lt\\\/elparduotuve\\\/wp-content\\\/uploads\\\/2025\\\/02\\\/2.-Wepharm-WeMalt-TASTY-N30.jpg\",\"width\":700,\"height\":700,\"caption\":\"Wepharm WeMalt TASTY kat\u0117ms N30\"},{\"@type\":\"BreadcrumbList\",\"@id\":\"https:\\\/\\\/anivet.lt\\\/elparduotuve\\\/produktas\\\/wepharm-wemalt-tasty-katems-n30\\\/#breadcrumb\",\"itemListElement\":[{\"@type\":\"ListItem\",\"position\":1,\"name\":\"Home\",\"item\":\"https:\\\/\\\/anivet.lt\\\/elparduotuve\\\/\"},{\"@type\":\"ListItem\",\"position\":2,\"name\":\"Produktai\",\"item\":\"https:\\\/\\\/anivet.lt\\\/elparduotuve\\\/produktai\\\/\"},{\"@type\":\"ListItem\",\"position\":3,\"name\":\"Wepharm WeMalt TASTY kat\u0117ms N30\"}]},{\"@type\":\"WebSite\",\"@id\":\"https:\\\/\\\/anivet.lt\\\/elparduotuve\\\/#website\",\"url\":\"https:\\\/\\\/anivet.lt\\\/elparduotuve\\\/\",\"name\":\"anivet.lt\",\"description\":\"Viskas J\u016bs\u0173 \u0161uns, kat\u0117s prie\u017ei\u016brai\",\"publisher\":{\"@id\":\"https:\\\/\\\/anivet.lt\\\/elparduotuve\\\/#organization\"},\"alternateName\":\"Viskas J\u016bs\u0173 \u0161uns, kat\u0117s prie\u017ei\u016brai\",\"potentialAction\":[{\"@type\":\"SearchAction\",\"target\":{\"@type\":\"EntryPoint\",\"urlTemplate\":\"https:\\\/\\\/anivet.lt\\\/elparduotuve\\\/?s={search_term_string}\"},\"query-input\":{\"@type\":\"PropertyValueSpecification\",\"valueRequired\":true,\"valueName\":\"search_term_string\"}}],\"inLanguage\":\"lt-LT\"},{\"@type\":\"Organization\",\"@id\":\"https:\\\/\\\/anivet.lt\\\/elparduotuve\\\/#organization\",\"name\":\"Viskas J\u016bs\u0173 \u0161uns, kat\u0117s prie\u017ei\u016brai\",\"url\":\"https:\\\/\\\/anivet.lt\\\/elparduotuve\\\/\",\"logo\":{\"@type\":\"ImageObject\",\"inLanguage\":\"lt-LT\",\"@id\":\"https:\\\/\\\/anivet.lt\\\/elparduotuve\\\/#\\\/schema\\\/logo\\\/image\\\/\",\"url\":\"https:\\\/\\\/anivet.lt\\\/elparduotuve\\\/wp-content\\\/uploads\\\/2023\\\/06\\\/logo2.jpg\",\"contentUrl\":\"https:\\\/\\\/anivet.lt\\\/elparduotuve\\\/wp-content\\\/uploads\\\/2023\\\/06\\\/logo2.jpg\",\"width\":655,\"height\":194,\"caption\":\"Viskas J\u016bs\u0173 \u0161uns, kat\u0117s prie\u017ei\u016brai\"},\"image\":{\"@id\":\"https:\\\/\\\/anivet.lt\\\/elparduotuve\\\/#\\\/schema\\\/logo\\\/image\\\/\"}}]}<\/script>\n<!-- \/ Yoast SEO Premium plugin. -->","yoast_head_json":{"title":"Wepharm WeMalt TASTY kat\u0117ms N30 - anivet.lt","description":"Kai kat\u0117s ir ka\u010diukai lai\u017eo savo kail\u012f, plaukai gali kauptis skrandyje plauk\u0173 kamuoliuk\u0173 pavidalu.","robots":{"index":"index","follow":"follow","max-snippet":"max-snippet:-1","max-image-preview":"max-image-preview:large","max-video-preview":"max-video-preview:-1"},"canonical":"https:\/\/anivet.lt\/elparduotuve\/produktas\/wepharm-wemalt-tasty-katems-n30\/","og_locale":"lt_LT","og_type":"article","og_title":"Wepharm WeMalt TASTY kat\u0117ms N30","og_description":"Kai kat\u0117s ir ka\u010diukai lai\u017eo savo kail\u012f, plaukai gali kauptis skrandyje plauk\u0173 kamuoliuk\u0173 pavidalu.","og_url":"https:\/\/anivet.lt\/elparduotuve\/produktas\/wepharm-wemalt-tasty-katems-n30\/","og_site_name":"anivet.lt","article_modified_time":"2025-05-27T13:36:21+00:00","og_image":[{"width":700,"height":700,"url":"https:\/\/anivet.lt\/elparduotuve\/wp-content\/uploads\/2025\/02\/2.-Wepharm-WeMalt-TASTY-N30.jpg","type":"image\/jpeg"}],"twitter_card":"summary_large_image","twitter_misc":{"Est. reading time":"1 minut\u0117"},"schema":{"@context":"https:\/\/schema.org","@graph":[{"@type":"WebPage","@id":"https:\/\/anivet.lt\/elparduotuve\/produktas\/wepharm-wemalt-tasty-katems-n30\/","url":"https:\/\/anivet.lt\/elparduotuve\/produktas\/wepharm-wemalt-tasty-katems-n30\/","name":"Wepharm WeMalt TASTY kat\u0117ms N30 - anivet.lt","isPartOf":{"@id":"https:\/\/anivet.lt\/elparduotuve\/#website"},"primaryImageOfPage":{"@id":"https:\/\/anivet.lt\/elparduotuve\/produktas\/wepharm-wemalt-tasty-katems-n30\/#primaryimage"},"image":{"@id":"https:\/\/anivet.lt\/elparduotuve\/produktas\/wepharm-wemalt-tasty-katems-n30\/#primaryimage"},"thumbnailUrl":"https:\/\/anivet.lt\/elparduotuve\/wp-content\/uploads\/2025\/02\/2.-Wepharm-WeMalt-TASTY-N30.jpg","datePublished":"2025-02-18T11:04:41+00:00","dateModified":"2025-05-27T13:36:21+00:00","description":"Kai kat\u0117s ir ka\u010diukai lai\u017eo savo kail\u012f, plaukai gali kauptis skrandyje plauk\u0173 kamuoliuk\u0173 pavidalu.","breadcrumb":{"@id":"https:\/\/anivet.lt\/elparduotuve\/produktas\/wepharm-wemalt-tasty-katems-n30\/#breadcrumb"},"inLanguage":"lt-LT","potentialAction":[{"@type":"ReadAction","target":["https:\/\/anivet.lt\/elparduotuve\/produktas\/wepharm-wemalt-tasty-katems-n30\/"]}]},{"@type":"ImageObject","inLanguage":"lt-LT","@id":"https:\/\/anivet.lt\/elparduotuve\/produktas\/wepharm-wemalt-tasty-katems-n30\/#primaryimage","url":"https:\/\/anivet.lt\/elparduotuve\/wp-content\/uploads\/2025\/02\/2.-Wepharm-WeMalt-TASTY-N30.jpg","contentUrl":"https:\/\/anivet.lt\/elparduotuve\/wp-content\/uploads\/2025\/02\/2.-Wepharm-WeMalt-TASTY-N30.jpg","width":700,"height":700,"caption":"Wepharm WeMalt TASTY kat\u0117ms N30"},{"@type":"BreadcrumbList","@id":"https:\/\/anivet.lt\/elparduotuve\/produktas\/wepharm-wemalt-tasty-katems-n30\/#breadcrumb","itemListElement":[{"@type":"ListItem","position":1,"name":"Home","item":"https:\/\/anivet.lt\/elparduotuve\/"},{"@type":"ListItem","position":2,"name":"Produktai","item":"https:\/\/anivet.lt\/elparduotuve\/produktai\/"},{"@type":"ListItem","position":3,"name":"Wepharm WeMalt TASTY kat\u0117ms N30"}]},{"@type":"WebSite","@id":"https:\/\/anivet.lt\/elparduotuve\/#website","url":"https:\/\/anivet.lt\/elparduotuve\/","name":"anivet.lt","description":"Viskas J\u016bs\u0173 \u0161uns, kat\u0117s prie\u017ei\u016brai","publisher":{"@id":"https:\/\/anivet.lt\/elparduotuve\/#organization"},"alternateName":"Viskas J\u016bs\u0173 \u0161uns, kat\u0117s prie\u017ei\u016brai","potentialAction":[{"@type":"SearchAction","target":{"@type":"EntryPoint","urlTemplate":"https:\/\/anivet.lt\/elparduotuve\/?s={search_term_string}"},"query-input":{"@type":"PropertyValueSpecification","valueRequired":true,"valueName":"search_term_string"}}],"inLanguage":"lt-LT"},{"@type":"Organization","@id":"https:\/\/anivet.lt\/elparduotuve\/#organization","name":"Viskas J\u016bs\u0173 \u0161uns, kat\u0117s prie\u017ei\u016brai","url":"https:\/\/anivet.lt\/elparduotuve\/","logo":{"@type":"ImageObject","inLanguage":"lt-LT","@id":"https:\/\/anivet.lt\/elparduotuve\/#\/schema\/logo\/image\/","url":"https:\/\/anivet.lt\/elparduotuve\/wp-content\/uploads\/2023\/06\/logo2.jpg","contentUrl":"https:\/\/anivet.lt\/elparduotuve\/wp-content\/uploads\/2023\/06\/logo2.jpg","width":655,"height":194,"caption":"Viskas J\u016bs\u0173 \u0161uns, kat\u0117s prie\u017ei\u016brai"},"image":{"@id":"https:\/\/anivet.lt\/elparduotuve\/#\/schema\/logo\/image\/"}}]}},"_links":{"self":[{"href":"https:\/\/anivet.lt\/elparduotuve\/wp-json\/wp\/v2\/product\/16706","targetHints":{"allow":["GET"]}}],"collection":[{"href":"https:\/\/anivet.lt\/elparduotuve\/wp-json\/wp\/v2\/product"}],"about":[{"href":"https:\/\/anivet.lt\/elparduotuve\/wp-json\/wp\/v2\/types\/product"}],"wp:featuredmedia":[{"embeddable":true,"href":"https:\/\/anivet.lt\/elparduotuve\/wp-json\/wp\/v2\/media\/16707"}],"wp:attachment":[{"href":"https:\/\/anivet.lt\/elparduotuve\/wp-json\/wp\/v2\/media?parent=16706"}],"wp:term":[{"taxonomy":"product_brand","embeddable":true,"href":"https:\/\/anivet.lt\/elparduotuve\/wp-json\/wp\/v2\/product_brand?post=16706"},{"taxonomy":"product_cat","embeddable":true,"href":"https:\/\/anivet.lt\/elparduotuve\/wp-json\/wp\/v2\/product_cat?post=16706"},{"taxonomy":"product_tag","embeddable":true,"href":"https:\/\/anivet.lt\/elparduotuve\/wp-json\/wp\/v2\/product_tag?post=16706"}],"curies":[{"name":"wp","href":"https:\/\/api.w.org\/{rel}","templated":true}]}}