{"id":17170,"date":"2025-03-20T07:44:16","date_gmt":"2025-03-20T07:44:16","guid":{"rendered":"https:\/\/anivet.lt\/elparduotuve\/?post_type=product&#038;p=17170"},"modified":"2025-09-30T20:26:02","modified_gmt":"2025-09-30T20:26:02","slug":"chicopee-hnl-holistic-nature-line-sensitive-trout-potato-su-upetakiu","status":"publish","type":"product","link":"https:\/\/anivet.lt\/elparduotuve\/produktas\/chicopee-hnl-holistic-nature-line-sensitive-trout-potato-su-upetakiu\/","title":{"rendered":"CHICOPEE HNL Holistic Nature Line Sensitive Trout potato su up\u0117takiu"},"content":{"rendered":"<p>Be gr\u016bd\u0173 &#8211; s\u0105moningai vengdami gr\u016bd\u0173, kaip angliavandeni\u0173 \u0161altin\u012f, gamintojai naudoja lengvai vir\u0161kinamas bulves. Judrumo kompleksas- judrumo komplekso komponent\u0173 ( nat\u016bralaus \u017eali\u0173j\u0173 midij\u0173 ekstrakto, gliukozamino ir chondroitino sulfato) derinys veiksmingai padeda palaikyti kremzli\u0173 formavim\u0105s\u012f ir funkcijas. Nat\u016brali l\u0105steli\u0173 apsauga- nat\u016bralios antioksidacin\u0117s med\u017eiagos i\u0161 \u012fvairi\u0173 uog\u0173 ( \u0161velniai i\u0161d\u017eiovint\u0173 spanguoli\u0173 ir m\u0117lyni\u0173), taip pat vitaminas E ir mikroelementas selenas, apsaugo k\u016bno l\u0105steles nuo \u017ealing\u0173 med\u017eiag\u0173 apykaitos produkt\u0173 poveikio. \u0160ilkinio kailio kompleksas- \u0161ilkinio kailio komplekso komponent\u0173 \u2013 nat\u016bralaus la\u0161i\u0161\u0173 aliejaus, lin\u0173 s\u0117m\u0117n\u0173 ir auk\u0161tos kokyb\u0117s krili\u0173 derinys, su jame esan\u010diomis svarbiomis Omega riebal\u0173 r\u016bg\u0161timis, puosel\u0117ja blizgant\u012f ir \u0161ilkin\u012f kail\u012f, bei sveik\u0105 od\u0105. Stabili \u017earnyno mikroflora- I\u0161 cikorij\u0173 gaunamos maistin\u0117s skaidulos (inulinas), padeda palaikyti mikroflor\u0105 \u017earnyne. Subalansuota \u017earnyno mikroflora yra stabilaus vir\u0161kinimo pagrindas.<\/p>\n","protected":false},"excerpt":{"rendered":"<p>Begr\u016bd\u0117 mityba skirta \u012fnoringiems vis\u0173 veisli\u0173 \u0161unims, kurie yra jautr\u016bs pa\u0161arams. Gamintoj\u0173 sukurti vertingi priedai \u2013 judrumo ir \u0161ilkinio kailio kompleksai palaiko optimali\u0105 j\u016bs\u0173 \u0161uns mityb\u0105.<\/p>\n","protected":false},"featured_media":17171,"template":"","meta":[],"product_brand":[],"product_cat":[101,103,104,507],"product_tag":[],"class_list":{"0":"post-17170","1":"product","2":"type-product","3":"status-publish","4":"has-post-thumbnail","6":"product_cat-sunims","7":"product_cat-sunu-maistas","8":"product_cat-sausas-maistas","9":"product_cat-chicopee-sunu-maistas","10":"pa_prekinis-zenklas-chicopee","12":"first","13":"instock","14":"taxable","15":"shipping-taxable","16":"purchasable","17":"product-type-variable"},"yoast_head":"<!-- This site is optimized with the Yoast SEO Premium plugin v27.1 (Yoast SEO v27.5) - https:\/\/yoast.com\/product\/yoast-seo-premium-wordpress\/ -->\n<title>CHICOPEE HNL Holistic Nature Line Sensitive Trout potato su up\u0117takiu - anivet.lt<\/title>\n<meta name=\"description\" content=\"Begr\u016bd\u0117 mityba skirta \u012fnoringiems vis\u0173 veisli\u0173 \u0161unims, kurie yra jautr\u016bs pa\u0161arams. Gamintoj\u0173 sukurti vertingi priedai \u2013 judrumo ir \u0161ilkinio kailio kompleksai palaiko optimali\u0105 j\u016bs\u0173 \u0161uns mityb\u0105.\" \/>\n<meta name=\"robots\" content=\"index, follow, max-snippet:-1, max-image-preview:large, max-video-preview:-1\" \/>\n<link rel=\"canonical\" href=\"https:\/\/anivet.lt\/elparduotuve\/produktas\/chicopee-hnl-holistic-nature-line-sensitive-trout-potato-su-upetakiu\/\" \/>\n<meta property=\"og:locale\" content=\"lt_LT\" \/>\n<meta property=\"og:type\" content=\"article\" \/>\n<meta property=\"og:title\" content=\"CHICOPEE HNL Holistic Nature Line Sensitive Trout potato su up\u0117takiu\" \/>\n<meta property=\"og:description\" content=\"Begr\u016bd\u0117 mityba skirta \u012fnoringiems vis\u0173 veisli\u0173 \u0161unims, kurie yra jautr\u016bs pa\u0161arams. Gamintoj\u0173 sukurti vertingi priedai \u2013 judrumo ir \u0161ilkinio kailio kompleksai palaiko optimali\u0105 j\u016bs\u0173 \u0161uns mityb\u0105.\" \/>\n<meta property=\"og:url\" content=\"https:\/\/anivet.lt\/elparduotuve\/produktas\/chicopee-hnl-holistic-nature-line-sensitive-trout-potato-su-upetakiu\/\" \/>\n<meta property=\"og:site_name\" content=\"anivet.lt\" \/>\n<meta property=\"article:modified_time\" content=\"2025-09-30T20:26:02+00:00\" \/>\n<meta property=\"og:image\" content=\"https:\/\/anivet.lt\/elparduotuve\/wp-content\/uploads\/2025\/03\/85.-CHICOPEE-HNL-Holistic-Nature-Line-Sensitive-Trout-potato-su-upetakiu.jpg\" \/>\n\t<meta property=\"og:image:width\" content=\"650\" \/>\n\t<meta property=\"og:image:height\" content=\"1207\" \/>\n\t<meta property=\"og:image:type\" content=\"image\/jpeg\" \/>\n<meta name=\"twitter:card\" content=\"summary_large_image\" \/>\n<meta name=\"twitter:label1\" content=\"Est. reading time\" \/>\n\t<meta name=\"twitter:data1\" content=\"1 minut\u0117\" \/>\n<script type=\"application\/ld+json\" class=\"yoast-schema-graph\">{\"@context\":\"https:\\\/\\\/schema.org\",\"@graph\":[{\"@type\":\"WebPage\",\"@id\":\"https:\\\/\\\/anivet.lt\\\/elparduotuve\\\/produktas\\\/chicopee-hnl-holistic-nature-line-sensitive-trout-potato-su-upetakiu\\\/\",\"url\":\"https:\\\/\\\/anivet.lt\\\/elparduotuve\\\/produktas\\\/chicopee-hnl-holistic-nature-line-sensitive-trout-potato-su-upetakiu\\\/\",\"name\":\"CHICOPEE HNL Holistic Nature Line Sensitive Trout potato su up\u0117takiu - anivet.lt\",\"isPartOf\":{\"@id\":\"https:\\\/\\\/anivet.lt\\\/elparduotuve\\\/#website\"},\"primaryImageOfPage\":{\"@id\":\"https:\\\/\\\/anivet.lt\\\/elparduotuve\\\/produktas\\\/chicopee-hnl-holistic-nature-line-sensitive-trout-potato-su-upetakiu\\\/#primaryimage\"},\"image\":{\"@id\":\"https:\\\/\\\/anivet.lt\\\/elparduotuve\\\/produktas\\\/chicopee-hnl-holistic-nature-line-sensitive-trout-potato-su-upetakiu\\\/#primaryimage\"},\"thumbnailUrl\":\"https:\\\/\\\/anivet.lt\\\/elparduotuve\\\/wp-content\\\/uploads\\\/2025\\\/03\\\/85.-CHICOPEE-HNL-Holistic-Nature-Line-Sensitive-Trout-potato-su-upetakiu.jpg\",\"datePublished\":\"2025-03-20T07:44:16+00:00\",\"dateModified\":\"2025-09-30T20:26:02+00:00\",\"description\":\"Begr\u016bd\u0117 mityba skirta \u012fnoringiems vis\u0173 veisli\u0173 \u0161unims, kurie yra jautr\u016bs pa\u0161arams. Gamintoj\u0173 sukurti vertingi priedai \u2013 judrumo ir \u0161ilkinio kailio kompleksai palaiko optimali\u0105 j\u016bs\u0173 \u0161uns mityb\u0105.\",\"breadcrumb\":{\"@id\":\"https:\\\/\\\/anivet.lt\\\/elparduotuve\\\/produktas\\\/chicopee-hnl-holistic-nature-line-sensitive-trout-potato-su-upetakiu\\\/#breadcrumb\"},\"inLanguage\":\"lt-LT\",\"potentialAction\":[{\"@type\":\"ReadAction\",\"target\":[\"https:\\\/\\\/anivet.lt\\\/elparduotuve\\\/produktas\\\/chicopee-hnl-holistic-nature-line-sensitive-trout-potato-su-upetakiu\\\/\"]}]},{\"@type\":\"ImageObject\",\"inLanguage\":\"lt-LT\",\"@id\":\"https:\\\/\\\/anivet.lt\\\/elparduotuve\\\/produktas\\\/chicopee-hnl-holistic-nature-line-sensitive-trout-potato-su-upetakiu\\\/#primaryimage\",\"url\":\"https:\\\/\\\/anivet.lt\\\/elparduotuve\\\/wp-content\\\/uploads\\\/2025\\\/03\\\/85.-CHICOPEE-HNL-Holistic-Nature-Line-Sensitive-Trout-potato-su-upetakiu.jpg\",\"contentUrl\":\"https:\\\/\\\/anivet.lt\\\/elparduotuve\\\/wp-content\\\/uploads\\\/2025\\\/03\\\/85.-CHICOPEE-HNL-Holistic-Nature-Line-Sensitive-Trout-potato-su-upetakiu.jpg\",\"width\":650,\"height\":1207,\"caption\":\"CHICOPEE HNL Holistic Nature Line Sensitive Trout potato su up\u0117takiu\"},{\"@type\":\"BreadcrumbList\",\"@id\":\"https:\\\/\\\/anivet.lt\\\/elparduotuve\\\/produktas\\\/chicopee-hnl-holistic-nature-line-sensitive-trout-potato-su-upetakiu\\\/#breadcrumb\",\"itemListElement\":[{\"@type\":\"ListItem\",\"position\":1,\"name\":\"Home\",\"item\":\"https:\\\/\\\/anivet.lt\\\/elparduotuve\\\/\"},{\"@type\":\"ListItem\",\"position\":2,\"name\":\"Produktai\",\"item\":\"https:\\\/\\\/anivet.lt\\\/elparduotuve\\\/produktai\\\/\"},{\"@type\":\"ListItem\",\"position\":3,\"name\":\"CHICOPEE HNL Holistic Nature Line Sensitive Trout potato su up\u0117takiu\"}]},{\"@type\":\"WebSite\",\"@id\":\"https:\\\/\\\/anivet.lt\\\/elparduotuve\\\/#website\",\"url\":\"https:\\\/\\\/anivet.lt\\\/elparduotuve\\\/\",\"name\":\"anivet.lt\",\"description\":\"Viskas J\u016bs\u0173 \u0161uns, kat\u0117s prie\u017ei\u016brai\",\"publisher\":{\"@id\":\"https:\\\/\\\/anivet.lt\\\/elparduotuve\\\/#organization\"},\"alternateName\":\"Viskas J\u016bs\u0173 \u0161uns, kat\u0117s prie\u017ei\u016brai\",\"potentialAction\":[{\"@type\":\"SearchAction\",\"target\":{\"@type\":\"EntryPoint\",\"urlTemplate\":\"https:\\\/\\\/anivet.lt\\\/elparduotuve\\\/?s={search_term_string}\"},\"query-input\":{\"@type\":\"PropertyValueSpecification\",\"valueRequired\":true,\"valueName\":\"search_term_string\"}}],\"inLanguage\":\"lt-LT\"},{\"@type\":\"Organization\",\"@id\":\"https:\\\/\\\/anivet.lt\\\/elparduotuve\\\/#organization\",\"name\":\"Viskas J\u016bs\u0173 \u0161uns, kat\u0117s prie\u017ei\u016brai\",\"url\":\"https:\\\/\\\/anivet.lt\\\/elparduotuve\\\/\",\"logo\":{\"@type\":\"ImageObject\",\"inLanguage\":\"lt-LT\",\"@id\":\"https:\\\/\\\/anivet.lt\\\/elparduotuve\\\/#\\\/schema\\\/logo\\\/image\\\/\",\"url\":\"https:\\\/\\\/anivet.lt\\\/elparduotuve\\\/wp-content\\\/uploads\\\/2023\\\/06\\\/logo2.jpg\",\"contentUrl\":\"https:\\\/\\\/anivet.lt\\\/elparduotuve\\\/wp-content\\\/uploads\\\/2023\\\/06\\\/logo2.jpg\",\"width\":655,\"height\":194,\"caption\":\"Viskas J\u016bs\u0173 \u0161uns, kat\u0117s prie\u017ei\u016brai\"},\"image\":{\"@id\":\"https:\\\/\\\/anivet.lt\\\/elparduotuve\\\/#\\\/schema\\\/logo\\\/image\\\/\"}}]}<\/script>\n<!-- \/ Yoast SEO Premium plugin. -->","yoast_head_json":{"title":"CHICOPEE HNL Holistic Nature Line Sensitive Trout potato su up\u0117takiu - anivet.lt","description":"Begr\u016bd\u0117 mityba skirta \u012fnoringiems vis\u0173 veisli\u0173 \u0161unims, kurie yra jautr\u016bs pa\u0161arams. Gamintoj\u0173 sukurti vertingi priedai \u2013 judrumo ir \u0161ilkinio kailio kompleksai palaiko optimali\u0105 j\u016bs\u0173 \u0161uns mityb\u0105.","robots":{"index":"index","follow":"follow","max-snippet":"max-snippet:-1","max-image-preview":"max-image-preview:large","max-video-preview":"max-video-preview:-1"},"canonical":"https:\/\/anivet.lt\/elparduotuve\/produktas\/chicopee-hnl-holistic-nature-line-sensitive-trout-potato-su-upetakiu\/","og_locale":"lt_LT","og_type":"article","og_title":"CHICOPEE HNL Holistic Nature Line Sensitive Trout potato su up\u0117takiu","og_description":"Begr\u016bd\u0117 mityba skirta \u012fnoringiems vis\u0173 veisli\u0173 \u0161unims, kurie yra jautr\u016bs pa\u0161arams. Gamintoj\u0173 sukurti vertingi priedai \u2013 judrumo ir \u0161ilkinio kailio kompleksai palaiko optimali\u0105 j\u016bs\u0173 \u0161uns mityb\u0105.","og_url":"https:\/\/anivet.lt\/elparduotuve\/produktas\/chicopee-hnl-holistic-nature-line-sensitive-trout-potato-su-upetakiu\/","og_site_name":"anivet.lt","article_modified_time":"2025-09-30T20:26:02+00:00","og_image":[{"width":650,"height":1207,"url":"https:\/\/anivet.lt\/elparduotuve\/wp-content\/uploads\/2025\/03\/85.-CHICOPEE-HNL-Holistic-Nature-Line-Sensitive-Trout-potato-su-upetakiu.jpg","type":"image\/jpeg"}],"twitter_card":"summary_large_image","twitter_misc":{"Est. reading time":"1 minut\u0117"},"schema":{"@context":"https:\/\/schema.org","@graph":[{"@type":"WebPage","@id":"https:\/\/anivet.lt\/elparduotuve\/produktas\/chicopee-hnl-holistic-nature-line-sensitive-trout-potato-su-upetakiu\/","url":"https:\/\/anivet.lt\/elparduotuve\/produktas\/chicopee-hnl-holistic-nature-line-sensitive-trout-potato-su-upetakiu\/","name":"CHICOPEE HNL Holistic Nature Line Sensitive Trout potato su up\u0117takiu - anivet.lt","isPartOf":{"@id":"https:\/\/anivet.lt\/elparduotuve\/#website"},"primaryImageOfPage":{"@id":"https:\/\/anivet.lt\/elparduotuve\/produktas\/chicopee-hnl-holistic-nature-line-sensitive-trout-potato-su-upetakiu\/#primaryimage"},"image":{"@id":"https:\/\/anivet.lt\/elparduotuve\/produktas\/chicopee-hnl-holistic-nature-line-sensitive-trout-potato-su-upetakiu\/#primaryimage"},"thumbnailUrl":"https:\/\/anivet.lt\/elparduotuve\/wp-content\/uploads\/2025\/03\/85.-CHICOPEE-HNL-Holistic-Nature-Line-Sensitive-Trout-potato-su-upetakiu.jpg","datePublished":"2025-03-20T07:44:16+00:00","dateModified":"2025-09-30T20:26:02+00:00","description":"Begr\u016bd\u0117 mityba skirta \u012fnoringiems vis\u0173 veisli\u0173 \u0161unims, kurie yra jautr\u016bs pa\u0161arams. Gamintoj\u0173 sukurti vertingi priedai \u2013 judrumo ir \u0161ilkinio kailio kompleksai palaiko optimali\u0105 j\u016bs\u0173 \u0161uns mityb\u0105.","breadcrumb":{"@id":"https:\/\/anivet.lt\/elparduotuve\/produktas\/chicopee-hnl-holistic-nature-line-sensitive-trout-potato-su-upetakiu\/#breadcrumb"},"inLanguage":"lt-LT","potentialAction":[{"@type":"ReadAction","target":["https:\/\/anivet.lt\/elparduotuve\/produktas\/chicopee-hnl-holistic-nature-line-sensitive-trout-potato-su-upetakiu\/"]}]},{"@type":"ImageObject","inLanguage":"lt-LT","@id":"https:\/\/anivet.lt\/elparduotuve\/produktas\/chicopee-hnl-holistic-nature-line-sensitive-trout-potato-su-upetakiu\/#primaryimage","url":"https:\/\/anivet.lt\/elparduotuve\/wp-content\/uploads\/2025\/03\/85.-CHICOPEE-HNL-Holistic-Nature-Line-Sensitive-Trout-potato-su-upetakiu.jpg","contentUrl":"https:\/\/anivet.lt\/elparduotuve\/wp-content\/uploads\/2025\/03\/85.-CHICOPEE-HNL-Holistic-Nature-Line-Sensitive-Trout-potato-su-upetakiu.jpg","width":650,"height":1207,"caption":"CHICOPEE HNL Holistic Nature Line Sensitive Trout potato su up\u0117takiu"},{"@type":"BreadcrumbList","@id":"https:\/\/anivet.lt\/elparduotuve\/produktas\/chicopee-hnl-holistic-nature-line-sensitive-trout-potato-su-upetakiu\/#breadcrumb","itemListElement":[{"@type":"ListItem","position":1,"name":"Home","item":"https:\/\/anivet.lt\/elparduotuve\/"},{"@type":"ListItem","position":2,"name":"Produktai","item":"https:\/\/anivet.lt\/elparduotuve\/produktai\/"},{"@type":"ListItem","position":3,"name":"CHICOPEE HNL Holistic Nature Line Sensitive Trout potato su up\u0117takiu"}]},{"@type":"WebSite","@id":"https:\/\/anivet.lt\/elparduotuve\/#website","url":"https:\/\/anivet.lt\/elparduotuve\/","name":"anivet.lt","description":"Viskas J\u016bs\u0173 \u0161uns, kat\u0117s prie\u017ei\u016brai","publisher":{"@id":"https:\/\/anivet.lt\/elparduotuve\/#organization"},"alternateName":"Viskas J\u016bs\u0173 \u0161uns, kat\u0117s prie\u017ei\u016brai","potentialAction":[{"@type":"SearchAction","target":{"@type":"EntryPoint","urlTemplate":"https:\/\/anivet.lt\/elparduotuve\/?s={search_term_string}"},"query-input":{"@type":"PropertyValueSpecification","valueRequired":true,"valueName":"search_term_string"}}],"inLanguage":"lt-LT"},{"@type":"Organization","@id":"https:\/\/anivet.lt\/elparduotuve\/#organization","name":"Viskas J\u016bs\u0173 \u0161uns, kat\u0117s prie\u017ei\u016brai","url":"https:\/\/anivet.lt\/elparduotuve\/","logo":{"@type":"ImageObject","inLanguage":"lt-LT","@id":"https:\/\/anivet.lt\/elparduotuve\/#\/schema\/logo\/image\/","url":"https:\/\/anivet.lt\/elparduotuve\/wp-content\/uploads\/2023\/06\/logo2.jpg","contentUrl":"https:\/\/anivet.lt\/elparduotuve\/wp-content\/uploads\/2023\/06\/logo2.jpg","width":655,"height":194,"caption":"Viskas J\u016bs\u0173 \u0161uns, kat\u0117s prie\u017ei\u016brai"},"image":{"@id":"https:\/\/anivet.lt\/elparduotuve\/#\/schema\/logo\/image\/"}}]}},"_links":{"self":[{"href":"https:\/\/anivet.lt\/elparduotuve\/wp-json\/wp\/v2\/product\/17170","targetHints":{"allow":["GET"]}}],"collection":[{"href":"https:\/\/anivet.lt\/elparduotuve\/wp-json\/wp\/v2\/product"}],"about":[{"href":"https:\/\/anivet.lt\/elparduotuve\/wp-json\/wp\/v2\/types\/product"}],"wp:featuredmedia":[{"embeddable":true,"href":"https:\/\/anivet.lt\/elparduotuve\/wp-json\/wp\/v2\/media\/17171"}],"wp:attachment":[{"href":"https:\/\/anivet.lt\/elparduotuve\/wp-json\/wp\/v2\/media?parent=17170"}],"wp:term":[{"taxonomy":"product_brand","embeddable":true,"href":"https:\/\/anivet.lt\/elparduotuve\/wp-json\/wp\/v2\/product_brand?post=17170"},{"taxonomy":"product_cat","embeddable":true,"href":"https:\/\/anivet.lt\/elparduotuve\/wp-json\/wp\/v2\/product_cat?post=17170"},{"taxonomy":"product_tag","embeddable":true,"href":"https:\/\/anivet.lt\/elparduotuve\/wp-json\/wp\/v2\/product_tag?post=17170"}],"curies":[{"name":"wp","href":"https:\/\/api.w.org\/{rel}","templated":true}]}}