{"id":17190,"date":"2025-03-20T13:26:14","date_gmt":"2025-03-20T13:26:14","guid":{"rendered":"https:\/\/anivet.lt\/elparduotuve\/?post_type=product&#038;p=17190"},"modified":"2026-01-21T17:29:26","modified_gmt":"2026-01-21T17:29:26","slug":"chicopee-hnl-holistic-nature-line-urinary-su-paukstiena","status":"publish","type":"product","link":"https:\/\/anivet.lt\/elparduotuve\/produktas\/chicopee-hnl-holistic-nature-line-urinary-su-paukstiena\/","title":{"rendered":"Chicopee HNL Holistic Nature Line URINARY su pauk\u0161tiena"},"content":{"rendered":"<ul>\n<li>Suma\u017eintas baltym\u0173 ir mineral\u0173 kiekis;<\/li>\n<li>25% pauk\u0161tienos + 9,5% kepen\u0173;<\/li>\n<li>Be gr\u016bd\u0173, turin\u010di\u0173 gliuteno.<\/li>\n<\/ul>\n","protected":false},"excerpt":{"rendered":"<p>Chicopee HNL Holistic Nature Line URINARY su pauk\u0161tiena yra subalansuotas maistas kat\u0117ms, sukurtas siekiant palaikyti \u0161lapimo tak\u0173 sveikat\u0105, ypa\u010d jautrioms kat\u0117ms. Jame yra auk\u0161tos kokyb\u0117s pauk\u0161tienos, nat\u016brali\u0173 ingredient\u0173 ir speciali\u0173 komponent\u0173, kurie padeda i\u0161vengti \u0161lapimo tak\u0173 infekcij\u0173 ir akmen\u0173 susidarymo.<\/p>\n","protected":false},"featured_media":17191,"template":"","meta":[],"product_brand":[],"product_cat":[114,115,102,505],"product_tag":[],"class_list":{"0":"post-17190","1":"product","2":"type-product","3":"status-publish","4":"has-post-thumbnail","6":"product_cat-kaciu-maistas","7":"product_cat-sausas-maistas-ir-skanestai-katems","8":"product_cat-katems","9":"product_cat-chicopee-kaciu-maistas","10":"pa_prekinis-zenklas-chicopee","12":"first","13":"instock","14":"taxable","15":"shipping-taxable","16":"purchasable","17":"product-type-variable"},"yoast_head":"<!-- This site is optimized with the Yoast SEO Premium plugin v27.1 (Yoast SEO v27.5) - https:\/\/yoast.com\/product\/yoast-seo-premium-wordpress\/ -->\n<title>Chicopee HNL Holistic Nature Line URINARY su pauk\u0161tiena - anivet.lt<\/title>\n<meta name=\"description\" content=\"Chicopee HNL Holistic Nature Line URINARY su pauk\u0161tiena yra subalansuotas maistas kat\u0117ms, sukurtas siekiant palaikyti \u0161lapimo tak\u0173 sveikat\u0105, ypa\u010d jautrioms kat\u0117ms. Jame yra auk\u0161tos kokyb\u0117s pauk\u0161tienos, nat\u016brali\u0173 ingredient\u0173 ir speciali\u0173 komponent\u0173, kurie padeda i\u0161vengti \u0161lapimo tak\u0173 infekcij\u0173 ir akmen\u0173 susidarymo.\" \/>\n<meta name=\"robots\" content=\"index, follow, max-snippet:-1, max-image-preview:large, max-video-preview:-1\" \/>\n<link rel=\"canonical\" href=\"https:\/\/anivet.lt\/elparduotuve\/produktas\/chicopee-hnl-holistic-nature-line-urinary-su-paukstiena\/\" \/>\n<meta property=\"og:locale\" content=\"lt_LT\" \/>\n<meta property=\"og:type\" content=\"article\" \/>\n<meta property=\"og:title\" content=\"Chicopee HNL Holistic Nature Line URINARY su pauk\u0161tiena\" \/>\n<meta property=\"og:description\" content=\"Chicopee HNL Holistic Nature Line URINARY su pauk\u0161tiena yra subalansuotas maistas kat\u0117ms, sukurtas siekiant palaikyti \u0161lapimo tak\u0173 sveikat\u0105, ypa\u010d jautrioms kat\u0117ms. Jame yra auk\u0161tos kokyb\u0117s pauk\u0161tienos, nat\u016brali\u0173 ingredient\u0173 ir speciali\u0173 komponent\u0173, kurie padeda i\u0161vengti \u0161lapimo tak\u0173 infekcij\u0173 ir akmen\u0173 susidarymo.\" \/>\n<meta property=\"og:url\" content=\"https:\/\/anivet.lt\/elparduotuve\/produktas\/chicopee-hnl-holistic-nature-line-urinary-su-paukstiena\/\" \/>\n<meta property=\"og:site_name\" content=\"anivet.lt\" \/>\n<meta property=\"article:modified_time\" content=\"2026-01-21T17:29:26+00:00\" \/>\n<meta property=\"og:image\" content=\"https:\/\/anivet.lt\/elparduotuve\/wp-content\/uploads\/2025\/03\/90.-Chicopee-HNL-Holistic-Nature-Line-URINARY-su-paukstiena.jpg\" \/>\n\t<meta property=\"og:image:width\" content=\"932\" \/>\n\t<meta property=\"og:image:height\" content=\"932\" \/>\n\t<meta property=\"og:image:type\" content=\"image\/jpeg\" \/>\n<meta name=\"twitter:card\" content=\"summary_large_image\" \/>\n<meta name=\"twitter:label1\" content=\"Est. reading time\" \/>\n\t<meta name=\"twitter:data1\" content=\"1 minut\u0117\" \/>\n<script type=\"application\/ld+json\" class=\"yoast-schema-graph\">{\"@context\":\"https:\\\/\\\/schema.org\",\"@graph\":[{\"@type\":\"WebPage\",\"@id\":\"https:\\\/\\\/anivet.lt\\\/elparduotuve\\\/produktas\\\/chicopee-hnl-holistic-nature-line-urinary-su-paukstiena\\\/\",\"url\":\"https:\\\/\\\/anivet.lt\\\/elparduotuve\\\/produktas\\\/chicopee-hnl-holistic-nature-line-urinary-su-paukstiena\\\/\",\"name\":\"Chicopee HNL Holistic Nature Line URINARY su pauk\u0161tiena - anivet.lt\",\"isPartOf\":{\"@id\":\"https:\\\/\\\/anivet.lt\\\/elparduotuve\\\/#website\"},\"primaryImageOfPage\":{\"@id\":\"https:\\\/\\\/anivet.lt\\\/elparduotuve\\\/produktas\\\/chicopee-hnl-holistic-nature-line-urinary-su-paukstiena\\\/#primaryimage\"},\"image\":{\"@id\":\"https:\\\/\\\/anivet.lt\\\/elparduotuve\\\/produktas\\\/chicopee-hnl-holistic-nature-line-urinary-su-paukstiena\\\/#primaryimage\"},\"thumbnailUrl\":\"https:\\\/\\\/anivet.lt\\\/elparduotuve\\\/wp-content\\\/uploads\\\/2025\\\/03\\\/90.-Chicopee-HNL-Holistic-Nature-Line-URINARY-su-paukstiena.jpg\",\"datePublished\":\"2025-03-20T13:26:14+00:00\",\"dateModified\":\"2026-01-21T17:29:26+00:00\",\"description\":\"Chicopee HNL Holistic Nature Line URINARY su pauk\u0161tiena yra subalansuotas maistas kat\u0117ms, sukurtas siekiant palaikyti \u0161lapimo tak\u0173 sveikat\u0105, ypa\u010d jautrioms kat\u0117ms. Jame yra auk\u0161tos kokyb\u0117s pauk\u0161tienos, nat\u016brali\u0173 ingredient\u0173 ir speciali\u0173 komponent\u0173, kurie padeda i\u0161vengti \u0161lapimo tak\u0173 infekcij\u0173 ir akmen\u0173 susidarymo.\",\"breadcrumb\":{\"@id\":\"https:\\\/\\\/anivet.lt\\\/elparduotuve\\\/produktas\\\/chicopee-hnl-holistic-nature-line-urinary-su-paukstiena\\\/#breadcrumb\"},\"inLanguage\":\"lt-LT\",\"potentialAction\":[{\"@type\":\"ReadAction\",\"target\":[\"https:\\\/\\\/anivet.lt\\\/elparduotuve\\\/produktas\\\/chicopee-hnl-holistic-nature-line-urinary-su-paukstiena\\\/\"]}]},{\"@type\":\"ImageObject\",\"inLanguage\":\"lt-LT\",\"@id\":\"https:\\\/\\\/anivet.lt\\\/elparduotuve\\\/produktas\\\/chicopee-hnl-holistic-nature-line-urinary-su-paukstiena\\\/#primaryimage\",\"url\":\"https:\\\/\\\/anivet.lt\\\/elparduotuve\\\/wp-content\\\/uploads\\\/2025\\\/03\\\/90.-Chicopee-HNL-Holistic-Nature-Line-URINARY-su-paukstiena.jpg\",\"contentUrl\":\"https:\\\/\\\/anivet.lt\\\/elparduotuve\\\/wp-content\\\/uploads\\\/2025\\\/03\\\/90.-Chicopee-HNL-Holistic-Nature-Line-URINARY-su-paukstiena.jpg\",\"width\":932,\"height\":932,\"caption\":\"Chicopee HNL Holistic Nature Line URINARY su pauk\u0161tiena\"},{\"@type\":\"BreadcrumbList\",\"@id\":\"https:\\\/\\\/anivet.lt\\\/elparduotuve\\\/produktas\\\/chicopee-hnl-holistic-nature-line-urinary-su-paukstiena\\\/#breadcrumb\",\"itemListElement\":[{\"@type\":\"ListItem\",\"position\":1,\"name\":\"Home\",\"item\":\"https:\\\/\\\/anivet.lt\\\/elparduotuve\\\/\"},{\"@type\":\"ListItem\",\"position\":2,\"name\":\"Produktai\",\"item\":\"https:\\\/\\\/anivet.lt\\\/elparduotuve\\\/produktai\\\/\"},{\"@type\":\"ListItem\",\"position\":3,\"name\":\"Chicopee HNL Holistic Nature Line URINARY su pauk\u0161tiena\"}]},{\"@type\":\"WebSite\",\"@id\":\"https:\\\/\\\/anivet.lt\\\/elparduotuve\\\/#website\",\"url\":\"https:\\\/\\\/anivet.lt\\\/elparduotuve\\\/\",\"name\":\"anivet.lt\",\"description\":\"Viskas J\u016bs\u0173 \u0161uns, kat\u0117s prie\u017ei\u016brai\",\"publisher\":{\"@id\":\"https:\\\/\\\/anivet.lt\\\/elparduotuve\\\/#organization\"},\"alternateName\":\"Viskas J\u016bs\u0173 \u0161uns, kat\u0117s prie\u017ei\u016brai\",\"potentialAction\":[{\"@type\":\"SearchAction\",\"target\":{\"@type\":\"EntryPoint\",\"urlTemplate\":\"https:\\\/\\\/anivet.lt\\\/elparduotuve\\\/?s={search_term_string}\"},\"query-input\":{\"@type\":\"PropertyValueSpecification\",\"valueRequired\":true,\"valueName\":\"search_term_string\"}}],\"inLanguage\":\"lt-LT\"},{\"@type\":\"Organization\",\"@id\":\"https:\\\/\\\/anivet.lt\\\/elparduotuve\\\/#organization\",\"name\":\"Viskas J\u016bs\u0173 \u0161uns, kat\u0117s prie\u017ei\u016brai\",\"url\":\"https:\\\/\\\/anivet.lt\\\/elparduotuve\\\/\",\"logo\":{\"@type\":\"ImageObject\",\"inLanguage\":\"lt-LT\",\"@id\":\"https:\\\/\\\/anivet.lt\\\/elparduotuve\\\/#\\\/schema\\\/logo\\\/image\\\/\",\"url\":\"https:\\\/\\\/anivet.lt\\\/elparduotuve\\\/wp-content\\\/uploads\\\/2023\\\/06\\\/logo2.jpg\",\"contentUrl\":\"https:\\\/\\\/anivet.lt\\\/elparduotuve\\\/wp-content\\\/uploads\\\/2023\\\/06\\\/logo2.jpg\",\"width\":655,\"height\":194,\"caption\":\"Viskas J\u016bs\u0173 \u0161uns, kat\u0117s prie\u017ei\u016brai\"},\"image\":{\"@id\":\"https:\\\/\\\/anivet.lt\\\/elparduotuve\\\/#\\\/schema\\\/logo\\\/image\\\/\"}}]}<\/script>\n<!-- \/ Yoast SEO Premium plugin. -->","yoast_head_json":{"title":"Chicopee HNL Holistic Nature Line URINARY su pauk\u0161tiena - anivet.lt","description":"Chicopee HNL Holistic Nature Line URINARY su pauk\u0161tiena yra subalansuotas maistas kat\u0117ms, sukurtas siekiant palaikyti \u0161lapimo tak\u0173 sveikat\u0105, ypa\u010d jautrioms kat\u0117ms. Jame yra auk\u0161tos kokyb\u0117s pauk\u0161tienos, nat\u016brali\u0173 ingredient\u0173 ir speciali\u0173 komponent\u0173, kurie padeda i\u0161vengti \u0161lapimo tak\u0173 infekcij\u0173 ir akmen\u0173 susidarymo.","robots":{"index":"index","follow":"follow","max-snippet":"max-snippet:-1","max-image-preview":"max-image-preview:large","max-video-preview":"max-video-preview:-1"},"canonical":"https:\/\/anivet.lt\/elparduotuve\/produktas\/chicopee-hnl-holistic-nature-line-urinary-su-paukstiena\/","og_locale":"lt_LT","og_type":"article","og_title":"Chicopee HNL Holistic Nature Line URINARY su pauk\u0161tiena","og_description":"Chicopee HNL Holistic Nature Line URINARY su pauk\u0161tiena yra subalansuotas maistas kat\u0117ms, sukurtas siekiant palaikyti \u0161lapimo tak\u0173 sveikat\u0105, ypa\u010d jautrioms kat\u0117ms. Jame yra auk\u0161tos kokyb\u0117s pauk\u0161tienos, nat\u016brali\u0173 ingredient\u0173 ir speciali\u0173 komponent\u0173, kurie padeda i\u0161vengti \u0161lapimo tak\u0173 infekcij\u0173 ir akmen\u0173 susidarymo.","og_url":"https:\/\/anivet.lt\/elparduotuve\/produktas\/chicopee-hnl-holistic-nature-line-urinary-su-paukstiena\/","og_site_name":"anivet.lt","article_modified_time":"2026-01-21T17:29:26+00:00","og_image":[{"width":932,"height":932,"url":"https:\/\/anivet.lt\/elparduotuve\/wp-content\/uploads\/2025\/03\/90.-Chicopee-HNL-Holistic-Nature-Line-URINARY-su-paukstiena.jpg","type":"image\/jpeg"}],"twitter_card":"summary_large_image","twitter_misc":{"Est. reading time":"1 minut\u0117"},"schema":{"@context":"https:\/\/schema.org","@graph":[{"@type":"WebPage","@id":"https:\/\/anivet.lt\/elparduotuve\/produktas\/chicopee-hnl-holistic-nature-line-urinary-su-paukstiena\/","url":"https:\/\/anivet.lt\/elparduotuve\/produktas\/chicopee-hnl-holistic-nature-line-urinary-su-paukstiena\/","name":"Chicopee HNL Holistic Nature Line URINARY su pauk\u0161tiena - anivet.lt","isPartOf":{"@id":"https:\/\/anivet.lt\/elparduotuve\/#website"},"primaryImageOfPage":{"@id":"https:\/\/anivet.lt\/elparduotuve\/produktas\/chicopee-hnl-holistic-nature-line-urinary-su-paukstiena\/#primaryimage"},"image":{"@id":"https:\/\/anivet.lt\/elparduotuve\/produktas\/chicopee-hnl-holistic-nature-line-urinary-su-paukstiena\/#primaryimage"},"thumbnailUrl":"https:\/\/anivet.lt\/elparduotuve\/wp-content\/uploads\/2025\/03\/90.-Chicopee-HNL-Holistic-Nature-Line-URINARY-su-paukstiena.jpg","datePublished":"2025-03-20T13:26:14+00:00","dateModified":"2026-01-21T17:29:26+00:00","description":"Chicopee HNL Holistic Nature Line URINARY su pauk\u0161tiena yra subalansuotas maistas kat\u0117ms, sukurtas siekiant palaikyti \u0161lapimo tak\u0173 sveikat\u0105, ypa\u010d jautrioms kat\u0117ms. Jame yra auk\u0161tos kokyb\u0117s pauk\u0161tienos, nat\u016brali\u0173 ingredient\u0173 ir speciali\u0173 komponent\u0173, kurie padeda i\u0161vengti \u0161lapimo tak\u0173 infekcij\u0173 ir akmen\u0173 susidarymo.","breadcrumb":{"@id":"https:\/\/anivet.lt\/elparduotuve\/produktas\/chicopee-hnl-holistic-nature-line-urinary-su-paukstiena\/#breadcrumb"},"inLanguage":"lt-LT","potentialAction":[{"@type":"ReadAction","target":["https:\/\/anivet.lt\/elparduotuve\/produktas\/chicopee-hnl-holistic-nature-line-urinary-su-paukstiena\/"]}]},{"@type":"ImageObject","inLanguage":"lt-LT","@id":"https:\/\/anivet.lt\/elparduotuve\/produktas\/chicopee-hnl-holistic-nature-line-urinary-su-paukstiena\/#primaryimage","url":"https:\/\/anivet.lt\/elparduotuve\/wp-content\/uploads\/2025\/03\/90.-Chicopee-HNL-Holistic-Nature-Line-URINARY-su-paukstiena.jpg","contentUrl":"https:\/\/anivet.lt\/elparduotuve\/wp-content\/uploads\/2025\/03\/90.-Chicopee-HNL-Holistic-Nature-Line-URINARY-su-paukstiena.jpg","width":932,"height":932,"caption":"Chicopee HNL Holistic Nature Line URINARY su pauk\u0161tiena"},{"@type":"BreadcrumbList","@id":"https:\/\/anivet.lt\/elparduotuve\/produktas\/chicopee-hnl-holistic-nature-line-urinary-su-paukstiena\/#breadcrumb","itemListElement":[{"@type":"ListItem","position":1,"name":"Home","item":"https:\/\/anivet.lt\/elparduotuve\/"},{"@type":"ListItem","position":2,"name":"Produktai","item":"https:\/\/anivet.lt\/elparduotuve\/produktai\/"},{"@type":"ListItem","position":3,"name":"Chicopee HNL Holistic Nature Line URINARY su pauk\u0161tiena"}]},{"@type":"WebSite","@id":"https:\/\/anivet.lt\/elparduotuve\/#website","url":"https:\/\/anivet.lt\/elparduotuve\/","name":"anivet.lt","description":"Viskas J\u016bs\u0173 \u0161uns, kat\u0117s prie\u017ei\u016brai","publisher":{"@id":"https:\/\/anivet.lt\/elparduotuve\/#organization"},"alternateName":"Viskas J\u016bs\u0173 \u0161uns, kat\u0117s prie\u017ei\u016brai","potentialAction":[{"@type":"SearchAction","target":{"@type":"EntryPoint","urlTemplate":"https:\/\/anivet.lt\/elparduotuve\/?s={search_term_string}"},"query-input":{"@type":"PropertyValueSpecification","valueRequired":true,"valueName":"search_term_string"}}],"inLanguage":"lt-LT"},{"@type":"Organization","@id":"https:\/\/anivet.lt\/elparduotuve\/#organization","name":"Viskas J\u016bs\u0173 \u0161uns, kat\u0117s prie\u017ei\u016brai","url":"https:\/\/anivet.lt\/elparduotuve\/","logo":{"@type":"ImageObject","inLanguage":"lt-LT","@id":"https:\/\/anivet.lt\/elparduotuve\/#\/schema\/logo\/image\/","url":"https:\/\/anivet.lt\/elparduotuve\/wp-content\/uploads\/2023\/06\/logo2.jpg","contentUrl":"https:\/\/anivet.lt\/elparduotuve\/wp-content\/uploads\/2023\/06\/logo2.jpg","width":655,"height":194,"caption":"Viskas J\u016bs\u0173 \u0161uns, kat\u0117s prie\u017ei\u016brai"},"image":{"@id":"https:\/\/anivet.lt\/elparduotuve\/#\/schema\/logo\/image\/"}}]}},"_links":{"self":[{"href":"https:\/\/anivet.lt\/elparduotuve\/wp-json\/wp\/v2\/product\/17190","targetHints":{"allow":["GET"]}}],"collection":[{"href":"https:\/\/anivet.lt\/elparduotuve\/wp-json\/wp\/v2\/product"}],"about":[{"href":"https:\/\/anivet.lt\/elparduotuve\/wp-json\/wp\/v2\/types\/product"}],"wp:featuredmedia":[{"embeddable":true,"href":"https:\/\/anivet.lt\/elparduotuve\/wp-json\/wp\/v2\/media\/17191"}],"wp:attachment":[{"href":"https:\/\/anivet.lt\/elparduotuve\/wp-json\/wp\/v2\/media?parent=17190"}],"wp:term":[{"taxonomy":"product_brand","embeddable":true,"href":"https:\/\/anivet.lt\/elparduotuve\/wp-json\/wp\/v2\/product_brand?post=17190"},{"taxonomy":"product_cat","embeddable":true,"href":"https:\/\/anivet.lt\/elparduotuve\/wp-json\/wp\/v2\/product_cat?post=17190"},{"taxonomy":"product_tag","embeddable":true,"href":"https:\/\/anivet.lt\/elparduotuve\/wp-json\/wp\/v2\/product_tag?post=17190"}],"curies":[{"name":"wp","href":"https:\/\/api.w.org\/{rel}","templated":true}]}}