{"id":17210,"date":"2025-03-20T13:58:33","date_gmt":"2025-03-20T13:58:33","guid":{"rendered":"https:\/\/anivet.lt\/elparduotuve\/?post_type=product&#038;p=17210"},"modified":"2026-05-04T18:21:10","modified_gmt":"2026-05-04T18:21:10","slug":"chicopee-classic-line-adult-indoor-beef-su-jautiena","status":"publish","type":"product","link":"https:\/\/anivet.lt\/elparduotuve\/produktas\/chicopee-classic-line-adult-indoor-beef-su-jautiena\/","title":{"rendered":"Chicopee Classic Line Adult Indoor Beef  su jautiena"},"content":{"rendered":"<p>Chicopee CAT Adult Indoor Beef CNL\u00a0 visavertis, subalansuotas maistas vis\u0173 veisli\u0173 suaugusioms kat\u0117ms gyvenan\u010dioms namuose su jautiena.<\/p>\n","protected":false},"excerpt":{"rendered":"<p>\u0160is nat\u016bralus pa\u0161aras u\u017etikrins optimal\u0173 j\u016bs\u0173 kat\u0117s \u0161\u0117rim\u0105, o \u0117dalo kvapui neatsispirs n\u0117 viena kat\u0117.<\/p>\n","protected":false},"featured_media":17211,"template":"","meta":[],"product_brand":[],"product_cat":[114,115,102,505],"product_tag":[],"class_list":{"0":"post-17210","1":"product","2":"type-product","3":"status-publish","4":"has-post-thumbnail","6":"product_cat-kaciu-maistas","7":"product_cat-sausas-maistas-ir-skanestai-katems","8":"product_cat-katems","9":"product_cat-chicopee-kaciu-maistas","10":"pa_prekinis-zenklas-chicopee","12":"first","13":"instock","14":"sale","15":"taxable","16":"shipping-taxable","17":"purchasable","18":"product-type-variable"},"yoast_head":"<!-- This site is optimized with the Yoast SEO Premium plugin v27.1 (Yoast SEO v27.5) - https:\/\/yoast.com\/product\/yoast-seo-premium-wordpress\/ -->\n<title>Chicopee Classic Line Adult Indoor Beef su jautiena - anivet.lt<\/title>\n<meta name=\"description\" content=\"\u0160is nat\u016bralus pa\u0161aras u\u017etikrins optimal\u0173 j\u016bs\u0173 kat\u0117s \u0161\u0117rim\u0105, o \u0117dalo kvapui neatsispirs n\u0117 viena kat\u0117.\" \/>\n<meta name=\"robots\" content=\"index, follow, max-snippet:-1, max-image-preview:large, max-video-preview:-1\" \/>\n<link rel=\"canonical\" href=\"https:\/\/anivet.lt\/elparduotuve\/produktas\/chicopee-classic-line-adult-indoor-beef-su-jautiena\/\" \/>\n<meta property=\"og:locale\" content=\"lt_LT\" \/>\n<meta property=\"og:type\" content=\"article\" \/>\n<meta property=\"og:title\" content=\"Chicopee Classic Line Adult Indoor Beef su jautiena\" \/>\n<meta property=\"og:description\" content=\"\u0160is nat\u016bralus pa\u0161aras u\u017etikrins optimal\u0173 j\u016bs\u0173 kat\u0117s \u0161\u0117rim\u0105, o \u0117dalo kvapui neatsispirs n\u0117 viena kat\u0117.\" \/>\n<meta property=\"og:url\" content=\"https:\/\/anivet.lt\/elparduotuve\/produktas\/chicopee-classic-line-adult-indoor-beef-su-jautiena\/\" \/>\n<meta property=\"og:site_name\" content=\"anivet.lt\" \/>\n<meta property=\"article:modified_time\" content=\"2026-05-04T18:21:10+00:00\" \/>\n<meta property=\"og:image\" content=\"https:\/\/anivet.lt\/elparduotuve\/wp-content\/uploads\/2025\/03\/95.-Chicopee-Classic-Line-Adult-Indoor-Beef-su-jautiena.jpg\" \/>\n\t<meta property=\"og:image:width\" content=\"759\" \/>\n\t<meta property=\"og:image:height\" content=\"933\" \/>\n\t<meta property=\"og:image:type\" content=\"image\/jpeg\" \/>\n<meta name=\"twitter:card\" content=\"summary_large_image\" \/>\n<meta name=\"twitter:label1\" content=\"Est. reading time\" \/>\n\t<meta name=\"twitter:data1\" content=\"1 minut\u0117\" \/>\n<script type=\"application\/ld+json\" class=\"yoast-schema-graph\">{\"@context\":\"https:\\\/\\\/schema.org\",\"@graph\":[{\"@type\":\"WebPage\",\"@id\":\"https:\\\/\\\/anivet.lt\\\/elparduotuve\\\/produktas\\\/chicopee-classic-line-adult-indoor-beef-su-jautiena\\\/\",\"url\":\"https:\\\/\\\/anivet.lt\\\/elparduotuve\\\/produktas\\\/chicopee-classic-line-adult-indoor-beef-su-jautiena\\\/\",\"name\":\"Chicopee Classic Line Adult Indoor Beef su jautiena - anivet.lt\",\"isPartOf\":{\"@id\":\"https:\\\/\\\/anivet.lt\\\/elparduotuve\\\/#website\"},\"primaryImageOfPage\":{\"@id\":\"https:\\\/\\\/anivet.lt\\\/elparduotuve\\\/produktas\\\/chicopee-classic-line-adult-indoor-beef-su-jautiena\\\/#primaryimage\"},\"image\":{\"@id\":\"https:\\\/\\\/anivet.lt\\\/elparduotuve\\\/produktas\\\/chicopee-classic-line-adult-indoor-beef-su-jautiena\\\/#primaryimage\"},\"thumbnailUrl\":\"https:\\\/\\\/anivet.lt\\\/elparduotuve\\\/wp-content\\\/uploads\\\/2025\\\/03\\\/95.-Chicopee-Classic-Line-Adult-Indoor-Beef-su-jautiena.jpg\",\"datePublished\":\"2025-03-20T13:58:33+00:00\",\"dateModified\":\"2026-05-04T18:21:10+00:00\",\"description\":\"\u0160is nat\u016bralus pa\u0161aras u\u017etikrins optimal\u0173 j\u016bs\u0173 kat\u0117s \u0161\u0117rim\u0105, o \u0117dalo kvapui neatsispirs n\u0117 viena kat\u0117.\",\"breadcrumb\":{\"@id\":\"https:\\\/\\\/anivet.lt\\\/elparduotuve\\\/produktas\\\/chicopee-classic-line-adult-indoor-beef-su-jautiena\\\/#breadcrumb\"},\"inLanguage\":\"lt-LT\",\"potentialAction\":[{\"@type\":\"ReadAction\",\"target\":[\"https:\\\/\\\/anivet.lt\\\/elparduotuve\\\/produktas\\\/chicopee-classic-line-adult-indoor-beef-su-jautiena\\\/\"]}]},{\"@type\":\"ImageObject\",\"inLanguage\":\"lt-LT\",\"@id\":\"https:\\\/\\\/anivet.lt\\\/elparduotuve\\\/produktas\\\/chicopee-classic-line-adult-indoor-beef-su-jautiena\\\/#primaryimage\",\"url\":\"https:\\\/\\\/anivet.lt\\\/elparduotuve\\\/wp-content\\\/uploads\\\/2025\\\/03\\\/95.-Chicopee-Classic-Line-Adult-Indoor-Beef-su-jautiena.jpg\",\"contentUrl\":\"https:\\\/\\\/anivet.lt\\\/elparduotuve\\\/wp-content\\\/uploads\\\/2025\\\/03\\\/95.-Chicopee-Classic-Line-Adult-Indoor-Beef-su-jautiena.jpg\",\"width\":759,\"height\":933,\"caption\":\"Chicopee Classic Line Adult Indoor Beef su jautiena\"},{\"@type\":\"BreadcrumbList\",\"@id\":\"https:\\\/\\\/anivet.lt\\\/elparduotuve\\\/produktas\\\/chicopee-classic-line-adult-indoor-beef-su-jautiena\\\/#breadcrumb\",\"itemListElement\":[{\"@type\":\"ListItem\",\"position\":1,\"name\":\"Home\",\"item\":\"https:\\\/\\\/anivet.lt\\\/elparduotuve\\\/\"},{\"@type\":\"ListItem\",\"position\":2,\"name\":\"Produktai\",\"item\":\"https:\\\/\\\/anivet.lt\\\/elparduotuve\\\/produktai\\\/\"},{\"@type\":\"ListItem\",\"position\":3,\"name\":\"Chicopee Classic Line Adult Indoor Beef su jautiena\"}]},{\"@type\":\"WebSite\",\"@id\":\"https:\\\/\\\/anivet.lt\\\/elparduotuve\\\/#website\",\"url\":\"https:\\\/\\\/anivet.lt\\\/elparduotuve\\\/\",\"name\":\"anivet.lt\",\"description\":\"Viskas J\u016bs\u0173 \u0161uns, kat\u0117s prie\u017ei\u016brai\",\"publisher\":{\"@id\":\"https:\\\/\\\/anivet.lt\\\/elparduotuve\\\/#organization\"},\"alternateName\":\"Viskas J\u016bs\u0173 \u0161uns, kat\u0117s prie\u017ei\u016brai\",\"potentialAction\":[{\"@type\":\"SearchAction\",\"target\":{\"@type\":\"EntryPoint\",\"urlTemplate\":\"https:\\\/\\\/anivet.lt\\\/elparduotuve\\\/?s={search_term_string}\"},\"query-input\":{\"@type\":\"PropertyValueSpecification\",\"valueRequired\":true,\"valueName\":\"search_term_string\"}}],\"inLanguage\":\"lt-LT\"},{\"@type\":\"Organization\",\"@id\":\"https:\\\/\\\/anivet.lt\\\/elparduotuve\\\/#organization\",\"name\":\"Viskas J\u016bs\u0173 \u0161uns, kat\u0117s prie\u017ei\u016brai\",\"url\":\"https:\\\/\\\/anivet.lt\\\/elparduotuve\\\/\",\"logo\":{\"@type\":\"ImageObject\",\"inLanguage\":\"lt-LT\",\"@id\":\"https:\\\/\\\/anivet.lt\\\/elparduotuve\\\/#\\\/schema\\\/logo\\\/image\\\/\",\"url\":\"https:\\\/\\\/anivet.lt\\\/elparduotuve\\\/wp-content\\\/uploads\\\/2023\\\/06\\\/logo2.jpg\",\"contentUrl\":\"https:\\\/\\\/anivet.lt\\\/elparduotuve\\\/wp-content\\\/uploads\\\/2023\\\/06\\\/logo2.jpg\",\"width\":655,\"height\":194,\"caption\":\"Viskas J\u016bs\u0173 \u0161uns, kat\u0117s prie\u017ei\u016brai\"},\"image\":{\"@id\":\"https:\\\/\\\/anivet.lt\\\/elparduotuve\\\/#\\\/schema\\\/logo\\\/image\\\/\"}}]}<\/script>\n<!-- \/ Yoast SEO Premium plugin. -->","yoast_head_json":{"title":"Chicopee Classic Line Adult Indoor Beef su jautiena - anivet.lt","description":"\u0160is nat\u016bralus pa\u0161aras u\u017etikrins optimal\u0173 j\u016bs\u0173 kat\u0117s \u0161\u0117rim\u0105, o \u0117dalo kvapui neatsispirs n\u0117 viena kat\u0117.","robots":{"index":"index","follow":"follow","max-snippet":"max-snippet:-1","max-image-preview":"max-image-preview:large","max-video-preview":"max-video-preview:-1"},"canonical":"https:\/\/anivet.lt\/elparduotuve\/produktas\/chicopee-classic-line-adult-indoor-beef-su-jautiena\/","og_locale":"lt_LT","og_type":"article","og_title":"Chicopee Classic Line Adult Indoor Beef su jautiena","og_description":"\u0160is nat\u016bralus pa\u0161aras u\u017etikrins optimal\u0173 j\u016bs\u0173 kat\u0117s \u0161\u0117rim\u0105, o \u0117dalo kvapui neatsispirs n\u0117 viena kat\u0117.","og_url":"https:\/\/anivet.lt\/elparduotuve\/produktas\/chicopee-classic-line-adult-indoor-beef-su-jautiena\/","og_site_name":"anivet.lt","article_modified_time":"2026-05-04T18:21:10+00:00","og_image":[{"width":759,"height":933,"url":"https:\/\/anivet.lt\/elparduotuve\/wp-content\/uploads\/2025\/03\/95.-Chicopee-Classic-Line-Adult-Indoor-Beef-su-jautiena.jpg","type":"image\/jpeg"}],"twitter_card":"summary_large_image","twitter_misc":{"Est. reading time":"1 minut\u0117"},"schema":{"@context":"https:\/\/schema.org","@graph":[{"@type":"WebPage","@id":"https:\/\/anivet.lt\/elparduotuve\/produktas\/chicopee-classic-line-adult-indoor-beef-su-jautiena\/","url":"https:\/\/anivet.lt\/elparduotuve\/produktas\/chicopee-classic-line-adult-indoor-beef-su-jautiena\/","name":"Chicopee Classic Line Adult Indoor Beef su jautiena - anivet.lt","isPartOf":{"@id":"https:\/\/anivet.lt\/elparduotuve\/#website"},"primaryImageOfPage":{"@id":"https:\/\/anivet.lt\/elparduotuve\/produktas\/chicopee-classic-line-adult-indoor-beef-su-jautiena\/#primaryimage"},"image":{"@id":"https:\/\/anivet.lt\/elparduotuve\/produktas\/chicopee-classic-line-adult-indoor-beef-su-jautiena\/#primaryimage"},"thumbnailUrl":"https:\/\/anivet.lt\/elparduotuve\/wp-content\/uploads\/2025\/03\/95.-Chicopee-Classic-Line-Adult-Indoor-Beef-su-jautiena.jpg","datePublished":"2025-03-20T13:58:33+00:00","dateModified":"2026-05-04T18:21:10+00:00","description":"\u0160is nat\u016bralus pa\u0161aras u\u017etikrins optimal\u0173 j\u016bs\u0173 kat\u0117s \u0161\u0117rim\u0105, o \u0117dalo kvapui neatsispirs n\u0117 viena kat\u0117.","breadcrumb":{"@id":"https:\/\/anivet.lt\/elparduotuve\/produktas\/chicopee-classic-line-adult-indoor-beef-su-jautiena\/#breadcrumb"},"inLanguage":"lt-LT","potentialAction":[{"@type":"ReadAction","target":["https:\/\/anivet.lt\/elparduotuve\/produktas\/chicopee-classic-line-adult-indoor-beef-su-jautiena\/"]}]},{"@type":"ImageObject","inLanguage":"lt-LT","@id":"https:\/\/anivet.lt\/elparduotuve\/produktas\/chicopee-classic-line-adult-indoor-beef-su-jautiena\/#primaryimage","url":"https:\/\/anivet.lt\/elparduotuve\/wp-content\/uploads\/2025\/03\/95.-Chicopee-Classic-Line-Adult-Indoor-Beef-su-jautiena.jpg","contentUrl":"https:\/\/anivet.lt\/elparduotuve\/wp-content\/uploads\/2025\/03\/95.-Chicopee-Classic-Line-Adult-Indoor-Beef-su-jautiena.jpg","width":759,"height":933,"caption":"Chicopee Classic Line Adult Indoor Beef su jautiena"},{"@type":"BreadcrumbList","@id":"https:\/\/anivet.lt\/elparduotuve\/produktas\/chicopee-classic-line-adult-indoor-beef-su-jautiena\/#breadcrumb","itemListElement":[{"@type":"ListItem","position":1,"name":"Home","item":"https:\/\/anivet.lt\/elparduotuve\/"},{"@type":"ListItem","position":2,"name":"Produktai","item":"https:\/\/anivet.lt\/elparduotuve\/produktai\/"},{"@type":"ListItem","position":3,"name":"Chicopee Classic Line Adult Indoor Beef su jautiena"}]},{"@type":"WebSite","@id":"https:\/\/anivet.lt\/elparduotuve\/#website","url":"https:\/\/anivet.lt\/elparduotuve\/","name":"anivet.lt","description":"Viskas J\u016bs\u0173 \u0161uns, kat\u0117s prie\u017ei\u016brai","publisher":{"@id":"https:\/\/anivet.lt\/elparduotuve\/#organization"},"alternateName":"Viskas J\u016bs\u0173 \u0161uns, kat\u0117s prie\u017ei\u016brai","potentialAction":[{"@type":"SearchAction","target":{"@type":"EntryPoint","urlTemplate":"https:\/\/anivet.lt\/elparduotuve\/?s={search_term_string}"},"query-input":{"@type":"PropertyValueSpecification","valueRequired":true,"valueName":"search_term_string"}}],"inLanguage":"lt-LT"},{"@type":"Organization","@id":"https:\/\/anivet.lt\/elparduotuve\/#organization","name":"Viskas J\u016bs\u0173 \u0161uns, kat\u0117s prie\u017ei\u016brai","url":"https:\/\/anivet.lt\/elparduotuve\/","logo":{"@type":"ImageObject","inLanguage":"lt-LT","@id":"https:\/\/anivet.lt\/elparduotuve\/#\/schema\/logo\/image\/","url":"https:\/\/anivet.lt\/elparduotuve\/wp-content\/uploads\/2023\/06\/logo2.jpg","contentUrl":"https:\/\/anivet.lt\/elparduotuve\/wp-content\/uploads\/2023\/06\/logo2.jpg","width":655,"height":194,"caption":"Viskas J\u016bs\u0173 \u0161uns, kat\u0117s prie\u017ei\u016brai"},"image":{"@id":"https:\/\/anivet.lt\/elparduotuve\/#\/schema\/logo\/image\/"}}]}},"_links":{"self":[{"href":"https:\/\/anivet.lt\/elparduotuve\/wp-json\/wp\/v2\/product\/17210","targetHints":{"allow":["GET"]}}],"collection":[{"href":"https:\/\/anivet.lt\/elparduotuve\/wp-json\/wp\/v2\/product"}],"about":[{"href":"https:\/\/anivet.lt\/elparduotuve\/wp-json\/wp\/v2\/types\/product"}],"wp:featuredmedia":[{"embeddable":true,"href":"https:\/\/anivet.lt\/elparduotuve\/wp-json\/wp\/v2\/media\/17211"}],"wp:attachment":[{"href":"https:\/\/anivet.lt\/elparduotuve\/wp-json\/wp\/v2\/media?parent=17210"}],"wp:term":[{"taxonomy":"product_brand","embeddable":true,"href":"https:\/\/anivet.lt\/elparduotuve\/wp-json\/wp\/v2\/product_brand?post=17210"},{"taxonomy":"product_cat","embeddable":true,"href":"https:\/\/anivet.lt\/elparduotuve\/wp-json\/wp\/v2\/product_cat?post=17210"},{"taxonomy":"product_tag","embeddable":true,"href":"https:\/\/anivet.lt\/elparduotuve\/wp-json\/wp\/v2\/product_tag?post=17210"}],"curies":[{"name":"wp","href":"https:\/\/api.w.org\/{rel}","templated":true}]}}