{"id":17374,"date":"2025-04-04T13:40:42","date_gmt":"2025-04-04T13:40:42","guid":{"rendered":"https:\/\/anivet.lt\/elparduotuve\/?post_type=product&#038;p=17374"},"modified":"2025-09-10T10:12:58","modified_gmt":"2025-09-10T10:12:58","slug":"skinmed-ophtal-akiu-valiklis-su-melyniu-ekstraktu-60-ml","status":"publish","type":"product","link":"https:\/\/anivet.lt\/elparduotuve\/produktas\/skinmed-ophtal-akiu-valiklis-su-melyniu-ekstraktu-60-ml\/","title":{"rendered":"SkinMed Ophtal, aki\u0173 valiklis su m\u0117lyni\u0173 ekstraktu 60 ml"},"content":{"rendered":"<p>M\u0117lyni\u0173 ekstraktas ramina sudirgusias akis, gali pagerinti reg\u0117jim\u0105 ir skatinti kolageno gamyb\u0105 akyje. Produktas yra saugus naudoti vis\u0173 tip\u0173 gyv\u016bnams. Aplikacija neskausminga ir nedirgina. Jame n\u0117ra alkoholio, steroid\u0173 ar antibiotik\u0173.<\/p>\n","protected":false},"excerpt":{"rendered":"<p>Skystis gali suma\u017einti mikrob\u0173 kiek\u012f valomoje vietoje. Gali pagerinti \u201esaus\u0173 aki\u0173\u201c b\u016bkl\u0119.<\/p>\n","protected":false},"featured_media":17377,"template":"","meta":[],"product_brand":[],"product_cat":[101,119,121,102,108,110],"product_tag":[],"class_list":{"0":"post-17374","1":"product","2":"type-product","3":"status-publish","4":"has-post-thumbnail","6":"product_cat-sunims","7":"product_cat-prieziuros-priemones-katems","8":"product_cat-ausu-akiu-nosyciu-prieziura-prieziuros-priemones-katems","9":"product_cat-katems","10":"product_cat-prieziuros-priemones","11":"product_cat-ausu-akiu-nosyciu-prieziura","13":"first","14":"outofstock","15":"taxable","16":"shipping-taxable","17":"purchasable","18":"product-type-simple"},"yoast_head":"<!-- This site is optimized with the Yoast SEO Premium plugin v27.1 (Yoast SEO v27.3) - https:\/\/yoast.com\/product\/yoast-seo-premium-wordpress\/ -->\n<title>SkinMed Ophtal, aki\u0173 valiklis su m\u0117lyni\u0173 ekstraktu 60 ml - anivet.lt<\/title>\n<meta name=\"description\" content=\"Skystis gali suma\u017einti mikrob\u0173 kiek\u012f valomoje vietoje. Gali pagerinti \u201esaus\u0173 aki\u0173\u201c b\u016bkl\u0119.\" \/>\n<meta name=\"robots\" content=\"index, follow, max-snippet:-1, max-image-preview:large, max-video-preview:-1\" \/>\n<link rel=\"canonical\" href=\"https:\/\/anivet.lt\/elparduotuve\/produktas\/skinmed-ophtal-akiu-valiklis-su-melyniu-ekstraktu-60-ml\/\" \/>\n<meta property=\"og:locale\" content=\"lt_LT\" \/>\n<meta property=\"og:type\" content=\"article\" \/>\n<meta property=\"og:title\" content=\"SkinMed Ophtal, aki\u0173 valiklis su m\u0117lyni\u0173 ekstraktu 60 ml\" \/>\n<meta property=\"og:description\" content=\"Skystis gali suma\u017einti mikrob\u0173 kiek\u012f valomoje vietoje. Gali pagerinti \u201esaus\u0173 aki\u0173\u201c b\u016bkl\u0119.\" \/>\n<meta property=\"og:url\" content=\"https:\/\/anivet.lt\/elparduotuve\/produktas\/skinmed-ophtal-akiu-valiklis-su-melyniu-ekstraktu-60-ml\/\" \/>\n<meta property=\"og:site_name\" content=\"anivet.lt\" \/>\n<meta property=\"article:modified_time\" content=\"2025-09-10T10:12:58+00:00\" \/>\n<meta property=\"og:image\" content=\"https:\/\/anivet.lt\/elparduotuve\/wp-content\/uploads\/2025\/04\/SkinMed-Ophtal-akiu-valiklis-su-melyniu-ekstraktu-60-ml.jpg\" \/>\n\t<meta property=\"og:image:width\" content=\"536\" \/>\n\t<meta property=\"og:image:height\" content=\"596\" \/>\n\t<meta property=\"og:image:type\" content=\"image\/jpeg\" \/>\n<meta name=\"twitter:card\" content=\"summary_large_image\" \/>\n<meta name=\"twitter:label1\" content=\"Est. reading time\" \/>\n\t<meta name=\"twitter:data1\" content=\"1 minut\u0117\" \/>\n<script type=\"application\/ld+json\" class=\"yoast-schema-graph\">{\"@context\":\"https:\\\/\\\/schema.org\",\"@graph\":[{\"@type\":\"WebPage\",\"@id\":\"https:\\\/\\\/anivet.lt\\\/elparduotuve\\\/produktas\\\/skinmed-ophtal-akiu-valiklis-su-melyniu-ekstraktu-60-ml\\\/\",\"url\":\"https:\\\/\\\/anivet.lt\\\/elparduotuve\\\/produktas\\\/skinmed-ophtal-akiu-valiklis-su-melyniu-ekstraktu-60-ml\\\/\",\"name\":\"SkinMed Ophtal, aki\u0173 valiklis su m\u0117lyni\u0173 ekstraktu 60 ml - anivet.lt\",\"isPartOf\":{\"@id\":\"https:\\\/\\\/anivet.lt\\\/elparduotuve\\\/#website\"},\"primaryImageOfPage\":{\"@id\":\"https:\\\/\\\/anivet.lt\\\/elparduotuve\\\/produktas\\\/skinmed-ophtal-akiu-valiklis-su-melyniu-ekstraktu-60-ml\\\/#primaryimage\"},\"image\":{\"@id\":\"https:\\\/\\\/anivet.lt\\\/elparduotuve\\\/produktas\\\/skinmed-ophtal-akiu-valiklis-su-melyniu-ekstraktu-60-ml\\\/#primaryimage\"},\"thumbnailUrl\":\"https:\\\/\\\/anivet.lt\\\/elparduotuve\\\/wp-content\\\/uploads\\\/2025\\\/04\\\/SkinMed-Ophtal-akiu-valiklis-su-melyniu-ekstraktu-60-ml.jpg\",\"datePublished\":\"2025-04-04T13:40:42+00:00\",\"dateModified\":\"2025-09-10T10:12:58+00:00\",\"description\":\"Skystis gali suma\u017einti mikrob\u0173 kiek\u012f valomoje vietoje. Gali pagerinti \u201esaus\u0173 aki\u0173\u201c b\u016bkl\u0119.\",\"breadcrumb\":{\"@id\":\"https:\\\/\\\/anivet.lt\\\/elparduotuve\\\/produktas\\\/skinmed-ophtal-akiu-valiklis-su-melyniu-ekstraktu-60-ml\\\/#breadcrumb\"},\"inLanguage\":\"lt-LT\",\"potentialAction\":[{\"@type\":\"ReadAction\",\"target\":[\"https:\\\/\\\/anivet.lt\\\/elparduotuve\\\/produktas\\\/skinmed-ophtal-akiu-valiklis-su-melyniu-ekstraktu-60-ml\\\/\"]}]},{\"@type\":\"ImageObject\",\"inLanguage\":\"lt-LT\",\"@id\":\"https:\\\/\\\/anivet.lt\\\/elparduotuve\\\/produktas\\\/skinmed-ophtal-akiu-valiklis-su-melyniu-ekstraktu-60-ml\\\/#primaryimage\",\"url\":\"https:\\\/\\\/anivet.lt\\\/elparduotuve\\\/wp-content\\\/uploads\\\/2025\\\/04\\\/SkinMed-Ophtal-akiu-valiklis-su-melyniu-ekstraktu-60-ml.jpg\",\"contentUrl\":\"https:\\\/\\\/anivet.lt\\\/elparduotuve\\\/wp-content\\\/uploads\\\/2025\\\/04\\\/SkinMed-Ophtal-akiu-valiklis-su-melyniu-ekstraktu-60-ml.jpg\",\"width\":536,\"height\":596,\"caption\":\"SkinMed Ophtal, aki\u0173 valiklis su m\u0117lyni\u0173 ekstraktu 60 ml\"},{\"@type\":\"BreadcrumbList\",\"@id\":\"https:\\\/\\\/anivet.lt\\\/elparduotuve\\\/produktas\\\/skinmed-ophtal-akiu-valiklis-su-melyniu-ekstraktu-60-ml\\\/#breadcrumb\",\"itemListElement\":[{\"@type\":\"ListItem\",\"position\":1,\"name\":\"Home\",\"item\":\"https:\\\/\\\/anivet.lt\\\/elparduotuve\\\/\"},{\"@type\":\"ListItem\",\"position\":2,\"name\":\"Produktai\",\"item\":\"https:\\\/\\\/anivet.lt\\\/elparduotuve\\\/produktai\\\/\"},{\"@type\":\"ListItem\",\"position\":3,\"name\":\"SkinMed Ophtal, aki\u0173 valiklis su m\u0117lyni\u0173 ekstraktu 60 ml\"}]},{\"@type\":\"WebSite\",\"@id\":\"https:\\\/\\\/anivet.lt\\\/elparduotuve\\\/#website\",\"url\":\"https:\\\/\\\/anivet.lt\\\/elparduotuve\\\/\",\"name\":\"anivet.lt\",\"description\":\"Viskas J\u016bs\u0173 \u0161uns, kat\u0117s prie\u017ei\u016brai\",\"publisher\":{\"@id\":\"https:\\\/\\\/anivet.lt\\\/elparduotuve\\\/#organization\"},\"alternateName\":\"Viskas J\u016bs\u0173 \u0161uns, kat\u0117s prie\u017ei\u016brai\",\"potentialAction\":[{\"@type\":\"SearchAction\",\"target\":{\"@type\":\"EntryPoint\",\"urlTemplate\":\"https:\\\/\\\/anivet.lt\\\/elparduotuve\\\/?s={search_term_string}\"},\"query-input\":{\"@type\":\"PropertyValueSpecification\",\"valueRequired\":true,\"valueName\":\"search_term_string\"}}],\"inLanguage\":\"lt-LT\"},{\"@type\":\"Organization\",\"@id\":\"https:\\\/\\\/anivet.lt\\\/elparduotuve\\\/#organization\",\"name\":\"Viskas J\u016bs\u0173 \u0161uns, kat\u0117s prie\u017ei\u016brai\",\"url\":\"https:\\\/\\\/anivet.lt\\\/elparduotuve\\\/\",\"logo\":{\"@type\":\"ImageObject\",\"inLanguage\":\"lt-LT\",\"@id\":\"https:\\\/\\\/anivet.lt\\\/elparduotuve\\\/#\\\/schema\\\/logo\\\/image\\\/\",\"url\":\"https:\\\/\\\/anivet.lt\\\/elparduotuve\\\/wp-content\\\/uploads\\\/2023\\\/06\\\/logo2.jpg\",\"contentUrl\":\"https:\\\/\\\/anivet.lt\\\/elparduotuve\\\/wp-content\\\/uploads\\\/2023\\\/06\\\/logo2.jpg\",\"width\":655,\"height\":194,\"caption\":\"Viskas J\u016bs\u0173 \u0161uns, kat\u0117s prie\u017ei\u016brai\"},\"image\":{\"@id\":\"https:\\\/\\\/anivet.lt\\\/elparduotuve\\\/#\\\/schema\\\/logo\\\/image\\\/\"}}]}<\/script>\n<!-- \/ Yoast SEO Premium plugin. -->","yoast_head_json":{"title":"SkinMed Ophtal, aki\u0173 valiklis su m\u0117lyni\u0173 ekstraktu 60 ml - anivet.lt","description":"Skystis gali suma\u017einti mikrob\u0173 kiek\u012f valomoje vietoje. Gali pagerinti \u201esaus\u0173 aki\u0173\u201c b\u016bkl\u0119.","robots":{"index":"index","follow":"follow","max-snippet":"max-snippet:-1","max-image-preview":"max-image-preview:large","max-video-preview":"max-video-preview:-1"},"canonical":"https:\/\/anivet.lt\/elparduotuve\/produktas\/skinmed-ophtal-akiu-valiklis-su-melyniu-ekstraktu-60-ml\/","og_locale":"lt_LT","og_type":"article","og_title":"SkinMed Ophtal, aki\u0173 valiklis su m\u0117lyni\u0173 ekstraktu 60 ml","og_description":"Skystis gali suma\u017einti mikrob\u0173 kiek\u012f valomoje vietoje. Gali pagerinti \u201esaus\u0173 aki\u0173\u201c b\u016bkl\u0119.","og_url":"https:\/\/anivet.lt\/elparduotuve\/produktas\/skinmed-ophtal-akiu-valiklis-su-melyniu-ekstraktu-60-ml\/","og_site_name":"anivet.lt","article_modified_time":"2025-09-10T10:12:58+00:00","og_image":[{"width":536,"height":596,"url":"https:\/\/anivet.lt\/elparduotuve\/wp-content\/uploads\/2025\/04\/SkinMed-Ophtal-akiu-valiklis-su-melyniu-ekstraktu-60-ml.jpg","type":"image\/jpeg"}],"twitter_card":"summary_large_image","twitter_misc":{"Est. reading time":"1 minut\u0117"},"schema":{"@context":"https:\/\/schema.org","@graph":[{"@type":"WebPage","@id":"https:\/\/anivet.lt\/elparduotuve\/produktas\/skinmed-ophtal-akiu-valiklis-su-melyniu-ekstraktu-60-ml\/","url":"https:\/\/anivet.lt\/elparduotuve\/produktas\/skinmed-ophtal-akiu-valiklis-su-melyniu-ekstraktu-60-ml\/","name":"SkinMed Ophtal, aki\u0173 valiklis su m\u0117lyni\u0173 ekstraktu 60 ml - anivet.lt","isPartOf":{"@id":"https:\/\/anivet.lt\/elparduotuve\/#website"},"primaryImageOfPage":{"@id":"https:\/\/anivet.lt\/elparduotuve\/produktas\/skinmed-ophtal-akiu-valiklis-su-melyniu-ekstraktu-60-ml\/#primaryimage"},"image":{"@id":"https:\/\/anivet.lt\/elparduotuve\/produktas\/skinmed-ophtal-akiu-valiklis-su-melyniu-ekstraktu-60-ml\/#primaryimage"},"thumbnailUrl":"https:\/\/anivet.lt\/elparduotuve\/wp-content\/uploads\/2025\/04\/SkinMed-Ophtal-akiu-valiklis-su-melyniu-ekstraktu-60-ml.jpg","datePublished":"2025-04-04T13:40:42+00:00","dateModified":"2025-09-10T10:12:58+00:00","description":"Skystis gali suma\u017einti mikrob\u0173 kiek\u012f valomoje vietoje. Gali pagerinti \u201esaus\u0173 aki\u0173\u201c b\u016bkl\u0119.","breadcrumb":{"@id":"https:\/\/anivet.lt\/elparduotuve\/produktas\/skinmed-ophtal-akiu-valiklis-su-melyniu-ekstraktu-60-ml\/#breadcrumb"},"inLanguage":"lt-LT","potentialAction":[{"@type":"ReadAction","target":["https:\/\/anivet.lt\/elparduotuve\/produktas\/skinmed-ophtal-akiu-valiklis-su-melyniu-ekstraktu-60-ml\/"]}]},{"@type":"ImageObject","inLanguage":"lt-LT","@id":"https:\/\/anivet.lt\/elparduotuve\/produktas\/skinmed-ophtal-akiu-valiklis-su-melyniu-ekstraktu-60-ml\/#primaryimage","url":"https:\/\/anivet.lt\/elparduotuve\/wp-content\/uploads\/2025\/04\/SkinMed-Ophtal-akiu-valiklis-su-melyniu-ekstraktu-60-ml.jpg","contentUrl":"https:\/\/anivet.lt\/elparduotuve\/wp-content\/uploads\/2025\/04\/SkinMed-Ophtal-akiu-valiklis-su-melyniu-ekstraktu-60-ml.jpg","width":536,"height":596,"caption":"SkinMed Ophtal, aki\u0173 valiklis su m\u0117lyni\u0173 ekstraktu 60 ml"},{"@type":"BreadcrumbList","@id":"https:\/\/anivet.lt\/elparduotuve\/produktas\/skinmed-ophtal-akiu-valiklis-su-melyniu-ekstraktu-60-ml\/#breadcrumb","itemListElement":[{"@type":"ListItem","position":1,"name":"Home","item":"https:\/\/anivet.lt\/elparduotuve\/"},{"@type":"ListItem","position":2,"name":"Produktai","item":"https:\/\/anivet.lt\/elparduotuve\/produktai\/"},{"@type":"ListItem","position":3,"name":"SkinMed Ophtal, aki\u0173 valiklis su m\u0117lyni\u0173 ekstraktu 60 ml"}]},{"@type":"WebSite","@id":"https:\/\/anivet.lt\/elparduotuve\/#website","url":"https:\/\/anivet.lt\/elparduotuve\/","name":"anivet.lt","description":"Viskas J\u016bs\u0173 \u0161uns, kat\u0117s prie\u017ei\u016brai","publisher":{"@id":"https:\/\/anivet.lt\/elparduotuve\/#organization"},"alternateName":"Viskas J\u016bs\u0173 \u0161uns, kat\u0117s prie\u017ei\u016brai","potentialAction":[{"@type":"SearchAction","target":{"@type":"EntryPoint","urlTemplate":"https:\/\/anivet.lt\/elparduotuve\/?s={search_term_string}"},"query-input":{"@type":"PropertyValueSpecification","valueRequired":true,"valueName":"search_term_string"}}],"inLanguage":"lt-LT"},{"@type":"Organization","@id":"https:\/\/anivet.lt\/elparduotuve\/#organization","name":"Viskas J\u016bs\u0173 \u0161uns, kat\u0117s prie\u017ei\u016brai","url":"https:\/\/anivet.lt\/elparduotuve\/","logo":{"@type":"ImageObject","inLanguage":"lt-LT","@id":"https:\/\/anivet.lt\/elparduotuve\/#\/schema\/logo\/image\/","url":"https:\/\/anivet.lt\/elparduotuve\/wp-content\/uploads\/2023\/06\/logo2.jpg","contentUrl":"https:\/\/anivet.lt\/elparduotuve\/wp-content\/uploads\/2023\/06\/logo2.jpg","width":655,"height":194,"caption":"Viskas J\u016bs\u0173 \u0161uns, kat\u0117s prie\u017ei\u016brai"},"image":{"@id":"https:\/\/anivet.lt\/elparduotuve\/#\/schema\/logo\/image\/"}}]}},"_links":{"self":[{"href":"https:\/\/anivet.lt\/elparduotuve\/wp-json\/wp\/v2\/product\/17374","targetHints":{"allow":["GET"]}}],"collection":[{"href":"https:\/\/anivet.lt\/elparduotuve\/wp-json\/wp\/v2\/product"}],"about":[{"href":"https:\/\/anivet.lt\/elparduotuve\/wp-json\/wp\/v2\/types\/product"}],"wp:featuredmedia":[{"embeddable":true,"href":"https:\/\/anivet.lt\/elparduotuve\/wp-json\/wp\/v2\/media\/17377"}],"wp:attachment":[{"href":"https:\/\/anivet.lt\/elparduotuve\/wp-json\/wp\/v2\/media?parent=17374"}],"wp:term":[{"taxonomy":"product_brand","embeddable":true,"href":"https:\/\/anivet.lt\/elparduotuve\/wp-json\/wp\/v2\/product_brand?post=17374"},{"taxonomy":"product_cat","embeddable":true,"href":"https:\/\/anivet.lt\/elparduotuve\/wp-json\/wp\/v2\/product_cat?post=17374"},{"taxonomy":"product_tag","embeddable":true,"href":"https:\/\/anivet.lt\/elparduotuve\/wp-json\/wp\/v2\/product_tag?post=17374"}],"curies":[{"name":"wp","href":"https:\/\/api.w.org\/{rel}","templated":true}]}}