{"id":17378,"date":"2025-04-04T13:44:32","date_gmt":"2025-04-04T13:44:32","guid":{"rendered":"https:\/\/anivet.lt\/elparduotuve\/?post_type=product&#038;p=17378"},"modified":"2026-02-27T17:24:49","modified_gmt":"2026-02-27T17:24:49","slug":"bogacare-perfect-eye-cleaner-dog-akiu-valiklis-sunims-100-ml","status":"publish","type":"product","link":"https:\/\/anivet.lt\/elparduotuve\/produktas\/bogacare-perfect-eye-cleaner-dog-akiu-valiklis-sunims-100-ml\/","title":{"rendered":"BOGACARE PERFECT EYE CLEANER DOG aki\u0173 valiklis \u0161unims 100 ml"},"content":{"rendered":"<p>Ypa\u010d \u0161velnus valymo tirpalas \u0161alina gleives ir tirpdo sud\u017eiuvusias i\u0161skyras, a\u0161ar\u0173 paliktas \u017eymes bei trai\u0161kanas nuo plauk\u0173. D\u0117l puikiai subalansuotos sud\u0117ties galima naudoti, kai i\u0161 aki\u0173 reikia i\u0161plauti ten patekusius ne\u0161varumus, nesukeliant deginimo poj\u016b\u010dio. Valiklio pH atitinka nat\u016bral\u0173 aki\u0173 pH (7,4).<\/p>\n","protected":false},"excerpt":{"rendered":"<p>Aki\u0173 valiklis kasdieniam aki\u0173 valymui.<\/p>\n","protected":false},"featured_media":17379,"template":"","meta":[],"product_brand":[],"product_cat":[101,108,110],"product_tag":[],"class_list":{"0":"post-17378","1":"product","2":"type-product","3":"status-publish","4":"has-post-thumbnail","6":"product_cat-sunims","7":"product_cat-prieziuros-priemones","8":"product_cat-ausu-akiu-nosyciu-prieziura","10":"first","11":"instock","12":"taxable","13":"shipping-taxable","14":"purchasable","15":"product-type-simple"},"yoast_head":"<!-- This site is optimized with the Yoast SEO Premium plugin v27.1 (Yoast SEO v27.3) - https:\/\/yoast.com\/product\/yoast-seo-premium-wordpress\/ -->\n<title>BOGACARE PERFECT EYE CLEANER DOG aki\u0173 valiklis \u0161unims 100 ml - anivet.lt<\/title>\n<meta name=\"description\" content=\"Aki\u0173 valiklis kasdieniam aki\u0173 valymui.\" \/>\n<meta name=\"robots\" content=\"index, follow, max-snippet:-1, max-image-preview:large, max-video-preview:-1\" \/>\n<link rel=\"canonical\" href=\"https:\/\/anivet.lt\/elparduotuve\/produktas\/bogacare-perfect-eye-cleaner-dog-akiu-valiklis-sunims-100-ml\/\" \/>\n<meta property=\"og:locale\" content=\"lt_LT\" \/>\n<meta property=\"og:type\" content=\"article\" \/>\n<meta property=\"og:title\" content=\"BOGACARE PERFECT EYE CLEANER DOG aki\u0173 valiklis \u0161unims 100 ml\" \/>\n<meta property=\"og:description\" content=\"Aki\u0173 valiklis kasdieniam aki\u0173 valymui.\" \/>\n<meta property=\"og:url\" content=\"https:\/\/anivet.lt\/elparduotuve\/produktas\/bogacare-perfect-eye-cleaner-dog-akiu-valiklis-sunims-100-ml\/\" \/>\n<meta property=\"og:site_name\" content=\"anivet.lt\" \/>\n<meta property=\"article:modified_time\" content=\"2026-02-27T17:24:49+00:00\" \/>\n<meta property=\"og:image\" content=\"https:\/\/anivet.lt\/elparduotuve\/wp-content\/uploads\/2025\/04\/BOGACARE-PERFECT-EYE-CLEANER-DOG-akiu-valiklis-sunims-100-ml.jpg\" \/>\n\t<meta property=\"og:image:width\" content=\"1000\" \/>\n\t<meta property=\"og:image:height\" content=\"817\" \/>\n\t<meta property=\"og:image:type\" content=\"image\/jpeg\" \/>\n<meta name=\"twitter:card\" content=\"summary_large_image\" \/>\n<meta name=\"twitter:label1\" content=\"Est. reading time\" \/>\n\t<meta name=\"twitter:data1\" content=\"1 minut\u0117\" \/>\n<script type=\"application\/ld+json\" class=\"yoast-schema-graph\">{\"@context\":\"https:\\\/\\\/schema.org\",\"@graph\":[{\"@type\":\"WebPage\",\"@id\":\"https:\\\/\\\/anivet.lt\\\/elparduotuve\\\/produktas\\\/bogacare-perfect-eye-cleaner-dog-akiu-valiklis-sunims-100-ml\\\/\",\"url\":\"https:\\\/\\\/anivet.lt\\\/elparduotuve\\\/produktas\\\/bogacare-perfect-eye-cleaner-dog-akiu-valiklis-sunims-100-ml\\\/\",\"name\":\"BOGACARE PERFECT EYE CLEANER DOG aki\u0173 valiklis \u0161unims 100 ml - anivet.lt\",\"isPartOf\":{\"@id\":\"https:\\\/\\\/anivet.lt\\\/elparduotuve\\\/#website\"},\"primaryImageOfPage\":{\"@id\":\"https:\\\/\\\/anivet.lt\\\/elparduotuve\\\/produktas\\\/bogacare-perfect-eye-cleaner-dog-akiu-valiklis-sunims-100-ml\\\/#primaryimage\"},\"image\":{\"@id\":\"https:\\\/\\\/anivet.lt\\\/elparduotuve\\\/produktas\\\/bogacare-perfect-eye-cleaner-dog-akiu-valiklis-sunims-100-ml\\\/#primaryimage\"},\"thumbnailUrl\":\"https:\\\/\\\/anivet.lt\\\/elparduotuve\\\/wp-content\\\/uploads\\\/2025\\\/04\\\/BOGACARE-PERFECT-EYE-CLEANER-DOG-akiu-valiklis-sunims-100-ml.jpg\",\"datePublished\":\"2025-04-04T13:44:32+00:00\",\"dateModified\":\"2026-02-27T17:24:49+00:00\",\"description\":\"Aki\u0173 valiklis kasdieniam aki\u0173 valymui.\",\"breadcrumb\":{\"@id\":\"https:\\\/\\\/anivet.lt\\\/elparduotuve\\\/produktas\\\/bogacare-perfect-eye-cleaner-dog-akiu-valiklis-sunims-100-ml\\\/#breadcrumb\"},\"inLanguage\":\"lt-LT\",\"potentialAction\":[{\"@type\":\"ReadAction\",\"target\":[\"https:\\\/\\\/anivet.lt\\\/elparduotuve\\\/produktas\\\/bogacare-perfect-eye-cleaner-dog-akiu-valiklis-sunims-100-ml\\\/\"]}]},{\"@type\":\"ImageObject\",\"inLanguage\":\"lt-LT\",\"@id\":\"https:\\\/\\\/anivet.lt\\\/elparduotuve\\\/produktas\\\/bogacare-perfect-eye-cleaner-dog-akiu-valiklis-sunims-100-ml\\\/#primaryimage\",\"url\":\"https:\\\/\\\/anivet.lt\\\/elparduotuve\\\/wp-content\\\/uploads\\\/2025\\\/04\\\/BOGACARE-PERFECT-EYE-CLEANER-DOG-akiu-valiklis-sunims-100-ml.jpg\",\"contentUrl\":\"https:\\\/\\\/anivet.lt\\\/elparduotuve\\\/wp-content\\\/uploads\\\/2025\\\/04\\\/BOGACARE-PERFECT-EYE-CLEANER-DOG-akiu-valiklis-sunims-100-ml.jpg\",\"width\":1000,\"height\":817,\"caption\":\"BOGACARE PERFECT EYE CLEANER DOG aki\u0173 valiklis \u0161unims 100 ml\"},{\"@type\":\"BreadcrumbList\",\"@id\":\"https:\\\/\\\/anivet.lt\\\/elparduotuve\\\/produktas\\\/bogacare-perfect-eye-cleaner-dog-akiu-valiklis-sunims-100-ml\\\/#breadcrumb\",\"itemListElement\":[{\"@type\":\"ListItem\",\"position\":1,\"name\":\"Home\",\"item\":\"https:\\\/\\\/anivet.lt\\\/elparduotuve\\\/\"},{\"@type\":\"ListItem\",\"position\":2,\"name\":\"Produktai\",\"item\":\"https:\\\/\\\/anivet.lt\\\/elparduotuve\\\/produktai\\\/\"},{\"@type\":\"ListItem\",\"position\":3,\"name\":\"BOGACARE PERFECT EYE CLEANER DOG aki\u0173 valiklis \u0161unims 100 ml\"}]},{\"@type\":\"WebSite\",\"@id\":\"https:\\\/\\\/anivet.lt\\\/elparduotuve\\\/#website\",\"url\":\"https:\\\/\\\/anivet.lt\\\/elparduotuve\\\/\",\"name\":\"anivet.lt\",\"description\":\"Viskas J\u016bs\u0173 \u0161uns, kat\u0117s prie\u017ei\u016brai\",\"publisher\":{\"@id\":\"https:\\\/\\\/anivet.lt\\\/elparduotuve\\\/#organization\"},\"alternateName\":\"Viskas J\u016bs\u0173 \u0161uns, kat\u0117s prie\u017ei\u016brai\",\"potentialAction\":[{\"@type\":\"SearchAction\",\"target\":{\"@type\":\"EntryPoint\",\"urlTemplate\":\"https:\\\/\\\/anivet.lt\\\/elparduotuve\\\/?s={search_term_string}\"},\"query-input\":{\"@type\":\"PropertyValueSpecification\",\"valueRequired\":true,\"valueName\":\"search_term_string\"}}],\"inLanguage\":\"lt-LT\"},{\"@type\":\"Organization\",\"@id\":\"https:\\\/\\\/anivet.lt\\\/elparduotuve\\\/#organization\",\"name\":\"Viskas J\u016bs\u0173 \u0161uns, kat\u0117s prie\u017ei\u016brai\",\"url\":\"https:\\\/\\\/anivet.lt\\\/elparduotuve\\\/\",\"logo\":{\"@type\":\"ImageObject\",\"inLanguage\":\"lt-LT\",\"@id\":\"https:\\\/\\\/anivet.lt\\\/elparduotuve\\\/#\\\/schema\\\/logo\\\/image\\\/\",\"url\":\"https:\\\/\\\/anivet.lt\\\/elparduotuve\\\/wp-content\\\/uploads\\\/2023\\\/06\\\/logo2.jpg\",\"contentUrl\":\"https:\\\/\\\/anivet.lt\\\/elparduotuve\\\/wp-content\\\/uploads\\\/2023\\\/06\\\/logo2.jpg\",\"width\":655,\"height\":194,\"caption\":\"Viskas J\u016bs\u0173 \u0161uns, kat\u0117s prie\u017ei\u016brai\"},\"image\":{\"@id\":\"https:\\\/\\\/anivet.lt\\\/elparduotuve\\\/#\\\/schema\\\/logo\\\/image\\\/\"}}]}<\/script>\n<!-- \/ Yoast SEO Premium plugin. -->","yoast_head_json":{"title":"BOGACARE PERFECT EYE CLEANER DOG aki\u0173 valiklis \u0161unims 100 ml - anivet.lt","description":"Aki\u0173 valiklis kasdieniam aki\u0173 valymui.","robots":{"index":"index","follow":"follow","max-snippet":"max-snippet:-1","max-image-preview":"max-image-preview:large","max-video-preview":"max-video-preview:-1"},"canonical":"https:\/\/anivet.lt\/elparduotuve\/produktas\/bogacare-perfect-eye-cleaner-dog-akiu-valiklis-sunims-100-ml\/","og_locale":"lt_LT","og_type":"article","og_title":"BOGACARE PERFECT EYE CLEANER DOG aki\u0173 valiklis \u0161unims 100 ml","og_description":"Aki\u0173 valiklis kasdieniam aki\u0173 valymui.","og_url":"https:\/\/anivet.lt\/elparduotuve\/produktas\/bogacare-perfect-eye-cleaner-dog-akiu-valiklis-sunims-100-ml\/","og_site_name":"anivet.lt","article_modified_time":"2026-02-27T17:24:49+00:00","og_image":[{"width":1000,"height":817,"url":"https:\/\/anivet.lt\/elparduotuve\/wp-content\/uploads\/2025\/04\/BOGACARE-PERFECT-EYE-CLEANER-DOG-akiu-valiklis-sunims-100-ml.jpg","type":"image\/jpeg"}],"twitter_card":"summary_large_image","twitter_misc":{"Est. reading time":"1 minut\u0117"},"schema":{"@context":"https:\/\/schema.org","@graph":[{"@type":"WebPage","@id":"https:\/\/anivet.lt\/elparduotuve\/produktas\/bogacare-perfect-eye-cleaner-dog-akiu-valiklis-sunims-100-ml\/","url":"https:\/\/anivet.lt\/elparduotuve\/produktas\/bogacare-perfect-eye-cleaner-dog-akiu-valiklis-sunims-100-ml\/","name":"BOGACARE PERFECT EYE CLEANER DOG aki\u0173 valiklis \u0161unims 100 ml - anivet.lt","isPartOf":{"@id":"https:\/\/anivet.lt\/elparduotuve\/#website"},"primaryImageOfPage":{"@id":"https:\/\/anivet.lt\/elparduotuve\/produktas\/bogacare-perfect-eye-cleaner-dog-akiu-valiklis-sunims-100-ml\/#primaryimage"},"image":{"@id":"https:\/\/anivet.lt\/elparduotuve\/produktas\/bogacare-perfect-eye-cleaner-dog-akiu-valiklis-sunims-100-ml\/#primaryimage"},"thumbnailUrl":"https:\/\/anivet.lt\/elparduotuve\/wp-content\/uploads\/2025\/04\/BOGACARE-PERFECT-EYE-CLEANER-DOG-akiu-valiklis-sunims-100-ml.jpg","datePublished":"2025-04-04T13:44:32+00:00","dateModified":"2026-02-27T17:24:49+00:00","description":"Aki\u0173 valiklis kasdieniam aki\u0173 valymui.","breadcrumb":{"@id":"https:\/\/anivet.lt\/elparduotuve\/produktas\/bogacare-perfect-eye-cleaner-dog-akiu-valiklis-sunims-100-ml\/#breadcrumb"},"inLanguage":"lt-LT","potentialAction":[{"@type":"ReadAction","target":["https:\/\/anivet.lt\/elparduotuve\/produktas\/bogacare-perfect-eye-cleaner-dog-akiu-valiklis-sunims-100-ml\/"]}]},{"@type":"ImageObject","inLanguage":"lt-LT","@id":"https:\/\/anivet.lt\/elparduotuve\/produktas\/bogacare-perfect-eye-cleaner-dog-akiu-valiklis-sunims-100-ml\/#primaryimage","url":"https:\/\/anivet.lt\/elparduotuve\/wp-content\/uploads\/2025\/04\/BOGACARE-PERFECT-EYE-CLEANER-DOG-akiu-valiklis-sunims-100-ml.jpg","contentUrl":"https:\/\/anivet.lt\/elparduotuve\/wp-content\/uploads\/2025\/04\/BOGACARE-PERFECT-EYE-CLEANER-DOG-akiu-valiklis-sunims-100-ml.jpg","width":1000,"height":817,"caption":"BOGACARE PERFECT EYE CLEANER DOG aki\u0173 valiklis \u0161unims 100 ml"},{"@type":"BreadcrumbList","@id":"https:\/\/anivet.lt\/elparduotuve\/produktas\/bogacare-perfect-eye-cleaner-dog-akiu-valiklis-sunims-100-ml\/#breadcrumb","itemListElement":[{"@type":"ListItem","position":1,"name":"Home","item":"https:\/\/anivet.lt\/elparduotuve\/"},{"@type":"ListItem","position":2,"name":"Produktai","item":"https:\/\/anivet.lt\/elparduotuve\/produktai\/"},{"@type":"ListItem","position":3,"name":"BOGACARE PERFECT EYE CLEANER DOG aki\u0173 valiklis \u0161unims 100 ml"}]},{"@type":"WebSite","@id":"https:\/\/anivet.lt\/elparduotuve\/#website","url":"https:\/\/anivet.lt\/elparduotuve\/","name":"anivet.lt","description":"Viskas J\u016bs\u0173 \u0161uns, kat\u0117s prie\u017ei\u016brai","publisher":{"@id":"https:\/\/anivet.lt\/elparduotuve\/#organization"},"alternateName":"Viskas J\u016bs\u0173 \u0161uns, kat\u0117s prie\u017ei\u016brai","potentialAction":[{"@type":"SearchAction","target":{"@type":"EntryPoint","urlTemplate":"https:\/\/anivet.lt\/elparduotuve\/?s={search_term_string}"},"query-input":{"@type":"PropertyValueSpecification","valueRequired":true,"valueName":"search_term_string"}}],"inLanguage":"lt-LT"},{"@type":"Organization","@id":"https:\/\/anivet.lt\/elparduotuve\/#organization","name":"Viskas J\u016bs\u0173 \u0161uns, kat\u0117s prie\u017ei\u016brai","url":"https:\/\/anivet.lt\/elparduotuve\/","logo":{"@type":"ImageObject","inLanguage":"lt-LT","@id":"https:\/\/anivet.lt\/elparduotuve\/#\/schema\/logo\/image\/","url":"https:\/\/anivet.lt\/elparduotuve\/wp-content\/uploads\/2023\/06\/logo2.jpg","contentUrl":"https:\/\/anivet.lt\/elparduotuve\/wp-content\/uploads\/2023\/06\/logo2.jpg","width":655,"height":194,"caption":"Viskas J\u016bs\u0173 \u0161uns, kat\u0117s prie\u017ei\u016brai"},"image":{"@id":"https:\/\/anivet.lt\/elparduotuve\/#\/schema\/logo\/image\/"}}]}},"_links":{"self":[{"href":"https:\/\/anivet.lt\/elparduotuve\/wp-json\/wp\/v2\/product\/17378","targetHints":{"allow":["GET"]}}],"collection":[{"href":"https:\/\/anivet.lt\/elparduotuve\/wp-json\/wp\/v2\/product"}],"about":[{"href":"https:\/\/anivet.lt\/elparduotuve\/wp-json\/wp\/v2\/types\/product"}],"wp:featuredmedia":[{"embeddable":true,"href":"https:\/\/anivet.lt\/elparduotuve\/wp-json\/wp\/v2\/media\/17379"}],"wp:attachment":[{"href":"https:\/\/anivet.lt\/elparduotuve\/wp-json\/wp\/v2\/media?parent=17378"}],"wp:term":[{"taxonomy":"product_brand","embeddable":true,"href":"https:\/\/anivet.lt\/elparduotuve\/wp-json\/wp\/v2\/product_brand?post=17378"},{"taxonomy":"product_cat","embeddable":true,"href":"https:\/\/anivet.lt\/elparduotuve\/wp-json\/wp\/v2\/product_cat?post=17378"},{"taxonomy":"product_tag","embeddable":true,"href":"https:\/\/anivet.lt\/elparduotuve\/wp-json\/wp\/v2\/product_tag?post=17378"}],"curies":[{"name":"wp","href":"https:\/\/api.w.org\/{rel}","templated":true}]}}