{"id":17380,"date":"2025-04-04T13:54:15","date_gmt":"2025-04-04T13:54:15","guid":{"rendered":"https:\/\/anivet.lt\/elparduotuve\/?post_type=product&#038;p=17380"},"modified":"2026-02-02T19:40:12","modified_gmt":"2026-02-02T19:40:12","slug":"flamingo-priemone-asaru-demems-valyti-sunims-ir-katems-50ml","status":"publish","type":"product","link":"https:\/\/anivet.lt\/elparduotuve\/produktas\/flamingo-priemone-asaru-demems-valyti-sunims-ir-katems-50ml\/","title":{"rendered":"Flamingo priemon\u0117 a\u0161ar\u0173 d\u0117m\u0117ms valyti \u0161unims ir kat\u0117ms 50ml"},"content":{"rendered":"<p>\u0160unims ir kat\u0117ms da\u017enai aplink akis atsiranda a\u0161ar\u0173 d\u0117mi\u0173, ypa\u010d nuo to ken\u010dia \u0161viesaus kailio gyv\u016bnai. \u0160i priemon\u0117 padeda efektyviai ir saugiai pa\u0161alinti d\u0117mes ir sud\u017ei\u016bvusius a\u0161ar\u0173 liku\u010dius aplink akis.<\/p>\n","protected":false},"excerpt":{"rendered":"<p>\u0160unims ir kat\u0117ms da\u017enai aplink akis atsiranda a\u0161ar\u0173 d\u0117mi\u0173, ypa\u010d nuo to ken\u010dia \u0161viesaus kailio gyv\u016bnai. \u0160i priemon\u0117 padeda efektyviai<\/p>\n","protected":false},"featured_media":17381,"template":"","meta":[],"product_brand":[],"product_cat":[101,102,108,110,119,121],"product_tag":[],"class_list":{"0":"post-17380","1":"product","2":"type-product","3":"status-publish","4":"has-post-thumbnail","6":"product_cat-sunims","7":"product_cat-katems","8":"product_cat-prieziuros-priemones","9":"product_cat-ausu-akiu-nosyciu-prieziura","10":"product_cat-prieziuros-priemones-katems","11":"product_cat-ausu-akiu-nosyciu-prieziura-prieziuros-priemones-katems","13":"first","14":"instock","15":"taxable","16":"shipping-taxable","17":"purchasable","18":"product-type-simple"},"yoast_head":"<!-- This site is optimized with the Yoast SEO Premium plugin v27.1 (Yoast SEO v27.3) - https:\/\/yoast.com\/product\/yoast-seo-premium-wordpress\/ -->\n<title>Flamingo priemon\u0117 a\u0161ar\u0173 d\u0117m\u0117ms valyti \u0161unims ir kat\u0117ms 50ml - anivet.lt<\/title>\n<meta name=\"description\" content=\"\u0160unims ir kat\u0117ms da\u017enai aplink akis atsiranda a\u0161ar\u0173 d\u0117mi\u0173, ypa\u010d nuo to ken\u010dia \u0161viesaus kailio gyv\u016bnai. \u0160i priemon\u0117 padeda efektyviai ir saugiai pa\u0161alinti\" \/>\n<meta name=\"robots\" content=\"index, follow, max-snippet:-1, max-image-preview:large, max-video-preview:-1\" \/>\n<link rel=\"canonical\" href=\"https:\/\/anivet.lt\/elparduotuve\/produktas\/flamingo-priemone-asaru-demems-valyti-sunims-ir-katems-50ml\/\" \/>\n<meta property=\"og:locale\" content=\"lt_LT\" \/>\n<meta property=\"og:type\" content=\"article\" \/>\n<meta property=\"og:title\" content=\"Flamingo priemon\u0117 a\u0161ar\u0173 d\u0117m\u0117ms valyti \u0161unims ir kat\u0117ms 50ml\" \/>\n<meta property=\"og:description\" content=\"\u0160unims ir kat\u0117ms da\u017enai aplink akis atsiranda a\u0161ar\u0173 d\u0117mi\u0173, ypa\u010d nuo to ken\u010dia \u0161viesaus kailio gyv\u016bnai. \u0160i priemon\u0117 padeda efektyviai ir saugiai pa\u0161alinti\" \/>\n<meta property=\"og:url\" content=\"https:\/\/anivet.lt\/elparduotuve\/produktas\/flamingo-priemone-asaru-demems-valyti-sunims-ir-katems-50ml\/\" \/>\n<meta property=\"og:site_name\" content=\"anivet.lt\" \/>\n<meta property=\"article:modified_time\" content=\"2026-02-02T19:40:12+00:00\" \/>\n<meta property=\"og:image\" content=\"https:\/\/anivet.lt\/elparduotuve\/wp-content\/uploads\/2025\/04\/Flamingo-priemone-asaru-demems-valyti-sunims-ir-katems-50ml.jpg\" \/>\n\t<meta property=\"og:image:width\" content=\"650\" \/>\n\t<meta property=\"og:image:height\" content=\"818\" \/>\n\t<meta property=\"og:image:type\" content=\"image\/jpeg\" \/>\n<meta name=\"twitter:card\" content=\"summary_large_image\" \/>\n<meta name=\"twitter:label1\" content=\"Est. reading time\" \/>\n\t<meta name=\"twitter:data1\" content=\"1 minut\u0117\" \/>\n<script type=\"application\/ld+json\" class=\"yoast-schema-graph\">{\"@context\":\"https:\\\/\\\/schema.org\",\"@graph\":[{\"@type\":\"WebPage\",\"@id\":\"https:\\\/\\\/anivet.lt\\\/elparduotuve\\\/produktas\\\/flamingo-priemone-asaru-demems-valyti-sunims-ir-katems-50ml\\\/\",\"url\":\"https:\\\/\\\/anivet.lt\\\/elparduotuve\\\/produktas\\\/flamingo-priemone-asaru-demems-valyti-sunims-ir-katems-50ml\\\/\",\"name\":\"Flamingo priemon\u0117 a\u0161ar\u0173 d\u0117m\u0117ms valyti \u0161unims ir kat\u0117ms 50ml - anivet.lt\",\"isPartOf\":{\"@id\":\"https:\\\/\\\/anivet.lt\\\/elparduotuve\\\/#website\"},\"primaryImageOfPage\":{\"@id\":\"https:\\\/\\\/anivet.lt\\\/elparduotuve\\\/produktas\\\/flamingo-priemone-asaru-demems-valyti-sunims-ir-katems-50ml\\\/#primaryimage\"},\"image\":{\"@id\":\"https:\\\/\\\/anivet.lt\\\/elparduotuve\\\/produktas\\\/flamingo-priemone-asaru-demems-valyti-sunims-ir-katems-50ml\\\/#primaryimage\"},\"thumbnailUrl\":\"https:\\\/\\\/anivet.lt\\\/elparduotuve\\\/wp-content\\\/uploads\\\/2025\\\/04\\\/Flamingo-priemone-asaru-demems-valyti-sunims-ir-katems-50ml.jpg\",\"datePublished\":\"2025-04-04T13:54:15+00:00\",\"dateModified\":\"2026-02-02T19:40:12+00:00\",\"description\":\"\u0160unims ir kat\u0117ms da\u017enai aplink akis atsiranda a\u0161ar\u0173 d\u0117mi\u0173, ypa\u010d nuo to ken\u010dia \u0161viesaus kailio gyv\u016bnai. \u0160i priemon\u0117 padeda efektyviai ir saugiai pa\u0161alinti\",\"breadcrumb\":{\"@id\":\"https:\\\/\\\/anivet.lt\\\/elparduotuve\\\/produktas\\\/flamingo-priemone-asaru-demems-valyti-sunims-ir-katems-50ml\\\/#breadcrumb\"},\"inLanguage\":\"lt-LT\",\"potentialAction\":[{\"@type\":\"ReadAction\",\"target\":[\"https:\\\/\\\/anivet.lt\\\/elparduotuve\\\/produktas\\\/flamingo-priemone-asaru-demems-valyti-sunims-ir-katems-50ml\\\/\"]}]},{\"@type\":\"ImageObject\",\"inLanguage\":\"lt-LT\",\"@id\":\"https:\\\/\\\/anivet.lt\\\/elparduotuve\\\/produktas\\\/flamingo-priemone-asaru-demems-valyti-sunims-ir-katems-50ml\\\/#primaryimage\",\"url\":\"https:\\\/\\\/anivet.lt\\\/elparduotuve\\\/wp-content\\\/uploads\\\/2025\\\/04\\\/Flamingo-priemone-asaru-demems-valyti-sunims-ir-katems-50ml.jpg\",\"contentUrl\":\"https:\\\/\\\/anivet.lt\\\/elparduotuve\\\/wp-content\\\/uploads\\\/2025\\\/04\\\/Flamingo-priemone-asaru-demems-valyti-sunims-ir-katems-50ml.jpg\",\"width\":650,\"height\":818,\"caption\":\"Flamingo priemon\u0117 a\u0161ar\u0173 d\u0117m\u0117ms valyti \u0161unims ir kat\u0117ms 50ml\"},{\"@type\":\"BreadcrumbList\",\"@id\":\"https:\\\/\\\/anivet.lt\\\/elparduotuve\\\/produktas\\\/flamingo-priemone-asaru-demems-valyti-sunims-ir-katems-50ml\\\/#breadcrumb\",\"itemListElement\":[{\"@type\":\"ListItem\",\"position\":1,\"name\":\"Home\",\"item\":\"https:\\\/\\\/anivet.lt\\\/elparduotuve\\\/\"},{\"@type\":\"ListItem\",\"position\":2,\"name\":\"Produktai\",\"item\":\"https:\\\/\\\/anivet.lt\\\/elparduotuve\\\/produktai\\\/\"},{\"@type\":\"ListItem\",\"position\":3,\"name\":\"Flamingo priemon\u0117 a\u0161ar\u0173 d\u0117m\u0117ms valyti \u0161unims ir kat\u0117ms 50ml\"}]},{\"@type\":\"WebSite\",\"@id\":\"https:\\\/\\\/anivet.lt\\\/elparduotuve\\\/#website\",\"url\":\"https:\\\/\\\/anivet.lt\\\/elparduotuve\\\/\",\"name\":\"anivet.lt\",\"description\":\"Viskas J\u016bs\u0173 \u0161uns, kat\u0117s prie\u017ei\u016brai\",\"publisher\":{\"@id\":\"https:\\\/\\\/anivet.lt\\\/elparduotuve\\\/#organization\"},\"alternateName\":\"Viskas J\u016bs\u0173 \u0161uns, kat\u0117s prie\u017ei\u016brai\",\"potentialAction\":[{\"@type\":\"SearchAction\",\"target\":{\"@type\":\"EntryPoint\",\"urlTemplate\":\"https:\\\/\\\/anivet.lt\\\/elparduotuve\\\/?s={search_term_string}\"},\"query-input\":{\"@type\":\"PropertyValueSpecification\",\"valueRequired\":true,\"valueName\":\"search_term_string\"}}],\"inLanguage\":\"lt-LT\"},{\"@type\":\"Organization\",\"@id\":\"https:\\\/\\\/anivet.lt\\\/elparduotuve\\\/#organization\",\"name\":\"Viskas J\u016bs\u0173 \u0161uns, kat\u0117s prie\u017ei\u016brai\",\"url\":\"https:\\\/\\\/anivet.lt\\\/elparduotuve\\\/\",\"logo\":{\"@type\":\"ImageObject\",\"inLanguage\":\"lt-LT\",\"@id\":\"https:\\\/\\\/anivet.lt\\\/elparduotuve\\\/#\\\/schema\\\/logo\\\/image\\\/\",\"url\":\"https:\\\/\\\/anivet.lt\\\/elparduotuve\\\/wp-content\\\/uploads\\\/2023\\\/06\\\/logo2.jpg\",\"contentUrl\":\"https:\\\/\\\/anivet.lt\\\/elparduotuve\\\/wp-content\\\/uploads\\\/2023\\\/06\\\/logo2.jpg\",\"width\":655,\"height\":194,\"caption\":\"Viskas J\u016bs\u0173 \u0161uns, kat\u0117s prie\u017ei\u016brai\"},\"image\":{\"@id\":\"https:\\\/\\\/anivet.lt\\\/elparduotuve\\\/#\\\/schema\\\/logo\\\/image\\\/\"}}]}<\/script>\n<!-- \/ Yoast SEO Premium plugin. -->","yoast_head_json":{"title":"Flamingo priemon\u0117 a\u0161ar\u0173 d\u0117m\u0117ms valyti \u0161unims ir kat\u0117ms 50ml - anivet.lt","description":"\u0160unims ir kat\u0117ms da\u017enai aplink akis atsiranda a\u0161ar\u0173 d\u0117mi\u0173, ypa\u010d nuo to ken\u010dia \u0161viesaus kailio gyv\u016bnai. \u0160i priemon\u0117 padeda efektyviai ir saugiai pa\u0161alinti","robots":{"index":"index","follow":"follow","max-snippet":"max-snippet:-1","max-image-preview":"max-image-preview:large","max-video-preview":"max-video-preview:-1"},"canonical":"https:\/\/anivet.lt\/elparduotuve\/produktas\/flamingo-priemone-asaru-demems-valyti-sunims-ir-katems-50ml\/","og_locale":"lt_LT","og_type":"article","og_title":"Flamingo priemon\u0117 a\u0161ar\u0173 d\u0117m\u0117ms valyti \u0161unims ir kat\u0117ms 50ml","og_description":"\u0160unims ir kat\u0117ms da\u017enai aplink akis atsiranda a\u0161ar\u0173 d\u0117mi\u0173, ypa\u010d nuo to ken\u010dia \u0161viesaus kailio gyv\u016bnai. \u0160i priemon\u0117 padeda efektyviai ir saugiai pa\u0161alinti","og_url":"https:\/\/anivet.lt\/elparduotuve\/produktas\/flamingo-priemone-asaru-demems-valyti-sunims-ir-katems-50ml\/","og_site_name":"anivet.lt","article_modified_time":"2026-02-02T19:40:12+00:00","og_image":[{"width":650,"height":818,"url":"https:\/\/anivet.lt\/elparduotuve\/wp-content\/uploads\/2025\/04\/Flamingo-priemone-asaru-demems-valyti-sunims-ir-katems-50ml.jpg","type":"image\/jpeg"}],"twitter_card":"summary_large_image","twitter_misc":{"Est. reading time":"1 minut\u0117"},"schema":{"@context":"https:\/\/schema.org","@graph":[{"@type":"WebPage","@id":"https:\/\/anivet.lt\/elparduotuve\/produktas\/flamingo-priemone-asaru-demems-valyti-sunims-ir-katems-50ml\/","url":"https:\/\/anivet.lt\/elparduotuve\/produktas\/flamingo-priemone-asaru-demems-valyti-sunims-ir-katems-50ml\/","name":"Flamingo priemon\u0117 a\u0161ar\u0173 d\u0117m\u0117ms valyti \u0161unims ir kat\u0117ms 50ml - anivet.lt","isPartOf":{"@id":"https:\/\/anivet.lt\/elparduotuve\/#website"},"primaryImageOfPage":{"@id":"https:\/\/anivet.lt\/elparduotuve\/produktas\/flamingo-priemone-asaru-demems-valyti-sunims-ir-katems-50ml\/#primaryimage"},"image":{"@id":"https:\/\/anivet.lt\/elparduotuve\/produktas\/flamingo-priemone-asaru-demems-valyti-sunims-ir-katems-50ml\/#primaryimage"},"thumbnailUrl":"https:\/\/anivet.lt\/elparduotuve\/wp-content\/uploads\/2025\/04\/Flamingo-priemone-asaru-demems-valyti-sunims-ir-katems-50ml.jpg","datePublished":"2025-04-04T13:54:15+00:00","dateModified":"2026-02-02T19:40:12+00:00","description":"\u0160unims ir kat\u0117ms da\u017enai aplink akis atsiranda a\u0161ar\u0173 d\u0117mi\u0173, ypa\u010d nuo to ken\u010dia \u0161viesaus kailio gyv\u016bnai. \u0160i priemon\u0117 padeda efektyviai ir saugiai pa\u0161alinti","breadcrumb":{"@id":"https:\/\/anivet.lt\/elparduotuve\/produktas\/flamingo-priemone-asaru-demems-valyti-sunims-ir-katems-50ml\/#breadcrumb"},"inLanguage":"lt-LT","potentialAction":[{"@type":"ReadAction","target":["https:\/\/anivet.lt\/elparduotuve\/produktas\/flamingo-priemone-asaru-demems-valyti-sunims-ir-katems-50ml\/"]}]},{"@type":"ImageObject","inLanguage":"lt-LT","@id":"https:\/\/anivet.lt\/elparduotuve\/produktas\/flamingo-priemone-asaru-demems-valyti-sunims-ir-katems-50ml\/#primaryimage","url":"https:\/\/anivet.lt\/elparduotuve\/wp-content\/uploads\/2025\/04\/Flamingo-priemone-asaru-demems-valyti-sunims-ir-katems-50ml.jpg","contentUrl":"https:\/\/anivet.lt\/elparduotuve\/wp-content\/uploads\/2025\/04\/Flamingo-priemone-asaru-demems-valyti-sunims-ir-katems-50ml.jpg","width":650,"height":818,"caption":"Flamingo priemon\u0117 a\u0161ar\u0173 d\u0117m\u0117ms valyti \u0161unims ir kat\u0117ms 50ml"},{"@type":"BreadcrumbList","@id":"https:\/\/anivet.lt\/elparduotuve\/produktas\/flamingo-priemone-asaru-demems-valyti-sunims-ir-katems-50ml\/#breadcrumb","itemListElement":[{"@type":"ListItem","position":1,"name":"Home","item":"https:\/\/anivet.lt\/elparduotuve\/"},{"@type":"ListItem","position":2,"name":"Produktai","item":"https:\/\/anivet.lt\/elparduotuve\/produktai\/"},{"@type":"ListItem","position":3,"name":"Flamingo priemon\u0117 a\u0161ar\u0173 d\u0117m\u0117ms valyti \u0161unims ir kat\u0117ms 50ml"}]},{"@type":"WebSite","@id":"https:\/\/anivet.lt\/elparduotuve\/#website","url":"https:\/\/anivet.lt\/elparduotuve\/","name":"anivet.lt","description":"Viskas J\u016bs\u0173 \u0161uns, kat\u0117s prie\u017ei\u016brai","publisher":{"@id":"https:\/\/anivet.lt\/elparduotuve\/#organization"},"alternateName":"Viskas J\u016bs\u0173 \u0161uns, kat\u0117s prie\u017ei\u016brai","potentialAction":[{"@type":"SearchAction","target":{"@type":"EntryPoint","urlTemplate":"https:\/\/anivet.lt\/elparduotuve\/?s={search_term_string}"},"query-input":{"@type":"PropertyValueSpecification","valueRequired":true,"valueName":"search_term_string"}}],"inLanguage":"lt-LT"},{"@type":"Organization","@id":"https:\/\/anivet.lt\/elparduotuve\/#organization","name":"Viskas J\u016bs\u0173 \u0161uns, kat\u0117s prie\u017ei\u016brai","url":"https:\/\/anivet.lt\/elparduotuve\/","logo":{"@type":"ImageObject","inLanguage":"lt-LT","@id":"https:\/\/anivet.lt\/elparduotuve\/#\/schema\/logo\/image\/","url":"https:\/\/anivet.lt\/elparduotuve\/wp-content\/uploads\/2023\/06\/logo2.jpg","contentUrl":"https:\/\/anivet.lt\/elparduotuve\/wp-content\/uploads\/2023\/06\/logo2.jpg","width":655,"height":194,"caption":"Viskas J\u016bs\u0173 \u0161uns, kat\u0117s prie\u017ei\u016brai"},"image":{"@id":"https:\/\/anivet.lt\/elparduotuve\/#\/schema\/logo\/image\/"}}]}},"_links":{"self":[{"href":"https:\/\/anivet.lt\/elparduotuve\/wp-json\/wp\/v2\/product\/17380","targetHints":{"allow":["GET"]}}],"collection":[{"href":"https:\/\/anivet.lt\/elparduotuve\/wp-json\/wp\/v2\/product"}],"about":[{"href":"https:\/\/anivet.lt\/elparduotuve\/wp-json\/wp\/v2\/types\/product"}],"wp:featuredmedia":[{"embeddable":true,"href":"https:\/\/anivet.lt\/elparduotuve\/wp-json\/wp\/v2\/media\/17381"}],"wp:attachment":[{"href":"https:\/\/anivet.lt\/elparduotuve\/wp-json\/wp\/v2\/media?parent=17380"}],"wp:term":[{"taxonomy":"product_brand","embeddable":true,"href":"https:\/\/anivet.lt\/elparduotuve\/wp-json\/wp\/v2\/product_brand?post=17380"},{"taxonomy":"product_cat","embeddable":true,"href":"https:\/\/anivet.lt\/elparduotuve\/wp-json\/wp\/v2\/product_cat?post=17380"},{"taxonomy":"product_tag","embeddable":true,"href":"https:\/\/anivet.lt\/elparduotuve\/wp-json\/wp\/v2\/product_tag?post=17380"}],"curies":[{"name":"wp","href":"https:\/\/api.w.org\/{rel}","templated":true}]}}