{"id":17382,"date":"2025-04-04T13:58:12","date_gmt":"2025-04-04T13:58:12","guid":{"rendered":"https:\/\/anivet.lt\/elparduotuve\/?post_type=product&#038;p=17382"},"modified":"2025-05-27T13:39:34","modified_gmt":"2025-05-27T13:39:34","slug":"oropharma-eye-care-akiu-valiklis-sunims-ir-katems-150ml","status":"publish","type":"product","link":"https:\/\/anivet.lt\/elparduotuve\/produktas\/oropharma-eye-care-akiu-valiklis-sunims-ir-katems-150ml\/","title":{"rendered":"Oropharma Eye Care &#8211; aki\u0173 valiklis \u0161unims ir kat\u0117ms 150ml"},"content":{"rendered":"<p>Valomasis ir raminantis losjonas su rugiag\u0117l\u0117mis skirtas valyti aplink akis kat\u0117ms ir \u0161unims.<\/p>\n","protected":false},"excerpt":{"rendered":"<p>Valomasis ir raminantis losjonas su rugiag\u0117l\u0117mis skirtas valyti aplink akis kat\u0117ms ir \u0161unims.<\/p>\n","protected":false},"featured_media":17383,"template":"","meta":[],"product_brand":[],"product_cat":[101,102,108,110,119,121],"product_tag":[],"class_list":{"0":"post-17382","1":"product","2":"type-product","3":"status-publish","4":"has-post-thumbnail","6":"product_cat-sunims","7":"product_cat-katems","8":"product_cat-prieziuros-priemones","9":"product_cat-ausu-akiu-nosyciu-prieziura","10":"product_cat-prieziuros-priemones-katems","11":"product_cat-ausu-akiu-nosyciu-prieziura-prieziuros-priemones-katems","13":"first","14":"instock","15":"taxable","16":"shipping-taxable","17":"purchasable","18":"product-type-simple"},"yoast_head":"<!-- This site is optimized with the Yoast SEO Premium plugin v27.1 (Yoast SEO v27.3) - https:\/\/yoast.com\/product\/yoast-seo-premium-wordpress\/ -->\n<title>Oropharma Eye Care - aki\u0173 valiklis \u0161unims ir kat\u0117ms 150ml - anivet.lt<\/title>\n<meta name=\"description\" content=\"Valomasis ir raminantis losjonas su rugiag\u0117l\u0117mis skirtas valyti aplink akis kat\u0117ms ir \u0161unims.\" \/>\n<meta name=\"robots\" content=\"index, follow, max-snippet:-1, max-image-preview:large, max-video-preview:-1\" \/>\n<link rel=\"canonical\" href=\"https:\/\/anivet.lt\/elparduotuve\/produktas\/oropharma-eye-care-akiu-valiklis-sunims-ir-katems-150ml\/\" \/>\n<meta property=\"og:locale\" content=\"lt_LT\" \/>\n<meta property=\"og:type\" content=\"article\" \/>\n<meta property=\"og:title\" content=\"Oropharma Eye Care - aki\u0173 valiklis \u0161unims ir kat\u0117ms 150ml\" \/>\n<meta property=\"og:description\" content=\"Valomasis ir raminantis losjonas su rugiag\u0117l\u0117mis skirtas valyti aplink akis kat\u0117ms ir \u0161unims.\" \/>\n<meta property=\"og:url\" content=\"https:\/\/anivet.lt\/elparduotuve\/produktas\/oropharma-eye-care-akiu-valiklis-sunims-ir-katems-150ml\/\" \/>\n<meta property=\"og:site_name\" content=\"anivet.lt\" \/>\n<meta property=\"article:modified_time\" content=\"2025-05-27T13:39:34+00:00\" \/>\n<meta property=\"og:image\" content=\"https:\/\/anivet.lt\/elparduotuve\/wp-content\/uploads\/2025\/04\/Oropharma-Eye-Care-akiu-valiklis-sunims-ir-katems-150ml.jpg\" \/>\n\t<meta property=\"og:image:width\" content=\"601\" \/>\n\t<meta property=\"og:image:height\" content=\"720\" \/>\n\t<meta property=\"og:image:type\" content=\"image\/jpeg\" \/>\n<meta name=\"twitter:card\" content=\"summary_large_image\" \/>\n<meta name=\"twitter:label1\" content=\"Est. reading time\" \/>\n\t<meta name=\"twitter:data1\" content=\"1 minut\u0117\" \/>\n<script type=\"application\/ld+json\" class=\"yoast-schema-graph\">{\"@context\":\"https:\\\/\\\/schema.org\",\"@graph\":[{\"@type\":\"WebPage\",\"@id\":\"https:\\\/\\\/anivet.lt\\\/elparduotuve\\\/produktas\\\/oropharma-eye-care-akiu-valiklis-sunims-ir-katems-150ml\\\/\",\"url\":\"https:\\\/\\\/anivet.lt\\\/elparduotuve\\\/produktas\\\/oropharma-eye-care-akiu-valiklis-sunims-ir-katems-150ml\\\/\",\"name\":\"Oropharma Eye Care - aki\u0173 valiklis \u0161unims ir kat\u0117ms 150ml - anivet.lt\",\"isPartOf\":{\"@id\":\"https:\\\/\\\/anivet.lt\\\/elparduotuve\\\/#website\"},\"primaryImageOfPage\":{\"@id\":\"https:\\\/\\\/anivet.lt\\\/elparduotuve\\\/produktas\\\/oropharma-eye-care-akiu-valiklis-sunims-ir-katems-150ml\\\/#primaryimage\"},\"image\":{\"@id\":\"https:\\\/\\\/anivet.lt\\\/elparduotuve\\\/produktas\\\/oropharma-eye-care-akiu-valiklis-sunims-ir-katems-150ml\\\/#primaryimage\"},\"thumbnailUrl\":\"https:\\\/\\\/anivet.lt\\\/elparduotuve\\\/wp-content\\\/uploads\\\/2025\\\/04\\\/Oropharma-Eye-Care-akiu-valiklis-sunims-ir-katems-150ml.jpg\",\"datePublished\":\"2025-04-04T13:58:12+00:00\",\"dateModified\":\"2025-05-27T13:39:34+00:00\",\"description\":\"Valomasis ir raminantis losjonas su rugiag\u0117l\u0117mis skirtas valyti aplink akis kat\u0117ms ir \u0161unims.\",\"breadcrumb\":{\"@id\":\"https:\\\/\\\/anivet.lt\\\/elparduotuve\\\/produktas\\\/oropharma-eye-care-akiu-valiklis-sunims-ir-katems-150ml\\\/#breadcrumb\"},\"inLanguage\":\"lt-LT\",\"potentialAction\":[{\"@type\":\"ReadAction\",\"target\":[\"https:\\\/\\\/anivet.lt\\\/elparduotuve\\\/produktas\\\/oropharma-eye-care-akiu-valiklis-sunims-ir-katems-150ml\\\/\"]}]},{\"@type\":\"ImageObject\",\"inLanguage\":\"lt-LT\",\"@id\":\"https:\\\/\\\/anivet.lt\\\/elparduotuve\\\/produktas\\\/oropharma-eye-care-akiu-valiklis-sunims-ir-katems-150ml\\\/#primaryimage\",\"url\":\"https:\\\/\\\/anivet.lt\\\/elparduotuve\\\/wp-content\\\/uploads\\\/2025\\\/04\\\/Oropharma-Eye-Care-akiu-valiklis-sunims-ir-katems-150ml.jpg\",\"contentUrl\":\"https:\\\/\\\/anivet.lt\\\/elparduotuve\\\/wp-content\\\/uploads\\\/2025\\\/04\\\/Oropharma-Eye-Care-akiu-valiklis-sunims-ir-katems-150ml.jpg\",\"width\":601,\"height\":720,\"caption\":\"Oropharma Eye Care - aki\u0173 valiklis \u0161unims ir kat\u0117ms 150ml\"},{\"@type\":\"BreadcrumbList\",\"@id\":\"https:\\\/\\\/anivet.lt\\\/elparduotuve\\\/produktas\\\/oropharma-eye-care-akiu-valiklis-sunims-ir-katems-150ml\\\/#breadcrumb\",\"itemListElement\":[{\"@type\":\"ListItem\",\"position\":1,\"name\":\"Home\",\"item\":\"https:\\\/\\\/anivet.lt\\\/elparduotuve\\\/\"},{\"@type\":\"ListItem\",\"position\":2,\"name\":\"Produktai\",\"item\":\"https:\\\/\\\/anivet.lt\\\/elparduotuve\\\/produktai\\\/\"},{\"@type\":\"ListItem\",\"position\":3,\"name\":\"Oropharma Eye Care &#8211; aki\u0173 valiklis \u0161unims ir kat\u0117ms 150ml\"}]},{\"@type\":\"WebSite\",\"@id\":\"https:\\\/\\\/anivet.lt\\\/elparduotuve\\\/#website\",\"url\":\"https:\\\/\\\/anivet.lt\\\/elparduotuve\\\/\",\"name\":\"anivet.lt\",\"description\":\"Viskas J\u016bs\u0173 \u0161uns, kat\u0117s prie\u017ei\u016brai\",\"publisher\":{\"@id\":\"https:\\\/\\\/anivet.lt\\\/elparduotuve\\\/#organization\"},\"alternateName\":\"Viskas J\u016bs\u0173 \u0161uns, kat\u0117s prie\u017ei\u016brai\",\"potentialAction\":[{\"@type\":\"SearchAction\",\"target\":{\"@type\":\"EntryPoint\",\"urlTemplate\":\"https:\\\/\\\/anivet.lt\\\/elparduotuve\\\/?s={search_term_string}\"},\"query-input\":{\"@type\":\"PropertyValueSpecification\",\"valueRequired\":true,\"valueName\":\"search_term_string\"}}],\"inLanguage\":\"lt-LT\"},{\"@type\":\"Organization\",\"@id\":\"https:\\\/\\\/anivet.lt\\\/elparduotuve\\\/#organization\",\"name\":\"Viskas J\u016bs\u0173 \u0161uns, kat\u0117s prie\u017ei\u016brai\",\"url\":\"https:\\\/\\\/anivet.lt\\\/elparduotuve\\\/\",\"logo\":{\"@type\":\"ImageObject\",\"inLanguage\":\"lt-LT\",\"@id\":\"https:\\\/\\\/anivet.lt\\\/elparduotuve\\\/#\\\/schema\\\/logo\\\/image\\\/\",\"url\":\"https:\\\/\\\/anivet.lt\\\/elparduotuve\\\/wp-content\\\/uploads\\\/2023\\\/06\\\/logo2.jpg\",\"contentUrl\":\"https:\\\/\\\/anivet.lt\\\/elparduotuve\\\/wp-content\\\/uploads\\\/2023\\\/06\\\/logo2.jpg\",\"width\":655,\"height\":194,\"caption\":\"Viskas J\u016bs\u0173 \u0161uns, kat\u0117s prie\u017ei\u016brai\"},\"image\":{\"@id\":\"https:\\\/\\\/anivet.lt\\\/elparduotuve\\\/#\\\/schema\\\/logo\\\/image\\\/\"}}]}<\/script>\n<!-- \/ Yoast SEO Premium plugin. -->","yoast_head_json":{"title":"Oropharma Eye Care - aki\u0173 valiklis \u0161unims ir kat\u0117ms 150ml - anivet.lt","description":"Valomasis ir raminantis losjonas su rugiag\u0117l\u0117mis skirtas valyti aplink akis kat\u0117ms ir \u0161unims.","robots":{"index":"index","follow":"follow","max-snippet":"max-snippet:-1","max-image-preview":"max-image-preview:large","max-video-preview":"max-video-preview:-1"},"canonical":"https:\/\/anivet.lt\/elparduotuve\/produktas\/oropharma-eye-care-akiu-valiklis-sunims-ir-katems-150ml\/","og_locale":"lt_LT","og_type":"article","og_title":"Oropharma Eye Care - aki\u0173 valiklis \u0161unims ir kat\u0117ms 150ml","og_description":"Valomasis ir raminantis losjonas su rugiag\u0117l\u0117mis skirtas valyti aplink akis kat\u0117ms ir \u0161unims.","og_url":"https:\/\/anivet.lt\/elparduotuve\/produktas\/oropharma-eye-care-akiu-valiklis-sunims-ir-katems-150ml\/","og_site_name":"anivet.lt","article_modified_time":"2025-05-27T13:39:34+00:00","og_image":[{"width":601,"height":720,"url":"https:\/\/anivet.lt\/elparduotuve\/wp-content\/uploads\/2025\/04\/Oropharma-Eye-Care-akiu-valiklis-sunims-ir-katems-150ml.jpg","type":"image\/jpeg"}],"twitter_card":"summary_large_image","twitter_misc":{"Est. reading time":"1 minut\u0117"},"schema":{"@context":"https:\/\/schema.org","@graph":[{"@type":"WebPage","@id":"https:\/\/anivet.lt\/elparduotuve\/produktas\/oropharma-eye-care-akiu-valiklis-sunims-ir-katems-150ml\/","url":"https:\/\/anivet.lt\/elparduotuve\/produktas\/oropharma-eye-care-akiu-valiklis-sunims-ir-katems-150ml\/","name":"Oropharma Eye Care - aki\u0173 valiklis \u0161unims ir kat\u0117ms 150ml - anivet.lt","isPartOf":{"@id":"https:\/\/anivet.lt\/elparduotuve\/#website"},"primaryImageOfPage":{"@id":"https:\/\/anivet.lt\/elparduotuve\/produktas\/oropharma-eye-care-akiu-valiklis-sunims-ir-katems-150ml\/#primaryimage"},"image":{"@id":"https:\/\/anivet.lt\/elparduotuve\/produktas\/oropharma-eye-care-akiu-valiklis-sunims-ir-katems-150ml\/#primaryimage"},"thumbnailUrl":"https:\/\/anivet.lt\/elparduotuve\/wp-content\/uploads\/2025\/04\/Oropharma-Eye-Care-akiu-valiklis-sunims-ir-katems-150ml.jpg","datePublished":"2025-04-04T13:58:12+00:00","dateModified":"2025-05-27T13:39:34+00:00","description":"Valomasis ir raminantis losjonas su rugiag\u0117l\u0117mis skirtas valyti aplink akis kat\u0117ms ir \u0161unims.","breadcrumb":{"@id":"https:\/\/anivet.lt\/elparduotuve\/produktas\/oropharma-eye-care-akiu-valiklis-sunims-ir-katems-150ml\/#breadcrumb"},"inLanguage":"lt-LT","potentialAction":[{"@type":"ReadAction","target":["https:\/\/anivet.lt\/elparduotuve\/produktas\/oropharma-eye-care-akiu-valiklis-sunims-ir-katems-150ml\/"]}]},{"@type":"ImageObject","inLanguage":"lt-LT","@id":"https:\/\/anivet.lt\/elparduotuve\/produktas\/oropharma-eye-care-akiu-valiklis-sunims-ir-katems-150ml\/#primaryimage","url":"https:\/\/anivet.lt\/elparduotuve\/wp-content\/uploads\/2025\/04\/Oropharma-Eye-Care-akiu-valiklis-sunims-ir-katems-150ml.jpg","contentUrl":"https:\/\/anivet.lt\/elparduotuve\/wp-content\/uploads\/2025\/04\/Oropharma-Eye-Care-akiu-valiklis-sunims-ir-katems-150ml.jpg","width":601,"height":720,"caption":"Oropharma Eye Care - aki\u0173 valiklis \u0161unims ir kat\u0117ms 150ml"},{"@type":"BreadcrumbList","@id":"https:\/\/anivet.lt\/elparduotuve\/produktas\/oropharma-eye-care-akiu-valiklis-sunims-ir-katems-150ml\/#breadcrumb","itemListElement":[{"@type":"ListItem","position":1,"name":"Home","item":"https:\/\/anivet.lt\/elparduotuve\/"},{"@type":"ListItem","position":2,"name":"Produktai","item":"https:\/\/anivet.lt\/elparduotuve\/produktai\/"},{"@type":"ListItem","position":3,"name":"Oropharma Eye Care &#8211; aki\u0173 valiklis \u0161unims ir kat\u0117ms 150ml"}]},{"@type":"WebSite","@id":"https:\/\/anivet.lt\/elparduotuve\/#website","url":"https:\/\/anivet.lt\/elparduotuve\/","name":"anivet.lt","description":"Viskas J\u016bs\u0173 \u0161uns, kat\u0117s prie\u017ei\u016brai","publisher":{"@id":"https:\/\/anivet.lt\/elparduotuve\/#organization"},"alternateName":"Viskas J\u016bs\u0173 \u0161uns, kat\u0117s prie\u017ei\u016brai","potentialAction":[{"@type":"SearchAction","target":{"@type":"EntryPoint","urlTemplate":"https:\/\/anivet.lt\/elparduotuve\/?s={search_term_string}"},"query-input":{"@type":"PropertyValueSpecification","valueRequired":true,"valueName":"search_term_string"}}],"inLanguage":"lt-LT"},{"@type":"Organization","@id":"https:\/\/anivet.lt\/elparduotuve\/#organization","name":"Viskas J\u016bs\u0173 \u0161uns, kat\u0117s prie\u017ei\u016brai","url":"https:\/\/anivet.lt\/elparduotuve\/","logo":{"@type":"ImageObject","inLanguage":"lt-LT","@id":"https:\/\/anivet.lt\/elparduotuve\/#\/schema\/logo\/image\/","url":"https:\/\/anivet.lt\/elparduotuve\/wp-content\/uploads\/2023\/06\/logo2.jpg","contentUrl":"https:\/\/anivet.lt\/elparduotuve\/wp-content\/uploads\/2023\/06\/logo2.jpg","width":655,"height":194,"caption":"Viskas J\u016bs\u0173 \u0161uns, kat\u0117s prie\u017ei\u016brai"},"image":{"@id":"https:\/\/anivet.lt\/elparduotuve\/#\/schema\/logo\/image\/"}}]}},"_links":{"self":[{"href":"https:\/\/anivet.lt\/elparduotuve\/wp-json\/wp\/v2\/product\/17382","targetHints":{"allow":["GET"]}}],"collection":[{"href":"https:\/\/anivet.lt\/elparduotuve\/wp-json\/wp\/v2\/product"}],"about":[{"href":"https:\/\/anivet.lt\/elparduotuve\/wp-json\/wp\/v2\/types\/product"}],"wp:featuredmedia":[{"embeddable":true,"href":"https:\/\/anivet.lt\/elparduotuve\/wp-json\/wp\/v2\/media\/17383"}],"wp:attachment":[{"href":"https:\/\/anivet.lt\/elparduotuve\/wp-json\/wp\/v2\/media?parent=17382"}],"wp:term":[{"taxonomy":"product_brand","embeddable":true,"href":"https:\/\/anivet.lt\/elparduotuve\/wp-json\/wp\/v2\/product_brand?post=17382"},{"taxonomy":"product_cat","embeddable":true,"href":"https:\/\/anivet.lt\/elparduotuve\/wp-json\/wp\/v2\/product_cat?post=17382"},{"taxonomy":"product_tag","embeddable":true,"href":"https:\/\/anivet.lt\/elparduotuve\/wp-json\/wp\/v2\/product_tag?post=17382"}],"curies":[{"name":"wp","href":"https:\/\/api.w.org\/{rel}","templated":true}]}}