{"id":17452,"date":"2025-04-11T11:23:36","date_gmt":"2025-04-11T11:23:36","guid":{"rendered":"https:\/\/anivet.lt\/elparduotuve\/?post_type=product&#038;p=17452"},"modified":"2025-09-03T20:59:03","modified_gmt":"2025-09-03T20:59:03","slug":"applaws-cat-senior-tuna-sardine-jelly-su-tunu-ir-sardine-70gx6","status":"publish","type":"product","link":"https:\/\/anivet.lt\/elparduotuve\/produktas\/applaws-cat-senior-tuna-sardine-jelly-su-tunu-ir-sardine-70gx6\/","title":{"rendered":"APPLAWS Cat Senior Tuna &amp; Sardine jelly su tunu ir sardine 70gx6"},"content":{"rendered":"<p>Visi\u0161kai nat\u016bralus produktas. Visos sudedamosios dalys pavaizduotos ant pakuot\u0117s. Sardin\u0117s yra nat\u016bralus vitamin\u0173 A, B, C, D, E ir antioksidanto kofermento Q10 \u0161altinis. \u0116dalas tinka visoms ka\u010di\u0173 am\u017eiaus grup\u0117ms, ypa\u010d \u2013 senyvo am\u017eiaus kat\u0117ms. Jame esan\u010dios med\u017eiagos palaiko \u0161irdies sveikat\u0105.<\/p>\n<p>&nbsp;<\/p>\n","protected":false},"excerpt":{"rendered":"<p>Applaws Cat Senior Jelly konservai Tuna &amp; Sardine. Nat\u016bralus visavertis suaugusi\u0173 ka\u010di\u0173 \u0117dalas su tunais ir sardin\u0117mis.<\/p>\n","protected":false},"featured_media":17453,"template":"","meta":[],"product_brand":[],"product_cat":[114,102,116,506],"product_tag":[],"class_list":{"0":"post-17452","1":"product","2":"type-product","3":"status-publish","4":"has-post-thumbnail","6":"product_cat-kaciu-maistas","7":"product_cat-katems","8":"product_cat-konservai-katems","9":"product_cat-applaws-kaciu-maistas","10":"pa_prekinis-zenklas-applaws","12":"first","13":"instock","14":"taxable","15":"shipping-taxable","16":"purchasable","17":"product-type-simple"},"yoast_head":"<!-- This site is optimized with the Yoast SEO Premium plugin v27.1 (Yoast SEO v27.3) - https:\/\/yoast.com\/product\/yoast-seo-premium-wordpress\/ -->\n<title>APPLAWS Cat Senior Tuna &amp; Sardine jelly su tunu ir sardine 70gx6 - anivet.lt<\/title>\n<meta name=\"description\" content=\"Applaws Cat Senior Jelly konservai Tuna &amp; Sardine. Nat\u016bralus visavertis suaugusi\u0173 ka\u010di\u0173 \u0117dalas su tunais ir sardin\u0117mis.\" \/>\n<meta name=\"robots\" content=\"index, follow, max-snippet:-1, max-image-preview:large, max-video-preview:-1\" \/>\n<link rel=\"canonical\" href=\"https:\/\/anivet.lt\/elparduotuve\/produktas\/applaws-cat-senior-tuna-sardine-jelly-su-tunu-ir-sardine-70gx6\/\" \/>\n<meta property=\"og:locale\" content=\"lt_LT\" \/>\n<meta property=\"og:type\" content=\"article\" \/>\n<meta property=\"og:title\" content=\"APPLAWS Cat Senior Tuna &amp; Sardine jelly su tunu ir sardine 70gx6\" \/>\n<meta property=\"og:description\" content=\"Applaws Cat Senior Jelly konservai Tuna &amp; Sardine. Nat\u016bralus visavertis suaugusi\u0173 ka\u010di\u0173 \u0117dalas su tunais ir sardin\u0117mis.\" \/>\n<meta property=\"og:url\" content=\"https:\/\/anivet.lt\/elparduotuve\/produktas\/applaws-cat-senior-tuna-sardine-jelly-su-tunu-ir-sardine-70gx6\/\" \/>\n<meta property=\"og:site_name\" content=\"anivet.lt\" \/>\n<meta property=\"article:modified_time\" content=\"2025-09-03T20:59:03+00:00\" \/>\n<meta property=\"og:image\" content=\"https:\/\/anivet.lt\/elparduotuve\/wp-content\/uploads\/2025\/04\/23.-APPLAWS-Cat-Senior-Tuna-Sardine-jelly-70g-x-6.jpg\" \/>\n\t<meta property=\"og:image:width\" content=\"650\" \/>\n\t<meta property=\"og:image:height\" content=\"650\" \/>\n\t<meta property=\"og:image:type\" content=\"image\/jpeg\" \/>\n<meta name=\"twitter:card\" content=\"summary_large_image\" \/>\n<meta name=\"twitter:label1\" content=\"Est. reading time\" \/>\n\t<meta name=\"twitter:data1\" content=\"1 minut\u0117\" \/>\n<script type=\"application\/ld+json\" class=\"yoast-schema-graph\">{\"@context\":\"https:\\\/\\\/schema.org\",\"@graph\":[{\"@type\":\"WebPage\",\"@id\":\"https:\\\/\\\/anivet.lt\\\/elparduotuve\\\/produktas\\\/applaws-cat-senior-tuna-sardine-jelly-su-tunu-ir-sardine-70gx6\\\/\",\"url\":\"https:\\\/\\\/anivet.lt\\\/elparduotuve\\\/produktas\\\/applaws-cat-senior-tuna-sardine-jelly-su-tunu-ir-sardine-70gx6\\\/\",\"name\":\"APPLAWS Cat Senior Tuna &amp; Sardine jelly su tunu ir sardine 70gx6 - anivet.lt\",\"isPartOf\":{\"@id\":\"https:\\\/\\\/anivet.lt\\\/elparduotuve\\\/#website\"},\"primaryImageOfPage\":{\"@id\":\"https:\\\/\\\/anivet.lt\\\/elparduotuve\\\/produktas\\\/applaws-cat-senior-tuna-sardine-jelly-su-tunu-ir-sardine-70gx6\\\/#primaryimage\"},\"image\":{\"@id\":\"https:\\\/\\\/anivet.lt\\\/elparduotuve\\\/produktas\\\/applaws-cat-senior-tuna-sardine-jelly-su-tunu-ir-sardine-70gx6\\\/#primaryimage\"},\"thumbnailUrl\":\"https:\\\/\\\/anivet.lt\\\/elparduotuve\\\/wp-content\\\/uploads\\\/2025\\\/04\\\/23.-APPLAWS-Cat-Senior-Tuna-Sardine-jelly-70g-x-6.jpg\",\"datePublished\":\"2025-04-11T11:23:36+00:00\",\"dateModified\":\"2025-09-03T20:59:03+00:00\",\"description\":\"Applaws Cat Senior Jelly konservai Tuna &amp; Sardine. Nat\u016bralus visavertis suaugusi\u0173 ka\u010di\u0173 \u0117dalas su tunais ir sardin\u0117mis.\",\"breadcrumb\":{\"@id\":\"https:\\\/\\\/anivet.lt\\\/elparduotuve\\\/produktas\\\/applaws-cat-senior-tuna-sardine-jelly-su-tunu-ir-sardine-70gx6\\\/#breadcrumb\"},\"inLanguage\":\"lt-LT\",\"potentialAction\":[{\"@type\":\"ReadAction\",\"target\":[\"https:\\\/\\\/anivet.lt\\\/elparduotuve\\\/produktas\\\/applaws-cat-senior-tuna-sardine-jelly-su-tunu-ir-sardine-70gx6\\\/\"]}]},{\"@type\":\"ImageObject\",\"inLanguage\":\"lt-LT\",\"@id\":\"https:\\\/\\\/anivet.lt\\\/elparduotuve\\\/produktas\\\/applaws-cat-senior-tuna-sardine-jelly-su-tunu-ir-sardine-70gx6\\\/#primaryimage\",\"url\":\"https:\\\/\\\/anivet.lt\\\/elparduotuve\\\/wp-content\\\/uploads\\\/2025\\\/04\\\/23.-APPLAWS-Cat-Senior-Tuna-Sardine-jelly-70g-x-6.jpg\",\"contentUrl\":\"https:\\\/\\\/anivet.lt\\\/elparduotuve\\\/wp-content\\\/uploads\\\/2025\\\/04\\\/23.-APPLAWS-Cat-Senior-Tuna-Sardine-jelly-70g-x-6.jpg\",\"width\":650,\"height\":650,\"caption\":\"APPLAWS Cat Senior Tuna & Sardine jelly su tunu ir sardine 70gx6\"},{\"@type\":\"BreadcrumbList\",\"@id\":\"https:\\\/\\\/anivet.lt\\\/elparduotuve\\\/produktas\\\/applaws-cat-senior-tuna-sardine-jelly-su-tunu-ir-sardine-70gx6\\\/#breadcrumb\",\"itemListElement\":[{\"@type\":\"ListItem\",\"position\":1,\"name\":\"Home\",\"item\":\"https:\\\/\\\/anivet.lt\\\/elparduotuve\\\/\"},{\"@type\":\"ListItem\",\"position\":2,\"name\":\"Produktai\",\"item\":\"https:\\\/\\\/anivet.lt\\\/elparduotuve\\\/produktai\\\/\"},{\"@type\":\"ListItem\",\"position\":3,\"name\":\"APPLAWS Cat Senior Tuna &amp; Sardine jelly su tunu ir sardine 70gx6\"}]},{\"@type\":\"WebSite\",\"@id\":\"https:\\\/\\\/anivet.lt\\\/elparduotuve\\\/#website\",\"url\":\"https:\\\/\\\/anivet.lt\\\/elparduotuve\\\/\",\"name\":\"anivet.lt\",\"description\":\"Viskas J\u016bs\u0173 \u0161uns, kat\u0117s prie\u017ei\u016brai\",\"publisher\":{\"@id\":\"https:\\\/\\\/anivet.lt\\\/elparduotuve\\\/#organization\"},\"alternateName\":\"Viskas J\u016bs\u0173 \u0161uns, kat\u0117s prie\u017ei\u016brai\",\"potentialAction\":[{\"@type\":\"SearchAction\",\"target\":{\"@type\":\"EntryPoint\",\"urlTemplate\":\"https:\\\/\\\/anivet.lt\\\/elparduotuve\\\/?s={search_term_string}\"},\"query-input\":{\"@type\":\"PropertyValueSpecification\",\"valueRequired\":true,\"valueName\":\"search_term_string\"}}],\"inLanguage\":\"lt-LT\"},{\"@type\":\"Organization\",\"@id\":\"https:\\\/\\\/anivet.lt\\\/elparduotuve\\\/#organization\",\"name\":\"Viskas J\u016bs\u0173 \u0161uns, kat\u0117s prie\u017ei\u016brai\",\"url\":\"https:\\\/\\\/anivet.lt\\\/elparduotuve\\\/\",\"logo\":{\"@type\":\"ImageObject\",\"inLanguage\":\"lt-LT\",\"@id\":\"https:\\\/\\\/anivet.lt\\\/elparduotuve\\\/#\\\/schema\\\/logo\\\/image\\\/\",\"url\":\"https:\\\/\\\/anivet.lt\\\/elparduotuve\\\/wp-content\\\/uploads\\\/2023\\\/06\\\/logo2.jpg\",\"contentUrl\":\"https:\\\/\\\/anivet.lt\\\/elparduotuve\\\/wp-content\\\/uploads\\\/2023\\\/06\\\/logo2.jpg\",\"width\":655,\"height\":194,\"caption\":\"Viskas J\u016bs\u0173 \u0161uns, kat\u0117s prie\u017ei\u016brai\"},\"image\":{\"@id\":\"https:\\\/\\\/anivet.lt\\\/elparduotuve\\\/#\\\/schema\\\/logo\\\/image\\\/\"}}]}<\/script>\n<!-- \/ Yoast SEO Premium plugin. -->","yoast_head_json":{"title":"APPLAWS Cat Senior Tuna &amp; Sardine jelly su tunu ir sardine 70gx6 - anivet.lt","description":"Applaws Cat Senior Jelly konservai Tuna &amp; Sardine. Nat\u016bralus visavertis suaugusi\u0173 ka\u010di\u0173 \u0117dalas su tunais ir sardin\u0117mis.","robots":{"index":"index","follow":"follow","max-snippet":"max-snippet:-1","max-image-preview":"max-image-preview:large","max-video-preview":"max-video-preview:-1"},"canonical":"https:\/\/anivet.lt\/elparduotuve\/produktas\/applaws-cat-senior-tuna-sardine-jelly-su-tunu-ir-sardine-70gx6\/","og_locale":"lt_LT","og_type":"article","og_title":"APPLAWS Cat Senior Tuna &amp; Sardine jelly su tunu ir sardine 70gx6","og_description":"Applaws Cat Senior Jelly konservai Tuna &amp; Sardine. Nat\u016bralus visavertis suaugusi\u0173 ka\u010di\u0173 \u0117dalas su tunais ir sardin\u0117mis.","og_url":"https:\/\/anivet.lt\/elparduotuve\/produktas\/applaws-cat-senior-tuna-sardine-jelly-su-tunu-ir-sardine-70gx6\/","og_site_name":"anivet.lt","article_modified_time":"2025-09-03T20:59:03+00:00","og_image":[{"width":650,"height":650,"url":"https:\/\/anivet.lt\/elparduotuve\/wp-content\/uploads\/2025\/04\/23.-APPLAWS-Cat-Senior-Tuna-Sardine-jelly-70g-x-6.jpg","type":"image\/jpeg"}],"twitter_card":"summary_large_image","twitter_misc":{"Est. reading time":"1 minut\u0117"},"schema":{"@context":"https:\/\/schema.org","@graph":[{"@type":"WebPage","@id":"https:\/\/anivet.lt\/elparduotuve\/produktas\/applaws-cat-senior-tuna-sardine-jelly-su-tunu-ir-sardine-70gx6\/","url":"https:\/\/anivet.lt\/elparduotuve\/produktas\/applaws-cat-senior-tuna-sardine-jelly-su-tunu-ir-sardine-70gx6\/","name":"APPLAWS Cat Senior Tuna &amp; Sardine jelly su tunu ir sardine 70gx6 - anivet.lt","isPartOf":{"@id":"https:\/\/anivet.lt\/elparduotuve\/#website"},"primaryImageOfPage":{"@id":"https:\/\/anivet.lt\/elparduotuve\/produktas\/applaws-cat-senior-tuna-sardine-jelly-su-tunu-ir-sardine-70gx6\/#primaryimage"},"image":{"@id":"https:\/\/anivet.lt\/elparduotuve\/produktas\/applaws-cat-senior-tuna-sardine-jelly-su-tunu-ir-sardine-70gx6\/#primaryimage"},"thumbnailUrl":"https:\/\/anivet.lt\/elparduotuve\/wp-content\/uploads\/2025\/04\/23.-APPLAWS-Cat-Senior-Tuna-Sardine-jelly-70g-x-6.jpg","datePublished":"2025-04-11T11:23:36+00:00","dateModified":"2025-09-03T20:59:03+00:00","description":"Applaws Cat Senior Jelly konservai Tuna &amp; Sardine. Nat\u016bralus visavertis suaugusi\u0173 ka\u010di\u0173 \u0117dalas su tunais ir sardin\u0117mis.","breadcrumb":{"@id":"https:\/\/anivet.lt\/elparduotuve\/produktas\/applaws-cat-senior-tuna-sardine-jelly-su-tunu-ir-sardine-70gx6\/#breadcrumb"},"inLanguage":"lt-LT","potentialAction":[{"@type":"ReadAction","target":["https:\/\/anivet.lt\/elparduotuve\/produktas\/applaws-cat-senior-tuna-sardine-jelly-su-tunu-ir-sardine-70gx6\/"]}]},{"@type":"ImageObject","inLanguage":"lt-LT","@id":"https:\/\/anivet.lt\/elparduotuve\/produktas\/applaws-cat-senior-tuna-sardine-jelly-su-tunu-ir-sardine-70gx6\/#primaryimage","url":"https:\/\/anivet.lt\/elparduotuve\/wp-content\/uploads\/2025\/04\/23.-APPLAWS-Cat-Senior-Tuna-Sardine-jelly-70g-x-6.jpg","contentUrl":"https:\/\/anivet.lt\/elparduotuve\/wp-content\/uploads\/2025\/04\/23.-APPLAWS-Cat-Senior-Tuna-Sardine-jelly-70g-x-6.jpg","width":650,"height":650,"caption":"APPLAWS Cat Senior Tuna & Sardine jelly su tunu ir sardine 70gx6"},{"@type":"BreadcrumbList","@id":"https:\/\/anivet.lt\/elparduotuve\/produktas\/applaws-cat-senior-tuna-sardine-jelly-su-tunu-ir-sardine-70gx6\/#breadcrumb","itemListElement":[{"@type":"ListItem","position":1,"name":"Home","item":"https:\/\/anivet.lt\/elparduotuve\/"},{"@type":"ListItem","position":2,"name":"Produktai","item":"https:\/\/anivet.lt\/elparduotuve\/produktai\/"},{"@type":"ListItem","position":3,"name":"APPLAWS Cat Senior Tuna &amp; Sardine jelly su tunu ir sardine 70gx6"}]},{"@type":"WebSite","@id":"https:\/\/anivet.lt\/elparduotuve\/#website","url":"https:\/\/anivet.lt\/elparduotuve\/","name":"anivet.lt","description":"Viskas J\u016bs\u0173 \u0161uns, kat\u0117s prie\u017ei\u016brai","publisher":{"@id":"https:\/\/anivet.lt\/elparduotuve\/#organization"},"alternateName":"Viskas J\u016bs\u0173 \u0161uns, kat\u0117s prie\u017ei\u016brai","potentialAction":[{"@type":"SearchAction","target":{"@type":"EntryPoint","urlTemplate":"https:\/\/anivet.lt\/elparduotuve\/?s={search_term_string}"},"query-input":{"@type":"PropertyValueSpecification","valueRequired":true,"valueName":"search_term_string"}}],"inLanguage":"lt-LT"},{"@type":"Organization","@id":"https:\/\/anivet.lt\/elparduotuve\/#organization","name":"Viskas J\u016bs\u0173 \u0161uns, kat\u0117s prie\u017ei\u016brai","url":"https:\/\/anivet.lt\/elparduotuve\/","logo":{"@type":"ImageObject","inLanguage":"lt-LT","@id":"https:\/\/anivet.lt\/elparduotuve\/#\/schema\/logo\/image\/","url":"https:\/\/anivet.lt\/elparduotuve\/wp-content\/uploads\/2023\/06\/logo2.jpg","contentUrl":"https:\/\/anivet.lt\/elparduotuve\/wp-content\/uploads\/2023\/06\/logo2.jpg","width":655,"height":194,"caption":"Viskas J\u016bs\u0173 \u0161uns, kat\u0117s prie\u017ei\u016brai"},"image":{"@id":"https:\/\/anivet.lt\/elparduotuve\/#\/schema\/logo\/image\/"}}]}},"_links":{"self":[{"href":"https:\/\/anivet.lt\/elparduotuve\/wp-json\/wp\/v2\/product\/17452","targetHints":{"allow":["GET"]}}],"collection":[{"href":"https:\/\/anivet.lt\/elparduotuve\/wp-json\/wp\/v2\/product"}],"about":[{"href":"https:\/\/anivet.lt\/elparduotuve\/wp-json\/wp\/v2\/types\/product"}],"wp:featuredmedia":[{"embeddable":true,"href":"https:\/\/anivet.lt\/elparduotuve\/wp-json\/wp\/v2\/media\/17453"}],"wp:attachment":[{"href":"https:\/\/anivet.lt\/elparduotuve\/wp-json\/wp\/v2\/media?parent=17452"}],"wp:term":[{"taxonomy":"product_brand","embeddable":true,"href":"https:\/\/anivet.lt\/elparduotuve\/wp-json\/wp\/v2\/product_brand?post=17452"},{"taxonomy":"product_cat","embeddable":true,"href":"https:\/\/anivet.lt\/elparduotuve\/wp-json\/wp\/v2\/product_cat?post=17452"},{"taxonomy":"product_tag","embeddable":true,"href":"https:\/\/anivet.lt\/elparduotuve\/wp-json\/wp\/v2\/product_tag?post=17452"}],"curies":[{"name":"wp","href":"https:\/\/api.w.org\/{rel}","templated":true}]}}