{"id":17562,"date":"2025-05-02T14:11:08","date_gmt":"2025-05-02T14:11:08","guid":{"rendered":"https:\/\/anivet.lt\/elparduotuve\/?post_type=product&#038;p=17562"},"modified":"2025-12-05T12:06:11","modified_gmt":"2025-12-05T12:06:11","slug":"petmex-dziovintos-kiauliu-ausu-juosteles-300g","status":"publish","type":"product","link":"https:\/\/anivet.lt\/elparduotuve\/produktas\/petmex-dziovintos-kiauliu-ausu-juosteles-300g\/","title":{"rendered":"Petmex d\u017eiovintos kiauli\u0173 aus\u0173 juostel\u0117s 300g"},"content":{"rendered":"<p>\u0160ios juostel\u0117s turi maloni\u0105 tekst\u016br\u0105, tod\u0117l u\u017etikrina ilgesn\u012f kramtymo malonum\u0105 ir padeda palaikyti dant\u0173 bei danten\u0173 sveikat\u0105. Be to, jos yra lengvai vir\u0161kinamos ir gali b\u016bti naudojamos kaip paskatinimas dres\u016bros metu arba kaip kasdienis u\u017ekandis.<\/p>\n","protected":false},"excerpt":{"rendered":"<p>Pagamintos i\u0161 100 % d\u017eiovintos kiaulienos be dirbtini\u0173 pried\u0173, gr\u016bd\u0173 ar konservant\u0173, tod\u0117l puikiai tinka net ir jautriems ar alergi\u0161kiems \u0161unims.<\/p>\n","protected":false},"featured_media":18517,"template":"","meta":[],"product_brand":[],"product_cat":[101,103,106],"product_tag":[],"class_list":{"0":"post-17562","1":"product","2":"type-product","3":"status-publish","4":"has-post-thumbnail","6":"product_cat-sunims","7":"product_cat-sunu-maistas","8":"product_cat-skanestai","9":"pa_prekinis-zenklas-petmex","11":"first","12":"outofstock","13":"taxable","14":"shipping-taxable","15":"purchasable","16":"product-type-simple"},"yoast_head":"<!-- This site is optimized with the Yoast SEO Premium plugin v27.1 (Yoast SEO v27.5) - https:\/\/yoast.com\/product\/yoast-seo-premium-wordpress\/ -->\n<title>Petmex d\u017eiovintos kiauli\u0173 aus\u0173 juostel\u0117s 300g - anivet.lt<\/title>\n<meta name=\"description\" content=\"Pagamintos i\u0161 100 % d\u017eiovintos kiaulienos be dirbtini\u0173 pried\u0173, gr\u016bd\u0173 ar konservant\u0173, tod\u0117l puikiai tinka net ir jautriems ar alergi\u0161kiems \u0161unims.\" \/>\n<meta name=\"robots\" content=\"index, follow, max-snippet:-1, max-image-preview:large, max-video-preview:-1\" \/>\n<link rel=\"canonical\" href=\"https:\/\/anivet.lt\/elparduotuve\/produktas\/petmex-dziovintos-kiauliu-ausu-juosteles-300g\/\" \/>\n<meta property=\"og:locale\" content=\"lt_LT\" \/>\n<meta property=\"og:type\" content=\"article\" \/>\n<meta property=\"og:title\" content=\"Petmex d\u017eiovintos kiauli\u0173 aus\u0173 juostel\u0117s 300g\" \/>\n<meta property=\"og:description\" content=\"Pagamintos i\u0161 100 % d\u017eiovintos kiaulienos be dirbtini\u0173 pried\u0173, gr\u016bd\u0173 ar konservant\u0173, tod\u0117l puikiai tinka net ir jautriems ar alergi\u0161kiems \u0161unims.\" \/>\n<meta property=\"og:url\" content=\"https:\/\/anivet.lt\/elparduotuve\/produktas\/petmex-dziovintos-kiauliu-ausu-juosteles-300g\/\" \/>\n<meta property=\"og:site_name\" content=\"anivet.lt\" \/>\n<meta property=\"article:modified_time\" content=\"2025-12-05T12:06:11+00:00\" \/>\n<meta property=\"og:image\" content=\"https:\/\/anivet.lt\/elparduotuve\/wp-content\/uploads\/2025\/05\/Petmex-dziovintos-kiauliu-ausu-juosteles-300g.jpg\" \/>\n\t<meta property=\"og:image:width\" content=\"550\" \/>\n\t<meta property=\"og:image:height\" content=\"550\" \/>\n\t<meta property=\"og:image:type\" content=\"image\/jpeg\" \/>\n<meta name=\"twitter:card\" content=\"summary_large_image\" \/>\n<meta name=\"twitter:label1\" content=\"Est. reading time\" \/>\n\t<meta name=\"twitter:data1\" content=\"1 minut\u0117\" \/>\n<script type=\"application\/ld+json\" class=\"yoast-schema-graph\">{\"@context\":\"https:\\\/\\\/schema.org\",\"@graph\":[{\"@type\":\"WebPage\",\"@id\":\"https:\\\/\\\/anivet.lt\\\/elparduotuve\\\/produktas\\\/petmex-dziovintos-kiauliu-ausu-juosteles-300g\\\/\",\"url\":\"https:\\\/\\\/anivet.lt\\\/elparduotuve\\\/produktas\\\/petmex-dziovintos-kiauliu-ausu-juosteles-300g\\\/\",\"name\":\"Petmex d\u017eiovintos kiauli\u0173 aus\u0173 juostel\u0117s 300g - anivet.lt\",\"isPartOf\":{\"@id\":\"https:\\\/\\\/anivet.lt\\\/elparduotuve\\\/#website\"},\"primaryImageOfPage\":{\"@id\":\"https:\\\/\\\/anivet.lt\\\/elparduotuve\\\/produktas\\\/petmex-dziovintos-kiauliu-ausu-juosteles-300g\\\/#primaryimage\"},\"image\":{\"@id\":\"https:\\\/\\\/anivet.lt\\\/elparduotuve\\\/produktas\\\/petmex-dziovintos-kiauliu-ausu-juosteles-300g\\\/#primaryimage\"},\"thumbnailUrl\":\"https:\\\/\\\/anivet.lt\\\/elparduotuve\\\/wp-content\\\/uploads\\\/2025\\\/05\\\/Petmex-dziovintos-kiauliu-ausu-juosteles-300g.jpg\",\"datePublished\":\"2025-05-02T14:11:08+00:00\",\"dateModified\":\"2025-12-05T12:06:11+00:00\",\"description\":\"Pagamintos i\u0161 100 % d\u017eiovintos kiaulienos be dirbtini\u0173 pried\u0173, gr\u016bd\u0173 ar konservant\u0173, tod\u0117l puikiai tinka net ir jautriems ar alergi\u0161kiems \u0161unims.\",\"breadcrumb\":{\"@id\":\"https:\\\/\\\/anivet.lt\\\/elparduotuve\\\/produktas\\\/petmex-dziovintos-kiauliu-ausu-juosteles-300g\\\/#breadcrumb\"},\"inLanguage\":\"lt-LT\",\"potentialAction\":[{\"@type\":\"ReadAction\",\"target\":[\"https:\\\/\\\/anivet.lt\\\/elparduotuve\\\/produktas\\\/petmex-dziovintos-kiauliu-ausu-juosteles-300g\\\/\"]}]},{\"@type\":\"ImageObject\",\"inLanguage\":\"lt-LT\",\"@id\":\"https:\\\/\\\/anivet.lt\\\/elparduotuve\\\/produktas\\\/petmex-dziovintos-kiauliu-ausu-juosteles-300g\\\/#primaryimage\",\"url\":\"https:\\\/\\\/anivet.lt\\\/elparduotuve\\\/wp-content\\\/uploads\\\/2025\\\/05\\\/Petmex-dziovintos-kiauliu-ausu-juosteles-300g.jpg\",\"contentUrl\":\"https:\\\/\\\/anivet.lt\\\/elparduotuve\\\/wp-content\\\/uploads\\\/2025\\\/05\\\/Petmex-dziovintos-kiauliu-ausu-juosteles-300g.jpg\",\"width\":550,\"height\":550,\"caption\":\"Petmex d\u017eiovintos kiauli\u0173 aus\u0173 juostel\u0117s 300g\"},{\"@type\":\"BreadcrumbList\",\"@id\":\"https:\\\/\\\/anivet.lt\\\/elparduotuve\\\/produktas\\\/petmex-dziovintos-kiauliu-ausu-juosteles-300g\\\/#breadcrumb\",\"itemListElement\":[{\"@type\":\"ListItem\",\"position\":1,\"name\":\"Home\",\"item\":\"https:\\\/\\\/anivet.lt\\\/elparduotuve\\\/\"},{\"@type\":\"ListItem\",\"position\":2,\"name\":\"Produktai\",\"item\":\"https:\\\/\\\/anivet.lt\\\/elparduotuve\\\/produktai\\\/\"},{\"@type\":\"ListItem\",\"position\":3,\"name\":\"Petmex d\u017eiovintos kiauli\u0173 aus\u0173 juostel\u0117s 300g\"}]},{\"@type\":\"WebSite\",\"@id\":\"https:\\\/\\\/anivet.lt\\\/elparduotuve\\\/#website\",\"url\":\"https:\\\/\\\/anivet.lt\\\/elparduotuve\\\/\",\"name\":\"anivet.lt\",\"description\":\"Viskas J\u016bs\u0173 \u0161uns, kat\u0117s prie\u017ei\u016brai\",\"publisher\":{\"@id\":\"https:\\\/\\\/anivet.lt\\\/elparduotuve\\\/#organization\"},\"alternateName\":\"Viskas J\u016bs\u0173 \u0161uns, kat\u0117s prie\u017ei\u016brai\",\"potentialAction\":[{\"@type\":\"SearchAction\",\"target\":{\"@type\":\"EntryPoint\",\"urlTemplate\":\"https:\\\/\\\/anivet.lt\\\/elparduotuve\\\/?s={search_term_string}\"},\"query-input\":{\"@type\":\"PropertyValueSpecification\",\"valueRequired\":true,\"valueName\":\"search_term_string\"}}],\"inLanguage\":\"lt-LT\"},{\"@type\":\"Organization\",\"@id\":\"https:\\\/\\\/anivet.lt\\\/elparduotuve\\\/#organization\",\"name\":\"Viskas J\u016bs\u0173 \u0161uns, kat\u0117s prie\u017ei\u016brai\",\"url\":\"https:\\\/\\\/anivet.lt\\\/elparduotuve\\\/\",\"logo\":{\"@type\":\"ImageObject\",\"inLanguage\":\"lt-LT\",\"@id\":\"https:\\\/\\\/anivet.lt\\\/elparduotuve\\\/#\\\/schema\\\/logo\\\/image\\\/\",\"url\":\"https:\\\/\\\/anivet.lt\\\/elparduotuve\\\/wp-content\\\/uploads\\\/2023\\\/06\\\/logo2.jpg\",\"contentUrl\":\"https:\\\/\\\/anivet.lt\\\/elparduotuve\\\/wp-content\\\/uploads\\\/2023\\\/06\\\/logo2.jpg\",\"width\":655,\"height\":194,\"caption\":\"Viskas J\u016bs\u0173 \u0161uns, kat\u0117s prie\u017ei\u016brai\"},\"image\":{\"@id\":\"https:\\\/\\\/anivet.lt\\\/elparduotuve\\\/#\\\/schema\\\/logo\\\/image\\\/\"}}]}<\/script>\n<!-- \/ Yoast SEO Premium plugin. -->","yoast_head_json":{"title":"Petmex d\u017eiovintos kiauli\u0173 aus\u0173 juostel\u0117s 300g - anivet.lt","description":"Pagamintos i\u0161 100 % d\u017eiovintos kiaulienos be dirbtini\u0173 pried\u0173, gr\u016bd\u0173 ar konservant\u0173, tod\u0117l puikiai tinka net ir jautriems ar alergi\u0161kiems \u0161unims.","robots":{"index":"index","follow":"follow","max-snippet":"max-snippet:-1","max-image-preview":"max-image-preview:large","max-video-preview":"max-video-preview:-1"},"canonical":"https:\/\/anivet.lt\/elparduotuve\/produktas\/petmex-dziovintos-kiauliu-ausu-juosteles-300g\/","og_locale":"lt_LT","og_type":"article","og_title":"Petmex d\u017eiovintos kiauli\u0173 aus\u0173 juostel\u0117s 300g","og_description":"Pagamintos i\u0161 100 % d\u017eiovintos kiaulienos be dirbtini\u0173 pried\u0173, gr\u016bd\u0173 ar konservant\u0173, tod\u0117l puikiai tinka net ir jautriems ar alergi\u0161kiems \u0161unims.","og_url":"https:\/\/anivet.lt\/elparduotuve\/produktas\/petmex-dziovintos-kiauliu-ausu-juosteles-300g\/","og_site_name":"anivet.lt","article_modified_time":"2025-12-05T12:06:11+00:00","og_image":[{"width":550,"height":550,"url":"https:\/\/anivet.lt\/elparduotuve\/wp-content\/uploads\/2025\/05\/Petmex-dziovintos-kiauliu-ausu-juosteles-300g.jpg","type":"image\/jpeg"}],"twitter_card":"summary_large_image","twitter_misc":{"Est. reading time":"1 minut\u0117"},"schema":{"@context":"https:\/\/schema.org","@graph":[{"@type":"WebPage","@id":"https:\/\/anivet.lt\/elparduotuve\/produktas\/petmex-dziovintos-kiauliu-ausu-juosteles-300g\/","url":"https:\/\/anivet.lt\/elparduotuve\/produktas\/petmex-dziovintos-kiauliu-ausu-juosteles-300g\/","name":"Petmex d\u017eiovintos kiauli\u0173 aus\u0173 juostel\u0117s 300g - anivet.lt","isPartOf":{"@id":"https:\/\/anivet.lt\/elparduotuve\/#website"},"primaryImageOfPage":{"@id":"https:\/\/anivet.lt\/elparduotuve\/produktas\/petmex-dziovintos-kiauliu-ausu-juosteles-300g\/#primaryimage"},"image":{"@id":"https:\/\/anivet.lt\/elparduotuve\/produktas\/petmex-dziovintos-kiauliu-ausu-juosteles-300g\/#primaryimage"},"thumbnailUrl":"https:\/\/anivet.lt\/elparduotuve\/wp-content\/uploads\/2025\/05\/Petmex-dziovintos-kiauliu-ausu-juosteles-300g.jpg","datePublished":"2025-05-02T14:11:08+00:00","dateModified":"2025-12-05T12:06:11+00:00","description":"Pagamintos i\u0161 100 % d\u017eiovintos kiaulienos be dirbtini\u0173 pried\u0173, gr\u016bd\u0173 ar konservant\u0173, tod\u0117l puikiai tinka net ir jautriems ar alergi\u0161kiems \u0161unims.","breadcrumb":{"@id":"https:\/\/anivet.lt\/elparduotuve\/produktas\/petmex-dziovintos-kiauliu-ausu-juosteles-300g\/#breadcrumb"},"inLanguage":"lt-LT","potentialAction":[{"@type":"ReadAction","target":["https:\/\/anivet.lt\/elparduotuve\/produktas\/petmex-dziovintos-kiauliu-ausu-juosteles-300g\/"]}]},{"@type":"ImageObject","inLanguage":"lt-LT","@id":"https:\/\/anivet.lt\/elparduotuve\/produktas\/petmex-dziovintos-kiauliu-ausu-juosteles-300g\/#primaryimage","url":"https:\/\/anivet.lt\/elparduotuve\/wp-content\/uploads\/2025\/05\/Petmex-dziovintos-kiauliu-ausu-juosteles-300g.jpg","contentUrl":"https:\/\/anivet.lt\/elparduotuve\/wp-content\/uploads\/2025\/05\/Petmex-dziovintos-kiauliu-ausu-juosteles-300g.jpg","width":550,"height":550,"caption":"Petmex d\u017eiovintos kiauli\u0173 aus\u0173 juostel\u0117s 300g"},{"@type":"BreadcrumbList","@id":"https:\/\/anivet.lt\/elparduotuve\/produktas\/petmex-dziovintos-kiauliu-ausu-juosteles-300g\/#breadcrumb","itemListElement":[{"@type":"ListItem","position":1,"name":"Home","item":"https:\/\/anivet.lt\/elparduotuve\/"},{"@type":"ListItem","position":2,"name":"Produktai","item":"https:\/\/anivet.lt\/elparduotuve\/produktai\/"},{"@type":"ListItem","position":3,"name":"Petmex d\u017eiovintos kiauli\u0173 aus\u0173 juostel\u0117s 300g"}]},{"@type":"WebSite","@id":"https:\/\/anivet.lt\/elparduotuve\/#website","url":"https:\/\/anivet.lt\/elparduotuve\/","name":"anivet.lt","description":"Viskas J\u016bs\u0173 \u0161uns, kat\u0117s prie\u017ei\u016brai","publisher":{"@id":"https:\/\/anivet.lt\/elparduotuve\/#organization"},"alternateName":"Viskas J\u016bs\u0173 \u0161uns, kat\u0117s prie\u017ei\u016brai","potentialAction":[{"@type":"SearchAction","target":{"@type":"EntryPoint","urlTemplate":"https:\/\/anivet.lt\/elparduotuve\/?s={search_term_string}"},"query-input":{"@type":"PropertyValueSpecification","valueRequired":true,"valueName":"search_term_string"}}],"inLanguage":"lt-LT"},{"@type":"Organization","@id":"https:\/\/anivet.lt\/elparduotuve\/#organization","name":"Viskas J\u016bs\u0173 \u0161uns, kat\u0117s prie\u017ei\u016brai","url":"https:\/\/anivet.lt\/elparduotuve\/","logo":{"@type":"ImageObject","inLanguage":"lt-LT","@id":"https:\/\/anivet.lt\/elparduotuve\/#\/schema\/logo\/image\/","url":"https:\/\/anivet.lt\/elparduotuve\/wp-content\/uploads\/2023\/06\/logo2.jpg","contentUrl":"https:\/\/anivet.lt\/elparduotuve\/wp-content\/uploads\/2023\/06\/logo2.jpg","width":655,"height":194,"caption":"Viskas J\u016bs\u0173 \u0161uns, kat\u0117s prie\u017ei\u016brai"},"image":{"@id":"https:\/\/anivet.lt\/elparduotuve\/#\/schema\/logo\/image\/"}}]}},"_links":{"self":[{"href":"https:\/\/anivet.lt\/elparduotuve\/wp-json\/wp\/v2\/product\/17562","targetHints":{"allow":["GET"]}}],"collection":[{"href":"https:\/\/anivet.lt\/elparduotuve\/wp-json\/wp\/v2\/product"}],"about":[{"href":"https:\/\/anivet.lt\/elparduotuve\/wp-json\/wp\/v2\/types\/product"}],"wp:featuredmedia":[{"embeddable":true,"href":"https:\/\/anivet.lt\/elparduotuve\/wp-json\/wp\/v2\/media\/18517"}],"wp:attachment":[{"href":"https:\/\/anivet.lt\/elparduotuve\/wp-json\/wp\/v2\/media?parent=17562"}],"wp:term":[{"taxonomy":"product_brand","embeddable":true,"href":"https:\/\/anivet.lt\/elparduotuve\/wp-json\/wp\/v2\/product_brand?post=17562"},{"taxonomy":"product_cat","embeddable":true,"href":"https:\/\/anivet.lt\/elparduotuve\/wp-json\/wp\/v2\/product_cat?post=17562"},{"taxonomy":"product_tag","embeddable":true,"href":"https:\/\/anivet.lt\/elparduotuve\/wp-json\/wp\/v2\/product_tag?post=17562"}],"curies":[{"name":"wp","href":"https:\/\/api.w.org\/{rel}","templated":true}]}}