{"id":17612,"date":"2025-05-10T07:49:05","date_gmt":"2025-05-10T07:49:05","guid":{"rendered":"https:\/\/anivet.lt\/elparduotuve\/?post_type=product&#038;p=17612"},"modified":"2025-05-27T13:40:19","modified_gmt":"2025-05-27T13:40:19","slug":"zaislas-kong-safestix-s-dydis-30cm","status":"publish","type":"product","link":"https:\/\/anivet.lt\/elparduotuve\/produktas\/zaislas-kong-safestix-s-dydis-30cm\/","title":{"rendered":"\u017daislas KONG Safestix S dydis &#8211; 30cm"},"content":{"rendered":"<p>KONG Safestix yra saugesn\u0117 alternatyva pagaliams. U\u017eapvalinti galai, neleis susi\u017eeisti nei \u0161uniui, nei \u0161eimininkui. Labai patvari med\u017eiaga leis ilgai m\u0117gautis ne\u0161iojimo ir tampymo \u017eaidimais. Lankstumas, \u0161oklumas ir galimyb\u0117 pl\u016bduriuoti prailgins linksmybes visur.<\/p>\n","protected":false},"excerpt":{"rendered":"<ul>\n<li>U\u017eapvalinti galai &#8211; saugiems \u017eaidimams<\/li>\n<li>Patvari med\u017eiaga, \u017eaislu leis m\u0117gautis ilgai<\/li>\n<li>Lankstosi, at\u0161oka ir pl\u016bduriuoja<\/li>\n<\/ul>\n","protected":false},"featured_media":17613,"template":"","meta":[],"product_brand":[],"product_cat":[101,108,311],"product_tag":[],"class_list":{"0":"post-17612","1":"product","2":"type-product","3":"status-publish","4":"has-post-thumbnail","6":"product_cat-sunims","7":"product_cat-prieziuros-priemones","8":"product_cat-zaislai-prieziuros-priemones","10":"first","11":"instock","12":"taxable","13":"shipping-taxable","14":"purchasable","15":"product-type-simple"},"yoast_head":"<!-- This site is optimized with the Yoast SEO Premium plugin v27.1 (Yoast SEO v27.5) - https:\/\/yoast.com\/product\/yoast-seo-premium-wordpress\/ -->\n<title>\u017daislas KONG Safestix S dydis - 30cm - anivet.lt<\/title>\n<meta name=\"description\" content=\"U\u017eapvalinti galai - saugiems \u017eaidimams  Patvari med\u017eiaga, \u017eaislu leis m\u0117gautis ilgai  Lankstosi, at\u0161oka ir pl\u016bduriuoja\" \/>\n<meta name=\"robots\" content=\"index, follow, max-snippet:-1, max-image-preview:large, max-video-preview:-1\" \/>\n<link rel=\"canonical\" href=\"https:\/\/anivet.lt\/elparduotuve\/produktas\/zaislas-kong-safestix-s-dydis-30cm\/\" \/>\n<meta property=\"og:locale\" content=\"lt_LT\" \/>\n<meta property=\"og:type\" content=\"article\" \/>\n<meta property=\"og:title\" content=\"\u017daislas KONG Safestix S dydis - 30cm\" \/>\n<meta property=\"og:description\" content=\"U\u017eapvalinti galai - saugiems \u017eaidimams  Patvari med\u017eiaga, \u017eaislu leis m\u0117gautis ilgai  Lankstosi, at\u0161oka ir pl\u016bduriuoja\" \/>\n<meta property=\"og:url\" content=\"https:\/\/anivet.lt\/elparduotuve\/produktas\/zaislas-kong-safestix-s-dydis-30cm\/\" \/>\n<meta property=\"og:site_name\" content=\"anivet.lt\" \/>\n<meta property=\"article:modified_time\" content=\"2025-05-27T13:40:19+00:00\" \/>\n<meta property=\"og:image\" content=\"https:\/\/anivet.lt\/elparduotuve\/wp-content\/uploads\/2025\/05\/3.Zaislas-KONG-Safestix-S-dydis-30cm.jpg\" \/>\n\t<meta property=\"og:image:width\" content=\"650\" \/>\n\t<meta property=\"og:image:height\" content=\"650\" \/>\n\t<meta property=\"og:image:type\" content=\"image\/jpeg\" \/>\n<meta name=\"twitter:card\" content=\"summary_large_image\" \/>\n<meta name=\"twitter:label1\" content=\"Est. reading time\" \/>\n\t<meta name=\"twitter:data1\" content=\"1 minut\u0117\" \/>\n<script type=\"application\/ld+json\" class=\"yoast-schema-graph\">{\"@context\":\"https:\\\/\\\/schema.org\",\"@graph\":[{\"@type\":\"WebPage\",\"@id\":\"https:\\\/\\\/anivet.lt\\\/elparduotuve\\\/produktas\\\/zaislas-kong-safestix-s-dydis-30cm\\\/\",\"url\":\"https:\\\/\\\/anivet.lt\\\/elparduotuve\\\/produktas\\\/zaislas-kong-safestix-s-dydis-30cm\\\/\",\"name\":\"\u017daislas KONG Safestix S dydis - 30cm - anivet.lt\",\"isPartOf\":{\"@id\":\"https:\\\/\\\/anivet.lt\\\/elparduotuve\\\/#website\"},\"primaryImageOfPage\":{\"@id\":\"https:\\\/\\\/anivet.lt\\\/elparduotuve\\\/produktas\\\/zaislas-kong-safestix-s-dydis-30cm\\\/#primaryimage\"},\"image\":{\"@id\":\"https:\\\/\\\/anivet.lt\\\/elparduotuve\\\/produktas\\\/zaislas-kong-safestix-s-dydis-30cm\\\/#primaryimage\"},\"thumbnailUrl\":\"https:\\\/\\\/anivet.lt\\\/elparduotuve\\\/wp-content\\\/uploads\\\/2025\\\/05\\\/3.Zaislas-KONG-Safestix-S-dydis-30cm.jpg\",\"datePublished\":\"2025-05-10T07:49:05+00:00\",\"dateModified\":\"2025-05-27T13:40:19+00:00\",\"description\":\"U\u017eapvalinti galai - saugiems \u017eaidimams Patvari med\u017eiaga, \u017eaislu leis m\u0117gautis ilgai Lankstosi, at\u0161oka ir pl\u016bduriuoja\",\"breadcrumb\":{\"@id\":\"https:\\\/\\\/anivet.lt\\\/elparduotuve\\\/produktas\\\/zaislas-kong-safestix-s-dydis-30cm\\\/#breadcrumb\"},\"inLanguage\":\"lt-LT\",\"potentialAction\":[{\"@type\":\"ReadAction\",\"target\":[\"https:\\\/\\\/anivet.lt\\\/elparduotuve\\\/produktas\\\/zaislas-kong-safestix-s-dydis-30cm\\\/\"]}]},{\"@type\":\"ImageObject\",\"inLanguage\":\"lt-LT\",\"@id\":\"https:\\\/\\\/anivet.lt\\\/elparduotuve\\\/produktas\\\/zaislas-kong-safestix-s-dydis-30cm\\\/#primaryimage\",\"url\":\"https:\\\/\\\/anivet.lt\\\/elparduotuve\\\/wp-content\\\/uploads\\\/2025\\\/05\\\/3.Zaislas-KONG-Safestix-S-dydis-30cm.jpg\",\"contentUrl\":\"https:\\\/\\\/anivet.lt\\\/elparduotuve\\\/wp-content\\\/uploads\\\/2025\\\/05\\\/3.Zaislas-KONG-Safestix-S-dydis-30cm.jpg\",\"width\":650,\"height\":650,\"caption\":\"\u017daislas KONG Safestix S dydis - 30cm\"},{\"@type\":\"BreadcrumbList\",\"@id\":\"https:\\\/\\\/anivet.lt\\\/elparduotuve\\\/produktas\\\/zaislas-kong-safestix-s-dydis-30cm\\\/#breadcrumb\",\"itemListElement\":[{\"@type\":\"ListItem\",\"position\":1,\"name\":\"Home\",\"item\":\"https:\\\/\\\/anivet.lt\\\/elparduotuve\\\/\"},{\"@type\":\"ListItem\",\"position\":2,\"name\":\"Produktai\",\"item\":\"https:\\\/\\\/anivet.lt\\\/elparduotuve\\\/produktai\\\/\"},{\"@type\":\"ListItem\",\"position\":3,\"name\":\"\u017daislas KONG Safestix S dydis &#8211; 30cm\"}]},{\"@type\":\"WebSite\",\"@id\":\"https:\\\/\\\/anivet.lt\\\/elparduotuve\\\/#website\",\"url\":\"https:\\\/\\\/anivet.lt\\\/elparduotuve\\\/\",\"name\":\"anivet.lt\",\"description\":\"Viskas J\u016bs\u0173 \u0161uns, kat\u0117s prie\u017ei\u016brai\",\"publisher\":{\"@id\":\"https:\\\/\\\/anivet.lt\\\/elparduotuve\\\/#organization\"},\"alternateName\":\"Viskas J\u016bs\u0173 \u0161uns, kat\u0117s prie\u017ei\u016brai\",\"potentialAction\":[{\"@type\":\"SearchAction\",\"target\":{\"@type\":\"EntryPoint\",\"urlTemplate\":\"https:\\\/\\\/anivet.lt\\\/elparduotuve\\\/?s={search_term_string}\"},\"query-input\":{\"@type\":\"PropertyValueSpecification\",\"valueRequired\":true,\"valueName\":\"search_term_string\"}}],\"inLanguage\":\"lt-LT\"},{\"@type\":\"Organization\",\"@id\":\"https:\\\/\\\/anivet.lt\\\/elparduotuve\\\/#organization\",\"name\":\"Viskas J\u016bs\u0173 \u0161uns, kat\u0117s prie\u017ei\u016brai\",\"url\":\"https:\\\/\\\/anivet.lt\\\/elparduotuve\\\/\",\"logo\":{\"@type\":\"ImageObject\",\"inLanguage\":\"lt-LT\",\"@id\":\"https:\\\/\\\/anivet.lt\\\/elparduotuve\\\/#\\\/schema\\\/logo\\\/image\\\/\",\"url\":\"https:\\\/\\\/anivet.lt\\\/elparduotuve\\\/wp-content\\\/uploads\\\/2023\\\/06\\\/logo2.jpg\",\"contentUrl\":\"https:\\\/\\\/anivet.lt\\\/elparduotuve\\\/wp-content\\\/uploads\\\/2023\\\/06\\\/logo2.jpg\",\"width\":655,\"height\":194,\"caption\":\"Viskas J\u016bs\u0173 \u0161uns, kat\u0117s prie\u017ei\u016brai\"},\"image\":{\"@id\":\"https:\\\/\\\/anivet.lt\\\/elparduotuve\\\/#\\\/schema\\\/logo\\\/image\\\/\"}}]}<\/script>\n<!-- \/ Yoast SEO Premium plugin. -->","yoast_head_json":{"title":"\u017daislas KONG Safestix S dydis - 30cm - anivet.lt","description":"U\u017eapvalinti galai - saugiems \u017eaidimams  Patvari med\u017eiaga, \u017eaislu leis m\u0117gautis ilgai  Lankstosi, at\u0161oka ir pl\u016bduriuoja","robots":{"index":"index","follow":"follow","max-snippet":"max-snippet:-1","max-image-preview":"max-image-preview:large","max-video-preview":"max-video-preview:-1"},"canonical":"https:\/\/anivet.lt\/elparduotuve\/produktas\/zaislas-kong-safestix-s-dydis-30cm\/","og_locale":"lt_LT","og_type":"article","og_title":"\u017daislas KONG Safestix S dydis - 30cm","og_description":"U\u017eapvalinti galai - saugiems \u017eaidimams  Patvari med\u017eiaga, \u017eaislu leis m\u0117gautis ilgai  Lankstosi, at\u0161oka ir pl\u016bduriuoja","og_url":"https:\/\/anivet.lt\/elparduotuve\/produktas\/zaislas-kong-safestix-s-dydis-30cm\/","og_site_name":"anivet.lt","article_modified_time":"2025-05-27T13:40:19+00:00","og_image":[{"width":650,"height":650,"url":"https:\/\/anivet.lt\/elparduotuve\/wp-content\/uploads\/2025\/05\/3.Zaislas-KONG-Safestix-S-dydis-30cm.jpg","type":"image\/jpeg"}],"twitter_card":"summary_large_image","twitter_misc":{"Est. reading time":"1 minut\u0117"},"schema":{"@context":"https:\/\/schema.org","@graph":[{"@type":"WebPage","@id":"https:\/\/anivet.lt\/elparduotuve\/produktas\/zaislas-kong-safestix-s-dydis-30cm\/","url":"https:\/\/anivet.lt\/elparduotuve\/produktas\/zaislas-kong-safestix-s-dydis-30cm\/","name":"\u017daislas KONG Safestix S dydis - 30cm - anivet.lt","isPartOf":{"@id":"https:\/\/anivet.lt\/elparduotuve\/#website"},"primaryImageOfPage":{"@id":"https:\/\/anivet.lt\/elparduotuve\/produktas\/zaislas-kong-safestix-s-dydis-30cm\/#primaryimage"},"image":{"@id":"https:\/\/anivet.lt\/elparduotuve\/produktas\/zaislas-kong-safestix-s-dydis-30cm\/#primaryimage"},"thumbnailUrl":"https:\/\/anivet.lt\/elparduotuve\/wp-content\/uploads\/2025\/05\/3.Zaislas-KONG-Safestix-S-dydis-30cm.jpg","datePublished":"2025-05-10T07:49:05+00:00","dateModified":"2025-05-27T13:40:19+00:00","description":"U\u017eapvalinti galai - saugiems \u017eaidimams Patvari med\u017eiaga, \u017eaislu leis m\u0117gautis ilgai Lankstosi, at\u0161oka ir pl\u016bduriuoja","breadcrumb":{"@id":"https:\/\/anivet.lt\/elparduotuve\/produktas\/zaislas-kong-safestix-s-dydis-30cm\/#breadcrumb"},"inLanguage":"lt-LT","potentialAction":[{"@type":"ReadAction","target":["https:\/\/anivet.lt\/elparduotuve\/produktas\/zaislas-kong-safestix-s-dydis-30cm\/"]}]},{"@type":"ImageObject","inLanguage":"lt-LT","@id":"https:\/\/anivet.lt\/elparduotuve\/produktas\/zaislas-kong-safestix-s-dydis-30cm\/#primaryimage","url":"https:\/\/anivet.lt\/elparduotuve\/wp-content\/uploads\/2025\/05\/3.Zaislas-KONG-Safestix-S-dydis-30cm.jpg","contentUrl":"https:\/\/anivet.lt\/elparduotuve\/wp-content\/uploads\/2025\/05\/3.Zaislas-KONG-Safestix-S-dydis-30cm.jpg","width":650,"height":650,"caption":"\u017daislas KONG Safestix S dydis - 30cm"},{"@type":"BreadcrumbList","@id":"https:\/\/anivet.lt\/elparduotuve\/produktas\/zaislas-kong-safestix-s-dydis-30cm\/#breadcrumb","itemListElement":[{"@type":"ListItem","position":1,"name":"Home","item":"https:\/\/anivet.lt\/elparduotuve\/"},{"@type":"ListItem","position":2,"name":"Produktai","item":"https:\/\/anivet.lt\/elparduotuve\/produktai\/"},{"@type":"ListItem","position":3,"name":"\u017daislas KONG Safestix S dydis &#8211; 30cm"}]},{"@type":"WebSite","@id":"https:\/\/anivet.lt\/elparduotuve\/#website","url":"https:\/\/anivet.lt\/elparduotuve\/","name":"anivet.lt","description":"Viskas J\u016bs\u0173 \u0161uns, kat\u0117s prie\u017ei\u016brai","publisher":{"@id":"https:\/\/anivet.lt\/elparduotuve\/#organization"},"alternateName":"Viskas J\u016bs\u0173 \u0161uns, kat\u0117s prie\u017ei\u016brai","potentialAction":[{"@type":"SearchAction","target":{"@type":"EntryPoint","urlTemplate":"https:\/\/anivet.lt\/elparduotuve\/?s={search_term_string}"},"query-input":{"@type":"PropertyValueSpecification","valueRequired":true,"valueName":"search_term_string"}}],"inLanguage":"lt-LT"},{"@type":"Organization","@id":"https:\/\/anivet.lt\/elparduotuve\/#organization","name":"Viskas J\u016bs\u0173 \u0161uns, kat\u0117s prie\u017ei\u016brai","url":"https:\/\/anivet.lt\/elparduotuve\/","logo":{"@type":"ImageObject","inLanguage":"lt-LT","@id":"https:\/\/anivet.lt\/elparduotuve\/#\/schema\/logo\/image\/","url":"https:\/\/anivet.lt\/elparduotuve\/wp-content\/uploads\/2023\/06\/logo2.jpg","contentUrl":"https:\/\/anivet.lt\/elparduotuve\/wp-content\/uploads\/2023\/06\/logo2.jpg","width":655,"height":194,"caption":"Viskas J\u016bs\u0173 \u0161uns, kat\u0117s prie\u017ei\u016brai"},"image":{"@id":"https:\/\/anivet.lt\/elparduotuve\/#\/schema\/logo\/image\/"}}]}},"_links":{"self":[{"href":"https:\/\/anivet.lt\/elparduotuve\/wp-json\/wp\/v2\/product\/17612","targetHints":{"allow":["GET"]}}],"collection":[{"href":"https:\/\/anivet.lt\/elparduotuve\/wp-json\/wp\/v2\/product"}],"about":[{"href":"https:\/\/anivet.lt\/elparduotuve\/wp-json\/wp\/v2\/types\/product"}],"wp:featuredmedia":[{"embeddable":true,"href":"https:\/\/anivet.lt\/elparduotuve\/wp-json\/wp\/v2\/media\/17613"}],"wp:attachment":[{"href":"https:\/\/anivet.lt\/elparduotuve\/wp-json\/wp\/v2\/media?parent=17612"}],"wp:term":[{"taxonomy":"product_brand","embeddable":true,"href":"https:\/\/anivet.lt\/elparduotuve\/wp-json\/wp\/v2\/product_brand?post=17612"},{"taxonomy":"product_cat","embeddable":true,"href":"https:\/\/anivet.lt\/elparduotuve\/wp-json\/wp\/v2\/product_cat?post=17612"},{"taxonomy":"product_tag","embeddable":true,"href":"https:\/\/anivet.lt\/elparduotuve\/wp-json\/wp\/v2\/product_tag?post=17612"}],"curies":[{"name":"wp","href":"https:\/\/api.w.org\/{rel}","templated":true}]}}