{"id":17615,"date":"2025-05-10T07:52:52","date_gmt":"2025-05-10T07:52:52","guid":{"rendered":"https:\/\/anivet.lt\/elparduotuve\/?post_type=product&#038;p=17615"},"modified":"2025-05-27T13:40:20","modified_gmt":"2025-05-27T13:40:20","slug":"zaislas-suniui-kong-squeezz-lazdele-18-cm","status":"publish","type":"product","link":"https:\/\/anivet.lt\/elparduotuve\/produktas\/zaislas-suniui-kong-squeezz-lazdele-18-cm\/","title":{"rendered":"\u017daislas \u0161uniui KONG Squeezz lazdel\u0117 18 cm"},"content":{"rendered":"<p>Jis turi vidin\u012f girg\u017ed\u0117jim\u0105, kuris suteikia daug malonumo, o sukibusios tekst\u016bros suteikia \u0161uniui papildomo kramtymo malonumo. Pastaba: \u017eaisdami niekada nepalikite gyv\u016bno be prie\u017ei\u016bros. Joks \u017eaislas n\u0117ra nesunaikinamas. Kad nesusi\u017eeistum\u0117te, \u017eaislas turi b\u016bti reguliariai tikrinamas, ar nepa\u017eeistas, ar neatsilaisvint\u0173 dali\u0173, ir, jei reikia, pakeisti.<\/p>\n<ul>\n<li>Idealiai tinka interaktyviems paie\u0161kos \u017eaidimams<\/li>\n<li>Saugi alternatyva mediniam pagaliukui<\/li>\n<li>Su squeaker<\/li>\n<li>\u012evairios spalvos<\/li>\n<\/ul>\n","protected":false},"excerpt":{"rendered":"<p>KONG\u00ae SQUEEZZ STICK\u00ae puikiai tinka m\u0117tymui\u00a0 ir yra saugi alternatyva medinei lazdai.<\/p>\n","protected":false},"featured_media":17616,"template":"","meta":[],"product_brand":[],"product_cat":[101,108,311],"product_tag":[],"class_list":{"0":"post-17615","1":"product","2":"type-product","3":"status-publish","4":"has-post-thumbnail","6":"product_cat-sunims","7":"product_cat-prieziuros-priemones","8":"product_cat-zaislai-prieziuros-priemones","10":"first","11":"instock","12":"taxable","13":"shipping-taxable","14":"purchasable","15":"product-type-simple"},"yoast_head":"<!-- This site is optimized with the Yoast SEO Premium plugin v27.1 (Yoast SEO v27.5) - https:\/\/yoast.com\/product\/yoast-seo-premium-wordpress\/ -->\n<title>\u017daislas \u0161uniui KONG Squeezz lazdel\u0117 18 cm - anivet.lt<\/title>\n<meta name=\"description\" content=\"KONG\u00ae SQUEEZZ STICK\u00ae puikiai tinka m\u0117tymui\u00a0 ir yra saugi alternatyva medinei lazdai.\" \/>\n<meta name=\"robots\" content=\"index, follow, max-snippet:-1, max-image-preview:large, max-video-preview:-1\" \/>\n<link rel=\"canonical\" href=\"https:\/\/anivet.lt\/elparduotuve\/produktas\/zaislas-suniui-kong-squeezz-lazdele-18-cm\/\" \/>\n<meta property=\"og:locale\" content=\"lt_LT\" \/>\n<meta property=\"og:type\" content=\"article\" \/>\n<meta property=\"og:title\" content=\"\u017daislas \u0161uniui KONG Squeezz lazdel\u0117 18 cm\" \/>\n<meta property=\"og:description\" content=\"KONG\u00ae SQUEEZZ STICK\u00ae puikiai tinka m\u0117tymui\u00a0 ir yra saugi alternatyva medinei lazdai.\" \/>\n<meta property=\"og:url\" content=\"https:\/\/anivet.lt\/elparduotuve\/produktas\/zaislas-suniui-kong-squeezz-lazdele-18-cm\/\" \/>\n<meta property=\"og:site_name\" content=\"anivet.lt\" \/>\n<meta property=\"article:modified_time\" content=\"2025-05-27T13:40:20+00:00\" \/>\n<meta property=\"og:image\" content=\"https:\/\/anivet.lt\/elparduotuve\/wp-content\/uploads\/2025\/05\/4.Zaislas-suniui-KONG\u00ae-Squeezz\u00ae-lazdele-18-cm.jpg\" \/>\n\t<meta property=\"og:image:width\" content=\"650\" \/>\n\t<meta property=\"og:image:height\" content=\"650\" \/>\n\t<meta property=\"og:image:type\" content=\"image\/jpeg\" \/>\n<meta name=\"twitter:card\" content=\"summary_large_image\" \/>\n<meta name=\"twitter:label1\" content=\"Est. reading time\" \/>\n\t<meta name=\"twitter:data1\" content=\"1 minut\u0117\" \/>\n<script type=\"application\/ld+json\" class=\"yoast-schema-graph\">{\"@context\":\"https:\\\/\\\/schema.org\",\"@graph\":[{\"@type\":\"WebPage\",\"@id\":\"https:\\\/\\\/anivet.lt\\\/elparduotuve\\\/produktas\\\/zaislas-suniui-kong-squeezz-lazdele-18-cm\\\/\",\"url\":\"https:\\\/\\\/anivet.lt\\\/elparduotuve\\\/produktas\\\/zaislas-suniui-kong-squeezz-lazdele-18-cm\\\/\",\"name\":\"\u017daislas \u0161uniui KONG Squeezz lazdel\u0117 18 cm - anivet.lt\",\"isPartOf\":{\"@id\":\"https:\\\/\\\/anivet.lt\\\/elparduotuve\\\/#website\"},\"primaryImageOfPage\":{\"@id\":\"https:\\\/\\\/anivet.lt\\\/elparduotuve\\\/produktas\\\/zaislas-suniui-kong-squeezz-lazdele-18-cm\\\/#primaryimage\"},\"image\":{\"@id\":\"https:\\\/\\\/anivet.lt\\\/elparduotuve\\\/produktas\\\/zaislas-suniui-kong-squeezz-lazdele-18-cm\\\/#primaryimage\"},\"thumbnailUrl\":\"https:\\\/\\\/anivet.lt\\\/elparduotuve\\\/wp-content\\\/uploads\\\/2025\\\/05\\\/4.Zaislas-suniui-KONG\u00ae-Squeezz\u00ae-lazdele-18-cm.jpg\",\"datePublished\":\"2025-05-10T07:52:52+00:00\",\"dateModified\":\"2025-05-27T13:40:20+00:00\",\"description\":\"KONG\u00ae SQUEEZZ STICK\u00ae puikiai tinka m\u0117tymui\u00a0 ir yra saugi alternatyva medinei lazdai.\",\"breadcrumb\":{\"@id\":\"https:\\\/\\\/anivet.lt\\\/elparduotuve\\\/produktas\\\/zaislas-suniui-kong-squeezz-lazdele-18-cm\\\/#breadcrumb\"},\"inLanguage\":\"lt-LT\",\"potentialAction\":[{\"@type\":\"ReadAction\",\"target\":[\"https:\\\/\\\/anivet.lt\\\/elparduotuve\\\/produktas\\\/zaislas-suniui-kong-squeezz-lazdele-18-cm\\\/\"]}]},{\"@type\":\"ImageObject\",\"inLanguage\":\"lt-LT\",\"@id\":\"https:\\\/\\\/anivet.lt\\\/elparduotuve\\\/produktas\\\/zaislas-suniui-kong-squeezz-lazdele-18-cm\\\/#primaryimage\",\"url\":\"https:\\\/\\\/anivet.lt\\\/elparduotuve\\\/wp-content\\\/uploads\\\/2025\\\/05\\\/4.Zaislas-suniui-KONG\u00ae-Squeezz\u00ae-lazdele-18-cm.jpg\",\"contentUrl\":\"https:\\\/\\\/anivet.lt\\\/elparduotuve\\\/wp-content\\\/uploads\\\/2025\\\/05\\\/4.Zaislas-suniui-KONG\u00ae-Squeezz\u00ae-lazdele-18-cm.jpg\",\"width\":650,\"height\":650,\"caption\":\"\u017daislas \u0161uniui KONG Squeezz lazdel\u0117 18 cm\"},{\"@type\":\"BreadcrumbList\",\"@id\":\"https:\\\/\\\/anivet.lt\\\/elparduotuve\\\/produktas\\\/zaislas-suniui-kong-squeezz-lazdele-18-cm\\\/#breadcrumb\",\"itemListElement\":[{\"@type\":\"ListItem\",\"position\":1,\"name\":\"Home\",\"item\":\"https:\\\/\\\/anivet.lt\\\/elparduotuve\\\/\"},{\"@type\":\"ListItem\",\"position\":2,\"name\":\"Produktai\",\"item\":\"https:\\\/\\\/anivet.lt\\\/elparduotuve\\\/produktai\\\/\"},{\"@type\":\"ListItem\",\"position\":3,\"name\":\"\u017daislas \u0161uniui KONG Squeezz lazdel\u0117 18 cm\"}]},{\"@type\":\"WebSite\",\"@id\":\"https:\\\/\\\/anivet.lt\\\/elparduotuve\\\/#website\",\"url\":\"https:\\\/\\\/anivet.lt\\\/elparduotuve\\\/\",\"name\":\"anivet.lt\",\"description\":\"Viskas J\u016bs\u0173 \u0161uns, kat\u0117s prie\u017ei\u016brai\",\"publisher\":{\"@id\":\"https:\\\/\\\/anivet.lt\\\/elparduotuve\\\/#organization\"},\"alternateName\":\"Viskas J\u016bs\u0173 \u0161uns, kat\u0117s prie\u017ei\u016brai\",\"potentialAction\":[{\"@type\":\"SearchAction\",\"target\":{\"@type\":\"EntryPoint\",\"urlTemplate\":\"https:\\\/\\\/anivet.lt\\\/elparduotuve\\\/?s={search_term_string}\"},\"query-input\":{\"@type\":\"PropertyValueSpecification\",\"valueRequired\":true,\"valueName\":\"search_term_string\"}}],\"inLanguage\":\"lt-LT\"},{\"@type\":\"Organization\",\"@id\":\"https:\\\/\\\/anivet.lt\\\/elparduotuve\\\/#organization\",\"name\":\"Viskas J\u016bs\u0173 \u0161uns, kat\u0117s prie\u017ei\u016brai\",\"url\":\"https:\\\/\\\/anivet.lt\\\/elparduotuve\\\/\",\"logo\":{\"@type\":\"ImageObject\",\"inLanguage\":\"lt-LT\",\"@id\":\"https:\\\/\\\/anivet.lt\\\/elparduotuve\\\/#\\\/schema\\\/logo\\\/image\\\/\",\"url\":\"https:\\\/\\\/anivet.lt\\\/elparduotuve\\\/wp-content\\\/uploads\\\/2023\\\/06\\\/logo2.jpg\",\"contentUrl\":\"https:\\\/\\\/anivet.lt\\\/elparduotuve\\\/wp-content\\\/uploads\\\/2023\\\/06\\\/logo2.jpg\",\"width\":655,\"height\":194,\"caption\":\"Viskas J\u016bs\u0173 \u0161uns, kat\u0117s prie\u017ei\u016brai\"},\"image\":{\"@id\":\"https:\\\/\\\/anivet.lt\\\/elparduotuve\\\/#\\\/schema\\\/logo\\\/image\\\/\"}}]}<\/script>\n<!-- \/ Yoast SEO Premium plugin. -->","yoast_head_json":{"title":"\u017daislas \u0161uniui KONG Squeezz lazdel\u0117 18 cm - anivet.lt","description":"KONG\u00ae SQUEEZZ STICK\u00ae puikiai tinka m\u0117tymui\u00a0 ir yra saugi alternatyva medinei lazdai.","robots":{"index":"index","follow":"follow","max-snippet":"max-snippet:-1","max-image-preview":"max-image-preview:large","max-video-preview":"max-video-preview:-1"},"canonical":"https:\/\/anivet.lt\/elparduotuve\/produktas\/zaislas-suniui-kong-squeezz-lazdele-18-cm\/","og_locale":"lt_LT","og_type":"article","og_title":"\u017daislas \u0161uniui KONG Squeezz lazdel\u0117 18 cm","og_description":"KONG\u00ae SQUEEZZ STICK\u00ae puikiai tinka m\u0117tymui\u00a0 ir yra saugi alternatyva medinei lazdai.","og_url":"https:\/\/anivet.lt\/elparduotuve\/produktas\/zaislas-suniui-kong-squeezz-lazdele-18-cm\/","og_site_name":"anivet.lt","article_modified_time":"2025-05-27T13:40:20+00:00","og_image":[{"width":650,"height":650,"url":"https:\/\/anivet.lt\/elparduotuve\/wp-content\/uploads\/2025\/05\/4.Zaislas-suniui-KONG\u00ae-Squeezz\u00ae-lazdele-18-cm.jpg","type":"image\/jpeg"}],"twitter_card":"summary_large_image","twitter_misc":{"Est. reading time":"1 minut\u0117"},"schema":{"@context":"https:\/\/schema.org","@graph":[{"@type":"WebPage","@id":"https:\/\/anivet.lt\/elparduotuve\/produktas\/zaislas-suniui-kong-squeezz-lazdele-18-cm\/","url":"https:\/\/anivet.lt\/elparduotuve\/produktas\/zaislas-suniui-kong-squeezz-lazdele-18-cm\/","name":"\u017daislas \u0161uniui KONG Squeezz lazdel\u0117 18 cm - anivet.lt","isPartOf":{"@id":"https:\/\/anivet.lt\/elparduotuve\/#website"},"primaryImageOfPage":{"@id":"https:\/\/anivet.lt\/elparduotuve\/produktas\/zaislas-suniui-kong-squeezz-lazdele-18-cm\/#primaryimage"},"image":{"@id":"https:\/\/anivet.lt\/elparduotuve\/produktas\/zaislas-suniui-kong-squeezz-lazdele-18-cm\/#primaryimage"},"thumbnailUrl":"https:\/\/anivet.lt\/elparduotuve\/wp-content\/uploads\/2025\/05\/4.Zaislas-suniui-KONG\u00ae-Squeezz\u00ae-lazdele-18-cm.jpg","datePublished":"2025-05-10T07:52:52+00:00","dateModified":"2025-05-27T13:40:20+00:00","description":"KONG\u00ae SQUEEZZ STICK\u00ae puikiai tinka m\u0117tymui\u00a0 ir yra saugi alternatyva medinei lazdai.","breadcrumb":{"@id":"https:\/\/anivet.lt\/elparduotuve\/produktas\/zaislas-suniui-kong-squeezz-lazdele-18-cm\/#breadcrumb"},"inLanguage":"lt-LT","potentialAction":[{"@type":"ReadAction","target":["https:\/\/anivet.lt\/elparduotuve\/produktas\/zaislas-suniui-kong-squeezz-lazdele-18-cm\/"]}]},{"@type":"ImageObject","inLanguage":"lt-LT","@id":"https:\/\/anivet.lt\/elparduotuve\/produktas\/zaislas-suniui-kong-squeezz-lazdele-18-cm\/#primaryimage","url":"https:\/\/anivet.lt\/elparduotuve\/wp-content\/uploads\/2025\/05\/4.Zaislas-suniui-KONG\u00ae-Squeezz\u00ae-lazdele-18-cm.jpg","contentUrl":"https:\/\/anivet.lt\/elparduotuve\/wp-content\/uploads\/2025\/05\/4.Zaislas-suniui-KONG\u00ae-Squeezz\u00ae-lazdele-18-cm.jpg","width":650,"height":650,"caption":"\u017daislas \u0161uniui KONG Squeezz lazdel\u0117 18 cm"},{"@type":"BreadcrumbList","@id":"https:\/\/anivet.lt\/elparduotuve\/produktas\/zaislas-suniui-kong-squeezz-lazdele-18-cm\/#breadcrumb","itemListElement":[{"@type":"ListItem","position":1,"name":"Home","item":"https:\/\/anivet.lt\/elparduotuve\/"},{"@type":"ListItem","position":2,"name":"Produktai","item":"https:\/\/anivet.lt\/elparduotuve\/produktai\/"},{"@type":"ListItem","position":3,"name":"\u017daislas \u0161uniui KONG Squeezz lazdel\u0117 18 cm"}]},{"@type":"WebSite","@id":"https:\/\/anivet.lt\/elparduotuve\/#website","url":"https:\/\/anivet.lt\/elparduotuve\/","name":"anivet.lt","description":"Viskas J\u016bs\u0173 \u0161uns, kat\u0117s prie\u017ei\u016brai","publisher":{"@id":"https:\/\/anivet.lt\/elparduotuve\/#organization"},"alternateName":"Viskas J\u016bs\u0173 \u0161uns, kat\u0117s prie\u017ei\u016brai","potentialAction":[{"@type":"SearchAction","target":{"@type":"EntryPoint","urlTemplate":"https:\/\/anivet.lt\/elparduotuve\/?s={search_term_string}"},"query-input":{"@type":"PropertyValueSpecification","valueRequired":true,"valueName":"search_term_string"}}],"inLanguage":"lt-LT"},{"@type":"Organization","@id":"https:\/\/anivet.lt\/elparduotuve\/#organization","name":"Viskas J\u016bs\u0173 \u0161uns, kat\u0117s prie\u017ei\u016brai","url":"https:\/\/anivet.lt\/elparduotuve\/","logo":{"@type":"ImageObject","inLanguage":"lt-LT","@id":"https:\/\/anivet.lt\/elparduotuve\/#\/schema\/logo\/image\/","url":"https:\/\/anivet.lt\/elparduotuve\/wp-content\/uploads\/2023\/06\/logo2.jpg","contentUrl":"https:\/\/anivet.lt\/elparduotuve\/wp-content\/uploads\/2023\/06\/logo2.jpg","width":655,"height":194,"caption":"Viskas J\u016bs\u0173 \u0161uns, kat\u0117s prie\u017ei\u016brai"},"image":{"@id":"https:\/\/anivet.lt\/elparduotuve\/#\/schema\/logo\/image\/"}}]}},"_links":{"self":[{"href":"https:\/\/anivet.lt\/elparduotuve\/wp-json\/wp\/v2\/product\/17615","targetHints":{"allow":["GET"]}}],"collection":[{"href":"https:\/\/anivet.lt\/elparduotuve\/wp-json\/wp\/v2\/product"}],"about":[{"href":"https:\/\/anivet.lt\/elparduotuve\/wp-json\/wp\/v2\/types\/product"}],"wp:featuredmedia":[{"embeddable":true,"href":"https:\/\/anivet.lt\/elparduotuve\/wp-json\/wp\/v2\/media\/17616"}],"wp:attachment":[{"href":"https:\/\/anivet.lt\/elparduotuve\/wp-json\/wp\/v2\/media?parent=17615"}],"wp:term":[{"taxonomy":"product_brand","embeddable":true,"href":"https:\/\/anivet.lt\/elparduotuve\/wp-json\/wp\/v2\/product_brand?post=17615"},{"taxonomy":"product_cat","embeddable":true,"href":"https:\/\/anivet.lt\/elparduotuve\/wp-json\/wp\/v2\/product_cat?post=17615"},{"taxonomy":"product_tag","embeddable":true,"href":"https:\/\/anivet.lt\/elparduotuve\/wp-json\/wp\/v2\/product_tag?post=17615"}],"curies":[{"name":"wp","href":"https:\/\/api.w.org\/{rel}","templated":true}]}}