{"id":17618,"date":"2025-05-10T07:56:42","date_gmt":"2025-05-10T07:56:42","guid":{"rendered":"https:\/\/anivet.lt\/elparduotuve\/?post_type=product&#038;p=17618"},"modified":"2025-05-27T13:40:21","modified_gmt":"2025-05-27T13:40:21","slug":"kong-zaislas-duramax-kamuolys-m-6-5cm","status":"publish","type":"product","link":"https:\/\/anivet.lt\/elparduotuve\/produktas\/kong-zaislas-duramax-kamuolys-m-6-5cm\/","title":{"rendered":"KONG \u017eaislas DuraMax kamuolys M 6.5cm"},"content":{"rendered":"<p>KONG DuraMax\u00a0kamuolys\u00a0yra pagamintas i\u0161 labai patvarios KONG\u00a0sukurtos K-100 med\u017eiagos, kuri yra pakankamai mink\u0161ta, kad b\u016bt\u0173 smagu kramtyti, bet pakankamai patvari, kad atsispirt\u0173 ir labiausiai u\u017esispyrusiems naikintojams. Gumbuotas pavir\u0161ius yra smagus \u0161unims ir padeda nuvalyti dantis. Cypimas prideda linksmumo ir u\u017etikrina ilgus \u017eaidimus.<\/p>\n<ul>\n<li>Patvari\u00a0KONG\u00a0sukurta K-100 med\u017eiaga\u00a0patenkina nat\u016bralius instinktus<\/li>\n<li>Lankti med\u017eiaga yra \u012fdomi \u0161unims<\/li>\n<li>Nelygus pavir\u0161ius &#8211; patogus paimti<\/li>\n<li>Kamuolio formos, patogiems m\u0117tymo \u017eaidimams lauke<\/li>\n<li>Grubl\u0117tas pavir\u0161ius padeda balaikyti dant\u0173 ir danten\u0173 \u0161var\u0105<\/li>\n<li>Skleid\u017eiamas garsas &#8211; \u012fdomus visiems \u0161unims, prailgina \u017eaidimus<\/li>\n<\/ul>\n","protected":false},"excerpt":{"rendered":"<p>KONG\u00ae DuraMax\u2122kamuolys yra sukurtas \u0161unims, kurie yra itin dideli \u017eaisl\u0173 naikintojai.<\/p>\n","protected":false},"featured_media":17620,"template":"","meta":[],"product_brand":[],"product_cat":[101,108,311],"product_tag":[],"class_list":{"0":"post-17618","1":"product","2":"type-product","3":"status-publish","4":"has-post-thumbnail","6":"product_cat-sunims","7":"product_cat-prieziuros-priemones","8":"product_cat-zaislai-prieziuros-priemones","10":"first","11":"instock","12":"taxable","13":"shipping-taxable","14":"purchasable","15":"product-type-simple"},"yoast_head":"<!-- This site is optimized with the Yoast SEO Premium plugin v27.1 (Yoast SEO v27.5) - https:\/\/yoast.com\/product\/yoast-seo-premium-wordpress\/ -->\n<title>KONG \u017eaislas DuraMax kamuolys M 6.5cm - anivet.lt<\/title>\n<meta name=\"description\" content=\"KONG\u00ae DuraMax\u2122kamuolys yra sukurtas \u0161unims, kurie yra itin dideli \u017eaisl\u0173 naikintojai.\" \/>\n<meta name=\"robots\" content=\"index, follow, max-snippet:-1, max-image-preview:large, max-video-preview:-1\" \/>\n<link rel=\"canonical\" href=\"https:\/\/anivet.lt\/elparduotuve\/produktas\/kong-zaislas-duramax-kamuolys-m-6-5cm\/\" \/>\n<meta property=\"og:locale\" content=\"lt_LT\" \/>\n<meta property=\"og:type\" content=\"article\" \/>\n<meta property=\"og:title\" content=\"KONG \u017eaislas DuraMax kamuolys M 6.5cm\" \/>\n<meta property=\"og:description\" content=\"KONG\u00ae DuraMax\u2122kamuolys yra sukurtas \u0161unims, kurie yra itin dideli \u017eaisl\u0173 naikintojai.\" \/>\n<meta property=\"og:url\" content=\"https:\/\/anivet.lt\/elparduotuve\/produktas\/kong-zaislas-duramax-kamuolys-m-6-5cm\/\" \/>\n<meta property=\"og:site_name\" content=\"anivet.lt\" \/>\n<meta property=\"article:modified_time\" content=\"2025-05-27T13:40:21+00:00\" \/>\n<meta property=\"og:image\" content=\"https:\/\/anivet.lt\/elparduotuve\/wp-content\/uploads\/2025\/05\/5.KONG-zaislas-DuraMax-kamuolys-M-6.5cm.jpg\" \/>\n\t<meta property=\"og:image:width\" content=\"650\" \/>\n\t<meta property=\"og:image:height\" content=\"650\" \/>\n\t<meta property=\"og:image:type\" content=\"image\/jpeg\" \/>\n<meta name=\"twitter:card\" content=\"summary_large_image\" \/>\n<meta name=\"twitter:label1\" content=\"Est. reading time\" \/>\n\t<meta name=\"twitter:data1\" content=\"1 minut\u0117\" \/>\n<script type=\"application\/ld+json\" class=\"yoast-schema-graph\">{\"@context\":\"https:\\\/\\\/schema.org\",\"@graph\":[{\"@type\":\"WebPage\",\"@id\":\"https:\\\/\\\/anivet.lt\\\/elparduotuve\\\/produktas\\\/kong-zaislas-duramax-kamuolys-m-6-5cm\\\/\",\"url\":\"https:\\\/\\\/anivet.lt\\\/elparduotuve\\\/produktas\\\/kong-zaislas-duramax-kamuolys-m-6-5cm\\\/\",\"name\":\"KONG \u017eaislas DuraMax kamuolys M 6.5cm - anivet.lt\",\"isPartOf\":{\"@id\":\"https:\\\/\\\/anivet.lt\\\/elparduotuve\\\/#website\"},\"primaryImageOfPage\":{\"@id\":\"https:\\\/\\\/anivet.lt\\\/elparduotuve\\\/produktas\\\/kong-zaislas-duramax-kamuolys-m-6-5cm\\\/#primaryimage\"},\"image\":{\"@id\":\"https:\\\/\\\/anivet.lt\\\/elparduotuve\\\/produktas\\\/kong-zaislas-duramax-kamuolys-m-6-5cm\\\/#primaryimage\"},\"thumbnailUrl\":\"https:\\\/\\\/anivet.lt\\\/elparduotuve\\\/wp-content\\\/uploads\\\/2025\\\/05\\\/5.KONG-zaislas-DuraMax-kamuolys-M-6.5cm.jpg\",\"datePublished\":\"2025-05-10T07:56:42+00:00\",\"dateModified\":\"2025-05-27T13:40:21+00:00\",\"description\":\"KONG\u00ae DuraMax\u2122kamuolys yra sukurtas \u0161unims, kurie yra itin dideli \u017eaisl\u0173 naikintojai.\",\"breadcrumb\":{\"@id\":\"https:\\\/\\\/anivet.lt\\\/elparduotuve\\\/produktas\\\/kong-zaislas-duramax-kamuolys-m-6-5cm\\\/#breadcrumb\"},\"inLanguage\":\"lt-LT\",\"potentialAction\":[{\"@type\":\"ReadAction\",\"target\":[\"https:\\\/\\\/anivet.lt\\\/elparduotuve\\\/produktas\\\/kong-zaislas-duramax-kamuolys-m-6-5cm\\\/\"]}]},{\"@type\":\"ImageObject\",\"inLanguage\":\"lt-LT\",\"@id\":\"https:\\\/\\\/anivet.lt\\\/elparduotuve\\\/produktas\\\/kong-zaislas-duramax-kamuolys-m-6-5cm\\\/#primaryimage\",\"url\":\"https:\\\/\\\/anivet.lt\\\/elparduotuve\\\/wp-content\\\/uploads\\\/2025\\\/05\\\/5.KONG-zaislas-DuraMax-kamuolys-M-6.5cm.jpg\",\"contentUrl\":\"https:\\\/\\\/anivet.lt\\\/elparduotuve\\\/wp-content\\\/uploads\\\/2025\\\/05\\\/5.KONG-zaislas-DuraMax-kamuolys-M-6.5cm.jpg\",\"width\":650,\"height\":650,\"caption\":\"KONG \u017eaislas DuraMax kamuolys M 6.5cm\"},{\"@type\":\"BreadcrumbList\",\"@id\":\"https:\\\/\\\/anivet.lt\\\/elparduotuve\\\/produktas\\\/kong-zaislas-duramax-kamuolys-m-6-5cm\\\/#breadcrumb\",\"itemListElement\":[{\"@type\":\"ListItem\",\"position\":1,\"name\":\"Home\",\"item\":\"https:\\\/\\\/anivet.lt\\\/elparduotuve\\\/\"},{\"@type\":\"ListItem\",\"position\":2,\"name\":\"Produktai\",\"item\":\"https:\\\/\\\/anivet.lt\\\/elparduotuve\\\/produktai\\\/\"},{\"@type\":\"ListItem\",\"position\":3,\"name\":\"KONG \u017eaislas DuraMax kamuolys M 6.5cm\"}]},{\"@type\":\"WebSite\",\"@id\":\"https:\\\/\\\/anivet.lt\\\/elparduotuve\\\/#website\",\"url\":\"https:\\\/\\\/anivet.lt\\\/elparduotuve\\\/\",\"name\":\"anivet.lt\",\"description\":\"Viskas J\u016bs\u0173 \u0161uns, kat\u0117s prie\u017ei\u016brai\",\"publisher\":{\"@id\":\"https:\\\/\\\/anivet.lt\\\/elparduotuve\\\/#organization\"},\"alternateName\":\"Viskas J\u016bs\u0173 \u0161uns, kat\u0117s prie\u017ei\u016brai\",\"potentialAction\":[{\"@type\":\"SearchAction\",\"target\":{\"@type\":\"EntryPoint\",\"urlTemplate\":\"https:\\\/\\\/anivet.lt\\\/elparduotuve\\\/?s={search_term_string}\"},\"query-input\":{\"@type\":\"PropertyValueSpecification\",\"valueRequired\":true,\"valueName\":\"search_term_string\"}}],\"inLanguage\":\"lt-LT\"},{\"@type\":\"Organization\",\"@id\":\"https:\\\/\\\/anivet.lt\\\/elparduotuve\\\/#organization\",\"name\":\"Viskas J\u016bs\u0173 \u0161uns, kat\u0117s prie\u017ei\u016brai\",\"url\":\"https:\\\/\\\/anivet.lt\\\/elparduotuve\\\/\",\"logo\":{\"@type\":\"ImageObject\",\"inLanguage\":\"lt-LT\",\"@id\":\"https:\\\/\\\/anivet.lt\\\/elparduotuve\\\/#\\\/schema\\\/logo\\\/image\\\/\",\"url\":\"https:\\\/\\\/anivet.lt\\\/elparduotuve\\\/wp-content\\\/uploads\\\/2023\\\/06\\\/logo2.jpg\",\"contentUrl\":\"https:\\\/\\\/anivet.lt\\\/elparduotuve\\\/wp-content\\\/uploads\\\/2023\\\/06\\\/logo2.jpg\",\"width\":655,\"height\":194,\"caption\":\"Viskas J\u016bs\u0173 \u0161uns, kat\u0117s prie\u017ei\u016brai\"},\"image\":{\"@id\":\"https:\\\/\\\/anivet.lt\\\/elparduotuve\\\/#\\\/schema\\\/logo\\\/image\\\/\"}}]}<\/script>\n<!-- \/ Yoast SEO Premium plugin. -->","yoast_head_json":{"title":"KONG \u017eaislas DuraMax kamuolys M 6.5cm - anivet.lt","description":"KONG\u00ae DuraMax\u2122kamuolys yra sukurtas \u0161unims, kurie yra itin dideli \u017eaisl\u0173 naikintojai.","robots":{"index":"index","follow":"follow","max-snippet":"max-snippet:-1","max-image-preview":"max-image-preview:large","max-video-preview":"max-video-preview:-1"},"canonical":"https:\/\/anivet.lt\/elparduotuve\/produktas\/kong-zaislas-duramax-kamuolys-m-6-5cm\/","og_locale":"lt_LT","og_type":"article","og_title":"KONG \u017eaislas DuraMax kamuolys M 6.5cm","og_description":"KONG\u00ae DuraMax\u2122kamuolys yra sukurtas \u0161unims, kurie yra itin dideli \u017eaisl\u0173 naikintojai.","og_url":"https:\/\/anivet.lt\/elparduotuve\/produktas\/kong-zaislas-duramax-kamuolys-m-6-5cm\/","og_site_name":"anivet.lt","article_modified_time":"2025-05-27T13:40:21+00:00","og_image":[{"width":650,"height":650,"url":"https:\/\/anivet.lt\/elparduotuve\/wp-content\/uploads\/2025\/05\/5.KONG-zaislas-DuraMax-kamuolys-M-6.5cm.jpg","type":"image\/jpeg"}],"twitter_card":"summary_large_image","twitter_misc":{"Est. reading time":"1 minut\u0117"},"schema":{"@context":"https:\/\/schema.org","@graph":[{"@type":"WebPage","@id":"https:\/\/anivet.lt\/elparduotuve\/produktas\/kong-zaislas-duramax-kamuolys-m-6-5cm\/","url":"https:\/\/anivet.lt\/elparduotuve\/produktas\/kong-zaislas-duramax-kamuolys-m-6-5cm\/","name":"KONG \u017eaislas DuraMax kamuolys M 6.5cm - anivet.lt","isPartOf":{"@id":"https:\/\/anivet.lt\/elparduotuve\/#website"},"primaryImageOfPage":{"@id":"https:\/\/anivet.lt\/elparduotuve\/produktas\/kong-zaislas-duramax-kamuolys-m-6-5cm\/#primaryimage"},"image":{"@id":"https:\/\/anivet.lt\/elparduotuve\/produktas\/kong-zaislas-duramax-kamuolys-m-6-5cm\/#primaryimage"},"thumbnailUrl":"https:\/\/anivet.lt\/elparduotuve\/wp-content\/uploads\/2025\/05\/5.KONG-zaislas-DuraMax-kamuolys-M-6.5cm.jpg","datePublished":"2025-05-10T07:56:42+00:00","dateModified":"2025-05-27T13:40:21+00:00","description":"KONG\u00ae DuraMax\u2122kamuolys yra sukurtas \u0161unims, kurie yra itin dideli \u017eaisl\u0173 naikintojai.","breadcrumb":{"@id":"https:\/\/anivet.lt\/elparduotuve\/produktas\/kong-zaislas-duramax-kamuolys-m-6-5cm\/#breadcrumb"},"inLanguage":"lt-LT","potentialAction":[{"@type":"ReadAction","target":["https:\/\/anivet.lt\/elparduotuve\/produktas\/kong-zaislas-duramax-kamuolys-m-6-5cm\/"]}]},{"@type":"ImageObject","inLanguage":"lt-LT","@id":"https:\/\/anivet.lt\/elparduotuve\/produktas\/kong-zaislas-duramax-kamuolys-m-6-5cm\/#primaryimage","url":"https:\/\/anivet.lt\/elparduotuve\/wp-content\/uploads\/2025\/05\/5.KONG-zaislas-DuraMax-kamuolys-M-6.5cm.jpg","contentUrl":"https:\/\/anivet.lt\/elparduotuve\/wp-content\/uploads\/2025\/05\/5.KONG-zaislas-DuraMax-kamuolys-M-6.5cm.jpg","width":650,"height":650,"caption":"KONG \u017eaislas DuraMax kamuolys M 6.5cm"},{"@type":"BreadcrumbList","@id":"https:\/\/anivet.lt\/elparduotuve\/produktas\/kong-zaislas-duramax-kamuolys-m-6-5cm\/#breadcrumb","itemListElement":[{"@type":"ListItem","position":1,"name":"Home","item":"https:\/\/anivet.lt\/elparduotuve\/"},{"@type":"ListItem","position":2,"name":"Produktai","item":"https:\/\/anivet.lt\/elparduotuve\/produktai\/"},{"@type":"ListItem","position":3,"name":"KONG \u017eaislas DuraMax kamuolys M 6.5cm"}]},{"@type":"WebSite","@id":"https:\/\/anivet.lt\/elparduotuve\/#website","url":"https:\/\/anivet.lt\/elparduotuve\/","name":"anivet.lt","description":"Viskas J\u016bs\u0173 \u0161uns, kat\u0117s prie\u017ei\u016brai","publisher":{"@id":"https:\/\/anivet.lt\/elparduotuve\/#organization"},"alternateName":"Viskas J\u016bs\u0173 \u0161uns, kat\u0117s prie\u017ei\u016brai","potentialAction":[{"@type":"SearchAction","target":{"@type":"EntryPoint","urlTemplate":"https:\/\/anivet.lt\/elparduotuve\/?s={search_term_string}"},"query-input":{"@type":"PropertyValueSpecification","valueRequired":true,"valueName":"search_term_string"}}],"inLanguage":"lt-LT"},{"@type":"Organization","@id":"https:\/\/anivet.lt\/elparduotuve\/#organization","name":"Viskas J\u016bs\u0173 \u0161uns, kat\u0117s prie\u017ei\u016brai","url":"https:\/\/anivet.lt\/elparduotuve\/","logo":{"@type":"ImageObject","inLanguage":"lt-LT","@id":"https:\/\/anivet.lt\/elparduotuve\/#\/schema\/logo\/image\/","url":"https:\/\/anivet.lt\/elparduotuve\/wp-content\/uploads\/2023\/06\/logo2.jpg","contentUrl":"https:\/\/anivet.lt\/elparduotuve\/wp-content\/uploads\/2023\/06\/logo2.jpg","width":655,"height":194,"caption":"Viskas J\u016bs\u0173 \u0161uns, kat\u0117s prie\u017ei\u016brai"},"image":{"@id":"https:\/\/anivet.lt\/elparduotuve\/#\/schema\/logo\/image\/"}}]}},"_links":{"self":[{"href":"https:\/\/anivet.lt\/elparduotuve\/wp-json\/wp\/v2\/product\/17618","targetHints":{"allow":["GET"]}}],"collection":[{"href":"https:\/\/anivet.lt\/elparduotuve\/wp-json\/wp\/v2\/product"}],"about":[{"href":"https:\/\/anivet.lt\/elparduotuve\/wp-json\/wp\/v2\/types\/product"}],"wp:featuredmedia":[{"embeddable":true,"href":"https:\/\/anivet.lt\/elparduotuve\/wp-json\/wp\/v2\/media\/17620"}],"wp:attachment":[{"href":"https:\/\/anivet.lt\/elparduotuve\/wp-json\/wp\/v2\/media?parent=17618"}],"wp:term":[{"taxonomy":"product_brand","embeddable":true,"href":"https:\/\/anivet.lt\/elparduotuve\/wp-json\/wp\/v2\/product_brand?post=17618"},{"taxonomy":"product_cat","embeddable":true,"href":"https:\/\/anivet.lt\/elparduotuve\/wp-json\/wp\/v2\/product_cat?post=17618"},{"taxonomy":"product_tag","embeddable":true,"href":"https:\/\/anivet.lt\/elparduotuve\/wp-json\/wp\/v2\/product_tag?post=17618"}],"curies":[{"name":"wp","href":"https:\/\/api.w.org\/{rel}","templated":true}]}}