{"id":17624,"date":"2025-05-10T08:07:32","date_gmt":"2025-05-10T08:07:32","guid":{"rendered":"https:\/\/anivet.lt\/elparduotuve\/?post_type=product&#038;p=17624"},"modified":"2025-11-30T02:28:29","modified_gmt":"2025-11-30T02:28:29","slug":"kong-puppy-goodie-kaulas-s-rozinis-zydras-13-cm","status":"publish","type":"product","link":"https:\/\/anivet.lt\/elparduotuve\/produktas\/kong-puppy-goodie-kaulas-s-rozinis-zydras-13-cm\/","title":{"rendered":"KONG PUPPY Goodie kaulas S ro\u017einis\/\u017eydras 13 cm"},"content":{"rendered":"<p style=\"margin: 0cm;\"><span style=\"font-family: 'Arial',sans-serif;\">Kaulas pagamintas i\u0161 mink\u0161tos gumos, skirtas nuraminti skaudamus dantis ir dantenas. Skatina teigiam\u0105 kramtymo elges\u012f. Kaul\u0105 u\u017epildykite Goodie Grippers\u2122 skan\u0117stais; pasta arba \u017eem\u0117s rie\u0161ut\u0173 sviestu, kad prailgintum\u0117te \u017eaidimo laik\u0105. Kaulas pagamintas JAV.\u00a0<\/span><\/p>\n","protected":false},"excerpt":{"rendered":"<p style=\"margin: 0cm 0cm 18.0pt 0cm;\"><span style=\"font-family: 'Arial',sans-serif;\">KONG Puppy Goodie Bone\u2122 \u012ftraukia \u0161uniukus, kurie mokosi tinkamo kramtymo elgesio. Pagamintas i\u0161 unikalios gumos, \u0161is kaulas patenkina instinktyvius poreikius kramtyti ir ma\u017eina dant\u0173 ir danten\u0173 skausm\u0105. KONG Goodie Grippers\u2122 paver\u010dia \u0161\u012f linksm\u0105 \u017eaisl\u0105 smagiu skan\u0117st\u0173 dozavimo i\u0161\u0161\u016bkiu.<\/span><\/p>\n","protected":false},"featured_media":17625,"template":"","meta":[],"product_brand":[],"product_cat":[101,108,311],"product_tag":[],"class_list":{"0":"post-17624","1":"product","2":"type-product","3":"status-publish","4":"has-post-thumbnail","6":"product_cat-sunims","7":"product_cat-prieziuros-priemones","8":"product_cat-zaislai-prieziuros-priemones","10":"first","11":"instock","12":"taxable","13":"shipping-taxable","14":"purchasable","15":"product-type-simple"},"yoast_head":"<!-- This site is optimized with the Yoast SEO Premium plugin v27.1 (Yoast SEO v27.5) - https:\/\/yoast.com\/product\/yoast-seo-premium-wordpress\/ -->\n<title>KONG PUPPY Goodie kaulas S ro\u017einis\/\u017eydras 13 cm - anivet.lt<\/title>\n<meta name=\"description\" content=\"KONG Puppy Goodie Bone\u2122 \u012ftraukia \u0161uniukus, kurie mokosi tinkamo kramtymo elgesio. Pagamintas i\u0161 unikalios gumos, \u0161is kaulas patenkina instinktyvius poreikius kramtyti ir ma\u017eina dant\u0173 ir danten\u0173 skausm\u0105. KONG Goodie Grippers\u2122 paver\u010dia \u0161\u012f linksm\u0105 \u017eaisl\u0105 smagiu skan\u0117st\u0173 dozavimo i\u0161\u0161\u016bkiu.\" \/>\n<meta name=\"robots\" content=\"index, follow, max-snippet:-1, max-image-preview:large, max-video-preview:-1\" \/>\n<link rel=\"canonical\" href=\"https:\/\/anivet.lt\/elparduotuve\/produktas\/kong-puppy-goodie-kaulas-s-rozinis-zydras-13-cm\/\" \/>\n<meta property=\"og:locale\" content=\"lt_LT\" \/>\n<meta property=\"og:type\" content=\"article\" \/>\n<meta property=\"og:title\" content=\"KONG PUPPY Goodie kaulas S ro\u017einis\/\u017eydras 13 cm\" \/>\n<meta property=\"og:description\" content=\"KONG Puppy Goodie Bone\u2122 \u012ftraukia \u0161uniukus, kurie mokosi tinkamo kramtymo elgesio. Pagamintas i\u0161 unikalios gumos, \u0161is kaulas patenkina instinktyvius poreikius kramtyti ir ma\u017eina dant\u0173 ir danten\u0173 skausm\u0105. KONG Goodie Grippers\u2122 paver\u010dia \u0161\u012f linksm\u0105 \u017eaisl\u0105 smagiu skan\u0117st\u0173 dozavimo i\u0161\u0161\u016bkiu.\" \/>\n<meta property=\"og:url\" content=\"https:\/\/anivet.lt\/elparduotuve\/produktas\/kong-puppy-goodie-kaulas-s-rozinis-zydras-13-cm\/\" \/>\n<meta property=\"og:site_name\" content=\"anivet.lt\" \/>\n<meta property=\"article:modified_time\" content=\"2025-11-30T02:28:29+00:00\" \/>\n<meta property=\"og:image\" content=\"https:\/\/anivet.lt\/elparduotuve\/wp-content\/uploads\/2025\/05\/7.KONG-PUPPY-Goodie-kaulas-S-roziniszydras-13-cm.jpg\" \/>\n\t<meta property=\"og:image:width\" content=\"650\" \/>\n\t<meta property=\"og:image:height\" content=\"650\" \/>\n\t<meta property=\"og:image:type\" content=\"image\/jpeg\" \/>\n<meta name=\"twitter:card\" content=\"summary_large_image\" \/>\n<meta name=\"twitter:label1\" content=\"Est. reading time\" \/>\n\t<meta name=\"twitter:data1\" content=\"1 minut\u0117\" \/>\n<script type=\"application\/ld+json\" class=\"yoast-schema-graph\">{\"@context\":\"https:\\\/\\\/schema.org\",\"@graph\":[{\"@type\":\"WebPage\",\"@id\":\"https:\\\/\\\/anivet.lt\\\/elparduotuve\\\/produktas\\\/kong-puppy-goodie-kaulas-s-rozinis-zydras-13-cm\\\/\",\"url\":\"https:\\\/\\\/anivet.lt\\\/elparduotuve\\\/produktas\\\/kong-puppy-goodie-kaulas-s-rozinis-zydras-13-cm\\\/\",\"name\":\"KONG PUPPY Goodie kaulas S ro\u017einis\\\/\u017eydras 13 cm - anivet.lt\",\"isPartOf\":{\"@id\":\"https:\\\/\\\/anivet.lt\\\/elparduotuve\\\/#website\"},\"primaryImageOfPage\":{\"@id\":\"https:\\\/\\\/anivet.lt\\\/elparduotuve\\\/produktas\\\/kong-puppy-goodie-kaulas-s-rozinis-zydras-13-cm\\\/#primaryimage\"},\"image\":{\"@id\":\"https:\\\/\\\/anivet.lt\\\/elparduotuve\\\/produktas\\\/kong-puppy-goodie-kaulas-s-rozinis-zydras-13-cm\\\/#primaryimage\"},\"thumbnailUrl\":\"https:\\\/\\\/anivet.lt\\\/elparduotuve\\\/wp-content\\\/uploads\\\/2025\\\/05\\\/7.KONG-PUPPY-Goodie-kaulas-S-roziniszydras-13-cm.jpg\",\"datePublished\":\"2025-05-10T08:07:32+00:00\",\"dateModified\":\"2025-11-30T02:28:29+00:00\",\"description\":\"KONG Puppy Goodie Bone\u2122 \u012ftraukia \u0161uniukus, kurie mokosi tinkamo kramtymo elgesio. Pagamintas i\u0161 unikalios gumos, \u0161is kaulas patenkina instinktyvius poreikius kramtyti ir ma\u017eina dant\u0173 ir danten\u0173 skausm\u0105. KONG Goodie Grippers\u2122 paver\u010dia \u0161\u012f linksm\u0105 \u017eaisl\u0105 smagiu skan\u0117st\u0173 dozavimo i\u0161\u0161\u016bkiu.\",\"breadcrumb\":{\"@id\":\"https:\\\/\\\/anivet.lt\\\/elparduotuve\\\/produktas\\\/kong-puppy-goodie-kaulas-s-rozinis-zydras-13-cm\\\/#breadcrumb\"},\"inLanguage\":\"lt-LT\",\"potentialAction\":[{\"@type\":\"ReadAction\",\"target\":[\"https:\\\/\\\/anivet.lt\\\/elparduotuve\\\/produktas\\\/kong-puppy-goodie-kaulas-s-rozinis-zydras-13-cm\\\/\"]}]},{\"@type\":\"ImageObject\",\"inLanguage\":\"lt-LT\",\"@id\":\"https:\\\/\\\/anivet.lt\\\/elparduotuve\\\/produktas\\\/kong-puppy-goodie-kaulas-s-rozinis-zydras-13-cm\\\/#primaryimage\",\"url\":\"https:\\\/\\\/anivet.lt\\\/elparduotuve\\\/wp-content\\\/uploads\\\/2025\\\/05\\\/7.KONG-PUPPY-Goodie-kaulas-S-roziniszydras-13-cm.jpg\",\"contentUrl\":\"https:\\\/\\\/anivet.lt\\\/elparduotuve\\\/wp-content\\\/uploads\\\/2025\\\/05\\\/7.KONG-PUPPY-Goodie-kaulas-S-roziniszydras-13-cm.jpg\",\"width\":650,\"height\":650,\"caption\":\"KONG PUPPY Goodie kaulas S ro\u017einis\\\/\u017eydras 13 cm\"},{\"@type\":\"BreadcrumbList\",\"@id\":\"https:\\\/\\\/anivet.lt\\\/elparduotuve\\\/produktas\\\/kong-puppy-goodie-kaulas-s-rozinis-zydras-13-cm\\\/#breadcrumb\",\"itemListElement\":[{\"@type\":\"ListItem\",\"position\":1,\"name\":\"Home\",\"item\":\"https:\\\/\\\/anivet.lt\\\/elparduotuve\\\/\"},{\"@type\":\"ListItem\",\"position\":2,\"name\":\"Produktai\",\"item\":\"https:\\\/\\\/anivet.lt\\\/elparduotuve\\\/produktai\\\/\"},{\"@type\":\"ListItem\",\"position\":3,\"name\":\"KONG PUPPY Goodie kaulas S ro\u017einis\\\/\u017eydras 13 cm\"}]},{\"@type\":\"WebSite\",\"@id\":\"https:\\\/\\\/anivet.lt\\\/elparduotuve\\\/#website\",\"url\":\"https:\\\/\\\/anivet.lt\\\/elparduotuve\\\/\",\"name\":\"anivet.lt\",\"description\":\"Viskas J\u016bs\u0173 \u0161uns, kat\u0117s prie\u017ei\u016brai\",\"publisher\":{\"@id\":\"https:\\\/\\\/anivet.lt\\\/elparduotuve\\\/#organization\"},\"alternateName\":\"Viskas J\u016bs\u0173 \u0161uns, kat\u0117s prie\u017ei\u016brai\",\"potentialAction\":[{\"@type\":\"SearchAction\",\"target\":{\"@type\":\"EntryPoint\",\"urlTemplate\":\"https:\\\/\\\/anivet.lt\\\/elparduotuve\\\/?s={search_term_string}\"},\"query-input\":{\"@type\":\"PropertyValueSpecification\",\"valueRequired\":true,\"valueName\":\"search_term_string\"}}],\"inLanguage\":\"lt-LT\"},{\"@type\":\"Organization\",\"@id\":\"https:\\\/\\\/anivet.lt\\\/elparduotuve\\\/#organization\",\"name\":\"Viskas J\u016bs\u0173 \u0161uns, kat\u0117s prie\u017ei\u016brai\",\"url\":\"https:\\\/\\\/anivet.lt\\\/elparduotuve\\\/\",\"logo\":{\"@type\":\"ImageObject\",\"inLanguage\":\"lt-LT\",\"@id\":\"https:\\\/\\\/anivet.lt\\\/elparduotuve\\\/#\\\/schema\\\/logo\\\/image\\\/\",\"url\":\"https:\\\/\\\/anivet.lt\\\/elparduotuve\\\/wp-content\\\/uploads\\\/2023\\\/06\\\/logo2.jpg\",\"contentUrl\":\"https:\\\/\\\/anivet.lt\\\/elparduotuve\\\/wp-content\\\/uploads\\\/2023\\\/06\\\/logo2.jpg\",\"width\":655,\"height\":194,\"caption\":\"Viskas J\u016bs\u0173 \u0161uns, kat\u0117s prie\u017ei\u016brai\"},\"image\":{\"@id\":\"https:\\\/\\\/anivet.lt\\\/elparduotuve\\\/#\\\/schema\\\/logo\\\/image\\\/\"}}]}<\/script>\n<!-- \/ Yoast SEO Premium plugin. -->","yoast_head_json":{"title":"KONG PUPPY Goodie kaulas S ro\u017einis\/\u017eydras 13 cm - anivet.lt","description":"KONG Puppy Goodie Bone\u2122 \u012ftraukia \u0161uniukus, kurie mokosi tinkamo kramtymo elgesio. Pagamintas i\u0161 unikalios gumos, \u0161is kaulas patenkina instinktyvius poreikius kramtyti ir ma\u017eina dant\u0173 ir danten\u0173 skausm\u0105. KONG Goodie Grippers\u2122 paver\u010dia \u0161\u012f linksm\u0105 \u017eaisl\u0105 smagiu skan\u0117st\u0173 dozavimo i\u0161\u0161\u016bkiu.","robots":{"index":"index","follow":"follow","max-snippet":"max-snippet:-1","max-image-preview":"max-image-preview:large","max-video-preview":"max-video-preview:-1"},"canonical":"https:\/\/anivet.lt\/elparduotuve\/produktas\/kong-puppy-goodie-kaulas-s-rozinis-zydras-13-cm\/","og_locale":"lt_LT","og_type":"article","og_title":"KONG PUPPY Goodie kaulas S ro\u017einis\/\u017eydras 13 cm","og_description":"KONG Puppy Goodie Bone\u2122 \u012ftraukia \u0161uniukus, kurie mokosi tinkamo kramtymo elgesio. Pagamintas i\u0161 unikalios gumos, \u0161is kaulas patenkina instinktyvius poreikius kramtyti ir ma\u017eina dant\u0173 ir danten\u0173 skausm\u0105. KONG Goodie Grippers\u2122 paver\u010dia \u0161\u012f linksm\u0105 \u017eaisl\u0105 smagiu skan\u0117st\u0173 dozavimo i\u0161\u0161\u016bkiu.","og_url":"https:\/\/anivet.lt\/elparduotuve\/produktas\/kong-puppy-goodie-kaulas-s-rozinis-zydras-13-cm\/","og_site_name":"anivet.lt","article_modified_time":"2025-11-30T02:28:29+00:00","og_image":[{"width":650,"height":650,"url":"https:\/\/anivet.lt\/elparduotuve\/wp-content\/uploads\/2025\/05\/7.KONG-PUPPY-Goodie-kaulas-S-roziniszydras-13-cm.jpg","type":"image\/jpeg"}],"twitter_card":"summary_large_image","twitter_misc":{"Est. reading time":"1 minut\u0117"},"schema":{"@context":"https:\/\/schema.org","@graph":[{"@type":"WebPage","@id":"https:\/\/anivet.lt\/elparduotuve\/produktas\/kong-puppy-goodie-kaulas-s-rozinis-zydras-13-cm\/","url":"https:\/\/anivet.lt\/elparduotuve\/produktas\/kong-puppy-goodie-kaulas-s-rozinis-zydras-13-cm\/","name":"KONG PUPPY Goodie kaulas S ro\u017einis\/\u017eydras 13 cm - anivet.lt","isPartOf":{"@id":"https:\/\/anivet.lt\/elparduotuve\/#website"},"primaryImageOfPage":{"@id":"https:\/\/anivet.lt\/elparduotuve\/produktas\/kong-puppy-goodie-kaulas-s-rozinis-zydras-13-cm\/#primaryimage"},"image":{"@id":"https:\/\/anivet.lt\/elparduotuve\/produktas\/kong-puppy-goodie-kaulas-s-rozinis-zydras-13-cm\/#primaryimage"},"thumbnailUrl":"https:\/\/anivet.lt\/elparduotuve\/wp-content\/uploads\/2025\/05\/7.KONG-PUPPY-Goodie-kaulas-S-roziniszydras-13-cm.jpg","datePublished":"2025-05-10T08:07:32+00:00","dateModified":"2025-11-30T02:28:29+00:00","description":"KONG Puppy Goodie Bone\u2122 \u012ftraukia \u0161uniukus, kurie mokosi tinkamo kramtymo elgesio. Pagamintas i\u0161 unikalios gumos, \u0161is kaulas patenkina instinktyvius poreikius kramtyti ir ma\u017eina dant\u0173 ir danten\u0173 skausm\u0105. KONG Goodie Grippers\u2122 paver\u010dia \u0161\u012f linksm\u0105 \u017eaisl\u0105 smagiu skan\u0117st\u0173 dozavimo i\u0161\u0161\u016bkiu.","breadcrumb":{"@id":"https:\/\/anivet.lt\/elparduotuve\/produktas\/kong-puppy-goodie-kaulas-s-rozinis-zydras-13-cm\/#breadcrumb"},"inLanguage":"lt-LT","potentialAction":[{"@type":"ReadAction","target":["https:\/\/anivet.lt\/elparduotuve\/produktas\/kong-puppy-goodie-kaulas-s-rozinis-zydras-13-cm\/"]}]},{"@type":"ImageObject","inLanguage":"lt-LT","@id":"https:\/\/anivet.lt\/elparduotuve\/produktas\/kong-puppy-goodie-kaulas-s-rozinis-zydras-13-cm\/#primaryimage","url":"https:\/\/anivet.lt\/elparduotuve\/wp-content\/uploads\/2025\/05\/7.KONG-PUPPY-Goodie-kaulas-S-roziniszydras-13-cm.jpg","contentUrl":"https:\/\/anivet.lt\/elparduotuve\/wp-content\/uploads\/2025\/05\/7.KONG-PUPPY-Goodie-kaulas-S-roziniszydras-13-cm.jpg","width":650,"height":650,"caption":"KONG PUPPY Goodie kaulas S ro\u017einis\/\u017eydras 13 cm"},{"@type":"BreadcrumbList","@id":"https:\/\/anivet.lt\/elparduotuve\/produktas\/kong-puppy-goodie-kaulas-s-rozinis-zydras-13-cm\/#breadcrumb","itemListElement":[{"@type":"ListItem","position":1,"name":"Home","item":"https:\/\/anivet.lt\/elparduotuve\/"},{"@type":"ListItem","position":2,"name":"Produktai","item":"https:\/\/anivet.lt\/elparduotuve\/produktai\/"},{"@type":"ListItem","position":3,"name":"KONG PUPPY Goodie kaulas S ro\u017einis\/\u017eydras 13 cm"}]},{"@type":"WebSite","@id":"https:\/\/anivet.lt\/elparduotuve\/#website","url":"https:\/\/anivet.lt\/elparduotuve\/","name":"anivet.lt","description":"Viskas J\u016bs\u0173 \u0161uns, kat\u0117s prie\u017ei\u016brai","publisher":{"@id":"https:\/\/anivet.lt\/elparduotuve\/#organization"},"alternateName":"Viskas J\u016bs\u0173 \u0161uns, kat\u0117s prie\u017ei\u016brai","potentialAction":[{"@type":"SearchAction","target":{"@type":"EntryPoint","urlTemplate":"https:\/\/anivet.lt\/elparduotuve\/?s={search_term_string}"},"query-input":{"@type":"PropertyValueSpecification","valueRequired":true,"valueName":"search_term_string"}}],"inLanguage":"lt-LT"},{"@type":"Organization","@id":"https:\/\/anivet.lt\/elparduotuve\/#organization","name":"Viskas J\u016bs\u0173 \u0161uns, kat\u0117s prie\u017ei\u016brai","url":"https:\/\/anivet.lt\/elparduotuve\/","logo":{"@type":"ImageObject","inLanguage":"lt-LT","@id":"https:\/\/anivet.lt\/elparduotuve\/#\/schema\/logo\/image\/","url":"https:\/\/anivet.lt\/elparduotuve\/wp-content\/uploads\/2023\/06\/logo2.jpg","contentUrl":"https:\/\/anivet.lt\/elparduotuve\/wp-content\/uploads\/2023\/06\/logo2.jpg","width":655,"height":194,"caption":"Viskas J\u016bs\u0173 \u0161uns, kat\u0117s prie\u017ei\u016brai"},"image":{"@id":"https:\/\/anivet.lt\/elparduotuve\/#\/schema\/logo\/image\/"}}]}},"_links":{"self":[{"href":"https:\/\/anivet.lt\/elparduotuve\/wp-json\/wp\/v2\/product\/17624","targetHints":{"allow":["GET"]}}],"collection":[{"href":"https:\/\/anivet.lt\/elparduotuve\/wp-json\/wp\/v2\/product"}],"about":[{"href":"https:\/\/anivet.lt\/elparduotuve\/wp-json\/wp\/v2\/types\/product"}],"wp:featuredmedia":[{"embeddable":true,"href":"https:\/\/anivet.lt\/elparduotuve\/wp-json\/wp\/v2\/media\/17625"}],"wp:attachment":[{"href":"https:\/\/anivet.lt\/elparduotuve\/wp-json\/wp\/v2\/media?parent=17624"}],"wp:term":[{"taxonomy":"product_brand","embeddable":true,"href":"https:\/\/anivet.lt\/elparduotuve\/wp-json\/wp\/v2\/product_brand?post=17624"},{"taxonomy":"product_cat","embeddable":true,"href":"https:\/\/anivet.lt\/elparduotuve\/wp-json\/wp\/v2\/product_cat?post=17624"},{"taxonomy":"product_tag","embeddable":true,"href":"https:\/\/anivet.lt\/elparduotuve\/wp-json\/wp\/v2\/product_tag?post=17624"}],"curies":[{"name":"wp","href":"https:\/\/api.w.org\/{rel}","templated":true}]}}