{"id":17626,"date":"2025-05-10T08:11:25","date_gmt":"2025-05-10T08:11:25","guid":{"rendered":"https:\/\/anivet.lt\/elparduotuve\/?post_type=product&#038;p=17626"},"modified":"2025-11-30T02:28:29","modified_gmt":"2025-11-30T02:28:29","slug":"kong-goodie-kaulas-s-raudonas-13-cm","status":"publish","type":"product","link":"https:\/\/anivet.lt\/elparduotuve\/produktas\/kong-goodie-kaulas-s-raudonas-13-cm\/","title":{"rendered":"KONG Goodie kaulas S raudonas 13 cm"},"content":{"rendered":"<p>KONG Goodie Bone\u2122\u00a0prad\u017eiugins\u00a0\u0161unis m\u0117gstan\u010dius\u00a0kramtyti.\u00a0Pagamintas i\u0161 patvarios, unikalios\u00a0KONG\u00a0Classic,\u00a0nat\u016bralios\u00a0raudonos\u00a0gumos formul\u0117s. KONG Goodie Bone\u2122\u00a0turi patentuotus\u00a0Goodie Grippers \u2122\u00a0kurie paver\u010dia \u0161\u012f \u017eaisl\u0105\u00a0\u012f linksm\u0105, skan\u0117stais apdovanojant\u012f i\u0161\u0161\u016bk\u012f.\u00a0Norit prailginti \u017eaidim\u0173 laik\u0105?\u00a0Prid\u0117kite\u00a0KONG Snacks\u2122\u00a0ir pagardinkite su\u00a0KONG Easy Treat\u2122.<\/p>\n","protected":false},"excerpt":{"rendered":"<ul>\n<li>Patvari nat\u016brali\u00a0KONG\u00a0Classic\u00a0guma,\u00a0smagios, kaulo formos<\/li>\n<li>Patentuotos\u00a0Goodie Gripper\u2122\u00a0skylut\u0117s puikiai tinka\u00a0visiems\u00a0skan\u0117stams<\/li>\n<li>Dvi\u00a0Goodie Grippers\u2122 prailgina \u017eaidim\u0105<\/li>\n<li>Pagaminta JAV.<\/li>\n<\/ul>\n","protected":false},"featured_media":17627,"template":"","meta":[],"product_brand":[],"product_cat":[101,108,311],"product_tag":[],"class_list":{"0":"post-17626","1":"product","2":"type-product","3":"status-publish","4":"has-post-thumbnail","6":"product_cat-sunims","7":"product_cat-prieziuros-priemones","8":"product_cat-zaislai-prieziuros-priemones","10":"first","11":"instock","12":"taxable","13":"shipping-taxable","14":"purchasable","15":"product-type-simple"},"yoast_head":"<!-- This site is optimized with the Yoast SEO Premium plugin v27.1 (Yoast SEO v27.5) - https:\/\/yoast.com\/product\/yoast-seo-premium-wordpress\/ -->\n<title>KONG Goodie kaulas S raudonas 13 cm - anivet.lt<\/title>\n<meta name=\"description\" content=\"Patvari nat\u016brali\u00a0KONG\u00a0Classic\u00a0guma,\u00a0smagios, kaulo formos  Patentuotos\u00a0Goodie Gripper\u2122\u00a0skylut\u0117s puikiai tinka\u00a0visiems\u00a0skan\u0117stams  Dvi\u00a0Goodie Grippers\u2122 prailgina \u017eaidim\u0105  Pagaminta JAV.\" \/>\n<meta name=\"robots\" content=\"index, follow, max-snippet:-1, max-image-preview:large, max-video-preview:-1\" \/>\n<link rel=\"canonical\" href=\"https:\/\/anivet.lt\/elparduotuve\/produktas\/kong-goodie-kaulas-s-raudonas-13-cm\/\" \/>\n<meta property=\"og:locale\" content=\"lt_LT\" \/>\n<meta property=\"og:type\" content=\"article\" \/>\n<meta property=\"og:title\" content=\"KONG Goodie kaulas S raudonas 13 cm\" \/>\n<meta property=\"og:description\" content=\"Patvari nat\u016brali\u00a0KONG\u00a0Classic\u00a0guma,\u00a0smagios, kaulo formos  Patentuotos\u00a0Goodie Gripper\u2122\u00a0skylut\u0117s puikiai tinka\u00a0visiems\u00a0skan\u0117stams  Dvi\u00a0Goodie Grippers\u2122 prailgina \u017eaidim\u0105  Pagaminta JAV.\" \/>\n<meta property=\"og:url\" content=\"https:\/\/anivet.lt\/elparduotuve\/produktas\/kong-goodie-kaulas-s-raudonas-13-cm\/\" \/>\n<meta property=\"og:site_name\" content=\"anivet.lt\" \/>\n<meta property=\"article:modified_time\" content=\"2025-11-30T02:28:29+00:00\" \/>\n<meta property=\"og:image\" content=\"https:\/\/anivet.lt\/elparduotuve\/wp-content\/uploads\/2025\/05\/8.KONG-Goodie-kaulas-S-raudonas-13-cm.jpg\" \/>\n\t<meta property=\"og:image:width\" content=\"650\" \/>\n\t<meta property=\"og:image:height\" content=\"650\" \/>\n\t<meta property=\"og:image:type\" content=\"image\/jpeg\" \/>\n<meta name=\"twitter:card\" content=\"summary_large_image\" \/>\n<meta name=\"twitter:label1\" content=\"Est. reading time\" \/>\n\t<meta name=\"twitter:data1\" content=\"1 minut\u0117\" \/>\n<script type=\"application\/ld+json\" class=\"yoast-schema-graph\">{\"@context\":\"https:\\\/\\\/schema.org\",\"@graph\":[{\"@type\":\"WebPage\",\"@id\":\"https:\\\/\\\/anivet.lt\\\/elparduotuve\\\/produktas\\\/kong-goodie-kaulas-s-raudonas-13-cm\\\/\",\"url\":\"https:\\\/\\\/anivet.lt\\\/elparduotuve\\\/produktas\\\/kong-goodie-kaulas-s-raudonas-13-cm\\\/\",\"name\":\"KONG Goodie kaulas S raudonas 13 cm - anivet.lt\",\"isPartOf\":{\"@id\":\"https:\\\/\\\/anivet.lt\\\/elparduotuve\\\/#website\"},\"primaryImageOfPage\":{\"@id\":\"https:\\\/\\\/anivet.lt\\\/elparduotuve\\\/produktas\\\/kong-goodie-kaulas-s-raudonas-13-cm\\\/#primaryimage\"},\"image\":{\"@id\":\"https:\\\/\\\/anivet.lt\\\/elparduotuve\\\/produktas\\\/kong-goodie-kaulas-s-raudonas-13-cm\\\/#primaryimage\"},\"thumbnailUrl\":\"https:\\\/\\\/anivet.lt\\\/elparduotuve\\\/wp-content\\\/uploads\\\/2025\\\/05\\\/8.KONG-Goodie-kaulas-S-raudonas-13-cm.jpg\",\"datePublished\":\"2025-05-10T08:11:25+00:00\",\"dateModified\":\"2025-11-30T02:28:29+00:00\",\"description\":\"Patvari nat\u016brali\u00a0KONG\u00a0Classic\u00a0guma,\u00a0smagios, kaulo formos Patentuotos\u00a0Goodie Gripper\u2122\u00a0skylut\u0117s puikiai tinka\u00a0visiems\u00a0skan\u0117stams Dvi\u00a0Goodie Grippers\u2122 prailgina \u017eaidim\u0105 Pagaminta JAV.\",\"breadcrumb\":{\"@id\":\"https:\\\/\\\/anivet.lt\\\/elparduotuve\\\/produktas\\\/kong-goodie-kaulas-s-raudonas-13-cm\\\/#breadcrumb\"},\"inLanguage\":\"lt-LT\",\"potentialAction\":[{\"@type\":\"ReadAction\",\"target\":[\"https:\\\/\\\/anivet.lt\\\/elparduotuve\\\/produktas\\\/kong-goodie-kaulas-s-raudonas-13-cm\\\/\"]}]},{\"@type\":\"ImageObject\",\"inLanguage\":\"lt-LT\",\"@id\":\"https:\\\/\\\/anivet.lt\\\/elparduotuve\\\/produktas\\\/kong-goodie-kaulas-s-raudonas-13-cm\\\/#primaryimage\",\"url\":\"https:\\\/\\\/anivet.lt\\\/elparduotuve\\\/wp-content\\\/uploads\\\/2025\\\/05\\\/8.KONG-Goodie-kaulas-S-raudonas-13-cm.jpg\",\"contentUrl\":\"https:\\\/\\\/anivet.lt\\\/elparduotuve\\\/wp-content\\\/uploads\\\/2025\\\/05\\\/8.KONG-Goodie-kaulas-S-raudonas-13-cm.jpg\",\"width\":650,\"height\":650,\"caption\":\"KONG Goodie kaulas S raudonas 13 cm\"},{\"@type\":\"BreadcrumbList\",\"@id\":\"https:\\\/\\\/anivet.lt\\\/elparduotuve\\\/produktas\\\/kong-goodie-kaulas-s-raudonas-13-cm\\\/#breadcrumb\",\"itemListElement\":[{\"@type\":\"ListItem\",\"position\":1,\"name\":\"Home\",\"item\":\"https:\\\/\\\/anivet.lt\\\/elparduotuve\\\/\"},{\"@type\":\"ListItem\",\"position\":2,\"name\":\"Produktai\",\"item\":\"https:\\\/\\\/anivet.lt\\\/elparduotuve\\\/produktai\\\/\"},{\"@type\":\"ListItem\",\"position\":3,\"name\":\"KONG Goodie kaulas S raudonas 13 cm\"}]},{\"@type\":\"WebSite\",\"@id\":\"https:\\\/\\\/anivet.lt\\\/elparduotuve\\\/#website\",\"url\":\"https:\\\/\\\/anivet.lt\\\/elparduotuve\\\/\",\"name\":\"anivet.lt\",\"description\":\"Viskas J\u016bs\u0173 \u0161uns, kat\u0117s prie\u017ei\u016brai\",\"publisher\":{\"@id\":\"https:\\\/\\\/anivet.lt\\\/elparduotuve\\\/#organization\"},\"alternateName\":\"Viskas J\u016bs\u0173 \u0161uns, kat\u0117s prie\u017ei\u016brai\",\"potentialAction\":[{\"@type\":\"SearchAction\",\"target\":{\"@type\":\"EntryPoint\",\"urlTemplate\":\"https:\\\/\\\/anivet.lt\\\/elparduotuve\\\/?s={search_term_string}\"},\"query-input\":{\"@type\":\"PropertyValueSpecification\",\"valueRequired\":true,\"valueName\":\"search_term_string\"}}],\"inLanguage\":\"lt-LT\"},{\"@type\":\"Organization\",\"@id\":\"https:\\\/\\\/anivet.lt\\\/elparduotuve\\\/#organization\",\"name\":\"Viskas J\u016bs\u0173 \u0161uns, kat\u0117s prie\u017ei\u016brai\",\"url\":\"https:\\\/\\\/anivet.lt\\\/elparduotuve\\\/\",\"logo\":{\"@type\":\"ImageObject\",\"inLanguage\":\"lt-LT\",\"@id\":\"https:\\\/\\\/anivet.lt\\\/elparduotuve\\\/#\\\/schema\\\/logo\\\/image\\\/\",\"url\":\"https:\\\/\\\/anivet.lt\\\/elparduotuve\\\/wp-content\\\/uploads\\\/2023\\\/06\\\/logo2.jpg\",\"contentUrl\":\"https:\\\/\\\/anivet.lt\\\/elparduotuve\\\/wp-content\\\/uploads\\\/2023\\\/06\\\/logo2.jpg\",\"width\":655,\"height\":194,\"caption\":\"Viskas J\u016bs\u0173 \u0161uns, kat\u0117s prie\u017ei\u016brai\"},\"image\":{\"@id\":\"https:\\\/\\\/anivet.lt\\\/elparduotuve\\\/#\\\/schema\\\/logo\\\/image\\\/\"}}]}<\/script>\n<!-- \/ Yoast SEO Premium plugin. -->","yoast_head_json":{"title":"KONG Goodie kaulas S raudonas 13 cm - anivet.lt","description":"Patvari nat\u016brali\u00a0KONG\u00a0Classic\u00a0guma,\u00a0smagios, kaulo formos  Patentuotos\u00a0Goodie Gripper\u2122\u00a0skylut\u0117s puikiai tinka\u00a0visiems\u00a0skan\u0117stams  Dvi\u00a0Goodie Grippers\u2122 prailgina \u017eaidim\u0105  Pagaminta JAV.","robots":{"index":"index","follow":"follow","max-snippet":"max-snippet:-1","max-image-preview":"max-image-preview:large","max-video-preview":"max-video-preview:-1"},"canonical":"https:\/\/anivet.lt\/elparduotuve\/produktas\/kong-goodie-kaulas-s-raudonas-13-cm\/","og_locale":"lt_LT","og_type":"article","og_title":"KONG Goodie kaulas S raudonas 13 cm","og_description":"Patvari nat\u016brali\u00a0KONG\u00a0Classic\u00a0guma,\u00a0smagios, kaulo formos  Patentuotos\u00a0Goodie Gripper\u2122\u00a0skylut\u0117s puikiai tinka\u00a0visiems\u00a0skan\u0117stams  Dvi\u00a0Goodie Grippers\u2122 prailgina \u017eaidim\u0105  Pagaminta JAV.","og_url":"https:\/\/anivet.lt\/elparduotuve\/produktas\/kong-goodie-kaulas-s-raudonas-13-cm\/","og_site_name":"anivet.lt","article_modified_time":"2025-11-30T02:28:29+00:00","og_image":[{"width":650,"height":650,"url":"https:\/\/anivet.lt\/elparduotuve\/wp-content\/uploads\/2025\/05\/8.KONG-Goodie-kaulas-S-raudonas-13-cm.jpg","type":"image\/jpeg"}],"twitter_card":"summary_large_image","twitter_misc":{"Est. reading time":"1 minut\u0117"},"schema":{"@context":"https:\/\/schema.org","@graph":[{"@type":"WebPage","@id":"https:\/\/anivet.lt\/elparduotuve\/produktas\/kong-goodie-kaulas-s-raudonas-13-cm\/","url":"https:\/\/anivet.lt\/elparduotuve\/produktas\/kong-goodie-kaulas-s-raudonas-13-cm\/","name":"KONG Goodie kaulas S raudonas 13 cm - anivet.lt","isPartOf":{"@id":"https:\/\/anivet.lt\/elparduotuve\/#website"},"primaryImageOfPage":{"@id":"https:\/\/anivet.lt\/elparduotuve\/produktas\/kong-goodie-kaulas-s-raudonas-13-cm\/#primaryimage"},"image":{"@id":"https:\/\/anivet.lt\/elparduotuve\/produktas\/kong-goodie-kaulas-s-raudonas-13-cm\/#primaryimage"},"thumbnailUrl":"https:\/\/anivet.lt\/elparduotuve\/wp-content\/uploads\/2025\/05\/8.KONG-Goodie-kaulas-S-raudonas-13-cm.jpg","datePublished":"2025-05-10T08:11:25+00:00","dateModified":"2025-11-30T02:28:29+00:00","description":"Patvari nat\u016brali\u00a0KONG\u00a0Classic\u00a0guma,\u00a0smagios, kaulo formos Patentuotos\u00a0Goodie Gripper\u2122\u00a0skylut\u0117s puikiai tinka\u00a0visiems\u00a0skan\u0117stams Dvi\u00a0Goodie Grippers\u2122 prailgina \u017eaidim\u0105 Pagaminta JAV.","breadcrumb":{"@id":"https:\/\/anivet.lt\/elparduotuve\/produktas\/kong-goodie-kaulas-s-raudonas-13-cm\/#breadcrumb"},"inLanguage":"lt-LT","potentialAction":[{"@type":"ReadAction","target":["https:\/\/anivet.lt\/elparduotuve\/produktas\/kong-goodie-kaulas-s-raudonas-13-cm\/"]}]},{"@type":"ImageObject","inLanguage":"lt-LT","@id":"https:\/\/anivet.lt\/elparduotuve\/produktas\/kong-goodie-kaulas-s-raudonas-13-cm\/#primaryimage","url":"https:\/\/anivet.lt\/elparduotuve\/wp-content\/uploads\/2025\/05\/8.KONG-Goodie-kaulas-S-raudonas-13-cm.jpg","contentUrl":"https:\/\/anivet.lt\/elparduotuve\/wp-content\/uploads\/2025\/05\/8.KONG-Goodie-kaulas-S-raudonas-13-cm.jpg","width":650,"height":650,"caption":"KONG Goodie kaulas S raudonas 13 cm"},{"@type":"BreadcrumbList","@id":"https:\/\/anivet.lt\/elparduotuve\/produktas\/kong-goodie-kaulas-s-raudonas-13-cm\/#breadcrumb","itemListElement":[{"@type":"ListItem","position":1,"name":"Home","item":"https:\/\/anivet.lt\/elparduotuve\/"},{"@type":"ListItem","position":2,"name":"Produktai","item":"https:\/\/anivet.lt\/elparduotuve\/produktai\/"},{"@type":"ListItem","position":3,"name":"KONG Goodie kaulas S raudonas 13 cm"}]},{"@type":"WebSite","@id":"https:\/\/anivet.lt\/elparduotuve\/#website","url":"https:\/\/anivet.lt\/elparduotuve\/","name":"anivet.lt","description":"Viskas J\u016bs\u0173 \u0161uns, kat\u0117s prie\u017ei\u016brai","publisher":{"@id":"https:\/\/anivet.lt\/elparduotuve\/#organization"},"alternateName":"Viskas J\u016bs\u0173 \u0161uns, kat\u0117s prie\u017ei\u016brai","potentialAction":[{"@type":"SearchAction","target":{"@type":"EntryPoint","urlTemplate":"https:\/\/anivet.lt\/elparduotuve\/?s={search_term_string}"},"query-input":{"@type":"PropertyValueSpecification","valueRequired":true,"valueName":"search_term_string"}}],"inLanguage":"lt-LT"},{"@type":"Organization","@id":"https:\/\/anivet.lt\/elparduotuve\/#organization","name":"Viskas J\u016bs\u0173 \u0161uns, kat\u0117s prie\u017ei\u016brai","url":"https:\/\/anivet.lt\/elparduotuve\/","logo":{"@type":"ImageObject","inLanguage":"lt-LT","@id":"https:\/\/anivet.lt\/elparduotuve\/#\/schema\/logo\/image\/","url":"https:\/\/anivet.lt\/elparduotuve\/wp-content\/uploads\/2023\/06\/logo2.jpg","contentUrl":"https:\/\/anivet.lt\/elparduotuve\/wp-content\/uploads\/2023\/06\/logo2.jpg","width":655,"height":194,"caption":"Viskas J\u016bs\u0173 \u0161uns, kat\u0117s prie\u017ei\u016brai"},"image":{"@id":"https:\/\/anivet.lt\/elparduotuve\/#\/schema\/logo\/image\/"}}]}},"_links":{"self":[{"href":"https:\/\/anivet.lt\/elparduotuve\/wp-json\/wp\/v2\/product\/17626","targetHints":{"allow":["GET"]}}],"collection":[{"href":"https:\/\/anivet.lt\/elparduotuve\/wp-json\/wp\/v2\/product"}],"about":[{"href":"https:\/\/anivet.lt\/elparduotuve\/wp-json\/wp\/v2\/types\/product"}],"wp:featuredmedia":[{"embeddable":true,"href":"https:\/\/anivet.lt\/elparduotuve\/wp-json\/wp\/v2\/media\/17627"}],"wp:attachment":[{"href":"https:\/\/anivet.lt\/elparduotuve\/wp-json\/wp\/v2\/media?parent=17626"}],"wp:term":[{"taxonomy":"product_brand","embeddable":true,"href":"https:\/\/anivet.lt\/elparduotuve\/wp-json\/wp\/v2\/product_brand?post=17626"},{"taxonomy":"product_cat","embeddable":true,"href":"https:\/\/anivet.lt\/elparduotuve\/wp-json\/wp\/v2\/product_cat?post=17626"},{"taxonomy":"product_tag","embeddable":true,"href":"https:\/\/anivet.lt\/elparduotuve\/wp-json\/wp\/v2\/product_tag?post=17626"}],"curies":[{"name":"wp","href":"https:\/\/api.w.org\/{rel}","templated":true}]}}