{"id":17631,"date":"2025-05-10T08:19:54","date_gmt":"2025-05-10T08:19:54","guid":{"rendered":"https:\/\/anivet.lt\/elparduotuve\/?post_type=product&#038;p=17631"},"modified":"2025-11-30T02:28:29","modified_gmt":"2025-11-30T02:28:29","slug":"zaislas-kong-ball-extreme-m-l-8cm","status":"publish","type":"product","link":"https:\/\/anivet.lt\/elparduotuve\/produktas\/zaislas-kong-ball-extreme-m-l-8cm\/","title":{"rendered":"\u017daislas KONG Ball EXTREME M\/L 8cm"},"content":{"rendered":"<p>KONG Extreme kamuolys\u00a0geriausias ne\u0161iojimo \u017eaidimams su \u0161unim! Patvari, \u0161okli, nat\u016brali KONG Extreme guma leid\u017eia kamuoliukui stipriai \u0161okin\u0117ti , garantuoja ilgus ir nenuobod\u017eius \u017eaidimus.<\/p>\n","protected":false},"excerpt":{"rendered":"<ul>\n<li>KONG Extreme juodos patvarios gumos kamuolys \u017eaidimams<\/li>\n<li>Nepraduriamas &#8211; saugiems \u017eaidimams<\/li>\n<li>Pagaminta JAV.<\/li>\n<\/ul>\n","protected":false},"featured_media":17632,"template":"","meta":[],"product_brand":[],"product_cat":[101,108,311],"product_tag":[],"class_list":{"0":"post-17631","1":"product","2":"type-product","3":"status-publish","4":"has-post-thumbnail","6":"product_cat-sunims","7":"product_cat-prieziuros-priemones","8":"product_cat-zaislai-prieziuros-priemones","10":"first","11":"instock","12":"taxable","13":"shipping-taxable","14":"purchasable","15":"product-type-simple"},"yoast_head":"<!-- This site is optimized with the Yoast SEO Premium plugin v27.1 (Yoast SEO v27.5) - https:\/\/yoast.com\/product\/yoast-seo-premium-wordpress\/ -->\n<title>\u017daislas KONG Ball EXTREME M\/L 8cm - anivet.lt<\/title>\n<meta name=\"description\" content=\"KONG Extreme juodos patvarios gumos kamuolys \u017eaidimams  Nepraduriamas - saugiems \u017eaidimams  Pagaminta JAV.\" \/>\n<meta name=\"robots\" content=\"index, follow, max-snippet:-1, max-image-preview:large, max-video-preview:-1\" \/>\n<link rel=\"canonical\" href=\"https:\/\/anivet.lt\/elparduotuve\/produktas\/zaislas-kong-ball-extreme-m-l-8cm\/\" \/>\n<meta property=\"og:locale\" content=\"lt_LT\" \/>\n<meta property=\"og:type\" content=\"article\" \/>\n<meta property=\"og:title\" content=\"\u017daislas KONG Ball EXTREME M\/L 8cm\" \/>\n<meta property=\"og:description\" content=\"KONG Extreme juodos patvarios gumos kamuolys \u017eaidimams  Nepraduriamas - saugiems \u017eaidimams  Pagaminta JAV.\" \/>\n<meta property=\"og:url\" content=\"https:\/\/anivet.lt\/elparduotuve\/produktas\/zaislas-kong-ball-extreme-m-l-8cm\/\" \/>\n<meta property=\"og:site_name\" content=\"anivet.lt\" \/>\n<meta property=\"article:modified_time\" content=\"2025-11-30T02:28:29+00:00\" \/>\n<meta property=\"og:image\" content=\"https:\/\/anivet.lt\/elparduotuve\/wp-content\/uploads\/2025\/05\/10.KONG-Ball-EXTREME-ML-8CM.jpg\" \/>\n\t<meta property=\"og:image:width\" content=\"650\" \/>\n\t<meta property=\"og:image:height\" content=\"650\" \/>\n\t<meta property=\"og:image:type\" content=\"image\/jpeg\" \/>\n<meta name=\"twitter:card\" content=\"summary_large_image\" \/>\n<meta name=\"twitter:label1\" content=\"Est. reading time\" \/>\n\t<meta name=\"twitter:data1\" content=\"1 minut\u0117\" \/>\n<script type=\"application\/ld+json\" class=\"yoast-schema-graph\">{\"@context\":\"https:\\\/\\\/schema.org\",\"@graph\":[{\"@type\":\"WebPage\",\"@id\":\"https:\\\/\\\/anivet.lt\\\/elparduotuve\\\/produktas\\\/zaislas-kong-ball-extreme-m-l-8cm\\\/\",\"url\":\"https:\\\/\\\/anivet.lt\\\/elparduotuve\\\/produktas\\\/zaislas-kong-ball-extreme-m-l-8cm\\\/\",\"name\":\"\u017daislas KONG Ball EXTREME M\\\/L 8cm - anivet.lt\",\"isPartOf\":{\"@id\":\"https:\\\/\\\/anivet.lt\\\/elparduotuve\\\/#website\"},\"primaryImageOfPage\":{\"@id\":\"https:\\\/\\\/anivet.lt\\\/elparduotuve\\\/produktas\\\/zaislas-kong-ball-extreme-m-l-8cm\\\/#primaryimage\"},\"image\":{\"@id\":\"https:\\\/\\\/anivet.lt\\\/elparduotuve\\\/produktas\\\/zaislas-kong-ball-extreme-m-l-8cm\\\/#primaryimage\"},\"thumbnailUrl\":\"https:\\\/\\\/anivet.lt\\\/elparduotuve\\\/wp-content\\\/uploads\\\/2025\\\/05\\\/10.KONG-Ball-EXTREME-ML-8CM.jpg\",\"datePublished\":\"2025-05-10T08:19:54+00:00\",\"dateModified\":\"2025-11-30T02:28:29+00:00\",\"description\":\"KONG Extreme juodos patvarios gumos kamuolys \u017eaidimams Nepraduriamas - saugiems \u017eaidimams Pagaminta JAV.\",\"breadcrumb\":{\"@id\":\"https:\\\/\\\/anivet.lt\\\/elparduotuve\\\/produktas\\\/zaislas-kong-ball-extreme-m-l-8cm\\\/#breadcrumb\"},\"inLanguage\":\"lt-LT\",\"potentialAction\":[{\"@type\":\"ReadAction\",\"target\":[\"https:\\\/\\\/anivet.lt\\\/elparduotuve\\\/produktas\\\/zaislas-kong-ball-extreme-m-l-8cm\\\/\"]}]},{\"@type\":\"ImageObject\",\"inLanguage\":\"lt-LT\",\"@id\":\"https:\\\/\\\/anivet.lt\\\/elparduotuve\\\/produktas\\\/zaislas-kong-ball-extreme-m-l-8cm\\\/#primaryimage\",\"url\":\"https:\\\/\\\/anivet.lt\\\/elparduotuve\\\/wp-content\\\/uploads\\\/2025\\\/05\\\/10.KONG-Ball-EXTREME-ML-8CM.jpg\",\"contentUrl\":\"https:\\\/\\\/anivet.lt\\\/elparduotuve\\\/wp-content\\\/uploads\\\/2025\\\/05\\\/10.KONG-Ball-EXTREME-ML-8CM.jpg\",\"width\":650,\"height\":650,\"caption\":\"\u017daislas KONG Ball EXTREME M\\\/L 8cm\"},{\"@type\":\"BreadcrumbList\",\"@id\":\"https:\\\/\\\/anivet.lt\\\/elparduotuve\\\/produktas\\\/zaislas-kong-ball-extreme-m-l-8cm\\\/#breadcrumb\",\"itemListElement\":[{\"@type\":\"ListItem\",\"position\":1,\"name\":\"Home\",\"item\":\"https:\\\/\\\/anivet.lt\\\/elparduotuve\\\/\"},{\"@type\":\"ListItem\",\"position\":2,\"name\":\"Produktai\",\"item\":\"https:\\\/\\\/anivet.lt\\\/elparduotuve\\\/produktai\\\/\"},{\"@type\":\"ListItem\",\"position\":3,\"name\":\"\u017daislas KONG Ball EXTREME M\\\/L 8cm\"}]},{\"@type\":\"WebSite\",\"@id\":\"https:\\\/\\\/anivet.lt\\\/elparduotuve\\\/#website\",\"url\":\"https:\\\/\\\/anivet.lt\\\/elparduotuve\\\/\",\"name\":\"anivet.lt\",\"description\":\"Viskas J\u016bs\u0173 \u0161uns, kat\u0117s prie\u017ei\u016brai\",\"publisher\":{\"@id\":\"https:\\\/\\\/anivet.lt\\\/elparduotuve\\\/#organization\"},\"alternateName\":\"Viskas J\u016bs\u0173 \u0161uns, kat\u0117s prie\u017ei\u016brai\",\"potentialAction\":[{\"@type\":\"SearchAction\",\"target\":{\"@type\":\"EntryPoint\",\"urlTemplate\":\"https:\\\/\\\/anivet.lt\\\/elparduotuve\\\/?s={search_term_string}\"},\"query-input\":{\"@type\":\"PropertyValueSpecification\",\"valueRequired\":true,\"valueName\":\"search_term_string\"}}],\"inLanguage\":\"lt-LT\"},{\"@type\":\"Organization\",\"@id\":\"https:\\\/\\\/anivet.lt\\\/elparduotuve\\\/#organization\",\"name\":\"Viskas J\u016bs\u0173 \u0161uns, kat\u0117s prie\u017ei\u016brai\",\"url\":\"https:\\\/\\\/anivet.lt\\\/elparduotuve\\\/\",\"logo\":{\"@type\":\"ImageObject\",\"inLanguage\":\"lt-LT\",\"@id\":\"https:\\\/\\\/anivet.lt\\\/elparduotuve\\\/#\\\/schema\\\/logo\\\/image\\\/\",\"url\":\"https:\\\/\\\/anivet.lt\\\/elparduotuve\\\/wp-content\\\/uploads\\\/2023\\\/06\\\/logo2.jpg\",\"contentUrl\":\"https:\\\/\\\/anivet.lt\\\/elparduotuve\\\/wp-content\\\/uploads\\\/2023\\\/06\\\/logo2.jpg\",\"width\":655,\"height\":194,\"caption\":\"Viskas J\u016bs\u0173 \u0161uns, kat\u0117s prie\u017ei\u016brai\"},\"image\":{\"@id\":\"https:\\\/\\\/anivet.lt\\\/elparduotuve\\\/#\\\/schema\\\/logo\\\/image\\\/\"}}]}<\/script>\n<!-- \/ Yoast SEO Premium plugin. -->","yoast_head_json":{"title":"\u017daislas KONG Ball EXTREME M\/L 8cm - anivet.lt","description":"KONG Extreme juodos patvarios gumos kamuolys \u017eaidimams  Nepraduriamas - saugiems \u017eaidimams  Pagaminta JAV.","robots":{"index":"index","follow":"follow","max-snippet":"max-snippet:-1","max-image-preview":"max-image-preview:large","max-video-preview":"max-video-preview:-1"},"canonical":"https:\/\/anivet.lt\/elparduotuve\/produktas\/zaislas-kong-ball-extreme-m-l-8cm\/","og_locale":"lt_LT","og_type":"article","og_title":"\u017daislas KONG Ball EXTREME M\/L 8cm","og_description":"KONG Extreme juodos patvarios gumos kamuolys \u017eaidimams  Nepraduriamas - saugiems \u017eaidimams  Pagaminta JAV.","og_url":"https:\/\/anivet.lt\/elparduotuve\/produktas\/zaislas-kong-ball-extreme-m-l-8cm\/","og_site_name":"anivet.lt","article_modified_time":"2025-11-30T02:28:29+00:00","og_image":[{"width":650,"height":650,"url":"https:\/\/anivet.lt\/elparduotuve\/wp-content\/uploads\/2025\/05\/10.KONG-Ball-EXTREME-ML-8CM.jpg","type":"image\/jpeg"}],"twitter_card":"summary_large_image","twitter_misc":{"Est. reading time":"1 minut\u0117"},"schema":{"@context":"https:\/\/schema.org","@graph":[{"@type":"WebPage","@id":"https:\/\/anivet.lt\/elparduotuve\/produktas\/zaislas-kong-ball-extreme-m-l-8cm\/","url":"https:\/\/anivet.lt\/elparduotuve\/produktas\/zaislas-kong-ball-extreme-m-l-8cm\/","name":"\u017daislas KONG Ball EXTREME M\/L 8cm - anivet.lt","isPartOf":{"@id":"https:\/\/anivet.lt\/elparduotuve\/#website"},"primaryImageOfPage":{"@id":"https:\/\/anivet.lt\/elparduotuve\/produktas\/zaislas-kong-ball-extreme-m-l-8cm\/#primaryimage"},"image":{"@id":"https:\/\/anivet.lt\/elparduotuve\/produktas\/zaislas-kong-ball-extreme-m-l-8cm\/#primaryimage"},"thumbnailUrl":"https:\/\/anivet.lt\/elparduotuve\/wp-content\/uploads\/2025\/05\/10.KONG-Ball-EXTREME-ML-8CM.jpg","datePublished":"2025-05-10T08:19:54+00:00","dateModified":"2025-11-30T02:28:29+00:00","description":"KONG Extreme juodos patvarios gumos kamuolys \u017eaidimams Nepraduriamas - saugiems \u017eaidimams Pagaminta JAV.","breadcrumb":{"@id":"https:\/\/anivet.lt\/elparduotuve\/produktas\/zaislas-kong-ball-extreme-m-l-8cm\/#breadcrumb"},"inLanguage":"lt-LT","potentialAction":[{"@type":"ReadAction","target":["https:\/\/anivet.lt\/elparduotuve\/produktas\/zaislas-kong-ball-extreme-m-l-8cm\/"]}]},{"@type":"ImageObject","inLanguage":"lt-LT","@id":"https:\/\/anivet.lt\/elparduotuve\/produktas\/zaislas-kong-ball-extreme-m-l-8cm\/#primaryimage","url":"https:\/\/anivet.lt\/elparduotuve\/wp-content\/uploads\/2025\/05\/10.KONG-Ball-EXTREME-ML-8CM.jpg","contentUrl":"https:\/\/anivet.lt\/elparduotuve\/wp-content\/uploads\/2025\/05\/10.KONG-Ball-EXTREME-ML-8CM.jpg","width":650,"height":650,"caption":"\u017daislas KONG Ball EXTREME M\/L 8cm"},{"@type":"BreadcrumbList","@id":"https:\/\/anivet.lt\/elparduotuve\/produktas\/zaislas-kong-ball-extreme-m-l-8cm\/#breadcrumb","itemListElement":[{"@type":"ListItem","position":1,"name":"Home","item":"https:\/\/anivet.lt\/elparduotuve\/"},{"@type":"ListItem","position":2,"name":"Produktai","item":"https:\/\/anivet.lt\/elparduotuve\/produktai\/"},{"@type":"ListItem","position":3,"name":"\u017daislas KONG Ball EXTREME M\/L 8cm"}]},{"@type":"WebSite","@id":"https:\/\/anivet.lt\/elparduotuve\/#website","url":"https:\/\/anivet.lt\/elparduotuve\/","name":"anivet.lt","description":"Viskas J\u016bs\u0173 \u0161uns, kat\u0117s prie\u017ei\u016brai","publisher":{"@id":"https:\/\/anivet.lt\/elparduotuve\/#organization"},"alternateName":"Viskas J\u016bs\u0173 \u0161uns, kat\u0117s prie\u017ei\u016brai","potentialAction":[{"@type":"SearchAction","target":{"@type":"EntryPoint","urlTemplate":"https:\/\/anivet.lt\/elparduotuve\/?s={search_term_string}"},"query-input":{"@type":"PropertyValueSpecification","valueRequired":true,"valueName":"search_term_string"}}],"inLanguage":"lt-LT"},{"@type":"Organization","@id":"https:\/\/anivet.lt\/elparduotuve\/#organization","name":"Viskas J\u016bs\u0173 \u0161uns, kat\u0117s prie\u017ei\u016brai","url":"https:\/\/anivet.lt\/elparduotuve\/","logo":{"@type":"ImageObject","inLanguage":"lt-LT","@id":"https:\/\/anivet.lt\/elparduotuve\/#\/schema\/logo\/image\/","url":"https:\/\/anivet.lt\/elparduotuve\/wp-content\/uploads\/2023\/06\/logo2.jpg","contentUrl":"https:\/\/anivet.lt\/elparduotuve\/wp-content\/uploads\/2023\/06\/logo2.jpg","width":655,"height":194,"caption":"Viskas J\u016bs\u0173 \u0161uns, kat\u0117s prie\u017ei\u016brai"},"image":{"@id":"https:\/\/anivet.lt\/elparduotuve\/#\/schema\/logo\/image\/"}}]}},"_links":{"self":[{"href":"https:\/\/anivet.lt\/elparduotuve\/wp-json\/wp\/v2\/product\/17631","targetHints":{"allow":["GET"]}}],"collection":[{"href":"https:\/\/anivet.lt\/elparduotuve\/wp-json\/wp\/v2\/product"}],"about":[{"href":"https:\/\/anivet.lt\/elparduotuve\/wp-json\/wp\/v2\/types\/product"}],"wp:featuredmedia":[{"embeddable":true,"href":"https:\/\/anivet.lt\/elparduotuve\/wp-json\/wp\/v2\/media\/17632"}],"wp:attachment":[{"href":"https:\/\/anivet.lt\/elparduotuve\/wp-json\/wp\/v2\/media?parent=17631"}],"wp:term":[{"taxonomy":"product_brand","embeddable":true,"href":"https:\/\/anivet.lt\/elparduotuve\/wp-json\/wp\/v2\/product_brand?post=17631"},{"taxonomy":"product_cat","embeddable":true,"href":"https:\/\/anivet.lt\/elparduotuve\/wp-json\/wp\/v2\/product_cat?post=17631"},{"taxonomy":"product_tag","embeddable":true,"href":"https:\/\/anivet.lt\/elparduotuve\/wp-json\/wp\/v2\/product_tag?post=17631"}],"curies":[{"name":"wp","href":"https:\/\/api.w.org\/{rel}","templated":true}]}}