{"id":17707,"date":"2025-05-17T08:04:22","date_gmt":"2025-05-17T08:04:22","guid":{"rendered":"https:\/\/anivet.lt\/elparduotuve\/?post_type=product&#038;p=17707"},"modified":"2025-12-11T21:28:19","modified_gmt":"2025-12-11T21:28:19","slug":"advance-gastroenteric-mini-dietinis-pasaras-virskinimo-sutrikimu-turintiems-mazu-veisliu-sunims-15kg","status":"publish","type":"product","link":"https:\/\/anivet.lt\/elparduotuve\/produktas\/advance-gastroenteric-mini-dietinis-pasaras-virskinimo-sutrikimu-turintiems-mazu-veisliu-sunims-15kg\/","title":{"rendered":"ADVANCE GASTROENTERIC MINI dietinis pa\u0161aras vir\u0161kinimo sutrikim\u0173 turintiems ma\u017e\u0173 veisli\u0173 \u0161unims 1,5kg"},"content":{"rendered":"<p>Pagrindiniai privalumai:<\/p>\n<ul>\n<li>Skirta \u0161unims su \u016bmiais ar l\u0117tiniais vir\u0161kinimo sutrikimais.<\/li>\n<li>Lengvai vir\u0161kinama formul\u0117 su prebiotikais.<\/li>\n<li>Palaiko \u017earnyno mikrofloros balans\u0105.<\/li>\n<li>Tinka ma\u017e\u0173 veisli\u0173 suaugusiems \u0161unims.<\/li>\n<\/ul>\n<p>Pa\u0161aras pasi\u017eymi auk\u0161tu vir\u0161kinamumu, apr\u016bpina organizm\u0105 b\u016btinais maistiniais elementais ir padeda reguliuoti \u017earnyno veikl\u0105. Sud\u0117tyje esantys prebiotikai, vidutin\u0117s grandin\u0117s riebal\u0173 r\u016bg\u0161tys (MCT) ir lengvai \u012fsisavinami baltymai padeda palaikyti ger\u0105 vir\u0161kinimo sistemos b\u016bkl\u0119.<\/p>\n","protected":false},"excerpt":{"rendered":"<p>Advance Gastroenteric Mini \u2013 tai specializuotas dietinis sausas pa\u0161aras ma\u017e\u0173 veisli\u0173 (iki 10 kg) \u0161unims, skirtas pad\u0117ti esant vir\u0161kinimo sutrikimams ir skatinti vir\u0161kinimo trakto atsistatym\u0105.<\/p>\n","protected":false},"featured_media":17708,"template":"","meta":[],"product_brand":[],"product_cat":[101,103,316,107],"product_tag":[],"class_list":{"0":"post-17707","1":"product","2":"type-product","3":"status-publish","4":"has-post-thumbnail","6":"product_cat-sunims","7":"product_cat-sunu-maistas","8":"product_cat-advance-sunu-maistas","9":"product_cat-veterinarine-dieta","10":"pa_prekinis-zenklas-advance","12":"first","13":"instock","14":"taxable","15":"shipping-taxable","16":"purchasable","17":"product-type-simple"},"yoast_head":"<!-- This site is optimized with the Yoast SEO Premium plugin v27.1 (Yoast SEO v27.5) - https:\/\/yoast.com\/product\/yoast-seo-premium-wordpress\/ -->\n<title>ADVANCE GASTROENTERIC MINI dietinis pa\u0161aras vir\u0161kinimo sutrikim\u0173 turintiems ma\u017e\u0173 veisli\u0173 \u0161unims 1,5kg - anivet.lt<\/title>\n<meta name=\"description\" content=\"Advance Gastroenteric Mini \u2013 tai specializuotas dietinis sausas pa\u0161aras ma\u017e\u0173 veisli\u0173 (iki 10 kg) \u0161unims, skirtas pad\u0117ti esant vir\u0161kinimo sutrikimams ir skatinti vir\u0161kinimo trakto atsistatym\u0105.\" \/>\n<meta name=\"robots\" content=\"index, follow, max-snippet:-1, max-image-preview:large, max-video-preview:-1\" \/>\n<link rel=\"canonical\" href=\"https:\/\/anivet.lt\/elparduotuve\/produktas\/advance-gastroenteric-mini-dietinis-pasaras-virskinimo-sutrikimu-turintiems-mazu-veisliu-sunims-15kg\/\" \/>\n<meta property=\"og:locale\" content=\"lt_LT\" \/>\n<meta property=\"og:type\" content=\"article\" \/>\n<meta property=\"og:title\" content=\"ADVANCE GASTROENTERIC MINI dietinis pa\u0161aras vir\u0161kinimo sutrikim\u0173 turintiems ma\u017e\u0173 veisli\u0173 \u0161unims 1,5kg\" \/>\n<meta property=\"og:description\" content=\"Advance Gastroenteric Mini \u2013 tai specializuotas dietinis sausas pa\u0161aras ma\u017e\u0173 veisli\u0173 (iki 10 kg) \u0161unims, skirtas pad\u0117ti esant vir\u0161kinimo sutrikimams ir skatinti vir\u0161kinimo trakto atsistatym\u0105.\" \/>\n<meta property=\"og:url\" content=\"https:\/\/anivet.lt\/elparduotuve\/produktas\/advance-gastroenteric-mini-dietinis-pasaras-virskinimo-sutrikimu-turintiems-mazu-veisliu-sunims-15kg\/\" \/>\n<meta property=\"og:site_name\" content=\"anivet.lt\" \/>\n<meta property=\"article:modified_time\" content=\"2025-12-11T21:28:19+00:00\" \/>\n<meta property=\"og:image\" content=\"https:\/\/anivet.lt\/elparduotuve\/wp-content\/uploads\/2025\/05\/Advance-Gastroenteric-Canine-MINI-15KG.jpg\" \/>\n\t<meta property=\"og:image:width\" content=\"650\" \/>\n\t<meta property=\"og:image:height\" content=\"689\" \/>\n\t<meta property=\"og:image:type\" content=\"image\/jpeg\" \/>\n<meta name=\"twitter:card\" content=\"summary_large_image\" \/>\n<meta name=\"twitter:label1\" content=\"Est. reading time\" \/>\n\t<meta name=\"twitter:data1\" content=\"1 minut\u0117\" \/>\n<script type=\"application\/ld+json\" class=\"yoast-schema-graph\">{\"@context\":\"https:\\\/\\\/schema.org\",\"@graph\":[{\"@type\":\"WebPage\",\"@id\":\"https:\\\/\\\/anivet.lt\\\/elparduotuve\\\/produktas\\\/advance-gastroenteric-mini-dietinis-pasaras-virskinimo-sutrikimu-turintiems-mazu-veisliu-sunims-15kg\\\/\",\"url\":\"https:\\\/\\\/anivet.lt\\\/elparduotuve\\\/produktas\\\/advance-gastroenteric-mini-dietinis-pasaras-virskinimo-sutrikimu-turintiems-mazu-veisliu-sunims-15kg\\\/\",\"name\":\"ADVANCE GASTROENTERIC MINI dietinis pa\u0161aras vir\u0161kinimo sutrikim\u0173 turintiems ma\u017e\u0173 veisli\u0173 \u0161unims 1,5kg - anivet.lt\",\"isPartOf\":{\"@id\":\"https:\\\/\\\/anivet.lt\\\/elparduotuve\\\/#website\"},\"primaryImageOfPage\":{\"@id\":\"https:\\\/\\\/anivet.lt\\\/elparduotuve\\\/produktas\\\/advance-gastroenteric-mini-dietinis-pasaras-virskinimo-sutrikimu-turintiems-mazu-veisliu-sunims-15kg\\\/#primaryimage\"},\"image\":{\"@id\":\"https:\\\/\\\/anivet.lt\\\/elparduotuve\\\/produktas\\\/advance-gastroenteric-mini-dietinis-pasaras-virskinimo-sutrikimu-turintiems-mazu-veisliu-sunims-15kg\\\/#primaryimage\"},\"thumbnailUrl\":\"https:\\\/\\\/anivet.lt\\\/elparduotuve\\\/wp-content\\\/uploads\\\/2025\\\/05\\\/Advance-Gastroenteric-Canine-MINI-15KG.jpg\",\"datePublished\":\"2025-05-17T08:04:22+00:00\",\"dateModified\":\"2025-12-11T21:28:19+00:00\",\"description\":\"Advance Gastroenteric Mini \u2013 tai specializuotas dietinis sausas pa\u0161aras ma\u017e\u0173 veisli\u0173 (iki 10 kg) \u0161unims, skirtas pad\u0117ti esant vir\u0161kinimo sutrikimams ir skatinti vir\u0161kinimo trakto atsistatym\u0105.\",\"breadcrumb\":{\"@id\":\"https:\\\/\\\/anivet.lt\\\/elparduotuve\\\/produktas\\\/advance-gastroenteric-mini-dietinis-pasaras-virskinimo-sutrikimu-turintiems-mazu-veisliu-sunims-15kg\\\/#breadcrumb\"},\"inLanguage\":\"lt-LT\",\"potentialAction\":[{\"@type\":\"ReadAction\",\"target\":[\"https:\\\/\\\/anivet.lt\\\/elparduotuve\\\/produktas\\\/advance-gastroenteric-mini-dietinis-pasaras-virskinimo-sutrikimu-turintiems-mazu-veisliu-sunims-15kg\\\/\"]}]},{\"@type\":\"ImageObject\",\"inLanguage\":\"lt-LT\",\"@id\":\"https:\\\/\\\/anivet.lt\\\/elparduotuve\\\/produktas\\\/advance-gastroenteric-mini-dietinis-pasaras-virskinimo-sutrikimu-turintiems-mazu-veisliu-sunims-15kg\\\/#primaryimage\",\"url\":\"https:\\\/\\\/anivet.lt\\\/elparduotuve\\\/wp-content\\\/uploads\\\/2025\\\/05\\\/Advance-Gastroenteric-Canine-MINI-15KG.jpg\",\"contentUrl\":\"https:\\\/\\\/anivet.lt\\\/elparduotuve\\\/wp-content\\\/uploads\\\/2025\\\/05\\\/Advance-Gastroenteric-Canine-MINI-15KG.jpg\",\"width\":650,\"height\":689,\"caption\":\"ADVANCE GASTROENTERIC MINI dietinis pa\u0161aras vir\u0161kinimo sutrikim\u0173 turintiems ma\u017e\u0173 veisli\u0173 \u0161unims 1,5kg\"},{\"@type\":\"BreadcrumbList\",\"@id\":\"https:\\\/\\\/anivet.lt\\\/elparduotuve\\\/produktas\\\/advance-gastroenteric-mini-dietinis-pasaras-virskinimo-sutrikimu-turintiems-mazu-veisliu-sunims-15kg\\\/#breadcrumb\",\"itemListElement\":[{\"@type\":\"ListItem\",\"position\":1,\"name\":\"Home\",\"item\":\"https:\\\/\\\/anivet.lt\\\/elparduotuve\\\/\"},{\"@type\":\"ListItem\",\"position\":2,\"name\":\"Produktai\",\"item\":\"https:\\\/\\\/anivet.lt\\\/elparduotuve\\\/produktai\\\/\"},{\"@type\":\"ListItem\",\"position\":3,\"name\":\"ADVANCE GASTROENTERIC MINI dietinis pa\u0161aras vir\u0161kinimo sutrikim\u0173 turintiems ma\u017e\u0173 veisli\u0173 \u0161unims 1,5kg\"}]},{\"@type\":\"WebSite\",\"@id\":\"https:\\\/\\\/anivet.lt\\\/elparduotuve\\\/#website\",\"url\":\"https:\\\/\\\/anivet.lt\\\/elparduotuve\\\/\",\"name\":\"anivet.lt\",\"description\":\"Viskas J\u016bs\u0173 \u0161uns, kat\u0117s prie\u017ei\u016brai\",\"publisher\":{\"@id\":\"https:\\\/\\\/anivet.lt\\\/elparduotuve\\\/#organization\"},\"alternateName\":\"Viskas J\u016bs\u0173 \u0161uns, kat\u0117s prie\u017ei\u016brai\",\"potentialAction\":[{\"@type\":\"SearchAction\",\"target\":{\"@type\":\"EntryPoint\",\"urlTemplate\":\"https:\\\/\\\/anivet.lt\\\/elparduotuve\\\/?s={search_term_string}\"},\"query-input\":{\"@type\":\"PropertyValueSpecification\",\"valueRequired\":true,\"valueName\":\"search_term_string\"}}],\"inLanguage\":\"lt-LT\"},{\"@type\":\"Organization\",\"@id\":\"https:\\\/\\\/anivet.lt\\\/elparduotuve\\\/#organization\",\"name\":\"Viskas J\u016bs\u0173 \u0161uns, kat\u0117s prie\u017ei\u016brai\",\"url\":\"https:\\\/\\\/anivet.lt\\\/elparduotuve\\\/\",\"logo\":{\"@type\":\"ImageObject\",\"inLanguage\":\"lt-LT\",\"@id\":\"https:\\\/\\\/anivet.lt\\\/elparduotuve\\\/#\\\/schema\\\/logo\\\/image\\\/\",\"url\":\"https:\\\/\\\/anivet.lt\\\/elparduotuve\\\/wp-content\\\/uploads\\\/2023\\\/06\\\/logo2.jpg\",\"contentUrl\":\"https:\\\/\\\/anivet.lt\\\/elparduotuve\\\/wp-content\\\/uploads\\\/2023\\\/06\\\/logo2.jpg\",\"width\":655,\"height\":194,\"caption\":\"Viskas J\u016bs\u0173 \u0161uns, kat\u0117s prie\u017ei\u016brai\"},\"image\":{\"@id\":\"https:\\\/\\\/anivet.lt\\\/elparduotuve\\\/#\\\/schema\\\/logo\\\/image\\\/\"}}]}<\/script>\n<!-- \/ Yoast SEO Premium plugin. -->","yoast_head_json":{"title":"ADVANCE GASTROENTERIC MINI dietinis pa\u0161aras vir\u0161kinimo sutrikim\u0173 turintiems ma\u017e\u0173 veisli\u0173 \u0161unims 1,5kg - anivet.lt","description":"Advance Gastroenteric Mini \u2013 tai specializuotas dietinis sausas pa\u0161aras ma\u017e\u0173 veisli\u0173 (iki 10 kg) \u0161unims, skirtas pad\u0117ti esant vir\u0161kinimo sutrikimams ir skatinti vir\u0161kinimo trakto atsistatym\u0105.","robots":{"index":"index","follow":"follow","max-snippet":"max-snippet:-1","max-image-preview":"max-image-preview:large","max-video-preview":"max-video-preview:-1"},"canonical":"https:\/\/anivet.lt\/elparduotuve\/produktas\/advance-gastroenteric-mini-dietinis-pasaras-virskinimo-sutrikimu-turintiems-mazu-veisliu-sunims-15kg\/","og_locale":"lt_LT","og_type":"article","og_title":"ADVANCE GASTROENTERIC MINI dietinis pa\u0161aras vir\u0161kinimo sutrikim\u0173 turintiems ma\u017e\u0173 veisli\u0173 \u0161unims 1,5kg","og_description":"Advance Gastroenteric Mini \u2013 tai specializuotas dietinis sausas pa\u0161aras ma\u017e\u0173 veisli\u0173 (iki 10 kg) \u0161unims, skirtas pad\u0117ti esant vir\u0161kinimo sutrikimams ir skatinti vir\u0161kinimo trakto atsistatym\u0105.","og_url":"https:\/\/anivet.lt\/elparduotuve\/produktas\/advance-gastroenteric-mini-dietinis-pasaras-virskinimo-sutrikimu-turintiems-mazu-veisliu-sunims-15kg\/","og_site_name":"anivet.lt","article_modified_time":"2025-12-11T21:28:19+00:00","og_image":[{"width":650,"height":689,"url":"https:\/\/anivet.lt\/elparduotuve\/wp-content\/uploads\/2025\/05\/Advance-Gastroenteric-Canine-MINI-15KG.jpg","type":"image\/jpeg"}],"twitter_card":"summary_large_image","twitter_misc":{"Est. reading time":"1 minut\u0117"},"schema":{"@context":"https:\/\/schema.org","@graph":[{"@type":"WebPage","@id":"https:\/\/anivet.lt\/elparduotuve\/produktas\/advance-gastroenteric-mini-dietinis-pasaras-virskinimo-sutrikimu-turintiems-mazu-veisliu-sunims-15kg\/","url":"https:\/\/anivet.lt\/elparduotuve\/produktas\/advance-gastroenteric-mini-dietinis-pasaras-virskinimo-sutrikimu-turintiems-mazu-veisliu-sunims-15kg\/","name":"ADVANCE GASTROENTERIC MINI dietinis pa\u0161aras vir\u0161kinimo sutrikim\u0173 turintiems ma\u017e\u0173 veisli\u0173 \u0161unims 1,5kg - anivet.lt","isPartOf":{"@id":"https:\/\/anivet.lt\/elparduotuve\/#website"},"primaryImageOfPage":{"@id":"https:\/\/anivet.lt\/elparduotuve\/produktas\/advance-gastroenteric-mini-dietinis-pasaras-virskinimo-sutrikimu-turintiems-mazu-veisliu-sunims-15kg\/#primaryimage"},"image":{"@id":"https:\/\/anivet.lt\/elparduotuve\/produktas\/advance-gastroenteric-mini-dietinis-pasaras-virskinimo-sutrikimu-turintiems-mazu-veisliu-sunims-15kg\/#primaryimage"},"thumbnailUrl":"https:\/\/anivet.lt\/elparduotuve\/wp-content\/uploads\/2025\/05\/Advance-Gastroenteric-Canine-MINI-15KG.jpg","datePublished":"2025-05-17T08:04:22+00:00","dateModified":"2025-12-11T21:28:19+00:00","description":"Advance Gastroenteric Mini \u2013 tai specializuotas dietinis sausas pa\u0161aras ma\u017e\u0173 veisli\u0173 (iki 10 kg) \u0161unims, skirtas pad\u0117ti esant vir\u0161kinimo sutrikimams ir skatinti vir\u0161kinimo trakto atsistatym\u0105.","breadcrumb":{"@id":"https:\/\/anivet.lt\/elparduotuve\/produktas\/advance-gastroenteric-mini-dietinis-pasaras-virskinimo-sutrikimu-turintiems-mazu-veisliu-sunims-15kg\/#breadcrumb"},"inLanguage":"lt-LT","potentialAction":[{"@type":"ReadAction","target":["https:\/\/anivet.lt\/elparduotuve\/produktas\/advance-gastroenteric-mini-dietinis-pasaras-virskinimo-sutrikimu-turintiems-mazu-veisliu-sunims-15kg\/"]}]},{"@type":"ImageObject","inLanguage":"lt-LT","@id":"https:\/\/anivet.lt\/elparduotuve\/produktas\/advance-gastroenteric-mini-dietinis-pasaras-virskinimo-sutrikimu-turintiems-mazu-veisliu-sunims-15kg\/#primaryimage","url":"https:\/\/anivet.lt\/elparduotuve\/wp-content\/uploads\/2025\/05\/Advance-Gastroenteric-Canine-MINI-15KG.jpg","contentUrl":"https:\/\/anivet.lt\/elparduotuve\/wp-content\/uploads\/2025\/05\/Advance-Gastroenteric-Canine-MINI-15KG.jpg","width":650,"height":689,"caption":"ADVANCE GASTROENTERIC MINI dietinis pa\u0161aras vir\u0161kinimo sutrikim\u0173 turintiems ma\u017e\u0173 veisli\u0173 \u0161unims 1,5kg"},{"@type":"BreadcrumbList","@id":"https:\/\/anivet.lt\/elparduotuve\/produktas\/advance-gastroenteric-mini-dietinis-pasaras-virskinimo-sutrikimu-turintiems-mazu-veisliu-sunims-15kg\/#breadcrumb","itemListElement":[{"@type":"ListItem","position":1,"name":"Home","item":"https:\/\/anivet.lt\/elparduotuve\/"},{"@type":"ListItem","position":2,"name":"Produktai","item":"https:\/\/anivet.lt\/elparduotuve\/produktai\/"},{"@type":"ListItem","position":3,"name":"ADVANCE GASTROENTERIC MINI dietinis pa\u0161aras vir\u0161kinimo sutrikim\u0173 turintiems ma\u017e\u0173 veisli\u0173 \u0161unims 1,5kg"}]},{"@type":"WebSite","@id":"https:\/\/anivet.lt\/elparduotuve\/#website","url":"https:\/\/anivet.lt\/elparduotuve\/","name":"anivet.lt","description":"Viskas J\u016bs\u0173 \u0161uns, kat\u0117s prie\u017ei\u016brai","publisher":{"@id":"https:\/\/anivet.lt\/elparduotuve\/#organization"},"alternateName":"Viskas J\u016bs\u0173 \u0161uns, kat\u0117s prie\u017ei\u016brai","potentialAction":[{"@type":"SearchAction","target":{"@type":"EntryPoint","urlTemplate":"https:\/\/anivet.lt\/elparduotuve\/?s={search_term_string}"},"query-input":{"@type":"PropertyValueSpecification","valueRequired":true,"valueName":"search_term_string"}}],"inLanguage":"lt-LT"},{"@type":"Organization","@id":"https:\/\/anivet.lt\/elparduotuve\/#organization","name":"Viskas J\u016bs\u0173 \u0161uns, kat\u0117s prie\u017ei\u016brai","url":"https:\/\/anivet.lt\/elparduotuve\/","logo":{"@type":"ImageObject","inLanguage":"lt-LT","@id":"https:\/\/anivet.lt\/elparduotuve\/#\/schema\/logo\/image\/","url":"https:\/\/anivet.lt\/elparduotuve\/wp-content\/uploads\/2023\/06\/logo2.jpg","contentUrl":"https:\/\/anivet.lt\/elparduotuve\/wp-content\/uploads\/2023\/06\/logo2.jpg","width":655,"height":194,"caption":"Viskas J\u016bs\u0173 \u0161uns, kat\u0117s prie\u017ei\u016brai"},"image":{"@id":"https:\/\/anivet.lt\/elparduotuve\/#\/schema\/logo\/image\/"}}]}},"_links":{"self":[{"href":"https:\/\/anivet.lt\/elparduotuve\/wp-json\/wp\/v2\/product\/17707","targetHints":{"allow":["GET"]}}],"collection":[{"href":"https:\/\/anivet.lt\/elparduotuve\/wp-json\/wp\/v2\/product"}],"about":[{"href":"https:\/\/anivet.lt\/elparduotuve\/wp-json\/wp\/v2\/types\/product"}],"wp:featuredmedia":[{"embeddable":true,"href":"https:\/\/anivet.lt\/elparduotuve\/wp-json\/wp\/v2\/media\/17708"}],"wp:attachment":[{"href":"https:\/\/anivet.lt\/elparduotuve\/wp-json\/wp\/v2\/media?parent=17707"}],"wp:term":[{"taxonomy":"product_brand","embeddable":true,"href":"https:\/\/anivet.lt\/elparduotuve\/wp-json\/wp\/v2\/product_brand?post=17707"},{"taxonomy":"product_cat","embeddable":true,"href":"https:\/\/anivet.lt\/elparduotuve\/wp-json\/wp\/v2\/product_cat?post=17707"},{"taxonomy":"product_tag","embeddable":true,"href":"https:\/\/anivet.lt\/elparduotuve\/wp-json\/wp\/v2\/product_tag?post=17707"}],"curies":[{"name":"wp","href":"https:\/\/api.w.org\/{rel}","templated":true}]}}