{"id":17713,"date":"2025-05-17T08:40:27","date_gmt":"2025-05-17T08:40:27","guid":{"rendered":"https:\/\/anivet.lt\/elparduotuve\/?post_type=product&#038;p=17713"},"modified":"2026-04-27T09:40:23","modified_gmt":"2026-04-27T09:40:23","slug":"glycoflex-iii-papildas-sanariams-sunims","status":"publish","type":"product","link":"https:\/\/anivet.lt\/elparduotuve\/produktas\/glycoflex-iii-papildas-sanariams-sunims\/","title":{"rendered":"Glycoflex III papildas s\u0105nariams \u0161unims"},"content":{"rendered":"<p>Glycoflex i\u0161skirtinumas.\u00a0GlycOmega\u2122\u00a0prek\u0117s \u017eenklo Perna canaliculus (\u017ealiosios midijos) i\u0161 Naujosios Zelandijos \u2013 naudojamos tik GlycoFlex produktuose, i\u0161skirtinai VetriScience\u00ae\u00a0 Labaratorijose. Liofilizuotos \u017ealiosios midijos i\u0161laiko visas naudingas med\u017eiagas, kitaip nei \u017eali\u0173j\u0173 midij\u0173 ekstraktas ar \u017eali\u0173j\u0173 midij\u0173 milteliai, kuriuose tr\u016bksta toki\u0173 svarbi\u0173 med\u017eiag\u0173 kaip riebal\u0173 r\u016bg\u0161tys ar kit\u0173 bioktyvi\u0173 komponent\u0173 (riebal\u0173 r\u016bg\u0161\u010di\u0173 neturintys milteliai ir\/ar ekstraktai). Pilnas organizmas yra naudojamas tik\u00a0GlycoFlex\u00ae produktuose.\u00a0Tik GlycoFlex\u00ae produktai yra gaminami su GlycOmega \u2122 Perna.<\/p>\n","protected":false},"excerpt":{"rendered":"<p>GlycoFlex III \u2013 tai tre\u010dios kartos papildas \u0161unims, skirtas s\u0105nari\u0173 ir jungiamojo audinio funkcij\u0173 palaikymui. \u0160is produktas ypa\u010d rekomenduojamas senyviems, aktyviems ar po ortopedini\u0173 operacij\u0173 besigydantiems \u0161unims.<\/p>\n","protected":false},"featured_media":17714,"template":"","meta":[],"product_brand":[],"product_cat":[101,113],"product_tag":[],"class_list":{"0":"post-17713","1":"product","2":"type-product","3":"status-publish","4":"has-post-thumbnail","6":"product_cat-sunims","7":"product_cat-vitaminai-ir-papildai","8":"pa_prekinis-zenklas-glycoflex","10":"first","11":"instock","12":"taxable","13":"shipping-taxable","14":"purchasable","15":"product-type-variable"},"yoast_head":"<!-- This site is optimized with the Yoast SEO Premium plugin v27.1 (Yoast SEO v27.5) - https:\/\/yoast.com\/product\/yoast-seo-premium-wordpress\/ -->\n<title>Glycoflex III papildas s\u0105nariams \u0161unims - anivet.lt<\/title>\n<meta name=\"description\" content=\"GlycoFlex III \u2013 tai tre\u010dios kartos papildas \u0161unims, skirtas s\u0105nari\u0173 ir jungiamojo audinio funkcij\u0173 palaikymui. \u0160is produktas ypa\u010d rekomenduojamas senyviems, aktyviems ar po ortopedini\u0173 operacij\u0173 besigydantiems \u0161unims.\" \/>\n<meta name=\"robots\" content=\"index, follow, max-snippet:-1, max-image-preview:large, max-video-preview:-1\" \/>\n<link rel=\"canonical\" href=\"https:\/\/anivet.lt\/elparduotuve\/produktas\/glycoflex-iii-papildas-sanariams-sunims\/\" \/>\n<meta property=\"og:locale\" content=\"lt_LT\" \/>\n<meta property=\"og:type\" content=\"article\" \/>\n<meta property=\"og:title\" content=\"Glycoflex III papildas s\u0105nariams \u0161unims\" \/>\n<meta property=\"og:description\" content=\"GlycoFlex III \u2013 tai tre\u010dios kartos papildas \u0161unims, skirtas s\u0105nari\u0173 ir jungiamojo audinio funkcij\u0173 palaikymui. \u0160is produktas ypa\u010d rekomenduojamas senyviems, aktyviems ar po ortopedini\u0173 operacij\u0173 besigydantiems \u0161unims.\" \/>\n<meta property=\"og:url\" content=\"https:\/\/anivet.lt\/elparduotuve\/produktas\/glycoflex-iii-papildas-sanariams-sunims\/\" \/>\n<meta property=\"og:site_name\" content=\"anivet.lt\" \/>\n<meta property=\"article:modified_time\" content=\"2026-04-27T09:40:23+00:00\" \/>\n<meta property=\"og:image\" content=\"https:\/\/anivet.lt\/elparduotuve\/wp-content\/uploads\/2025\/05\/Glycoflex-III-papildas-sanariams-sunims.jpg\" \/>\n\t<meta property=\"og:image:width\" content=\"650\" \/>\n\t<meta property=\"og:image:height\" content=\"650\" \/>\n\t<meta property=\"og:image:type\" content=\"image\/jpeg\" \/>\n<meta name=\"twitter:card\" content=\"summary_large_image\" \/>\n<meta name=\"twitter:label1\" content=\"Est. reading time\" \/>\n\t<meta name=\"twitter:data1\" content=\"1 minut\u0117\" \/>\n<script type=\"application\/ld+json\" class=\"yoast-schema-graph\">{\"@context\":\"https:\\\/\\\/schema.org\",\"@graph\":[{\"@type\":\"WebPage\",\"@id\":\"https:\\\/\\\/anivet.lt\\\/elparduotuve\\\/produktas\\\/glycoflex-iii-papildas-sanariams-sunims\\\/\",\"url\":\"https:\\\/\\\/anivet.lt\\\/elparduotuve\\\/produktas\\\/glycoflex-iii-papildas-sanariams-sunims\\\/\",\"name\":\"Glycoflex III papildas s\u0105nariams \u0161unims - anivet.lt\",\"isPartOf\":{\"@id\":\"https:\\\/\\\/anivet.lt\\\/elparduotuve\\\/#website\"},\"primaryImageOfPage\":{\"@id\":\"https:\\\/\\\/anivet.lt\\\/elparduotuve\\\/produktas\\\/glycoflex-iii-papildas-sanariams-sunims\\\/#primaryimage\"},\"image\":{\"@id\":\"https:\\\/\\\/anivet.lt\\\/elparduotuve\\\/produktas\\\/glycoflex-iii-papildas-sanariams-sunims\\\/#primaryimage\"},\"thumbnailUrl\":\"https:\\\/\\\/anivet.lt\\\/elparduotuve\\\/wp-content\\\/uploads\\\/2025\\\/05\\\/Glycoflex-III-papildas-sanariams-sunims.jpg\",\"datePublished\":\"2025-05-17T08:40:27+00:00\",\"dateModified\":\"2026-04-27T09:40:23+00:00\",\"description\":\"GlycoFlex III \u2013 tai tre\u010dios kartos papildas \u0161unims, skirtas s\u0105nari\u0173 ir jungiamojo audinio funkcij\u0173 palaikymui. \u0160is produktas ypa\u010d rekomenduojamas senyviems, aktyviems ar po ortopedini\u0173 operacij\u0173 besigydantiems \u0161unims.\",\"breadcrumb\":{\"@id\":\"https:\\\/\\\/anivet.lt\\\/elparduotuve\\\/produktas\\\/glycoflex-iii-papildas-sanariams-sunims\\\/#breadcrumb\"},\"inLanguage\":\"lt-LT\",\"potentialAction\":[{\"@type\":\"ReadAction\",\"target\":[\"https:\\\/\\\/anivet.lt\\\/elparduotuve\\\/produktas\\\/glycoflex-iii-papildas-sanariams-sunims\\\/\"]}]},{\"@type\":\"ImageObject\",\"inLanguage\":\"lt-LT\",\"@id\":\"https:\\\/\\\/anivet.lt\\\/elparduotuve\\\/produktas\\\/glycoflex-iii-papildas-sanariams-sunims\\\/#primaryimage\",\"url\":\"https:\\\/\\\/anivet.lt\\\/elparduotuve\\\/wp-content\\\/uploads\\\/2025\\\/05\\\/Glycoflex-III-papildas-sanariams-sunims.jpg\",\"contentUrl\":\"https:\\\/\\\/anivet.lt\\\/elparduotuve\\\/wp-content\\\/uploads\\\/2025\\\/05\\\/Glycoflex-III-papildas-sanariams-sunims.jpg\",\"width\":650,\"height\":650,\"caption\":\"Glycoflex III papildas s\u0105nariams \u0161unims\"},{\"@type\":\"BreadcrumbList\",\"@id\":\"https:\\\/\\\/anivet.lt\\\/elparduotuve\\\/produktas\\\/glycoflex-iii-papildas-sanariams-sunims\\\/#breadcrumb\",\"itemListElement\":[{\"@type\":\"ListItem\",\"position\":1,\"name\":\"Home\",\"item\":\"https:\\\/\\\/anivet.lt\\\/elparduotuve\\\/\"},{\"@type\":\"ListItem\",\"position\":2,\"name\":\"Produktai\",\"item\":\"https:\\\/\\\/anivet.lt\\\/elparduotuve\\\/produktai\\\/\"},{\"@type\":\"ListItem\",\"position\":3,\"name\":\"Glycoflex III papildas s\u0105nariams \u0161unims\"}]},{\"@type\":\"WebSite\",\"@id\":\"https:\\\/\\\/anivet.lt\\\/elparduotuve\\\/#website\",\"url\":\"https:\\\/\\\/anivet.lt\\\/elparduotuve\\\/\",\"name\":\"anivet.lt\",\"description\":\"Viskas J\u016bs\u0173 \u0161uns, kat\u0117s prie\u017ei\u016brai\",\"publisher\":{\"@id\":\"https:\\\/\\\/anivet.lt\\\/elparduotuve\\\/#organization\"},\"alternateName\":\"Viskas J\u016bs\u0173 \u0161uns, kat\u0117s prie\u017ei\u016brai\",\"potentialAction\":[{\"@type\":\"SearchAction\",\"target\":{\"@type\":\"EntryPoint\",\"urlTemplate\":\"https:\\\/\\\/anivet.lt\\\/elparduotuve\\\/?s={search_term_string}\"},\"query-input\":{\"@type\":\"PropertyValueSpecification\",\"valueRequired\":true,\"valueName\":\"search_term_string\"}}],\"inLanguage\":\"lt-LT\"},{\"@type\":\"Organization\",\"@id\":\"https:\\\/\\\/anivet.lt\\\/elparduotuve\\\/#organization\",\"name\":\"Viskas J\u016bs\u0173 \u0161uns, kat\u0117s prie\u017ei\u016brai\",\"url\":\"https:\\\/\\\/anivet.lt\\\/elparduotuve\\\/\",\"logo\":{\"@type\":\"ImageObject\",\"inLanguage\":\"lt-LT\",\"@id\":\"https:\\\/\\\/anivet.lt\\\/elparduotuve\\\/#\\\/schema\\\/logo\\\/image\\\/\",\"url\":\"https:\\\/\\\/anivet.lt\\\/elparduotuve\\\/wp-content\\\/uploads\\\/2023\\\/06\\\/logo2.jpg\",\"contentUrl\":\"https:\\\/\\\/anivet.lt\\\/elparduotuve\\\/wp-content\\\/uploads\\\/2023\\\/06\\\/logo2.jpg\",\"width\":655,\"height\":194,\"caption\":\"Viskas J\u016bs\u0173 \u0161uns, kat\u0117s prie\u017ei\u016brai\"},\"image\":{\"@id\":\"https:\\\/\\\/anivet.lt\\\/elparduotuve\\\/#\\\/schema\\\/logo\\\/image\\\/\"}}]}<\/script>\n<!-- \/ Yoast SEO Premium plugin. -->","yoast_head_json":{"title":"Glycoflex III papildas s\u0105nariams \u0161unims - anivet.lt","description":"GlycoFlex III \u2013 tai tre\u010dios kartos papildas \u0161unims, skirtas s\u0105nari\u0173 ir jungiamojo audinio funkcij\u0173 palaikymui. \u0160is produktas ypa\u010d rekomenduojamas senyviems, aktyviems ar po ortopedini\u0173 operacij\u0173 besigydantiems \u0161unims.","robots":{"index":"index","follow":"follow","max-snippet":"max-snippet:-1","max-image-preview":"max-image-preview:large","max-video-preview":"max-video-preview:-1"},"canonical":"https:\/\/anivet.lt\/elparduotuve\/produktas\/glycoflex-iii-papildas-sanariams-sunims\/","og_locale":"lt_LT","og_type":"article","og_title":"Glycoflex III papildas s\u0105nariams \u0161unims","og_description":"GlycoFlex III \u2013 tai tre\u010dios kartos papildas \u0161unims, skirtas s\u0105nari\u0173 ir jungiamojo audinio funkcij\u0173 palaikymui. \u0160is produktas ypa\u010d rekomenduojamas senyviems, aktyviems ar po ortopedini\u0173 operacij\u0173 besigydantiems \u0161unims.","og_url":"https:\/\/anivet.lt\/elparduotuve\/produktas\/glycoflex-iii-papildas-sanariams-sunims\/","og_site_name":"anivet.lt","article_modified_time":"2026-04-27T09:40:23+00:00","og_image":[{"width":650,"height":650,"url":"https:\/\/anivet.lt\/elparduotuve\/wp-content\/uploads\/2025\/05\/Glycoflex-III-papildas-sanariams-sunims.jpg","type":"image\/jpeg"}],"twitter_card":"summary_large_image","twitter_misc":{"Est. reading time":"1 minut\u0117"},"schema":{"@context":"https:\/\/schema.org","@graph":[{"@type":"WebPage","@id":"https:\/\/anivet.lt\/elparduotuve\/produktas\/glycoflex-iii-papildas-sanariams-sunims\/","url":"https:\/\/anivet.lt\/elparduotuve\/produktas\/glycoflex-iii-papildas-sanariams-sunims\/","name":"Glycoflex III papildas s\u0105nariams \u0161unims - anivet.lt","isPartOf":{"@id":"https:\/\/anivet.lt\/elparduotuve\/#website"},"primaryImageOfPage":{"@id":"https:\/\/anivet.lt\/elparduotuve\/produktas\/glycoflex-iii-papildas-sanariams-sunims\/#primaryimage"},"image":{"@id":"https:\/\/anivet.lt\/elparduotuve\/produktas\/glycoflex-iii-papildas-sanariams-sunims\/#primaryimage"},"thumbnailUrl":"https:\/\/anivet.lt\/elparduotuve\/wp-content\/uploads\/2025\/05\/Glycoflex-III-papildas-sanariams-sunims.jpg","datePublished":"2025-05-17T08:40:27+00:00","dateModified":"2026-04-27T09:40:23+00:00","description":"GlycoFlex III \u2013 tai tre\u010dios kartos papildas \u0161unims, skirtas s\u0105nari\u0173 ir jungiamojo audinio funkcij\u0173 palaikymui. \u0160is produktas ypa\u010d rekomenduojamas senyviems, aktyviems ar po ortopedini\u0173 operacij\u0173 besigydantiems \u0161unims.","breadcrumb":{"@id":"https:\/\/anivet.lt\/elparduotuve\/produktas\/glycoflex-iii-papildas-sanariams-sunims\/#breadcrumb"},"inLanguage":"lt-LT","potentialAction":[{"@type":"ReadAction","target":["https:\/\/anivet.lt\/elparduotuve\/produktas\/glycoflex-iii-papildas-sanariams-sunims\/"]}]},{"@type":"ImageObject","inLanguage":"lt-LT","@id":"https:\/\/anivet.lt\/elparduotuve\/produktas\/glycoflex-iii-papildas-sanariams-sunims\/#primaryimage","url":"https:\/\/anivet.lt\/elparduotuve\/wp-content\/uploads\/2025\/05\/Glycoflex-III-papildas-sanariams-sunims.jpg","contentUrl":"https:\/\/anivet.lt\/elparduotuve\/wp-content\/uploads\/2025\/05\/Glycoflex-III-papildas-sanariams-sunims.jpg","width":650,"height":650,"caption":"Glycoflex III papildas s\u0105nariams \u0161unims"},{"@type":"BreadcrumbList","@id":"https:\/\/anivet.lt\/elparduotuve\/produktas\/glycoflex-iii-papildas-sanariams-sunims\/#breadcrumb","itemListElement":[{"@type":"ListItem","position":1,"name":"Home","item":"https:\/\/anivet.lt\/elparduotuve\/"},{"@type":"ListItem","position":2,"name":"Produktai","item":"https:\/\/anivet.lt\/elparduotuve\/produktai\/"},{"@type":"ListItem","position":3,"name":"Glycoflex III papildas s\u0105nariams \u0161unims"}]},{"@type":"WebSite","@id":"https:\/\/anivet.lt\/elparduotuve\/#website","url":"https:\/\/anivet.lt\/elparduotuve\/","name":"anivet.lt","description":"Viskas J\u016bs\u0173 \u0161uns, kat\u0117s prie\u017ei\u016brai","publisher":{"@id":"https:\/\/anivet.lt\/elparduotuve\/#organization"},"alternateName":"Viskas J\u016bs\u0173 \u0161uns, kat\u0117s prie\u017ei\u016brai","potentialAction":[{"@type":"SearchAction","target":{"@type":"EntryPoint","urlTemplate":"https:\/\/anivet.lt\/elparduotuve\/?s={search_term_string}"},"query-input":{"@type":"PropertyValueSpecification","valueRequired":true,"valueName":"search_term_string"}}],"inLanguage":"lt-LT"},{"@type":"Organization","@id":"https:\/\/anivet.lt\/elparduotuve\/#organization","name":"Viskas J\u016bs\u0173 \u0161uns, kat\u0117s prie\u017ei\u016brai","url":"https:\/\/anivet.lt\/elparduotuve\/","logo":{"@type":"ImageObject","inLanguage":"lt-LT","@id":"https:\/\/anivet.lt\/elparduotuve\/#\/schema\/logo\/image\/","url":"https:\/\/anivet.lt\/elparduotuve\/wp-content\/uploads\/2023\/06\/logo2.jpg","contentUrl":"https:\/\/anivet.lt\/elparduotuve\/wp-content\/uploads\/2023\/06\/logo2.jpg","width":655,"height":194,"caption":"Viskas J\u016bs\u0173 \u0161uns, kat\u0117s prie\u017ei\u016brai"},"image":{"@id":"https:\/\/anivet.lt\/elparduotuve\/#\/schema\/logo\/image\/"}}]}},"_links":{"self":[{"href":"https:\/\/anivet.lt\/elparduotuve\/wp-json\/wp\/v2\/product\/17713","targetHints":{"allow":["GET"]}}],"collection":[{"href":"https:\/\/anivet.lt\/elparduotuve\/wp-json\/wp\/v2\/product"}],"about":[{"href":"https:\/\/anivet.lt\/elparduotuve\/wp-json\/wp\/v2\/types\/product"}],"wp:featuredmedia":[{"embeddable":true,"href":"https:\/\/anivet.lt\/elparduotuve\/wp-json\/wp\/v2\/media\/17714"}],"wp:attachment":[{"href":"https:\/\/anivet.lt\/elparduotuve\/wp-json\/wp\/v2\/media?parent=17713"}],"wp:term":[{"taxonomy":"product_brand","embeddable":true,"href":"https:\/\/anivet.lt\/elparduotuve\/wp-json\/wp\/v2\/product_brand?post=17713"},{"taxonomy":"product_cat","embeddable":true,"href":"https:\/\/anivet.lt\/elparduotuve\/wp-json\/wp\/v2\/product_cat?post=17713"},{"taxonomy":"product_tag","embeddable":true,"href":"https:\/\/anivet.lt\/elparduotuve\/wp-json\/wp\/v2\/product_tag?post=17713"}],"curies":[{"name":"wp","href":"https:\/\/api.w.org\/{rel}","templated":true}]}}