{"id":17724,"date":"2025-05-17T09:11:50","date_gmt":"2025-05-17T09:11:50","guid":{"rendered":"https:\/\/anivet.lt\/elparduotuve\/?post_type=product&#038;p=17724"},"modified":"2026-03-10T07:41:13","modified_gmt":"2026-03-10T07:41:13","slug":"jgard-sanariams-dietinis-pasaro-papildas-sunims-n160","status":"publish","type":"product","link":"https:\/\/anivet.lt\/elparduotuve\/produktas\/jgard-sanariams-dietinis-pasaro-papildas-sunims-n160\/","title":{"rendered":"jGARD s\u0105nariams dietinis pa\u0161aro papildas \u0161unims N160"},"content":{"rendered":"<p>Palengvina klinikinius osteartrito po\u017eymius, ypa\u010d tokius kaip skausmas ir nenormalus k\u0117limasis. Gliukozaminas ir chondroitinas gali suteikti profilakti\u0161k\u0105 apsaug\u0105 nuo sinovit\u0173 ir sul\u0117tinti degeneracin\u012f s\u0105nario kremzl\u0117s proces\u0105. Omega \u2013 3 riebal\u0173 r\u016bg\u0161tys (DHA ir EPA) gali suma\u017einti u\u017edegim\u0105 ir artrito simptomus.<\/p>\n","protected":false},"excerpt":{"rendered":"<p>Pa\u0161aro papildas \u0161unims s\u0105nari\u0173 funkcijai ir judrumui palaikyti.<\/p>\n","protected":false},"featured_media":17725,"template":"","meta":[],"product_brand":[],"product_cat":[101,113],"product_tag":[],"class_list":{"0":"post-17724","1":"product","2":"type-product","3":"status-publish","4":"has-post-thumbnail","6":"product_cat-sunims","7":"product_cat-vitaminai-ir-papildai","8":"pa_prekinis-zenklas-jgard","10":"first","11":"outofstock","12":"taxable","13":"shipping-taxable","14":"purchasable","15":"product-type-simple"},"yoast_head":"<!-- This site is optimized with the Yoast SEO Premium plugin v27.1 (Yoast SEO v27.5) - https:\/\/yoast.com\/product\/yoast-seo-premium-wordpress\/ -->\n<title>jGARD s\u0105nariams dietinis pa\u0161aro papildas \u0161unims N160 - anivet.lt<\/title>\n<meta name=\"description\" content=\"Pa\u0161aro papildas \u0161unims s\u0105nari\u0173 funkcijai ir judrumui palaikyti.\" \/>\n<meta name=\"robots\" content=\"index, follow, max-snippet:-1, max-image-preview:large, max-video-preview:-1\" \/>\n<link rel=\"canonical\" href=\"https:\/\/anivet.lt\/elparduotuve\/produktas\/jgard-sanariams-dietinis-pasaro-papildas-sunims-n160\/\" \/>\n<meta property=\"og:locale\" content=\"lt_LT\" \/>\n<meta property=\"og:type\" content=\"article\" \/>\n<meta property=\"og:title\" content=\"jGARD s\u0105nariams dietinis pa\u0161aro papildas \u0161unims N160\" \/>\n<meta property=\"og:description\" content=\"Pa\u0161aro papildas \u0161unims s\u0105nari\u0173 funkcijai ir judrumui palaikyti.\" \/>\n<meta property=\"og:url\" content=\"https:\/\/anivet.lt\/elparduotuve\/produktas\/jgard-sanariams-dietinis-pasaro-papildas-sunims-n160\/\" \/>\n<meta property=\"og:site_name\" content=\"anivet.lt\" \/>\n<meta property=\"article:modified_time\" content=\"2026-03-10T07:41:13+00:00\" \/>\n<meta property=\"og:image\" content=\"https:\/\/anivet.lt\/elparduotuve\/wp-content\/uploads\/2025\/05\/jGARD-sanariams-dietinis-pasaro-papildas-sunims-N160.jpg\" \/>\n\t<meta property=\"og:image:width\" content=\"650\" \/>\n\t<meta property=\"og:image:height\" content=\"650\" \/>\n\t<meta property=\"og:image:type\" content=\"image\/jpeg\" \/>\n<meta name=\"twitter:card\" content=\"summary_large_image\" \/>\n<meta name=\"twitter:label1\" content=\"Est. reading time\" \/>\n\t<meta name=\"twitter:data1\" content=\"1 minut\u0117\" \/>\n<script type=\"application\/ld+json\" class=\"yoast-schema-graph\">{\"@context\":\"https:\\\/\\\/schema.org\",\"@graph\":[{\"@type\":\"WebPage\",\"@id\":\"https:\\\/\\\/anivet.lt\\\/elparduotuve\\\/produktas\\\/jgard-sanariams-dietinis-pasaro-papildas-sunims-n160\\\/\",\"url\":\"https:\\\/\\\/anivet.lt\\\/elparduotuve\\\/produktas\\\/jgard-sanariams-dietinis-pasaro-papildas-sunims-n160\\\/\",\"name\":\"jGARD s\u0105nariams dietinis pa\u0161aro papildas \u0161unims N160 - anivet.lt\",\"isPartOf\":{\"@id\":\"https:\\\/\\\/anivet.lt\\\/elparduotuve\\\/#website\"},\"primaryImageOfPage\":{\"@id\":\"https:\\\/\\\/anivet.lt\\\/elparduotuve\\\/produktas\\\/jgard-sanariams-dietinis-pasaro-papildas-sunims-n160\\\/#primaryimage\"},\"image\":{\"@id\":\"https:\\\/\\\/anivet.lt\\\/elparduotuve\\\/produktas\\\/jgard-sanariams-dietinis-pasaro-papildas-sunims-n160\\\/#primaryimage\"},\"thumbnailUrl\":\"https:\\\/\\\/anivet.lt\\\/elparduotuve\\\/wp-content\\\/uploads\\\/2025\\\/05\\\/jGARD-sanariams-dietinis-pasaro-papildas-sunims-N160.jpg\",\"datePublished\":\"2025-05-17T09:11:50+00:00\",\"dateModified\":\"2026-03-10T07:41:13+00:00\",\"description\":\"Pa\u0161aro papildas \u0161unims s\u0105nari\u0173 funkcijai ir judrumui palaikyti.\",\"breadcrumb\":{\"@id\":\"https:\\\/\\\/anivet.lt\\\/elparduotuve\\\/produktas\\\/jgard-sanariams-dietinis-pasaro-papildas-sunims-n160\\\/#breadcrumb\"},\"inLanguage\":\"lt-LT\",\"potentialAction\":[{\"@type\":\"ReadAction\",\"target\":[\"https:\\\/\\\/anivet.lt\\\/elparduotuve\\\/produktas\\\/jgard-sanariams-dietinis-pasaro-papildas-sunims-n160\\\/\"]}]},{\"@type\":\"ImageObject\",\"inLanguage\":\"lt-LT\",\"@id\":\"https:\\\/\\\/anivet.lt\\\/elparduotuve\\\/produktas\\\/jgard-sanariams-dietinis-pasaro-papildas-sunims-n160\\\/#primaryimage\",\"url\":\"https:\\\/\\\/anivet.lt\\\/elparduotuve\\\/wp-content\\\/uploads\\\/2025\\\/05\\\/jGARD-sanariams-dietinis-pasaro-papildas-sunims-N160.jpg\",\"contentUrl\":\"https:\\\/\\\/anivet.lt\\\/elparduotuve\\\/wp-content\\\/uploads\\\/2025\\\/05\\\/jGARD-sanariams-dietinis-pasaro-papildas-sunims-N160.jpg\",\"width\":650,\"height\":650,\"caption\":\"jGARD s\u0105nariams dietinis pa\u0161aro papildas \u0161unims N160\"},{\"@type\":\"BreadcrumbList\",\"@id\":\"https:\\\/\\\/anivet.lt\\\/elparduotuve\\\/produktas\\\/jgard-sanariams-dietinis-pasaro-papildas-sunims-n160\\\/#breadcrumb\",\"itemListElement\":[{\"@type\":\"ListItem\",\"position\":1,\"name\":\"Home\",\"item\":\"https:\\\/\\\/anivet.lt\\\/elparduotuve\\\/\"},{\"@type\":\"ListItem\",\"position\":2,\"name\":\"Produktai\",\"item\":\"https:\\\/\\\/anivet.lt\\\/elparduotuve\\\/produktai\\\/\"},{\"@type\":\"ListItem\",\"position\":3,\"name\":\"jGARD s\u0105nariams dietinis pa\u0161aro papildas \u0161unims N160\"}]},{\"@type\":\"WebSite\",\"@id\":\"https:\\\/\\\/anivet.lt\\\/elparduotuve\\\/#website\",\"url\":\"https:\\\/\\\/anivet.lt\\\/elparduotuve\\\/\",\"name\":\"anivet.lt\",\"description\":\"Viskas J\u016bs\u0173 \u0161uns, kat\u0117s prie\u017ei\u016brai\",\"publisher\":{\"@id\":\"https:\\\/\\\/anivet.lt\\\/elparduotuve\\\/#organization\"},\"alternateName\":\"Viskas J\u016bs\u0173 \u0161uns, kat\u0117s prie\u017ei\u016brai\",\"potentialAction\":[{\"@type\":\"SearchAction\",\"target\":{\"@type\":\"EntryPoint\",\"urlTemplate\":\"https:\\\/\\\/anivet.lt\\\/elparduotuve\\\/?s={search_term_string}\"},\"query-input\":{\"@type\":\"PropertyValueSpecification\",\"valueRequired\":true,\"valueName\":\"search_term_string\"}}],\"inLanguage\":\"lt-LT\"},{\"@type\":\"Organization\",\"@id\":\"https:\\\/\\\/anivet.lt\\\/elparduotuve\\\/#organization\",\"name\":\"Viskas J\u016bs\u0173 \u0161uns, kat\u0117s prie\u017ei\u016brai\",\"url\":\"https:\\\/\\\/anivet.lt\\\/elparduotuve\\\/\",\"logo\":{\"@type\":\"ImageObject\",\"inLanguage\":\"lt-LT\",\"@id\":\"https:\\\/\\\/anivet.lt\\\/elparduotuve\\\/#\\\/schema\\\/logo\\\/image\\\/\",\"url\":\"https:\\\/\\\/anivet.lt\\\/elparduotuve\\\/wp-content\\\/uploads\\\/2023\\\/06\\\/logo2.jpg\",\"contentUrl\":\"https:\\\/\\\/anivet.lt\\\/elparduotuve\\\/wp-content\\\/uploads\\\/2023\\\/06\\\/logo2.jpg\",\"width\":655,\"height\":194,\"caption\":\"Viskas J\u016bs\u0173 \u0161uns, kat\u0117s prie\u017ei\u016brai\"},\"image\":{\"@id\":\"https:\\\/\\\/anivet.lt\\\/elparduotuve\\\/#\\\/schema\\\/logo\\\/image\\\/\"}}]}<\/script>\n<!-- \/ Yoast SEO Premium plugin. -->","yoast_head_json":{"title":"jGARD s\u0105nariams dietinis pa\u0161aro papildas \u0161unims N160 - anivet.lt","description":"Pa\u0161aro papildas \u0161unims s\u0105nari\u0173 funkcijai ir judrumui palaikyti.","robots":{"index":"index","follow":"follow","max-snippet":"max-snippet:-1","max-image-preview":"max-image-preview:large","max-video-preview":"max-video-preview:-1"},"canonical":"https:\/\/anivet.lt\/elparduotuve\/produktas\/jgard-sanariams-dietinis-pasaro-papildas-sunims-n160\/","og_locale":"lt_LT","og_type":"article","og_title":"jGARD s\u0105nariams dietinis pa\u0161aro papildas \u0161unims N160","og_description":"Pa\u0161aro papildas \u0161unims s\u0105nari\u0173 funkcijai ir judrumui palaikyti.","og_url":"https:\/\/anivet.lt\/elparduotuve\/produktas\/jgard-sanariams-dietinis-pasaro-papildas-sunims-n160\/","og_site_name":"anivet.lt","article_modified_time":"2026-03-10T07:41:13+00:00","og_image":[{"width":650,"height":650,"url":"https:\/\/anivet.lt\/elparduotuve\/wp-content\/uploads\/2025\/05\/jGARD-sanariams-dietinis-pasaro-papildas-sunims-N160.jpg","type":"image\/jpeg"}],"twitter_card":"summary_large_image","twitter_misc":{"Est. reading time":"1 minut\u0117"},"schema":{"@context":"https:\/\/schema.org","@graph":[{"@type":"WebPage","@id":"https:\/\/anivet.lt\/elparduotuve\/produktas\/jgard-sanariams-dietinis-pasaro-papildas-sunims-n160\/","url":"https:\/\/anivet.lt\/elparduotuve\/produktas\/jgard-sanariams-dietinis-pasaro-papildas-sunims-n160\/","name":"jGARD s\u0105nariams dietinis pa\u0161aro papildas \u0161unims N160 - anivet.lt","isPartOf":{"@id":"https:\/\/anivet.lt\/elparduotuve\/#website"},"primaryImageOfPage":{"@id":"https:\/\/anivet.lt\/elparduotuve\/produktas\/jgard-sanariams-dietinis-pasaro-papildas-sunims-n160\/#primaryimage"},"image":{"@id":"https:\/\/anivet.lt\/elparduotuve\/produktas\/jgard-sanariams-dietinis-pasaro-papildas-sunims-n160\/#primaryimage"},"thumbnailUrl":"https:\/\/anivet.lt\/elparduotuve\/wp-content\/uploads\/2025\/05\/jGARD-sanariams-dietinis-pasaro-papildas-sunims-N160.jpg","datePublished":"2025-05-17T09:11:50+00:00","dateModified":"2026-03-10T07:41:13+00:00","description":"Pa\u0161aro papildas \u0161unims s\u0105nari\u0173 funkcijai ir judrumui palaikyti.","breadcrumb":{"@id":"https:\/\/anivet.lt\/elparduotuve\/produktas\/jgard-sanariams-dietinis-pasaro-papildas-sunims-n160\/#breadcrumb"},"inLanguage":"lt-LT","potentialAction":[{"@type":"ReadAction","target":["https:\/\/anivet.lt\/elparduotuve\/produktas\/jgard-sanariams-dietinis-pasaro-papildas-sunims-n160\/"]}]},{"@type":"ImageObject","inLanguage":"lt-LT","@id":"https:\/\/anivet.lt\/elparduotuve\/produktas\/jgard-sanariams-dietinis-pasaro-papildas-sunims-n160\/#primaryimage","url":"https:\/\/anivet.lt\/elparduotuve\/wp-content\/uploads\/2025\/05\/jGARD-sanariams-dietinis-pasaro-papildas-sunims-N160.jpg","contentUrl":"https:\/\/anivet.lt\/elparduotuve\/wp-content\/uploads\/2025\/05\/jGARD-sanariams-dietinis-pasaro-papildas-sunims-N160.jpg","width":650,"height":650,"caption":"jGARD s\u0105nariams dietinis pa\u0161aro papildas \u0161unims N160"},{"@type":"BreadcrumbList","@id":"https:\/\/anivet.lt\/elparduotuve\/produktas\/jgard-sanariams-dietinis-pasaro-papildas-sunims-n160\/#breadcrumb","itemListElement":[{"@type":"ListItem","position":1,"name":"Home","item":"https:\/\/anivet.lt\/elparduotuve\/"},{"@type":"ListItem","position":2,"name":"Produktai","item":"https:\/\/anivet.lt\/elparduotuve\/produktai\/"},{"@type":"ListItem","position":3,"name":"jGARD s\u0105nariams dietinis pa\u0161aro papildas \u0161unims N160"}]},{"@type":"WebSite","@id":"https:\/\/anivet.lt\/elparduotuve\/#website","url":"https:\/\/anivet.lt\/elparduotuve\/","name":"anivet.lt","description":"Viskas J\u016bs\u0173 \u0161uns, kat\u0117s prie\u017ei\u016brai","publisher":{"@id":"https:\/\/anivet.lt\/elparduotuve\/#organization"},"alternateName":"Viskas J\u016bs\u0173 \u0161uns, kat\u0117s prie\u017ei\u016brai","potentialAction":[{"@type":"SearchAction","target":{"@type":"EntryPoint","urlTemplate":"https:\/\/anivet.lt\/elparduotuve\/?s={search_term_string}"},"query-input":{"@type":"PropertyValueSpecification","valueRequired":true,"valueName":"search_term_string"}}],"inLanguage":"lt-LT"},{"@type":"Organization","@id":"https:\/\/anivet.lt\/elparduotuve\/#organization","name":"Viskas J\u016bs\u0173 \u0161uns, kat\u0117s prie\u017ei\u016brai","url":"https:\/\/anivet.lt\/elparduotuve\/","logo":{"@type":"ImageObject","inLanguage":"lt-LT","@id":"https:\/\/anivet.lt\/elparduotuve\/#\/schema\/logo\/image\/","url":"https:\/\/anivet.lt\/elparduotuve\/wp-content\/uploads\/2023\/06\/logo2.jpg","contentUrl":"https:\/\/anivet.lt\/elparduotuve\/wp-content\/uploads\/2023\/06\/logo2.jpg","width":655,"height":194,"caption":"Viskas J\u016bs\u0173 \u0161uns, kat\u0117s prie\u017ei\u016brai"},"image":{"@id":"https:\/\/anivet.lt\/elparduotuve\/#\/schema\/logo\/image\/"}}]}},"_links":{"self":[{"href":"https:\/\/anivet.lt\/elparduotuve\/wp-json\/wp\/v2\/product\/17724","targetHints":{"allow":["GET"]}}],"collection":[{"href":"https:\/\/anivet.lt\/elparduotuve\/wp-json\/wp\/v2\/product"}],"about":[{"href":"https:\/\/anivet.lt\/elparduotuve\/wp-json\/wp\/v2\/types\/product"}],"wp:featuredmedia":[{"embeddable":true,"href":"https:\/\/anivet.lt\/elparduotuve\/wp-json\/wp\/v2\/media\/17725"}],"wp:attachment":[{"href":"https:\/\/anivet.lt\/elparduotuve\/wp-json\/wp\/v2\/media?parent=17724"}],"wp:term":[{"taxonomy":"product_brand","embeddable":true,"href":"https:\/\/anivet.lt\/elparduotuve\/wp-json\/wp\/v2\/product_brand?post=17724"},{"taxonomy":"product_cat","embeddable":true,"href":"https:\/\/anivet.lt\/elparduotuve\/wp-json\/wp\/v2\/product_cat?post=17724"},{"taxonomy":"product_tag","embeddable":true,"href":"https:\/\/anivet.lt\/elparduotuve\/wp-json\/wp\/v2\/product_tag?post=17724"}],"curies":[{"name":"wp","href":"https:\/\/api.w.org\/{rel}","templated":true}]}}