{"id":17734,"date":"2025-05-17T10:15:48","date_gmt":"2025-05-17T10:15:48","guid":{"rendered":"https:\/\/anivet.lt\/elparduotuve\/?post_type=product&#038;p=17734"},"modified":"2025-05-27T13:40:48","modified_gmt":"2025-05-27T13:40:48","slug":"belocat-tofu-original-100-naturalus-kraikas-6l-25kg","status":"publish","type":"product","link":"https:\/\/anivet.lt\/elparduotuve\/produktas\/belocat-tofu-original-100-naturalus-kraikas-6l-25kg\/","title":{"rendered":"Belocat TOFU (Original) 100% NAT\u016aRALUS KRAIKAS 6L\/2,5Kg."},"content":{"rendered":"<p>TOFU<strong>\u00a0<\/strong>\u2013 pagamintas i\u0161\u00a0100% soj\u0173 milt\u0173, be joki\u0173 sintetini\u0173 pried\u0173 ir da\u017eikli\u0173.\u00a0TOFU ka\u010di\u0173 kraikas\u00a0greitai sugeria dr\u0117gm\u0119 ir neutralizuoja nemalonius kvapus. Jis yra ypa\u010d \u0161velnus jautrioms j\u016bs\u0173 kat\u0117s p\u0117dut\u0117ms. Gav\u0119s dr\u0117gm\u0117s \u0161is kraikas su\u0161oka \u012f kietus grumstelius, kuriuos lengvai ir greitai pa\u0161alinsite i\u0161 kat\u0117s tualeto.<\/p>\n","protected":false},"excerpt":{"rendered":"<p>TOFU\u00a0\u2013 pagamintas i\u0161\u00a0100% soj\u0173 milt\u0173, be joki\u0173 sintetini\u0173 pried\u0173 ir da\u017eikli\u0173.\u00a0TOFU ka\u010di\u0173 kraikas\u00a0greitai sugeria dr\u0117gm\u0119 ir neutralizuoja nemalonius kvapus. Jis<\/p>\n","protected":false},"featured_media":17735,"template":"","meta":[],"product_brand":[],"product_cat":[102,119,228],"product_tag":[],"class_list":{"0":"post-17734","1":"product","2":"type-product","3":"status-publish","4":"has-post-thumbnail","6":"product_cat-katems","7":"product_cat-prieziuros-priemones-katems","8":"product_cat-kraikas","9":"pa_prekinis-zenklas-belocat","11":"first","12":"instock","13":"taxable","14":"shipping-taxable","15":"purchasable","16":"product-type-simple"},"yoast_head":"<!-- This site is optimized with the Yoast SEO Premium plugin v27.1 (Yoast SEO v27.5) - https:\/\/yoast.com\/product\/yoast-seo-premium-wordpress\/ -->\n<title>Belocat TOFU (Original) 100% NAT\u016aRALUS KRAIKAS 6L\/2,5Kg. - anivet.lt<\/title>\n<meta name=\"description\" content=\"TOFU\u00a0\u2013 pagamintas i\u0161\u00a0100% soj\u0173 milt\u0173, be joki\u0173 sintetini\u0173 pried\u0173 ir da\u017eikli\u0173.\u00a0TOFU ka\u010di\u0173 kraikas\u00a0greitai sugeria dr\u0117gm\u0119 ir neutralizuoja nemalonius\" \/>\n<meta name=\"robots\" content=\"index, follow, max-snippet:-1, max-image-preview:large, max-video-preview:-1\" \/>\n<link rel=\"canonical\" href=\"https:\/\/anivet.lt\/elparduotuve\/produktas\/belocat-tofu-original-100-naturalus-kraikas-6l-25kg\/\" \/>\n<meta property=\"og:locale\" content=\"lt_LT\" \/>\n<meta property=\"og:type\" content=\"article\" \/>\n<meta property=\"og:title\" content=\"Belocat TOFU (Original) 100% NAT\u016aRALUS KRAIKAS 6L\/2,5Kg.\" \/>\n<meta property=\"og:description\" content=\"TOFU\u00a0\u2013 pagamintas i\u0161\u00a0100% soj\u0173 milt\u0173, be joki\u0173 sintetini\u0173 pried\u0173 ir da\u017eikli\u0173.\u00a0TOFU ka\u010di\u0173 kraikas\u00a0greitai sugeria dr\u0117gm\u0119 ir neutralizuoja nemalonius\" \/>\n<meta property=\"og:url\" content=\"https:\/\/anivet.lt\/elparduotuve\/produktas\/belocat-tofu-original-100-naturalus-kraikas-6l-25kg\/\" \/>\n<meta property=\"og:site_name\" content=\"anivet.lt\" \/>\n<meta property=\"article:modified_time\" content=\"2025-05-27T13:40:48+00:00\" \/>\n<meta property=\"og:image\" content=\"https:\/\/anivet.lt\/elparduotuve\/wp-content\/uploads\/2025\/05\/BeloCat-Original-tofu-kraikas.jpg\" \/>\n\t<meta property=\"og:image:width\" content=\"650\" \/>\n\t<meta property=\"og:image:height\" content=\"834\" \/>\n\t<meta property=\"og:image:type\" content=\"image\/jpeg\" \/>\n<meta name=\"twitter:card\" content=\"summary_large_image\" \/>\n<meta name=\"twitter:label1\" content=\"Est. reading time\" \/>\n\t<meta name=\"twitter:data1\" content=\"1 minut\u0117\" \/>\n<script type=\"application\/ld+json\" class=\"yoast-schema-graph\">{\"@context\":\"https:\\\/\\\/schema.org\",\"@graph\":[{\"@type\":\"WebPage\",\"@id\":\"https:\\\/\\\/anivet.lt\\\/elparduotuve\\\/produktas\\\/belocat-tofu-original-100-naturalus-kraikas-6l-25kg\\\/\",\"url\":\"https:\\\/\\\/anivet.lt\\\/elparduotuve\\\/produktas\\\/belocat-tofu-original-100-naturalus-kraikas-6l-25kg\\\/\",\"name\":\"Belocat TOFU (Original) 100% NAT\u016aRALUS KRAIKAS 6L\\\/2,5Kg. - anivet.lt\",\"isPartOf\":{\"@id\":\"https:\\\/\\\/anivet.lt\\\/elparduotuve\\\/#website\"},\"primaryImageOfPage\":{\"@id\":\"https:\\\/\\\/anivet.lt\\\/elparduotuve\\\/produktas\\\/belocat-tofu-original-100-naturalus-kraikas-6l-25kg\\\/#primaryimage\"},\"image\":{\"@id\":\"https:\\\/\\\/anivet.lt\\\/elparduotuve\\\/produktas\\\/belocat-tofu-original-100-naturalus-kraikas-6l-25kg\\\/#primaryimage\"},\"thumbnailUrl\":\"https:\\\/\\\/anivet.lt\\\/elparduotuve\\\/wp-content\\\/uploads\\\/2025\\\/05\\\/BeloCat-Original-tofu-kraikas.jpg\",\"datePublished\":\"2025-05-17T10:15:48+00:00\",\"dateModified\":\"2025-05-27T13:40:48+00:00\",\"description\":\"TOFU\u00a0\u2013 pagamintas i\u0161\u00a0100% soj\u0173 milt\u0173, be joki\u0173 sintetini\u0173 pried\u0173 ir da\u017eikli\u0173.\u00a0TOFU ka\u010di\u0173 kraikas\u00a0greitai sugeria dr\u0117gm\u0119 ir neutralizuoja nemalonius\",\"breadcrumb\":{\"@id\":\"https:\\\/\\\/anivet.lt\\\/elparduotuve\\\/produktas\\\/belocat-tofu-original-100-naturalus-kraikas-6l-25kg\\\/#breadcrumb\"},\"inLanguage\":\"lt-LT\",\"potentialAction\":[{\"@type\":\"ReadAction\",\"target\":[\"https:\\\/\\\/anivet.lt\\\/elparduotuve\\\/produktas\\\/belocat-tofu-original-100-naturalus-kraikas-6l-25kg\\\/\"]}]},{\"@type\":\"ImageObject\",\"inLanguage\":\"lt-LT\",\"@id\":\"https:\\\/\\\/anivet.lt\\\/elparduotuve\\\/produktas\\\/belocat-tofu-original-100-naturalus-kraikas-6l-25kg\\\/#primaryimage\",\"url\":\"https:\\\/\\\/anivet.lt\\\/elparduotuve\\\/wp-content\\\/uploads\\\/2025\\\/05\\\/BeloCat-Original-tofu-kraikas.jpg\",\"contentUrl\":\"https:\\\/\\\/anivet.lt\\\/elparduotuve\\\/wp-content\\\/uploads\\\/2025\\\/05\\\/BeloCat-Original-tofu-kraikas.jpg\",\"width\":650,\"height\":834,\"caption\":\"Belocat TOFU (Original) 100% NAT\u016aRALUS KRAIKAS 6L\\\/2,5Kg.\"},{\"@type\":\"BreadcrumbList\",\"@id\":\"https:\\\/\\\/anivet.lt\\\/elparduotuve\\\/produktas\\\/belocat-tofu-original-100-naturalus-kraikas-6l-25kg\\\/#breadcrumb\",\"itemListElement\":[{\"@type\":\"ListItem\",\"position\":1,\"name\":\"Home\",\"item\":\"https:\\\/\\\/anivet.lt\\\/elparduotuve\\\/\"},{\"@type\":\"ListItem\",\"position\":2,\"name\":\"Produktai\",\"item\":\"https:\\\/\\\/anivet.lt\\\/elparduotuve\\\/produktai\\\/\"},{\"@type\":\"ListItem\",\"position\":3,\"name\":\"Belocat TOFU (Original) 100% NAT\u016aRALUS KRAIKAS 6L\\\/2,5Kg.\"}]},{\"@type\":\"WebSite\",\"@id\":\"https:\\\/\\\/anivet.lt\\\/elparduotuve\\\/#website\",\"url\":\"https:\\\/\\\/anivet.lt\\\/elparduotuve\\\/\",\"name\":\"anivet.lt\",\"description\":\"Viskas J\u016bs\u0173 \u0161uns, kat\u0117s prie\u017ei\u016brai\",\"publisher\":{\"@id\":\"https:\\\/\\\/anivet.lt\\\/elparduotuve\\\/#organization\"},\"alternateName\":\"Viskas J\u016bs\u0173 \u0161uns, kat\u0117s prie\u017ei\u016brai\",\"potentialAction\":[{\"@type\":\"SearchAction\",\"target\":{\"@type\":\"EntryPoint\",\"urlTemplate\":\"https:\\\/\\\/anivet.lt\\\/elparduotuve\\\/?s={search_term_string}\"},\"query-input\":{\"@type\":\"PropertyValueSpecification\",\"valueRequired\":true,\"valueName\":\"search_term_string\"}}],\"inLanguage\":\"lt-LT\"},{\"@type\":\"Organization\",\"@id\":\"https:\\\/\\\/anivet.lt\\\/elparduotuve\\\/#organization\",\"name\":\"Viskas J\u016bs\u0173 \u0161uns, kat\u0117s prie\u017ei\u016brai\",\"url\":\"https:\\\/\\\/anivet.lt\\\/elparduotuve\\\/\",\"logo\":{\"@type\":\"ImageObject\",\"inLanguage\":\"lt-LT\",\"@id\":\"https:\\\/\\\/anivet.lt\\\/elparduotuve\\\/#\\\/schema\\\/logo\\\/image\\\/\",\"url\":\"https:\\\/\\\/anivet.lt\\\/elparduotuve\\\/wp-content\\\/uploads\\\/2023\\\/06\\\/logo2.jpg\",\"contentUrl\":\"https:\\\/\\\/anivet.lt\\\/elparduotuve\\\/wp-content\\\/uploads\\\/2023\\\/06\\\/logo2.jpg\",\"width\":655,\"height\":194,\"caption\":\"Viskas J\u016bs\u0173 \u0161uns, kat\u0117s prie\u017ei\u016brai\"},\"image\":{\"@id\":\"https:\\\/\\\/anivet.lt\\\/elparduotuve\\\/#\\\/schema\\\/logo\\\/image\\\/\"}}]}<\/script>\n<!-- \/ Yoast SEO Premium plugin. -->","yoast_head_json":{"title":"Belocat TOFU (Original) 100% NAT\u016aRALUS KRAIKAS 6L\/2,5Kg. - anivet.lt","description":"TOFU\u00a0\u2013 pagamintas i\u0161\u00a0100% soj\u0173 milt\u0173, be joki\u0173 sintetini\u0173 pried\u0173 ir da\u017eikli\u0173.\u00a0TOFU ka\u010di\u0173 kraikas\u00a0greitai sugeria dr\u0117gm\u0119 ir neutralizuoja nemalonius","robots":{"index":"index","follow":"follow","max-snippet":"max-snippet:-1","max-image-preview":"max-image-preview:large","max-video-preview":"max-video-preview:-1"},"canonical":"https:\/\/anivet.lt\/elparduotuve\/produktas\/belocat-tofu-original-100-naturalus-kraikas-6l-25kg\/","og_locale":"lt_LT","og_type":"article","og_title":"Belocat TOFU (Original) 100% NAT\u016aRALUS KRAIKAS 6L\/2,5Kg.","og_description":"TOFU\u00a0\u2013 pagamintas i\u0161\u00a0100% soj\u0173 milt\u0173, be joki\u0173 sintetini\u0173 pried\u0173 ir da\u017eikli\u0173.\u00a0TOFU ka\u010di\u0173 kraikas\u00a0greitai sugeria dr\u0117gm\u0119 ir neutralizuoja nemalonius","og_url":"https:\/\/anivet.lt\/elparduotuve\/produktas\/belocat-tofu-original-100-naturalus-kraikas-6l-25kg\/","og_site_name":"anivet.lt","article_modified_time":"2025-05-27T13:40:48+00:00","og_image":[{"width":650,"height":834,"url":"https:\/\/anivet.lt\/elparduotuve\/wp-content\/uploads\/2025\/05\/BeloCat-Original-tofu-kraikas.jpg","type":"image\/jpeg"}],"twitter_card":"summary_large_image","twitter_misc":{"Est. reading time":"1 minut\u0117"},"schema":{"@context":"https:\/\/schema.org","@graph":[{"@type":"WebPage","@id":"https:\/\/anivet.lt\/elparduotuve\/produktas\/belocat-tofu-original-100-naturalus-kraikas-6l-25kg\/","url":"https:\/\/anivet.lt\/elparduotuve\/produktas\/belocat-tofu-original-100-naturalus-kraikas-6l-25kg\/","name":"Belocat TOFU (Original) 100% NAT\u016aRALUS KRAIKAS 6L\/2,5Kg. - anivet.lt","isPartOf":{"@id":"https:\/\/anivet.lt\/elparduotuve\/#website"},"primaryImageOfPage":{"@id":"https:\/\/anivet.lt\/elparduotuve\/produktas\/belocat-tofu-original-100-naturalus-kraikas-6l-25kg\/#primaryimage"},"image":{"@id":"https:\/\/anivet.lt\/elparduotuve\/produktas\/belocat-tofu-original-100-naturalus-kraikas-6l-25kg\/#primaryimage"},"thumbnailUrl":"https:\/\/anivet.lt\/elparduotuve\/wp-content\/uploads\/2025\/05\/BeloCat-Original-tofu-kraikas.jpg","datePublished":"2025-05-17T10:15:48+00:00","dateModified":"2025-05-27T13:40:48+00:00","description":"TOFU\u00a0\u2013 pagamintas i\u0161\u00a0100% soj\u0173 milt\u0173, be joki\u0173 sintetini\u0173 pried\u0173 ir da\u017eikli\u0173.\u00a0TOFU ka\u010di\u0173 kraikas\u00a0greitai sugeria dr\u0117gm\u0119 ir neutralizuoja nemalonius","breadcrumb":{"@id":"https:\/\/anivet.lt\/elparduotuve\/produktas\/belocat-tofu-original-100-naturalus-kraikas-6l-25kg\/#breadcrumb"},"inLanguage":"lt-LT","potentialAction":[{"@type":"ReadAction","target":["https:\/\/anivet.lt\/elparduotuve\/produktas\/belocat-tofu-original-100-naturalus-kraikas-6l-25kg\/"]}]},{"@type":"ImageObject","inLanguage":"lt-LT","@id":"https:\/\/anivet.lt\/elparduotuve\/produktas\/belocat-tofu-original-100-naturalus-kraikas-6l-25kg\/#primaryimage","url":"https:\/\/anivet.lt\/elparduotuve\/wp-content\/uploads\/2025\/05\/BeloCat-Original-tofu-kraikas.jpg","contentUrl":"https:\/\/anivet.lt\/elparduotuve\/wp-content\/uploads\/2025\/05\/BeloCat-Original-tofu-kraikas.jpg","width":650,"height":834,"caption":"Belocat TOFU (Original) 100% NAT\u016aRALUS KRAIKAS 6L\/2,5Kg."},{"@type":"BreadcrumbList","@id":"https:\/\/anivet.lt\/elparduotuve\/produktas\/belocat-tofu-original-100-naturalus-kraikas-6l-25kg\/#breadcrumb","itemListElement":[{"@type":"ListItem","position":1,"name":"Home","item":"https:\/\/anivet.lt\/elparduotuve\/"},{"@type":"ListItem","position":2,"name":"Produktai","item":"https:\/\/anivet.lt\/elparduotuve\/produktai\/"},{"@type":"ListItem","position":3,"name":"Belocat TOFU (Original) 100% NAT\u016aRALUS KRAIKAS 6L\/2,5Kg."}]},{"@type":"WebSite","@id":"https:\/\/anivet.lt\/elparduotuve\/#website","url":"https:\/\/anivet.lt\/elparduotuve\/","name":"anivet.lt","description":"Viskas J\u016bs\u0173 \u0161uns, kat\u0117s prie\u017ei\u016brai","publisher":{"@id":"https:\/\/anivet.lt\/elparduotuve\/#organization"},"alternateName":"Viskas J\u016bs\u0173 \u0161uns, kat\u0117s prie\u017ei\u016brai","potentialAction":[{"@type":"SearchAction","target":{"@type":"EntryPoint","urlTemplate":"https:\/\/anivet.lt\/elparduotuve\/?s={search_term_string}"},"query-input":{"@type":"PropertyValueSpecification","valueRequired":true,"valueName":"search_term_string"}}],"inLanguage":"lt-LT"},{"@type":"Organization","@id":"https:\/\/anivet.lt\/elparduotuve\/#organization","name":"Viskas J\u016bs\u0173 \u0161uns, kat\u0117s prie\u017ei\u016brai","url":"https:\/\/anivet.lt\/elparduotuve\/","logo":{"@type":"ImageObject","inLanguage":"lt-LT","@id":"https:\/\/anivet.lt\/elparduotuve\/#\/schema\/logo\/image\/","url":"https:\/\/anivet.lt\/elparduotuve\/wp-content\/uploads\/2023\/06\/logo2.jpg","contentUrl":"https:\/\/anivet.lt\/elparduotuve\/wp-content\/uploads\/2023\/06\/logo2.jpg","width":655,"height":194,"caption":"Viskas J\u016bs\u0173 \u0161uns, kat\u0117s prie\u017ei\u016brai"},"image":{"@id":"https:\/\/anivet.lt\/elparduotuve\/#\/schema\/logo\/image\/"}}]}},"_links":{"self":[{"href":"https:\/\/anivet.lt\/elparduotuve\/wp-json\/wp\/v2\/product\/17734","targetHints":{"allow":["GET"]}}],"collection":[{"href":"https:\/\/anivet.lt\/elparduotuve\/wp-json\/wp\/v2\/product"}],"about":[{"href":"https:\/\/anivet.lt\/elparduotuve\/wp-json\/wp\/v2\/types\/product"}],"wp:featuredmedia":[{"embeddable":true,"href":"https:\/\/anivet.lt\/elparduotuve\/wp-json\/wp\/v2\/media\/17735"}],"wp:attachment":[{"href":"https:\/\/anivet.lt\/elparduotuve\/wp-json\/wp\/v2\/media?parent=17734"}],"wp:term":[{"taxonomy":"product_brand","embeddable":true,"href":"https:\/\/anivet.lt\/elparduotuve\/wp-json\/wp\/v2\/product_brand?post=17734"},{"taxonomy":"product_cat","embeddable":true,"href":"https:\/\/anivet.lt\/elparduotuve\/wp-json\/wp\/v2\/product_cat?post=17734"},{"taxonomy":"product_tag","embeddable":true,"href":"https:\/\/anivet.lt\/elparduotuve\/wp-json\/wp\/v2\/product_tag?post=17734"}],"curies":[{"name":"wp","href":"https:\/\/api.w.org\/{rel}","templated":true}]}}