{"id":17862,"date":"2025-05-30T07:45:22","date_gmt":"2025-05-30T07:45:22","guid":{"rendered":"https:\/\/anivet.lt\/elparduotuve\/?post_type=product&#038;p=17862"},"modified":"2026-02-26T11:48:29","modified_gmt":"2026-02-26T11:48:29","slug":"lab-v-arthrohard-sanariu-veiklai","status":"publish","type":"product","link":"https:\/\/anivet.lt\/elparduotuve\/produktas\/lab-v-arthrohard-sanariu-veiklai\/","title":{"rendered":"Lab-V Arthrohard s\u0105nari\u0173 veiklai"},"content":{"rendered":"<ul>\n<li><span lang=\"en-US\">Palaiko s\u0105nari\u0173 lankstum\u0105 ir kremzli\u0173 elastingum\u0105;<\/span><\/li>\n<li>Padeda suma\u017einti u\u017edegim\u0105 ir skausm\u0105;<\/li>\n<li>Tinka \u0161unims su s\u0105nari\u0173 problemomis arba profilakti\u0161kai;<\/li>\n<li>Sud\u0117tyje \u2013 svarbiausi s\u0105nari\u0173 apsaugai ir atstatymui reikalingi komponentai;<\/li>\n<li>Skystas \u2013 lengvai dozuojamas ir gerai pasisavinamas.<\/li>\n<\/ul>\n","protected":false},"excerpt":{"rendered":"<p><span lang=\"en-US\">Tai specialiai sukurtas papildas, padedantis palaikyti sveikus s\u0105narius, kremzles ir jud\u0117jimo funkcij\u0105. Sud\u0117tyje yra gliukozamino, chondroitino, MSM, kolageno, hialurono r\u016bg\u0161ties ir vitamin\u0173 \u2013 viskas, ko reikia s\u0105nari\u0173 stiprinimui ir j\u0173 apsaugai. Rekomenduojama vyresnio am\u017eiaus gyv\u016bnams, aktyviems \u0161unims, taip pat esant s\u0105nari\u0173 standumui ar po traum\u0173.<\/span><\/p>\n<p>&nbsp;<\/p>\n","protected":false},"featured_media":17863,"template":"","meta":[],"product_brand":[],"product_cat":[101,102,113,124],"product_tag":[],"class_list":{"0":"post-17862","1":"product","2":"type-product","3":"status-publish","4":"has-post-thumbnail","6":"product_cat-sunims","7":"product_cat-katems","8":"product_cat-vitaminai-ir-papildai","9":"product_cat-vitaminai-ir-papildai-katems","10":"pa_prekinis-zenklas-lab-v","12":"first","13":"instock","14":"sale","15":"taxable","16":"shipping-taxable","17":"purchasable","18":"product-type-variable"},"yoast_head":"<!-- This site is optimized with the Yoast SEO Premium plugin v27.1 (Yoast SEO v27.5) - https:\/\/yoast.com\/product\/yoast-seo-premium-wordpress\/ -->\n<title>Lab-V Arthrohard s\u0105nari\u0173 veiklai - anivet.lt<\/title>\n<meta name=\"description\" content=\"Tai specialiai sukurtas papildas, padedantis palaikyti sveikus s\u0105narius, kremzles ir jud\u0117jimo funkcij\u0105. Sud\u0117tyje yra gliukozamino, chondroitino, MSM, kolageno, hialurono r\u016bg\u0161ties ir vitamin\u0173 \u2013 viskas, ko reikia s\u0105nari\u0173 stiprinimui ir j\u0173 apsaugai. Rekomenduojama vyresnio am\u017eiaus gyv\u016bnams, aktyviems \u0161unims, taip pat esant s\u0105nari\u0173 standumui ar po traum\u0173.  &nbsp;\" \/>\n<meta name=\"robots\" content=\"index, follow, max-snippet:-1, max-image-preview:large, max-video-preview:-1\" \/>\n<link rel=\"canonical\" href=\"https:\/\/anivet.lt\/elparduotuve\/produktas\/lab-v-arthrohard-sanariu-veiklai\/\" \/>\n<meta property=\"og:locale\" content=\"lt_LT\" \/>\n<meta property=\"og:type\" content=\"article\" \/>\n<meta property=\"og:title\" content=\"Lab-V Arthrohard s\u0105nari\u0173 veiklai\" \/>\n<meta property=\"og:description\" content=\"Tai specialiai sukurtas papildas, padedantis palaikyti sveikus s\u0105narius, kremzles ir jud\u0117jimo funkcij\u0105. Sud\u0117tyje yra gliukozamino, chondroitino, MSM, kolageno, hialurono r\u016bg\u0161ties ir vitamin\u0173 \u2013 viskas, ko reikia s\u0105nari\u0173 stiprinimui ir j\u0173 apsaugai. Rekomenduojama vyresnio am\u017eiaus gyv\u016bnams, aktyviems \u0161unims, taip pat esant s\u0105nari\u0173 standumui ar po traum\u0173.  &nbsp;\" \/>\n<meta property=\"og:url\" content=\"https:\/\/anivet.lt\/elparduotuve\/produktas\/lab-v-arthrohard-sanariu-veiklai\/\" \/>\n<meta property=\"og:site_name\" content=\"anivet.lt\" \/>\n<meta property=\"article:modified_time\" content=\"2026-02-26T11:48:29+00:00\" \/>\n<meta property=\"og:image\" content=\"https:\/\/anivet.lt\/elparduotuve\/wp-content\/uploads\/2025\/05\/Arthrohard-250.jpg\" \/>\n\t<meta property=\"og:image:width\" content=\"650\" \/>\n\t<meta property=\"og:image:height\" content=\"650\" \/>\n\t<meta property=\"og:image:type\" content=\"image\/jpeg\" \/>\n<meta name=\"twitter:card\" content=\"summary_large_image\" \/>\n<meta name=\"twitter:label1\" content=\"Est. reading time\" \/>\n\t<meta name=\"twitter:data1\" content=\"1 minut\u0117\" \/>\n<script type=\"application\/ld+json\" class=\"yoast-schema-graph\">{\"@context\":\"https:\\\/\\\/schema.org\",\"@graph\":[{\"@type\":\"WebPage\",\"@id\":\"https:\\\/\\\/anivet.lt\\\/elparduotuve\\\/produktas\\\/lab-v-arthrohard-sanariu-veiklai\\\/\",\"url\":\"https:\\\/\\\/anivet.lt\\\/elparduotuve\\\/produktas\\\/lab-v-arthrohard-sanariu-veiklai\\\/\",\"name\":\"Lab-V Arthrohard s\u0105nari\u0173 veiklai - anivet.lt\",\"isPartOf\":{\"@id\":\"https:\\\/\\\/anivet.lt\\\/elparduotuve\\\/#website\"},\"primaryImageOfPage\":{\"@id\":\"https:\\\/\\\/anivet.lt\\\/elparduotuve\\\/produktas\\\/lab-v-arthrohard-sanariu-veiklai\\\/#primaryimage\"},\"image\":{\"@id\":\"https:\\\/\\\/anivet.lt\\\/elparduotuve\\\/produktas\\\/lab-v-arthrohard-sanariu-veiklai\\\/#primaryimage\"},\"thumbnailUrl\":\"https:\\\/\\\/anivet.lt\\\/elparduotuve\\\/wp-content\\\/uploads\\\/2025\\\/05\\\/Arthrohard-250.jpg\",\"datePublished\":\"2025-05-30T07:45:22+00:00\",\"dateModified\":\"2026-02-26T11:48:29+00:00\",\"description\":\"Tai specialiai sukurtas papildas, padedantis palaikyti sveikus s\u0105narius, kremzles ir jud\u0117jimo funkcij\u0105. Sud\u0117tyje yra gliukozamino, chondroitino, MSM, kolageno, hialurono r\u016bg\u0161ties ir vitamin\u0173 \u2013 viskas, ko reikia s\u0105nari\u0173 stiprinimui ir j\u0173 apsaugai. Rekomenduojama vyresnio am\u017eiaus gyv\u016bnams, aktyviems \u0161unims, taip pat esant s\u0105nari\u0173 standumui ar po traum\u0173. &nbsp;\",\"breadcrumb\":{\"@id\":\"https:\\\/\\\/anivet.lt\\\/elparduotuve\\\/produktas\\\/lab-v-arthrohard-sanariu-veiklai\\\/#breadcrumb\"},\"inLanguage\":\"lt-LT\",\"potentialAction\":[{\"@type\":\"ReadAction\",\"target\":[\"https:\\\/\\\/anivet.lt\\\/elparduotuve\\\/produktas\\\/lab-v-arthrohard-sanariu-veiklai\\\/\"]}]},{\"@type\":\"ImageObject\",\"inLanguage\":\"lt-LT\",\"@id\":\"https:\\\/\\\/anivet.lt\\\/elparduotuve\\\/produktas\\\/lab-v-arthrohard-sanariu-veiklai\\\/#primaryimage\",\"url\":\"https:\\\/\\\/anivet.lt\\\/elparduotuve\\\/wp-content\\\/uploads\\\/2025\\\/05\\\/Arthrohard-250.jpg\",\"contentUrl\":\"https:\\\/\\\/anivet.lt\\\/elparduotuve\\\/wp-content\\\/uploads\\\/2025\\\/05\\\/Arthrohard-250.jpg\",\"width\":650,\"height\":650,\"caption\":\"LAB-V Arthrohard s\u0105nari\u0173 veiklai\"},{\"@type\":\"BreadcrumbList\",\"@id\":\"https:\\\/\\\/anivet.lt\\\/elparduotuve\\\/produktas\\\/lab-v-arthrohard-sanariu-veiklai\\\/#breadcrumb\",\"itemListElement\":[{\"@type\":\"ListItem\",\"position\":1,\"name\":\"Home\",\"item\":\"https:\\\/\\\/anivet.lt\\\/elparduotuve\\\/\"},{\"@type\":\"ListItem\",\"position\":2,\"name\":\"Produktai\",\"item\":\"https:\\\/\\\/anivet.lt\\\/elparduotuve\\\/produktai\\\/\"},{\"@type\":\"ListItem\",\"position\":3,\"name\":\"Lab-V Arthrohard s\u0105nari\u0173 veiklai\"}]},{\"@type\":\"WebSite\",\"@id\":\"https:\\\/\\\/anivet.lt\\\/elparduotuve\\\/#website\",\"url\":\"https:\\\/\\\/anivet.lt\\\/elparduotuve\\\/\",\"name\":\"anivet.lt\",\"description\":\"Viskas J\u016bs\u0173 \u0161uns, kat\u0117s prie\u017ei\u016brai\",\"publisher\":{\"@id\":\"https:\\\/\\\/anivet.lt\\\/elparduotuve\\\/#organization\"},\"alternateName\":\"Viskas J\u016bs\u0173 \u0161uns, kat\u0117s prie\u017ei\u016brai\",\"potentialAction\":[{\"@type\":\"SearchAction\",\"target\":{\"@type\":\"EntryPoint\",\"urlTemplate\":\"https:\\\/\\\/anivet.lt\\\/elparduotuve\\\/?s={search_term_string}\"},\"query-input\":{\"@type\":\"PropertyValueSpecification\",\"valueRequired\":true,\"valueName\":\"search_term_string\"}}],\"inLanguage\":\"lt-LT\"},{\"@type\":\"Organization\",\"@id\":\"https:\\\/\\\/anivet.lt\\\/elparduotuve\\\/#organization\",\"name\":\"Viskas J\u016bs\u0173 \u0161uns, kat\u0117s prie\u017ei\u016brai\",\"url\":\"https:\\\/\\\/anivet.lt\\\/elparduotuve\\\/\",\"logo\":{\"@type\":\"ImageObject\",\"inLanguage\":\"lt-LT\",\"@id\":\"https:\\\/\\\/anivet.lt\\\/elparduotuve\\\/#\\\/schema\\\/logo\\\/image\\\/\",\"url\":\"https:\\\/\\\/anivet.lt\\\/elparduotuve\\\/wp-content\\\/uploads\\\/2023\\\/06\\\/logo2.jpg\",\"contentUrl\":\"https:\\\/\\\/anivet.lt\\\/elparduotuve\\\/wp-content\\\/uploads\\\/2023\\\/06\\\/logo2.jpg\",\"width\":655,\"height\":194,\"caption\":\"Viskas J\u016bs\u0173 \u0161uns, kat\u0117s prie\u017ei\u016brai\"},\"image\":{\"@id\":\"https:\\\/\\\/anivet.lt\\\/elparduotuve\\\/#\\\/schema\\\/logo\\\/image\\\/\"}}]}<\/script>\n<!-- \/ Yoast SEO Premium plugin. -->","yoast_head_json":{"title":"Lab-V Arthrohard s\u0105nari\u0173 veiklai - anivet.lt","description":"Tai specialiai sukurtas papildas, padedantis palaikyti sveikus s\u0105narius, kremzles ir jud\u0117jimo funkcij\u0105. Sud\u0117tyje yra gliukozamino, chondroitino, MSM, kolageno, hialurono r\u016bg\u0161ties ir vitamin\u0173 \u2013 viskas, ko reikia s\u0105nari\u0173 stiprinimui ir j\u0173 apsaugai. Rekomenduojama vyresnio am\u017eiaus gyv\u016bnams, aktyviems \u0161unims, taip pat esant s\u0105nari\u0173 standumui ar po traum\u0173.  &nbsp;","robots":{"index":"index","follow":"follow","max-snippet":"max-snippet:-1","max-image-preview":"max-image-preview:large","max-video-preview":"max-video-preview:-1"},"canonical":"https:\/\/anivet.lt\/elparduotuve\/produktas\/lab-v-arthrohard-sanariu-veiklai\/","og_locale":"lt_LT","og_type":"article","og_title":"Lab-V Arthrohard s\u0105nari\u0173 veiklai","og_description":"Tai specialiai sukurtas papildas, padedantis palaikyti sveikus s\u0105narius, kremzles ir jud\u0117jimo funkcij\u0105. Sud\u0117tyje yra gliukozamino, chondroitino, MSM, kolageno, hialurono r\u016bg\u0161ties ir vitamin\u0173 \u2013 viskas, ko reikia s\u0105nari\u0173 stiprinimui ir j\u0173 apsaugai. Rekomenduojama vyresnio am\u017eiaus gyv\u016bnams, aktyviems \u0161unims, taip pat esant s\u0105nari\u0173 standumui ar po traum\u0173.  &nbsp;","og_url":"https:\/\/anivet.lt\/elparduotuve\/produktas\/lab-v-arthrohard-sanariu-veiklai\/","og_site_name":"anivet.lt","article_modified_time":"2026-02-26T11:48:29+00:00","og_image":[{"width":650,"height":650,"url":"https:\/\/anivet.lt\/elparduotuve\/wp-content\/uploads\/2025\/05\/Arthrohard-250.jpg","type":"image\/jpeg"}],"twitter_card":"summary_large_image","twitter_misc":{"Est. reading time":"1 minut\u0117"},"schema":{"@context":"https:\/\/schema.org","@graph":[{"@type":"WebPage","@id":"https:\/\/anivet.lt\/elparduotuve\/produktas\/lab-v-arthrohard-sanariu-veiklai\/","url":"https:\/\/anivet.lt\/elparduotuve\/produktas\/lab-v-arthrohard-sanariu-veiklai\/","name":"Lab-V Arthrohard s\u0105nari\u0173 veiklai - anivet.lt","isPartOf":{"@id":"https:\/\/anivet.lt\/elparduotuve\/#website"},"primaryImageOfPage":{"@id":"https:\/\/anivet.lt\/elparduotuve\/produktas\/lab-v-arthrohard-sanariu-veiklai\/#primaryimage"},"image":{"@id":"https:\/\/anivet.lt\/elparduotuve\/produktas\/lab-v-arthrohard-sanariu-veiklai\/#primaryimage"},"thumbnailUrl":"https:\/\/anivet.lt\/elparduotuve\/wp-content\/uploads\/2025\/05\/Arthrohard-250.jpg","datePublished":"2025-05-30T07:45:22+00:00","dateModified":"2026-02-26T11:48:29+00:00","description":"Tai specialiai sukurtas papildas, padedantis palaikyti sveikus s\u0105narius, kremzles ir jud\u0117jimo funkcij\u0105. Sud\u0117tyje yra gliukozamino, chondroitino, MSM, kolageno, hialurono r\u016bg\u0161ties ir vitamin\u0173 \u2013 viskas, ko reikia s\u0105nari\u0173 stiprinimui ir j\u0173 apsaugai. Rekomenduojama vyresnio am\u017eiaus gyv\u016bnams, aktyviems \u0161unims, taip pat esant s\u0105nari\u0173 standumui ar po traum\u0173. &nbsp;","breadcrumb":{"@id":"https:\/\/anivet.lt\/elparduotuve\/produktas\/lab-v-arthrohard-sanariu-veiklai\/#breadcrumb"},"inLanguage":"lt-LT","potentialAction":[{"@type":"ReadAction","target":["https:\/\/anivet.lt\/elparduotuve\/produktas\/lab-v-arthrohard-sanariu-veiklai\/"]}]},{"@type":"ImageObject","inLanguage":"lt-LT","@id":"https:\/\/anivet.lt\/elparduotuve\/produktas\/lab-v-arthrohard-sanariu-veiklai\/#primaryimage","url":"https:\/\/anivet.lt\/elparduotuve\/wp-content\/uploads\/2025\/05\/Arthrohard-250.jpg","contentUrl":"https:\/\/anivet.lt\/elparduotuve\/wp-content\/uploads\/2025\/05\/Arthrohard-250.jpg","width":650,"height":650,"caption":"LAB-V Arthrohard s\u0105nari\u0173 veiklai"},{"@type":"BreadcrumbList","@id":"https:\/\/anivet.lt\/elparduotuve\/produktas\/lab-v-arthrohard-sanariu-veiklai\/#breadcrumb","itemListElement":[{"@type":"ListItem","position":1,"name":"Home","item":"https:\/\/anivet.lt\/elparduotuve\/"},{"@type":"ListItem","position":2,"name":"Produktai","item":"https:\/\/anivet.lt\/elparduotuve\/produktai\/"},{"@type":"ListItem","position":3,"name":"Lab-V Arthrohard s\u0105nari\u0173 veiklai"}]},{"@type":"WebSite","@id":"https:\/\/anivet.lt\/elparduotuve\/#website","url":"https:\/\/anivet.lt\/elparduotuve\/","name":"anivet.lt","description":"Viskas J\u016bs\u0173 \u0161uns, kat\u0117s prie\u017ei\u016brai","publisher":{"@id":"https:\/\/anivet.lt\/elparduotuve\/#organization"},"alternateName":"Viskas J\u016bs\u0173 \u0161uns, kat\u0117s prie\u017ei\u016brai","potentialAction":[{"@type":"SearchAction","target":{"@type":"EntryPoint","urlTemplate":"https:\/\/anivet.lt\/elparduotuve\/?s={search_term_string}"},"query-input":{"@type":"PropertyValueSpecification","valueRequired":true,"valueName":"search_term_string"}}],"inLanguage":"lt-LT"},{"@type":"Organization","@id":"https:\/\/anivet.lt\/elparduotuve\/#organization","name":"Viskas J\u016bs\u0173 \u0161uns, kat\u0117s prie\u017ei\u016brai","url":"https:\/\/anivet.lt\/elparduotuve\/","logo":{"@type":"ImageObject","inLanguage":"lt-LT","@id":"https:\/\/anivet.lt\/elparduotuve\/#\/schema\/logo\/image\/","url":"https:\/\/anivet.lt\/elparduotuve\/wp-content\/uploads\/2023\/06\/logo2.jpg","contentUrl":"https:\/\/anivet.lt\/elparduotuve\/wp-content\/uploads\/2023\/06\/logo2.jpg","width":655,"height":194,"caption":"Viskas J\u016bs\u0173 \u0161uns, kat\u0117s prie\u017ei\u016brai"},"image":{"@id":"https:\/\/anivet.lt\/elparduotuve\/#\/schema\/logo\/image\/"}}]}},"_links":{"self":[{"href":"https:\/\/anivet.lt\/elparduotuve\/wp-json\/wp\/v2\/product\/17862","targetHints":{"allow":["GET"]}}],"collection":[{"href":"https:\/\/anivet.lt\/elparduotuve\/wp-json\/wp\/v2\/product"}],"about":[{"href":"https:\/\/anivet.lt\/elparduotuve\/wp-json\/wp\/v2\/types\/product"}],"wp:featuredmedia":[{"embeddable":true,"href":"https:\/\/anivet.lt\/elparduotuve\/wp-json\/wp\/v2\/media\/17863"}],"wp:attachment":[{"href":"https:\/\/anivet.lt\/elparduotuve\/wp-json\/wp\/v2\/media?parent=17862"}],"wp:term":[{"taxonomy":"product_brand","embeddable":true,"href":"https:\/\/anivet.lt\/elparduotuve\/wp-json\/wp\/v2\/product_brand?post=17862"},{"taxonomy":"product_cat","embeddable":true,"href":"https:\/\/anivet.lt\/elparduotuve\/wp-json\/wp\/v2\/product_cat?post=17862"},{"taxonomy":"product_tag","embeddable":true,"href":"https:\/\/anivet.lt\/elparduotuve\/wp-json\/wp\/v2\/product_tag?post=17862"}],"curies":[{"name":"wp","href":"https:\/\/api.w.org\/{rel}","templated":true}]}}