{"id":17869,"date":"2025-05-30T09:51:40","date_gmt":"2025-05-30T09:51:40","guid":{"rendered":"https:\/\/anivet.lt\/elparduotuve\/?post_type=product&#038;p=17869"},"modified":"2026-05-13T14:27:06","modified_gmt":"2026-05-13T14:27:06","slug":"lab-v-ade-complex-2x10ml-vitaminai","status":"publish","type":"product","link":"https:\/\/anivet.lt\/elparduotuve\/produktas\/lab-v-ade-complex-2x10ml-vitaminai\/","title":{"rendered":"Lab-V ADE Complex 2x10ml vitaminai"},"content":{"rendered":"<p><span style=\"font-weight: 400;\">Sud\u0117tyje esantys vitaminai A, D3 ir E veikia sinergi\u0161kai \u2013 vitaminas A palaiko reg\u0117jimo funkcij\u0105, D3 padeda \u012fsisavinti kalc\u012f ir fosfor\u0105, stiprina kaulus ir raumenis, o vitaminas E saugo l\u0105steles nuo oksidacinio streso ir palaiko odos elastingum\u0105. Inovatyvi aliejaus pagrindo formul\u0117 u\u017etikrina geresn\u012f vitamin\u0173 pasisavinim\u0105, o pur\u0161kiama forma leid\u017eia patogiai dozuoti be papildomo streso gyv\u016bnui.<\/span><\/p>\n<ul>\n<li style=\"font-weight: 400;\" aria-level=\"1\"><span style=\"font-weight: 400;\">Vitaminai A, D3 ir E \u2013 kompleksinis poveikis sveikatai.<\/span><span style=\"font-weight: 400;\"><br \/>\n<\/span><\/li>\n<li style=\"font-weight: 400;\" aria-level=\"1\"><span style=\"font-weight: 400;\">Palaiko odos b\u016bkl\u0119, kailio blizges\u012f ir elastingum\u0105.<\/span><span style=\"font-weight: 400;\"><br \/>\n<\/span><\/li>\n<li style=\"font-weight: 400;\" aria-level=\"1\"><span style=\"font-weight: 400;\">Stiprina imunin\u0119 sistem\u0105 ir padeda apsaugoti nuo lig\u0173.<\/span><span style=\"font-weight: 400;\"><br \/>\n<\/span><\/li>\n<li style=\"font-weight: 400;\" aria-level=\"1\"><span style=\"font-weight: 400;\">Prisideda prie normalaus reg\u0117jimo ir kaul\u0173 vystymosi.<\/span><span style=\"font-weight: 400;\"><br \/>\n<\/span><\/li>\n<li style=\"font-weight: 400;\" aria-level=\"1\"><span style=\"font-weight: 400;\">Pur\u0161kiama forma \u2013 lengva naudoti, be streso gyv\u016bnui.<\/span><\/li>\n<\/ul>\n","protected":false},"excerpt":{"rendered":"<p><span lang=\"en-US\"><span style=\"font-weight: 400;\">Lab-V ADE Complex &#8211; t<\/span>ai koncentruotas vitamin\u0173 A, D3 ir E kompleksas, <span style=\"font-weight: 400;\">skirtas palaikyti \u0161un\u0173 ir ka\u010di\u0173 imunin\u0119 sistem\u0105, odos bei kailio b\u016bkl\u0119, reg\u0117jim\u0105 ir kaul\u0173 tvirtum\u0105.<\/span> Ypa\u010d naudingas augimo laikotarpiu, n\u0117\u0161tumo metu, po lig\u0173 ar esant vitamin\u0173 tr\u016bkumui. <\/span><\/p>\n<p>&nbsp;<\/p>\n","protected":false},"featured_media":17870,"template":"","meta":[],"product_brand":[],"product_cat":[101,102,113,124],"product_tag":[],"class_list":{"0":"post-17869","1":"product","2":"type-product","3":"status-publish","4":"has-post-thumbnail","6":"product_cat-sunims","7":"product_cat-katems","8":"product_cat-vitaminai-ir-papildai","9":"product_cat-vitaminai-ir-papildai-katems","10":"pa_prekinis-zenklas-lab-v","12":"first","13":"instock","14":"taxable","15":"shipping-taxable","16":"purchasable","17":"product-type-simple"},"yoast_head":"<!-- This site is optimized with the Yoast SEO Premium plugin v27.1 (Yoast SEO v27.5) - https:\/\/yoast.com\/product\/yoast-seo-premium-wordpress\/ -->\n<title>Lab-V ADE Complex 2x10ml vitaminai - anivet.lt<\/title>\n<meta name=\"description\" content=\"Lab-V ADE Complex - tai koncentruotas vitamin\u0173 A, D3 ir E kompleksas, skirtas palaikyti \u0161un\u0173 ir ka\u010di\u0173 imunin\u0119 sistem\u0105, odos bei kailio b\u016bkl\u0119, reg\u0117jim\u0105 ir kaul\u0173 tvirtum\u0105. Ypa\u010d naudingas augimo laikotarpiu, n\u0117\u0161tumo metu, po lig\u0173 ar esant vitamin\u0173 tr\u016bkumui.   &nbsp;\" \/>\n<meta name=\"robots\" content=\"index, follow, max-snippet:-1, max-image-preview:large, max-video-preview:-1\" \/>\n<link rel=\"canonical\" href=\"https:\/\/anivet.lt\/elparduotuve\/produktas\/lab-v-ade-complex-2x10ml-vitaminai\/\" \/>\n<meta property=\"og:locale\" content=\"lt_LT\" \/>\n<meta property=\"og:type\" content=\"article\" \/>\n<meta property=\"og:title\" content=\"Lab-V ADE Complex 2x10ml vitaminai\" \/>\n<meta property=\"og:description\" content=\"Lab-V ADE Complex - tai koncentruotas vitamin\u0173 A, D3 ir E kompleksas, skirtas palaikyti \u0161un\u0173 ir ka\u010di\u0173 imunin\u0119 sistem\u0105, odos bei kailio b\u016bkl\u0119, reg\u0117jim\u0105 ir kaul\u0173 tvirtum\u0105. Ypa\u010d naudingas augimo laikotarpiu, n\u0117\u0161tumo metu, po lig\u0173 ar esant vitamin\u0173 tr\u016bkumui.   &nbsp;\" \/>\n<meta property=\"og:url\" content=\"https:\/\/anivet.lt\/elparduotuve\/produktas\/lab-v-ade-complex-2x10ml-vitaminai\/\" \/>\n<meta property=\"og:site_name\" content=\"anivet.lt\" \/>\n<meta property=\"article:modified_time\" content=\"2026-05-13T14:27:06+00:00\" \/>\n<meta property=\"og:image\" content=\"https:\/\/anivet.lt\/elparduotuve\/wp-content\/uploads\/2025\/05\/ADE-Complex.jpg\" \/>\n\t<meta property=\"og:image:width\" content=\"650\" \/>\n\t<meta property=\"og:image:height\" content=\"650\" \/>\n\t<meta property=\"og:image:type\" content=\"image\/jpeg\" \/>\n<meta name=\"twitter:card\" content=\"summary_large_image\" \/>\n<meta name=\"twitter:label1\" content=\"Est. reading time\" \/>\n\t<meta name=\"twitter:data1\" content=\"1 minut\u0117\" \/>\n<script type=\"application\/ld+json\" class=\"yoast-schema-graph\">{\"@context\":\"https:\\\/\\\/schema.org\",\"@graph\":[{\"@type\":\"WebPage\",\"@id\":\"https:\\\/\\\/anivet.lt\\\/elparduotuve\\\/produktas\\\/lab-v-ade-complex-2x10ml-vitaminai\\\/\",\"url\":\"https:\\\/\\\/anivet.lt\\\/elparduotuve\\\/produktas\\\/lab-v-ade-complex-2x10ml-vitaminai\\\/\",\"name\":\"Lab-V ADE Complex 2x10ml vitaminai - anivet.lt\",\"isPartOf\":{\"@id\":\"https:\\\/\\\/anivet.lt\\\/elparduotuve\\\/#website\"},\"primaryImageOfPage\":{\"@id\":\"https:\\\/\\\/anivet.lt\\\/elparduotuve\\\/produktas\\\/lab-v-ade-complex-2x10ml-vitaminai\\\/#primaryimage\"},\"image\":{\"@id\":\"https:\\\/\\\/anivet.lt\\\/elparduotuve\\\/produktas\\\/lab-v-ade-complex-2x10ml-vitaminai\\\/#primaryimage\"},\"thumbnailUrl\":\"https:\\\/\\\/anivet.lt\\\/elparduotuve\\\/wp-content\\\/uploads\\\/2025\\\/05\\\/ADE-Complex.jpg\",\"datePublished\":\"2025-05-30T09:51:40+00:00\",\"dateModified\":\"2026-05-13T14:27:06+00:00\",\"description\":\"Lab-V ADE Complex - tai koncentruotas vitamin\u0173 A, D3 ir E kompleksas, skirtas palaikyti \u0161un\u0173 ir ka\u010di\u0173 imunin\u0119 sistem\u0105, odos bei kailio b\u016bkl\u0119, reg\u0117jim\u0105 ir kaul\u0173 tvirtum\u0105. Ypa\u010d naudingas augimo laikotarpiu, n\u0117\u0161tumo metu, po lig\u0173 ar esant vitamin\u0173 tr\u016bkumui. &nbsp;\",\"breadcrumb\":{\"@id\":\"https:\\\/\\\/anivet.lt\\\/elparduotuve\\\/produktas\\\/lab-v-ade-complex-2x10ml-vitaminai\\\/#breadcrumb\"},\"inLanguage\":\"lt-LT\",\"potentialAction\":[{\"@type\":\"ReadAction\",\"target\":[\"https:\\\/\\\/anivet.lt\\\/elparduotuve\\\/produktas\\\/lab-v-ade-complex-2x10ml-vitaminai\\\/\"]}]},{\"@type\":\"ImageObject\",\"inLanguage\":\"lt-LT\",\"@id\":\"https:\\\/\\\/anivet.lt\\\/elparduotuve\\\/produktas\\\/lab-v-ade-complex-2x10ml-vitaminai\\\/#primaryimage\",\"url\":\"https:\\\/\\\/anivet.lt\\\/elparduotuve\\\/wp-content\\\/uploads\\\/2025\\\/05\\\/ADE-Complex.jpg\",\"contentUrl\":\"https:\\\/\\\/anivet.lt\\\/elparduotuve\\\/wp-content\\\/uploads\\\/2025\\\/05\\\/ADE-Complex.jpg\",\"width\":650,\"height\":650,\"caption\":\"LAB-V ADE Complex 2x10ml vitaminai\"},{\"@type\":\"BreadcrumbList\",\"@id\":\"https:\\\/\\\/anivet.lt\\\/elparduotuve\\\/produktas\\\/lab-v-ade-complex-2x10ml-vitaminai\\\/#breadcrumb\",\"itemListElement\":[{\"@type\":\"ListItem\",\"position\":1,\"name\":\"Home\",\"item\":\"https:\\\/\\\/anivet.lt\\\/elparduotuve\\\/\"},{\"@type\":\"ListItem\",\"position\":2,\"name\":\"Produktai\",\"item\":\"https:\\\/\\\/anivet.lt\\\/elparduotuve\\\/produktai\\\/\"},{\"@type\":\"ListItem\",\"position\":3,\"name\":\"Lab-V ADE Complex 2x10ml vitaminai\"}]},{\"@type\":\"WebSite\",\"@id\":\"https:\\\/\\\/anivet.lt\\\/elparduotuve\\\/#website\",\"url\":\"https:\\\/\\\/anivet.lt\\\/elparduotuve\\\/\",\"name\":\"anivet.lt\",\"description\":\"Viskas J\u016bs\u0173 \u0161uns, kat\u0117s prie\u017ei\u016brai\",\"publisher\":{\"@id\":\"https:\\\/\\\/anivet.lt\\\/elparduotuve\\\/#organization\"},\"alternateName\":\"Viskas J\u016bs\u0173 \u0161uns, kat\u0117s prie\u017ei\u016brai\",\"potentialAction\":[{\"@type\":\"SearchAction\",\"target\":{\"@type\":\"EntryPoint\",\"urlTemplate\":\"https:\\\/\\\/anivet.lt\\\/elparduotuve\\\/?s={search_term_string}\"},\"query-input\":{\"@type\":\"PropertyValueSpecification\",\"valueRequired\":true,\"valueName\":\"search_term_string\"}}],\"inLanguage\":\"lt-LT\"},{\"@type\":\"Organization\",\"@id\":\"https:\\\/\\\/anivet.lt\\\/elparduotuve\\\/#organization\",\"name\":\"Viskas J\u016bs\u0173 \u0161uns, kat\u0117s prie\u017ei\u016brai\",\"url\":\"https:\\\/\\\/anivet.lt\\\/elparduotuve\\\/\",\"logo\":{\"@type\":\"ImageObject\",\"inLanguage\":\"lt-LT\",\"@id\":\"https:\\\/\\\/anivet.lt\\\/elparduotuve\\\/#\\\/schema\\\/logo\\\/image\\\/\",\"url\":\"https:\\\/\\\/anivet.lt\\\/elparduotuve\\\/wp-content\\\/uploads\\\/2023\\\/06\\\/logo2.jpg\",\"contentUrl\":\"https:\\\/\\\/anivet.lt\\\/elparduotuve\\\/wp-content\\\/uploads\\\/2023\\\/06\\\/logo2.jpg\",\"width\":655,\"height\":194,\"caption\":\"Viskas J\u016bs\u0173 \u0161uns, kat\u0117s prie\u017ei\u016brai\"},\"image\":{\"@id\":\"https:\\\/\\\/anivet.lt\\\/elparduotuve\\\/#\\\/schema\\\/logo\\\/image\\\/\"}}]}<\/script>\n<!-- \/ Yoast SEO Premium plugin. -->","yoast_head_json":{"title":"Lab-V ADE Complex 2x10ml vitaminai - anivet.lt","description":"Lab-V ADE Complex - tai koncentruotas vitamin\u0173 A, D3 ir E kompleksas, skirtas palaikyti \u0161un\u0173 ir ka\u010di\u0173 imunin\u0119 sistem\u0105, odos bei kailio b\u016bkl\u0119, reg\u0117jim\u0105 ir kaul\u0173 tvirtum\u0105. Ypa\u010d naudingas augimo laikotarpiu, n\u0117\u0161tumo metu, po lig\u0173 ar esant vitamin\u0173 tr\u016bkumui.   &nbsp;","robots":{"index":"index","follow":"follow","max-snippet":"max-snippet:-1","max-image-preview":"max-image-preview:large","max-video-preview":"max-video-preview:-1"},"canonical":"https:\/\/anivet.lt\/elparduotuve\/produktas\/lab-v-ade-complex-2x10ml-vitaminai\/","og_locale":"lt_LT","og_type":"article","og_title":"Lab-V ADE Complex 2x10ml vitaminai","og_description":"Lab-V ADE Complex - tai koncentruotas vitamin\u0173 A, D3 ir E kompleksas, skirtas palaikyti \u0161un\u0173 ir ka\u010di\u0173 imunin\u0119 sistem\u0105, odos bei kailio b\u016bkl\u0119, reg\u0117jim\u0105 ir kaul\u0173 tvirtum\u0105. Ypa\u010d naudingas augimo laikotarpiu, n\u0117\u0161tumo metu, po lig\u0173 ar esant vitamin\u0173 tr\u016bkumui.   &nbsp;","og_url":"https:\/\/anivet.lt\/elparduotuve\/produktas\/lab-v-ade-complex-2x10ml-vitaminai\/","og_site_name":"anivet.lt","article_modified_time":"2026-05-13T14:27:06+00:00","og_image":[{"width":650,"height":650,"url":"https:\/\/anivet.lt\/elparduotuve\/wp-content\/uploads\/2025\/05\/ADE-Complex.jpg","type":"image\/jpeg"}],"twitter_card":"summary_large_image","twitter_misc":{"Est. reading time":"1 minut\u0117"},"schema":{"@context":"https:\/\/schema.org","@graph":[{"@type":"WebPage","@id":"https:\/\/anivet.lt\/elparduotuve\/produktas\/lab-v-ade-complex-2x10ml-vitaminai\/","url":"https:\/\/anivet.lt\/elparduotuve\/produktas\/lab-v-ade-complex-2x10ml-vitaminai\/","name":"Lab-V ADE Complex 2x10ml vitaminai - anivet.lt","isPartOf":{"@id":"https:\/\/anivet.lt\/elparduotuve\/#website"},"primaryImageOfPage":{"@id":"https:\/\/anivet.lt\/elparduotuve\/produktas\/lab-v-ade-complex-2x10ml-vitaminai\/#primaryimage"},"image":{"@id":"https:\/\/anivet.lt\/elparduotuve\/produktas\/lab-v-ade-complex-2x10ml-vitaminai\/#primaryimage"},"thumbnailUrl":"https:\/\/anivet.lt\/elparduotuve\/wp-content\/uploads\/2025\/05\/ADE-Complex.jpg","datePublished":"2025-05-30T09:51:40+00:00","dateModified":"2026-05-13T14:27:06+00:00","description":"Lab-V ADE Complex - tai koncentruotas vitamin\u0173 A, D3 ir E kompleksas, skirtas palaikyti \u0161un\u0173 ir ka\u010di\u0173 imunin\u0119 sistem\u0105, odos bei kailio b\u016bkl\u0119, reg\u0117jim\u0105 ir kaul\u0173 tvirtum\u0105. Ypa\u010d naudingas augimo laikotarpiu, n\u0117\u0161tumo metu, po lig\u0173 ar esant vitamin\u0173 tr\u016bkumui. &nbsp;","breadcrumb":{"@id":"https:\/\/anivet.lt\/elparduotuve\/produktas\/lab-v-ade-complex-2x10ml-vitaminai\/#breadcrumb"},"inLanguage":"lt-LT","potentialAction":[{"@type":"ReadAction","target":["https:\/\/anivet.lt\/elparduotuve\/produktas\/lab-v-ade-complex-2x10ml-vitaminai\/"]}]},{"@type":"ImageObject","inLanguage":"lt-LT","@id":"https:\/\/anivet.lt\/elparduotuve\/produktas\/lab-v-ade-complex-2x10ml-vitaminai\/#primaryimage","url":"https:\/\/anivet.lt\/elparduotuve\/wp-content\/uploads\/2025\/05\/ADE-Complex.jpg","contentUrl":"https:\/\/anivet.lt\/elparduotuve\/wp-content\/uploads\/2025\/05\/ADE-Complex.jpg","width":650,"height":650,"caption":"LAB-V ADE Complex 2x10ml vitaminai"},{"@type":"BreadcrumbList","@id":"https:\/\/anivet.lt\/elparduotuve\/produktas\/lab-v-ade-complex-2x10ml-vitaminai\/#breadcrumb","itemListElement":[{"@type":"ListItem","position":1,"name":"Home","item":"https:\/\/anivet.lt\/elparduotuve\/"},{"@type":"ListItem","position":2,"name":"Produktai","item":"https:\/\/anivet.lt\/elparduotuve\/produktai\/"},{"@type":"ListItem","position":3,"name":"Lab-V ADE Complex 2x10ml vitaminai"}]},{"@type":"WebSite","@id":"https:\/\/anivet.lt\/elparduotuve\/#website","url":"https:\/\/anivet.lt\/elparduotuve\/","name":"anivet.lt","description":"Viskas J\u016bs\u0173 \u0161uns, kat\u0117s prie\u017ei\u016brai","publisher":{"@id":"https:\/\/anivet.lt\/elparduotuve\/#organization"},"alternateName":"Viskas J\u016bs\u0173 \u0161uns, kat\u0117s prie\u017ei\u016brai","potentialAction":[{"@type":"SearchAction","target":{"@type":"EntryPoint","urlTemplate":"https:\/\/anivet.lt\/elparduotuve\/?s={search_term_string}"},"query-input":{"@type":"PropertyValueSpecification","valueRequired":true,"valueName":"search_term_string"}}],"inLanguage":"lt-LT"},{"@type":"Organization","@id":"https:\/\/anivet.lt\/elparduotuve\/#organization","name":"Viskas J\u016bs\u0173 \u0161uns, kat\u0117s prie\u017ei\u016brai","url":"https:\/\/anivet.lt\/elparduotuve\/","logo":{"@type":"ImageObject","inLanguage":"lt-LT","@id":"https:\/\/anivet.lt\/elparduotuve\/#\/schema\/logo\/image\/","url":"https:\/\/anivet.lt\/elparduotuve\/wp-content\/uploads\/2023\/06\/logo2.jpg","contentUrl":"https:\/\/anivet.lt\/elparduotuve\/wp-content\/uploads\/2023\/06\/logo2.jpg","width":655,"height":194,"caption":"Viskas J\u016bs\u0173 \u0161uns, kat\u0117s prie\u017ei\u016brai"},"image":{"@id":"https:\/\/anivet.lt\/elparduotuve\/#\/schema\/logo\/image\/"}}]}},"_links":{"self":[{"href":"https:\/\/anivet.lt\/elparduotuve\/wp-json\/wp\/v2\/product\/17869","targetHints":{"allow":["GET"]}}],"collection":[{"href":"https:\/\/anivet.lt\/elparduotuve\/wp-json\/wp\/v2\/product"}],"about":[{"href":"https:\/\/anivet.lt\/elparduotuve\/wp-json\/wp\/v2\/types\/product"}],"wp:featuredmedia":[{"embeddable":true,"href":"https:\/\/anivet.lt\/elparduotuve\/wp-json\/wp\/v2\/media\/17870"}],"wp:attachment":[{"href":"https:\/\/anivet.lt\/elparduotuve\/wp-json\/wp\/v2\/media?parent=17869"}],"wp:term":[{"taxonomy":"product_brand","embeddable":true,"href":"https:\/\/anivet.lt\/elparduotuve\/wp-json\/wp\/v2\/product_brand?post=17869"},{"taxonomy":"product_cat","embeddable":true,"href":"https:\/\/anivet.lt\/elparduotuve\/wp-json\/wp\/v2\/product_cat?post=17869"},{"taxonomy":"product_tag","embeddable":true,"href":"https:\/\/anivet.lt\/elparduotuve\/wp-json\/wp\/v2\/product_tag?post=17869"}],"curies":[{"name":"wp","href":"https:\/\/api.w.org\/{rel}","templated":true}]}}