{"id":17871,"date":"2025-05-30T09:57:21","date_gmt":"2025-05-30T09:57:21","guid":{"rendered":"https:\/\/anivet.lt\/elparduotuve\/?post_type=product&#038;p=17871"},"modified":"2025-11-28T07:16:10","modified_gmt":"2025-11-28T07:16:10","slug":"lab-v-hepasil-dog-and-cat-kepenu-veiklai-250-ml","status":"publish","type":"product","link":"https:\/\/anivet.lt\/elparduotuve\/produktas\/lab-v-hepasil-dog-and-cat-kepenu-veiklai-250-ml\/","title":{"rendered":"Lab-v Hepasil Dog and Cat kepen\u0173 veiklai 250 ml"},"content":{"rendered":"<ul>\n<li><span lang=\"en-US\">Palaiko ir stiprina kepen\u0173 funkcij\u0105;<\/span><\/li>\n<li>Padeda detoksikuoti organizm\u0105;<\/li>\n<li>Tinka esant kepen\u0173 sutrikimams ar po gydymo antibiotikais;<\/li>\n<li>Su silimarinu (pieno usnies ekstraktu), L-karnitinu, cholinu, taurinu ir vitaminais;<\/li>\n<li>Skystos formos \u2013 lengvas dozavimas ir geras \u012fsisavinimas.<\/li>\n<\/ul>\n","protected":false},"excerpt":{"rendered":"<p><span lang=\"en-US\">Tai specialiai \u0161unims ir kat\u0117ms sukurtas papildas kepen\u0173 veiklos palaikymui, detoksikacijai ir atsigavimui po lig\u0173, vaist\u0173 vartojimo ar apsinuodijim\u0173. Sud\u0117tyje esantys augaliniai ekstraktai, aminor\u016bg\u0161tys ir vitaminai padeda apsaugoti kepen\u0173 l\u0105steles, skatinti j\u0173 atsistatym\u0105 ir gerina bendr\u0105 augintinio savijaut\u0105. <\/span><\/p>\n","protected":false},"featured_media":17872,"template":"","meta":[],"product_brand":[],"product_cat":[101,102,113,124],"product_tag":[],"class_list":{"0":"post-17871","1":"product","2":"type-product","3":"status-publish","4":"has-post-thumbnail","6":"product_cat-sunims","7":"product_cat-katems","8":"product_cat-vitaminai-ir-papildai","9":"product_cat-vitaminai-ir-papildai-katems","10":"pa_prekinis-zenklas-lab-v","12":"first","13":"outofstock","14":"taxable","15":"shipping-taxable","16":"purchasable","17":"product-type-simple"},"yoast_head":"<!-- This site is optimized with the Yoast SEO Premium plugin v27.1 (Yoast SEO v27.5) - https:\/\/yoast.com\/product\/yoast-seo-premium-wordpress\/ -->\n<title>Lab-v Hepasil Dog and Cat kepen\u0173 veiklai 250 ml - anivet.lt<\/title>\n<meta name=\"description\" content=\"Tai specialiai \u0161unims ir kat\u0117ms sukurtas papildas kepen\u0173 veiklos palaikymui, detoksikacijai ir atsigavimui po lig\u0173, vaist\u0173 vartojimo ar apsinuodijim\u0173. Sud\u0117tyje esantys augaliniai ekstraktai, aminor\u016bg\u0161tys ir vitaminai padeda apsaugoti kepen\u0173 l\u0105steles, skatinti j\u0173 atsistatym\u0105 ir gerina bendr\u0105 augintinio savijaut\u0105.\" \/>\n<meta name=\"robots\" content=\"index, follow, max-snippet:-1, max-image-preview:large, max-video-preview:-1\" \/>\n<link rel=\"canonical\" href=\"https:\/\/anivet.lt\/elparduotuve\/produktas\/lab-v-hepasil-dog-and-cat-kepenu-veiklai-250-ml\/\" \/>\n<meta property=\"og:locale\" content=\"lt_LT\" \/>\n<meta property=\"og:type\" content=\"article\" \/>\n<meta property=\"og:title\" content=\"Lab-v Hepasil Dog and Cat kepen\u0173 veiklai 250 ml\" \/>\n<meta property=\"og:description\" content=\"Tai specialiai \u0161unims ir kat\u0117ms sukurtas papildas kepen\u0173 veiklos palaikymui, detoksikacijai ir atsigavimui po lig\u0173, vaist\u0173 vartojimo ar apsinuodijim\u0173. Sud\u0117tyje esantys augaliniai ekstraktai, aminor\u016bg\u0161tys ir vitaminai padeda apsaugoti kepen\u0173 l\u0105steles, skatinti j\u0173 atsistatym\u0105 ir gerina bendr\u0105 augintinio savijaut\u0105.\" \/>\n<meta property=\"og:url\" content=\"https:\/\/anivet.lt\/elparduotuve\/produktas\/lab-v-hepasil-dog-and-cat-kepenu-veiklai-250-ml\/\" \/>\n<meta property=\"og:site_name\" content=\"anivet.lt\" \/>\n<meta property=\"article:modified_time\" content=\"2025-11-28T07:16:10+00:00\" \/>\n<meta property=\"og:image\" content=\"https:\/\/anivet.lt\/elparduotuve\/wp-content\/uploads\/2025\/05\/Hepasil-Dog-Cat.jpg\" \/>\n\t<meta property=\"og:image:width\" content=\"650\" \/>\n\t<meta property=\"og:image:height\" content=\"650\" \/>\n\t<meta property=\"og:image:type\" content=\"image\/jpeg\" \/>\n<meta name=\"twitter:card\" content=\"summary_large_image\" \/>\n<meta name=\"twitter:label1\" content=\"Est. reading time\" \/>\n\t<meta name=\"twitter:data1\" content=\"1 minut\u0117\" \/>\n<script type=\"application\/ld+json\" class=\"yoast-schema-graph\">{\"@context\":\"https:\\\/\\\/schema.org\",\"@graph\":[{\"@type\":\"WebPage\",\"@id\":\"https:\\\/\\\/anivet.lt\\\/elparduotuve\\\/produktas\\\/lab-v-hepasil-dog-and-cat-kepenu-veiklai-250-ml\\\/\",\"url\":\"https:\\\/\\\/anivet.lt\\\/elparduotuve\\\/produktas\\\/lab-v-hepasil-dog-and-cat-kepenu-veiklai-250-ml\\\/\",\"name\":\"Lab-v Hepasil Dog and Cat kepen\u0173 veiklai 250 ml - anivet.lt\",\"isPartOf\":{\"@id\":\"https:\\\/\\\/anivet.lt\\\/elparduotuve\\\/#website\"},\"primaryImageOfPage\":{\"@id\":\"https:\\\/\\\/anivet.lt\\\/elparduotuve\\\/produktas\\\/lab-v-hepasil-dog-and-cat-kepenu-veiklai-250-ml\\\/#primaryimage\"},\"image\":{\"@id\":\"https:\\\/\\\/anivet.lt\\\/elparduotuve\\\/produktas\\\/lab-v-hepasil-dog-and-cat-kepenu-veiklai-250-ml\\\/#primaryimage\"},\"thumbnailUrl\":\"https:\\\/\\\/anivet.lt\\\/elparduotuve\\\/wp-content\\\/uploads\\\/2025\\\/05\\\/Hepasil-Dog-Cat.jpg\",\"datePublished\":\"2025-05-30T09:57:21+00:00\",\"dateModified\":\"2025-11-28T07:16:10+00:00\",\"description\":\"Tai specialiai \u0161unims ir kat\u0117ms sukurtas papildas kepen\u0173 veiklos palaikymui, detoksikacijai ir atsigavimui po lig\u0173, vaist\u0173 vartojimo ar apsinuodijim\u0173. Sud\u0117tyje esantys augaliniai ekstraktai, aminor\u016bg\u0161tys ir vitaminai padeda apsaugoti kepen\u0173 l\u0105steles, skatinti j\u0173 atsistatym\u0105 ir gerina bendr\u0105 augintinio savijaut\u0105.\",\"breadcrumb\":{\"@id\":\"https:\\\/\\\/anivet.lt\\\/elparduotuve\\\/produktas\\\/lab-v-hepasil-dog-and-cat-kepenu-veiklai-250-ml\\\/#breadcrumb\"},\"inLanguage\":\"lt-LT\",\"potentialAction\":[{\"@type\":\"ReadAction\",\"target\":[\"https:\\\/\\\/anivet.lt\\\/elparduotuve\\\/produktas\\\/lab-v-hepasil-dog-and-cat-kepenu-veiklai-250-ml\\\/\"]}]},{\"@type\":\"ImageObject\",\"inLanguage\":\"lt-LT\",\"@id\":\"https:\\\/\\\/anivet.lt\\\/elparduotuve\\\/produktas\\\/lab-v-hepasil-dog-and-cat-kepenu-veiklai-250-ml\\\/#primaryimage\",\"url\":\"https:\\\/\\\/anivet.lt\\\/elparduotuve\\\/wp-content\\\/uploads\\\/2025\\\/05\\\/Hepasil-Dog-Cat.jpg\",\"contentUrl\":\"https:\\\/\\\/anivet.lt\\\/elparduotuve\\\/wp-content\\\/uploads\\\/2025\\\/05\\\/Hepasil-Dog-Cat.jpg\",\"width\":650,\"height\":650,\"caption\":\"Lab-v Hepasil Dog and Cat kepen\u0173 veiklai 250 ml\"},{\"@type\":\"BreadcrumbList\",\"@id\":\"https:\\\/\\\/anivet.lt\\\/elparduotuve\\\/produktas\\\/lab-v-hepasil-dog-and-cat-kepenu-veiklai-250-ml\\\/#breadcrumb\",\"itemListElement\":[{\"@type\":\"ListItem\",\"position\":1,\"name\":\"Home\",\"item\":\"https:\\\/\\\/anivet.lt\\\/elparduotuve\\\/\"},{\"@type\":\"ListItem\",\"position\":2,\"name\":\"Produktai\",\"item\":\"https:\\\/\\\/anivet.lt\\\/elparduotuve\\\/produktai\\\/\"},{\"@type\":\"ListItem\",\"position\":3,\"name\":\"Lab-v Hepasil Dog and Cat kepen\u0173 veiklai 250 ml\"}]},{\"@type\":\"WebSite\",\"@id\":\"https:\\\/\\\/anivet.lt\\\/elparduotuve\\\/#website\",\"url\":\"https:\\\/\\\/anivet.lt\\\/elparduotuve\\\/\",\"name\":\"anivet.lt\",\"description\":\"Viskas J\u016bs\u0173 \u0161uns, kat\u0117s prie\u017ei\u016brai\",\"publisher\":{\"@id\":\"https:\\\/\\\/anivet.lt\\\/elparduotuve\\\/#organization\"},\"alternateName\":\"Viskas J\u016bs\u0173 \u0161uns, kat\u0117s prie\u017ei\u016brai\",\"potentialAction\":[{\"@type\":\"SearchAction\",\"target\":{\"@type\":\"EntryPoint\",\"urlTemplate\":\"https:\\\/\\\/anivet.lt\\\/elparduotuve\\\/?s={search_term_string}\"},\"query-input\":{\"@type\":\"PropertyValueSpecification\",\"valueRequired\":true,\"valueName\":\"search_term_string\"}}],\"inLanguage\":\"lt-LT\"},{\"@type\":\"Organization\",\"@id\":\"https:\\\/\\\/anivet.lt\\\/elparduotuve\\\/#organization\",\"name\":\"Viskas J\u016bs\u0173 \u0161uns, kat\u0117s prie\u017ei\u016brai\",\"url\":\"https:\\\/\\\/anivet.lt\\\/elparduotuve\\\/\",\"logo\":{\"@type\":\"ImageObject\",\"inLanguage\":\"lt-LT\",\"@id\":\"https:\\\/\\\/anivet.lt\\\/elparduotuve\\\/#\\\/schema\\\/logo\\\/image\\\/\",\"url\":\"https:\\\/\\\/anivet.lt\\\/elparduotuve\\\/wp-content\\\/uploads\\\/2023\\\/06\\\/logo2.jpg\",\"contentUrl\":\"https:\\\/\\\/anivet.lt\\\/elparduotuve\\\/wp-content\\\/uploads\\\/2023\\\/06\\\/logo2.jpg\",\"width\":655,\"height\":194,\"caption\":\"Viskas J\u016bs\u0173 \u0161uns, kat\u0117s prie\u017ei\u016brai\"},\"image\":{\"@id\":\"https:\\\/\\\/anivet.lt\\\/elparduotuve\\\/#\\\/schema\\\/logo\\\/image\\\/\"}}]}<\/script>\n<!-- \/ Yoast SEO Premium plugin. -->","yoast_head_json":{"title":"Lab-v Hepasil Dog and Cat kepen\u0173 veiklai 250 ml - anivet.lt","description":"Tai specialiai \u0161unims ir kat\u0117ms sukurtas papildas kepen\u0173 veiklos palaikymui, detoksikacijai ir atsigavimui po lig\u0173, vaist\u0173 vartojimo ar apsinuodijim\u0173. Sud\u0117tyje esantys augaliniai ekstraktai, aminor\u016bg\u0161tys ir vitaminai padeda apsaugoti kepen\u0173 l\u0105steles, skatinti j\u0173 atsistatym\u0105 ir gerina bendr\u0105 augintinio savijaut\u0105.","robots":{"index":"index","follow":"follow","max-snippet":"max-snippet:-1","max-image-preview":"max-image-preview:large","max-video-preview":"max-video-preview:-1"},"canonical":"https:\/\/anivet.lt\/elparduotuve\/produktas\/lab-v-hepasil-dog-and-cat-kepenu-veiklai-250-ml\/","og_locale":"lt_LT","og_type":"article","og_title":"Lab-v Hepasil Dog and Cat kepen\u0173 veiklai 250 ml","og_description":"Tai specialiai \u0161unims ir kat\u0117ms sukurtas papildas kepen\u0173 veiklos palaikymui, detoksikacijai ir atsigavimui po lig\u0173, vaist\u0173 vartojimo ar apsinuodijim\u0173. Sud\u0117tyje esantys augaliniai ekstraktai, aminor\u016bg\u0161tys ir vitaminai padeda apsaugoti kepen\u0173 l\u0105steles, skatinti j\u0173 atsistatym\u0105 ir gerina bendr\u0105 augintinio savijaut\u0105.","og_url":"https:\/\/anivet.lt\/elparduotuve\/produktas\/lab-v-hepasil-dog-and-cat-kepenu-veiklai-250-ml\/","og_site_name":"anivet.lt","article_modified_time":"2025-11-28T07:16:10+00:00","og_image":[{"width":650,"height":650,"url":"https:\/\/anivet.lt\/elparduotuve\/wp-content\/uploads\/2025\/05\/Hepasil-Dog-Cat.jpg","type":"image\/jpeg"}],"twitter_card":"summary_large_image","twitter_misc":{"Est. reading time":"1 minut\u0117"},"schema":{"@context":"https:\/\/schema.org","@graph":[{"@type":"WebPage","@id":"https:\/\/anivet.lt\/elparduotuve\/produktas\/lab-v-hepasil-dog-and-cat-kepenu-veiklai-250-ml\/","url":"https:\/\/anivet.lt\/elparduotuve\/produktas\/lab-v-hepasil-dog-and-cat-kepenu-veiklai-250-ml\/","name":"Lab-v Hepasil Dog and Cat kepen\u0173 veiklai 250 ml - anivet.lt","isPartOf":{"@id":"https:\/\/anivet.lt\/elparduotuve\/#website"},"primaryImageOfPage":{"@id":"https:\/\/anivet.lt\/elparduotuve\/produktas\/lab-v-hepasil-dog-and-cat-kepenu-veiklai-250-ml\/#primaryimage"},"image":{"@id":"https:\/\/anivet.lt\/elparduotuve\/produktas\/lab-v-hepasil-dog-and-cat-kepenu-veiklai-250-ml\/#primaryimage"},"thumbnailUrl":"https:\/\/anivet.lt\/elparduotuve\/wp-content\/uploads\/2025\/05\/Hepasil-Dog-Cat.jpg","datePublished":"2025-05-30T09:57:21+00:00","dateModified":"2025-11-28T07:16:10+00:00","description":"Tai specialiai \u0161unims ir kat\u0117ms sukurtas papildas kepen\u0173 veiklos palaikymui, detoksikacijai ir atsigavimui po lig\u0173, vaist\u0173 vartojimo ar apsinuodijim\u0173. Sud\u0117tyje esantys augaliniai ekstraktai, aminor\u016bg\u0161tys ir vitaminai padeda apsaugoti kepen\u0173 l\u0105steles, skatinti j\u0173 atsistatym\u0105 ir gerina bendr\u0105 augintinio savijaut\u0105.","breadcrumb":{"@id":"https:\/\/anivet.lt\/elparduotuve\/produktas\/lab-v-hepasil-dog-and-cat-kepenu-veiklai-250-ml\/#breadcrumb"},"inLanguage":"lt-LT","potentialAction":[{"@type":"ReadAction","target":["https:\/\/anivet.lt\/elparduotuve\/produktas\/lab-v-hepasil-dog-and-cat-kepenu-veiklai-250-ml\/"]}]},{"@type":"ImageObject","inLanguage":"lt-LT","@id":"https:\/\/anivet.lt\/elparduotuve\/produktas\/lab-v-hepasil-dog-and-cat-kepenu-veiklai-250-ml\/#primaryimage","url":"https:\/\/anivet.lt\/elparduotuve\/wp-content\/uploads\/2025\/05\/Hepasil-Dog-Cat.jpg","contentUrl":"https:\/\/anivet.lt\/elparduotuve\/wp-content\/uploads\/2025\/05\/Hepasil-Dog-Cat.jpg","width":650,"height":650,"caption":"Lab-v Hepasil Dog and Cat kepen\u0173 veiklai 250 ml"},{"@type":"BreadcrumbList","@id":"https:\/\/anivet.lt\/elparduotuve\/produktas\/lab-v-hepasil-dog-and-cat-kepenu-veiklai-250-ml\/#breadcrumb","itemListElement":[{"@type":"ListItem","position":1,"name":"Home","item":"https:\/\/anivet.lt\/elparduotuve\/"},{"@type":"ListItem","position":2,"name":"Produktai","item":"https:\/\/anivet.lt\/elparduotuve\/produktai\/"},{"@type":"ListItem","position":3,"name":"Lab-v Hepasil Dog and Cat kepen\u0173 veiklai 250 ml"}]},{"@type":"WebSite","@id":"https:\/\/anivet.lt\/elparduotuve\/#website","url":"https:\/\/anivet.lt\/elparduotuve\/","name":"anivet.lt","description":"Viskas J\u016bs\u0173 \u0161uns, kat\u0117s prie\u017ei\u016brai","publisher":{"@id":"https:\/\/anivet.lt\/elparduotuve\/#organization"},"alternateName":"Viskas J\u016bs\u0173 \u0161uns, kat\u0117s prie\u017ei\u016brai","potentialAction":[{"@type":"SearchAction","target":{"@type":"EntryPoint","urlTemplate":"https:\/\/anivet.lt\/elparduotuve\/?s={search_term_string}"},"query-input":{"@type":"PropertyValueSpecification","valueRequired":true,"valueName":"search_term_string"}}],"inLanguage":"lt-LT"},{"@type":"Organization","@id":"https:\/\/anivet.lt\/elparduotuve\/#organization","name":"Viskas J\u016bs\u0173 \u0161uns, kat\u0117s prie\u017ei\u016brai","url":"https:\/\/anivet.lt\/elparduotuve\/","logo":{"@type":"ImageObject","inLanguage":"lt-LT","@id":"https:\/\/anivet.lt\/elparduotuve\/#\/schema\/logo\/image\/","url":"https:\/\/anivet.lt\/elparduotuve\/wp-content\/uploads\/2023\/06\/logo2.jpg","contentUrl":"https:\/\/anivet.lt\/elparduotuve\/wp-content\/uploads\/2023\/06\/logo2.jpg","width":655,"height":194,"caption":"Viskas J\u016bs\u0173 \u0161uns, kat\u0117s prie\u017ei\u016brai"},"image":{"@id":"https:\/\/anivet.lt\/elparduotuve\/#\/schema\/logo\/image\/"}}]}},"_links":{"self":[{"href":"https:\/\/anivet.lt\/elparduotuve\/wp-json\/wp\/v2\/product\/17871","targetHints":{"allow":["GET"]}}],"collection":[{"href":"https:\/\/anivet.lt\/elparduotuve\/wp-json\/wp\/v2\/product"}],"about":[{"href":"https:\/\/anivet.lt\/elparduotuve\/wp-json\/wp\/v2\/types\/product"}],"wp:featuredmedia":[{"embeddable":true,"href":"https:\/\/anivet.lt\/elparduotuve\/wp-json\/wp\/v2\/media\/17872"}],"wp:attachment":[{"href":"https:\/\/anivet.lt\/elparduotuve\/wp-json\/wp\/v2\/media?parent=17871"}],"wp:term":[{"taxonomy":"product_brand","embeddable":true,"href":"https:\/\/anivet.lt\/elparduotuve\/wp-json\/wp\/v2\/product_brand?post=17871"},{"taxonomy":"product_cat","embeddable":true,"href":"https:\/\/anivet.lt\/elparduotuve\/wp-json\/wp\/v2\/product_cat?post=17871"},{"taxonomy":"product_tag","embeddable":true,"href":"https:\/\/anivet.lt\/elparduotuve\/wp-json\/wp\/v2\/product_tag?post=17871"}],"curies":[{"name":"wp","href":"https:\/\/api.w.org\/{rel}","templated":true}]}}