{"id":17881,"date":"2025-05-30T11:07:27","date_gmt":"2025-05-30T11:07:27","guid":{"rendered":"https:\/\/anivet.lt\/elparduotuve\/?post_type=product&#038;p=17881"},"modified":"2025-10-09T11:58:45","modified_gmt":"2025-10-09T11:58:45","slug":"lab-v-kwasy-omega-3-6-100ml","status":"publish","type":"product","link":"https:\/\/anivet.lt\/elparduotuve\/produktas\/lab-v-kwasy-omega-3-6-100ml\/","title":{"rendered":"Lab-V Kwasy Omega 3-6 100ml"},"content":{"rendered":"<p><span style=\"font-weight: 400;\">Sud\u0117tyje esan\u010dios nepakei\u010diamos riebal\u0173 r\u016bg\u0161tys padeda palaikyti odos elastingum\u0105, ma\u017eina pleiskanojim\u0105 ir gerina kailio strukt\u016br\u0105. Papildas taip pat gali pad\u0117ti i\u0161laikyti normali\u0105 imunin\u0117s sistemos veikl\u0105 ir bendr\u0105 gyv\u016bno savijaut\u0105.<\/span><\/p>\n<ul>\n<li><span style=\"font-weight: 400;\">Sud\u0117tyje \u2013 omega-3 ir omega-6 riebal\u0173 r\u016bg\u0161tys.<\/span><\/li>\n<li><span style=\"font-weight: 400;\">Skirtas odos, kailio ir bendros sveikatos palaikymui.<\/span><\/li>\n<li><span style=\"font-weight: 400;\">Padeda i\u0161vengti odos i\u0161saus\u0117jimo ir \u0161erpetojimo.<\/span><\/li>\n<li><span style=\"font-weight: 400;\">Tinka naudoti tiek \u0161unims, tiek kat\u0117ms.<\/span><\/li>\n<li><span style=\"font-weight: 400;\">Be da\u017eikli\u0173, kvapikli\u0173 ar dirbtini\u0173 pried\u0173.<\/span><\/li>\n<\/ul>\n","protected":false},"excerpt":{"rendered":"<p><span style=\"font-weight: 400;\">Lab-V Omega 3 ir 6 \u2013 tai skystas papildas, skirtas kasdienei \u0161un\u0173 ir ka\u010di\u0173 sveikatos prie\u017ei\u016brai.<\/span><\/p>\n","protected":false},"featured_media":17883,"template":"","meta":[],"product_brand":[],"product_cat":[101,102,113,124],"product_tag":[],"class_list":{"0":"post-17881","1":"product","2":"type-product","3":"status-publish","4":"has-post-thumbnail","6":"product_cat-sunims","7":"product_cat-katems","8":"product_cat-vitaminai-ir-papildai","9":"product_cat-vitaminai-ir-papildai-katems","10":"pa_prekinis-zenklas-lab-v","12":"first","13":"instock","14":"sale","15":"taxable","16":"shipping-taxable","17":"purchasable","18":"product-type-simple"},"yoast_head":"<!-- This site is optimized with the Yoast SEO Premium plugin v27.1 (Yoast SEO v27.5) - https:\/\/yoast.com\/product\/yoast-seo-premium-wordpress\/ -->\n<title>Lab-V Kwasy Omega 3-6 100ml - anivet.lt<\/title>\n<meta name=\"description\" content=\"Lab-V Omega 3 ir 6 \u2013 tai skystas papildas, skirtas kasdienei \u0161un\u0173 ir ka\u010di\u0173 sveikatos prie\u017ei\u016brai.\" \/>\n<meta name=\"robots\" content=\"index, follow, max-snippet:-1, max-image-preview:large, max-video-preview:-1\" \/>\n<link rel=\"canonical\" href=\"https:\/\/anivet.lt\/elparduotuve\/produktas\/lab-v-kwasy-omega-3-6-100ml\/\" \/>\n<meta property=\"og:locale\" content=\"lt_LT\" \/>\n<meta property=\"og:type\" content=\"article\" \/>\n<meta property=\"og:title\" content=\"Lab-V Kwasy Omega 3-6 100ml\" \/>\n<meta property=\"og:description\" content=\"Lab-V Omega 3 ir 6 \u2013 tai skystas papildas, skirtas kasdienei \u0161un\u0173 ir ka\u010di\u0173 sveikatos prie\u017ei\u016brai.\" \/>\n<meta property=\"og:url\" content=\"https:\/\/anivet.lt\/elparduotuve\/produktas\/lab-v-kwasy-omega-3-6-100ml\/\" \/>\n<meta property=\"og:site_name\" content=\"anivet.lt\" \/>\n<meta property=\"article:modified_time\" content=\"2025-10-09T11:58:45+00:00\" \/>\n<meta property=\"og:image\" content=\"https:\/\/anivet.lt\/elparduotuve\/wp-content\/uploads\/2025\/05\/Kwasy-omega.jpg\" \/>\n\t<meta property=\"og:image:width\" content=\"650\" \/>\n\t<meta property=\"og:image:height\" content=\"650\" \/>\n\t<meta property=\"og:image:type\" content=\"image\/jpeg\" \/>\n<meta name=\"twitter:card\" content=\"summary_large_image\" \/>\n<meta name=\"twitter:label1\" content=\"Est. reading time\" \/>\n\t<meta name=\"twitter:data1\" content=\"1 minut\u0117\" \/>\n<script type=\"application\/ld+json\" class=\"yoast-schema-graph\">{\"@context\":\"https:\\\/\\\/schema.org\",\"@graph\":[{\"@type\":\"WebPage\",\"@id\":\"https:\\\/\\\/anivet.lt\\\/elparduotuve\\\/produktas\\\/lab-v-kwasy-omega-3-6-100ml\\\/\",\"url\":\"https:\\\/\\\/anivet.lt\\\/elparduotuve\\\/produktas\\\/lab-v-kwasy-omega-3-6-100ml\\\/\",\"name\":\"Lab-V Kwasy Omega 3-6 100ml - anivet.lt\",\"isPartOf\":{\"@id\":\"https:\\\/\\\/anivet.lt\\\/elparduotuve\\\/#website\"},\"primaryImageOfPage\":{\"@id\":\"https:\\\/\\\/anivet.lt\\\/elparduotuve\\\/produktas\\\/lab-v-kwasy-omega-3-6-100ml\\\/#primaryimage\"},\"image\":{\"@id\":\"https:\\\/\\\/anivet.lt\\\/elparduotuve\\\/produktas\\\/lab-v-kwasy-omega-3-6-100ml\\\/#primaryimage\"},\"thumbnailUrl\":\"https:\\\/\\\/anivet.lt\\\/elparduotuve\\\/wp-content\\\/uploads\\\/2025\\\/05\\\/Kwasy-omega.jpg\",\"datePublished\":\"2025-05-30T11:07:27+00:00\",\"dateModified\":\"2025-10-09T11:58:45+00:00\",\"description\":\"Lab-V Omega 3 ir 6 \u2013 tai skystas papildas, skirtas kasdienei \u0161un\u0173 ir ka\u010di\u0173 sveikatos prie\u017ei\u016brai.\",\"breadcrumb\":{\"@id\":\"https:\\\/\\\/anivet.lt\\\/elparduotuve\\\/produktas\\\/lab-v-kwasy-omega-3-6-100ml\\\/#breadcrumb\"},\"inLanguage\":\"lt-LT\",\"potentialAction\":[{\"@type\":\"ReadAction\",\"target\":[\"https:\\\/\\\/anivet.lt\\\/elparduotuve\\\/produktas\\\/lab-v-kwasy-omega-3-6-100ml\\\/\"]}]},{\"@type\":\"ImageObject\",\"inLanguage\":\"lt-LT\",\"@id\":\"https:\\\/\\\/anivet.lt\\\/elparduotuve\\\/produktas\\\/lab-v-kwasy-omega-3-6-100ml\\\/#primaryimage\",\"url\":\"https:\\\/\\\/anivet.lt\\\/elparduotuve\\\/wp-content\\\/uploads\\\/2025\\\/05\\\/Kwasy-omega.jpg\",\"contentUrl\":\"https:\\\/\\\/anivet.lt\\\/elparduotuve\\\/wp-content\\\/uploads\\\/2025\\\/05\\\/Kwasy-omega.jpg\",\"width\":650,\"height\":650,\"caption\":\"Lab-V Kwasy Omega 3-6 100ml\"},{\"@type\":\"BreadcrumbList\",\"@id\":\"https:\\\/\\\/anivet.lt\\\/elparduotuve\\\/produktas\\\/lab-v-kwasy-omega-3-6-100ml\\\/#breadcrumb\",\"itemListElement\":[{\"@type\":\"ListItem\",\"position\":1,\"name\":\"Home\",\"item\":\"https:\\\/\\\/anivet.lt\\\/elparduotuve\\\/\"},{\"@type\":\"ListItem\",\"position\":2,\"name\":\"Produktai\",\"item\":\"https:\\\/\\\/anivet.lt\\\/elparduotuve\\\/produktai\\\/\"},{\"@type\":\"ListItem\",\"position\":3,\"name\":\"Lab-V Kwasy Omega 3-6 100ml\"}]},{\"@type\":\"WebSite\",\"@id\":\"https:\\\/\\\/anivet.lt\\\/elparduotuve\\\/#website\",\"url\":\"https:\\\/\\\/anivet.lt\\\/elparduotuve\\\/\",\"name\":\"anivet.lt\",\"description\":\"Viskas J\u016bs\u0173 \u0161uns, kat\u0117s prie\u017ei\u016brai\",\"publisher\":{\"@id\":\"https:\\\/\\\/anivet.lt\\\/elparduotuve\\\/#organization\"},\"alternateName\":\"Viskas J\u016bs\u0173 \u0161uns, kat\u0117s prie\u017ei\u016brai\",\"potentialAction\":[{\"@type\":\"SearchAction\",\"target\":{\"@type\":\"EntryPoint\",\"urlTemplate\":\"https:\\\/\\\/anivet.lt\\\/elparduotuve\\\/?s={search_term_string}\"},\"query-input\":{\"@type\":\"PropertyValueSpecification\",\"valueRequired\":true,\"valueName\":\"search_term_string\"}}],\"inLanguage\":\"lt-LT\"},{\"@type\":\"Organization\",\"@id\":\"https:\\\/\\\/anivet.lt\\\/elparduotuve\\\/#organization\",\"name\":\"Viskas J\u016bs\u0173 \u0161uns, kat\u0117s prie\u017ei\u016brai\",\"url\":\"https:\\\/\\\/anivet.lt\\\/elparduotuve\\\/\",\"logo\":{\"@type\":\"ImageObject\",\"inLanguage\":\"lt-LT\",\"@id\":\"https:\\\/\\\/anivet.lt\\\/elparduotuve\\\/#\\\/schema\\\/logo\\\/image\\\/\",\"url\":\"https:\\\/\\\/anivet.lt\\\/elparduotuve\\\/wp-content\\\/uploads\\\/2023\\\/06\\\/logo2.jpg\",\"contentUrl\":\"https:\\\/\\\/anivet.lt\\\/elparduotuve\\\/wp-content\\\/uploads\\\/2023\\\/06\\\/logo2.jpg\",\"width\":655,\"height\":194,\"caption\":\"Viskas J\u016bs\u0173 \u0161uns, kat\u0117s prie\u017ei\u016brai\"},\"image\":{\"@id\":\"https:\\\/\\\/anivet.lt\\\/elparduotuve\\\/#\\\/schema\\\/logo\\\/image\\\/\"}}]}<\/script>\n<!-- \/ Yoast SEO Premium plugin. -->","yoast_head_json":{"title":"Lab-V Kwasy Omega 3-6 100ml - anivet.lt","description":"Lab-V Omega 3 ir 6 \u2013 tai skystas papildas, skirtas kasdienei \u0161un\u0173 ir ka\u010di\u0173 sveikatos prie\u017ei\u016brai.","robots":{"index":"index","follow":"follow","max-snippet":"max-snippet:-1","max-image-preview":"max-image-preview:large","max-video-preview":"max-video-preview:-1"},"canonical":"https:\/\/anivet.lt\/elparduotuve\/produktas\/lab-v-kwasy-omega-3-6-100ml\/","og_locale":"lt_LT","og_type":"article","og_title":"Lab-V Kwasy Omega 3-6 100ml","og_description":"Lab-V Omega 3 ir 6 \u2013 tai skystas papildas, skirtas kasdienei \u0161un\u0173 ir ka\u010di\u0173 sveikatos prie\u017ei\u016brai.","og_url":"https:\/\/anivet.lt\/elparduotuve\/produktas\/lab-v-kwasy-omega-3-6-100ml\/","og_site_name":"anivet.lt","article_modified_time":"2025-10-09T11:58:45+00:00","og_image":[{"width":650,"height":650,"url":"https:\/\/anivet.lt\/elparduotuve\/wp-content\/uploads\/2025\/05\/Kwasy-omega.jpg","type":"image\/jpeg"}],"twitter_card":"summary_large_image","twitter_misc":{"Est. reading time":"1 minut\u0117"},"schema":{"@context":"https:\/\/schema.org","@graph":[{"@type":"WebPage","@id":"https:\/\/anivet.lt\/elparduotuve\/produktas\/lab-v-kwasy-omega-3-6-100ml\/","url":"https:\/\/anivet.lt\/elparduotuve\/produktas\/lab-v-kwasy-omega-3-6-100ml\/","name":"Lab-V Kwasy Omega 3-6 100ml - anivet.lt","isPartOf":{"@id":"https:\/\/anivet.lt\/elparduotuve\/#website"},"primaryImageOfPage":{"@id":"https:\/\/anivet.lt\/elparduotuve\/produktas\/lab-v-kwasy-omega-3-6-100ml\/#primaryimage"},"image":{"@id":"https:\/\/anivet.lt\/elparduotuve\/produktas\/lab-v-kwasy-omega-3-6-100ml\/#primaryimage"},"thumbnailUrl":"https:\/\/anivet.lt\/elparduotuve\/wp-content\/uploads\/2025\/05\/Kwasy-omega.jpg","datePublished":"2025-05-30T11:07:27+00:00","dateModified":"2025-10-09T11:58:45+00:00","description":"Lab-V Omega 3 ir 6 \u2013 tai skystas papildas, skirtas kasdienei \u0161un\u0173 ir ka\u010di\u0173 sveikatos prie\u017ei\u016brai.","breadcrumb":{"@id":"https:\/\/anivet.lt\/elparduotuve\/produktas\/lab-v-kwasy-omega-3-6-100ml\/#breadcrumb"},"inLanguage":"lt-LT","potentialAction":[{"@type":"ReadAction","target":["https:\/\/anivet.lt\/elparduotuve\/produktas\/lab-v-kwasy-omega-3-6-100ml\/"]}]},{"@type":"ImageObject","inLanguage":"lt-LT","@id":"https:\/\/anivet.lt\/elparduotuve\/produktas\/lab-v-kwasy-omega-3-6-100ml\/#primaryimage","url":"https:\/\/anivet.lt\/elparduotuve\/wp-content\/uploads\/2025\/05\/Kwasy-omega.jpg","contentUrl":"https:\/\/anivet.lt\/elparduotuve\/wp-content\/uploads\/2025\/05\/Kwasy-omega.jpg","width":650,"height":650,"caption":"Lab-V Kwasy Omega 3-6 100ml"},{"@type":"BreadcrumbList","@id":"https:\/\/anivet.lt\/elparduotuve\/produktas\/lab-v-kwasy-omega-3-6-100ml\/#breadcrumb","itemListElement":[{"@type":"ListItem","position":1,"name":"Home","item":"https:\/\/anivet.lt\/elparduotuve\/"},{"@type":"ListItem","position":2,"name":"Produktai","item":"https:\/\/anivet.lt\/elparduotuve\/produktai\/"},{"@type":"ListItem","position":3,"name":"Lab-V Kwasy Omega 3-6 100ml"}]},{"@type":"WebSite","@id":"https:\/\/anivet.lt\/elparduotuve\/#website","url":"https:\/\/anivet.lt\/elparduotuve\/","name":"anivet.lt","description":"Viskas J\u016bs\u0173 \u0161uns, kat\u0117s prie\u017ei\u016brai","publisher":{"@id":"https:\/\/anivet.lt\/elparduotuve\/#organization"},"alternateName":"Viskas J\u016bs\u0173 \u0161uns, kat\u0117s prie\u017ei\u016brai","potentialAction":[{"@type":"SearchAction","target":{"@type":"EntryPoint","urlTemplate":"https:\/\/anivet.lt\/elparduotuve\/?s={search_term_string}"},"query-input":{"@type":"PropertyValueSpecification","valueRequired":true,"valueName":"search_term_string"}}],"inLanguage":"lt-LT"},{"@type":"Organization","@id":"https:\/\/anivet.lt\/elparduotuve\/#organization","name":"Viskas J\u016bs\u0173 \u0161uns, kat\u0117s prie\u017ei\u016brai","url":"https:\/\/anivet.lt\/elparduotuve\/","logo":{"@type":"ImageObject","inLanguage":"lt-LT","@id":"https:\/\/anivet.lt\/elparduotuve\/#\/schema\/logo\/image\/","url":"https:\/\/anivet.lt\/elparduotuve\/wp-content\/uploads\/2023\/06\/logo2.jpg","contentUrl":"https:\/\/anivet.lt\/elparduotuve\/wp-content\/uploads\/2023\/06\/logo2.jpg","width":655,"height":194,"caption":"Viskas J\u016bs\u0173 \u0161uns, kat\u0117s prie\u017ei\u016brai"},"image":{"@id":"https:\/\/anivet.lt\/elparduotuve\/#\/schema\/logo\/image\/"}}]}},"_links":{"self":[{"href":"https:\/\/anivet.lt\/elparduotuve\/wp-json\/wp\/v2\/product\/17881","targetHints":{"allow":["GET"]}}],"collection":[{"href":"https:\/\/anivet.lt\/elparduotuve\/wp-json\/wp\/v2\/product"}],"about":[{"href":"https:\/\/anivet.lt\/elparduotuve\/wp-json\/wp\/v2\/types\/product"}],"wp:featuredmedia":[{"embeddable":true,"href":"https:\/\/anivet.lt\/elparduotuve\/wp-json\/wp\/v2\/media\/17883"}],"wp:attachment":[{"href":"https:\/\/anivet.lt\/elparduotuve\/wp-json\/wp\/v2\/media?parent=17881"}],"wp:term":[{"taxonomy":"product_brand","embeddable":true,"href":"https:\/\/anivet.lt\/elparduotuve\/wp-json\/wp\/v2\/product_brand?post=17881"},{"taxonomy":"product_cat","embeddable":true,"href":"https:\/\/anivet.lt\/elparduotuve\/wp-json\/wp\/v2\/product_cat?post=17881"},{"taxonomy":"product_tag","embeddable":true,"href":"https:\/\/anivet.lt\/elparduotuve\/wp-json\/wp\/v2\/product_tag?post=17881"}],"curies":[{"name":"wp","href":"https:\/\/api.w.org\/{rel}","templated":true}]}}