{"id":17885,"date":"2025-05-30T11:19:41","date_gmt":"2025-05-30T11:19:41","guid":{"rendered":"https:\/\/anivet.lt\/elparduotuve\/?post_type=product&#038;p=17885"},"modified":"2026-02-26T11:50:02","modified_gmt":"2026-02-26T11:50:02","slug":"lab-v-omega-3-100-1l","status":"publish","type":"product","link":"https:\/\/anivet.lt\/elparduotuve\/produktas\/lab-v-omega-3-100-1l\/","title":{"rendered":"Lab-V Omega 3 \u2013 100% 1L"},"content":{"rendered":"<p><span style=\"font-weight: 400;\">Papildas pagamintas i\u0161 auk\u0161tos kokyb\u0117s Atlanto la\u0161i\u0161\u0173 aliejaus, turin\u010dio daug omega-3 riebal\u0173 r\u016bg\u0161\u010di\u0173, kurios padeda palaikyti sveik\u0105 od\u0105, blizgant\u012f kail\u012f ir stipr\u0173 imunitet\u0105. D\u0117l savo prie\u0161u\u017edegimini\u0173 savybi\u0173 \u0161is papildas gali b\u016bti naudingas esant odos nie\u017e\u0117jimui, \u0161erpetojimui ar alerginiams po\u017eymiams. Taip pat prisideda prie \u0161irdies, kraujotakos, nerv\u0173 sistemos ir smegen\u0173 veiklos palaikymo.<\/span><\/p>\n<ul>\n<li><span style=\"font-weight: 400;\">Omega-3 \u0161altinis i\u0161 Atlanto la\u0161i\u0161\u0173 aliejaus.<\/span><\/li>\n<li><span style=\"font-weight: 400;\">Palaiko sveik\u0105 od\u0105 ir kail\u012f, ma\u017eina \u0161erpetojim\u0105.<\/span><\/li>\n<li><span style=\"font-weight: 400;\">Stiprina imunin\u0119 ir \u0161irdies-kraujagysli\u0173 sistem\u0105.<\/span><\/li>\n<li><span style=\"font-weight: 400;\">Tinka naudoti esant u\u017edegimams ar odos sudirgimui.<\/span><\/li>\n<li><span style=\"font-weight: 400;\">Gali pad\u0117ti reguliuoti cholesterolio kiek\u012f ir gerinti nerv\u0173 veikl\u0105.<\/span><\/li>\n<li><span style=\"font-weight: 400;\">Tinka vis\u0173 dyd\u017ei\u0173 \u0161unims ir kat\u0117ms.<\/span><\/li>\n<\/ul>\n","protected":false},"excerpt":{"rendered":"<p><span style=\"font-weight: 400;\">Lab-V Omega 3 -t<\/span>ai auk\u0161tos kokyb\u0117s, nat\u016bralus ir 100 % grynas la\u0161i\u0161\u0173 aliejus, skirtas palaikyti \u0161un\u0173 ir ka\u010di\u0173 sveikat\u0105, gerinti odos b\u016bkl\u0119, stiprinti \u0161irdies veikl\u0105 bei palaikyti nerv\u0173 sistem\u0105.<\/p>\n","protected":false},"featured_media":17886,"template":"","meta":[],"product_brand":[],"product_cat":[101,102,113,124],"product_tag":[],"class_list":{"0":"post-17885","1":"product","2":"type-product","3":"status-publish","4":"has-post-thumbnail","6":"product_cat-sunims","7":"product_cat-katems","8":"product_cat-vitaminai-ir-papildai","9":"product_cat-vitaminai-ir-papildai-katems","10":"pa_prekinis-zenklas-lab-v","12":"first","13":"outofstock","14":"taxable","15":"shipping-taxable","16":"purchasable","17":"product-type-simple"},"yoast_head":"<!-- This site is optimized with the Yoast SEO Premium plugin v27.1 (Yoast SEO v27.5) - https:\/\/yoast.com\/product\/yoast-seo-premium-wordpress\/ -->\n<title>Lab-V Omega 3 \u2013 100% 1L - anivet.lt<\/title>\n<meta name=\"description\" content=\"Lab-V Omega 3 -tai auk\u0161tos kokyb\u0117s, nat\u016bralus ir 100 % grynas la\u0161i\u0161\u0173 aliejus, skirtas palaikyti \u0161un\u0173 ir ka\u010di\u0173 sveikat\u0105, gerinti odos b\u016bkl\u0119, stiprinti \u0161irdies veikl\u0105 bei palaikyti nerv\u0173 sistem\u0105.\" \/>\n<meta name=\"robots\" content=\"index, follow, max-snippet:-1, max-image-preview:large, max-video-preview:-1\" \/>\n<link rel=\"canonical\" href=\"https:\/\/anivet.lt\/elparduotuve\/produktas\/lab-v-omega-3-100-1l\/\" \/>\n<meta property=\"og:locale\" content=\"lt_LT\" \/>\n<meta property=\"og:type\" content=\"article\" \/>\n<meta property=\"og:title\" content=\"Lab-V Omega 3 \u2013 100% 1L\" \/>\n<meta property=\"og:description\" content=\"Lab-V Omega 3 -tai auk\u0161tos kokyb\u0117s, nat\u016bralus ir 100 % grynas la\u0161i\u0161\u0173 aliejus, skirtas palaikyti \u0161un\u0173 ir ka\u010di\u0173 sveikat\u0105, gerinti odos b\u016bkl\u0119, stiprinti \u0161irdies veikl\u0105 bei palaikyti nerv\u0173 sistem\u0105.\" \/>\n<meta property=\"og:url\" content=\"https:\/\/anivet.lt\/elparduotuve\/produktas\/lab-v-omega-3-100-1l\/\" \/>\n<meta property=\"og:site_name\" content=\"anivet.lt\" \/>\n<meta property=\"article:modified_time\" content=\"2026-02-26T11:50:02+00:00\" \/>\n<meta property=\"og:image\" content=\"https:\/\/anivet.lt\/elparduotuve\/wp-content\/uploads\/2025\/05\/Omega-3-1l.jpg\" \/>\n\t<meta property=\"og:image:width\" content=\"650\" \/>\n\t<meta property=\"og:image:height\" content=\"650\" \/>\n\t<meta property=\"og:image:type\" content=\"image\/jpeg\" \/>\n<meta name=\"twitter:card\" content=\"summary_large_image\" \/>\n<meta name=\"twitter:label1\" content=\"Est. reading time\" \/>\n\t<meta name=\"twitter:data1\" content=\"1 minut\u0117\" \/>\n<script type=\"application\/ld+json\" class=\"yoast-schema-graph\">{\"@context\":\"https:\\\/\\\/schema.org\",\"@graph\":[{\"@type\":\"WebPage\",\"@id\":\"https:\\\/\\\/anivet.lt\\\/elparduotuve\\\/produktas\\\/lab-v-omega-3-100-1l\\\/\",\"url\":\"https:\\\/\\\/anivet.lt\\\/elparduotuve\\\/produktas\\\/lab-v-omega-3-100-1l\\\/\",\"name\":\"Lab-V Omega 3 \u2013 100% 1L - anivet.lt\",\"isPartOf\":{\"@id\":\"https:\\\/\\\/anivet.lt\\\/elparduotuve\\\/#website\"},\"primaryImageOfPage\":{\"@id\":\"https:\\\/\\\/anivet.lt\\\/elparduotuve\\\/produktas\\\/lab-v-omega-3-100-1l\\\/#primaryimage\"},\"image\":{\"@id\":\"https:\\\/\\\/anivet.lt\\\/elparduotuve\\\/produktas\\\/lab-v-omega-3-100-1l\\\/#primaryimage\"},\"thumbnailUrl\":\"https:\\\/\\\/anivet.lt\\\/elparduotuve\\\/wp-content\\\/uploads\\\/2025\\\/05\\\/Omega-3-1l.jpg\",\"datePublished\":\"2025-05-30T11:19:41+00:00\",\"dateModified\":\"2026-02-26T11:50:02+00:00\",\"description\":\"Lab-V Omega 3 -tai auk\u0161tos kokyb\u0117s, nat\u016bralus ir 100 % grynas la\u0161i\u0161\u0173 aliejus, skirtas palaikyti \u0161un\u0173 ir ka\u010di\u0173 sveikat\u0105, gerinti odos b\u016bkl\u0119, stiprinti \u0161irdies veikl\u0105 bei palaikyti nerv\u0173 sistem\u0105.\",\"breadcrumb\":{\"@id\":\"https:\\\/\\\/anivet.lt\\\/elparduotuve\\\/produktas\\\/lab-v-omega-3-100-1l\\\/#breadcrumb\"},\"inLanguage\":\"lt-LT\",\"potentialAction\":[{\"@type\":\"ReadAction\",\"target\":[\"https:\\\/\\\/anivet.lt\\\/elparduotuve\\\/produktas\\\/lab-v-omega-3-100-1l\\\/\"]}]},{\"@type\":\"ImageObject\",\"inLanguage\":\"lt-LT\",\"@id\":\"https:\\\/\\\/anivet.lt\\\/elparduotuve\\\/produktas\\\/lab-v-omega-3-100-1l\\\/#primaryimage\",\"url\":\"https:\\\/\\\/anivet.lt\\\/elparduotuve\\\/wp-content\\\/uploads\\\/2025\\\/05\\\/Omega-3-1l.jpg\",\"contentUrl\":\"https:\\\/\\\/anivet.lt\\\/elparduotuve\\\/wp-content\\\/uploads\\\/2025\\\/05\\\/Omega-3-1l.jpg\",\"width\":650,\"height\":650,\"caption\":\"Lab-V Omega 3 \u2013 100% 1L\"},{\"@type\":\"BreadcrumbList\",\"@id\":\"https:\\\/\\\/anivet.lt\\\/elparduotuve\\\/produktas\\\/lab-v-omega-3-100-1l\\\/#breadcrumb\",\"itemListElement\":[{\"@type\":\"ListItem\",\"position\":1,\"name\":\"Home\",\"item\":\"https:\\\/\\\/anivet.lt\\\/elparduotuve\\\/\"},{\"@type\":\"ListItem\",\"position\":2,\"name\":\"Produktai\",\"item\":\"https:\\\/\\\/anivet.lt\\\/elparduotuve\\\/produktai\\\/\"},{\"@type\":\"ListItem\",\"position\":3,\"name\":\"Lab-V Omega 3 \u2013 100% 1L\"}]},{\"@type\":\"WebSite\",\"@id\":\"https:\\\/\\\/anivet.lt\\\/elparduotuve\\\/#website\",\"url\":\"https:\\\/\\\/anivet.lt\\\/elparduotuve\\\/\",\"name\":\"anivet.lt\",\"description\":\"Viskas J\u016bs\u0173 \u0161uns, kat\u0117s prie\u017ei\u016brai\",\"publisher\":{\"@id\":\"https:\\\/\\\/anivet.lt\\\/elparduotuve\\\/#organization\"},\"alternateName\":\"Viskas J\u016bs\u0173 \u0161uns, kat\u0117s prie\u017ei\u016brai\",\"potentialAction\":[{\"@type\":\"SearchAction\",\"target\":{\"@type\":\"EntryPoint\",\"urlTemplate\":\"https:\\\/\\\/anivet.lt\\\/elparduotuve\\\/?s={search_term_string}\"},\"query-input\":{\"@type\":\"PropertyValueSpecification\",\"valueRequired\":true,\"valueName\":\"search_term_string\"}}],\"inLanguage\":\"lt-LT\"},{\"@type\":\"Organization\",\"@id\":\"https:\\\/\\\/anivet.lt\\\/elparduotuve\\\/#organization\",\"name\":\"Viskas J\u016bs\u0173 \u0161uns, kat\u0117s prie\u017ei\u016brai\",\"url\":\"https:\\\/\\\/anivet.lt\\\/elparduotuve\\\/\",\"logo\":{\"@type\":\"ImageObject\",\"inLanguage\":\"lt-LT\",\"@id\":\"https:\\\/\\\/anivet.lt\\\/elparduotuve\\\/#\\\/schema\\\/logo\\\/image\\\/\",\"url\":\"https:\\\/\\\/anivet.lt\\\/elparduotuve\\\/wp-content\\\/uploads\\\/2023\\\/06\\\/logo2.jpg\",\"contentUrl\":\"https:\\\/\\\/anivet.lt\\\/elparduotuve\\\/wp-content\\\/uploads\\\/2023\\\/06\\\/logo2.jpg\",\"width\":655,\"height\":194,\"caption\":\"Viskas J\u016bs\u0173 \u0161uns, kat\u0117s prie\u017ei\u016brai\"},\"image\":{\"@id\":\"https:\\\/\\\/anivet.lt\\\/elparduotuve\\\/#\\\/schema\\\/logo\\\/image\\\/\"}}]}<\/script>\n<!-- \/ Yoast SEO Premium plugin. -->","yoast_head_json":{"title":"Lab-V Omega 3 \u2013 100% 1L - anivet.lt","description":"Lab-V Omega 3 -tai auk\u0161tos kokyb\u0117s, nat\u016bralus ir 100 % grynas la\u0161i\u0161\u0173 aliejus, skirtas palaikyti \u0161un\u0173 ir ka\u010di\u0173 sveikat\u0105, gerinti odos b\u016bkl\u0119, stiprinti \u0161irdies veikl\u0105 bei palaikyti nerv\u0173 sistem\u0105.","robots":{"index":"index","follow":"follow","max-snippet":"max-snippet:-1","max-image-preview":"max-image-preview:large","max-video-preview":"max-video-preview:-1"},"canonical":"https:\/\/anivet.lt\/elparduotuve\/produktas\/lab-v-omega-3-100-1l\/","og_locale":"lt_LT","og_type":"article","og_title":"Lab-V Omega 3 \u2013 100% 1L","og_description":"Lab-V Omega 3 -tai auk\u0161tos kokyb\u0117s, nat\u016bralus ir 100 % grynas la\u0161i\u0161\u0173 aliejus, skirtas palaikyti \u0161un\u0173 ir ka\u010di\u0173 sveikat\u0105, gerinti odos b\u016bkl\u0119, stiprinti \u0161irdies veikl\u0105 bei palaikyti nerv\u0173 sistem\u0105.","og_url":"https:\/\/anivet.lt\/elparduotuve\/produktas\/lab-v-omega-3-100-1l\/","og_site_name":"anivet.lt","article_modified_time":"2026-02-26T11:50:02+00:00","og_image":[{"width":650,"height":650,"url":"https:\/\/anivet.lt\/elparduotuve\/wp-content\/uploads\/2025\/05\/Omega-3-1l.jpg","type":"image\/jpeg"}],"twitter_card":"summary_large_image","twitter_misc":{"Est. reading time":"1 minut\u0117"},"schema":{"@context":"https:\/\/schema.org","@graph":[{"@type":"WebPage","@id":"https:\/\/anivet.lt\/elparduotuve\/produktas\/lab-v-omega-3-100-1l\/","url":"https:\/\/anivet.lt\/elparduotuve\/produktas\/lab-v-omega-3-100-1l\/","name":"Lab-V Omega 3 \u2013 100% 1L - anivet.lt","isPartOf":{"@id":"https:\/\/anivet.lt\/elparduotuve\/#website"},"primaryImageOfPage":{"@id":"https:\/\/anivet.lt\/elparduotuve\/produktas\/lab-v-omega-3-100-1l\/#primaryimage"},"image":{"@id":"https:\/\/anivet.lt\/elparduotuve\/produktas\/lab-v-omega-3-100-1l\/#primaryimage"},"thumbnailUrl":"https:\/\/anivet.lt\/elparduotuve\/wp-content\/uploads\/2025\/05\/Omega-3-1l.jpg","datePublished":"2025-05-30T11:19:41+00:00","dateModified":"2026-02-26T11:50:02+00:00","description":"Lab-V Omega 3 -tai auk\u0161tos kokyb\u0117s, nat\u016bralus ir 100 % grynas la\u0161i\u0161\u0173 aliejus, skirtas palaikyti \u0161un\u0173 ir ka\u010di\u0173 sveikat\u0105, gerinti odos b\u016bkl\u0119, stiprinti \u0161irdies veikl\u0105 bei palaikyti nerv\u0173 sistem\u0105.","breadcrumb":{"@id":"https:\/\/anivet.lt\/elparduotuve\/produktas\/lab-v-omega-3-100-1l\/#breadcrumb"},"inLanguage":"lt-LT","potentialAction":[{"@type":"ReadAction","target":["https:\/\/anivet.lt\/elparduotuve\/produktas\/lab-v-omega-3-100-1l\/"]}]},{"@type":"ImageObject","inLanguage":"lt-LT","@id":"https:\/\/anivet.lt\/elparduotuve\/produktas\/lab-v-omega-3-100-1l\/#primaryimage","url":"https:\/\/anivet.lt\/elparduotuve\/wp-content\/uploads\/2025\/05\/Omega-3-1l.jpg","contentUrl":"https:\/\/anivet.lt\/elparduotuve\/wp-content\/uploads\/2025\/05\/Omega-3-1l.jpg","width":650,"height":650,"caption":"Lab-V Omega 3 \u2013 100% 1L"},{"@type":"BreadcrumbList","@id":"https:\/\/anivet.lt\/elparduotuve\/produktas\/lab-v-omega-3-100-1l\/#breadcrumb","itemListElement":[{"@type":"ListItem","position":1,"name":"Home","item":"https:\/\/anivet.lt\/elparduotuve\/"},{"@type":"ListItem","position":2,"name":"Produktai","item":"https:\/\/anivet.lt\/elparduotuve\/produktai\/"},{"@type":"ListItem","position":3,"name":"Lab-V Omega 3 \u2013 100% 1L"}]},{"@type":"WebSite","@id":"https:\/\/anivet.lt\/elparduotuve\/#website","url":"https:\/\/anivet.lt\/elparduotuve\/","name":"anivet.lt","description":"Viskas J\u016bs\u0173 \u0161uns, kat\u0117s prie\u017ei\u016brai","publisher":{"@id":"https:\/\/anivet.lt\/elparduotuve\/#organization"},"alternateName":"Viskas J\u016bs\u0173 \u0161uns, kat\u0117s prie\u017ei\u016brai","potentialAction":[{"@type":"SearchAction","target":{"@type":"EntryPoint","urlTemplate":"https:\/\/anivet.lt\/elparduotuve\/?s={search_term_string}"},"query-input":{"@type":"PropertyValueSpecification","valueRequired":true,"valueName":"search_term_string"}}],"inLanguage":"lt-LT"},{"@type":"Organization","@id":"https:\/\/anivet.lt\/elparduotuve\/#organization","name":"Viskas J\u016bs\u0173 \u0161uns, kat\u0117s prie\u017ei\u016brai","url":"https:\/\/anivet.lt\/elparduotuve\/","logo":{"@type":"ImageObject","inLanguage":"lt-LT","@id":"https:\/\/anivet.lt\/elparduotuve\/#\/schema\/logo\/image\/","url":"https:\/\/anivet.lt\/elparduotuve\/wp-content\/uploads\/2023\/06\/logo2.jpg","contentUrl":"https:\/\/anivet.lt\/elparduotuve\/wp-content\/uploads\/2023\/06\/logo2.jpg","width":655,"height":194,"caption":"Viskas J\u016bs\u0173 \u0161uns, kat\u0117s prie\u017ei\u016brai"},"image":{"@id":"https:\/\/anivet.lt\/elparduotuve\/#\/schema\/logo\/image\/"}}]}},"_links":{"self":[{"href":"https:\/\/anivet.lt\/elparduotuve\/wp-json\/wp\/v2\/product\/17885","targetHints":{"allow":["GET"]}}],"collection":[{"href":"https:\/\/anivet.lt\/elparduotuve\/wp-json\/wp\/v2\/product"}],"about":[{"href":"https:\/\/anivet.lt\/elparduotuve\/wp-json\/wp\/v2\/types\/product"}],"wp:featuredmedia":[{"embeddable":true,"href":"https:\/\/anivet.lt\/elparduotuve\/wp-json\/wp\/v2\/media\/17886"}],"wp:attachment":[{"href":"https:\/\/anivet.lt\/elparduotuve\/wp-json\/wp\/v2\/media?parent=17885"}],"wp:term":[{"taxonomy":"product_brand","embeddable":true,"href":"https:\/\/anivet.lt\/elparduotuve\/wp-json\/wp\/v2\/product_brand?post=17885"},{"taxonomy":"product_cat","embeddable":true,"href":"https:\/\/anivet.lt\/elparduotuve\/wp-json\/wp\/v2\/product_cat?post=17885"},{"taxonomy":"product_tag","embeddable":true,"href":"https:\/\/anivet.lt\/elparduotuve\/wp-json\/wp\/v2\/product_tag?post=17885"}],"curies":[{"name":"wp","href":"https:\/\/api.w.org\/{rel}","templated":true}]}}