{"id":17887,"date":"2025-05-30T11:27:48","date_gmt":"2025-05-30T11:27:48","guid":{"rendered":"https:\/\/anivet.lt\/elparduotuve\/?post_type=product&#038;p=17887"},"modified":"2026-04-27T10:45:22","modified_gmt":"2026-04-27T10:45:22","slug":"lab-v-urine-ph-control-45kaps","status":"publish","type":"product","link":"https:\/\/anivet.lt\/elparduotuve\/produktas\/lab-v-urine-ph-control-45kaps\/","title":{"rendered":"Lab-V Urine pH Control \u0161lapimo sistemai 45kaps."},"content":{"rendered":"<ul>\n<li>Reguliuoja \u0161lapimo pH ir ma\u017eina struvito akmen\u0173 rizik\u0105;<\/li>\n<li>Suma\u017eina \u0161lapimo tak\u0173 u\u017edegim\u0173 ir infekcij\u0173 tikimyb\u0119;<\/li>\n<li>Sud\u0117tyje esantis L-metioninas padeda r\u016bg\u0161tinti \u0161lapim\u0105 nat\u016braliu b\u016bdu;<\/li>\n<li>Papildytas mineralais, kurie stiprina \u0161lapimo tak\u0173 sieneles;<\/li>\n<li>Lengvas vartojimas kapsuli\u0173 pavidalu, tinka \u0161unims ir kat\u0117ms.<\/li>\n<\/ul>\n","protected":false},"excerpt":{"rendered":"<p><span style=\"color: #ff0000;\">Galiojimas iki 2026.06.02!<\/span><\/p>\n<p>Specialiai sukurtos kapsul\u0117s, skirtos palaikyti tinkam\u0105 \u0161lapimo pH lyg\u012f \u0161unims ir kat\u0117ms, sergantiems struvito akmenlige ar turintiems polink\u012f \u012f \u0161lapimo tak\u0173 problemas. Optimalus \u0161lapimo r\u016bg\u0161tingumas padeda suma\u017einti \u0161lapimo tak\u0173 infekcij\u0173 ir akmen\u0173 susidarymo rizik\u0105, prisideda prie \u0161lapimo tak\u0173 sveikatos i\u0161laikymo.<\/p>\n","protected":false},"featured_media":17888,"template":"","meta":[],"product_brand":[],"product_cat":[101,102,113,124],"product_tag":[],"class_list":{"0":"post-17887","1":"product","2":"type-product","3":"status-publish","4":"has-post-thumbnail","6":"product_cat-sunims","7":"product_cat-katems","8":"product_cat-vitaminai-ir-papildai","9":"product_cat-vitaminai-ir-papildai-katems","10":"pa_prekinis-zenklas-lab-v","12":"first","13":"instock","14":"sale","15":"taxable","16":"shipping-taxable","17":"purchasable","18":"product-type-simple"},"yoast_head":"<!-- This site is optimized with the Yoast SEO Premium plugin v27.1 (Yoast SEO v27.5) - https:\/\/yoast.com\/product\/yoast-seo-premium-wordpress\/ -->\n<title>Lab-V Urine pH Control \u0161lapimo sistemai 45kaps. - anivet.lt<\/title>\n<meta name=\"description\" content=\"Galiojimas iki 2026.06.02!  Specialiai sukurtos kapsul\u0117s, skirtos palaikyti tinkam\u0105 \u0161lapimo pH lyg\u012f \u0161unims ir kat\u0117ms, sergantiems struvito akmenlige ar turintiems polink\u012f \u012f \u0161lapimo tak\u0173 problemas. Optimalus \u0161lapimo r\u016bg\u0161tingumas padeda suma\u017einti \u0161lapimo tak\u0173 infekcij\u0173 ir akmen\u0173 susidarymo rizik\u0105, prisideda prie \u0161lapimo tak\u0173 sveikatos i\u0161laikymo.\" \/>\n<meta name=\"robots\" content=\"index, follow, max-snippet:-1, max-image-preview:large, max-video-preview:-1\" \/>\n<link rel=\"canonical\" href=\"https:\/\/anivet.lt\/elparduotuve\/produktas\/lab-v-urine-ph-control-45kaps\/\" \/>\n<meta property=\"og:locale\" content=\"lt_LT\" \/>\n<meta property=\"og:type\" content=\"article\" \/>\n<meta property=\"og:title\" content=\"Lab-V Urine pH Control \u0161lapimo sistemai 45kaps.\" \/>\n<meta property=\"og:description\" content=\"Galiojimas iki 2026.06.02!  Specialiai sukurtos kapsul\u0117s, skirtos palaikyti tinkam\u0105 \u0161lapimo pH lyg\u012f \u0161unims ir kat\u0117ms, sergantiems struvito akmenlige ar turintiems polink\u012f \u012f \u0161lapimo tak\u0173 problemas. Optimalus \u0161lapimo r\u016bg\u0161tingumas padeda suma\u017einti \u0161lapimo tak\u0173 infekcij\u0173 ir akmen\u0173 susidarymo rizik\u0105, prisideda prie \u0161lapimo tak\u0173 sveikatos i\u0161laikymo.\" \/>\n<meta property=\"og:url\" content=\"https:\/\/anivet.lt\/elparduotuve\/produktas\/lab-v-urine-ph-control-45kaps\/\" \/>\n<meta property=\"og:site_name\" content=\"anivet.lt\" \/>\n<meta property=\"article:modified_time\" content=\"2026-04-27T10:45:22+00:00\" \/>\n<meta property=\"og:image\" content=\"https:\/\/anivet.lt\/elparduotuve\/wp-content\/uploads\/2025\/05\/Lab-V-Urine-pH-Control.jpg\" \/>\n\t<meta property=\"og:image:width\" content=\"650\" \/>\n\t<meta property=\"og:image:height\" content=\"650\" \/>\n\t<meta property=\"og:image:type\" content=\"image\/jpeg\" \/>\n<meta name=\"twitter:card\" content=\"summary_large_image\" \/>\n<meta name=\"twitter:label1\" content=\"Est. reading time\" \/>\n\t<meta name=\"twitter:data1\" content=\"1 minut\u0117\" \/>\n<script type=\"application\/ld+json\" class=\"yoast-schema-graph\">{\"@context\":\"https:\\\/\\\/schema.org\",\"@graph\":[{\"@type\":\"WebPage\",\"@id\":\"https:\\\/\\\/anivet.lt\\\/elparduotuve\\\/produktas\\\/lab-v-urine-ph-control-45kaps\\\/\",\"url\":\"https:\\\/\\\/anivet.lt\\\/elparduotuve\\\/produktas\\\/lab-v-urine-ph-control-45kaps\\\/\",\"name\":\"Lab-V Urine pH Control \u0161lapimo sistemai 45kaps. - anivet.lt\",\"isPartOf\":{\"@id\":\"https:\\\/\\\/anivet.lt\\\/elparduotuve\\\/#website\"},\"primaryImageOfPage\":{\"@id\":\"https:\\\/\\\/anivet.lt\\\/elparduotuve\\\/produktas\\\/lab-v-urine-ph-control-45kaps\\\/#primaryimage\"},\"image\":{\"@id\":\"https:\\\/\\\/anivet.lt\\\/elparduotuve\\\/produktas\\\/lab-v-urine-ph-control-45kaps\\\/#primaryimage\"},\"thumbnailUrl\":\"https:\\\/\\\/anivet.lt\\\/elparduotuve\\\/wp-content\\\/uploads\\\/2025\\\/05\\\/Lab-V-Urine-pH-Control.jpg\",\"datePublished\":\"2025-05-30T11:27:48+00:00\",\"dateModified\":\"2026-04-27T10:45:22+00:00\",\"description\":\"Galiojimas iki 2026.06.02! Specialiai sukurtos kapsul\u0117s, skirtos palaikyti tinkam\u0105 \u0161lapimo pH lyg\u012f \u0161unims ir kat\u0117ms, sergantiems struvito akmenlige ar turintiems polink\u012f \u012f \u0161lapimo tak\u0173 problemas. Optimalus \u0161lapimo r\u016bg\u0161tingumas padeda suma\u017einti \u0161lapimo tak\u0173 infekcij\u0173 ir akmen\u0173 susidarymo rizik\u0105, prisideda prie \u0161lapimo tak\u0173 sveikatos i\u0161laikymo.\",\"breadcrumb\":{\"@id\":\"https:\\\/\\\/anivet.lt\\\/elparduotuve\\\/produktas\\\/lab-v-urine-ph-control-45kaps\\\/#breadcrumb\"},\"inLanguage\":\"lt-LT\",\"potentialAction\":[{\"@type\":\"ReadAction\",\"target\":[\"https:\\\/\\\/anivet.lt\\\/elparduotuve\\\/produktas\\\/lab-v-urine-ph-control-45kaps\\\/\"]}]},{\"@type\":\"ImageObject\",\"inLanguage\":\"lt-LT\",\"@id\":\"https:\\\/\\\/anivet.lt\\\/elparduotuve\\\/produktas\\\/lab-v-urine-ph-control-45kaps\\\/#primaryimage\",\"url\":\"https:\\\/\\\/anivet.lt\\\/elparduotuve\\\/wp-content\\\/uploads\\\/2025\\\/05\\\/Lab-V-Urine-pH-Control.jpg\",\"contentUrl\":\"https:\\\/\\\/anivet.lt\\\/elparduotuve\\\/wp-content\\\/uploads\\\/2025\\\/05\\\/Lab-V-Urine-pH-Control.jpg\",\"width\":650,\"height\":650,\"caption\":\"Lab-V Urine pH Control 45kaps.\"},{\"@type\":\"BreadcrumbList\",\"@id\":\"https:\\\/\\\/anivet.lt\\\/elparduotuve\\\/produktas\\\/lab-v-urine-ph-control-45kaps\\\/#breadcrumb\",\"itemListElement\":[{\"@type\":\"ListItem\",\"position\":1,\"name\":\"Home\",\"item\":\"https:\\\/\\\/anivet.lt\\\/elparduotuve\\\/\"},{\"@type\":\"ListItem\",\"position\":2,\"name\":\"Produktai\",\"item\":\"https:\\\/\\\/anivet.lt\\\/elparduotuve\\\/produktai\\\/\"},{\"@type\":\"ListItem\",\"position\":3,\"name\":\"Lab-V Urine pH Control \u0161lapimo sistemai 45kaps.\"}]},{\"@type\":\"WebSite\",\"@id\":\"https:\\\/\\\/anivet.lt\\\/elparduotuve\\\/#website\",\"url\":\"https:\\\/\\\/anivet.lt\\\/elparduotuve\\\/\",\"name\":\"anivet.lt\",\"description\":\"Viskas J\u016bs\u0173 \u0161uns, kat\u0117s prie\u017ei\u016brai\",\"publisher\":{\"@id\":\"https:\\\/\\\/anivet.lt\\\/elparduotuve\\\/#organization\"},\"alternateName\":\"Viskas J\u016bs\u0173 \u0161uns, kat\u0117s prie\u017ei\u016brai\",\"potentialAction\":[{\"@type\":\"SearchAction\",\"target\":{\"@type\":\"EntryPoint\",\"urlTemplate\":\"https:\\\/\\\/anivet.lt\\\/elparduotuve\\\/?s={search_term_string}\"},\"query-input\":{\"@type\":\"PropertyValueSpecification\",\"valueRequired\":true,\"valueName\":\"search_term_string\"}}],\"inLanguage\":\"lt-LT\"},{\"@type\":\"Organization\",\"@id\":\"https:\\\/\\\/anivet.lt\\\/elparduotuve\\\/#organization\",\"name\":\"Viskas J\u016bs\u0173 \u0161uns, kat\u0117s prie\u017ei\u016brai\",\"url\":\"https:\\\/\\\/anivet.lt\\\/elparduotuve\\\/\",\"logo\":{\"@type\":\"ImageObject\",\"inLanguage\":\"lt-LT\",\"@id\":\"https:\\\/\\\/anivet.lt\\\/elparduotuve\\\/#\\\/schema\\\/logo\\\/image\\\/\",\"url\":\"https:\\\/\\\/anivet.lt\\\/elparduotuve\\\/wp-content\\\/uploads\\\/2023\\\/06\\\/logo2.jpg\",\"contentUrl\":\"https:\\\/\\\/anivet.lt\\\/elparduotuve\\\/wp-content\\\/uploads\\\/2023\\\/06\\\/logo2.jpg\",\"width\":655,\"height\":194,\"caption\":\"Viskas J\u016bs\u0173 \u0161uns, kat\u0117s prie\u017ei\u016brai\"},\"image\":{\"@id\":\"https:\\\/\\\/anivet.lt\\\/elparduotuve\\\/#\\\/schema\\\/logo\\\/image\\\/\"}}]}<\/script>\n<!-- \/ Yoast SEO Premium plugin. -->","yoast_head_json":{"title":"Lab-V Urine pH Control \u0161lapimo sistemai 45kaps. - anivet.lt","description":"Galiojimas iki 2026.06.02!  Specialiai sukurtos kapsul\u0117s, skirtos palaikyti tinkam\u0105 \u0161lapimo pH lyg\u012f \u0161unims ir kat\u0117ms, sergantiems struvito akmenlige ar turintiems polink\u012f \u012f \u0161lapimo tak\u0173 problemas. Optimalus \u0161lapimo r\u016bg\u0161tingumas padeda suma\u017einti \u0161lapimo tak\u0173 infekcij\u0173 ir akmen\u0173 susidarymo rizik\u0105, prisideda prie \u0161lapimo tak\u0173 sveikatos i\u0161laikymo.","robots":{"index":"index","follow":"follow","max-snippet":"max-snippet:-1","max-image-preview":"max-image-preview:large","max-video-preview":"max-video-preview:-1"},"canonical":"https:\/\/anivet.lt\/elparduotuve\/produktas\/lab-v-urine-ph-control-45kaps\/","og_locale":"lt_LT","og_type":"article","og_title":"Lab-V Urine pH Control \u0161lapimo sistemai 45kaps.","og_description":"Galiojimas iki 2026.06.02!  Specialiai sukurtos kapsul\u0117s, skirtos palaikyti tinkam\u0105 \u0161lapimo pH lyg\u012f \u0161unims ir kat\u0117ms, sergantiems struvito akmenlige ar turintiems polink\u012f \u012f \u0161lapimo tak\u0173 problemas. Optimalus \u0161lapimo r\u016bg\u0161tingumas padeda suma\u017einti \u0161lapimo tak\u0173 infekcij\u0173 ir akmen\u0173 susidarymo rizik\u0105, prisideda prie \u0161lapimo tak\u0173 sveikatos i\u0161laikymo.","og_url":"https:\/\/anivet.lt\/elparduotuve\/produktas\/lab-v-urine-ph-control-45kaps\/","og_site_name":"anivet.lt","article_modified_time":"2026-04-27T10:45:22+00:00","og_image":[{"width":650,"height":650,"url":"https:\/\/anivet.lt\/elparduotuve\/wp-content\/uploads\/2025\/05\/Lab-V-Urine-pH-Control.jpg","type":"image\/jpeg"}],"twitter_card":"summary_large_image","twitter_misc":{"Est. reading time":"1 minut\u0117"},"schema":{"@context":"https:\/\/schema.org","@graph":[{"@type":"WebPage","@id":"https:\/\/anivet.lt\/elparduotuve\/produktas\/lab-v-urine-ph-control-45kaps\/","url":"https:\/\/anivet.lt\/elparduotuve\/produktas\/lab-v-urine-ph-control-45kaps\/","name":"Lab-V Urine pH Control \u0161lapimo sistemai 45kaps. - anivet.lt","isPartOf":{"@id":"https:\/\/anivet.lt\/elparduotuve\/#website"},"primaryImageOfPage":{"@id":"https:\/\/anivet.lt\/elparduotuve\/produktas\/lab-v-urine-ph-control-45kaps\/#primaryimage"},"image":{"@id":"https:\/\/anivet.lt\/elparduotuve\/produktas\/lab-v-urine-ph-control-45kaps\/#primaryimage"},"thumbnailUrl":"https:\/\/anivet.lt\/elparduotuve\/wp-content\/uploads\/2025\/05\/Lab-V-Urine-pH-Control.jpg","datePublished":"2025-05-30T11:27:48+00:00","dateModified":"2026-04-27T10:45:22+00:00","description":"Galiojimas iki 2026.06.02! Specialiai sukurtos kapsul\u0117s, skirtos palaikyti tinkam\u0105 \u0161lapimo pH lyg\u012f \u0161unims ir kat\u0117ms, sergantiems struvito akmenlige ar turintiems polink\u012f \u012f \u0161lapimo tak\u0173 problemas. Optimalus \u0161lapimo r\u016bg\u0161tingumas padeda suma\u017einti \u0161lapimo tak\u0173 infekcij\u0173 ir akmen\u0173 susidarymo rizik\u0105, prisideda prie \u0161lapimo tak\u0173 sveikatos i\u0161laikymo.","breadcrumb":{"@id":"https:\/\/anivet.lt\/elparduotuve\/produktas\/lab-v-urine-ph-control-45kaps\/#breadcrumb"},"inLanguage":"lt-LT","potentialAction":[{"@type":"ReadAction","target":["https:\/\/anivet.lt\/elparduotuve\/produktas\/lab-v-urine-ph-control-45kaps\/"]}]},{"@type":"ImageObject","inLanguage":"lt-LT","@id":"https:\/\/anivet.lt\/elparduotuve\/produktas\/lab-v-urine-ph-control-45kaps\/#primaryimage","url":"https:\/\/anivet.lt\/elparduotuve\/wp-content\/uploads\/2025\/05\/Lab-V-Urine-pH-Control.jpg","contentUrl":"https:\/\/anivet.lt\/elparduotuve\/wp-content\/uploads\/2025\/05\/Lab-V-Urine-pH-Control.jpg","width":650,"height":650,"caption":"Lab-V Urine pH Control 45kaps."},{"@type":"BreadcrumbList","@id":"https:\/\/anivet.lt\/elparduotuve\/produktas\/lab-v-urine-ph-control-45kaps\/#breadcrumb","itemListElement":[{"@type":"ListItem","position":1,"name":"Home","item":"https:\/\/anivet.lt\/elparduotuve\/"},{"@type":"ListItem","position":2,"name":"Produktai","item":"https:\/\/anivet.lt\/elparduotuve\/produktai\/"},{"@type":"ListItem","position":3,"name":"Lab-V Urine pH Control \u0161lapimo sistemai 45kaps."}]},{"@type":"WebSite","@id":"https:\/\/anivet.lt\/elparduotuve\/#website","url":"https:\/\/anivet.lt\/elparduotuve\/","name":"anivet.lt","description":"Viskas J\u016bs\u0173 \u0161uns, kat\u0117s prie\u017ei\u016brai","publisher":{"@id":"https:\/\/anivet.lt\/elparduotuve\/#organization"},"alternateName":"Viskas J\u016bs\u0173 \u0161uns, kat\u0117s prie\u017ei\u016brai","potentialAction":[{"@type":"SearchAction","target":{"@type":"EntryPoint","urlTemplate":"https:\/\/anivet.lt\/elparduotuve\/?s={search_term_string}"},"query-input":{"@type":"PropertyValueSpecification","valueRequired":true,"valueName":"search_term_string"}}],"inLanguage":"lt-LT"},{"@type":"Organization","@id":"https:\/\/anivet.lt\/elparduotuve\/#organization","name":"Viskas J\u016bs\u0173 \u0161uns, kat\u0117s prie\u017ei\u016brai","url":"https:\/\/anivet.lt\/elparduotuve\/","logo":{"@type":"ImageObject","inLanguage":"lt-LT","@id":"https:\/\/anivet.lt\/elparduotuve\/#\/schema\/logo\/image\/","url":"https:\/\/anivet.lt\/elparduotuve\/wp-content\/uploads\/2023\/06\/logo2.jpg","contentUrl":"https:\/\/anivet.lt\/elparduotuve\/wp-content\/uploads\/2023\/06\/logo2.jpg","width":655,"height":194,"caption":"Viskas J\u016bs\u0173 \u0161uns, kat\u0117s prie\u017ei\u016brai"},"image":{"@id":"https:\/\/anivet.lt\/elparduotuve\/#\/schema\/logo\/image\/"}}]}},"_links":{"self":[{"href":"https:\/\/anivet.lt\/elparduotuve\/wp-json\/wp\/v2\/product\/17887","targetHints":{"allow":["GET"]}}],"collection":[{"href":"https:\/\/anivet.lt\/elparduotuve\/wp-json\/wp\/v2\/product"}],"about":[{"href":"https:\/\/anivet.lt\/elparduotuve\/wp-json\/wp\/v2\/types\/product"}],"wp:featuredmedia":[{"embeddable":true,"href":"https:\/\/anivet.lt\/elparduotuve\/wp-json\/wp\/v2\/media\/17888"}],"wp:attachment":[{"href":"https:\/\/anivet.lt\/elparduotuve\/wp-json\/wp\/v2\/media?parent=17887"}],"wp:term":[{"taxonomy":"product_brand","embeddable":true,"href":"https:\/\/anivet.lt\/elparduotuve\/wp-json\/wp\/v2\/product_brand?post=17887"},{"taxonomy":"product_cat","embeddable":true,"href":"https:\/\/anivet.lt\/elparduotuve\/wp-json\/wp\/v2\/product_cat?post=17887"},{"taxonomy":"product_tag","embeddable":true,"href":"https:\/\/anivet.lt\/elparduotuve\/wp-json\/wp\/v2\/product_tag?post=17887"}],"curies":[{"name":"wp","href":"https:\/\/api.w.org\/{rel}","templated":true}]}}