{"id":17898,"date":"2025-05-30T12:06:43","date_gmt":"2025-05-30T12:06:43","guid":{"rendered":"https:\/\/anivet.lt\/elparduotuve\/?post_type=product&#038;p=17898"},"modified":"2025-12-18T17:07:54","modified_gmt":"2025-12-18T17:07:54","slug":"lab-v-oxalatic-slapimo-sistemai-45kaps","status":"publish","type":"product","link":"https:\/\/anivet.lt\/elparduotuve\/produktas\/lab-v-oxalatic-slapimo-sistemai-45kaps\/","title":{"rendered":"Lab-V Oxalatic \u0161lapimo sistemai 45kaps."},"content":{"rendered":"<ul>\n<li>\u0160armina \u0161lapim\u0105 ir ma\u017eina oksalatini\u0173 akmen\u0173 rizik\u0105;<\/li>\n<li>Palaiko tinkam\u0105 kalio ir magnio balans\u0105 organizme;<\/li>\n<li>Skatina \u0161lapimo tak\u0173 detoksikacij\u0105 ir nat\u016brali\u0105 apsaug\u0105;<\/li>\n<li>Sud\u0117tyje esantys augaliniai ekstraktai padeda palaikyti inkst\u0173 ir \u0161lapimo tak\u0173 sveikat\u0105.<\/li>\n<\/ul>\n","protected":false},"excerpt":{"rendered":"<p>Tai specialiai sukurtas maisto papildas kat\u0117ms, padedantis i\u0161laikyti sveik\u0105 ir tinkamai veikian\u010di\u0105 \u0161lapimo tak\u0173 sistem\u0105. Produktas efektyviai ma\u017eina oksalatini\u0173 inkst\u0173 akmen\u0173 susidarymo rizik\u0105, reguliuodamas \u0161lapimo pH lyg\u012f ir u\u017etikrindamas optimalias s\u0105lygas \u0161lapimo tak\u0173 audiniams. Subalansuotas \u0161lapimo pH padeda i\u0161vengti kristal\u0173 ir akmen\u0173 formavimosi, ma\u017eina u\u017edegim\u0105 bei dirginim\u0105, tod\u0117l gyv\u016bnas jau\u010diasi patogiau ir i\u0161vengia skausmo.<\/p>\n","protected":false},"featured_media":17899,"template":"","meta":[],"product_brand":[],"product_cat":[102,124],"product_tag":[],"class_list":{"0":"post-17898","1":"product","2":"type-product","3":"status-publish","4":"has-post-thumbnail","6":"product_cat-katems","7":"product_cat-vitaminai-ir-papildai-katems","8":"pa_prekinis-zenklas-lab-v","10":"first","11":"outofstock","12":"taxable","13":"shipping-taxable","14":"purchasable","15":"product-type-simple"},"yoast_head":"<!-- This site is optimized with the Yoast SEO Premium plugin v27.1 (Yoast SEO v27.5) - https:\/\/yoast.com\/product\/yoast-seo-premium-wordpress\/ -->\n<title>Lab-V Oxalatic \u0161lapimo sistemai 45kaps. - anivet.lt<\/title>\n<meta name=\"description\" content=\"Tai specialiai sukurtas maisto papildas kat\u0117ms, padedantis i\u0161laikyti sveik\u0105 ir tinkamai veikian\u010di\u0105 \u0161lapimo tak\u0173 sistem\u0105. Produktas efektyviai ma\u017eina oksalatini\u0173 inkst\u0173 akmen\u0173 susidarymo rizik\u0105, reguliuodamas \u0161lapimo pH lyg\u012f ir u\u017etikrindamas optimalias s\u0105lygas \u0161lapimo tak\u0173 audiniams. Subalansuotas \u0161lapimo pH padeda i\u0161vengti kristal\u0173 ir akmen\u0173 formavimosi, ma\u017eina u\u017edegim\u0105 bei dirginim\u0105, tod\u0117l gyv\u016bnas jau\u010diasi patogiau ir i\u0161vengia skausmo.\" \/>\n<meta name=\"robots\" content=\"index, follow, max-snippet:-1, max-image-preview:large, max-video-preview:-1\" \/>\n<link rel=\"canonical\" href=\"https:\/\/anivet.lt\/elparduotuve\/produktas\/lab-v-oxalatic-slapimo-sistemai-45kaps\/\" \/>\n<meta property=\"og:locale\" content=\"lt_LT\" \/>\n<meta property=\"og:type\" content=\"article\" \/>\n<meta property=\"og:title\" content=\"Lab-V Oxalatic \u0161lapimo sistemai 45kaps.\" \/>\n<meta property=\"og:description\" content=\"Tai specialiai sukurtas maisto papildas kat\u0117ms, padedantis i\u0161laikyti sveik\u0105 ir tinkamai veikian\u010di\u0105 \u0161lapimo tak\u0173 sistem\u0105. Produktas efektyviai ma\u017eina oksalatini\u0173 inkst\u0173 akmen\u0173 susidarymo rizik\u0105, reguliuodamas \u0161lapimo pH lyg\u012f ir u\u017etikrindamas optimalias s\u0105lygas \u0161lapimo tak\u0173 audiniams. Subalansuotas \u0161lapimo pH padeda i\u0161vengti kristal\u0173 ir akmen\u0173 formavimosi, ma\u017eina u\u017edegim\u0105 bei dirginim\u0105, tod\u0117l gyv\u016bnas jau\u010diasi patogiau ir i\u0161vengia skausmo.\" \/>\n<meta property=\"og:url\" content=\"https:\/\/anivet.lt\/elparduotuve\/produktas\/lab-v-oxalatic-slapimo-sistemai-45kaps\/\" \/>\n<meta property=\"og:site_name\" content=\"anivet.lt\" \/>\n<meta property=\"article:modified_time\" content=\"2025-12-18T17:07:54+00:00\" \/>\n<meta property=\"og:image\" content=\"https:\/\/anivet.lt\/elparduotuve\/wp-content\/uploads\/2025\/05\/Oxalatic.jpg\" \/>\n\t<meta property=\"og:image:width\" content=\"650\" \/>\n\t<meta property=\"og:image:height\" content=\"650\" \/>\n\t<meta property=\"og:image:type\" content=\"image\/jpeg\" \/>\n<meta name=\"twitter:card\" content=\"summary_large_image\" \/>\n<meta name=\"twitter:label1\" content=\"Est. reading time\" \/>\n\t<meta name=\"twitter:data1\" content=\"1 minut\u0117\" \/>\n<script type=\"application\/ld+json\" class=\"yoast-schema-graph\">{\"@context\":\"https:\\\/\\\/schema.org\",\"@graph\":[{\"@type\":\"WebPage\",\"@id\":\"https:\\\/\\\/anivet.lt\\\/elparduotuve\\\/produktas\\\/lab-v-oxalatic-slapimo-sistemai-45kaps\\\/\",\"url\":\"https:\\\/\\\/anivet.lt\\\/elparduotuve\\\/produktas\\\/lab-v-oxalatic-slapimo-sistemai-45kaps\\\/\",\"name\":\"Lab-V Oxalatic \u0161lapimo sistemai 45kaps. - anivet.lt\",\"isPartOf\":{\"@id\":\"https:\\\/\\\/anivet.lt\\\/elparduotuve\\\/#website\"},\"primaryImageOfPage\":{\"@id\":\"https:\\\/\\\/anivet.lt\\\/elparduotuve\\\/produktas\\\/lab-v-oxalatic-slapimo-sistemai-45kaps\\\/#primaryimage\"},\"image\":{\"@id\":\"https:\\\/\\\/anivet.lt\\\/elparduotuve\\\/produktas\\\/lab-v-oxalatic-slapimo-sistemai-45kaps\\\/#primaryimage\"},\"thumbnailUrl\":\"https:\\\/\\\/anivet.lt\\\/elparduotuve\\\/wp-content\\\/uploads\\\/2025\\\/05\\\/Oxalatic.jpg\",\"datePublished\":\"2025-05-30T12:06:43+00:00\",\"dateModified\":\"2025-12-18T17:07:54+00:00\",\"description\":\"Tai specialiai sukurtas maisto papildas kat\u0117ms, padedantis i\u0161laikyti sveik\u0105 ir tinkamai veikian\u010di\u0105 \u0161lapimo tak\u0173 sistem\u0105. Produktas efektyviai ma\u017eina oksalatini\u0173 inkst\u0173 akmen\u0173 susidarymo rizik\u0105, reguliuodamas \u0161lapimo pH lyg\u012f ir u\u017etikrindamas optimalias s\u0105lygas \u0161lapimo tak\u0173 audiniams. Subalansuotas \u0161lapimo pH padeda i\u0161vengti kristal\u0173 ir akmen\u0173 formavimosi, ma\u017eina u\u017edegim\u0105 bei dirginim\u0105, tod\u0117l gyv\u016bnas jau\u010diasi patogiau ir i\u0161vengia skausmo.\",\"breadcrumb\":{\"@id\":\"https:\\\/\\\/anivet.lt\\\/elparduotuve\\\/produktas\\\/lab-v-oxalatic-slapimo-sistemai-45kaps\\\/#breadcrumb\"},\"inLanguage\":\"lt-LT\",\"potentialAction\":[{\"@type\":\"ReadAction\",\"target\":[\"https:\\\/\\\/anivet.lt\\\/elparduotuve\\\/produktas\\\/lab-v-oxalatic-slapimo-sistemai-45kaps\\\/\"]}]},{\"@type\":\"ImageObject\",\"inLanguage\":\"lt-LT\",\"@id\":\"https:\\\/\\\/anivet.lt\\\/elparduotuve\\\/produktas\\\/lab-v-oxalatic-slapimo-sistemai-45kaps\\\/#primaryimage\",\"url\":\"https:\\\/\\\/anivet.lt\\\/elparduotuve\\\/wp-content\\\/uploads\\\/2025\\\/05\\\/Oxalatic.jpg\",\"contentUrl\":\"https:\\\/\\\/anivet.lt\\\/elparduotuve\\\/wp-content\\\/uploads\\\/2025\\\/05\\\/Oxalatic.jpg\",\"width\":650,\"height\":650,\"caption\":\"Lab-V Oxalatic \u0161lapimo sistemai 45kaps.\"},{\"@type\":\"BreadcrumbList\",\"@id\":\"https:\\\/\\\/anivet.lt\\\/elparduotuve\\\/produktas\\\/lab-v-oxalatic-slapimo-sistemai-45kaps\\\/#breadcrumb\",\"itemListElement\":[{\"@type\":\"ListItem\",\"position\":1,\"name\":\"Home\",\"item\":\"https:\\\/\\\/anivet.lt\\\/elparduotuve\\\/\"},{\"@type\":\"ListItem\",\"position\":2,\"name\":\"Produktai\",\"item\":\"https:\\\/\\\/anivet.lt\\\/elparduotuve\\\/produktai\\\/\"},{\"@type\":\"ListItem\",\"position\":3,\"name\":\"Lab-V Oxalatic \u0161lapimo sistemai 45kaps.\"}]},{\"@type\":\"WebSite\",\"@id\":\"https:\\\/\\\/anivet.lt\\\/elparduotuve\\\/#website\",\"url\":\"https:\\\/\\\/anivet.lt\\\/elparduotuve\\\/\",\"name\":\"anivet.lt\",\"description\":\"Viskas J\u016bs\u0173 \u0161uns, kat\u0117s prie\u017ei\u016brai\",\"publisher\":{\"@id\":\"https:\\\/\\\/anivet.lt\\\/elparduotuve\\\/#organization\"},\"alternateName\":\"Viskas J\u016bs\u0173 \u0161uns, kat\u0117s prie\u017ei\u016brai\",\"potentialAction\":[{\"@type\":\"SearchAction\",\"target\":{\"@type\":\"EntryPoint\",\"urlTemplate\":\"https:\\\/\\\/anivet.lt\\\/elparduotuve\\\/?s={search_term_string}\"},\"query-input\":{\"@type\":\"PropertyValueSpecification\",\"valueRequired\":true,\"valueName\":\"search_term_string\"}}],\"inLanguage\":\"lt-LT\"},{\"@type\":\"Organization\",\"@id\":\"https:\\\/\\\/anivet.lt\\\/elparduotuve\\\/#organization\",\"name\":\"Viskas J\u016bs\u0173 \u0161uns, kat\u0117s prie\u017ei\u016brai\",\"url\":\"https:\\\/\\\/anivet.lt\\\/elparduotuve\\\/\",\"logo\":{\"@type\":\"ImageObject\",\"inLanguage\":\"lt-LT\",\"@id\":\"https:\\\/\\\/anivet.lt\\\/elparduotuve\\\/#\\\/schema\\\/logo\\\/image\\\/\",\"url\":\"https:\\\/\\\/anivet.lt\\\/elparduotuve\\\/wp-content\\\/uploads\\\/2023\\\/06\\\/logo2.jpg\",\"contentUrl\":\"https:\\\/\\\/anivet.lt\\\/elparduotuve\\\/wp-content\\\/uploads\\\/2023\\\/06\\\/logo2.jpg\",\"width\":655,\"height\":194,\"caption\":\"Viskas J\u016bs\u0173 \u0161uns, kat\u0117s prie\u017ei\u016brai\"},\"image\":{\"@id\":\"https:\\\/\\\/anivet.lt\\\/elparduotuve\\\/#\\\/schema\\\/logo\\\/image\\\/\"}}]}<\/script>\n<!-- \/ Yoast SEO Premium plugin. -->","yoast_head_json":{"title":"Lab-V Oxalatic \u0161lapimo sistemai 45kaps. - anivet.lt","description":"Tai specialiai sukurtas maisto papildas kat\u0117ms, padedantis i\u0161laikyti sveik\u0105 ir tinkamai veikian\u010di\u0105 \u0161lapimo tak\u0173 sistem\u0105. Produktas efektyviai ma\u017eina oksalatini\u0173 inkst\u0173 akmen\u0173 susidarymo rizik\u0105, reguliuodamas \u0161lapimo pH lyg\u012f ir u\u017etikrindamas optimalias s\u0105lygas \u0161lapimo tak\u0173 audiniams. Subalansuotas \u0161lapimo pH padeda i\u0161vengti kristal\u0173 ir akmen\u0173 formavimosi, ma\u017eina u\u017edegim\u0105 bei dirginim\u0105, tod\u0117l gyv\u016bnas jau\u010diasi patogiau ir i\u0161vengia skausmo.","robots":{"index":"index","follow":"follow","max-snippet":"max-snippet:-1","max-image-preview":"max-image-preview:large","max-video-preview":"max-video-preview:-1"},"canonical":"https:\/\/anivet.lt\/elparduotuve\/produktas\/lab-v-oxalatic-slapimo-sistemai-45kaps\/","og_locale":"lt_LT","og_type":"article","og_title":"Lab-V Oxalatic \u0161lapimo sistemai 45kaps.","og_description":"Tai specialiai sukurtas maisto papildas kat\u0117ms, padedantis i\u0161laikyti sveik\u0105 ir tinkamai veikian\u010di\u0105 \u0161lapimo tak\u0173 sistem\u0105. Produktas efektyviai ma\u017eina oksalatini\u0173 inkst\u0173 akmen\u0173 susidarymo rizik\u0105, reguliuodamas \u0161lapimo pH lyg\u012f ir u\u017etikrindamas optimalias s\u0105lygas \u0161lapimo tak\u0173 audiniams. Subalansuotas \u0161lapimo pH padeda i\u0161vengti kristal\u0173 ir akmen\u0173 formavimosi, ma\u017eina u\u017edegim\u0105 bei dirginim\u0105, tod\u0117l gyv\u016bnas jau\u010diasi patogiau ir i\u0161vengia skausmo.","og_url":"https:\/\/anivet.lt\/elparduotuve\/produktas\/lab-v-oxalatic-slapimo-sistemai-45kaps\/","og_site_name":"anivet.lt","article_modified_time":"2025-12-18T17:07:54+00:00","og_image":[{"width":650,"height":650,"url":"https:\/\/anivet.lt\/elparduotuve\/wp-content\/uploads\/2025\/05\/Oxalatic.jpg","type":"image\/jpeg"}],"twitter_card":"summary_large_image","twitter_misc":{"Est. reading time":"1 minut\u0117"},"schema":{"@context":"https:\/\/schema.org","@graph":[{"@type":"WebPage","@id":"https:\/\/anivet.lt\/elparduotuve\/produktas\/lab-v-oxalatic-slapimo-sistemai-45kaps\/","url":"https:\/\/anivet.lt\/elparduotuve\/produktas\/lab-v-oxalatic-slapimo-sistemai-45kaps\/","name":"Lab-V Oxalatic \u0161lapimo sistemai 45kaps. - anivet.lt","isPartOf":{"@id":"https:\/\/anivet.lt\/elparduotuve\/#website"},"primaryImageOfPage":{"@id":"https:\/\/anivet.lt\/elparduotuve\/produktas\/lab-v-oxalatic-slapimo-sistemai-45kaps\/#primaryimage"},"image":{"@id":"https:\/\/anivet.lt\/elparduotuve\/produktas\/lab-v-oxalatic-slapimo-sistemai-45kaps\/#primaryimage"},"thumbnailUrl":"https:\/\/anivet.lt\/elparduotuve\/wp-content\/uploads\/2025\/05\/Oxalatic.jpg","datePublished":"2025-05-30T12:06:43+00:00","dateModified":"2025-12-18T17:07:54+00:00","description":"Tai specialiai sukurtas maisto papildas kat\u0117ms, padedantis i\u0161laikyti sveik\u0105 ir tinkamai veikian\u010di\u0105 \u0161lapimo tak\u0173 sistem\u0105. Produktas efektyviai ma\u017eina oksalatini\u0173 inkst\u0173 akmen\u0173 susidarymo rizik\u0105, reguliuodamas \u0161lapimo pH lyg\u012f ir u\u017etikrindamas optimalias s\u0105lygas \u0161lapimo tak\u0173 audiniams. Subalansuotas \u0161lapimo pH padeda i\u0161vengti kristal\u0173 ir akmen\u0173 formavimosi, ma\u017eina u\u017edegim\u0105 bei dirginim\u0105, tod\u0117l gyv\u016bnas jau\u010diasi patogiau ir i\u0161vengia skausmo.","breadcrumb":{"@id":"https:\/\/anivet.lt\/elparduotuve\/produktas\/lab-v-oxalatic-slapimo-sistemai-45kaps\/#breadcrumb"},"inLanguage":"lt-LT","potentialAction":[{"@type":"ReadAction","target":["https:\/\/anivet.lt\/elparduotuve\/produktas\/lab-v-oxalatic-slapimo-sistemai-45kaps\/"]}]},{"@type":"ImageObject","inLanguage":"lt-LT","@id":"https:\/\/anivet.lt\/elparduotuve\/produktas\/lab-v-oxalatic-slapimo-sistemai-45kaps\/#primaryimage","url":"https:\/\/anivet.lt\/elparduotuve\/wp-content\/uploads\/2025\/05\/Oxalatic.jpg","contentUrl":"https:\/\/anivet.lt\/elparduotuve\/wp-content\/uploads\/2025\/05\/Oxalatic.jpg","width":650,"height":650,"caption":"Lab-V Oxalatic \u0161lapimo sistemai 45kaps."},{"@type":"BreadcrumbList","@id":"https:\/\/anivet.lt\/elparduotuve\/produktas\/lab-v-oxalatic-slapimo-sistemai-45kaps\/#breadcrumb","itemListElement":[{"@type":"ListItem","position":1,"name":"Home","item":"https:\/\/anivet.lt\/elparduotuve\/"},{"@type":"ListItem","position":2,"name":"Produktai","item":"https:\/\/anivet.lt\/elparduotuve\/produktai\/"},{"@type":"ListItem","position":3,"name":"Lab-V Oxalatic \u0161lapimo sistemai 45kaps."}]},{"@type":"WebSite","@id":"https:\/\/anivet.lt\/elparduotuve\/#website","url":"https:\/\/anivet.lt\/elparduotuve\/","name":"anivet.lt","description":"Viskas J\u016bs\u0173 \u0161uns, kat\u0117s prie\u017ei\u016brai","publisher":{"@id":"https:\/\/anivet.lt\/elparduotuve\/#organization"},"alternateName":"Viskas J\u016bs\u0173 \u0161uns, kat\u0117s prie\u017ei\u016brai","potentialAction":[{"@type":"SearchAction","target":{"@type":"EntryPoint","urlTemplate":"https:\/\/anivet.lt\/elparduotuve\/?s={search_term_string}"},"query-input":{"@type":"PropertyValueSpecification","valueRequired":true,"valueName":"search_term_string"}}],"inLanguage":"lt-LT"},{"@type":"Organization","@id":"https:\/\/anivet.lt\/elparduotuve\/#organization","name":"Viskas J\u016bs\u0173 \u0161uns, kat\u0117s prie\u017ei\u016brai","url":"https:\/\/anivet.lt\/elparduotuve\/","logo":{"@type":"ImageObject","inLanguage":"lt-LT","@id":"https:\/\/anivet.lt\/elparduotuve\/#\/schema\/logo\/image\/","url":"https:\/\/anivet.lt\/elparduotuve\/wp-content\/uploads\/2023\/06\/logo2.jpg","contentUrl":"https:\/\/anivet.lt\/elparduotuve\/wp-content\/uploads\/2023\/06\/logo2.jpg","width":655,"height":194,"caption":"Viskas J\u016bs\u0173 \u0161uns, kat\u0117s prie\u017ei\u016brai"},"image":{"@id":"https:\/\/anivet.lt\/elparduotuve\/#\/schema\/logo\/image\/"}}]}},"_links":{"self":[{"href":"https:\/\/anivet.lt\/elparduotuve\/wp-json\/wp\/v2\/product\/17898","targetHints":{"allow":["GET"]}}],"collection":[{"href":"https:\/\/anivet.lt\/elparduotuve\/wp-json\/wp\/v2\/product"}],"about":[{"href":"https:\/\/anivet.lt\/elparduotuve\/wp-json\/wp\/v2\/types\/product"}],"wp:featuredmedia":[{"embeddable":true,"href":"https:\/\/anivet.lt\/elparduotuve\/wp-json\/wp\/v2\/media\/17899"}],"wp:attachment":[{"href":"https:\/\/anivet.lt\/elparduotuve\/wp-json\/wp\/v2\/media?parent=17898"}],"wp:term":[{"taxonomy":"product_brand","embeddable":true,"href":"https:\/\/anivet.lt\/elparduotuve\/wp-json\/wp\/v2\/product_brand?post=17898"},{"taxonomy":"product_cat","embeddable":true,"href":"https:\/\/anivet.lt\/elparduotuve\/wp-json\/wp\/v2\/product_cat?post=17898"},{"taxonomy":"product_tag","embeddable":true,"href":"https:\/\/anivet.lt\/elparduotuve\/wp-json\/wp\/v2\/product_tag?post=17898"}],"curies":[{"name":"wp","href":"https:\/\/api.w.org\/{rel}","templated":true}]}}