{"id":17911,"date":"2025-05-31T07:31:21","date_gmt":"2025-05-31T07:31:21","guid":{"rendered":"https:\/\/anivet.lt\/elparduotuve\/?post_type=product&#038;p=17911"},"modified":"2025-11-17T15:32:53","modified_gmt":"2025-11-17T15:32:53","slug":"lab-v-hepato-protect-kepenu-veiklai-45kaps","status":"publish","type":"product","link":"https:\/\/anivet.lt\/elparduotuve\/produktas\/lab-v-hepato-protect-kepenu-veiklai-45kaps\/","title":{"rendered":"Lab-V Hepato Protect kepen\u0173 veiklai 45kaps."},"content":{"rendered":"<ul>\n<li>L-ornitinas L-asparaginas \u2013 padeda detoksikuoti amoniak\u0105, palaiko karbamido cikl\u0105 ir turi hepatoprotekcin\u012f poveik\u012f.<\/li>\n<li>Soj\u0173 lecitinas \u2013 fosfolipidas, svarbus l\u0105steli\u0173 membran\u0173 komponentas, palaiko lipid\u0173 ir cholesterolio apykait\u0105, svarbus hepatocit\u0173 sveikatai.<\/li>\n<li>Paprastojo auksabarzd\u017eio (Silybum marianum) ekstraktas \u2013 turintis silimarino, veikia kaip stiprus antioksidantas, saugo kepen\u0173 l\u0105steles nuo oksidacinio pa\u017eeidimo ir skatina j\u0173 regeneracij\u0105.<\/li>\n<li>Arti\u0161oko (Cynara scolymus) ekstraktas \u2013 turintis cinarino, skatina tul\u017eies i\u0161siskyrim\u0105, gerina vir\u0161kinim\u0105 ir detoksikacij\u0105, saugo kepenis ir palaiko j\u0173 metabolines funkcijas.<\/li>\n<li>Vitaminas B1 (tiaminas) \u2013 b\u016btinas angliavandeni\u0173 apykaitai ir energijos gamybai, palaiko nerv\u0173 sistemos ir \u0161irdies bei kraujagysli\u0173 sistemos funkcijas.<\/li>\n<li>Vitaminas B2 (riboflavinas) \u2013 svarbus kofaktorius redokso reakcijose, palaiko detoksikacijos procesus bei riebal\u0173, baltym\u0173 ir angliavandeni\u0173 apykait\u0105.<\/li>\n<\/ul>\n","protected":false},"excerpt":{"rendered":"<p>Tai specialiai sukurtas maisto papildas, skirtas \u0161unims ir kat\u0117ms, siekiant palaikyti sveik\u0105 kepen\u0173 funkcij\u0105 ir skatinti detoksikacijos procesus organizme. \u0160is produktas ypa\u010d rekomenduojamas gyv\u016bnams, turintiems kepen\u0173 funkcijos sutrikim\u0173 ar esant kepen\u0173 nepakankamumui.<\/p>\n","protected":false},"featured_media":17912,"template":"","meta":[],"product_brand":[],"product_cat":[101,102,113,124],"product_tag":[],"class_list":{"0":"post-17911","1":"product","2":"type-product","3":"status-publish","4":"has-post-thumbnail","6":"product_cat-sunims","7":"product_cat-katems","8":"product_cat-vitaminai-ir-papildai","9":"product_cat-vitaminai-ir-papildai-katems","10":"pa_prekinis-zenklas-lab-v","12":"first","13":"outofstock","14":"taxable","15":"shipping-taxable","16":"purchasable","17":"product-type-simple"},"yoast_head":"<!-- This site is optimized with the Yoast SEO Premium plugin v27.1 (Yoast SEO v27.5) - https:\/\/yoast.com\/product\/yoast-seo-premium-wordpress\/ -->\n<title>Lab-V Hepato Protect kepen\u0173 veiklai 45kaps. - anivet.lt<\/title>\n<meta name=\"description\" content=\"Tai specialiai sukurtas maisto papildas, skirtas \u0161unims ir kat\u0117ms, siekiant palaikyti sveik\u0105 kepen\u0173 funkcij\u0105 ir skatinti detoksikacijos procesus organizme. \u0160is produktas ypa\u010d rekomenduojamas gyv\u016bnams, turintiems kepen\u0173 funkcijos sutrikim\u0173 ar esant kepen\u0173 nepakankamumui.\" \/>\n<meta name=\"robots\" content=\"index, follow, max-snippet:-1, max-image-preview:large, max-video-preview:-1\" \/>\n<link rel=\"canonical\" href=\"https:\/\/anivet.lt\/elparduotuve\/produktas\/lab-v-hepato-protect-kepenu-veiklai-45kaps\/\" \/>\n<meta property=\"og:locale\" content=\"lt_LT\" \/>\n<meta property=\"og:type\" content=\"article\" \/>\n<meta property=\"og:title\" content=\"Lab-V Hepato Protect kepen\u0173 veiklai 45kaps.\" \/>\n<meta property=\"og:description\" content=\"Tai specialiai sukurtas maisto papildas, skirtas \u0161unims ir kat\u0117ms, siekiant palaikyti sveik\u0105 kepen\u0173 funkcij\u0105 ir skatinti detoksikacijos procesus organizme. \u0160is produktas ypa\u010d rekomenduojamas gyv\u016bnams, turintiems kepen\u0173 funkcijos sutrikim\u0173 ar esant kepen\u0173 nepakankamumui.\" \/>\n<meta property=\"og:url\" content=\"https:\/\/anivet.lt\/elparduotuve\/produktas\/lab-v-hepato-protect-kepenu-veiklai-45kaps\/\" \/>\n<meta property=\"og:site_name\" content=\"anivet.lt\" \/>\n<meta property=\"article:modified_time\" content=\"2025-11-17T15:32:53+00:00\" \/>\n<meta property=\"og:image\" content=\"https:\/\/anivet.lt\/elparduotuve\/wp-content\/uploads\/2025\/05\/Hepato-Protect.jpg\" \/>\n\t<meta property=\"og:image:width\" content=\"650\" \/>\n\t<meta property=\"og:image:height\" content=\"650\" \/>\n\t<meta property=\"og:image:type\" content=\"image\/jpeg\" \/>\n<meta name=\"twitter:card\" content=\"summary_large_image\" \/>\n<meta name=\"twitter:label1\" content=\"Est. reading time\" \/>\n\t<meta name=\"twitter:data1\" content=\"1 minut\u0117\" \/>\n<script type=\"application\/ld+json\" class=\"yoast-schema-graph\">{\"@context\":\"https:\\\/\\\/schema.org\",\"@graph\":[{\"@type\":\"WebPage\",\"@id\":\"https:\\\/\\\/anivet.lt\\\/elparduotuve\\\/produktas\\\/lab-v-hepato-protect-kepenu-veiklai-45kaps\\\/\",\"url\":\"https:\\\/\\\/anivet.lt\\\/elparduotuve\\\/produktas\\\/lab-v-hepato-protect-kepenu-veiklai-45kaps\\\/\",\"name\":\"Lab-V Hepato Protect kepen\u0173 veiklai 45kaps. - anivet.lt\",\"isPartOf\":{\"@id\":\"https:\\\/\\\/anivet.lt\\\/elparduotuve\\\/#website\"},\"primaryImageOfPage\":{\"@id\":\"https:\\\/\\\/anivet.lt\\\/elparduotuve\\\/produktas\\\/lab-v-hepato-protect-kepenu-veiklai-45kaps\\\/#primaryimage\"},\"image\":{\"@id\":\"https:\\\/\\\/anivet.lt\\\/elparduotuve\\\/produktas\\\/lab-v-hepato-protect-kepenu-veiklai-45kaps\\\/#primaryimage\"},\"thumbnailUrl\":\"https:\\\/\\\/anivet.lt\\\/elparduotuve\\\/wp-content\\\/uploads\\\/2025\\\/05\\\/Hepato-Protect.jpg\",\"datePublished\":\"2025-05-31T07:31:21+00:00\",\"dateModified\":\"2025-11-17T15:32:53+00:00\",\"description\":\"Tai specialiai sukurtas maisto papildas, skirtas \u0161unims ir kat\u0117ms, siekiant palaikyti sveik\u0105 kepen\u0173 funkcij\u0105 ir skatinti detoksikacijos procesus organizme. \u0160is produktas ypa\u010d rekomenduojamas gyv\u016bnams, turintiems kepen\u0173 funkcijos sutrikim\u0173 ar esant kepen\u0173 nepakankamumui.\",\"breadcrumb\":{\"@id\":\"https:\\\/\\\/anivet.lt\\\/elparduotuve\\\/produktas\\\/lab-v-hepato-protect-kepenu-veiklai-45kaps\\\/#breadcrumb\"},\"inLanguage\":\"lt-LT\",\"potentialAction\":[{\"@type\":\"ReadAction\",\"target\":[\"https:\\\/\\\/anivet.lt\\\/elparduotuve\\\/produktas\\\/lab-v-hepato-protect-kepenu-veiklai-45kaps\\\/\"]}]},{\"@type\":\"ImageObject\",\"inLanguage\":\"lt-LT\",\"@id\":\"https:\\\/\\\/anivet.lt\\\/elparduotuve\\\/produktas\\\/lab-v-hepato-protect-kepenu-veiklai-45kaps\\\/#primaryimage\",\"url\":\"https:\\\/\\\/anivet.lt\\\/elparduotuve\\\/wp-content\\\/uploads\\\/2025\\\/05\\\/Hepato-Protect.jpg\",\"contentUrl\":\"https:\\\/\\\/anivet.lt\\\/elparduotuve\\\/wp-content\\\/uploads\\\/2025\\\/05\\\/Hepato-Protect.jpg\",\"width\":650,\"height\":650,\"caption\":\"Lab-V Hepato Protect kepen\u0173 veiklai 45kaps.\"},{\"@type\":\"BreadcrumbList\",\"@id\":\"https:\\\/\\\/anivet.lt\\\/elparduotuve\\\/produktas\\\/lab-v-hepato-protect-kepenu-veiklai-45kaps\\\/#breadcrumb\",\"itemListElement\":[{\"@type\":\"ListItem\",\"position\":1,\"name\":\"Home\",\"item\":\"https:\\\/\\\/anivet.lt\\\/elparduotuve\\\/\"},{\"@type\":\"ListItem\",\"position\":2,\"name\":\"Produktai\",\"item\":\"https:\\\/\\\/anivet.lt\\\/elparduotuve\\\/produktai\\\/\"},{\"@type\":\"ListItem\",\"position\":3,\"name\":\"Lab-V Hepato Protect kepen\u0173 veiklai 45kaps.\"}]},{\"@type\":\"WebSite\",\"@id\":\"https:\\\/\\\/anivet.lt\\\/elparduotuve\\\/#website\",\"url\":\"https:\\\/\\\/anivet.lt\\\/elparduotuve\\\/\",\"name\":\"anivet.lt\",\"description\":\"Viskas J\u016bs\u0173 \u0161uns, kat\u0117s prie\u017ei\u016brai\",\"publisher\":{\"@id\":\"https:\\\/\\\/anivet.lt\\\/elparduotuve\\\/#organization\"},\"alternateName\":\"Viskas J\u016bs\u0173 \u0161uns, kat\u0117s prie\u017ei\u016brai\",\"potentialAction\":[{\"@type\":\"SearchAction\",\"target\":{\"@type\":\"EntryPoint\",\"urlTemplate\":\"https:\\\/\\\/anivet.lt\\\/elparduotuve\\\/?s={search_term_string}\"},\"query-input\":{\"@type\":\"PropertyValueSpecification\",\"valueRequired\":true,\"valueName\":\"search_term_string\"}}],\"inLanguage\":\"lt-LT\"},{\"@type\":\"Organization\",\"@id\":\"https:\\\/\\\/anivet.lt\\\/elparduotuve\\\/#organization\",\"name\":\"Viskas J\u016bs\u0173 \u0161uns, kat\u0117s prie\u017ei\u016brai\",\"url\":\"https:\\\/\\\/anivet.lt\\\/elparduotuve\\\/\",\"logo\":{\"@type\":\"ImageObject\",\"inLanguage\":\"lt-LT\",\"@id\":\"https:\\\/\\\/anivet.lt\\\/elparduotuve\\\/#\\\/schema\\\/logo\\\/image\\\/\",\"url\":\"https:\\\/\\\/anivet.lt\\\/elparduotuve\\\/wp-content\\\/uploads\\\/2023\\\/06\\\/logo2.jpg\",\"contentUrl\":\"https:\\\/\\\/anivet.lt\\\/elparduotuve\\\/wp-content\\\/uploads\\\/2023\\\/06\\\/logo2.jpg\",\"width\":655,\"height\":194,\"caption\":\"Viskas J\u016bs\u0173 \u0161uns, kat\u0117s prie\u017ei\u016brai\"},\"image\":{\"@id\":\"https:\\\/\\\/anivet.lt\\\/elparduotuve\\\/#\\\/schema\\\/logo\\\/image\\\/\"}}]}<\/script>\n<!-- \/ Yoast SEO Premium plugin. -->","yoast_head_json":{"title":"Lab-V Hepato Protect kepen\u0173 veiklai 45kaps. - anivet.lt","description":"Tai specialiai sukurtas maisto papildas, skirtas \u0161unims ir kat\u0117ms, siekiant palaikyti sveik\u0105 kepen\u0173 funkcij\u0105 ir skatinti detoksikacijos procesus organizme. \u0160is produktas ypa\u010d rekomenduojamas gyv\u016bnams, turintiems kepen\u0173 funkcijos sutrikim\u0173 ar esant kepen\u0173 nepakankamumui.","robots":{"index":"index","follow":"follow","max-snippet":"max-snippet:-1","max-image-preview":"max-image-preview:large","max-video-preview":"max-video-preview:-1"},"canonical":"https:\/\/anivet.lt\/elparduotuve\/produktas\/lab-v-hepato-protect-kepenu-veiklai-45kaps\/","og_locale":"lt_LT","og_type":"article","og_title":"Lab-V Hepato Protect kepen\u0173 veiklai 45kaps.","og_description":"Tai specialiai sukurtas maisto papildas, skirtas \u0161unims ir kat\u0117ms, siekiant palaikyti sveik\u0105 kepen\u0173 funkcij\u0105 ir skatinti detoksikacijos procesus organizme. \u0160is produktas ypa\u010d rekomenduojamas gyv\u016bnams, turintiems kepen\u0173 funkcijos sutrikim\u0173 ar esant kepen\u0173 nepakankamumui.","og_url":"https:\/\/anivet.lt\/elparduotuve\/produktas\/lab-v-hepato-protect-kepenu-veiklai-45kaps\/","og_site_name":"anivet.lt","article_modified_time":"2025-11-17T15:32:53+00:00","og_image":[{"width":650,"height":650,"url":"https:\/\/anivet.lt\/elparduotuve\/wp-content\/uploads\/2025\/05\/Hepato-Protect.jpg","type":"image\/jpeg"}],"twitter_card":"summary_large_image","twitter_misc":{"Est. reading time":"1 minut\u0117"},"schema":{"@context":"https:\/\/schema.org","@graph":[{"@type":"WebPage","@id":"https:\/\/anivet.lt\/elparduotuve\/produktas\/lab-v-hepato-protect-kepenu-veiklai-45kaps\/","url":"https:\/\/anivet.lt\/elparduotuve\/produktas\/lab-v-hepato-protect-kepenu-veiklai-45kaps\/","name":"Lab-V Hepato Protect kepen\u0173 veiklai 45kaps. - anivet.lt","isPartOf":{"@id":"https:\/\/anivet.lt\/elparduotuve\/#website"},"primaryImageOfPage":{"@id":"https:\/\/anivet.lt\/elparduotuve\/produktas\/lab-v-hepato-protect-kepenu-veiklai-45kaps\/#primaryimage"},"image":{"@id":"https:\/\/anivet.lt\/elparduotuve\/produktas\/lab-v-hepato-protect-kepenu-veiklai-45kaps\/#primaryimage"},"thumbnailUrl":"https:\/\/anivet.lt\/elparduotuve\/wp-content\/uploads\/2025\/05\/Hepato-Protect.jpg","datePublished":"2025-05-31T07:31:21+00:00","dateModified":"2025-11-17T15:32:53+00:00","description":"Tai specialiai sukurtas maisto papildas, skirtas \u0161unims ir kat\u0117ms, siekiant palaikyti sveik\u0105 kepen\u0173 funkcij\u0105 ir skatinti detoksikacijos procesus organizme. \u0160is produktas ypa\u010d rekomenduojamas gyv\u016bnams, turintiems kepen\u0173 funkcijos sutrikim\u0173 ar esant kepen\u0173 nepakankamumui.","breadcrumb":{"@id":"https:\/\/anivet.lt\/elparduotuve\/produktas\/lab-v-hepato-protect-kepenu-veiklai-45kaps\/#breadcrumb"},"inLanguage":"lt-LT","potentialAction":[{"@type":"ReadAction","target":["https:\/\/anivet.lt\/elparduotuve\/produktas\/lab-v-hepato-protect-kepenu-veiklai-45kaps\/"]}]},{"@type":"ImageObject","inLanguage":"lt-LT","@id":"https:\/\/anivet.lt\/elparduotuve\/produktas\/lab-v-hepato-protect-kepenu-veiklai-45kaps\/#primaryimage","url":"https:\/\/anivet.lt\/elparduotuve\/wp-content\/uploads\/2025\/05\/Hepato-Protect.jpg","contentUrl":"https:\/\/anivet.lt\/elparduotuve\/wp-content\/uploads\/2025\/05\/Hepato-Protect.jpg","width":650,"height":650,"caption":"Lab-V Hepato Protect kepen\u0173 veiklai 45kaps."},{"@type":"BreadcrumbList","@id":"https:\/\/anivet.lt\/elparduotuve\/produktas\/lab-v-hepato-protect-kepenu-veiklai-45kaps\/#breadcrumb","itemListElement":[{"@type":"ListItem","position":1,"name":"Home","item":"https:\/\/anivet.lt\/elparduotuve\/"},{"@type":"ListItem","position":2,"name":"Produktai","item":"https:\/\/anivet.lt\/elparduotuve\/produktai\/"},{"@type":"ListItem","position":3,"name":"Lab-V Hepato Protect kepen\u0173 veiklai 45kaps."}]},{"@type":"WebSite","@id":"https:\/\/anivet.lt\/elparduotuve\/#website","url":"https:\/\/anivet.lt\/elparduotuve\/","name":"anivet.lt","description":"Viskas J\u016bs\u0173 \u0161uns, kat\u0117s prie\u017ei\u016brai","publisher":{"@id":"https:\/\/anivet.lt\/elparduotuve\/#organization"},"alternateName":"Viskas J\u016bs\u0173 \u0161uns, kat\u0117s prie\u017ei\u016brai","potentialAction":[{"@type":"SearchAction","target":{"@type":"EntryPoint","urlTemplate":"https:\/\/anivet.lt\/elparduotuve\/?s={search_term_string}"},"query-input":{"@type":"PropertyValueSpecification","valueRequired":true,"valueName":"search_term_string"}}],"inLanguage":"lt-LT"},{"@type":"Organization","@id":"https:\/\/anivet.lt\/elparduotuve\/#organization","name":"Viskas J\u016bs\u0173 \u0161uns, kat\u0117s prie\u017ei\u016brai","url":"https:\/\/anivet.lt\/elparduotuve\/","logo":{"@type":"ImageObject","inLanguage":"lt-LT","@id":"https:\/\/anivet.lt\/elparduotuve\/#\/schema\/logo\/image\/","url":"https:\/\/anivet.lt\/elparduotuve\/wp-content\/uploads\/2023\/06\/logo2.jpg","contentUrl":"https:\/\/anivet.lt\/elparduotuve\/wp-content\/uploads\/2023\/06\/logo2.jpg","width":655,"height":194,"caption":"Viskas J\u016bs\u0173 \u0161uns, kat\u0117s prie\u017ei\u016brai"},"image":{"@id":"https:\/\/anivet.lt\/elparduotuve\/#\/schema\/logo\/image\/"}}]}},"_links":{"self":[{"href":"https:\/\/anivet.lt\/elparduotuve\/wp-json\/wp\/v2\/product\/17911","targetHints":{"allow":["GET"]}}],"collection":[{"href":"https:\/\/anivet.lt\/elparduotuve\/wp-json\/wp\/v2\/product"}],"about":[{"href":"https:\/\/anivet.lt\/elparduotuve\/wp-json\/wp\/v2\/types\/product"}],"wp:featuredmedia":[{"embeddable":true,"href":"https:\/\/anivet.lt\/elparduotuve\/wp-json\/wp\/v2\/media\/17912"}],"wp:attachment":[{"href":"https:\/\/anivet.lt\/elparduotuve\/wp-json\/wp\/v2\/media?parent=17911"}],"wp:term":[{"taxonomy":"product_brand","embeddable":true,"href":"https:\/\/anivet.lt\/elparduotuve\/wp-json\/wp\/v2\/product_brand?post=17911"},{"taxonomy":"product_cat","embeddable":true,"href":"https:\/\/anivet.lt\/elparduotuve\/wp-json\/wp\/v2\/product_cat?post=17911"},{"taxonomy":"product_tag","embeddable":true,"href":"https:\/\/anivet.lt\/elparduotuve\/wp-json\/wp\/v2\/product_tag?post=17911"}],"curies":[{"name":"wp","href":"https:\/\/api.w.org\/{rel}","templated":true}]}}