{"id":17917,"date":"2025-05-31T08:23:56","date_gmt":"2025-05-31T08:23:56","guid":{"rendered":"https:\/\/anivet.lt\/elparduotuve\/?post_type=product&#038;p=17917"},"modified":"2025-12-18T20:32:37","modified_gmt":"2025-12-18T20:32:37","slug":"lab-v-synbiotic-vet-zarnyno-veiklai-45kaps","status":"publish","type":"product","link":"https:\/\/anivet.lt\/elparduotuve\/produktas\/lab-v-synbiotic-vet-zarnyno-veiklai-45kaps\/","title":{"rendered":"Lab-V Synbiotic Vet \u017earnyno veiklai 45kaps."},"content":{"rendered":"<ul>\n<li>Sud\u0117tyje esantys probiotikai (<em>Lactobacillus casei<\/em> ir <em>Lactobacillus plantarum<\/em>) stiprina nauding\u0173j\u0173 bakterij\u0173 skai\u010di\u0173 \u017earnyne ir padeda atkurti mikrofloros balans\u0105;<\/li>\n<li>Prebiotikas inulinas skatina ger\u0173j\u0173 bakterij\u0173 augim\u0105;<\/li>\n<li>Fermentacijos miel\u0117s ir dekstroz\u0117 gerina vir\u0161kinim\u0105 bei energijos \u012fsisavinim\u0105;<\/li>\n<li>Padeda suma\u017einti viduriavimo, pilvo p\u016btimo ir kit\u0173 vir\u0161kinimo sutrikim\u0173 simptomus;<\/li>\n<li>Stiprina imunitet\u0105 ir bendr\u0105 augintinio sveikat\u0105;<\/li>\n<li>Pager\u0117ja maistini\u0173 med\u017eiag\u0173 \u012fsisavinimas;<\/li>\n<li>Atstatoma \u017earnyno mikroflora po antibiotik\u0173 vartojimo;<\/li>\n<li>Suma\u017e\u0117ja vir\u0161kinimo sistemos negalavim\u0173 rizika.<\/li>\n<\/ul>\n","protected":false},"excerpt":{"rendered":"<p><span lang=\"lt-LT\">L<\/span>ab-V Synbiotic Vet \u2013 tai kompleksinis papildas \u0161unims ir kat\u0117ms, skirtas palaikyti sveik\u0105 \u017earnyno mikroflor\u0105, skatinti ger\u0105 vir\u0161kinim\u0105 ir stiprinti organizmo <span lang=\"lt-LT\">atsparum\u0105. <\/span><span lang=\"lt-LT\">S<\/span><span lang=\"lt-LT\">ud\u0117tyje<\/span> esantys probiotikai padeda atkurti mikrofloros balans\u0105, ypa\u010d po antibiotik\u0173 vartojimo, streso ar vir\u0161kinimo sutrikim\u0173.<\/p>\n","protected":false},"featured_media":17918,"template":"","meta":[],"product_brand":[],"product_cat":[101,102,113,124],"product_tag":[],"class_list":{"0":"post-17917","1":"product","2":"type-product","3":"status-publish","4":"has-post-thumbnail","6":"product_cat-sunims","7":"product_cat-katems","8":"product_cat-vitaminai-ir-papildai","9":"product_cat-vitaminai-ir-papildai-katems","10":"pa_prekinis-zenklas-lab-v","12":"first","13":"instock","14":"taxable","15":"shipping-taxable","16":"purchasable","17":"product-type-simple"},"yoast_head":"<!-- This site is optimized with the Yoast SEO Premium plugin v27.1 (Yoast SEO v27.5) - https:\/\/yoast.com\/product\/yoast-seo-premium-wordpress\/ -->\n<title>Lab-V Synbiotic Vet \u017earnyno veiklai 45kaps. - anivet.lt<\/title>\n<meta name=\"description\" content=\"Lab-V Synbiotic Vet \u2013 tai kompleksinis papildas \u0161unims ir kat\u0117ms, skirtas palaikyti sveik\u0105 \u017earnyno mikroflor\u0105, skatinti ger\u0105 vir\u0161kinim\u0105 ir stiprinti organizmo atsparum\u0105. Sud\u0117tyje esantys probiotikai padeda atkurti mikrofloros balans\u0105, ypa\u010d po antibiotik\u0173 vartojimo, streso ar vir\u0161kinimo sutrikim\u0173.\" \/>\n<meta name=\"robots\" content=\"index, follow, max-snippet:-1, max-image-preview:large, max-video-preview:-1\" \/>\n<link rel=\"canonical\" href=\"https:\/\/anivet.lt\/elparduotuve\/produktas\/lab-v-synbiotic-vet-zarnyno-veiklai-45kaps\/\" \/>\n<meta property=\"og:locale\" content=\"lt_LT\" \/>\n<meta property=\"og:type\" content=\"article\" \/>\n<meta property=\"og:title\" content=\"Lab-V Synbiotic Vet \u017earnyno veiklai 45kaps.\" \/>\n<meta property=\"og:description\" content=\"Lab-V Synbiotic Vet \u2013 tai kompleksinis papildas \u0161unims ir kat\u0117ms, skirtas palaikyti sveik\u0105 \u017earnyno mikroflor\u0105, skatinti ger\u0105 vir\u0161kinim\u0105 ir stiprinti organizmo atsparum\u0105. Sud\u0117tyje esantys probiotikai padeda atkurti mikrofloros balans\u0105, ypa\u010d po antibiotik\u0173 vartojimo, streso ar vir\u0161kinimo sutrikim\u0173.\" \/>\n<meta property=\"og:url\" content=\"https:\/\/anivet.lt\/elparduotuve\/produktas\/lab-v-synbiotic-vet-zarnyno-veiklai-45kaps\/\" \/>\n<meta property=\"og:site_name\" content=\"anivet.lt\" \/>\n<meta property=\"article:modified_time\" content=\"2025-12-18T20:32:37+00:00\" \/>\n<meta property=\"og:image\" content=\"https:\/\/anivet.lt\/elparduotuve\/wp-content\/uploads\/2025\/05\/Synbiotic-45.jpg\" \/>\n\t<meta property=\"og:image:width\" content=\"650\" \/>\n\t<meta property=\"og:image:height\" content=\"650\" \/>\n\t<meta property=\"og:image:type\" content=\"image\/jpeg\" \/>\n<meta name=\"twitter:card\" content=\"summary_large_image\" \/>\n<meta name=\"twitter:label1\" content=\"Est. reading time\" \/>\n\t<meta name=\"twitter:data1\" content=\"1 minut\u0117\" \/>\n<script type=\"application\/ld+json\" class=\"yoast-schema-graph\">{\"@context\":\"https:\\\/\\\/schema.org\",\"@graph\":[{\"@type\":\"WebPage\",\"@id\":\"https:\\\/\\\/anivet.lt\\\/elparduotuve\\\/produktas\\\/lab-v-synbiotic-vet-zarnyno-veiklai-45kaps\\\/\",\"url\":\"https:\\\/\\\/anivet.lt\\\/elparduotuve\\\/produktas\\\/lab-v-synbiotic-vet-zarnyno-veiklai-45kaps\\\/\",\"name\":\"Lab-V Synbiotic Vet \u017earnyno veiklai 45kaps. - anivet.lt\",\"isPartOf\":{\"@id\":\"https:\\\/\\\/anivet.lt\\\/elparduotuve\\\/#website\"},\"primaryImageOfPage\":{\"@id\":\"https:\\\/\\\/anivet.lt\\\/elparduotuve\\\/produktas\\\/lab-v-synbiotic-vet-zarnyno-veiklai-45kaps\\\/#primaryimage\"},\"image\":{\"@id\":\"https:\\\/\\\/anivet.lt\\\/elparduotuve\\\/produktas\\\/lab-v-synbiotic-vet-zarnyno-veiklai-45kaps\\\/#primaryimage\"},\"thumbnailUrl\":\"https:\\\/\\\/anivet.lt\\\/elparduotuve\\\/wp-content\\\/uploads\\\/2025\\\/05\\\/Synbiotic-45.jpg\",\"datePublished\":\"2025-05-31T08:23:56+00:00\",\"dateModified\":\"2025-12-18T20:32:37+00:00\",\"description\":\"Lab-V Synbiotic Vet \u2013 tai kompleksinis papildas \u0161unims ir kat\u0117ms, skirtas palaikyti sveik\u0105 \u017earnyno mikroflor\u0105, skatinti ger\u0105 vir\u0161kinim\u0105 ir stiprinti organizmo atsparum\u0105. Sud\u0117tyje esantys probiotikai padeda atkurti mikrofloros balans\u0105, ypa\u010d po antibiotik\u0173 vartojimo, streso ar vir\u0161kinimo sutrikim\u0173.\",\"breadcrumb\":{\"@id\":\"https:\\\/\\\/anivet.lt\\\/elparduotuve\\\/produktas\\\/lab-v-synbiotic-vet-zarnyno-veiklai-45kaps\\\/#breadcrumb\"},\"inLanguage\":\"lt-LT\",\"potentialAction\":[{\"@type\":\"ReadAction\",\"target\":[\"https:\\\/\\\/anivet.lt\\\/elparduotuve\\\/produktas\\\/lab-v-synbiotic-vet-zarnyno-veiklai-45kaps\\\/\"]}]},{\"@type\":\"ImageObject\",\"inLanguage\":\"lt-LT\",\"@id\":\"https:\\\/\\\/anivet.lt\\\/elparduotuve\\\/produktas\\\/lab-v-synbiotic-vet-zarnyno-veiklai-45kaps\\\/#primaryimage\",\"url\":\"https:\\\/\\\/anivet.lt\\\/elparduotuve\\\/wp-content\\\/uploads\\\/2025\\\/05\\\/Synbiotic-45.jpg\",\"contentUrl\":\"https:\\\/\\\/anivet.lt\\\/elparduotuve\\\/wp-content\\\/uploads\\\/2025\\\/05\\\/Synbiotic-45.jpg\",\"width\":650,\"height\":650,\"caption\":\"Lab-V Synbiotic Vet 45kaps.\"},{\"@type\":\"BreadcrumbList\",\"@id\":\"https:\\\/\\\/anivet.lt\\\/elparduotuve\\\/produktas\\\/lab-v-synbiotic-vet-zarnyno-veiklai-45kaps\\\/#breadcrumb\",\"itemListElement\":[{\"@type\":\"ListItem\",\"position\":1,\"name\":\"Home\",\"item\":\"https:\\\/\\\/anivet.lt\\\/elparduotuve\\\/\"},{\"@type\":\"ListItem\",\"position\":2,\"name\":\"Produktai\",\"item\":\"https:\\\/\\\/anivet.lt\\\/elparduotuve\\\/produktai\\\/\"},{\"@type\":\"ListItem\",\"position\":3,\"name\":\"Lab-V Synbiotic Vet \u017earnyno veiklai 45kaps.\"}]},{\"@type\":\"WebSite\",\"@id\":\"https:\\\/\\\/anivet.lt\\\/elparduotuve\\\/#website\",\"url\":\"https:\\\/\\\/anivet.lt\\\/elparduotuve\\\/\",\"name\":\"anivet.lt\",\"description\":\"Viskas J\u016bs\u0173 \u0161uns, kat\u0117s prie\u017ei\u016brai\",\"publisher\":{\"@id\":\"https:\\\/\\\/anivet.lt\\\/elparduotuve\\\/#organization\"},\"alternateName\":\"Viskas J\u016bs\u0173 \u0161uns, kat\u0117s prie\u017ei\u016brai\",\"potentialAction\":[{\"@type\":\"SearchAction\",\"target\":{\"@type\":\"EntryPoint\",\"urlTemplate\":\"https:\\\/\\\/anivet.lt\\\/elparduotuve\\\/?s={search_term_string}\"},\"query-input\":{\"@type\":\"PropertyValueSpecification\",\"valueRequired\":true,\"valueName\":\"search_term_string\"}}],\"inLanguage\":\"lt-LT\"},{\"@type\":\"Organization\",\"@id\":\"https:\\\/\\\/anivet.lt\\\/elparduotuve\\\/#organization\",\"name\":\"Viskas J\u016bs\u0173 \u0161uns, kat\u0117s prie\u017ei\u016brai\",\"url\":\"https:\\\/\\\/anivet.lt\\\/elparduotuve\\\/\",\"logo\":{\"@type\":\"ImageObject\",\"inLanguage\":\"lt-LT\",\"@id\":\"https:\\\/\\\/anivet.lt\\\/elparduotuve\\\/#\\\/schema\\\/logo\\\/image\\\/\",\"url\":\"https:\\\/\\\/anivet.lt\\\/elparduotuve\\\/wp-content\\\/uploads\\\/2023\\\/06\\\/logo2.jpg\",\"contentUrl\":\"https:\\\/\\\/anivet.lt\\\/elparduotuve\\\/wp-content\\\/uploads\\\/2023\\\/06\\\/logo2.jpg\",\"width\":655,\"height\":194,\"caption\":\"Viskas J\u016bs\u0173 \u0161uns, kat\u0117s prie\u017ei\u016brai\"},\"image\":{\"@id\":\"https:\\\/\\\/anivet.lt\\\/elparduotuve\\\/#\\\/schema\\\/logo\\\/image\\\/\"}}]}<\/script>\n<!-- \/ Yoast SEO Premium plugin. -->","yoast_head_json":{"title":"Lab-V Synbiotic Vet \u017earnyno veiklai 45kaps. - anivet.lt","description":"Lab-V Synbiotic Vet \u2013 tai kompleksinis papildas \u0161unims ir kat\u0117ms, skirtas palaikyti sveik\u0105 \u017earnyno mikroflor\u0105, skatinti ger\u0105 vir\u0161kinim\u0105 ir stiprinti organizmo atsparum\u0105. Sud\u0117tyje esantys probiotikai padeda atkurti mikrofloros balans\u0105, ypa\u010d po antibiotik\u0173 vartojimo, streso ar vir\u0161kinimo sutrikim\u0173.","robots":{"index":"index","follow":"follow","max-snippet":"max-snippet:-1","max-image-preview":"max-image-preview:large","max-video-preview":"max-video-preview:-1"},"canonical":"https:\/\/anivet.lt\/elparduotuve\/produktas\/lab-v-synbiotic-vet-zarnyno-veiklai-45kaps\/","og_locale":"lt_LT","og_type":"article","og_title":"Lab-V Synbiotic Vet \u017earnyno veiklai 45kaps.","og_description":"Lab-V Synbiotic Vet \u2013 tai kompleksinis papildas \u0161unims ir kat\u0117ms, skirtas palaikyti sveik\u0105 \u017earnyno mikroflor\u0105, skatinti ger\u0105 vir\u0161kinim\u0105 ir stiprinti organizmo atsparum\u0105. Sud\u0117tyje esantys probiotikai padeda atkurti mikrofloros balans\u0105, ypa\u010d po antibiotik\u0173 vartojimo, streso ar vir\u0161kinimo sutrikim\u0173.","og_url":"https:\/\/anivet.lt\/elparduotuve\/produktas\/lab-v-synbiotic-vet-zarnyno-veiklai-45kaps\/","og_site_name":"anivet.lt","article_modified_time":"2025-12-18T20:32:37+00:00","og_image":[{"width":650,"height":650,"url":"https:\/\/anivet.lt\/elparduotuve\/wp-content\/uploads\/2025\/05\/Synbiotic-45.jpg","type":"image\/jpeg"}],"twitter_card":"summary_large_image","twitter_misc":{"Est. reading time":"1 minut\u0117"},"schema":{"@context":"https:\/\/schema.org","@graph":[{"@type":"WebPage","@id":"https:\/\/anivet.lt\/elparduotuve\/produktas\/lab-v-synbiotic-vet-zarnyno-veiklai-45kaps\/","url":"https:\/\/anivet.lt\/elparduotuve\/produktas\/lab-v-synbiotic-vet-zarnyno-veiklai-45kaps\/","name":"Lab-V Synbiotic Vet \u017earnyno veiklai 45kaps. - anivet.lt","isPartOf":{"@id":"https:\/\/anivet.lt\/elparduotuve\/#website"},"primaryImageOfPage":{"@id":"https:\/\/anivet.lt\/elparduotuve\/produktas\/lab-v-synbiotic-vet-zarnyno-veiklai-45kaps\/#primaryimage"},"image":{"@id":"https:\/\/anivet.lt\/elparduotuve\/produktas\/lab-v-synbiotic-vet-zarnyno-veiklai-45kaps\/#primaryimage"},"thumbnailUrl":"https:\/\/anivet.lt\/elparduotuve\/wp-content\/uploads\/2025\/05\/Synbiotic-45.jpg","datePublished":"2025-05-31T08:23:56+00:00","dateModified":"2025-12-18T20:32:37+00:00","description":"Lab-V Synbiotic Vet \u2013 tai kompleksinis papildas \u0161unims ir kat\u0117ms, skirtas palaikyti sveik\u0105 \u017earnyno mikroflor\u0105, skatinti ger\u0105 vir\u0161kinim\u0105 ir stiprinti organizmo atsparum\u0105. Sud\u0117tyje esantys probiotikai padeda atkurti mikrofloros balans\u0105, ypa\u010d po antibiotik\u0173 vartojimo, streso ar vir\u0161kinimo sutrikim\u0173.","breadcrumb":{"@id":"https:\/\/anivet.lt\/elparduotuve\/produktas\/lab-v-synbiotic-vet-zarnyno-veiklai-45kaps\/#breadcrumb"},"inLanguage":"lt-LT","potentialAction":[{"@type":"ReadAction","target":["https:\/\/anivet.lt\/elparduotuve\/produktas\/lab-v-synbiotic-vet-zarnyno-veiklai-45kaps\/"]}]},{"@type":"ImageObject","inLanguage":"lt-LT","@id":"https:\/\/anivet.lt\/elparduotuve\/produktas\/lab-v-synbiotic-vet-zarnyno-veiklai-45kaps\/#primaryimage","url":"https:\/\/anivet.lt\/elparduotuve\/wp-content\/uploads\/2025\/05\/Synbiotic-45.jpg","contentUrl":"https:\/\/anivet.lt\/elparduotuve\/wp-content\/uploads\/2025\/05\/Synbiotic-45.jpg","width":650,"height":650,"caption":"Lab-V Synbiotic Vet 45kaps."},{"@type":"BreadcrumbList","@id":"https:\/\/anivet.lt\/elparduotuve\/produktas\/lab-v-synbiotic-vet-zarnyno-veiklai-45kaps\/#breadcrumb","itemListElement":[{"@type":"ListItem","position":1,"name":"Home","item":"https:\/\/anivet.lt\/elparduotuve\/"},{"@type":"ListItem","position":2,"name":"Produktai","item":"https:\/\/anivet.lt\/elparduotuve\/produktai\/"},{"@type":"ListItem","position":3,"name":"Lab-V Synbiotic Vet \u017earnyno veiklai 45kaps."}]},{"@type":"WebSite","@id":"https:\/\/anivet.lt\/elparduotuve\/#website","url":"https:\/\/anivet.lt\/elparduotuve\/","name":"anivet.lt","description":"Viskas J\u016bs\u0173 \u0161uns, kat\u0117s prie\u017ei\u016brai","publisher":{"@id":"https:\/\/anivet.lt\/elparduotuve\/#organization"},"alternateName":"Viskas J\u016bs\u0173 \u0161uns, kat\u0117s prie\u017ei\u016brai","potentialAction":[{"@type":"SearchAction","target":{"@type":"EntryPoint","urlTemplate":"https:\/\/anivet.lt\/elparduotuve\/?s={search_term_string}"},"query-input":{"@type":"PropertyValueSpecification","valueRequired":true,"valueName":"search_term_string"}}],"inLanguage":"lt-LT"},{"@type":"Organization","@id":"https:\/\/anivet.lt\/elparduotuve\/#organization","name":"Viskas J\u016bs\u0173 \u0161uns, kat\u0117s prie\u017ei\u016brai","url":"https:\/\/anivet.lt\/elparduotuve\/","logo":{"@type":"ImageObject","inLanguage":"lt-LT","@id":"https:\/\/anivet.lt\/elparduotuve\/#\/schema\/logo\/image\/","url":"https:\/\/anivet.lt\/elparduotuve\/wp-content\/uploads\/2023\/06\/logo2.jpg","contentUrl":"https:\/\/anivet.lt\/elparduotuve\/wp-content\/uploads\/2023\/06\/logo2.jpg","width":655,"height":194,"caption":"Viskas J\u016bs\u0173 \u0161uns, kat\u0117s prie\u017ei\u016brai"},"image":{"@id":"https:\/\/anivet.lt\/elparduotuve\/#\/schema\/logo\/image\/"}}]}},"_links":{"self":[{"href":"https:\/\/anivet.lt\/elparduotuve\/wp-json\/wp\/v2\/product\/17917","targetHints":{"allow":["GET"]}}],"collection":[{"href":"https:\/\/anivet.lt\/elparduotuve\/wp-json\/wp\/v2\/product"}],"about":[{"href":"https:\/\/anivet.lt\/elparduotuve\/wp-json\/wp\/v2\/types\/product"}],"wp:featuredmedia":[{"embeddable":true,"href":"https:\/\/anivet.lt\/elparduotuve\/wp-json\/wp\/v2\/media\/17918"}],"wp:attachment":[{"href":"https:\/\/anivet.lt\/elparduotuve\/wp-json\/wp\/v2\/media?parent=17917"}],"wp:term":[{"taxonomy":"product_brand","embeddable":true,"href":"https:\/\/anivet.lt\/elparduotuve\/wp-json\/wp\/v2\/product_brand?post=17917"},{"taxonomy":"product_cat","embeddable":true,"href":"https:\/\/anivet.lt\/elparduotuve\/wp-json\/wp\/v2\/product_cat?post=17917"},{"taxonomy":"product_tag","embeddable":true,"href":"https:\/\/anivet.lt\/elparduotuve\/wp-json\/wp\/v2\/product_tag?post=17917"}],"curies":[{"name":"wp","href":"https:\/\/api.w.org\/{rel}","templated":true}]}}