{"id":18115,"date":"2025-06-17T10:59:17","date_gmt":"2025-06-17T10:59:17","guid":{"rendered":"https:\/\/anivet.lt\/elparduotuve\/?post_type=product&#038;p=18115"},"modified":"2026-05-06T07:56:16","modified_gmt":"2026-05-06T07:56:16","slug":"primal-iberian-ancestral-grassland-desra-sunims-1kg","status":"publish","type":"product","link":"https:\/\/anivet.lt\/elparduotuve\/produktas\/primal-iberian-ancestral-grassland-desra-sunims-1kg\/","title":{"rendered":"PRIMAL IBERIAN Ancestral Grassland de\u0161ra \u0161unims 1kg"},"content":{"rendered":"<ul>\n<li>Tinka vis\u0173 veisli\u0173 ir am\u017eiaus \u0161unims;<\/li>\n<li>U\u017etikrina auk\u0161tos kokyb\u0117s baltym\u0173 tiekim\u0105;<\/li>\n<li>Gerina odos ir kailio b\u016bkl\u0117;<\/li>\n<li>Sudaro subalansuot\u0105 ir maisting\u0105 \u0161uns mityb\u0105.<\/li>\n<\/ul>\n","protected":false},"excerpt":{"rendered":"<p>PRIMAL Iberian Ancestral Grassland de\u0161ra yra auk\u0161\u010diausios kokyb\u0117s nat\u016bralus maistas, skirtas \u0161unims. Produktas pagamintas i\u0161 kruop\u0161\u010diai atrinkt\u0173 Iberijos regiono m\u0117sos ingredient\u0173, u\u017etikrinant grynum\u0105 ir i\u0161skirtin\u012f skon\u012f. De\u0161ra neturi dirbtini\u0173 konservant\u0173, da\u017eikli\u0173 ar skonio stiprikli\u0173, tod\u0117l puikiai tinka kasdieniam \u0161uns racionui praturtinti.<\/p>\n","protected":false},"featured_media":18116,"template":"","meta":[],"product_brand":[],"product_cat":[101,103,105,440],"product_tag":[],"class_list":{"0":"post-18115","1":"product","2":"type-product","3":"status-publish","4":"has-post-thumbnail","6":"product_cat-sunims","7":"product_cat-sunu-maistas","8":"product_cat-konservai","9":"product_cat-primal-spirit-sunu-maistas","10":"pa_prekinis-zenklas-primal-spirit","12":"first","13":"outofstock","14":"taxable","15":"shipping-taxable","16":"purchasable","17":"product-type-simple"},"yoast_head":"<!-- This site is optimized with the Yoast SEO Premium plugin v27.1 (Yoast SEO v27.5) - https:\/\/yoast.com\/product\/yoast-seo-premium-wordpress\/ -->\n<title>PRIMAL IBERIAN Ancestral Grassland de\u0161ra \u0161unims 1kg - anivet.lt<\/title>\n<meta name=\"description\" content=\"PRIMAL Iberian Ancestral Grassland de\u0161ra yra auk\u0161\u010diausios kokyb\u0117s nat\u016bralus maistas, skirtas \u0161unims. Produktas pagamintas i\u0161 kruop\u0161\u010diai atrinkt\u0173 Iberijos regiono m\u0117sos ingredient\u0173, u\u017etikrinant grynum\u0105 ir i\u0161skirtin\u012f skon\u012f. De\u0161ra neturi dirbtini\u0173 konservant\u0173, da\u017eikli\u0173 ar skonio stiprikli\u0173, tod\u0117l puikiai tinka kasdieniam \u0161uns racionui praturtinti.\" \/>\n<meta name=\"robots\" content=\"index, follow, max-snippet:-1, max-image-preview:large, max-video-preview:-1\" \/>\n<link rel=\"canonical\" href=\"https:\/\/anivet.lt\/elparduotuve\/produktas\/primal-iberian-ancestral-grassland-desra-sunims-1kg\/\" \/>\n<meta property=\"og:locale\" content=\"lt_LT\" \/>\n<meta property=\"og:type\" content=\"article\" \/>\n<meta property=\"og:title\" content=\"PRIMAL IBERIAN Ancestral Grassland de\u0161ra \u0161unims 1kg\" \/>\n<meta property=\"og:description\" content=\"PRIMAL Iberian Ancestral Grassland de\u0161ra yra auk\u0161\u010diausios kokyb\u0117s nat\u016bralus maistas, skirtas \u0161unims. Produktas pagamintas i\u0161 kruop\u0161\u010diai atrinkt\u0173 Iberijos regiono m\u0117sos ingredient\u0173, u\u017etikrinant grynum\u0105 ir i\u0161skirtin\u012f skon\u012f. De\u0161ra neturi dirbtini\u0173 konservant\u0173, da\u017eikli\u0173 ar skonio stiprikli\u0173, tod\u0117l puikiai tinka kasdieniam \u0161uns racionui praturtinti.\" \/>\n<meta property=\"og:url\" content=\"https:\/\/anivet.lt\/elparduotuve\/produktas\/primal-iberian-ancestral-grassland-desra-sunims-1kg\/\" \/>\n<meta property=\"og:site_name\" content=\"anivet.lt\" \/>\n<meta property=\"article:modified_time\" content=\"2026-05-06T07:56:16+00:00\" \/>\n<meta property=\"og:image\" content=\"https:\/\/anivet.lt\/elparduotuve\/wp-content\/uploads\/2025\/06\/PRIMAL-IBERIAN-Ancestral-Grassland-desra-sunims-1kg.jpg\" \/>\n\t<meta property=\"og:image:width\" content=\"650\" \/>\n\t<meta property=\"og:image:height\" content=\"650\" \/>\n\t<meta property=\"og:image:type\" content=\"image\/jpeg\" \/>\n<meta name=\"twitter:card\" content=\"summary_large_image\" \/>\n<meta name=\"twitter:label1\" content=\"Est. reading time\" \/>\n\t<meta name=\"twitter:data1\" content=\"1 minut\u0117\" \/>\n<script type=\"application\/ld+json\" class=\"yoast-schema-graph\">{\"@context\":\"https:\\\/\\\/schema.org\",\"@graph\":[{\"@type\":\"WebPage\",\"@id\":\"https:\\\/\\\/anivet.lt\\\/elparduotuve\\\/produktas\\\/primal-iberian-ancestral-grassland-desra-sunims-1kg\\\/\",\"url\":\"https:\\\/\\\/anivet.lt\\\/elparduotuve\\\/produktas\\\/primal-iberian-ancestral-grassland-desra-sunims-1kg\\\/\",\"name\":\"PRIMAL IBERIAN Ancestral Grassland de\u0161ra \u0161unims 1kg - anivet.lt\",\"isPartOf\":{\"@id\":\"https:\\\/\\\/anivet.lt\\\/elparduotuve\\\/#website\"},\"primaryImageOfPage\":{\"@id\":\"https:\\\/\\\/anivet.lt\\\/elparduotuve\\\/produktas\\\/primal-iberian-ancestral-grassland-desra-sunims-1kg\\\/#primaryimage\"},\"image\":{\"@id\":\"https:\\\/\\\/anivet.lt\\\/elparduotuve\\\/produktas\\\/primal-iberian-ancestral-grassland-desra-sunims-1kg\\\/#primaryimage\"},\"thumbnailUrl\":\"https:\\\/\\\/anivet.lt\\\/elparduotuve\\\/wp-content\\\/uploads\\\/2025\\\/06\\\/PRIMAL-IBERIAN-Ancestral-Grassland-desra-sunims-1kg.jpg\",\"datePublished\":\"2025-06-17T10:59:17+00:00\",\"dateModified\":\"2026-05-06T07:56:16+00:00\",\"description\":\"PRIMAL Iberian Ancestral Grassland de\u0161ra yra auk\u0161\u010diausios kokyb\u0117s nat\u016bralus maistas, skirtas \u0161unims. Produktas pagamintas i\u0161 kruop\u0161\u010diai atrinkt\u0173 Iberijos regiono m\u0117sos ingredient\u0173, u\u017etikrinant grynum\u0105 ir i\u0161skirtin\u012f skon\u012f. De\u0161ra neturi dirbtini\u0173 konservant\u0173, da\u017eikli\u0173 ar skonio stiprikli\u0173, tod\u0117l puikiai tinka kasdieniam \u0161uns racionui praturtinti.\",\"breadcrumb\":{\"@id\":\"https:\\\/\\\/anivet.lt\\\/elparduotuve\\\/produktas\\\/primal-iberian-ancestral-grassland-desra-sunims-1kg\\\/#breadcrumb\"},\"inLanguage\":\"lt-LT\",\"potentialAction\":[{\"@type\":\"ReadAction\",\"target\":[\"https:\\\/\\\/anivet.lt\\\/elparduotuve\\\/produktas\\\/primal-iberian-ancestral-grassland-desra-sunims-1kg\\\/\"]}]},{\"@type\":\"ImageObject\",\"inLanguage\":\"lt-LT\",\"@id\":\"https:\\\/\\\/anivet.lt\\\/elparduotuve\\\/produktas\\\/primal-iberian-ancestral-grassland-desra-sunims-1kg\\\/#primaryimage\",\"url\":\"https:\\\/\\\/anivet.lt\\\/elparduotuve\\\/wp-content\\\/uploads\\\/2025\\\/06\\\/PRIMAL-IBERIAN-Ancestral-Grassland-desra-sunims-1kg.jpg\",\"contentUrl\":\"https:\\\/\\\/anivet.lt\\\/elparduotuve\\\/wp-content\\\/uploads\\\/2025\\\/06\\\/PRIMAL-IBERIAN-Ancestral-Grassland-desra-sunims-1kg.jpg\",\"width\":650,\"height\":650,\"caption\":\"PRIMAL IBERIAN Ancestral Grassland de\u0161ra \u0161unims 1kg\"},{\"@type\":\"BreadcrumbList\",\"@id\":\"https:\\\/\\\/anivet.lt\\\/elparduotuve\\\/produktas\\\/primal-iberian-ancestral-grassland-desra-sunims-1kg\\\/#breadcrumb\",\"itemListElement\":[{\"@type\":\"ListItem\",\"position\":1,\"name\":\"Home\",\"item\":\"https:\\\/\\\/anivet.lt\\\/elparduotuve\\\/\"},{\"@type\":\"ListItem\",\"position\":2,\"name\":\"Produktai\",\"item\":\"https:\\\/\\\/anivet.lt\\\/elparduotuve\\\/produktai\\\/\"},{\"@type\":\"ListItem\",\"position\":3,\"name\":\"PRIMAL IBERIAN Ancestral Grassland de\u0161ra \u0161unims 1kg\"}]},{\"@type\":\"WebSite\",\"@id\":\"https:\\\/\\\/anivet.lt\\\/elparduotuve\\\/#website\",\"url\":\"https:\\\/\\\/anivet.lt\\\/elparduotuve\\\/\",\"name\":\"anivet.lt\",\"description\":\"Viskas J\u016bs\u0173 \u0161uns, kat\u0117s prie\u017ei\u016brai\",\"publisher\":{\"@id\":\"https:\\\/\\\/anivet.lt\\\/elparduotuve\\\/#organization\"},\"alternateName\":\"Viskas J\u016bs\u0173 \u0161uns, kat\u0117s prie\u017ei\u016brai\",\"potentialAction\":[{\"@type\":\"SearchAction\",\"target\":{\"@type\":\"EntryPoint\",\"urlTemplate\":\"https:\\\/\\\/anivet.lt\\\/elparduotuve\\\/?s={search_term_string}\"},\"query-input\":{\"@type\":\"PropertyValueSpecification\",\"valueRequired\":true,\"valueName\":\"search_term_string\"}}],\"inLanguage\":\"lt-LT\"},{\"@type\":\"Organization\",\"@id\":\"https:\\\/\\\/anivet.lt\\\/elparduotuve\\\/#organization\",\"name\":\"Viskas J\u016bs\u0173 \u0161uns, kat\u0117s prie\u017ei\u016brai\",\"url\":\"https:\\\/\\\/anivet.lt\\\/elparduotuve\\\/\",\"logo\":{\"@type\":\"ImageObject\",\"inLanguage\":\"lt-LT\",\"@id\":\"https:\\\/\\\/anivet.lt\\\/elparduotuve\\\/#\\\/schema\\\/logo\\\/image\\\/\",\"url\":\"https:\\\/\\\/anivet.lt\\\/elparduotuve\\\/wp-content\\\/uploads\\\/2023\\\/06\\\/logo2.jpg\",\"contentUrl\":\"https:\\\/\\\/anivet.lt\\\/elparduotuve\\\/wp-content\\\/uploads\\\/2023\\\/06\\\/logo2.jpg\",\"width\":655,\"height\":194,\"caption\":\"Viskas J\u016bs\u0173 \u0161uns, kat\u0117s prie\u017ei\u016brai\"},\"image\":{\"@id\":\"https:\\\/\\\/anivet.lt\\\/elparduotuve\\\/#\\\/schema\\\/logo\\\/image\\\/\"}}]}<\/script>\n<!-- \/ Yoast SEO Premium plugin. -->","yoast_head_json":{"title":"PRIMAL IBERIAN Ancestral Grassland de\u0161ra \u0161unims 1kg - anivet.lt","description":"PRIMAL Iberian Ancestral Grassland de\u0161ra yra auk\u0161\u010diausios kokyb\u0117s nat\u016bralus maistas, skirtas \u0161unims. Produktas pagamintas i\u0161 kruop\u0161\u010diai atrinkt\u0173 Iberijos regiono m\u0117sos ingredient\u0173, u\u017etikrinant grynum\u0105 ir i\u0161skirtin\u012f skon\u012f. De\u0161ra neturi dirbtini\u0173 konservant\u0173, da\u017eikli\u0173 ar skonio stiprikli\u0173, tod\u0117l puikiai tinka kasdieniam \u0161uns racionui praturtinti.","robots":{"index":"index","follow":"follow","max-snippet":"max-snippet:-1","max-image-preview":"max-image-preview:large","max-video-preview":"max-video-preview:-1"},"canonical":"https:\/\/anivet.lt\/elparduotuve\/produktas\/primal-iberian-ancestral-grassland-desra-sunims-1kg\/","og_locale":"lt_LT","og_type":"article","og_title":"PRIMAL IBERIAN Ancestral Grassland de\u0161ra \u0161unims 1kg","og_description":"PRIMAL Iberian Ancestral Grassland de\u0161ra yra auk\u0161\u010diausios kokyb\u0117s nat\u016bralus maistas, skirtas \u0161unims. Produktas pagamintas i\u0161 kruop\u0161\u010diai atrinkt\u0173 Iberijos regiono m\u0117sos ingredient\u0173, u\u017etikrinant grynum\u0105 ir i\u0161skirtin\u012f skon\u012f. De\u0161ra neturi dirbtini\u0173 konservant\u0173, da\u017eikli\u0173 ar skonio stiprikli\u0173, tod\u0117l puikiai tinka kasdieniam \u0161uns racionui praturtinti.","og_url":"https:\/\/anivet.lt\/elparduotuve\/produktas\/primal-iberian-ancestral-grassland-desra-sunims-1kg\/","og_site_name":"anivet.lt","article_modified_time":"2026-05-06T07:56:16+00:00","og_image":[{"width":650,"height":650,"url":"https:\/\/anivet.lt\/elparduotuve\/wp-content\/uploads\/2025\/06\/PRIMAL-IBERIAN-Ancestral-Grassland-desra-sunims-1kg.jpg","type":"image\/jpeg"}],"twitter_card":"summary_large_image","twitter_misc":{"Est. reading time":"1 minut\u0117"},"schema":{"@context":"https:\/\/schema.org","@graph":[{"@type":"WebPage","@id":"https:\/\/anivet.lt\/elparduotuve\/produktas\/primal-iberian-ancestral-grassland-desra-sunims-1kg\/","url":"https:\/\/anivet.lt\/elparduotuve\/produktas\/primal-iberian-ancestral-grassland-desra-sunims-1kg\/","name":"PRIMAL IBERIAN Ancestral Grassland de\u0161ra \u0161unims 1kg - anivet.lt","isPartOf":{"@id":"https:\/\/anivet.lt\/elparduotuve\/#website"},"primaryImageOfPage":{"@id":"https:\/\/anivet.lt\/elparduotuve\/produktas\/primal-iberian-ancestral-grassland-desra-sunims-1kg\/#primaryimage"},"image":{"@id":"https:\/\/anivet.lt\/elparduotuve\/produktas\/primal-iberian-ancestral-grassland-desra-sunims-1kg\/#primaryimage"},"thumbnailUrl":"https:\/\/anivet.lt\/elparduotuve\/wp-content\/uploads\/2025\/06\/PRIMAL-IBERIAN-Ancestral-Grassland-desra-sunims-1kg.jpg","datePublished":"2025-06-17T10:59:17+00:00","dateModified":"2026-05-06T07:56:16+00:00","description":"PRIMAL Iberian Ancestral Grassland de\u0161ra yra auk\u0161\u010diausios kokyb\u0117s nat\u016bralus maistas, skirtas \u0161unims. Produktas pagamintas i\u0161 kruop\u0161\u010diai atrinkt\u0173 Iberijos regiono m\u0117sos ingredient\u0173, u\u017etikrinant grynum\u0105 ir i\u0161skirtin\u012f skon\u012f. De\u0161ra neturi dirbtini\u0173 konservant\u0173, da\u017eikli\u0173 ar skonio stiprikli\u0173, tod\u0117l puikiai tinka kasdieniam \u0161uns racionui praturtinti.","breadcrumb":{"@id":"https:\/\/anivet.lt\/elparduotuve\/produktas\/primal-iberian-ancestral-grassland-desra-sunims-1kg\/#breadcrumb"},"inLanguage":"lt-LT","potentialAction":[{"@type":"ReadAction","target":["https:\/\/anivet.lt\/elparduotuve\/produktas\/primal-iberian-ancestral-grassland-desra-sunims-1kg\/"]}]},{"@type":"ImageObject","inLanguage":"lt-LT","@id":"https:\/\/anivet.lt\/elparduotuve\/produktas\/primal-iberian-ancestral-grassland-desra-sunims-1kg\/#primaryimage","url":"https:\/\/anivet.lt\/elparduotuve\/wp-content\/uploads\/2025\/06\/PRIMAL-IBERIAN-Ancestral-Grassland-desra-sunims-1kg.jpg","contentUrl":"https:\/\/anivet.lt\/elparduotuve\/wp-content\/uploads\/2025\/06\/PRIMAL-IBERIAN-Ancestral-Grassland-desra-sunims-1kg.jpg","width":650,"height":650,"caption":"PRIMAL IBERIAN Ancestral Grassland de\u0161ra \u0161unims 1kg"},{"@type":"BreadcrumbList","@id":"https:\/\/anivet.lt\/elparduotuve\/produktas\/primal-iberian-ancestral-grassland-desra-sunims-1kg\/#breadcrumb","itemListElement":[{"@type":"ListItem","position":1,"name":"Home","item":"https:\/\/anivet.lt\/elparduotuve\/"},{"@type":"ListItem","position":2,"name":"Produktai","item":"https:\/\/anivet.lt\/elparduotuve\/produktai\/"},{"@type":"ListItem","position":3,"name":"PRIMAL IBERIAN Ancestral Grassland de\u0161ra \u0161unims 1kg"}]},{"@type":"WebSite","@id":"https:\/\/anivet.lt\/elparduotuve\/#website","url":"https:\/\/anivet.lt\/elparduotuve\/","name":"anivet.lt","description":"Viskas J\u016bs\u0173 \u0161uns, kat\u0117s prie\u017ei\u016brai","publisher":{"@id":"https:\/\/anivet.lt\/elparduotuve\/#organization"},"alternateName":"Viskas J\u016bs\u0173 \u0161uns, kat\u0117s prie\u017ei\u016brai","potentialAction":[{"@type":"SearchAction","target":{"@type":"EntryPoint","urlTemplate":"https:\/\/anivet.lt\/elparduotuve\/?s={search_term_string}"},"query-input":{"@type":"PropertyValueSpecification","valueRequired":true,"valueName":"search_term_string"}}],"inLanguage":"lt-LT"},{"@type":"Organization","@id":"https:\/\/anivet.lt\/elparduotuve\/#organization","name":"Viskas J\u016bs\u0173 \u0161uns, kat\u0117s prie\u017ei\u016brai","url":"https:\/\/anivet.lt\/elparduotuve\/","logo":{"@type":"ImageObject","inLanguage":"lt-LT","@id":"https:\/\/anivet.lt\/elparduotuve\/#\/schema\/logo\/image\/","url":"https:\/\/anivet.lt\/elparduotuve\/wp-content\/uploads\/2023\/06\/logo2.jpg","contentUrl":"https:\/\/anivet.lt\/elparduotuve\/wp-content\/uploads\/2023\/06\/logo2.jpg","width":655,"height":194,"caption":"Viskas J\u016bs\u0173 \u0161uns, kat\u0117s prie\u017ei\u016brai"},"image":{"@id":"https:\/\/anivet.lt\/elparduotuve\/#\/schema\/logo\/image\/"}}]}},"_links":{"self":[{"href":"https:\/\/anivet.lt\/elparduotuve\/wp-json\/wp\/v2\/product\/18115","targetHints":{"allow":["GET"]}}],"collection":[{"href":"https:\/\/anivet.lt\/elparduotuve\/wp-json\/wp\/v2\/product"}],"about":[{"href":"https:\/\/anivet.lt\/elparduotuve\/wp-json\/wp\/v2\/types\/product"}],"wp:featuredmedia":[{"embeddable":true,"href":"https:\/\/anivet.lt\/elparduotuve\/wp-json\/wp\/v2\/media\/18116"}],"wp:attachment":[{"href":"https:\/\/anivet.lt\/elparduotuve\/wp-json\/wp\/v2\/media?parent=18115"}],"wp:term":[{"taxonomy":"product_brand","embeddable":true,"href":"https:\/\/anivet.lt\/elparduotuve\/wp-json\/wp\/v2\/product_brand?post=18115"},{"taxonomy":"product_cat","embeddable":true,"href":"https:\/\/anivet.lt\/elparduotuve\/wp-json\/wp\/v2\/product_cat?post=18115"},{"taxonomy":"product_tag","embeddable":true,"href":"https:\/\/anivet.lt\/elparduotuve\/wp-json\/wp\/v2\/product_tag?post=18115"}],"curies":[{"name":"wp","href":"https:\/\/api.w.org\/{rel}","templated":true}]}}